{"id":50357,"date":"2024-12-04T15:25:50","date_gmt":"2024-12-04T13:25:50","guid":{"rendered":"https:\/\/toidupakk.ee\/toode\/koreanski-bibimbap-z-wolowina\/"},"modified":"2026-04-29T15:31:09","modified_gmt":"2026-04-29T12:31:09","slug":"koreanski-bibimbap-z-wolowina","status":"publish","type":"product","link":"https:\/\/toidupakk.ee\/pl\/toode\/koreanski-bibimbap-z-wolowina\/","title":{"rendered":"Korea\u0144ski Bibimbap z wo\u0142owin\u0105"},"content":{"rendered":"<p>&nbsp;<\/p>\n<p><img fetchpriority=\"high\" decoding=\"async\" class=\"alignright wp-image-31830 size-thumbnail\" src=\"https:\/\/toidupakk.ee\/wp-content\/uploads\/2024\/12\/Veiseliha-Bibimbap-kauss-500x500.png\" alt=\"Korea\u0144ski bibimbap Tactical Foodpack\" width=\"500\" height=\"500\" srcset=\"https:\/\/toidupakk.ee\/wp-content\/uploads\/2024\/12\/Veiseliha-Bibimbap-kauss-500x500.png 500w, https:\/\/toidupakk.ee\/wp-content\/uploads\/2024\/12\/Veiseliha-Bibimbap-kauss-400x400.png 400w, https:\/\/toidupakk.ee\/wp-content\/uploads\/2024\/12\/Veiseliha-Bibimbap-kauss-100x100.png 100w, https:\/\/toidupakk.ee\/wp-content\/uploads\/2024\/12\/Veiseliha-Bibimbap-kauss-300x300.png 300w, https:\/\/toidupakk.ee\/wp-content\/uploads\/2024\/12\/Veiseliha-Bibimbap-kauss-768x768.png 768w, https:\/\/toidupakk.ee\/wp-content\/uploads\/2024\/12\/Veiseliha-Bibimbap-kauss.png 800w\" sizes=\"(max-width: 500px) 100vw, 500px\" \/><\/p>\n<p><strong>Korea\u0144ski Bibimbap z wo\u0142owin\u0105 Tactical Foodpack<\/strong><\/p>\n<p>Korea\u0144ski Bibimbap z wo\u0142owin\u0105 od Tactical Foodpack to idealne rozwi\u0105zanie dla os\u00f3b szukaj\u0105cych smacznego i po\u017cywnego posi\u0142ku. To liofilizowane danie jest \u0142atwe w przygotowaniu i \u015bwietnie sprawdza si\u0119 podczas w\u0119dr\u00f3wek, przyg\u00f3d lub jako szybki posi\u0142ek w domu. <\/p>\n<h3>Dlaczego warto wybra\u0107 korea\u0144ski Bibimbap z wo\u0142owin\u0105?<\/h3>\n<p>To co\u015b wi\u0119cej ni\u017c tylko posi\u0142ek \u2013 to wygodny i satysfakcjonuj\u0105cy wyb\u00f3r. Dania Tactical Foodpack, w tym korea\u0144ski Bibimbap z wo\u0142owin\u0105, zosta\u0142y stworzone, aby zapewni\u0107 wysok\u0105 warto\u015b\u0107 od\u017cywcz\u0105 i energetyczn\u0105 nawet w najbardziej wymagaj\u0105cych sytuacjach. Oto kilka powod\u00f3w, dla kt\u00f3rych ten produkt powinien by\u0107 Twoim kolejnym wyborem:  <\/p>\n<ul>\n<li><strong>\u0141atwe przygotowanie:<\/strong> Dodaj tylko 300 ml gor\u0105cej wody i odczekaj 8 minut. Szybkie i wygodne rozwi\u0105zanie, kt\u00f3re nie wymaga skomplikowanego gotowania. <\/li>\n<li><strong>Wysoka zawarto\u015b\u0107 energii:<\/strong> Jedna porcja zawiera 2231 kJ (531 kcal), aby zapewni\u0107 Ci energi\u0119 na ca\u0142y dzie\u0144.<\/li>\n<li><strong>Naturalny sk\u0142ad:<\/strong> Bez konserwant\u00f3w i sztucznych dodatk\u00f3w \u2013 tylko najlepsze sk\u0142adniki, kt\u00f3re gwarantuj\u0105 smaczny i zdrowy posi\u0142ek.<\/li>\n<li><strong>D\u0142ugi termin przydatno\u015bci:<\/strong> Najlepiej spo\u017cy\u0107 przed up\u0142ywem 8 lat od daty produkcji, co czyni go idealnym do d\u0142ugoterminowego przechowywania lub na sytuacje awaryjne.<\/li>\n<li><strong>Receptura opracowana w Estonii, dania wyprodukowane w Niemczech:<\/strong> Wysoka jako\u015b\u0107 produkcji gwarantuje, \u017ce ka\u017cdy posi\u0142ek spe\u0142nia najwy\u017csze standardy i zachowuje swoje walory smakowe nawet po latach.<\/li>\n<\/ul>\n<h3>Opis produktu: co sprawia, \u017ce korea\u0144ski Bibimbap z wo\u0142owin\u0105 jest tak wyj\u0105tkowy?<\/h3>\n<p>Produkt zosta\u0142 wykonany ze starannie dobranych sk\u0142adnik\u00f3w, aby zapewni\u0107 doskona\u0142y smak i warto\u015bci od\u017cywcze. Ka\u017cde opakowanie zawiera: <\/p>\n<p class=\"p1\">Ry\u017c, mielona wo\u0142owina (20%), kukurydza, bulion wo\u0142owy, jajko, marchew, Gochujang, szczypiorek, olej rzepakowy, sos sojowy w proszku (soja, pszenica, s\u00f3l, maltodekstryna), woda, majonez (olej rzepakowy, woda, \u017c\u00f3\u0142tko jaja, cukier, skrobia kukurydziana, ocet, gorczyca, s\u00f3l, substancja zag\u0119szczaj\u0105ca: guma guar, przyprawy), cukier, czosnek, s\u00f3l jodowana.<\/p>\n<h3>Zalety liofilizacji<\/h3>\n<p>Liofilizacja to proces, kt\u00f3ry zachowuje \u015bwie\u017co\u015b\u0107, tekstur\u0119 i warto\u015bci od\u017cywcze \u017cywno\u015bci poprzez usuwanie wody w niskich temperaturach. Oznacza to, \u017ce wszystkie dania Tactical Foodpack, w tym bibimbap z wo\u0142owin\u0105, s\u0105 lekkie, kompaktowe i maj\u0105 d\u0142ugi termin przydatno\u015bci, zachowuj\u0105c przy tym wszystkie wa\u017cne witaminy i minera\u0142y. <\/p>\n<h3>Dla kogo jest to danie?<\/h3>\n<ul>\n<li><strong>Dla w\u0119drowc\u00f3w i obozowicz\u00f3w:<\/strong> \u0141atwe przygotowanie i lekkie opakowanie sprawiaj\u0105, \u017ce to doskona\u0142y wyb\u00f3r na posi\u0142ek w trasie.<\/li>\n<li><strong>Dla poszukiwaczy przyg\u00f3d i survivalowc\u00f3w:<\/strong> D\u0142ugi termin przydatno\u015bci i wysoka zawarto\u015b\u0107 energii idealnie sprawdzaj\u0105 si\u0119 w sytuacjach survivalowych i podczas d\u0142ugich wypraw.<\/li>\n<li><strong>Na szybki posi\u0142ek w domu:<\/strong> Je\u015bli brakuje Ci czasu, a chcesz zje\u015b\u0107 zdrowy i smaczny posi\u0142ek, to danie jest idealnym rozwi\u0105zaniem.<\/li>\n<\/ul>\n<h3>Informacje o produkcie i warunki przechowywania<\/h3>\n<p>Korea\u0144ski Bibimbap z wo\u0142owin\u0105 jest dost\u0119pny w opakowaniu 147 g, co stanowi optymaln\u0105 porcj\u0119 dla jednej osoby. Masa gotowego dania to 420 g. Idealna temperatura przechowywania wynosi od 10 \u00b0C do +30 \u00b0C. Dzi\u0119ki liofilizacji produkt jest trwa\u0142y i \u0142atwy w transporcie, nadaje si\u0119 zar\u00f3wno do przechowywania w domu, jak i do spakowania do plecaka.   <\/p>\n<p><img decoding=\"async\" class=\"alignnone size-full wp-image-676\" src=\"https:\/\/toidupakk.ee\/wp-content\/uploads\/2021\/12\/TF_logo_RGB-22-16-43-849.png\" alt=\"Zielone logo Tactical Foodpack\" width=\"238\" height=\"100\"><\/p>\n<h3>Posi\u0142ki Tactical Foodpack \u2013 jak u\u017cywa\u0107<\/h3>\n<p>Otw\u00f3rz opakowanie od g\u00f3ry w wyznaczonym miejscu. Wyjmij poch\u0142aniacz tlenu (ma\u0142a saszetka) i wyrzu\u0107 go do \u015bmieci. Wlej do \u015brodka wskazan\u0105 na opakowaniu ilo\u015b\u0107 gor\u0105cej wody. Dok\u0142adnie wymieszaj zawarto\u015b\u0107. Zamknij opakowanie za pomoc\u0105 strunowego zapi\u0119cia u g\u00f3ry. Odczekaj 8 minut i ciesz si\u0119 ciep\u0142ym posi\u0142kiem.     <\/p>\n<p>&nbsp;<\/p>\n<p>&nbsp;<\/p>\n<p>Zobacz wszystkie <a href=\"https:\/\/toidupakk.ee\/pl\/tootekategooria\/posilki-tactical-foodpack\/\">posi\u0142ki Tactical Foodpack<\/a><\/p>\n<p>Znajd\u017a inspiracj\u0119 na kolejne przygody na <a href=\"https:\/\/www.instagram.com\/toidupakk\/\">Instagramie<\/a> i <a href=\"https:\/\/www.facebook.com\/Toidupakk\/\">Facebooku<\/a> Toidupakk.<\/p>\n","protected":false},"excerpt":{"rendered":"<ul>\n<li>Korea\u0144ski Bibimbap z wo\u0142owin\u0105 w opakowaniu 147 g<\/li>\n<li>Masa netto 120 g (przed przygotowaniem, liofilizowane, bez p\u0142ynu)<\/li>\n<li><strong>Masa gotowego dania ok. 420 g<\/strong><\/li>\n<li>Gotowe danie \u2013 wystarczy zala\u0107 gor\u0105c\u0105 wod\u0105 i <strong>po 8 min mo\u017cesz cieszy\u0107 si\u0119 pe\u0142nowarto\u015bciowym posi\u0142kiem<\/strong><\/li>\n<li>Aby przygotowa\u0107, dodaj do opakowania 300 ml gor\u0105cej wody<\/li>\n<li><strong><span lang=\"ET\">Naturalny sk\u0142ad, nie zawiera konserwant\u00f3w ani dodatk\u00f3w<\/span><\/strong><\/li>\n<li><span lang=\"ET\">Warto\u015b\u0107 energetyczna na porcj\u0119: 2231 kJ \/ 462 kcal<\/span><\/li>\n<li>Najlepiej spo\u017cy\u0107 przed: <strong>8 lat od daty produkcji<\/strong><\/li>\n<li><strong>Esto\u0144ska receptura<\/strong>, wyprodukowano w Niemczech<\/li>\n<li>Idealna temperatura przechowywania: od 10 \u00b0C do +30 \u00b0C<\/li>\n<\/ul>\n<p><strong>Korea\u0144ski Bibimbap z wo\u0142owin\u0105 \u2013 sk\u0142adniki:<\/strong><\/p>\n<p>Ry\u017c, mielona wo\u0142owina (20%), kukurydza, bulion wo\u0142owy, jajko, marchew, Gochujang, szczypiorek, olej rzepakowy, sos sojowy w proszku (soja, pszenica, s\u00f3l, maltodekstryna), woda, majonez (olej rzepakowy, woda, \u017c\u00f3\u0142tko jaja, cukier, skrobia kukurydziana, ocet, gorczyca, s\u00f3l, substancja zag\u0119szczaj\u0105ca: guma guar, przyprawy), cukier, czosnek, s\u00f3l jodowana.<\/p>\n<p><strong>Najlepiej spo\u017cy\u0107 przed:<\/strong> 8 lat od daty produkcji<\/p>\n<p>\u2705 Dost\u0119pne w magazynie, szybka dostawa w 1\u20133 dni robocze<\/p>\n","protected":false},"featured_media":50358,"comment_status":"open","ping_status":"closed","template":"","meta":{"_acf_changed":false},"product_brand":[],"product_cat":[303,335,337,336],"product_tag":[],"class_list":{"0":"post-50357","1":"product","2":"type-product","3":"status-publish","4":"has-post-thumbnail","6":"product_cat-akcesoria-turystyczne","7":"product_cat-dania-glowne","8":"product_cat-posilki-tactical-foodpack","9":"product_cat-zywnosc-turystyczna","11":"first","12":"instock","13":"taxable","14":"shipping-taxable","15":"purchasable","16":"product-type-simple"},"bundled_by":[],"bundle_stock_status":"instock","bundle_stock_quantity":26,"bundle_virtual":false,"bundle_layout":"","bundle_add_to_cart_form_location":"","bundle_editable_in_cart":false,"bundle_sold_individually_context":"","bundle_item_grouping":"","bundle_min_size":"","bundle_max_size":"","bundle_price":[],"bundled_items":[],"bundle_sell_ids":[],"acf":[],"yoast_head":"<!-- This site is optimized with the Yoast SEO plugin v27.3 - https:\/\/yoast.com\/product\/yoast-seo-wordpress\/ -->\n<title>Korea\u0144ski Bibimbap z wo\u0142owin\u0105 - Toidupakk.ee - Tactical Foodpack toidupakid<\/title>\n<meta name=\"description\" content=\"Korea\u0144ski Bibimbap z wo\u0142owin\u0105 od Tactical Foodpack to idealne rozwi\u0105zanie dla os\u00f3b szukaj\u0105cych smacznego posi\u0142ku, kt\u00f3ry jest \u0142atwy w przygotowaniu i przyjemny w jedzeniu.\" \/>\n<meta name=\"robots\" content=\"index, follow, max-snippet:-1, max-image-preview:large, max-video-preview:-1\" \/>\n<link rel=\"canonical\" href=\"https:\/\/toidupakk.ee\/pl\/toode\/koreanski-bibimbap-z-wolowina\/\" \/>\n<meta property=\"og:locale\" content=\"pl_PL\" \/>\n<meta property=\"og:type\" content=\"article\" \/>\n<meta property=\"og:title\" content=\"Korea\u0144ski Bibimbap z wo\u0142owin\u0105 - Toidupakk.ee - Tactical Foodpack toidupakid\" \/>\n<meta property=\"og:description\" content=\"Korea\u0144ski Bibimbap z wo\u0142owin\u0105 od Tactical Foodpack to idealne rozwi\u0105zanie dla os\u00f3b szukaj\u0105cych smacznego posi\u0142ku, kt\u00f3ry jest \u0142atwy w przygotowaniu i przyjemny w jedzeniu.\" \/>\n<meta property=\"og:url\" content=\"https:\/\/toidupakk.ee\/pl\/toode\/koreanski-bibimbap-z-wolowina\/\" \/>\n<meta property=\"og:site_name\" content=\"Toidupakk.ee - Tactical Foodpack toidupakid\" \/>\n<meta property=\"article:publisher\" content=\"https:\/\/www.facebook.com\/Toidupakk\" \/>\n<meta property=\"article:modified_time\" content=\"2026-04-29T12:31:09+00:00\" \/>\n<meta property=\"og:image\" content=\"https:\/\/toidupakk.ee\/wp-content\/uploads\/2024\/12\/Veiseliha-Bibimbap-kauss.png\" \/>\n\t<meta property=\"og:image:width\" content=\"800\" \/>\n\t<meta property=\"og:image:height\" content=\"800\" \/>\n\t<meta property=\"og:image:type\" content=\"image\/png\" \/>\n<meta name=\"twitter:card\" content=\"summary_large_image\" \/>\n<meta name=\"twitter:label1\" content=\"Szacowany czas czytania\" \/>\n\t<meta name=\"twitter:data1\" content=\"3 minuty\" \/>\n<script type=\"application\/ld+json\" class=\"yoast-schema-graph\">{\"@context\":\"https:\\\/\\\/schema.org\",\"@graph\":[{\"@type\":\"WebPage\",\"@id\":\"https:\\\/\\\/toidupakk.ee\\\/pl\\\/toode\\\/koreanski-bibimbap-z-wolowina\\\/\",\"url\":\"https:\\\/\\\/toidupakk.ee\\\/pl\\\/toode\\\/koreanski-bibimbap-z-wolowina\\\/\",\"name\":\"Korea\u0144ski Bibimbap z wo\u0142owin\u0105 - Toidupakk.ee - Tactical Foodpack toidupakid\",\"isPartOf\":{\"@id\":\"https:\\\/\\\/toidupakk.ee\\\/pl\\\/#website\"},\"primaryImageOfPage\":{\"@id\":\"https:\\\/\\\/toidupakk.ee\\\/pl\\\/toode\\\/koreanski-bibimbap-z-wolowina\\\/#primaryimage\"},\"image\":{\"@id\":\"https:\\\/\\\/toidupakk.ee\\\/pl\\\/toode\\\/koreanski-bibimbap-z-wolowina\\\/#primaryimage\"},\"thumbnailUrl\":\"https:\\\/\\\/toidupakk.ee\\\/wp-content\\\/uploads\\\/2024\\\/12\\\/Veiseliha-Bibimbap-kauss.png\",\"datePublished\":\"2024-12-04T13:25:50+00:00\",\"dateModified\":\"2026-04-29T12:31:09+00:00\",\"description\":\"Korea\u0144ski Bibimbap z wo\u0142owin\u0105 od Tactical Foodpack to idealne rozwi\u0105zanie dla os\u00f3b szukaj\u0105cych smacznego posi\u0142ku, kt\u00f3ry jest \u0142atwy w przygotowaniu i przyjemny w jedzeniu.\",\"breadcrumb\":{\"@id\":\"https:\\\/\\\/toidupakk.ee\\\/pl\\\/toode\\\/koreanski-bibimbap-z-wolowina\\\/#breadcrumb\"},\"inLanguage\":\"pl-PL\",\"potentialAction\":[{\"@type\":\"ReadAction\",\"target\":[\"https:\\\/\\\/toidupakk.ee\\\/pl\\\/toode\\\/koreanski-bibimbap-z-wolowina\\\/\"]}]},{\"@type\":\"ImageObject\",\"inLanguage\":\"pl-PL\",\"@id\":\"https:\\\/\\\/toidupakk.ee\\\/pl\\\/toode\\\/koreanski-bibimbap-z-wolowina\\\/#primaryimage\",\"url\":\"https:\\\/\\\/toidupakk.ee\\\/wp-content\\\/uploads\\\/2024\\\/12\\\/Veiseliha-Bibimbap-kauss.png\",\"contentUrl\":\"https:\\\/\\\/toidupakk.ee\\\/wp-content\\\/uploads\\\/2024\\\/12\\\/Veiseliha-Bibimbap-kauss.png\",\"width\":800,\"height\":800,\"caption\":\"Korea\u0144ski bibimbap Tactical Foodpack\"},{\"@type\":\"BreadcrumbList\",\"@id\":\"https:\\\/\\\/toidupakk.ee\\\/pl\\\/toode\\\/koreanski-bibimbap-z-wolowina\\\/#breadcrumb\",\"itemListElement\":[{\"@type\":\"ListItem\",\"position\":1,\"name\":\"Avaleht\",\"item\":\"https:\\\/\\\/toidupakk.ee\\\/pl\\\/\"},{\"@type\":\"ListItem\",\"position\":2,\"name\":\"Sklep internetowy\",\"item\":\"https:\\\/\\\/toidupakk.ee\\\/pl\\\/sklep-internetowy\\\/\"},{\"@type\":\"ListItem\",\"position\":3,\"name\":\"Korea\u0144ski Bibimbap z wo\u0142owin\u0105\"}]},{\"@type\":\"WebSite\",\"@id\":\"https:\\\/\\\/toidupakk.ee\\\/pl\\\/#website\",\"url\":\"https:\\\/\\\/toidupakk.ee\\\/pl\\\/\",\"name\":\"Toidupakk.ee - Tactical Foodpack toidupakid\",\"description\":\"Tactical Foodpack k\u00fclmkuivatatud toidupakid ja matkaeined\",\"publisher\":{\"@id\":\"https:\\\/\\\/toidupakk.ee\\\/pl\\\/#organization\"},\"potentialAction\":[{\"@type\":\"SearchAction\",\"target\":{\"@type\":\"EntryPoint\",\"urlTemplate\":\"https:\\\/\\\/toidupakk.ee\\\/pl\\\/?s={search_term_string}\"},\"query-input\":{\"@type\":\"PropertyValueSpecification\",\"valueRequired\":true,\"valueName\":\"search_term_string\"}}],\"inLanguage\":\"pl-PL\"},{\"@type\":\"Organization\",\"@id\":\"https:\\\/\\\/toidupakk.ee\\\/pl\\\/#organization\",\"name\":\"Tactical Foodpack matkaeined\",\"url\":\"https:\\\/\\\/toidupakk.ee\\\/pl\\\/\",\"logo\":{\"@type\":\"ImageObject\",\"inLanguage\":\"pl-PL\",\"@id\":\"https:\\\/\\\/toidupakk.ee\\\/pl\\\/#\\\/schema\\\/logo\\\/image\\\/\",\"url\":\"https:\\\/\\\/toidupakk.ee\\\/wp-content\\\/uploads\\\/2022\\\/01\\\/Toidupakk-matkapood-logo-transparent.png\",\"contentUrl\":\"https:\\\/\\\/toidupakk.ee\\\/wp-content\\\/uploads\\\/2022\\\/01\\\/Toidupakk-matkapood-logo-transparent.png\",\"width\":500,\"height\":500,\"caption\":\"Tactical Foodpack matkaeined\"},\"image\":{\"@id\":\"https:\\\/\\\/toidupakk.ee\\\/pl\\\/#\\\/schema\\\/logo\\\/image\\\/\"},\"sameAs\":[\"https:\\\/\\\/www.facebook.com\\\/Toidupakk\",\"https:\\\/\\\/www.instagram.com\\\/toidupakk\\\/\"]}]}<\/script>\n<!-- \/ Yoast SEO plugin. -->","yoast_head_json":{"title":"Korea\u0144ski Bibimbap z wo\u0142owin\u0105 - Toidupakk.ee - Tactical Foodpack toidupakid","description":"Korea\u0144ski Bibimbap z wo\u0142owin\u0105 od Tactical Foodpack to idealne rozwi\u0105zanie dla os\u00f3b szukaj\u0105cych smacznego posi\u0142ku, kt\u00f3ry jest \u0142atwy w przygotowaniu i przyjemny w jedzeniu.","robots":{"index":"index","follow":"follow","max-snippet":"max-snippet:-1","max-image-preview":"max-image-preview:large","max-video-preview":"max-video-preview:-1"},"canonical":"https:\/\/toidupakk.ee\/pl\/toode\/koreanski-bibimbap-z-wolowina\/","og_locale":"pl_PL","og_type":"article","og_title":"Korea\u0144ski Bibimbap z wo\u0142owin\u0105 - Toidupakk.ee - Tactical Foodpack toidupakid","og_description":"Korea\u0144ski Bibimbap z wo\u0142owin\u0105 od Tactical Foodpack to idealne rozwi\u0105zanie dla os\u00f3b szukaj\u0105cych smacznego posi\u0142ku, kt\u00f3ry jest \u0142atwy w przygotowaniu i przyjemny w jedzeniu.","og_url":"https:\/\/toidupakk.ee\/pl\/toode\/koreanski-bibimbap-z-wolowina\/","og_site_name":"Toidupakk.ee - Tactical Foodpack toidupakid","article_publisher":"https:\/\/www.facebook.com\/Toidupakk","article_modified_time":"2026-04-29T12:31:09+00:00","og_image":[{"width":800,"height":800,"url":"https:\/\/toidupakk.ee\/wp-content\/uploads\/2024\/12\/Veiseliha-Bibimbap-kauss.png","type":"image\/png"}],"twitter_card":"summary_large_image","twitter_misc":{"Szacowany czas czytania":"3 minuty"},"schema":{"@context":"https:\/\/schema.org","@graph":[{"@type":"WebPage","@id":"https:\/\/toidupakk.ee\/pl\/toode\/koreanski-bibimbap-z-wolowina\/","url":"https:\/\/toidupakk.ee\/pl\/toode\/koreanski-bibimbap-z-wolowina\/","name":"Korea\u0144ski Bibimbap z wo\u0142owin\u0105 - Toidupakk.ee - Tactical Foodpack toidupakid","isPartOf":{"@id":"https:\/\/toidupakk.ee\/pl\/#website"},"primaryImageOfPage":{"@id":"https:\/\/toidupakk.ee\/pl\/toode\/koreanski-bibimbap-z-wolowina\/#primaryimage"},"image":{"@id":"https:\/\/toidupakk.ee\/pl\/toode\/koreanski-bibimbap-z-wolowina\/#primaryimage"},"thumbnailUrl":"https:\/\/toidupakk.ee\/wp-content\/uploads\/2024\/12\/Veiseliha-Bibimbap-kauss.png","datePublished":"2024-12-04T13:25:50+00:00","dateModified":"2026-04-29T12:31:09+00:00","description":"Korea\u0144ski Bibimbap z wo\u0142owin\u0105 od Tactical Foodpack to idealne rozwi\u0105zanie dla os\u00f3b szukaj\u0105cych smacznego posi\u0142ku, kt\u00f3ry jest \u0142atwy w przygotowaniu i przyjemny w jedzeniu.","breadcrumb":{"@id":"https:\/\/toidupakk.ee\/pl\/toode\/koreanski-bibimbap-z-wolowina\/#breadcrumb"},"inLanguage":"pl-PL","potentialAction":[{"@type":"ReadAction","target":["https:\/\/toidupakk.ee\/pl\/toode\/koreanski-bibimbap-z-wolowina\/"]}]},{"@type":"ImageObject","inLanguage":"pl-PL","@id":"https:\/\/toidupakk.ee\/pl\/toode\/koreanski-bibimbap-z-wolowina\/#primaryimage","url":"https:\/\/toidupakk.ee\/wp-content\/uploads\/2024\/12\/Veiseliha-Bibimbap-kauss.png","contentUrl":"https:\/\/toidupakk.ee\/wp-content\/uploads\/2024\/12\/Veiseliha-Bibimbap-kauss.png","width":800,"height":800,"caption":"Korea\u0144ski bibimbap Tactical Foodpack"},{"@type":"BreadcrumbList","@id":"https:\/\/toidupakk.ee\/pl\/toode\/koreanski-bibimbap-z-wolowina\/#breadcrumb","itemListElement":[{"@type":"ListItem","position":1,"name":"Avaleht","item":"https:\/\/toidupakk.ee\/pl\/"},{"@type":"ListItem","position":2,"name":"Sklep internetowy","item":"https:\/\/toidupakk.ee\/pl\/sklep-internetowy\/"},{"@type":"ListItem","position":3,"name":"Korea\u0144ski Bibimbap z wo\u0142owin\u0105"}]},{"@type":"WebSite","@id":"https:\/\/toidupakk.ee\/pl\/#website","url":"https:\/\/toidupakk.ee\/pl\/","name":"Toidupakk.ee - Tactical Foodpack toidupakid","description":"Tactical Foodpack k\u00fclmkuivatatud toidupakid ja matkaeined","publisher":{"@id":"https:\/\/toidupakk.ee\/pl\/#organization"},"potentialAction":[{"@type":"SearchAction","target":{"@type":"EntryPoint","urlTemplate":"https:\/\/toidupakk.ee\/pl\/?s={search_term_string}"},"query-input":{"@type":"PropertyValueSpecification","valueRequired":true,"valueName":"search_term_string"}}],"inLanguage":"pl-PL"},{"@type":"Organization","@id":"https:\/\/toidupakk.ee\/pl\/#organization","name":"Tactical Foodpack matkaeined","url":"https:\/\/toidupakk.ee\/pl\/","logo":{"@type":"ImageObject","inLanguage":"pl-PL","@id":"https:\/\/toidupakk.ee\/pl\/#\/schema\/logo\/image\/","url":"https:\/\/toidupakk.ee\/wp-content\/uploads\/2022\/01\/Toidupakk-matkapood-logo-transparent.png","contentUrl":"https:\/\/toidupakk.ee\/wp-content\/uploads\/2022\/01\/Toidupakk-matkapood-logo-transparent.png","width":500,"height":500,"caption":"Tactical Foodpack matkaeined"},"image":{"@id":"https:\/\/toidupakk.ee\/pl\/#\/schema\/logo\/image\/"},"sameAs":["https:\/\/www.facebook.com\/Toidupakk","https:\/\/www.instagram.com\/toidupakk\/"]}]}},"jetpack_sharing_enabled":true,"_links":{"self":[{"href":"https:\/\/toidupakk.ee\/pl\/wp-json\/wp\/v2\/product\/50357","targetHints":{"allow":["GET"]}}],"collection":[{"href":"https:\/\/toidupakk.ee\/pl\/wp-json\/wp\/v2\/product"}],"about":[{"href":"https:\/\/toidupakk.ee\/pl\/wp-json\/wp\/v2\/types\/product"}],"replies":[{"embeddable":true,"href":"https:\/\/toidupakk.ee\/pl\/wp-json\/wp\/v2\/comments?post=50357"}],"wp:featuredmedia":[{"embeddable":true,"href":"https:\/\/toidupakk.ee\/pl\/wp-json\/wp\/v2\/media\/50358"}],"wp:attachment":[{"href":"https:\/\/toidupakk.ee\/pl\/wp-json\/wp\/v2\/media?parent=50357"}],"wp:term":[{"taxonomy":"product_brand","embeddable":true,"href":"https:\/\/toidupakk.ee\/pl\/wp-json\/wp\/v2\/product_brand?post=50357"},{"taxonomy":"product_cat","embeddable":true,"href":"https:\/\/toidupakk.ee\/pl\/wp-json\/wp\/v2\/product_cat?post=50357"},{"taxonomy":"product_tag","embeddable":true,"href":"https:\/\/toidupakk.ee\/pl\/wp-json\/wp\/v2\/product_tag?post=50357"}],"curies":[{"name":"wp","href":"https:\/\/api.w.org\/{rel}","templated":true}]}}