{"id":50341,"date":"2024-12-16T14:16:56","date_gmt":"2024-12-16T12:16:56","guid":{"rendered":"https:\/\/toidupakk.ee\/toode\/powerbank-20-000-mah-silicon-power\/"},"modified":"2026-04-29T16:31:23","modified_gmt":"2026-04-29T13:31:23","slug":"powerbank-20-000-mah-silicon-power","status":"publish","type":"product","link":"https:\/\/toidupakk.ee\/pl\/toode\/powerbank-20-000-mah-silicon-power\/","title":{"rendered":"Powerbank 20 000 mAh Silicon Power"},"content":{"rendered":"<p>&nbsp;<\/p>\n<p><img fetchpriority=\"high\" decoding=\"async\" class=\"alignnone size-full wp-image-30072\" src=\"https:\/\/toidupakk.ee\/wp-content\/uploads\/2024\/12\/QS28_kv.jpg\" alt=\"\" width=\"1080\" height=\"773\" srcset=\"https:\/\/toidupakk.ee\/wp-content\/uploads\/2024\/12\/QS28_kv.jpg 1080w, https:\/\/toidupakk.ee\/wp-content\/uploads\/2024\/12\/QS28_kv-800x573.jpg 800w, https:\/\/toidupakk.ee\/wp-content\/uploads\/2024\/12\/QS28_kv-300x215.jpg 300w, https:\/\/toidupakk.ee\/wp-content\/uploads\/2024\/12\/QS28_kv-1024x733.jpg 1024w, https:\/\/toidupakk.ee\/wp-content\/uploads\/2024\/12\/QS28_kv-768x550.jpg 768w\" sizes=\"(max-width: 1080px) 100vw, 1080px\" \/><\/p>\n<p style=\"text-align: left;\"><strong>Powerbank 20 000 mAh Silicon Power \u2013 potr\u00f3jne rozwi\u0105zanie szybkiego \u0142adowania<\/strong><br \/>\nPowerbank 20 000 mAh Silicon Power to doskona\u0142e rozwi\u0105zanie do szybkiego \u0142adowania, obs\u0142uguj\u0105ce trzy r\u00f3\u017cne systemy o wysokiej pr\u0119dko\u015bci. \u0141aduj do 2,5 raza szybciej dzi\u0119ki 18 W Power Delivery (PD) przez port USB-C lub QC3.0 i 22,5 W Super Charge (w modelach Huawei) przez port USB-A. Niezale\u017cnie od systemu, ten powerbank zawsze utrzyma baterie Twoich urz\u0105dze\u0144 w zielonej strefie.  <\/p>\n<p>&nbsp;<\/p>\n<p><img decoding=\"async\" class=\"alignnone size-full wp-image-30073\" src=\"https:\/\/toidupakk.ee\/wp-content\/uploads\/2024\/12\/QS28_Feature1.jpg\" alt=\"\" width=\"1080\" height=\"718\" srcset=\"https:\/\/toidupakk.ee\/wp-content\/uploads\/2024\/12\/QS28_Feature1.jpg 1080w, https:\/\/toidupakk.ee\/wp-content\/uploads\/2024\/12\/QS28_Feature1-800x532.jpg 800w, https:\/\/toidupakk.ee\/wp-content\/uploads\/2024\/12\/QS28_Feature1-300x199.jpg 300w, https:\/\/toidupakk.ee\/wp-content\/uploads\/2024\/12\/QS28_Feature1-1024x681.jpg 1024w, https:\/\/toidupakk.ee\/wp-content\/uploads\/2024\/12\/QS28_Feature1-768x511.jpg 768w\" sizes=\"(max-width: 1080px) 100vw, 1080px\" \/><\/p>\n<h2>Mo\u017cliwo\u015bci zastosowania powerbanku 20 000 mAh Silicon Power<\/h2>\n<p><strong>Idealny do:<\/strong><\/p>\n<p><strong>Do codziennego u\u017cytku<\/strong> \u2013 w szkole, pracy lub domu.<br \/>\n<strong>Na wycieczki i podr\u00f3\u017ce<\/strong> \u2013 lekka i kompaktowa konstrukcja.<br \/>\n<strong>Jako zasilanie awaryjne<\/strong> \u2013 pewny wyb\u00f3r w nag\u0142ych sytuacjach.<\/p>\n<p><img decoding=\"async\" class=\"alignnone size-full wp-image-30074\" src=\"https:\/\/toidupakk.ee\/wp-content\/uploads\/2024\/12\/QS28_Feature2.jpg\" alt=\"\" width=\"1080\" height=\"781\" srcset=\"https:\/\/toidupakk.ee\/wp-content\/uploads\/2024\/12\/QS28_Feature2.jpg 1080w, https:\/\/toidupakk.ee\/wp-content\/uploads\/2024\/12\/QS28_Feature2-800x579.jpg 800w, https:\/\/toidupakk.ee\/wp-content\/uploads\/2024\/12\/QS28_Feature2-300x217.jpg 300w, https:\/\/toidupakk.ee\/wp-content\/uploads\/2024\/12\/QS28_Feature2-1024x741.jpg 1024w, https:\/\/toidupakk.ee\/wp-content\/uploads\/2024\/12\/QS28_Feature2-768x555.jpg 768w\" sizes=\"(max-width: 1080px) 100vw, 1080px\" \/><\/p>\n<h1>Dlaczego warto wybra\u0107 powerbank 20 000 mAh Silicon Power?<\/h1>\n<p><strong>Du\u017ca pojemno\u015b\u0107:<\/strong> \u0142aduje smartfony do 4\u20136 razy.<br \/>\n<strong>USB-C i Quick Charge 3.0:<\/strong> zapewnia szybkie \u0142adowanie do 18 W.<br \/>\n<strong>Podw\u00f3jne wej\u015bcie:<\/strong> umo\u017cliwia \u0142adowanie przez USB-C i Micro-USB.<br \/>\n<strong>\u0141adowanie trzech urz\u0105dze\u0144:<\/strong> \u0142aduj 3 urz\u0105dzenia jednocze\u015bnie.<br \/>\n<strong>Wska\u017anik LED:<\/strong> precyzyjnie pokazuje stan baterii.<\/p>\n<p>Miej swoje urz\u0105dzenia zawsze w gotowo\u015bci. Dzi\u0119ki wielu wyj\u015bciom ten powerbank szybko stanie si\u0119 Twoim ulubionym przeno\u015bnym \u017ar\u00f3d\u0142em energii. Mo\u017cesz nawet podzieli\u0107 si\u0119 portem lub dwoma ze znajomym.  <\/p>\n<p><img loading=\"lazy\" decoding=\"async\" class=\"alignnone size-full wp-image-30075\" src=\"https:\/\/toidupakk.ee\/wp-content\/uploads\/2024\/12\/QS28_Feature3.jpg\" alt=\"\" width=\"1080\" height=\"778\" srcset=\"https:\/\/toidupakk.ee\/wp-content\/uploads\/2024\/12\/QS28_Feature3.jpg 1080w, https:\/\/toidupakk.ee\/wp-content\/uploads\/2024\/12\/QS28_Feature3-800x576.jpg 800w, https:\/\/toidupakk.ee\/wp-content\/uploads\/2024\/12\/QS28_Feature3-300x216.jpg 300w, https:\/\/toidupakk.ee\/wp-content\/uploads\/2024\/12\/QS28_Feature3-1024x738.jpg 1024w, https:\/\/toidupakk.ee\/wp-content\/uploads\/2024\/12\/QS28_Feature3-768x553.jpg 768w\" sizes=\"(max-width: 1080px) 100vw, 1080px\" \/><\/p>\n<p>&nbsp;<\/p>\n<p><strong>Potr\u00f3jna moc wej\u015bciowa<\/strong><br \/>\nDla maksymalnej wygody powerbank wyposa\u017cono w trzy r\u00f3\u017cne wej\u015bcia \u2013 USB-C, Lightning oraz Micro-USB. Wej\u015bcie USB-C idealnie pasuje do rosn\u0105cej liczby urz\u0105dze\u0144 mobilnych, kt\u00f3re przesz\u0142y z Micro-USB na USB-C, i oferuje szybkie \u0142adowanie przy u\u017cyciu odpowiedniego adaptera. Wej\u015bcie Lightning to idealne rozwi\u0105zanie dla u\u017cytkownik\u00f3w urz\u0105dze\u0144 Apple, zapewniaj\u0105ce wygodne i szybkie \u0142adowanie.  <\/p>\n<p><img loading=\"lazy\" decoding=\"async\" class=\"alignnone size-full wp-image-30076\" src=\"https:\/\/toidupakk.ee\/wp-content\/uploads\/2024\/12\/QS28_Feature4.jpg\" alt=\"\" width=\"1080\" height=\"793\" srcset=\"https:\/\/toidupakk.ee\/wp-content\/uploads\/2024\/12\/QS28_Feature4.jpg 1080w, https:\/\/toidupakk.ee\/wp-content\/uploads\/2024\/12\/QS28_Feature4-800x587.jpg 800w, https:\/\/toidupakk.ee\/wp-content\/uploads\/2024\/12\/QS28_Feature4-300x220.jpg 300w, https:\/\/toidupakk.ee\/wp-content\/uploads\/2024\/12\/QS28_Feature4-1024x752.jpg 1024w, https:\/\/toidupakk.ee\/wp-content\/uploads\/2024\/12\/QS28_Feature4-768x564.jpg 768w\" sizes=\"(max-width: 1080px) 100vw, 1080px\" \/><\/p>\n<p><img loading=\"lazy\" decoding=\"async\" class=\"alignnone size-full wp-image-27227\" src=\"https:\/\/toidupakk.ee\/wp-content\/uploads\/2024\/09\/QX55_smartSENSE.jpg\" alt=\"\" width=\"1080\" height=\"800\" srcset=\"https:\/\/toidupakk.ee\/wp-content\/uploads\/2024\/09\/QX55_smartSENSE.jpg 1080w, https:\/\/toidupakk.ee\/wp-content\/uploads\/2024\/09\/QX55_smartSENSE-800x593.jpg 800w, https:\/\/toidupakk.ee\/wp-content\/uploads\/2024\/09\/QX55_smartSENSE-300x222.jpg 300w, https:\/\/toidupakk.ee\/wp-content\/uploads\/2024\/09\/QX55_smartSENSE-1024x759.jpg 1024w, https:\/\/toidupakk.ee\/wp-content\/uploads\/2024\/09\/QX55_smartSENSE-768x569.jpg 768w\" sizes=\"(max-width: 1080px) 100vw, 1080px\" \/><\/p>\n<div class=\"flex-shrink-0 flex flex-col relative items-end\">\n<div>\n<div class=\"pt-0\">\n<div class=\"gizmo-bot-avatar flex h-8 w-8 items-center justify-center overflow-hidden rounded-full\">\n<div class=\"relative p-1 rounded-sm flex items-center justify-center bg-token-main-surface-primary text-token-text-primary h-8 w-8\"><\/div>\n<\/div>\n<\/div>\n<\/div>\n<\/div>\n<div class=\"group\/conversation-turn relative flex w-full min-w-0 flex-col agent-turn\">\n<div class=\"flex-col gap-1 md:gap-3\">\n<div class=\"flex max-w-full flex-col flex-grow\">\n<div class=\"min-h-8 text-message flex w-full flex-col items-end gap-2 whitespace-normal break-words [.text-message+&amp;]:mt-5\" dir=\"auto\" data-message-author-role=\"assistant\" data-message-id=\"f64baa41-5f1b-4d2a-a0a0-cf379291abd6\">\n<div class=\"flex w-full flex-col gap-1 empty:hidden first:pt-[3px]\">\n<div class=\"markdown prose w-full break-words dark:prose-invert light\">\n<p><strong>Bezpieczne i maksymalne \u0142adowanie dzi\u0119ki technologiom SP<\/strong><br \/>\n<strong>smartSENSE:<\/strong> intuicyjna i uniwersalna technologia \u0142adowania, kt\u00f3ra maksymalizuje pr\u0119dko\u015b\u0107 i automatycznie dopasowuje si\u0119 do niemal ka\u017cdego urz\u0105dzenia. Zapewnia szybkie i wydajne \u0142adowanie bez wzgl\u0119du na to, czego u\u017cywasz. <\/p>\n<hr>\n<hr>\n<p>Zobacz wszystkie powerbanki <a href=\"https:\/\/toidupakk.ee\/pl\/tootekategooria\/powerbanki\/\">TUTAJ<\/a><\/p>\n<p>Interesuj\u0105 Ci\u0119 posi\u0142ki turystyczne? Zobacz <a href=\"https:\/\/toidupakk.ee\/pl\/tootekategooria\/dania-glowne\/\">TUTAJ<\/a><\/p>\n<p>Znajd\u017a inspiracj\u0119 na kolejne przygody na <a href=\"https:\/\/www.instagram.com\/toidupakk\/\">Instagramie<\/a> i <a href=\"https:\/\/www.facebook.com\/Toidupakk\/\">Facebooku<\/a> Toidupakk.<\/p>\n<\/div>\n<\/div>\n<\/div>\n<\/div>\n<\/div>\n<\/div>\n","protected":false},"excerpt":{"rendered":"<ul>\n<li><strong>Pot\u0119\u017cna bateria:<\/strong> pojemno\u015b\u0107 20 000 mAh pozwala na 4\u20136 pe\u0142nych cykli \u0142adowania niemal wszystkich smartfon\u00f3w.<\/li>\n<li><strong>Dopuszczony do transportu lotniczego<\/strong><\/li>\n<li><strong>Szybkie \u0142adowanie:<\/strong> \u0142aduj do 2,5 raza szybciej dzi\u0119ki trzem r\u00f3\u017cnym systemom szybkiego \u0142adowania:\n<ul>\n<li>Port USB-C obs\u0142uguje 18 W Power Delivery (PD)<\/li>\n<li>Port USB-A obs\u0142uguje QC3.0 i 22,5 W Super Charge (dla modeli Huawei)<br \/>\n*Aby korzysta\u0107 z szybkiego \u0142adowania, do powerbanku mo\u017ce by\u0107 pod\u0142\u0105czone tylko jedno urz\u0105dzenie naraz.<\/li>\n<\/ul>\n<\/li>\n<li><strong>Obs\u0142ugiwane urz\u0105dzenia:<\/strong>\n<ul>\n<li>PD jest kompatybilne z urz\u0105dzeniami z systemem Android oraz iOS<\/li>\n<li>QC3.0 obs\u0142uguje tylko urz\u0105dzenia z systemem Android (z wyj\u0105tkiem niekt\u00f3rych modeli Huawei i OPPO).<\/li>\n<\/ul>\n<\/li>\n<li><strong>Napi\u0119cia wyj\u015bciowe:<\/strong> USB1 (USB-A): 5 V \u2393 3 A, 9 V \u2393 2 A, 12 V \u2393 1,5 A;<br \/>\nUSB2 (USB-A): 5 V \u2393 3 A, 9 V \u2393 2 A, 12 V \u2393 1,5 A;<br \/>\nUSB-C: 5 V \u2393 3 A, 9 V \u2393 2 A, 12 V \u2393 1,5 A;<br \/>\nUSB1+USB2+USB-C: 5 V \u2393 3 A (maks.)<\/li>\n<li><strong>Interfejsy wej\u015bciowe:<\/strong> powerbank wyposa\u017cono w wej\u015bcia USB-C i Micro-USB, aby zapewni\u0107 u\u017cytkownikom maksymaln\u0105 pr\u0119dko\u015b\u0107 i wygod\u0119.<\/li>\n<li>Na\u0142aduj powerbank do pe\u0142na w 6,5 godziny przez wej\u015bcie USB-C, u\u017cywaj\u0105c adaptera do szybkiego \u0142adowania.<\/li>\n<li><strong>Kompaktowa konstrukcja:<\/strong> nowa bateria litowa o wysokiej g\u0119sto\u015bci jest mniejsza i l\u017cejsza, dzi\u0119ki czemu powerbank jest niezwykle por\u0119czny.<\/li>\n<li><strong>Szybkie \u0142adowanie wej\u015bciowe:<\/strong> przez interfejs USB-C mo\u017cliwe jest szybkie \u0142adowanie wej\u015bciowe, co skraca czas \u0142adowania powerbanku. *Do szybkiego \u0142adowania wej\u015bciowego wymagany jest adapter z obs\u0142ug\u0105 PD. <\/li>\n<li><strong>Ekran LED i przycisk funkcyjny:<\/strong> jedno naci\u015bni\u0119cie przycisku wy\u015bwietla na cyfrowym ekranie LED dok\u0142adny procent na\u0142adowania. Przycisk s\u0142u\u017cy r\u00f3wnie\u017c do \u201ewybudzania\u201d urz\u0105dze\u0144 Apple iPhone i iPad. <\/li>\n<li><strong>Kabel:<\/strong> w zestawie znajduje si\u0119 1 kabel USB-A do USB-C.<\/li>\n<li><strong>Technologia bezpiecze\u0144stwa smartSHIELD:<\/strong> obejmuje wszechstronny system ochrony, w tym ochron\u0119 przed wysokim napi\u0119ciem wej\u015bciowym i wyj\u015bciowym, ochron\u0119 pr\u0105dow\u0105, przeciwzwarciow\u0105, przed prze\u0142adowaniem urz\u0105dzenia, przed \u0142adowaniem wstecznym oraz ochron\u0119 ogniotrwa\u0142\u0105.<\/li>\n<li><strong>Gwarancja:<\/strong> 2 lata gwarancji producenta na produkt.<\/li>\n<\/ul>\n<p>\u2705 Dost\u0119pne w magazynie, szybka dostawa w 1-3 dni robocze<br \/>\n\u2705 Kup teraz, zap\u0142a\u0107 p\u00f3\u017aniej (RRSO 0%)<\/p>\n","protected":false},"featured_media":30077,"comment_status":"open","ping_status":"closed","template":"","meta":{"_acf_changed":false},"product_brand":[],"product_cat":[303,360,301],"product_tag":[],"class_list":{"0":"post-50341","1":"product","2":"type-product","3":"status-publish","4":"has-post-thumbnail","6":"product_cat-akcesoria-turystyczne","7":"product_cat-powerbanki","8":"product_cat-sprzet-turystyczny","10":"first","11":"outofstock","12":"taxable","13":"shipping-taxable","14":"purchasable","15":"product-type-simple"},"bundled_by":[],"bundle_stock_status":"outofstock","bundle_stock_quantity":0,"bundle_virtual":false,"bundle_layout":"","bundle_add_to_cart_form_location":"","bundle_editable_in_cart":false,"bundle_sold_individually_context":"","bundle_item_grouping":"","bundle_min_size":"","bundle_max_size":"","bundle_price":[],"bundled_items":[],"bundle_sell_ids":[],"acf":[],"yoast_head":"<!-- This site is optimized with the Yoast SEO plugin v27.3 - https:\/\/yoast.com\/product\/yoast-seo-wordpress\/ -->\n<title>Powerbank 20 000 mAh Silicon Power<\/title>\n<meta name=\"description\" content=\"Powerbank 20 000 mAh Silicon Power z szybkim \u0142adowaniem 22,5 W Super Charge. \u0141aduj do 3 urz\u0105dze\u0144 jednocze\u015bnie. 4\u20136 pe\u0142nych cykli \u0142adowania dla niemal wszystkich smartfon\u00f3w.\" \/>\n<meta name=\"robots\" content=\"index, follow, max-snippet:-1, max-image-preview:large, max-video-preview:-1\" \/>\n<link rel=\"canonical\" href=\"https:\/\/toidupakk.ee\/pl\/toode\/powerbank-20-000-mah-silicon-power\/\" \/>\n<meta property=\"og:locale\" content=\"pl_PL\" \/>\n<meta property=\"og:type\" content=\"article\" \/>\n<meta property=\"og:title\" content=\"Powerbank 20 000 mAh Silicon Power\" \/>\n<meta property=\"og:description\" content=\"Powerbank 20 000 mAh Silicon Power z szybkim \u0142adowaniem 22,5 W Super Charge. \u0141aduj do 3 urz\u0105dze\u0144 jednocze\u015bnie. 4\u20136 pe\u0142nych cykli \u0142adowania dla niemal wszystkich smartfon\u00f3w.\" \/>\n<meta property=\"og:url\" content=\"https:\/\/toidupakk.ee\/pl\/toode\/powerbank-20-000-mah-silicon-power\/\" \/>\n<meta property=\"og:site_name\" content=\"Toidupakk.ee - Tactical Foodpack toidupakid\" \/>\n<meta property=\"article:publisher\" content=\"https:\/\/www.facebook.com\/Toidupakk\" \/>\n<meta property=\"article:modified_time\" content=\"2026-04-29T13:31:23+00:00\" \/>\n<meta property=\"og:image\" content=\"https:\/\/toidupakk.ee\/wp-content\/uploads\/2024\/12\/20-k-akupank-silicon-power8.png\" \/>\n\t<meta property=\"og:image:width\" content=\"800\" \/>\n\t<meta property=\"og:image:height\" content=\"800\" \/>\n\t<meta property=\"og:image:type\" content=\"image\/png\" \/>\n<meta name=\"twitter:card\" content=\"summary_large_image\" \/>\n<meta name=\"twitter:label1\" content=\"Szacowany czas czytania\" \/>\n\t<meta name=\"twitter:data1\" content=\"2 minuty\" \/>\n<script type=\"application\/ld+json\" class=\"yoast-schema-graph\">{\"@context\":\"https:\\\/\\\/schema.org\",\"@graph\":[{\"@type\":\"WebPage\",\"@id\":\"https:\\\/\\\/toidupakk.ee\\\/pl\\\/toode\\\/powerbank-20-000-mah-silicon-power\\\/\",\"url\":\"https:\\\/\\\/toidupakk.ee\\\/pl\\\/toode\\\/powerbank-20-000-mah-silicon-power\\\/\",\"name\":\"Powerbank 20 000 mAh Silicon Power\",\"isPartOf\":{\"@id\":\"https:\\\/\\\/toidupakk.ee\\\/pl\\\/#website\"},\"primaryImageOfPage\":{\"@id\":\"https:\\\/\\\/toidupakk.ee\\\/pl\\\/toode\\\/powerbank-20-000-mah-silicon-power\\\/#primaryimage\"},\"image\":{\"@id\":\"https:\\\/\\\/toidupakk.ee\\\/pl\\\/toode\\\/powerbank-20-000-mah-silicon-power\\\/#primaryimage\"},\"thumbnailUrl\":\"https:\\\/\\\/toidupakk.ee\\\/wp-content\\\/uploads\\\/2024\\\/12\\\/20-k-akupank-silicon-power8.png\",\"datePublished\":\"2024-12-16T12:16:56+00:00\",\"dateModified\":\"2026-04-29T13:31:23+00:00\",\"description\":\"Powerbank 20 000 mAh Silicon Power z szybkim \u0142adowaniem 22,5 W Super Charge. \u0141aduj do 3 urz\u0105dze\u0144 jednocze\u015bnie. 4\u20136 pe\u0142nych cykli \u0142adowania dla niemal wszystkich smartfon\u00f3w.\",\"breadcrumb\":{\"@id\":\"https:\\\/\\\/toidupakk.ee\\\/pl\\\/toode\\\/powerbank-20-000-mah-silicon-power\\\/#breadcrumb\"},\"inLanguage\":\"pl-PL\",\"potentialAction\":[{\"@type\":\"ReadAction\",\"target\":[\"https:\\\/\\\/toidupakk.ee\\\/pl\\\/toode\\\/powerbank-20-000-mah-silicon-power\\\/\"]}]},{\"@type\":\"ImageObject\",\"inLanguage\":\"pl-PL\",\"@id\":\"https:\\\/\\\/toidupakk.ee\\\/pl\\\/toode\\\/powerbank-20-000-mah-silicon-power\\\/#primaryimage\",\"url\":\"https:\\\/\\\/toidupakk.ee\\\/wp-content\\\/uploads\\\/2024\\\/12\\\/20-k-akupank-silicon-power8.png\",\"contentUrl\":\"https:\\\/\\\/toidupakk.ee\\\/wp-content\\\/uploads\\\/2024\\\/12\\\/20-k-akupank-silicon-power8.png\",\"width\":800,\"height\":800},{\"@type\":\"BreadcrumbList\",\"@id\":\"https:\\\/\\\/toidupakk.ee\\\/pl\\\/toode\\\/powerbank-20-000-mah-silicon-power\\\/#breadcrumb\",\"itemListElement\":[{\"@type\":\"ListItem\",\"position\":1,\"name\":\"Avaleht\",\"item\":\"https:\\\/\\\/toidupakk.ee\\\/pl\\\/\"},{\"@type\":\"ListItem\",\"position\":2,\"name\":\"Sklep internetowy\",\"item\":\"https:\\\/\\\/toidupakk.ee\\\/pl\\\/sklep-internetowy\\\/\"},{\"@type\":\"ListItem\",\"position\":3,\"name\":\"Powerbank 20 000 mAh Silicon Power\"}]},{\"@type\":\"WebSite\",\"@id\":\"https:\\\/\\\/toidupakk.ee\\\/pl\\\/#website\",\"url\":\"https:\\\/\\\/toidupakk.ee\\\/pl\\\/\",\"name\":\"Toidupakk.ee - Tactical Foodpack toidupakid\",\"description\":\"Tactical Foodpack k\u00fclmkuivatatud toidupakid ja matkaeined\",\"publisher\":{\"@id\":\"https:\\\/\\\/toidupakk.ee\\\/pl\\\/#organization\"},\"potentialAction\":[{\"@type\":\"SearchAction\",\"target\":{\"@type\":\"EntryPoint\",\"urlTemplate\":\"https:\\\/\\\/toidupakk.ee\\\/pl\\\/?s={search_term_string}\"},\"query-input\":{\"@type\":\"PropertyValueSpecification\",\"valueRequired\":true,\"valueName\":\"search_term_string\"}}],\"inLanguage\":\"pl-PL\"},{\"@type\":\"Organization\",\"@id\":\"https:\\\/\\\/toidupakk.ee\\\/pl\\\/#organization\",\"name\":\"Tactical Foodpack matkaeined\",\"url\":\"https:\\\/\\\/toidupakk.ee\\\/pl\\\/\",\"logo\":{\"@type\":\"ImageObject\",\"inLanguage\":\"pl-PL\",\"@id\":\"https:\\\/\\\/toidupakk.ee\\\/pl\\\/#\\\/schema\\\/logo\\\/image\\\/\",\"url\":\"https:\\\/\\\/toidupakk.ee\\\/wp-content\\\/uploads\\\/2022\\\/01\\\/Toidupakk-matkapood-logo-transparent.png\",\"contentUrl\":\"https:\\\/\\\/toidupakk.ee\\\/wp-content\\\/uploads\\\/2022\\\/01\\\/Toidupakk-matkapood-logo-transparent.png\",\"width\":500,\"height\":500,\"caption\":\"Tactical Foodpack matkaeined\"},\"image\":{\"@id\":\"https:\\\/\\\/toidupakk.ee\\\/pl\\\/#\\\/schema\\\/logo\\\/image\\\/\"},\"sameAs\":[\"https:\\\/\\\/www.facebook.com\\\/Toidupakk\",\"https:\\\/\\\/www.instagram.com\\\/toidupakk\\\/\"]}]}<\/script>\n<!-- \/ Yoast SEO plugin. -->","yoast_head_json":{"title":"Powerbank 20 000 mAh Silicon Power","description":"Powerbank 20 000 mAh Silicon Power z szybkim \u0142adowaniem 22,5 W Super Charge. \u0141aduj do 3 urz\u0105dze\u0144 jednocze\u015bnie. 4\u20136 pe\u0142nych cykli \u0142adowania dla niemal wszystkich smartfon\u00f3w.","robots":{"index":"index","follow":"follow","max-snippet":"max-snippet:-1","max-image-preview":"max-image-preview:large","max-video-preview":"max-video-preview:-1"},"canonical":"https:\/\/toidupakk.ee\/pl\/toode\/powerbank-20-000-mah-silicon-power\/","og_locale":"pl_PL","og_type":"article","og_title":"Powerbank 20 000 mAh Silicon Power","og_description":"Powerbank 20 000 mAh Silicon Power z szybkim \u0142adowaniem 22,5 W Super Charge. \u0141aduj do 3 urz\u0105dze\u0144 jednocze\u015bnie. 4\u20136 pe\u0142nych cykli \u0142adowania dla niemal wszystkich smartfon\u00f3w.","og_url":"https:\/\/toidupakk.ee\/pl\/toode\/powerbank-20-000-mah-silicon-power\/","og_site_name":"Toidupakk.ee - Tactical Foodpack toidupakid","article_publisher":"https:\/\/www.facebook.com\/Toidupakk","article_modified_time":"2026-04-29T13:31:23+00:00","og_image":[{"width":800,"height":800,"url":"https:\/\/toidupakk.ee\/wp-content\/uploads\/2024\/12\/20-k-akupank-silicon-power8.png","type":"image\/png"}],"twitter_card":"summary_large_image","twitter_misc":{"Szacowany czas czytania":"2 minuty"},"schema":{"@context":"https:\/\/schema.org","@graph":[{"@type":"WebPage","@id":"https:\/\/toidupakk.ee\/pl\/toode\/powerbank-20-000-mah-silicon-power\/","url":"https:\/\/toidupakk.ee\/pl\/toode\/powerbank-20-000-mah-silicon-power\/","name":"Powerbank 20 000 mAh Silicon Power","isPartOf":{"@id":"https:\/\/toidupakk.ee\/pl\/#website"},"primaryImageOfPage":{"@id":"https:\/\/toidupakk.ee\/pl\/toode\/powerbank-20-000-mah-silicon-power\/#primaryimage"},"image":{"@id":"https:\/\/toidupakk.ee\/pl\/toode\/powerbank-20-000-mah-silicon-power\/#primaryimage"},"thumbnailUrl":"https:\/\/toidupakk.ee\/wp-content\/uploads\/2024\/12\/20-k-akupank-silicon-power8.png","datePublished":"2024-12-16T12:16:56+00:00","dateModified":"2026-04-29T13:31:23+00:00","description":"Powerbank 20 000 mAh Silicon Power z szybkim \u0142adowaniem 22,5 W Super Charge. \u0141aduj do 3 urz\u0105dze\u0144 jednocze\u015bnie. 4\u20136 pe\u0142nych cykli \u0142adowania dla niemal wszystkich smartfon\u00f3w.","breadcrumb":{"@id":"https:\/\/toidupakk.ee\/pl\/toode\/powerbank-20-000-mah-silicon-power\/#breadcrumb"},"inLanguage":"pl-PL","potentialAction":[{"@type":"ReadAction","target":["https:\/\/toidupakk.ee\/pl\/toode\/powerbank-20-000-mah-silicon-power\/"]}]},{"@type":"ImageObject","inLanguage":"pl-PL","@id":"https:\/\/toidupakk.ee\/pl\/toode\/powerbank-20-000-mah-silicon-power\/#primaryimage","url":"https:\/\/toidupakk.ee\/wp-content\/uploads\/2024\/12\/20-k-akupank-silicon-power8.png","contentUrl":"https:\/\/toidupakk.ee\/wp-content\/uploads\/2024\/12\/20-k-akupank-silicon-power8.png","width":800,"height":800},{"@type":"BreadcrumbList","@id":"https:\/\/toidupakk.ee\/pl\/toode\/powerbank-20-000-mah-silicon-power\/#breadcrumb","itemListElement":[{"@type":"ListItem","position":1,"name":"Avaleht","item":"https:\/\/toidupakk.ee\/pl\/"},{"@type":"ListItem","position":2,"name":"Sklep internetowy","item":"https:\/\/toidupakk.ee\/pl\/sklep-internetowy\/"},{"@type":"ListItem","position":3,"name":"Powerbank 20 000 mAh Silicon Power"}]},{"@type":"WebSite","@id":"https:\/\/toidupakk.ee\/pl\/#website","url":"https:\/\/toidupakk.ee\/pl\/","name":"Toidupakk.ee - Tactical Foodpack toidupakid","description":"Tactical Foodpack k\u00fclmkuivatatud toidupakid ja matkaeined","publisher":{"@id":"https:\/\/toidupakk.ee\/pl\/#organization"},"potentialAction":[{"@type":"SearchAction","target":{"@type":"EntryPoint","urlTemplate":"https:\/\/toidupakk.ee\/pl\/?s={search_term_string}"},"query-input":{"@type":"PropertyValueSpecification","valueRequired":true,"valueName":"search_term_string"}}],"inLanguage":"pl-PL"},{"@type":"Organization","@id":"https:\/\/toidupakk.ee\/pl\/#organization","name":"Tactical Foodpack matkaeined","url":"https:\/\/toidupakk.ee\/pl\/","logo":{"@type":"ImageObject","inLanguage":"pl-PL","@id":"https:\/\/toidupakk.ee\/pl\/#\/schema\/logo\/image\/","url":"https:\/\/toidupakk.ee\/wp-content\/uploads\/2022\/01\/Toidupakk-matkapood-logo-transparent.png","contentUrl":"https:\/\/toidupakk.ee\/wp-content\/uploads\/2022\/01\/Toidupakk-matkapood-logo-transparent.png","width":500,"height":500,"caption":"Tactical Foodpack matkaeined"},"image":{"@id":"https:\/\/toidupakk.ee\/pl\/#\/schema\/logo\/image\/"},"sameAs":["https:\/\/www.facebook.com\/Toidupakk","https:\/\/www.instagram.com\/toidupakk\/"]}]}},"jetpack_sharing_enabled":true,"_links":{"self":[{"href":"https:\/\/toidupakk.ee\/pl\/wp-json\/wp\/v2\/product\/50341","targetHints":{"allow":["GET"]}}],"collection":[{"href":"https:\/\/toidupakk.ee\/pl\/wp-json\/wp\/v2\/product"}],"about":[{"href":"https:\/\/toidupakk.ee\/pl\/wp-json\/wp\/v2\/types\/product"}],"replies":[{"embeddable":true,"href":"https:\/\/toidupakk.ee\/pl\/wp-json\/wp\/v2\/comments?post=50341"}],"wp:featuredmedia":[{"embeddable":true,"href":"https:\/\/toidupakk.ee\/pl\/wp-json\/wp\/v2\/media\/30077"}],"wp:attachment":[{"href":"https:\/\/toidupakk.ee\/pl\/wp-json\/wp\/v2\/media?parent=50341"}],"wp:term":[{"taxonomy":"product_brand","embeddable":true,"href":"https:\/\/toidupakk.ee\/pl\/wp-json\/wp\/v2\/product_brand?post=50341"},{"taxonomy":"product_cat","embeddable":true,"href":"https:\/\/toidupakk.ee\/pl\/wp-json\/wp\/v2\/product_cat?post=50341"},{"taxonomy":"product_tag","embeddable":true,"href":"https:\/\/toidupakk.ee\/pl\/wp-json\/wp\/v2\/product_tag?post=50341"}],"curies":[{"name":"wp","href":"https:\/\/api.w.org\/{rel}","templated":true}]}}