{"id":50321,"date":"2024-12-10T09:22:20","date_gmt":"2024-12-10T07:22:20","guid":{"rendered":"https:\/\/toidupakk.ee\/toode\/tabletki-do-mycia-zebow-124-szt-w-opakowaniu\/"},"modified":"2026-04-15T01:31:41","modified_gmt":"2026-04-14T22:31:41","slug":"tabletki-do-mycia-zebow-124-szt-w-opakowaniu","status":"publish","type":"product","link":"https:\/\/toidupakk.ee\/pl\/toode\/tabletki-do-mycia-zebow-124-szt-w-opakowaniu\/","title":{"rendered":"Tabletki do mycia z\u0119b\u00f3w (124 szt. w opakowaniu)"},"content":{"rendered":"<h1><\/h1>\n<p><img fetchpriority=\"high\" decoding=\"async\" class=\"alignright wp-image-29777 size-thumbnail\" src=\"https:\/\/toidupakk.ee\/wp-content\/uploads\/2024\/12\/1Piparmundi-hambapesutabletid-500x500.png\" alt=\"mi\u0119towe tabletki do mycia z\u0119b\u00f3w\" width=\"500\" height=\"500\" srcset=\"https:\/\/toidupakk.ee\/wp-content\/uploads\/2024\/12\/1Piparmundi-hambapesutabletid-500x500.png 500w, https:\/\/toidupakk.ee\/wp-content\/uploads\/2024\/12\/1Piparmundi-hambapesutabletid-400x400.png 400w, https:\/\/toidupakk.ee\/wp-content\/uploads\/2024\/12\/1Piparmundi-hambapesutabletid-100x100.png 100w, https:\/\/toidupakk.ee\/wp-content\/uploads\/2024\/12\/1Piparmundi-hambapesutabletid-300x300.png 300w, https:\/\/toidupakk.ee\/wp-content\/uploads\/2024\/12\/1Piparmundi-hambapesutabletid-768x768.png 768w, https:\/\/toidupakk.ee\/wp-content\/uploads\/2024\/12\/1Piparmundi-hambapesutabletid.png 800w\" sizes=\"(max-width: 500px) 100vw, 500px\" \/><\/p>\n<h1>Tabletki do mycia z\u0119b\u00f3w \u2013 wygodny spos\u00f3b na higien\u0119 poza domem<\/h1>\n<p>Tabletki do mycia z\u0119b\u00f3w to wygodne i naturalne rozwi\u0105zanie dla mi\u0142o\u015bnik\u00f3w w\u0119dr\u00f3wek, kemping\u00f3w i podr\u00f3\u017cy. Te w 100% naturalne tabletki s\u0105 \u0142atwe w u\u017cyciu i zapakowane w por\u0119czne aluminiowe pude\u0142ko, kt\u00f3re bez trudu zabierzesz wsz\u0119dzie ze sob\u0105. <\/p>\n<h2>Jak u\u017cywa\u0107 tabletek do mycia z\u0119b\u00f3w<\/h2>\n<p>Stosowanie tabletek jest banalnie proste:<\/p>\n<ol>\n<li>Pogry\u017a tabletk\u0119.<\/li>\n<li>Szczotkuj wilgotn\u0105 szczoteczk\u0105.<\/li>\n<li>Wypluj pian\u0119.<\/li>\n<\/ol>\n<p>Po u\u017cyciu nie zaleca si\u0119 p\u0142ukania ust, aby sk\u0142adniki tabletek mog\u0142y dzia\u0142a\u0107 jak najd\u0142u\u017cej i wspiera\u0107 higien\u0119 jamy ustnej.<\/p>\n<p>&nbsp;<\/p>\n<h3 data-start=\"116\" data-end=\"168\"><strong data-start=\"120\" data-end=\"168\">Tabletki do mycia z\u0119b\u00f3w o smaku mi\u0119ty pieprzowej, mi\u0119ty zielonej i brzoskwini<\/strong><\/h3>\n<p data-start=\"170\" data-end=\"484\">Tabletki mi\u0119towe zapewniaj\u0105 intensywn\u0105 \u015bwie\u017co\u015b\u0107 i pobudzenie. Mentol nadaje mocny smak, \u0142agodzi nadwra\u017cliwo\u015b\u0107 z\u0119b\u00f3w i usuwa szkodliwe bakterie. Podobnie jak inne warianty, zawieraj\u0105 hydroksyapatyt (HAp), kt\u00f3ry naturalnie odbudowuje szkliwo.  <\/p>\n<p data-start=\"486\" data-end=\"731\" data-is-last-node=\"\" data-is-only-node=\"\">Tabletki z olejkiem z mi\u0119ty zielonej maj\u0105 \u015bwie\u017cy, a zarazem \u0142agodny smak. S\u0105 idealne dla wra\u017cliwych z\u0119b\u00f3w, wspieraj\u0105c zdrowie dzi\u0105se\u0142 i jamy ustnej. Aromat mi\u0119ty dzia\u0142a uspokajaj\u0105co i pomaga redukowa\u0107 stres.  <\/p>\n<p data-start=\"486\" data-end=\"731\" data-is-last-node=\"\" data-is-only-node=\"\">Tabletki brzoskwiniowe to przyjemna s\u0142odycz i owocowa \u015bwie\u017co\u015b\u0107. S\u0105 idealne dla dzieci i doros\u0142ych. Dbaj\u0105 o zdrowe z\u0119by i dzi\u0105s\u0142a, zmieniaj\u0105c codzienn\u0105 higien\u0119 w przyjemny rytua\u0142.  <\/p>\n<p data-start=\"486\" data-end=\"731\" data-is-last-node=\"\" data-is-only-node=\"\"><img decoding=\"async\" class=\"alignnone wp-image-36259 size-thumbnail\" src=\"https:\/\/toidupakk.ee\/wp-content\/uploads\/2024\/12\/rohemundi-fluoriidiga-hambapasta-tabletid-paberpakendis-124tk-spearmint-with-fluoride-toothpaste-tablets-in-paper-bag-124-tablets-3-600x600-1-500x500.jpg\" alt=\"tabletki do mycia z\u0119b\u00f3w o smaku mi\u0119ty zielonej\" width=\"500\" height=\"500\" srcset=\"https:\/\/toidupakk.ee\/wp-content\/uploads\/2024\/12\/rohemundi-fluoriidiga-hambapasta-tabletid-paberpakendis-124tk-spearmint-with-fluoride-toothpaste-tablets-in-paper-bag-124-tablets-3-600x600-1-500x500.jpg 500w, https:\/\/toidupakk.ee\/wp-content\/uploads\/2024\/12\/rohemundi-fluoriidiga-hambapasta-tabletid-paberpakendis-124tk-spearmint-with-fluoride-toothpaste-tablets-in-paper-bag-124-tablets-3-600x600-1-300x300.jpg 300w, https:\/\/toidupakk.ee\/wp-content\/uploads\/2024\/12\/rohemundi-fluoriidiga-hambapasta-tabletid-paberpakendis-124tk-spearmint-with-fluoride-toothpaste-tablets-in-paper-bag-124-tablets-3-600x600-1-400x400.jpg 400w, https:\/\/toidupakk.ee\/wp-content\/uploads\/2024\/12\/rohemundi-fluoriidiga-hambapasta-tabletid-paberpakendis-124tk-spearmint-with-fluoride-toothpaste-tablets-in-paper-bag-124-tablets-3-600x600-1-100x100.jpg 100w, https:\/\/toidupakk.ee\/wp-content\/uploads\/2024\/12\/rohemundi-fluoriidiga-hambapasta-tabletid-paberpakendis-124tk-spearmint-with-fluoride-toothpaste-tablets-in-paper-bag-124-tablets-3-600x600-1.jpg 600w\" sizes=\"(max-width: 500px) 100vw, 500px\" \/> <img decoding=\"async\" class=\"alignnone wp-image-42376 size-thumbnail\" src=\"https:\/\/toidupakk.ee\/wp-content\/uploads\/2024\/12\/virsikutabletid-500x500.png\" alt=\"Fresmy Brzoskwinia Peach \u2013 tabletki do mycia z\u0119b\u00f3w\" width=\"500\" height=\"500\" srcset=\"https:\/\/toidupakk.ee\/wp-content\/uploads\/2024\/12\/virsikutabletid-500x500.png 500w, https:\/\/toidupakk.ee\/wp-content\/uploads\/2024\/12\/virsikutabletid-300x300.png 300w, https:\/\/toidupakk.ee\/wp-content\/uploads\/2024\/12\/virsikutabletid-768x768.png 768w, https:\/\/toidupakk.ee\/wp-content\/uploads\/2024\/12\/virsikutabletid-400x400.png 400w, https:\/\/toidupakk.ee\/wp-content\/uploads\/2024\/12\/virsikutabletid-100x100.png 100w, https:\/\/toidupakk.ee\/wp-content\/uploads\/2024\/12\/virsikutabletid-50x50.png 50w, https:\/\/toidupakk.ee\/wp-content\/uploads\/2024\/12\/virsikutabletid.png 800w\" sizes=\"(max-width: 500px) 100vw, 500px\" \/><\/p>\n<h2>Tabletki do mycia z\u0119b\u00f3w w por\u0119cznym opakowaniu<\/h2>\n<p>Zestaw 124 tabletek zapakowano w wygodne, papierowe opakowanie strunowe. To idealny wyb\u00f3r na kemping lub d\u0142u\u017csz\u0105 podr\u00f3\u017c, gdzie liczy si\u0119 ka\u017cdy gram i centymetr baga\u017cu. <\/p>\n<p>Je\u015bli szukasz wygodnej i naturalnej alternatywy dla tradycyjnej pasty, tabletki do z\u0119b\u00f3w s\u0105 strza\u0142em w dziesi\u0105tk\u0119. Wypr\u00f3buj wariant cytrynowy, mi\u0119towy lub z jod\u0142\u0105 syberyjsk\u0105 i w\u0119glem aktywnym. Ciesz si\u0119 \u015bwie\u017cym oddechem i zdrowymi z\u0119bami, gdziekolwiek poniesie Ci\u0119 przygoda. <\/p>\n<p><img loading=\"lazy\" decoding=\"async\" class=\"alignnone size-full wp-image-27022\" src=\"https:\/\/toidupakk.ee\/wp-content\/uploads\/2024\/09\/peppermint-toothpaste-tablets-in-aluminium-tin-30-tablets-600x600-1.jpg\" alt=\"\" width=\"600\" height=\"600\" srcset=\"https:\/\/toidupakk.ee\/wp-content\/uploads\/2024\/09\/peppermint-toothpaste-tablets-in-aluminium-tin-30-tablets-600x600-1.jpg 600w, https:\/\/toidupakk.ee\/wp-content\/uploads\/2024\/09\/peppermint-toothpaste-tablets-in-aluminium-tin-30-tablets-600x600-1-400x400.jpg 400w, https:\/\/toidupakk.ee\/wp-content\/uploads\/2024\/09\/peppermint-toothpaste-tablets-in-aluminium-tin-30-tablets-600x600-1-100x100.jpg 100w, https:\/\/toidupakk.ee\/wp-content\/uploads\/2024\/09\/peppermint-toothpaste-tablets-in-aluminium-tin-30-tablets-600x600-1-300x300.jpg 300w, https:\/\/toidupakk.ee\/wp-content\/uploads\/2024\/09\/peppermint-toothpaste-tablets-in-aluminium-tin-30-tablets-600x600-1-500x500.jpg 500w\" sizes=\"(max-width: 600px) 100vw, 600px\" \/> <img loading=\"lazy\" decoding=\"async\" class=\"alignnone size-full wp-image-27023\" src=\"https:\/\/toidupakk.ee\/wp-content\/uploads\/2024\/09\/rohemundi-fluoriidiga-hambapasta-tabletid-alumiinium-purgis-30tk-spearmint-with-fluoride-toothpaste-tablets-in-aluminium-tin-30-tablets-600x600-1.jpg\" alt=\"\" width=\"600\" height=\"600\" srcset=\"https:\/\/toidupakk.ee\/wp-content\/uploads\/2024\/09\/rohemundi-fluoriidiga-hambapasta-tabletid-alumiinium-purgis-30tk-spearmint-with-fluoride-toothpaste-tablets-in-aluminium-tin-30-tablets-600x600-1.jpg 600w, https:\/\/toidupakk.ee\/wp-content\/uploads\/2024\/09\/rohemundi-fluoriidiga-hambapasta-tabletid-alumiinium-purgis-30tk-spearmint-with-fluoride-toothpaste-tablets-in-aluminium-tin-30-tablets-600x600-1-400x400.jpg 400w, https:\/\/toidupakk.ee\/wp-content\/uploads\/2024\/09\/rohemundi-fluoriidiga-hambapasta-tabletid-alumiinium-purgis-30tk-spearmint-with-fluoride-toothpaste-tablets-in-aluminium-tin-30-tablets-600x600-1-100x100.jpg 100w, https:\/\/toidupakk.ee\/wp-content\/uploads\/2024\/09\/rohemundi-fluoriidiga-hambapasta-tabletid-alumiinium-purgis-30tk-spearmint-with-fluoride-toothpaste-tablets-in-aluminium-tin-30-tablets-600x600-1-300x300.jpg 300w, https:\/\/toidupakk.ee\/wp-content\/uploads\/2024\/09\/rohemundi-fluoriidiga-hambapasta-tabletid-alumiinium-purgis-30tk-spearmint-with-fluoride-toothpaste-tablets-in-aluminium-tin-30-tablets-600x600-1-500x500.jpg 500w\" sizes=\"(max-width: 600px) 100vw, 600px\" \/> <img loading=\"lazy\" decoding=\"async\" class=\"alignnone size-full wp-image-27024\" src=\"https:\/\/toidupakk.ee\/wp-content\/uploads\/2024\/09\/lemon-toothpaste-tablets-in-aluminium-tin-30-tablets-600x600-1.jpg\" alt=\"\" width=\"600\" height=\"600\" srcset=\"https:\/\/toidupakk.ee\/wp-content\/uploads\/2024\/09\/lemon-toothpaste-tablets-in-aluminium-tin-30-tablets-600x600-1.jpg 600w, https:\/\/toidupakk.ee\/wp-content\/uploads\/2024\/09\/lemon-toothpaste-tablets-in-aluminium-tin-30-tablets-600x600-1-400x400.jpg 400w, https:\/\/toidupakk.ee\/wp-content\/uploads\/2024\/09\/lemon-toothpaste-tablets-in-aluminium-tin-30-tablets-600x600-1-100x100.jpg 100w, https:\/\/toidupakk.ee\/wp-content\/uploads\/2024\/09\/lemon-toothpaste-tablets-in-aluminium-tin-30-tablets-600x600-1-300x300.jpg 300w, https:\/\/toidupakk.ee\/wp-content\/uploads\/2024\/09\/lemon-toothpaste-tablets-in-aluminium-tin-30-tablets-600x600-1-500x500.jpg 500w\" sizes=\"(max-width: 600px) 100vw, 600px\" \/> <img loading=\"lazy\" decoding=\"async\" class=\"alignnone size-full wp-image-27025\" src=\"https:\/\/toidupakk.ee\/wp-content\/uploads\/2024\/09\/siberian-fir-activated-charcoal-toothpaste-tablets-in-aluminium-tin-30-tablets-600x600-1.jpg\" alt=\"\" width=\"600\" height=\"600\" srcset=\"https:\/\/toidupakk.ee\/wp-content\/uploads\/2024\/09\/siberian-fir-activated-charcoal-toothpaste-tablets-in-aluminium-tin-30-tablets-600x600-1.jpg 600w, https:\/\/toidupakk.ee\/wp-content\/uploads\/2024\/09\/siberian-fir-activated-charcoal-toothpaste-tablets-in-aluminium-tin-30-tablets-600x600-1-400x400.jpg 400w, https:\/\/toidupakk.ee\/wp-content\/uploads\/2024\/09\/siberian-fir-activated-charcoal-toothpaste-tablets-in-aluminium-tin-30-tablets-600x600-1-100x100.jpg 100w, https:\/\/toidupakk.ee\/wp-content\/uploads\/2024\/09\/siberian-fir-activated-charcoal-toothpaste-tablets-in-aluminium-tin-30-tablets-600x600-1-300x300.jpg 300w, https:\/\/toidupakk.ee\/wp-content\/uploads\/2024\/09\/siberian-fir-activated-charcoal-toothpaste-tablets-in-aluminium-tin-30-tablets-600x600-1-500x500.jpg 500w\" sizes=\"(max-width: 600px) 100vw, 600px\" \/><\/p>\n<p>Sprawd\u017a <a href=\"https:\/\/toidupakk.ee\/toode\/hambapesutabletid-fresmy\/\">tabletki do mycia z\u0119b\u00f3w<\/a> w mniejszych aluminiowych pude\u0142kach.<\/p>\n<p>Znajd\u017a inspiracj\u0119 na kolejne przygody na <a href=\"https:\/\/www.instagram.com\/toidupakk\/\">Instagramie<\/a> i <a href=\"https:\/\/www.facebook.com\/Toidupakk\/\">Facebooku<\/a> Toidupakk.<\/p>\n","protected":false},"excerpt":{"rendered":"<p><strong>Tabletki do z\u0119b\u00f3w w stylowym, ekologicznym papierowym opakowaniu. W 100% naturalne.  <\/strong><\/p>\n<ul>\n<li>\u0141atwe u\u017cycie: pogry\u017a tabletk\u0119, szczotkuj wilgotn\u0105 szczoteczk\u0105, wypluj pian\u0119<\/li>\n<li>Po u\u017cyciu nie zaleca si\u0119 p\u0142ukania ust, aby minera\u0142y mog\u0142y zadzia\u0142a\u0107 jak najlepiej<\/li>\n<li>Zapakowane w wygodne opakowanie z zamkni\u0119ciem strunowym<\/li>\n<li>W opakowaniu znajdziesz 124 tabletki \u2013 zapas dla jednej osoby na dwa miesi\u0105ce<\/li>\n<li>Dost\u0119pne w r\u00f3\u017cnych smakach: mi\u0119ta pieprzowa, mi\u0119ta zielona i brzoskwinia.<\/li>\n<\/ul>\n<p>\u2705 Dost\u0119pne w magazynie, szybka dostawa w 1\u20133 dni robocze<\/p>\n<div style=\"display: flex; gap: 10px; align-items: center;\"><img loading=\"lazy\" decoding=\"async\" class=\"alignnone wp-image-27017\" src=\"https:\/\/toidupakk.ee\/wp-content\/uploads\/2024\/09\/Icon_made_in-1-300x300-1.png\" width=\"100\" height=\"100\" srcset=\"https:\/\/toidupakk.ee\/wp-content\/uploads\/2024\/09\/Icon_made_in-1-300x300-1.png 300w, https:\/\/toidupakk.ee\/wp-content\/uploads\/2024\/09\/Icon_made_in-1-300x300-1-100x100.png 100w\" sizes=\"(max-width: 100px) 100vw, 100px\" \/><br \/>\n<img loading=\"lazy\" decoding=\"async\" class=\"alignnone wp-image-27018\" src=\"https:\/\/toidupakk.ee\/wp-content\/uploads\/2024\/09\/Icon_against_cavities-300x300-1.png\" width=\"100\" height=\"100\" srcset=\"https:\/\/toidupakk.ee\/wp-content\/uploads\/2024\/09\/Icon_against_cavities-300x300-1.png 300w, https:\/\/toidupakk.ee\/wp-content\/uploads\/2024\/09\/Icon_against_cavities-300x300-1-100x100.png 100w\" sizes=\"(max-width: 100px) 100vw, 100px\" \/><br \/>\n<img loading=\"lazy\" decoding=\"async\" class=\"alignnone wp-image-27019\" src=\"https:\/\/toidupakk.ee\/wp-content\/uploads\/2024\/09\/Icon_Fresh_breath-300x300-1.png\" width=\"100\" height=\"100\" srcset=\"https:\/\/toidupakk.ee\/wp-content\/uploads\/2024\/09\/Icon_Fresh_breath-300x300-1.png 300w, https:\/\/toidupakk.ee\/wp-content\/uploads\/2024\/09\/Icon_Fresh_breath-300x300-1-100x100.png 100w\" sizes=\"(max-width: 100px) 100vw, 100px\" \/><br \/>\n<img loading=\"lazy\" decoding=\"async\" class=\"alignnone wp-image-27020\" src=\"https:\/\/toidupakk.ee\/wp-content\/uploads\/2024\/09\/Icon_approved_dentists-300x300-1.png\" width=\"100\" height=\"100\" srcset=\"https:\/\/toidupakk.ee\/wp-content\/uploads\/2024\/09\/Icon_approved_dentists-300x300-1.png 300w, https:\/\/toidupakk.ee\/wp-content\/uploads\/2024\/09\/Icon_approved_dentists-300x300-1-100x100.png 100w\" sizes=\"(max-width: 100px) 100vw, 100px\" \/><\/div>\n","protected":false},"featured_media":55001,"comment_status":"open","ping_status":"closed","template":"","meta":{"_acf_changed":false},"product_brand":[],"product_cat":[303,301],"product_tag":[],"class_list":{"0":"post-50321","1":"product","2":"type-product","3":"status-publish","4":"has-post-thumbnail","6":"product_cat-akcesoria-turystyczne","7":"product_cat-sprzet-turystyczny","9":"first","10":"instock","11":"taxable","12":"shipping-taxable","13":"purchasable","14":"product-type-variable","15":"has-default-attributes"},"bundled_by":[],"bundle_stock_status":"instock","bundle_stock_quantity":null,"bundle_virtual":false,"bundle_layout":"","bundle_add_to_cart_form_location":"","bundle_editable_in_cart":false,"bundle_sold_individually_context":"","bundle_item_grouping":"","bundle_min_size":"","bundle_max_size":"","bundle_price":[],"bundled_items":[],"bundle_sell_ids":[],"acf":[],"yoast_head":"<!-- This site is optimized with the Yoast SEO plugin v27.3 - https:\/\/yoast.com\/product\/yoast-seo-wordpress\/ -->\n<title>Tabletki do mycia z\u0119b\u00f3w (124 szt. w opakowaniu)<\/title>\n<meta name=\"description\" content=\"Tabletki do mycia z\u0119b\u00f3w: \u017buj, szczotkuj, wypluj. W 100% naturalne. Opakowanie zawiera 124 szt., co wystarcza 1 osobie na 2 miesi\u0105ce.\" \/>\n<meta name=\"robots\" content=\"index, follow, max-snippet:-1, max-image-preview:large, max-video-preview:-1\" \/>\n<link rel=\"canonical\" href=\"https:\/\/toidupakk.ee\/pl\/toode\/tabletki-do-mycia-zebow-124-szt-w-opakowaniu\/\" \/>\n<meta property=\"og:locale\" content=\"pl_PL\" \/>\n<meta property=\"og:type\" content=\"article\" \/>\n<meta property=\"og:title\" content=\"Tabletki do mycia z\u0119b\u00f3w (124 szt. w opakowaniu)\" \/>\n<meta property=\"og:description\" content=\"Tabletki do mycia z\u0119b\u00f3w: \u017buj, szczotkuj, wypluj. W 100% naturalne. Opakowanie zawiera 124 szt., co wystarcza 1 osobie na 2 miesi\u0105ce.\" \/>\n<meta property=\"og:url\" content=\"https:\/\/toidupakk.ee\/pl\/toode\/tabletki-do-mycia-zebow-124-szt-w-opakowaniu\/\" \/>\n<meta property=\"og:site_name\" content=\"Toidupakk.ee - Tactical Foodpack toidupakid\" \/>\n<meta property=\"article:publisher\" content=\"https:\/\/www.facebook.com\/Toidupakk\" \/>\n<meta property=\"article:modified_time\" content=\"2026-04-14T22:31:41+00:00\" \/>\n<meta property=\"og:image\" content=\"https:\/\/toidupakk.ee\/wp-content\/uploads\/2024\/12\/2Piparmundi-hambapesutabletid.png\" \/>\n\t<meta property=\"og:image:width\" content=\"800\" \/>\n\t<meta property=\"og:image:height\" content=\"800\" \/>\n\t<meta property=\"og:image:type\" content=\"image\/png\" \/>\n<meta name=\"twitter:card\" content=\"summary_large_image\" \/>\n<meta name=\"twitter:label1\" content=\"Szacowany czas czytania\" \/>\n\t<meta name=\"twitter:data1\" content=\"2 minuty\" \/>\n<script type=\"application\/ld+json\" class=\"yoast-schema-graph\">{\"@context\":\"https:\\\/\\\/schema.org\",\"@graph\":[{\"@type\":\"WebPage\",\"@id\":\"https:\\\/\\\/toidupakk.ee\\\/pl\\\/toode\\\/tabletki-do-mycia-zebow-124-szt-w-opakowaniu\\\/\",\"url\":\"https:\\\/\\\/toidupakk.ee\\\/pl\\\/toode\\\/tabletki-do-mycia-zebow-124-szt-w-opakowaniu\\\/\",\"name\":\"Tabletki do mycia z\u0119b\u00f3w (124 szt. w opakowaniu)\",\"isPartOf\":{\"@id\":\"https:\\\/\\\/toidupakk.ee\\\/pl\\\/#website\"},\"primaryImageOfPage\":{\"@id\":\"https:\\\/\\\/toidupakk.ee\\\/pl\\\/toode\\\/tabletki-do-mycia-zebow-124-szt-w-opakowaniu\\\/#primaryimage\"},\"image\":{\"@id\":\"https:\\\/\\\/toidupakk.ee\\\/pl\\\/toode\\\/tabletki-do-mycia-zebow-124-szt-w-opakowaniu\\\/#primaryimage\"},\"thumbnailUrl\":\"https:\\\/\\\/toidupakk.ee\\\/wp-content\\\/uploads\\\/2024\\\/12\\\/Hambapesutabletid-piparmundi-maitsega-124.webp\",\"datePublished\":\"2024-12-10T07:22:20+00:00\",\"dateModified\":\"2026-04-14T22:31:41+00:00\",\"description\":\"Tabletki do mycia z\u0119b\u00f3w: \u017buj, szczotkuj, wypluj. W 100% naturalne. Opakowanie zawiera 124 szt., co wystarcza 1 osobie na 2 miesi\u0105ce.\",\"breadcrumb\":{\"@id\":\"https:\\\/\\\/toidupakk.ee\\\/pl\\\/toode\\\/tabletki-do-mycia-zebow-124-szt-w-opakowaniu\\\/#breadcrumb\"},\"inLanguage\":\"pl-PL\",\"potentialAction\":[{\"@type\":\"ReadAction\",\"target\":[\"https:\\\/\\\/toidupakk.ee\\\/pl\\\/toode\\\/tabletki-do-mycia-zebow-124-szt-w-opakowaniu\\\/\"]}]},{\"@type\":\"ImageObject\",\"inLanguage\":\"pl-PL\",\"@id\":\"https:\\\/\\\/toidupakk.ee\\\/pl\\\/toode\\\/tabletki-do-mycia-zebow-124-szt-w-opakowaniu\\\/#primaryimage\",\"url\":\"https:\\\/\\\/toidupakk.ee\\\/wp-content\\\/uploads\\\/2024\\\/12\\\/Hambapesutabletid-piparmundi-maitsega-124.webp\",\"contentUrl\":\"https:\\\/\\\/toidupakk.ee\\\/wp-content\\\/uploads\\\/2024\\\/12\\\/Hambapesutabletid-piparmundi-maitsega-124.webp\",\"width\":600,\"height\":600},{\"@type\":\"BreadcrumbList\",\"@id\":\"https:\\\/\\\/toidupakk.ee\\\/pl\\\/toode\\\/tabletki-do-mycia-zebow-124-szt-w-opakowaniu\\\/#breadcrumb\",\"itemListElement\":[{\"@type\":\"ListItem\",\"position\":1,\"name\":\"Avaleht\",\"item\":\"https:\\\/\\\/toidupakk.ee\\\/pl\\\/\"},{\"@type\":\"ListItem\",\"position\":2,\"name\":\"Sklep internetowy\",\"item\":\"https:\\\/\\\/toidupakk.ee\\\/pl\\\/sklep-internetowy\\\/\"},{\"@type\":\"ListItem\",\"position\":3,\"name\":\"Tabletki do mycia z\u0119b\u00f3w (124 szt. w opakowaniu)\"}]},{\"@type\":\"WebSite\",\"@id\":\"https:\\\/\\\/toidupakk.ee\\\/pl\\\/#website\",\"url\":\"https:\\\/\\\/toidupakk.ee\\\/pl\\\/\",\"name\":\"Toidupakk.ee - Tactical Foodpack toidupakid\",\"description\":\"Tactical Foodpack k\u00fclmkuivatatud toidupakid ja matkaeined\",\"publisher\":{\"@id\":\"https:\\\/\\\/toidupakk.ee\\\/pl\\\/#organization\"},\"potentialAction\":[{\"@type\":\"SearchAction\",\"target\":{\"@type\":\"EntryPoint\",\"urlTemplate\":\"https:\\\/\\\/toidupakk.ee\\\/pl\\\/?s={search_term_string}\"},\"query-input\":{\"@type\":\"PropertyValueSpecification\",\"valueRequired\":true,\"valueName\":\"search_term_string\"}}],\"inLanguage\":\"pl-PL\"},{\"@type\":\"Organization\",\"@id\":\"https:\\\/\\\/toidupakk.ee\\\/pl\\\/#organization\",\"name\":\"Tactical Foodpack matkaeined\",\"url\":\"https:\\\/\\\/toidupakk.ee\\\/pl\\\/\",\"logo\":{\"@type\":\"ImageObject\",\"inLanguage\":\"pl-PL\",\"@id\":\"https:\\\/\\\/toidupakk.ee\\\/pl\\\/#\\\/schema\\\/logo\\\/image\\\/\",\"url\":\"https:\\\/\\\/toidupakk.ee\\\/wp-content\\\/uploads\\\/2022\\\/01\\\/Toidupakk-matkapood-logo-transparent.png\",\"contentUrl\":\"https:\\\/\\\/toidupakk.ee\\\/wp-content\\\/uploads\\\/2022\\\/01\\\/Toidupakk-matkapood-logo-transparent.png\",\"width\":500,\"height\":500,\"caption\":\"Tactical Foodpack matkaeined\"},\"image\":{\"@id\":\"https:\\\/\\\/toidupakk.ee\\\/pl\\\/#\\\/schema\\\/logo\\\/image\\\/\"},\"sameAs\":[\"https:\\\/\\\/www.facebook.com\\\/Toidupakk\",\"https:\\\/\\\/www.instagram.com\\\/toidupakk\\\/\"]}]}<\/script>\n<!-- \/ Yoast SEO plugin. -->","yoast_head_json":{"title":"Tabletki do mycia z\u0119b\u00f3w (124 szt. w opakowaniu)","description":"Tabletki do mycia z\u0119b\u00f3w: \u017buj, szczotkuj, wypluj. W 100% naturalne. Opakowanie zawiera 124 szt., co wystarcza 1 osobie na 2 miesi\u0105ce.","robots":{"index":"index","follow":"follow","max-snippet":"max-snippet:-1","max-image-preview":"max-image-preview:large","max-video-preview":"max-video-preview:-1"},"canonical":"https:\/\/toidupakk.ee\/pl\/toode\/tabletki-do-mycia-zebow-124-szt-w-opakowaniu\/","og_locale":"pl_PL","og_type":"article","og_title":"Tabletki do mycia z\u0119b\u00f3w (124 szt. w opakowaniu)","og_description":"Tabletki do mycia z\u0119b\u00f3w: \u017buj, szczotkuj, wypluj. W 100% naturalne. Opakowanie zawiera 124 szt., co wystarcza 1 osobie na 2 miesi\u0105ce.","og_url":"https:\/\/toidupakk.ee\/pl\/toode\/tabletki-do-mycia-zebow-124-szt-w-opakowaniu\/","og_site_name":"Toidupakk.ee - Tactical Foodpack toidupakid","article_publisher":"https:\/\/www.facebook.com\/Toidupakk","article_modified_time":"2026-04-14T22:31:41+00:00","og_image":[{"width":800,"height":800,"url":"https:\/\/toidupakk.ee\/wp-content\/uploads\/2024\/12\/2Piparmundi-hambapesutabletid.png","type":"image\/png"}],"twitter_card":"summary_large_image","twitter_misc":{"Szacowany czas czytania":"2 minuty"},"schema":{"@context":"https:\/\/schema.org","@graph":[{"@type":"WebPage","@id":"https:\/\/toidupakk.ee\/pl\/toode\/tabletki-do-mycia-zebow-124-szt-w-opakowaniu\/","url":"https:\/\/toidupakk.ee\/pl\/toode\/tabletki-do-mycia-zebow-124-szt-w-opakowaniu\/","name":"Tabletki do mycia z\u0119b\u00f3w (124 szt. w opakowaniu)","isPartOf":{"@id":"https:\/\/toidupakk.ee\/pl\/#website"},"primaryImageOfPage":{"@id":"https:\/\/toidupakk.ee\/pl\/toode\/tabletki-do-mycia-zebow-124-szt-w-opakowaniu\/#primaryimage"},"image":{"@id":"https:\/\/toidupakk.ee\/pl\/toode\/tabletki-do-mycia-zebow-124-szt-w-opakowaniu\/#primaryimage"},"thumbnailUrl":"https:\/\/toidupakk.ee\/wp-content\/uploads\/2024\/12\/Hambapesutabletid-piparmundi-maitsega-124.webp","datePublished":"2024-12-10T07:22:20+00:00","dateModified":"2026-04-14T22:31:41+00:00","description":"Tabletki do mycia z\u0119b\u00f3w: \u017buj, szczotkuj, wypluj. W 100% naturalne. Opakowanie zawiera 124 szt., co wystarcza 1 osobie na 2 miesi\u0105ce.","breadcrumb":{"@id":"https:\/\/toidupakk.ee\/pl\/toode\/tabletki-do-mycia-zebow-124-szt-w-opakowaniu\/#breadcrumb"},"inLanguage":"pl-PL","potentialAction":[{"@type":"ReadAction","target":["https:\/\/toidupakk.ee\/pl\/toode\/tabletki-do-mycia-zebow-124-szt-w-opakowaniu\/"]}]},{"@type":"ImageObject","inLanguage":"pl-PL","@id":"https:\/\/toidupakk.ee\/pl\/toode\/tabletki-do-mycia-zebow-124-szt-w-opakowaniu\/#primaryimage","url":"https:\/\/toidupakk.ee\/wp-content\/uploads\/2024\/12\/Hambapesutabletid-piparmundi-maitsega-124.webp","contentUrl":"https:\/\/toidupakk.ee\/wp-content\/uploads\/2024\/12\/Hambapesutabletid-piparmundi-maitsega-124.webp","width":600,"height":600},{"@type":"BreadcrumbList","@id":"https:\/\/toidupakk.ee\/pl\/toode\/tabletki-do-mycia-zebow-124-szt-w-opakowaniu\/#breadcrumb","itemListElement":[{"@type":"ListItem","position":1,"name":"Avaleht","item":"https:\/\/toidupakk.ee\/pl\/"},{"@type":"ListItem","position":2,"name":"Sklep internetowy","item":"https:\/\/toidupakk.ee\/pl\/sklep-internetowy\/"},{"@type":"ListItem","position":3,"name":"Tabletki do mycia z\u0119b\u00f3w (124 szt. w opakowaniu)"}]},{"@type":"WebSite","@id":"https:\/\/toidupakk.ee\/pl\/#website","url":"https:\/\/toidupakk.ee\/pl\/","name":"Toidupakk.ee - Tactical Foodpack toidupakid","description":"Tactical Foodpack k\u00fclmkuivatatud toidupakid ja matkaeined","publisher":{"@id":"https:\/\/toidupakk.ee\/pl\/#organization"},"potentialAction":[{"@type":"SearchAction","target":{"@type":"EntryPoint","urlTemplate":"https:\/\/toidupakk.ee\/pl\/?s={search_term_string}"},"query-input":{"@type":"PropertyValueSpecification","valueRequired":true,"valueName":"search_term_string"}}],"inLanguage":"pl-PL"},{"@type":"Organization","@id":"https:\/\/toidupakk.ee\/pl\/#organization","name":"Tactical Foodpack matkaeined","url":"https:\/\/toidupakk.ee\/pl\/","logo":{"@type":"ImageObject","inLanguage":"pl-PL","@id":"https:\/\/toidupakk.ee\/pl\/#\/schema\/logo\/image\/","url":"https:\/\/toidupakk.ee\/wp-content\/uploads\/2022\/01\/Toidupakk-matkapood-logo-transparent.png","contentUrl":"https:\/\/toidupakk.ee\/wp-content\/uploads\/2022\/01\/Toidupakk-matkapood-logo-transparent.png","width":500,"height":500,"caption":"Tactical Foodpack matkaeined"},"image":{"@id":"https:\/\/toidupakk.ee\/pl\/#\/schema\/logo\/image\/"},"sameAs":["https:\/\/www.facebook.com\/Toidupakk","https:\/\/www.instagram.com\/toidupakk\/"]}]}},"jetpack_sharing_enabled":true,"_links":{"self":[{"href":"https:\/\/toidupakk.ee\/pl\/wp-json\/wp\/v2\/product\/50321","targetHints":{"allow":["GET"]}}],"collection":[{"href":"https:\/\/toidupakk.ee\/pl\/wp-json\/wp\/v2\/product"}],"about":[{"href":"https:\/\/toidupakk.ee\/pl\/wp-json\/wp\/v2\/types\/product"}],"replies":[{"embeddable":true,"href":"https:\/\/toidupakk.ee\/pl\/wp-json\/wp\/v2\/comments?post=50321"}],"wp:featuredmedia":[{"embeddable":true,"href":"https:\/\/toidupakk.ee\/pl\/wp-json\/wp\/v2\/media\/55001"}],"wp:attachment":[{"href":"https:\/\/toidupakk.ee\/pl\/wp-json\/wp\/v2\/media?parent=50321"}],"wp:term":[{"taxonomy":"product_brand","embeddable":true,"href":"https:\/\/toidupakk.ee\/pl\/wp-json\/wp\/v2\/product_brand?post=50321"},{"taxonomy":"product_cat","embeddable":true,"href":"https:\/\/toidupakk.ee\/pl\/wp-json\/wp\/v2\/product_cat?post=50321"},{"taxonomy":"product_tag","embeddable":true,"href":"https:\/\/toidupakk.ee\/pl\/wp-json\/wp\/v2\/product_tag?post=50321"}],"curies":[{"name":"wp","href":"https:\/\/api.w.org\/{rel}","templated":true}]}}