{"id":50305,"date":"2025-03-21T14:21:42","date_gmt":"2025-03-21T12:21:42","guid":{"rendered":"https:\/\/toidupakk.ee\/toode\/materac-turystyczny-18mm\/"},"modified":"2026-04-21T12:01:02","modified_gmt":"2026-04-21T09:01:02","slug":"materac-turystyczny-18mm","status":"publish","type":"product","link":"https:\/\/toidupakk.ee\/pl\/toode\/materac-turystyczny-18mm\/","title":{"rendered":"Materac turystyczny 18mm"},"content":{"rendered":"<h3 data-start=\"0\" data-end=\"75\"><strong data-start=\"4\" data-end=\"73\">Materac turystyczny M90 \u2013 niezawodny i wytrzyma\u0142y wyb\u00f3r dla ka\u017cdego turysty<\/strong><\/h3>\n<p data-start=\"77\" data-end=\"671\">Je\u015bli szukasz praktycznego, wytrzyma\u0142ego i \u0142atwego do przenoszenia materaca do spania, <strong data-start=\"158\" data-end=\"175\">materac turystyczny M90<\/strong> to idealny wyb\u00f3r. Ta wysokiej jako\u015bci i uniwersalna <strong data-start=\"226\" data-end=\"239\">mata turystyczna<\/strong> zosta\u0142a stworzona do w\u0119dr\u00f3wek, biwakowania i jako cz\u0119\u015b\u0107 wyposa\u017cenia militarnego, zapewniaj\u0105c doskona\u0142\u0105 ochron\u0119 przed zimnem i nier\u00f3wnym pod\u0142o\u017cem. <strong data-start=\"368\" data-end=\"398\">18 mm pianka<\/strong> gwarantuje skuteczn\u0105 izolacj\u0119 i komfort nawet w najtrudniejszych warunkach pogodowych. Dzi\u0119ki <strong data-start=\"488\" data-end=\"527\">lekkiemu i sk\u0142adanemu designowi<\/strong> jest \u0142atwy w transporcie i mocowaniu do plecaka, co czyni go idealnym towarzyszem zar\u00f3wno na kr\u00f3tsze, jak i d\u0142u\u017csze wyprawy.  <\/p>\n<h3 data-start=\"678\" data-end=\"734\"><strong data-start=\"682\" data-end=\"732\">Skuteczna izolacja termiczna i maksymalny komfort<\/strong><\/h3>\n<p data-start=\"736\" data-end=\"1099\"><strong data-start=\"736\" data-end=\"753\">Materac turystyczny M90<\/strong> zosta\u0142 zaprojektowany, aby zapewnia\u0107 <strong data-start=\"776\" data-end=\"830\">maksymalny komfort nawet w ekstremalnych warunkach<\/strong>. Jego wytrzyma\u0142a pianka pomaga <strong data-start=\"868\" data-end=\"889\">zatrzyma\u0107 ciep\u0142o cia\u0142a<\/strong>, zapobiegaj\u0105c przenikaniu zimna z pod\u0142o\u017ca. Dzi\u0119ki temu zapewnia g\u0142\u0119bszy sen i lepsz\u0105 regeneracj\u0119 \u2013 istotna zaleta podczas nocleg\u00f3w w ch\u0142odnym lub wilgotnym \u015brodowisku, gdzie zwyk\u0142a mata mo\u017ce by\u0107 niewystarczaj\u0105ca.  <\/p>\n<ul>\n<li data-start=\"1101\" data-end=\"1369\"><strong data-start=\"1103\" data-end=\"1133\">18 mm pianka<\/strong> \u2013 skuteczna izolacja termiczna i wygodne podparcie.<\/li>\n<li data-start=\"1101\" data-end=\"1369\"><strong data-start=\"1184\" data-end=\"1212\">Wodoodporna powierzchnia wierzchnia<\/strong> \u2013 zapobiega wch\u0142anianiu wody i brudu, przed\u0142u\u017caj\u0105c \u017cywotno\u015b\u0107 maty.<\/li>\n<li data-start=\"1101\" data-end=\"1369\"><strong data-start=\"1280\" data-end=\"1303\">Lekki i wytrzyma\u0142y<\/strong> \u2013 \u0142atwy do zabrania, a dzi\u0119ki niskiej wadze nie dodaje znacz\u0105cego ci\u0119\u017caru i jest bardziej odporny na terenie ni\u017c jakikolwiek materac dmuchany.<\/li>\n<\/ul>\n<p><img fetchpriority=\"high\" decoding=\"async\" class=\"alignnone wp-image-33300 size-medium\" src=\"https:\/\/toidupakk.ee\/wp-content\/uploads\/2025\/03\/313237_11_07-300x300.jpg\" alt=\"Materac turystyczny M90 \u2013 wytrzyma\u0142a i kompaktowa mata do spania na w\u0119dr\u00f3wki, biwakowanie i wyposa\u017cenie militarne, zapewniaj\u0105ca izolacj\u0119 i komfort w ka\u017cdej sytuacji\" width=\"300\" height=\"300\" srcset=\"https:\/\/toidupakk.ee\/wp-content\/uploads\/2025\/03\/313237_11_07-300x300.jpg 300w, https:\/\/toidupakk.ee\/wp-content\/uploads\/2025\/03\/313237_11_07-400x400.jpg 400w, https:\/\/toidupakk.ee\/wp-content\/uploads\/2025\/03\/313237_11_07-100x100.jpg 100w, https:\/\/toidupakk.ee\/wp-content\/uploads\/2025\/03\/313237_11_07-500x500.jpg 500w, https:\/\/toidupakk.ee\/wp-content\/uploads\/2025\/03\/313237_11_07-768x768.jpg 768w, https:\/\/toidupakk.ee\/wp-content\/uploads\/2025\/03\/313237_11_07.jpg 800w\" sizes=\"(max-width: 300px) 100vw, 300px\" \/><\/p>\n<h3 data-start=\"1376\" data-end=\"1410\"><strong data-start=\"1380\" data-end=\"1408\">\u0141atwy i wygodny w u\u017cyciu \u2013 uniwersalny materac turystyczny<\/strong><\/h3>\n<p data-start=\"1412\" data-end=\"1657\">W przeciwie\u0144stwie do materacy dmuchanych, <strong data-start=\"1438\" data-end=\"1476\">materac M90 nie wymaga pompowania<\/strong> \u2013 jest <strong data-start=\"1486\" data-end=\"1508\">gotowy do u\u017cycia od razu<\/strong>. Nie ma potrzeby u\u017cywania pompki ani martwienia si\u0119 o przebicia czy uciekaj\u0105ce powietrze. Po prostu roz\u0142\u00f3\u017c go i ciesz si\u0119 wygodnym miejscem do odpoczynku.  <\/p>\n<ul>\n<li data-start=\"1659\" data-end=\"1921\"><strong data-start=\"1662\" data-end=\"1686\">Wymiary po roz\u0142o\u017ceniu:<\/strong> 190 \u00d7 60 cm \u2013 wystarczaj\u0105co du\u017cy, pasuje do r\u00f3\u017cnych pozycji snu.<\/li>\n<li data-start=\"1659\" data-end=\"1921\"><strong data-start=\"1759\" data-end=\"1781\">Kompaktowy i lekki<\/strong> \u2013 po z\u0142o\u017ceniu \u0142atwy do transportu i przechowywania.<\/li>\n<li data-start=\"1659\" data-end=\"1921\"><strong data-start=\"1836\" data-end=\"1872\">\u0141atwe mocowanie do plecaka<\/strong> \u2013 nie zajmuje du\u017co miejsca i nie dodaje nadmiernego ci\u0119\u017caru.<\/li>\n<\/ul>\n<h3 data-start=\"1928\" data-end=\"1965\"><strong data-start=\"1932\" data-end=\"1963\">Wszechstronne zastosowanie<\/strong><\/h3>\n<p data-start=\"1967\" data-end=\"2030\"><strong data-start=\"1967\" data-end=\"1984\">Materac turystyczny M90<\/strong> nadaje si\u0119 do wielu r\u00f3\u017cnych aktywno\u015bci:<\/p>\n<ul>\n<li data-start=\"2032\" data-end=\"2319\"><strong data-start=\"2035\" data-end=\"2061\">W\u0119dr\u00f3wki i biwakowanie<\/strong> \u2013 idealne rozwi\u0105zanie, aby zapewni\u0107 sobie komfortowy wyjazd bez problem\u00f3w i zagwarantowa\u0107 sobie s\u0142odki sen.<\/li>\n<li data-start=\"2032\" data-end=\"2319\"><strong data-start=\"2128\" data-end=\"2148\">Wyposa\u017cenie militarne<\/strong> \u2013 wytrzyma\u0142y i niezawodny, nadaje si\u0119 r\u00f3wnie\u017c do trudnych warunk\u00f3w.<\/li>\n<li data-start=\"2032\" data-end=\"2319\"><strong data-start=\"2220\" data-end=\"2253\">Sytuacje awaryjne i wyposa\u017cenie zapasowe<\/strong> \u2013 przydatny w samochodzie lub w nieprzewidzianych sytuacjach kryzysowych.<\/li>\n<\/ul>\n<p><strong data-start=\"4\" data-end=\"45\">Mata do spania M90 18mm<\/strong> to wytrzyma\u0142y i wygodny materac, kt\u00f3ry zapewnia dobr\u0105 izolacj\u0119 i wsparcie podczas nocleg\u00f3w na zewn\u0105trz, b\u0119d\u0105c idealnym do w\u0119dr\u00f3wek i u\u017cytkowania w terenie.<\/p>\n<p data-start=\"2326\" data-end=\"2365\">Zobacz wi\u0119cej akcesori\u00f3w turystycznych <a href=\"https:\/\/toidupakk.ee\/pl\/tootekategooria\/sprzet-turystyczny\/#section-3-79\">TUTAJ<\/a><\/p>\n<p data-start=\"2367\" data-end=\"2453\" data-is-last-node=\"\" data-is-only-node=\"\">Znajd\u017a inspiracj\u0119 na kolejne przygody na <strong data-start=\"2411\" data-end=\"2452\"><a href=\"https:\/\/www.instagram.com\/toidupakk\/\">Instagramie<\/a> i <a href=\"https:\/\/www.facebook.com\/Toidupakk\/\">Facebooku<\/a> Toidupak.<\/strong><\/p>\n","protected":false},"excerpt":{"rendered":"<p data-start=\"200\" data-end=\"570\"><strong data-start=\"200\" data-end=\"217\">Materac turystyczny M90<\/strong> zosta\u0142 stworzony, aby zapewnia\u0107 maksymalny komfort i izolacj\u0119 w ka\u017cdej sytuacji. Ta wytrzyma\u0142a i lekka <strong data-start=\"314\" data-end=\"327\">mata turystyczna<\/strong> zapewnia dobr\u0105 ochron\u0119 przed zimnem i wilgoci\u0105, b\u0119d\u0105c jednocze\u015bnie \u0142atwa do przenoszenia i sk\u0142adania. <strong data-start=\"427\" data-end=\"444\">Materac turystyczny M90<\/strong> doskonale nadaje si\u0119 zar\u00f3wno do u\u017cytku militarnego, jak i rekreacyjnego, oferuj\u0105c solidn\u0105 i niezawodn\u0105 powierzchni\u0119 do spania na ka\u017cdym terenie. <\/p>\n<ul>\n<li data-start=\"440\" data-end=\"948\"><strong data-start=\"443\" data-end=\"464\">Skuteczna izolacja<\/strong> \u2013 18 mm pianka zapewnia doskona\u0142\u0105 termoizolacj\u0119 i komfort.<\/li>\n<li data-start=\"440\" data-end=\"948\"><strong data-start=\"544\" data-end=\"569\">Lekki i przeno\u015bny<\/strong> \u2013 \u0141atwy do z\u0142o\u017cenia i przymocowania do plecaka.<\/li>\n<li data-start=\"440\" data-end=\"948\"><strong data-start=\"628\" data-end=\"659\">Wodoodporny i wytrzyma\u0142y<\/strong> \u2013 Powierzchnia wierzchnia chroni przed wilgoci\u0105 i zabrudzeniami, nadaje si\u0119 na ka\u017cd\u0105 pogod\u0119.<\/li>\n<li data-start=\"440\" data-end=\"948\"><strong data-start=\"737\" data-end=\"755\">Wygodne wymiary<\/strong> \u2013 Mata o rozmiarze 190 \u00d7 60 cm zapewnia wystarczaj\u0105co miejsca do wygodnego spania w ka\u017cdej pozycji.<\/li>\n<li data-start=\"440\" data-end=\"948\"><strong data-start=\"844\" data-end=\"867\">Wszechstronne zastosowanie<\/strong> \u2013 Idealny do biwakowania, w\u0119dr\u00f3wek, wyposa\u017cenia militarnego lub sytuacji awaryjnych.<\/li>\n<\/ul>\n<p>\u2705 Dost\u0119pne w magazynie, szybka dostawa w 1-3 dni robocze<br \/>\n\u2705 Kup teraz, zap\u0142a\u0107 p\u00f3\u017aniej (RRSO 0%)<\/p>\n","protected":false},"featured_media":50317,"comment_status":"open","ping_status":"closed","template":"","meta":{"_acf_changed":false},"product_brand":[],"product_cat":[303,374,301],"product_tag":[],"class_list":{"0":"post-50305","1":"product","2":"type-product","3":"status-publish","4":"has-post-thumbnail","6":"product_cat-akcesoria-turystyczne","7":"product_cat-materace-i-maty-turystyczne","8":"product_cat-sprzet-turystyczny","10":"first","11":"instock","12":"sale","13":"taxable","14":"shipping-taxable","15":"purchasable","16":"product-type-simple"},"bundled_by":[],"bundle_stock_status":"instock","bundle_stock_quantity":4,"bundle_virtual":false,"bundle_layout":"","bundle_add_to_cart_form_location":"","bundle_editable_in_cart":false,"bundle_sold_individually_context":"","bundle_item_grouping":"","bundle_min_size":"","bundle_max_size":"","bundle_price":[],"bundled_items":[],"bundle_sell_ids":[],"acf":[],"yoast_head":"<!-- This site is optimized with the Yoast SEO plugin v27.3 - https:\/\/yoast.com\/product\/yoast-seo-wordpress\/ -->\n<title>Materac turystyczny 18mm<\/title>\n<meta name=\"description\" content=\"Materac turystyczny M90 to wytrzyma\u0142a, lekka i wodoodporna podk\u0142adka do w\u0119dr\u00f3wek i biwakowania. 18 mm pianka zapewnia komfort i izolacj\u0119 termiczn\u0105.\" \/>\n<meta name=\"robots\" content=\"index, follow, max-snippet:-1, max-image-preview:large, max-video-preview:-1\" \/>\n<link rel=\"canonical\" href=\"https:\/\/toidupakk.ee\/pl\/toode\/materac-turystyczny-18mm\/\" \/>\n<meta property=\"og:locale\" content=\"pl_PL\" \/>\n<meta property=\"og:type\" content=\"article\" \/>\n<meta property=\"og:title\" content=\"Materac turystyczny 18mm\" \/>\n<meta property=\"og:description\" content=\"Materac turystyczny M90 to wytrzyma\u0142a, lekka i wodoodporna podk\u0142adka do w\u0119dr\u00f3wek i biwakowania. 18 mm pianka zapewnia komfort i izolacj\u0119 termiczn\u0105.\" \/>\n<meta property=\"og:url\" content=\"https:\/\/toidupakk.ee\/pl\/toode\/materac-turystyczny-18mm\/\" \/>\n<meta property=\"og:site_name\" content=\"Toidupakk.ee - Tactical Foodpack toidupakid\" \/>\n<meta property=\"article:publisher\" content=\"https:\/\/www.facebook.com\/Toidupakk\" \/>\n<meta property=\"article:modified_time\" content=\"2026-04-21T09:01:02+00:00\" \/>\n<meta property=\"og:image\" content=\"https:\/\/toidupakk.ee\/wp-content\/uploads\/2025\/03\/1-3.png\" \/>\n\t<meta property=\"og:image:width\" content=\"800\" \/>\n\t<meta property=\"og:image:height\" content=\"800\" \/>\n\t<meta property=\"og:image:type\" content=\"image\/png\" \/>\n<meta name=\"twitter:card\" content=\"summary_large_image\" \/>\n<meta name=\"twitter:label1\" content=\"Szacowany czas czytania\" \/>\n\t<meta name=\"twitter:data1\" content=\"2 minuty\" \/>\n<script type=\"application\/ld+json\" class=\"yoast-schema-graph\">{\"@context\":\"https:\\\/\\\/schema.org\",\"@graph\":[{\"@type\":\"WebPage\",\"@id\":\"https:\\\/\\\/toidupakk.ee\\\/pl\\\/toode\\\/materac-turystyczny-18mm\\\/\",\"url\":\"https:\\\/\\\/toidupakk.ee\\\/pl\\\/toode\\\/materac-turystyczny-18mm\\\/\",\"name\":\"Materac turystyczny 18mm\",\"isPartOf\":{\"@id\":\"https:\\\/\\\/toidupakk.ee\\\/pl\\\/#website\"},\"primaryImageOfPage\":{\"@id\":\"https:\\\/\\\/toidupakk.ee\\\/pl\\\/toode\\\/materac-turystyczny-18mm\\\/#primaryimage\"},\"image\":{\"@id\":\"https:\\\/\\\/toidupakk.ee\\\/pl\\\/toode\\\/materac-turystyczny-18mm\\\/#primaryimage\"},\"thumbnailUrl\":\"https:\\\/\\\/toidupakk.ee\\\/wp-content\\\/uploads\\\/2025\\\/03\\\/1-3.png\",\"datePublished\":\"2025-03-21T12:21:42+00:00\",\"dateModified\":\"2026-04-21T09:01:02+00:00\",\"description\":\"Materac turystyczny M90 to wytrzyma\u0142a, lekka i wodoodporna podk\u0142adka do w\u0119dr\u00f3wek i biwakowania. 18 mm pianka zapewnia komfort i izolacj\u0119 termiczn\u0105.\",\"breadcrumb\":{\"@id\":\"https:\\\/\\\/toidupakk.ee\\\/pl\\\/toode\\\/materac-turystyczny-18mm\\\/#breadcrumb\"},\"inLanguage\":\"pl-PL\",\"potentialAction\":[{\"@type\":\"ReadAction\",\"target\":[\"https:\\\/\\\/toidupakk.ee\\\/pl\\\/toode\\\/materac-turystyczny-18mm\\\/\"]}]},{\"@type\":\"ImageObject\",\"inLanguage\":\"pl-PL\",\"@id\":\"https:\\\/\\\/toidupakk.ee\\\/pl\\\/toode\\\/materac-turystyczny-18mm\\\/#primaryimage\",\"url\":\"https:\\\/\\\/toidupakk.ee\\\/wp-content\\\/uploads\\\/2025\\\/03\\\/1-3.png\",\"contentUrl\":\"https:\\\/\\\/toidupakk.ee\\\/wp-content\\\/uploads\\\/2025\\\/03\\\/1-3.png\",\"width\":800,\"height\":800},{\"@type\":\"BreadcrumbList\",\"@id\":\"https:\\\/\\\/toidupakk.ee\\\/pl\\\/toode\\\/materac-turystyczny-18mm\\\/#breadcrumb\",\"itemListElement\":[{\"@type\":\"ListItem\",\"position\":1,\"name\":\"Avaleht\",\"item\":\"https:\\\/\\\/toidupakk.ee\\\/pl\\\/\"},{\"@type\":\"ListItem\",\"position\":2,\"name\":\"Sklep internetowy\",\"item\":\"https:\\\/\\\/toidupakk.ee\\\/pl\\\/sklep-internetowy\\\/\"},{\"@type\":\"ListItem\",\"position\":3,\"name\":\"Materac turystyczny 18mm\"}]},{\"@type\":\"WebSite\",\"@id\":\"https:\\\/\\\/toidupakk.ee\\\/pl\\\/#website\",\"url\":\"https:\\\/\\\/toidupakk.ee\\\/pl\\\/\",\"name\":\"Toidupakk.ee - Tactical Foodpack toidupakid\",\"description\":\"Tactical Foodpack k\u00fclmkuivatatud toidupakid ja matkaeined\",\"publisher\":{\"@id\":\"https:\\\/\\\/toidupakk.ee\\\/pl\\\/#organization\"},\"potentialAction\":[{\"@type\":\"SearchAction\",\"target\":{\"@type\":\"EntryPoint\",\"urlTemplate\":\"https:\\\/\\\/toidupakk.ee\\\/pl\\\/?s={search_term_string}\"},\"query-input\":{\"@type\":\"PropertyValueSpecification\",\"valueRequired\":true,\"valueName\":\"search_term_string\"}}],\"inLanguage\":\"pl-PL\"},{\"@type\":\"Organization\",\"@id\":\"https:\\\/\\\/toidupakk.ee\\\/pl\\\/#organization\",\"name\":\"Tactical Foodpack matkaeined\",\"url\":\"https:\\\/\\\/toidupakk.ee\\\/pl\\\/\",\"logo\":{\"@type\":\"ImageObject\",\"inLanguage\":\"pl-PL\",\"@id\":\"https:\\\/\\\/toidupakk.ee\\\/pl\\\/#\\\/schema\\\/logo\\\/image\\\/\",\"url\":\"https:\\\/\\\/toidupakk.ee\\\/wp-content\\\/uploads\\\/2022\\\/01\\\/Toidupakk-matkapood-logo-transparent.png\",\"contentUrl\":\"https:\\\/\\\/toidupakk.ee\\\/wp-content\\\/uploads\\\/2022\\\/01\\\/Toidupakk-matkapood-logo-transparent.png\",\"width\":500,\"height\":500,\"caption\":\"Tactical Foodpack matkaeined\"},\"image\":{\"@id\":\"https:\\\/\\\/toidupakk.ee\\\/pl\\\/#\\\/schema\\\/logo\\\/image\\\/\"},\"sameAs\":[\"https:\\\/\\\/www.facebook.com\\\/Toidupakk\",\"https:\\\/\\\/www.instagram.com\\\/toidupakk\\\/\"]}]}<\/script>\n<!-- \/ Yoast SEO plugin. -->","yoast_head_json":{"title":"Materac turystyczny 18mm","description":"Materac turystyczny M90 to wytrzyma\u0142a, lekka i wodoodporna podk\u0142adka do w\u0119dr\u00f3wek i biwakowania. 18 mm pianka zapewnia komfort i izolacj\u0119 termiczn\u0105.","robots":{"index":"index","follow":"follow","max-snippet":"max-snippet:-1","max-image-preview":"max-image-preview:large","max-video-preview":"max-video-preview:-1"},"canonical":"https:\/\/toidupakk.ee\/pl\/toode\/materac-turystyczny-18mm\/","og_locale":"pl_PL","og_type":"article","og_title":"Materac turystyczny 18mm","og_description":"Materac turystyczny M90 to wytrzyma\u0142a, lekka i wodoodporna podk\u0142adka do w\u0119dr\u00f3wek i biwakowania. 18 mm pianka zapewnia komfort i izolacj\u0119 termiczn\u0105.","og_url":"https:\/\/toidupakk.ee\/pl\/toode\/materac-turystyczny-18mm\/","og_site_name":"Toidupakk.ee - Tactical Foodpack toidupakid","article_publisher":"https:\/\/www.facebook.com\/Toidupakk","article_modified_time":"2026-04-21T09:01:02+00:00","og_image":[{"width":800,"height":800,"url":"https:\/\/toidupakk.ee\/wp-content\/uploads\/2025\/03\/1-3.png","type":"image\/png"}],"twitter_card":"summary_large_image","twitter_misc":{"Szacowany czas czytania":"2 minuty"},"schema":{"@context":"https:\/\/schema.org","@graph":[{"@type":"WebPage","@id":"https:\/\/toidupakk.ee\/pl\/toode\/materac-turystyczny-18mm\/","url":"https:\/\/toidupakk.ee\/pl\/toode\/materac-turystyczny-18mm\/","name":"Materac turystyczny 18mm","isPartOf":{"@id":"https:\/\/toidupakk.ee\/pl\/#website"},"primaryImageOfPage":{"@id":"https:\/\/toidupakk.ee\/pl\/toode\/materac-turystyczny-18mm\/#primaryimage"},"image":{"@id":"https:\/\/toidupakk.ee\/pl\/toode\/materac-turystyczny-18mm\/#primaryimage"},"thumbnailUrl":"https:\/\/toidupakk.ee\/wp-content\/uploads\/2025\/03\/1-3.png","datePublished":"2025-03-21T12:21:42+00:00","dateModified":"2026-04-21T09:01:02+00:00","description":"Materac turystyczny M90 to wytrzyma\u0142a, lekka i wodoodporna podk\u0142adka do w\u0119dr\u00f3wek i biwakowania. 18 mm pianka zapewnia komfort i izolacj\u0119 termiczn\u0105.","breadcrumb":{"@id":"https:\/\/toidupakk.ee\/pl\/toode\/materac-turystyczny-18mm\/#breadcrumb"},"inLanguage":"pl-PL","potentialAction":[{"@type":"ReadAction","target":["https:\/\/toidupakk.ee\/pl\/toode\/materac-turystyczny-18mm\/"]}]},{"@type":"ImageObject","inLanguage":"pl-PL","@id":"https:\/\/toidupakk.ee\/pl\/toode\/materac-turystyczny-18mm\/#primaryimage","url":"https:\/\/toidupakk.ee\/wp-content\/uploads\/2025\/03\/1-3.png","contentUrl":"https:\/\/toidupakk.ee\/wp-content\/uploads\/2025\/03\/1-3.png","width":800,"height":800},{"@type":"BreadcrumbList","@id":"https:\/\/toidupakk.ee\/pl\/toode\/materac-turystyczny-18mm\/#breadcrumb","itemListElement":[{"@type":"ListItem","position":1,"name":"Avaleht","item":"https:\/\/toidupakk.ee\/pl\/"},{"@type":"ListItem","position":2,"name":"Sklep internetowy","item":"https:\/\/toidupakk.ee\/pl\/sklep-internetowy\/"},{"@type":"ListItem","position":3,"name":"Materac turystyczny 18mm"}]},{"@type":"WebSite","@id":"https:\/\/toidupakk.ee\/pl\/#website","url":"https:\/\/toidupakk.ee\/pl\/","name":"Toidupakk.ee - Tactical Foodpack toidupakid","description":"Tactical Foodpack k\u00fclmkuivatatud toidupakid ja matkaeined","publisher":{"@id":"https:\/\/toidupakk.ee\/pl\/#organization"},"potentialAction":[{"@type":"SearchAction","target":{"@type":"EntryPoint","urlTemplate":"https:\/\/toidupakk.ee\/pl\/?s={search_term_string}"},"query-input":{"@type":"PropertyValueSpecification","valueRequired":true,"valueName":"search_term_string"}}],"inLanguage":"pl-PL"},{"@type":"Organization","@id":"https:\/\/toidupakk.ee\/pl\/#organization","name":"Tactical Foodpack matkaeined","url":"https:\/\/toidupakk.ee\/pl\/","logo":{"@type":"ImageObject","inLanguage":"pl-PL","@id":"https:\/\/toidupakk.ee\/pl\/#\/schema\/logo\/image\/","url":"https:\/\/toidupakk.ee\/wp-content\/uploads\/2022\/01\/Toidupakk-matkapood-logo-transparent.png","contentUrl":"https:\/\/toidupakk.ee\/wp-content\/uploads\/2022\/01\/Toidupakk-matkapood-logo-transparent.png","width":500,"height":500,"caption":"Tactical Foodpack matkaeined"},"image":{"@id":"https:\/\/toidupakk.ee\/pl\/#\/schema\/logo\/image\/"},"sameAs":["https:\/\/www.facebook.com\/Toidupakk","https:\/\/www.instagram.com\/toidupakk\/"]}]}},"jetpack_sharing_enabled":true,"_links":{"self":[{"href":"https:\/\/toidupakk.ee\/pl\/wp-json\/wp\/v2\/product\/50305","targetHints":{"allow":["GET"]}}],"collection":[{"href":"https:\/\/toidupakk.ee\/pl\/wp-json\/wp\/v2\/product"}],"about":[{"href":"https:\/\/toidupakk.ee\/pl\/wp-json\/wp\/v2\/types\/product"}],"replies":[{"embeddable":true,"href":"https:\/\/toidupakk.ee\/pl\/wp-json\/wp\/v2\/comments?post=50305"}],"wp:featuredmedia":[{"embeddable":true,"href":"https:\/\/toidupakk.ee\/pl\/wp-json\/wp\/v2\/media\/50317"}],"wp:attachment":[{"href":"https:\/\/toidupakk.ee\/pl\/wp-json\/wp\/v2\/media?parent=50305"}],"wp:term":[{"taxonomy":"product_brand","embeddable":true,"href":"https:\/\/toidupakk.ee\/pl\/wp-json\/wp\/v2\/product_brand?post=50305"},{"taxonomy":"product_cat","embeddable":true,"href":"https:\/\/toidupakk.ee\/pl\/wp-json\/wp\/v2\/product_cat?post=50305"},{"taxonomy":"product_tag","embeddable":true,"href":"https:\/\/toidupakk.ee\/pl\/wp-json\/wp\/v2\/product_tag?post=50305"}],"curies":[{"name":"wp","href":"https:\/\/api.w.org\/{rel}","templated":true}]}}