{"id":50278,"date":"2025-03-19T14:53:06","date_gmt":"2025-03-19T12:53:06","guid":{"rendered":"https:\/\/toidupakk.ee\/toode\/akumulatorowe-radio-kieszonkowe-sandberg-pocket-radio-fm-recharge\/"},"modified":"2026-04-30T11:01:07","modified_gmt":"2026-04-30T08:01:07","slug":"akumulatorowe-radio-kieszonkowe-sandberg-pocket-radio-fm-recharge","status":"publish","type":"product","link":"https:\/\/toidupakk.ee\/pl\/toode\/akumulatorowe-radio-kieszonkowe-sandberg-pocket-radio-fm-recharge\/","title":{"rendered":"Akumulatorowe radio kieszonkowe Sandberg\u00ae Pocket Radio FM Recharge"},"content":{"rendered":"<h2>Akumulatorowe radio kieszonkowe Sandberg\u00ae Pocket Radio FM Recharge<\/h2>\n<p data-start=\"186\" data-end=\"659\">To akumulatorowe radio kieszonkowe to ultrakompaktowy i wygodny towarzysz aktywno\u015bci na zewn\u0105trz. Idealnie nadaje si\u0119 do biegania, jazdy na rowerze, biwakowania i innych zaj\u0119\u0107. To tak\u017ce niezawodne radio na sytuacje awaryjne, gdy brakuje internetu i pr\u0105du. Dzi\u0119ki praktycznemu klipsowi \u0142atwo przypniesz je do ubrania lub plecaka. Radio ma wbudowany akumulator, a do\u0142\u0105czone s\u0142uchawki s\u0142u\u017c\u0105 jako antena FM, zapewniaj\u0105c czysty odbi\u00f3r bez zak\u0142\u00f3ce\u0144.    <\/p>\n<p data-start=\"661\" data-end=\"1080\">To radio kieszonkowe stworzono dla aktywnych odkrywc\u00f3w oraz os\u00f3b, kt\u00f3re chc\u0105 wygodnie s\u0142ucha\u0107 ulubionych stacji w domu lub biurze. Ma\u0142a i lekka konstrukcja u\u0142atwia przenoszenie, a wytrzyma\u0142a budowa sprawdzi si\u0119 nawet w trudniejszych warunkach. Niezale\u017cnie od tego, czy to wyprawa, podr\u00f3\u017c czy spacer po mie\u015bcie \u2013 Sandberg Pocket Radio FM Recharge jest zawsze gotowe na dawk\u0119 rozrywki.  <\/p>\n<h2 data-start=\"661\" data-end=\"1080\">Bateria o d\u0142ugim czasie pracy<\/h2>\n<p>Wyposa\u017cone we wbudowany akumulator 300 mAh, kt\u00f3ry pozwala cieszy\u0107 si\u0119 muzyk\u0105 i wiadomo\u015bciami nawet przez 18 godzin na jednym \u0142adowaniu. To idealny towarzysz d\u0142ugich w\u0119dr\u00f3wek, biwak\u00f3w i codziennego u\u017cytku. Dzi\u0119ki niskiemu zu\u017cyciu energii nie musisz si\u0119 martwi\u0107, \u017ce bateria nagle si\u0119 wy\u0142aduje. Gdy nadejdzie czas \u0142adowania, zrobisz to wygodnie kablem USB-C, co gwarantuje szybko\u015b\u0107 i wydajno\u015b\u0107.   <\/p>\n<p><img fetchpriority=\"high\" decoding=\"async\" class=\"alignleft size-medium wp-image-33269\" src=\"https:\/\/toidupakk.ee\/wp-content\/uploads\/2025\/03\/4-2-300x300.png\" alt=\"Akumulatorowe radio kieszonkowe Sandberg Pocket Radio FM Recharge, cyfrowy wy\u015bwietlacz, s\u0142uchawki przewodowe z funkcj\u0105 anteny FM\" width=\"300\" height=\"300\" srcset=\"https:\/\/toidupakk.ee\/wp-content\/uploads\/2025\/03\/4-2-300x300.png 300w, https:\/\/toidupakk.ee\/wp-content\/uploads\/2025\/03\/4-2-400x400.png 400w, https:\/\/toidupakk.ee\/wp-content\/uploads\/2025\/03\/4-2-100x100.png 100w, https:\/\/toidupakk.ee\/wp-content\/uploads\/2025\/03\/4-2-500x500.png 500w, https:\/\/toidupakk.ee\/wp-content\/uploads\/2025\/03\/4-2-768x768.png 768w, https:\/\/toidupakk.ee\/wp-content\/uploads\/2025\/03\/4-2.png 800w\" sizes=\"(max-width: 300px) 100vw, 300px\" \/><\/p>\n<p>&nbsp;<\/p>\n<p>&nbsp;<\/p>\n<p>&nbsp;<\/p>\n<p>&nbsp;<\/p>\n<p>&nbsp;<\/p>\n<p>&nbsp;<\/p>\n<p>&nbsp;<\/p>\n<p>&nbsp;<\/p>\n<h2>S\u0142uchawki jako antena \u2013 stabilny odbi\u00f3r FM w ka\u017cdym miejscu<\/h2>\n<p>Sandberg Pocket Radio FM Recharge posiada sprytne rozwi\u0105zanie: do\u0142\u0105czone s\u0142uchawki dzia\u0142aj\u0105 jako odbiornik sygna\u0142u FM. Pozwala to s\u0142ucha\u0107 ulubionych stacji w zakresie 76\u2013108 MHz nawet tam, gdzie zwyk\u0142e radia mog\u0105 mie\u0107 s\u0142aby zasi\u0119g. Dzi\u0119ki tej funkcji zyskasz czysty d\u017awi\u0119k wysokiej jako\u015bci nawet w miejscach o s\u0142abszym sygnale, np. w lesie, na szlaku czy z dala od miasta.  <\/p>\n<h2>Praktyczny design \u2013 akumulatorowe radio kieszonkowe, kt\u00f3re wygodnie zabierzesz wsz\u0119dzie<\/h2>\n<p>Wbudowany klips pozwala \u0142atwo przypi\u0105\u0107 radio do ubrania, torby lub paska, dzi\u0119ki czemu jest zawsze pod r\u0119k\u0105 i nie kr\u0119puje ruch\u00f3w. Kompaktowa i lekka konstrukcja (tylko 60 g) nie stanowi obci\u0105\u017cenia, co czyni je idealnym towarzyszem wypraw, wycieczek rowerowych, biegania czy codziennych spraw. <\/p>\n<h2>Dane techniczne<\/h2>\n<ul>\n<li>Zakres cz\u0119stotliwo\u015bci FM: 76\u2013108 MHz<\/li>\n<li>Stosunek sygna\u0142u do szumu FM: &gt;40 dB<\/li>\n<li>Wej\u015bcie USB-C: \u0142adowanie za pomoc\u0105 do\u0142\u0105czonego kabla USB-A \u2013 USB-C<\/li>\n<li>Maksymalna moc wyj\u015bciowa: 6 mW<\/li>\n<li>Wbudowany wy\u015bwietlacz<\/li>\n<li>Pojemno\u015b\u0107 baterii: 300 mAh, 3,7 V (1,11 Wh)<\/li>\n<li>Czas pracy baterii: do 18 godzin na jednym \u0142adowaniu<\/li>\n<li>Gwarancja producenta: 5 lat<\/li>\n<\/ul>\n<p><img decoding=\"async\" class=\"alignleft size-medium wp-image-33267\" src=\"https:\/\/toidupakk.ee\/wp-content\/uploads\/2025\/03\/2-1-300x300.jpg\" alt=\"Akumulatorowe radio kieszonkowe Sandberg Pocket Radio FM Recharge z klipsem do paska.\" width=\"300\" height=\"300\" srcset=\"https:\/\/toidupakk.ee\/wp-content\/uploads\/2025\/03\/2-1-300x300.jpg 300w, https:\/\/toidupakk.ee\/wp-content\/uploads\/2025\/03\/2-1-400x400.jpg 400w, https:\/\/toidupakk.ee\/wp-content\/uploads\/2025\/03\/2-1-100x100.jpg 100w, https:\/\/toidupakk.ee\/wp-content\/uploads\/2025\/03\/2-1-500x500.jpg 500w, https:\/\/toidupakk.ee\/wp-content\/uploads\/2025\/03\/2-1-768x768.jpg 768w, https:\/\/toidupakk.ee\/wp-content\/uploads\/2025\/03\/2-1.jpg 800w\" sizes=\"(max-width: 300px) 100vw, 300px\" \/><\/p>\n<p>&nbsp;<\/p>\n<p>&nbsp;<\/p>\n<p>&nbsp;<\/p>\n<p>&nbsp;<\/p>\n<p>&nbsp;<\/p>\n<p>&nbsp;<\/p>\n<p>&nbsp;<\/p>\n<p>&nbsp;<\/p>\n<p>Sprawd\u017a powerbanki <a href=\"https:\/\/toidupakk.ee\/pl\/tootekategooria\/powerbanki\/\">TUTAJ<\/a><\/p>\n<p>Interesuj\u0105 Ci\u0119 posi\u0142ki turystyczne? Zobacz <a href=\"https:\/\/toidupakk.ee\/pl\/tootekategooria\/dania-glowne\/\">TUTAJ<\/a><\/p>\n<p>Znajd\u017a inspiracj\u0119 na kolejne przygody na <a href=\"https:\/\/www.instagram.com\/toidupakk\/\">Instagramie<\/a> i <a href=\"https:\/\/www.facebook.com\/Toidupakk\/\">Facebooku<\/a> Toidupakk.<\/p>\n","protected":false},"excerpt":{"rendered":"<p><strong>Ma\u0142e, ale wydajne akumulatorowe radio FM, kt\u00f3re mie\u015bci si\u0119 w ka\u017cdej kieszeni i jest idealnym towarzyszem wypraw, wycieczek rowerowych oraz codziennego u\u017cytku.<\/strong><\/p>\n<ul>\n<li><strong>Bateria o d\u0142ugim czasie pracy<\/strong>: Wbudowany akumulator 300 mAh zapewnia do 18 godzin s\u0142uchania muzyki lub radia na jednym \u0142adowaniu.<\/li>\n<li><strong>\u0141adowanie USB-C<\/strong>: Wygodne i szybkie \u0142adowanie przez USB-C. W zestawie kabel USB-A \u2013 USB-C. <\/li>\n<li><strong>Szeroki zakres cz\u0119stotliwo\u015bci<\/strong>: Obs\u0142uguje cz\u0119stotliwo\u015bci FM 76\u2013108 MHz.<\/li>\n<li><strong>S\u0142uchawki jako antena<\/strong>: Do\u0142\u0105czone s\u0142uchawki dzia\u0142aj\u0105 r\u00f3wnie\u017c jako antena, zapewniaj\u0105c lepszy odbi\u00f3r sygna\u0142u w miejscach o s\u0142abszym zasi\u0119gu.<\/li>\n<li><strong>Praktyczny design<\/strong>: Wbudowany klips pozwala \u0142atwo przypi\u0105\u0107 radio<br \/>\ndo ubrania lub torby.<\/li>\n<li><strong>Cyfrowy wy\u015bwietlacz<\/strong>: Wy\u015bwietla niezb\u0119dne informacje o stacjach FM i stanie baterii.<\/li>\n<li><strong>Idealne na sytuacje awaryjne<\/strong>: Przydatne urz\u0105dzenie zapasowe, gdy brakuje \u0142\u0105czno\u015bci mobilnej lub internetu.<\/li>\n<li><strong>Superlekkie i wytrzyma\u0142e<\/strong>: Radio wa\u017cy tylko 60 g, dzi\u0119ki czemu wygodnie je<br \/>\nnosi\u0107 przy sobie.<\/li>\n<li><strong>Wszechstronne zastosowanie<\/strong>: Idealne do aktywno\u015bci na zewn\u0105trz, u\u017cytku domowego,<br \/>\npracy czy podr\u00f3\u017cy.<\/li>\n<li>Fabryczna <strong>gwarancja 5 lat<\/strong><\/li>\n<li><strong>W zestawie<\/strong>: 1x Sandberg Pocket Radio FM Recharge, 1x s\u0142uchawki (z anten\u0105 FM), 1x kabel \u0142aduj\u0105cy USB-A \u2013 USB-C (50 cm), 1x skr\u00f3cona instrukcja obs\u0142ugi<\/li>\n<\/ul>\n<p>\u2705 Dost\u0119pne w magazynie, szybka dostawa w 1-3 dni robocze<br \/>\n\u2705 Kup teraz, zap\u0142a\u0107 p\u00f3\u017aniej (RRSO 0%)<\/p>\n","protected":false},"featured_media":33268,"comment_status":"open","ping_status":"closed","template":"","meta":{"_acf_changed":false},"product_brand":[],"product_cat":[303,315,359,301],"product_tag":[],"class_list":{"0":"post-50278","1":"product","2":"type-product","3":"status-publish","4":"has-post-thumbnail","6":"product_cat-akcesoria-turystyczne","7":"product_cat-elektronika","8":"product_cat-radia","9":"product_cat-sprzet-turystyczny","11":"first","12":"instock","13":"taxable","14":"shipping-taxable","15":"purchasable","16":"product-type-simple"},"bundled_by":[],"bundle_stock_status":"instock","bundle_stock_quantity":4,"bundle_virtual":false,"bundle_layout":"","bundle_add_to_cart_form_location":"","bundle_editable_in_cart":false,"bundle_sold_individually_context":"","bundle_item_grouping":"","bundle_min_size":"","bundle_max_size":"","bundle_price":[],"bundled_items":[],"bundle_sell_ids":[],"acf":[],"yoast_head":"<!-- This site is optimized with the Yoast SEO plugin v27.3 - https:\/\/yoast.com\/product\/yoast-seo-wordpress\/ -->\n<title>Akumulatorowe radio kieszonkowe Sandberg\u00ae Pocket Radio FM Recharge<\/title>\n<meta name=\"description\" content=\"S\u0142uchaj ulubionych stacji radiowych wsz\u0119dzie \u2013 w pracy, w domu czy na szlaku. Bezprzewodowe, akumulatorowe radio FM o kompaktowym i stylowym designie.\" \/>\n<meta name=\"robots\" content=\"index, follow, max-snippet:-1, max-image-preview:large, max-video-preview:-1\" \/>\n<link rel=\"canonical\" href=\"https:\/\/toidupakk.ee\/pl\/toode\/akumulatorowe-radio-kieszonkowe-sandberg-pocket-radio-fm-recharge\/\" \/>\n<meta property=\"og:locale\" content=\"pl_PL\" \/>\n<meta property=\"og:type\" content=\"article\" \/>\n<meta property=\"og:title\" content=\"Akumulatorowe radio kieszonkowe Sandberg\u00ae Pocket Radio FM Recharge\" \/>\n<meta property=\"og:description\" content=\"S\u0142uchaj ulubionych stacji radiowych wsz\u0119dzie \u2013 w pracy, w domu czy na szlaku. Bezprzewodowe, akumulatorowe radio FM o kompaktowym i stylowym designie.\" \/>\n<meta property=\"og:url\" content=\"https:\/\/toidupakk.ee\/pl\/toode\/akumulatorowe-radio-kieszonkowe-sandberg-pocket-radio-fm-recharge\/\" \/>\n<meta property=\"og:site_name\" content=\"Toidupakk.ee - Tactical Foodpack toidupakid\" \/>\n<meta property=\"article:publisher\" content=\"https:\/\/www.facebook.com\/Toidupakk\" \/>\n<meta property=\"article:modified_time\" content=\"2026-04-30T08:01:07+00:00\" \/>\n<meta property=\"og:image\" content=\"https:\/\/toidupakk.ee\/wp-content\/uploads\/2025\/03\/3-1.png\" \/>\n\t<meta property=\"og:image:width\" content=\"800\" \/>\n\t<meta property=\"og:image:height\" content=\"800\" \/>\n\t<meta property=\"og:image:type\" content=\"image\/png\" \/>\n<meta name=\"twitter:card\" content=\"summary_large_image\" \/>\n<meta name=\"twitter:label1\" content=\"Szacowany czas czytania\" \/>\n\t<meta name=\"twitter:data1\" content=\"2 minuty\" \/>\n<script type=\"application\/ld+json\" class=\"yoast-schema-graph\">{\"@context\":\"https:\\\/\\\/schema.org\",\"@graph\":[{\"@type\":\"WebPage\",\"@id\":\"https:\\\/\\\/toidupakk.ee\\\/pl\\\/toode\\\/akumulatorowe-radio-kieszonkowe-sandberg-pocket-radio-fm-recharge\\\/\",\"url\":\"https:\\\/\\\/toidupakk.ee\\\/pl\\\/toode\\\/akumulatorowe-radio-kieszonkowe-sandberg-pocket-radio-fm-recharge\\\/\",\"name\":\"Akumulatorowe radio kieszonkowe Sandberg\u00ae Pocket Radio FM Recharge\",\"isPartOf\":{\"@id\":\"https:\\\/\\\/toidupakk.ee\\\/pl\\\/#website\"},\"primaryImageOfPage\":{\"@id\":\"https:\\\/\\\/toidupakk.ee\\\/pl\\\/toode\\\/akumulatorowe-radio-kieszonkowe-sandberg-pocket-radio-fm-recharge\\\/#primaryimage\"},\"image\":{\"@id\":\"https:\\\/\\\/toidupakk.ee\\\/pl\\\/toode\\\/akumulatorowe-radio-kieszonkowe-sandberg-pocket-radio-fm-recharge\\\/#primaryimage\"},\"thumbnailUrl\":\"https:\\\/\\\/toidupakk.ee\\\/wp-content\\\/uploads\\\/2025\\\/03\\\/3-1.png\",\"datePublished\":\"2025-03-19T12:53:06+00:00\",\"dateModified\":\"2026-04-30T08:01:07+00:00\",\"description\":\"S\u0142uchaj ulubionych stacji radiowych wsz\u0119dzie \u2013 w pracy, w domu czy na szlaku. Bezprzewodowe, akumulatorowe radio FM o kompaktowym i stylowym designie.\",\"breadcrumb\":{\"@id\":\"https:\\\/\\\/toidupakk.ee\\\/pl\\\/toode\\\/akumulatorowe-radio-kieszonkowe-sandberg-pocket-radio-fm-recharge\\\/#breadcrumb\"},\"inLanguage\":\"pl-PL\",\"potentialAction\":[{\"@type\":\"ReadAction\",\"target\":[\"https:\\\/\\\/toidupakk.ee\\\/pl\\\/toode\\\/akumulatorowe-radio-kieszonkowe-sandberg-pocket-radio-fm-recharge\\\/\"]}]},{\"@type\":\"ImageObject\",\"inLanguage\":\"pl-PL\",\"@id\":\"https:\\\/\\\/toidupakk.ee\\\/pl\\\/toode\\\/akumulatorowe-radio-kieszonkowe-sandberg-pocket-radio-fm-recharge\\\/#primaryimage\",\"url\":\"https:\\\/\\\/toidupakk.ee\\\/wp-content\\\/uploads\\\/2025\\\/03\\\/3-1.png\",\"contentUrl\":\"https:\\\/\\\/toidupakk.ee\\\/wp-content\\\/uploads\\\/2025\\\/03\\\/3-1.png\",\"width\":800,\"height\":800},{\"@type\":\"BreadcrumbList\",\"@id\":\"https:\\\/\\\/toidupakk.ee\\\/pl\\\/toode\\\/akumulatorowe-radio-kieszonkowe-sandberg-pocket-radio-fm-recharge\\\/#breadcrumb\",\"itemListElement\":[{\"@type\":\"ListItem\",\"position\":1,\"name\":\"Avaleht\",\"item\":\"https:\\\/\\\/toidupakk.ee\\\/pl\\\/\"},{\"@type\":\"ListItem\",\"position\":2,\"name\":\"Sklep internetowy\",\"item\":\"https:\\\/\\\/toidupakk.ee\\\/pl\\\/sklep-internetowy\\\/\"},{\"@type\":\"ListItem\",\"position\":3,\"name\":\"Akumulatorowe radio kieszonkowe Sandberg\u00ae Pocket Radio FM Recharge\"}]},{\"@type\":\"WebSite\",\"@id\":\"https:\\\/\\\/toidupakk.ee\\\/pl\\\/#website\",\"url\":\"https:\\\/\\\/toidupakk.ee\\\/pl\\\/\",\"name\":\"Toidupakk.ee - Tactical Foodpack toidupakid\",\"description\":\"Tactical Foodpack k\u00fclmkuivatatud toidupakid ja matkaeined\",\"publisher\":{\"@id\":\"https:\\\/\\\/toidupakk.ee\\\/pl\\\/#organization\"},\"potentialAction\":[{\"@type\":\"SearchAction\",\"target\":{\"@type\":\"EntryPoint\",\"urlTemplate\":\"https:\\\/\\\/toidupakk.ee\\\/pl\\\/?s={search_term_string}\"},\"query-input\":{\"@type\":\"PropertyValueSpecification\",\"valueRequired\":true,\"valueName\":\"search_term_string\"}}],\"inLanguage\":\"pl-PL\"},{\"@type\":\"Organization\",\"@id\":\"https:\\\/\\\/toidupakk.ee\\\/pl\\\/#organization\",\"name\":\"Tactical Foodpack matkaeined\",\"url\":\"https:\\\/\\\/toidupakk.ee\\\/pl\\\/\",\"logo\":{\"@type\":\"ImageObject\",\"inLanguage\":\"pl-PL\",\"@id\":\"https:\\\/\\\/toidupakk.ee\\\/pl\\\/#\\\/schema\\\/logo\\\/image\\\/\",\"url\":\"https:\\\/\\\/toidupakk.ee\\\/wp-content\\\/uploads\\\/2022\\\/01\\\/Toidupakk-matkapood-logo-transparent.png\",\"contentUrl\":\"https:\\\/\\\/toidupakk.ee\\\/wp-content\\\/uploads\\\/2022\\\/01\\\/Toidupakk-matkapood-logo-transparent.png\",\"width\":500,\"height\":500,\"caption\":\"Tactical Foodpack matkaeined\"},\"image\":{\"@id\":\"https:\\\/\\\/toidupakk.ee\\\/pl\\\/#\\\/schema\\\/logo\\\/image\\\/\"},\"sameAs\":[\"https:\\\/\\\/www.facebook.com\\\/Toidupakk\",\"https:\\\/\\\/www.instagram.com\\\/toidupakk\\\/\"]}]}<\/script>\n<!-- \/ Yoast SEO plugin. -->","yoast_head_json":{"title":"Akumulatorowe radio kieszonkowe Sandberg\u00ae Pocket Radio FM Recharge","description":"S\u0142uchaj ulubionych stacji radiowych wsz\u0119dzie \u2013 w pracy, w domu czy na szlaku. Bezprzewodowe, akumulatorowe radio FM o kompaktowym i stylowym designie.","robots":{"index":"index","follow":"follow","max-snippet":"max-snippet:-1","max-image-preview":"max-image-preview:large","max-video-preview":"max-video-preview:-1"},"canonical":"https:\/\/toidupakk.ee\/pl\/toode\/akumulatorowe-radio-kieszonkowe-sandberg-pocket-radio-fm-recharge\/","og_locale":"pl_PL","og_type":"article","og_title":"Akumulatorowe radio kieszonkowe Sandberg\u00ae Pocket Radio FM Recharge","og_description":"S\u0142uchaj ulubionych stacji radiowych wsz\u0119dzie \u2013 w pracy, w domu czy na szlaku. Bezprzewodowe, akumulatorowe radio FM o kompaktowym i stylowym designie.","og_url":"https:\/\/toidupakk.ee\/pl\/toode\/akumulatorowe-radio-kieszonkowe-sandberg-pocket-radio-fm-recharge\/","og_site_name":"Toidupakk.ee - Tactical Foodpack toidupakid","article_publisher":"https:\/\/www.facebook.com\/Toidupakk","article_modified_time":"2026-04-30T08:01:07+00:00","og_image":[{"width":800,"height":800,"url":"https:\/\/toidupakk.ee\/wp-content\/uploads\/2025\/03\/3-1.png","type":"image\/png"}],"twitter_card":"summary_large_image","twitter_misc":{"Szacowany czas czytania":"2 minuty"},"schema":{"@context":"https:\/\/schema.org","@graph":[{"@type":"WebPage","@id":"https:\/\/toidupakk.ee\/pl\/toode\/akumulatorowe-radio-kieszonkowe-sandberg-pocket-radio-fm-recharge\/","url":"https:\/\/toidupakk.ee\/pl\/toode\/akumulatorowe-radio-kieszonkowe-sandberg-pocket-radio-fm-recharge\/","name":"Akumulatorowe radio kieszonkowe Sandberg\u00ae Pocket Radio FM Recharge","isPartOf":{"@id":"https:\/\/toidupakk.ee\/pl\/#website"},"primaryImageOfPage":{"@id":"https:\/\/toidupakk.ee\/pl\/toode\/akumulatorowe-radio-kieszonkowe-sandberg-pocket-radio-fm-recharge\/#primaryimage"},"image":{"@id":"https:\/\/toidupakk.ee\/pl\/toode\/akumulatorowe-radio-kieszonkowe-sandberg-pocket-radio-fm-recharge\/#primaryimage"},"thumbnailUrl":"https:\/\/toidupakk.ee\/wp-content\/uploads\/2025\/03\/3-1.png","datePublished":"2025-03-19T12:53:06+00:00","dateModified":"2026-04-30T08:01:07+00:00","description":"S\u0142uchaj ulubionych stacji radiowych wsz\u0119dzie \u2013 w pracy, w domu czy na szlaku. Bezprzewodowe, akumulatorowe radio FM o kompaktowym i stylowym designie.","breadcrumb":{"@id":"https:\/\/toidupakk.ee\/pl\/toode\/akumulatorowe-radio-kieszonkowe-sandberg-pocket-radio-fm-recharge\/#breadcrumb"},"inLanguage":"pl-PL","potentialAction":[{"@type":"ReadAction","target":["https:\/\/toidupakk.ee\/pl\/toode\/akumulatorowe-radio-kieszonkowe-sandberg-pocket-radio-fm-recharge\/"]}]},{"@type":"ImageObject","inLanguage":"pl-PL","@id":"https:\/\/toidupakk.ee\/pl\/toode\/akumulatorowe-radio-kieszonkowe-sandberg-pocket-radio-fm-recharge\/#primaryimage","url":"https:\/\/toidupakk.ee\/wp-content\/uploads\/2025\/03\/3-1.png","contentUrl":"https:\/\/toidupakk.ee\/wp-content\/uploads\/2025\/03\/3-1.png","width":800,"height":800},{"@type":"BreadcrumbList","@id":"https:\/\/toidupakk.ee\/pl\/toode\/akumulatorowe-radio-kieszonkowe-sandberg-pocket-radio-fm-recharge\/#breadcrumb","itemListElement":[{"@type":"ListItem","position":1,"name":"Avaleht","item":"https:\/\/toidupakk.ee\/pl\/"},{"@type":"ListItem","position":2,"name":"Sklep internetowy","item":"https:\/\/toidupakk.ee\/pl\/sklep-internetowy\/"},{"@type":"ListItem","position":3,"name":"Akumulatorowe radio kieszonkowe Sandberg\u00ae Pocket Radio FM Recharge"}]},{"@type":"WebSite","@id":"https:\/\/toidupakk.ee\/pl\/#website","url":"https:\/\/toidupakk.ee\/pl\/","name":"Toidupakk.ee - Tactical Foodpack toidupakid","description":"Tactical Foodpack k\u00fclmkuivatatud toidupakid ja matkaeined","publisher":{"@id":"https:\/\/toidupakk.ee\/pl\/#organization"},"potentialAction":[{"@type":"SearchAction","target":{"@type":"EntryPoint","urlTemplate":"https:\/\/toidupakk.ee\/pl\/?s={search_term_string}"},"query-input":{"@type":"PropertyValueSpecification","valueRequired":true,"valueName":"search_term_string"}}],"inLanguage":"pl-PL"},{"@type":"Organization","@id":"https:\/\/toidupakk.ee\/pl\/#organization","name":"Tactical Foodpack matkaeined","url":"https:\/\/toidupakk.ee\/pl\/","logo":{"@type":"ImageObject","inLanguage":"pl-PL","@id":"https:\/\/toidupakk.ee\/pl\/#\/schema\/logo\/image\/","url":"https:\/\/toidupakk.ee\/wp-content\/uploads\/2022\/01\/Toidupakk-matkapood-logo-transparent.png","contentUrl":"https:\/\/toidupakk.ee\/wp-content\/uploads\/2022\/01\/Toidupakk-matkapood-logo-transparent.png","width":500,"height":500,"caption":"Tactical Foodpack matkaeined"},"image":{"@id":"https:\/\/toidupakk.ee\/pl\/#\/schema\/logo\/image\/"},"sameAs":["https:\/\/www.facebook.com\/Toidupakk","https:\/\/www.instagram.com\/toidupakk\/"]}]}},"jetpack_sharing_enabled":true,"_links":{"self":[{"href":"https:\/\/toidupakk.ee\/pl\/wp-json\/wp\/v2\/product\/50278","targetHints":{"allow":["GET"]}}],"collection":[{"href":"https:\/\/toidupakk.ee\/pl\/wp-json\/wp\/v2\/product"}],"about":[{"href":"https:\/\/toidupakk.ee\/pl\/wp-json\/wp\/v2\/types\/product"}],"replies":[{"embeddable":true,"href":"https:\/\/toidupakk.ee\/pl\/wp-json\/wp\/v2\/comments?post=50278"}],"wp:featuredmedia":[{"embeddable":true,"href":"https:\/\/toidupakk.ee\/pl\/wp-json\/wp\/v2\/media\/33268"}],"wp:attachment":[{"href":"https:\/\/toidupakk.ee\/pl\/wp-json\/wp\/v2\/media?parent=50278"}],"wp:term":[{"taxonomy":"product_brand","embeddable":true,"href":"https:\/\/toidupakk.ee\/pl\/wp-json\/wp\/v2\/product_brand?post=50278"},{"taxonomy":"product_cat","embeddable":true,"href":"https:\/\/toidupakk.ee\/pl\/wp-json\/wp\/v2\/product_cat?post=50278"},{"taxonomy":"product_tag","embeddable":true,"href":"https:\/\/toidupakk.ee\/pl\/wp-json\/wp\/v2\/product_tag?post=50278"}],"curies":[{"name":"wp","href":"https:\/\/api.w.org\/{rel}","templated":true}]}}