{"id":50224,"date":"2025-04-16T12:05:58","date_gmt":"2025-04-16T09:05:58","guid":{"rendered":"https:\/\/toidupakk.ee\/toode\/lampa-led-z-glosnikiem-bluetooth-powerbank-ladowanie-korbka-dynamo-panel-sloneczny-radio-cyfrowe-all-in1\/"},"modified":"2026-04-29T15:30:08","modified_gmt":"2026-04-29T12:30:08","slug":"lampa-led-z-glosnikiem-bluetooth-powerbank-ladowanie-korbka-dynamo-panel-sloneczny-radio-cyfrowe-all-in1","status":"publish","type":"product","link":"https:\/\/toidupakk.ee\/pl\/toode\/lampa-led-z-glosnikiem-bluetooth-powerbank-ladowanie-korbka-dynamo-panel-sloneczny-radio-cyfrowe-all-in1\/","title":{"rendered":"Lampa LED z g\u0142o\u015bnikiem Bluetooth, powerbank, \u0142adowanie korbk\u0105 dynamo, panel s\u0142oneczny, radio cyfrowe All-in1"},"content":{"rendered":"<h2 data-start=\"297\" data-end=\"788\"><strong data-start=\"297\" data-end=\"368\">Wszechstronna lampa survivalowa \u2013 lampa LED z g\u0142o\u015bnikiem Bluetooth <\/strong><\/h2>\n<p class=\"\" data-start=\"297\" data-end=\"788\">Solidna, inteligentna i przeno\u015bna <strong data-start=\"413\" data-end=\"446\">lampa LED z g\u0142o\u015bnikiem Bluetooth<\/strong> Sandberg Survivor Lantern All-in1 10000 mAh zosta\u0142a stworzona dla tych, kt\u00f3rzy chc\u0105 by\u0107 gotowi na ka\u017cd\u0105 sytuacj\u0119 \u2013 czy to biwak, awaria pr\u0105du, czy inna nag\u0142a potrzeba. To wielofunkcyjne urz\u0105dzenie \u0142\u0105czy w sobie lamp\u0119 LED, powerbank, radio, g\u0142o\u015bnik Bluetooth, a nawet opcj\u0119 r\u0119cznego \u0142adowania \u2013 wszystko w kompaktowej, wytrzyma\u0142ej obudowie. <\/p>\n<div style=\"width: 1280px;\" class=\"wp-video\"><video class=\"wp-video-shortcode\" id=\"video-50224-1\" width=\"1280\" height=\"720\" loop autoplay preload=\"metadata\" controls=\"controls\"><source type=\"video\/mp4\" src=\"https:\/\/toidupakk.ee\/wp-content\/uploads\/2025\/04\/ezgif-7d0896226f80e0.mp4?_=1\" \/><a href=\"https:\/\/toidupakk.ee\/wp-content\/uploads\/2025\/04\/ezgif-7d0896226f80e0.mp4\">https:\/\/toidupakk.ee\/wp-content\/uploads\/2025\/04\/ezgif-7d0896226f80e0.mp4<\/a><\/video><\/div>\n<h3 data-start=\"795\" data-end=\"1144\"><strong data-start=\"795\" data-end=\"867\">Lampa LED z g\u0142o\u015bnikiem Bluetooth, kt\u00f3ra oferuje wi\u0119cej ni\u017c tylko \u015bwiat\u0142o<\/strong><\/h3>\n<p class=\"\" data-start=\"795\" data-end=\"1144\">Survivor Lantern All-in1 to nie tylko o\u015bwietlenie. Urz\u0105dzenie ma trzy tryby \u015bwiecenia (niski, \u015bredni, wysoki) oraz czerwony sygna\u0142 SOS do wzywania pomocy. Ca\u0142o\u015b\u0107 opiera si\u0119 na wysokiej jako\u015bci diodach LED, kt\u00f3re zapewniaj\u0105 szerokie i wyra\u017ane \u015bwiat\u0142o w ka\u017cdym kierunku.  <\/p>\n<p class=\"\" data-start=\"1146\" data-end=\"1428\">Dodatkowo urz\u0105dzenie posiada wbudowane <strong data-start=\"1178\" data-end=\"1210\">radio FM i g\u0142o\u015bnik Bluetooth<\/strong>, co pozwala s\u0142ucha\u0107 muzyki, wiadomo\u015bci lub komunikat\u00f3w alarmowych nawet bez dost\u0119pu do internetu. Dzi\u0119ki g\u0142o\u015bnikowi urz\u0105dzenie sprawdzi si\u0119 te\u017c jako g\u0142o\u015bnik zewn\u0119trzny \u2013 idealny na kemping lub do pracy na zewn\u0105trz. <\/p>\n<p data-start=\"1146\" data-end=\"1428\"><img fetchpriority=\"high\" decoding=\"async\" class=\"alignnone wp-image-33948 size-full\" src=\"https:\/\/toidupakk.ee\/wp-content\/uploads\/2025\/04\/Nimetu-kujundus-7.jpg\" alt=\"\" width=\"1200\" height=\"800\" srcset=\"https:\/\/toidupakk.ee\/wp-content\/uploads\/2025\/04\/Nimetu-kujundus-7.jpg 1200w, https:\/\/toidupakk.ee\/wp-content\/uploads\/2025\/04\/Nimetu-kujundus-7-800x533.jpg 800w, https:\/\/toidupakk.ee\/wp-content\/uploads\/2025\/04\/Nimetu-kujundus-7-300x200.jpg 300w, https:\/\/toidupakk.ee\/wp-content\/uploads\/2025\/04\/Nimetu-kujundus-7-1024x683.jpg 1024w, https:\/\/toidupakk.ee\/wp-content\/uploads\/2025\/04\/Nimetu-kujundus-7-768x512.jpg 768w\" sizes=\"(max-width: 1200px) 100vw, 1200px\" \/><\/p>\n<h3 data-start=\"1435\" data-end=\"1676\"><strong data-start=\"1435\" data-end=\"1488\">Trzy sposoby \u0142adowania \u2013 dzia\u0142a nawet bez pr\u0105du<\/strong><\/h3>\n<p class=\"\" data-start=\"1435\" data-end=\"1676\">Sandberg Survivor Lantern All-in1 10000 wyposa\u017cono w akumulator 10 000 mAh, kt\u00f3ry pozwala na wielogodzinn\u0105 prac\u0119 i \u0142adowanie telefon\u00f3w oraz innych urz\u0105dze\u0144 USB. Urz\u0105dzenie wspiera \u0142adowanie: <\/p>\n<ul>\n<li data-start=\"1680\" data-end=\"1727\">przez USB-C (pe\u0142ne \u0142adowanie ~4 h, wej\u015bcie 5 V \/ 2 A)<\/li>\n<li data-start=\"1680\" data-end=\"1727\">przez wbudowany panel s\u0142oneczny (0\u201325% na\u0142adowania ~20 h)<\/li>\n<li data-start=\"1680\" data-end=\"1727\">przez pr\u0105dnic\u0119 r\u0119czn\u0105, czyli korbk\u0119 (0\u201325% na\u0142adowania ~5 h)<\/li>\n<\/ul>\n<p class=\"\" data-start=\"1839\" data-end=\"1961\">Dzi\u0119ki funkcji <strong data-start=\"1844\" data-end=\"1869\">Pass-Through Charging (\u0142adowanie przelotowe)<\/strong> mo\u017cesz \u0142adowa\u0107 urz\u0105dzenie i jednocze\u015bnie z niego korzysta\u0107 \u2013 jako latarki lub powerbanku.<\/p>\n<p data-start=\"1839\" data-end=\"1961\"><img decoding=\"async\" class=\"alignnone wp-image-33857 size-full\" src=\"https:\/\/toidupakk.ee\/wp-content\/uploads\/2025\/04\/Nimetu-kujundus-6-1.png\" alt=\"Cechy lampy LED z g\u0142o\u015bnikiem Bluetooth \u2013 akumulator 10 000 mAh, radio FM, g\u0142o\u015bnik, panel s\u0142oneczny, korbka, funkcja SOS, wodoodporno\u015b\u0107, 5 lat gwarancji\" width=\"1200\" height=\"800\" srcset=\"https:\/\/toidupakk.ee\/wp-content\/uploads\/2025\/04\/Nimetu-kujundus-6-1.png 1200w, https:\/\/toidupakk.ee\/wp-content\/uploads\/2025\/04\/Nimetu-kujundus-6-1-800x533.png 800w, https:\/\/toidupakk.ee\/wp-content\/uploads\/2025\/04\/Nimetu-kujundus-6-1-300x200.png 300w, https:\/\/toidupakk.ee\/wp-content\/uploads\/2025\/04\/Nimetu-kujundus-6-1-1024x683.png 1024w, https:\/\/toidupakk.ee\/wp-content\/uploads\/2025\/04\/Nimetu-kujundus-6-1-768x512.png 768w\" sizes=\"(max-width: 1200px) 100vw, 1200px\" \/><\/p>\n<p class=\"\" data-start=\"1968\" data-end=\"2281\"><strong data-start=\"1968\" data-end=\"2027\">Wytrzyma\u0142a i wodoodporna konstrukcja \u2013 na ka\u017cde warunki<\/strong><br data-start=\"2027\" data-end=\"2030\">Urz\u0105dzenie zaprojektowano z my\u015bl\u0105 o trudnych warunkach. Obudowa ma klas\u0119 <strong data-start=\"2090\" data-end=\"2112\">wodoodporno\u015bci IPX5<\/strong>, co oznacza odporno\u015b\u0107 na deszcz i wilgo\u0107. Wykonana z mocnego tworzywa ABS i element\u00f3w aluminiowych, lampa sprawdzi si\u0119 w terenie, w namiocie, aucie czy gara\u017cu.  <\/p>\n<p class=\"\" data-start=\"2283\" data-end=\"2463\">Mocowanie jest proste i wszechstronne \u2013 <strong data-start=\"2322\" data-end=\"2364\">uchwyt magnetyczny, p\u0119tla do zawieszania i n\u00f3\u017cka<\/strong> pozwalaj\u0105 wygodnie umie\u015bci\u0107 urz\u0105dzenie np. pod sufitem namiotu, na metalowej powierzchni lub postawi\u0107 na ziemi.<\/p>\n<h3 data-start=\"2470\" data-end=\"2958\"><strong data-start=\"2470\" data-end=\"2533\">Dane techniczne \u2013 lampa LED z g\u0142o\u015bnikiem Bluetooth Sandberg Survivor Lantern All-in1 10000 mAh<\/strong><\/h3>\n<ul>\n<li data-start=\"2470\" data-end=\"2958\"><strong data-start=\"2536\" data-end=\"2553\">Pojemno\u015b\u0107 akumulatora:<\/strong> 10 000 mAh (37 Wh)<\/li>\n<li data-start=\"2470\" data-end=\"2958\"><strong data-start=\"2574\" data-end=\"2590\">Czas \u0142adowania:<\/strong> ~4 godziny (USB-C)<\/li>\n<li data-start=\"2470\" data-end=\"2958\"><strong data-start=\"2610\" data-end=\"2629\">Sposoby \u0142adowania:<\/strong> USB-C, panel s\u0142oneczny, korbka<\/li>\n<li data-start=\"2470\" data-end=\"2958\"><strong data-start=\"2663\" data-end=\"2681\">Wyj\u015bcie USB-A:<\/strong> 5 V \/ 2 A<\/li>\n<li data-start=\"2470\" data-end=\"2958\"><strong data-start=\"2692\" data-end=\"2714\">Tryby o\u015bwietlenia:<\/strong> 3 poziomy jasno\u015bci + sygna\u0142 SOS<\/li>\n<li data-start=\"2470\" data-end=\"2958\"><strong data-start=\"2748\" data-end=\"2768\">G\u0142o\u015bnik i radio:<\/strong> g\u0142o\u015bnik Bluetooth, radio FM<\/li>\n<li data-start=\"2470\" data-end=\"2958\"><strong data-start=\"2798\" data-end=\"2813\">Wodoodporno\u015b\u0107:<\/strong> IPX5<\/li>\n<li data-start=\"2470\" data-end=\"2958\"><strong data-start=\"2821\" data-end=\"2834\">Materia\u0142:<\/strong> tworzywo ABS, elementy aluminiowe<\/li>\n<li data-start=\"2470\" data-end=\"2958\"><strong data-start=\"2869\" data-end=\"2880\">Wymiary:<\/strong> 13,2 \u00d7 9,5 \u00d7 9,5 cm<\/li>\n<li data-start=\"2470\" data-end=\"2958\"><strong data-start=\"2903\" data-end=\"2912\">Waga:<\/strong> 430 g<\/li>\n<li data-start=\"2470\" data-end=\"2958\"><strong data-start=\"2921\" data-end=\"2934\">Gwarancja:<\/strong> 5 lat (producenta)<\/li>\n<\/ul>\n<p>Zobacz sprz\u0119t turystyczny <a href=\"https:\/\/toidupakk.ee\/pl\/tootekategooria\/sprzet-turystyczny\/#section-3-79\">TUTAJ<\/a><\/p>\n<p>Zobacz \u017cywno\u015b\u0107 turystyczn\u0105 <a href=\"https:\/\/toidupakk.ee\/pl\/sklep-internetowy\/\">TUTAJ<\/a><\/p>\n<p>Znajd\u017a inspiracj\u0119 na kolejne przygody na <a href=\"https:\/\/www.instagram.com\/toidupakk\/\">Instagramie<\/a> i <a href=\"https:\/\/www.facebook.com\/Toidupakk\/\">Facebooku<\/a> Toidupakk.<\/p>\n<p data-start=\"2470\" data-end=\"2958\">\n","protected":false},"excerpt":{"rendered":"<p><strong>Sandberg Survivor Lantern to wytrzyma\u0142a i funkcjonalna lampa, kt\u00f3ra \u0142\u0105czy w sobie lamp\u0119 LED z g\u0142o\u015bnikiem Bluetooth, powerbank i tryb ratunkowy SOS \u2013 idealny towarzysz dla turyst\u00f3w, podr\u00f3\u017cnik\u00f3w samochodowych lub na wypadek awarii w domu. Dzi\u0119ki solidnej obudowie i praktycznemu designowi ta lampa LED z g\u0142o\u015bnikiem Bluetooth zapewnia niezawodne o\u015bwietlenie w ka\u017cdej sytuacji. <\/strong><\/p>\n<ul>\n<li>Urz\u0105dzenie dzia\u0142a jako <strong>lampa LED<\/strong> z trzema trybami \u015bwiecenia i czerwonym sygna\u0142em SOS na sytuacje awaryjne<\/li>\n<li>Wbudowane <strong>radio FM i g\u0142o\u015bnik Bluetooth<\/strong> zapewniaj\u0105 rozrywk\u0119 oraz wa\u017cne informacje w sytuacjach kryzysowych<\/li>\n<li><strong>\u0141adowana na trzy sposoby<\/strong> \u2013<br \/>\n-przez USB-C (pe\u0142ne \u0142adowanie ~4 h)<br \/>\n-panelem s\u0142onecznym (0\u201325% ~20 h)<br \/>\n-pr\u0105dnic\u0105 r\u0119czn\u0105 (0\u201325% ~5 h)<\/li>\n<li>Powerbank ma <strong>pojemno\u015b\u0107 10 000 mAh<\/strong>, co pozwala na \u0142adowanie telefon\u00f3w i innych urz\u0105dze\u0144 USB<\/li>\n<li><strong>Obs\u0142uguje \u0142adowanie przelotowe<\/strong>, co oznacza, \u017ce mo\u017cesz u\u017cywa\u0107 urz\u0105dzenia podczas \u0142adowania<\/li>\n<li>Dzi\u0119ki uchwytowi magnetycznemu, n\u00f3\u017cce i p\u0119tli do zawieszania mo\u017cesz umie\u015bci\u0107 lub zamocowa\u0107 urz\u0105dzenie dok\u0142adnie tam, gdzie go potrzebujesz<\/li>\n<li>Wodoodporna obudowa <strong>IPX5<\/strong> jest odporna na deszcz i wilgo\u0107, dzi\u0119ki czemu pasuje do ekwipunku terenowego i zestawu ratunkowego<\/li>\n<li>Wa\u017cy tylko 430 g i ma kompaktowe wymiary \u2013 13,2 \u00d7 9,5 \u00d7 9,5 cm, wi\u0119c jest wygodna w przenoszeniu<\/li>\n<li><strong>5 lat gwarancji<\/strong> producenta<\/li>\n<\/ul>\n<p>\u2705 Obecnie w przedsprzeda\u017cy, czas dostawy ok. 1-2 tygodnie<br \/>\n\u2705 Darmowa dostawa do Twojego paczkomatu<br \/>\n\u2705 Kup teraz, zap\u0142a\u0107 p\u00f3\u017aniej (RRSO 0%)<\/p>\n","protected":false},"featured_media":50234,"comment_status":"open","ping_status":"closed","template":"","meta":{"_acf_changed":false},"product_brand":[],"product_cat":[303,315,355,341,314,360,311,301,316],"product_tag":[],"class_list":{"0":"post-50224","1":"product","2":"type-product","3":"status-publish","4":"has-post-thumbnail","6":"product_cat-akcesoria-turystyczne","7":"product_cat-elektronika","8":"product_cat-lampy-i-latarnie","9":"product_cat-latarki","10":"product_cat-nocowanie-w-naturze","11":"product_cat-powerbanki","12":"product_cat-praktyczne-pomysly-na-prezent","13":"product_cat-sprzet-turystyczny","14":"product_cat-urzadzenia-z-panelem-slonecznym","16":"first","17":"instock","18":"taxable","19":"shipping-taxable","20":"purchasable","21":"product-type-simple"},"bundled_by":[],"bundle_stock_status":"instock","bundle_stock_quantity":2,"bundle_virtual":false,"bundle_layout":"","bundle_add_to_cart_form_location":"","bundle_editable_in_cart":false,"bundle_sold_individually_context":"","bundle_item_grouping":"","bundle_min_size":"","bundle_max_size":"","bundle_price":[],"bundled_items":[],"bundle_sell_ids":[],"acf":[],"yoast_head":"<!-- This site is optimized with the Yoast SEO plugin v27.3 - https:\/\/yoast.com\/product\/yoast-seo-wordpress\/ -->\n<title>Lampa LED z g\u0142o\u015bnikiem Bluetooth, powerbank, \u0142adowanie korbk\u0105 dynamo, panel s\u0142oneczny, radio cyfrowe All-in1<\/title>\n<meta name=\"description\" content=\"Wielofunkcyjna lampa LED z g\u0142o\u015bnikiem Bluetooth, radiem, powerbankiem i o\u015bwietleniem SOS. \u0141adowana przez USB, s\u0142o\u0144ce lub korbk\u0119. Idealna w ka\u017cdej sytuacji.\" \/>\n<meta name=\"robots\" content=\"index, follow, max-snippet:-1, max-image-preview:large, max-video-preview:-1\" \/>\n<link rel=\"canonical\" href=\"https:\/\/toidupakk.ee\/pl\/toode\/lampa-led-z-glosnikiem-bluetooth-powerbank-ladowanie-korbka-dynamo-panel-sloneczny-radio-cyfrowe-all-in1\/\" \/>\n<meta property=\"og:locale\" content=\"pl_PL\" \/>\n<meta property=\"og:type\" content=\"article\" \/>\n<meta property=\"og:title\" content=\"Lampa LED z g\u0142o\u015bnikiem Bluetooth, powerbank, \u0142adowanie korbk\u0105 dynamo, panel s\u0142oneczny, radio cyfrowe All-in1\" \/>\n<meta property=\"og:description\" content=\"Wielofunkcyjna lampa LED z g\u0142o\u015bnikiem Bluetooth, radiem, powerbankiem i o\u015bwietleniem SOS. \u0141adowana przez USB, s\u0142o\u0144ce lub korbk\u0119. Idealna w ka\u017cdej sytuacji.\" \/>\n<meta property=\"og:url\" content=\"https:\/\/toidupakk.ee\/pl\/toode\/lampa-led-z-glosnikiem-bluetooth-powerbank-ladowanie-korbka-dynamo-panel-sloneczny-radio-cyfrowe-all-in1\/\" \/>\n<meta property=\"og:site_name\" content=\"Toidupakk.ee - Tactical Foodpack toidupakid\" \/>\n<meta property=\"article:publisher\" content=\"https:\/\/www.facebook.com\/Toidupakk\" \/>\n<meta property=\"article:modified_time\" content=\"2026-04-29T12:30:08+00:00\" \/>\n<meta property=\"og:image\" content=\"https:\/\/toidupakk.ee\/wp-content\/uploads\/2025\/04\/1-2.png\" \/>\n\t<meta property=\"og:image:width\" content=\"800\" \/>\n\t<meta property=\"og:image:height\" content=\"800\" \/>\n\t<meta property=\"og:image:type\" content=\"image\/png\" \/>\n<meta name=\"twitter:card\" content=\"summary_large_image\" \/>\n<meta name=\"twitter:label1\" content=\"Szacowany czas czytania\" \/>\n\t<meta name=\"twitter:data1\" content=\"2 minuty\" \/>\n<script type=\"application\/ld+json\" class=\"yoast-schema-graph\">{\"@context\":\"https:\\\/\\\/schema.org\",\"@graph\":[{\"@type\":\"WebPage\",\"@id\":\"https:\\\/\\\/toidupakk.ee\\\/pl\\\/toode\\\/lampa-led-z-glosnikiem-bluetooth-powerbank-ladowanie-korbka-dynamo-panel-sloneczny-radio-cyfrowe-all-in1\\\/\",\"url\":\"https:\\\/\\\/toidupakk.ee\\\/pl\\\/toode\\\/lampa-led-z-glosnikiem-bluetooth-powerbank-ladowanie-korbka-dynamo-panel-sloneczny-radio-cyfrowe-all-in1\\\/\",\"name\":\"Lampa LED z g\u0142o\u015bnikiem Bluetooth, powerbank, \u0142adowanie korbk\u0105 dynamo, panel s\u0142oneczny, radio cyfrowe All-in1\",\"isPartOf\":{\"@id\":\"https:\\\/\\\/toidupakk.ee\\\/pl\\\/#website\"},\"primaryImageOfPage\":{\"@id\":\"https:\\\/\\\/toidupakk.ee\\\/pl\\\/toode\\\/lampa-led-z-glosnikiem-bluetooth-powerbank-ladowanie-korbka-dynamo-panel-sloneczny-radio-cyfrowe-all-in1\\\/#primaryimage\"},\"image\":{\"@id\":\"https:\\\/\\\/toidupakk.ee\\\/pl\\\/toode\\\/lampa-led-z-glosnikiem-bluetooth-powerbank-ladowanie-korbka-dynamo-panel-sloneczny-radio-cyfrowe-all-in1\\\/#primaryimage\"},\"thumbnailUrl\":\"https:\\\/\\\/toidupakk.ee\\\/wp-content\\\/uploads\\\/2025\\\/04\\\/1-2.png\",\"datePublished\":\"2025-04-16T09:05:58+00:00\",\"dateModified\":\"2026-04-29T12:30:08+00:00\",\"description\":\"Wielofunkcyjna lampa LED z g\u0142o\u015bnikiem Bluetooth, radiem, powerbankiem i o\u015bwietleniem SOS. \u0141adowana przez USB, s\u0142o\u0144ce lub korbk\u0119. Idealna w ka\u017cdej sytuacji.\",\"breadcrumb\":{\"@id\":\"https:\\\/\\\/toidupakk.ee\\\/pl\\\/toode\\\/lampa-led-z-glosnikiem-bluetooth-powerbank-ladowanie-korbka-dynamo-panel-sloneczny-radio-cyfrowe-all-in1\\\/#breadcrumb\"},\"inLanguage\":\"pl-PL\",\"potentialAction\":[{\"@type\":\"ReadAction\",\"target\":[\"https:\\\/\\\/toidupakk.ee\\\/pl\\\/toode\\\/lampa-led-z-glosnikiem-bluetooth-powerbank-ladowanie-korbka-dynamo-panel-sloneczny-radio-cyfrowe-all-in1\\\/\"]}]},{\"@type\":\"ImageObject\",\"inLanguage\":\"pl-PL\",\"@id\":\"https:\\\/\\\/toidupakk.ee\\\/pl\\\/toode\\\/lampa-led-z-glosnikiem-bluetooth-powerbank-ladowanie-korbka-dynamo-panel-sloneczny-radio-cyfrowe-all-in1\\\/#primaryimage\",\"url\":\"https:\\\/\\\/toidupakk.ee\\\/wp-content\\\/uploads\\\/2025\\\/04\\\/1-2.png\",\"contentUrl\":\"https:\\\/\\\/toidupakk.ee\\\/wp-content\\\/uploads\\\/2025\\\/04\\\/1-2.png\",\"width\":800,\"height\":800},{\"@type\":\"BreadcrumbList\",\"@id\":\"https:\\\/\\\/toidupakk.ee\\\/pl\\\/toode\\\/lampa-led-z-glosnikiem-bluetooth-powerbank-ladowanie-korbka-dynamo-panel-sloneczny-radio-cyfrowe-all-in1\\\/#breadcrumb\",\"itemListElement\":[{\"@type\":\"ListItem\",\"position\":1,\"name\":\"Avaleht\",\"item\":\"https:\\\/\\\/toidupakk.ee\\\/pl\\\/\"},{\"@type\":\"ListItem\",\"position\":2,\"name\":\"Sklep internetowy\",\"item\":\"https:\\\/\\\/toidupakk.ee\\\/pl\\\/sklep-internetowy\\\/\"},{\"@type\":\"ListItem\",\"position\":3,\"name\":\"Lampa LED z g\u0142o\u015bnikiem Bluetooth, powerbank, \u0142adowanie korbk\u0105 dynamo, panel s\u0142oneczny, radio cyfrowe All-in1\"}]},{\"@type\":\"WebSite\",\"@id\":\"https:\\\/\\\/toidupakk.ee\\\/pl\\\/#website\",\"url\":\"https:\\\/\\\/toidupakk.ee\\\/pl\\\/\",\"name\":\"Toidupakk.ee - Tactical Foodpack toidupakid\",\"description\":\"Tactical Foodpack k\u00fclmkuivatatud toidupakid ja matkaeined\",\"publisher\":{\"@id\":\"https:\\\/\\\/toidupakk.ee\\\/pl\\\/#organization\"},\"potentialAction\":[{\"@type\":\"SearchAction\",\"target\":{\"@type\":\"EntryPoint\",\"urlTemplate\":\"https:\\\/\\\/toidupakk.ee\\\/pl\\\/?s={search_term_string}\"},\"query-input\":{\"@type\":\"PropertyValueSpecification\",\"valueRequired\":true,\"valueName\":\"search_term_string\"}}],\"inLanguage\":\"pl-PL\"},{\"@type\":\"Organization\",\"@id\":\"https:\\\/\\\/toidupakk.ee\\\/pl\\\/#organization\",\"name\":\"Tactical Foodpack matkaeined\",\"url\":\"https:\\\/\\\/toidupakk.ee\\\/pl\\\/\",\"logo\":{\"@type\":\"ImageObject\",\"inLanguage\":\"pl-PL\",\"@id\":\"https:\\\/\\\/toidupakk.ee\\\/pl\\\/#\\\/schema\\\/logo\\\/image\\\/\",\"url\":\"https:\\\/\\\/toidupakk.ee\\\/wp-content\\\/uploads\\\/2022\\\/01\\\/Toidupakk-matkapood-logo-transparent.png\",\"contentUrl\":\"https:\\\/\\\/toidupakk.ee\\\/wp-content\\\/uploads\\\/2022\\\/01\\\/Toidupakk-matkapood-logo-transparent.png\",\"width\":500,\"height\":500,\"caption\":\"Tactical Foodpack matkaeined\"},\"image\":{\"@id\":\"https:\\\/\\\/toidupakk.ee\\\/pl\\\/#\\\/schema\\\/logo\\\/image\\\/\"},\"sameAs\":[\"https:\\\/\\\/www.facebook.com\\\/Toidupakk\",\"https:\\\/\\\/www.instagram.com\\\/toidupakk\\\/\"]}]}<\/script>\n<!-- \/ Yoast SEO plugin. -->","yoast_head_json":{"title":"Lampa LED z g\u0142o\u015bnikiem Bluetooth, powerbank, \u0142adowanie korbk\u0105 dynamo, panel s\u0142oneczny, radio cyfrowe All-in1","description":"Wielofunkcyjna lampa LED z g\u0142o\u015bnikiem Bluetooth, radiem, powerbankiem i o\u015bwietleniem SOS. \u0141adowana przez USB, s\u0142o\u0144ce lub korbk\u0119. Idealna w ka\u017cdej sytuacji.","robots":{"index":"index","follow":"follow","max-snippet":"max-snippet:-1","max-image-preview":"max-image-preview:large","max-video-preview":"max-video-preview:-1"},"canonical":"https:\/\/toidupakk.ee\/pl\/toode\/lampa-led-z-glosnikiem-bluetooth-powerbank-ladowanie-korbka-dynamo-panel-sloneczny-radio-cyfrowe-all-in1\/","og_locale":"pl_PL","og_type":"article","og_title":"Lampa LED z g\u0142o\u015bnikiem Bluetooth, powerbank, \u0142adowanie korbk\u0105 dynamo, panel s\u0142oneczny, radio cyfrowe All-in1","og_description":"Wielofunkcyjna lampa LED z g\u0142o\u015bnikiem Bluetooth, radiem, powerbankiem i o\u015bwietleniem SOS. \u0141adowana przez USB, s\u0142o\u0144ce lub korbk\u0119. Idealna w ka\u017cdej sytuacji.","og_url":"https:\/\/toidupakk.ee\/pl\/toode\/lampa-led-z-glosnikiem-bluetooth-powerbank-ladowanie-korbka-dynamo-panel-sloneczny-radio-cyfrowe-all-in1\/","og_site_name":"Toidupakk.ee - Tactical Foodpack toidupakid","article_publisher":"https:\/\/www.facebook.com\/Toidupakk","article_modified_time":"2026-04-29T12:30:08+00:00","og_image":[{"width":800,"height":800,"url":"https:\/\/toidupakk.ee\/wp-content\/uploads\/2025\/04\/1-2.png","type":"image\/png"}],"twitter_card":"summary_large_image","twitter_misc":{"Szacowany czas czytania":"2 minuty"},"schema":{"@context":"https:\/\/schema.org","@graph":[{"@type":"WebPage","@id":"https:\/\/toidupakk.ee\/pl\/toode\/lampa-led-z-glosnikiem-bluetooth-powerbank-ladowanie-korbka-dynamo-panel-sloneczny-radio-cyfrowe-all-in1\/","url":"https:\/\/toidupakk.ee\/pl\/toode\/lampa-led-z-glosnikiem-bluetooth-powerbank-ladowanie-korbka-dynamo-panel-sloneczny-radio-cyfrowe-all-in1\/","name":"Lampa LED z g\u0142o\u015bnikiem Bluetooth, powerbank, \u0142adowanie korbk\u0105 dynamo, panel s\u0142oneczny, radio cyfrowe All-in1","isPartOf":{"@id":"https:\/\/toidupakk.ee\/pl\/#website"},"primaryImageOfPage":{"@id":"https:\/\/toidupakk.ee\/pl\/toode\/lampa-led-z-glosnikiem-bluetooth-powerbank-ladowanie-korbka-dynamo-panel-sloneczny-radio-cyfrowe-all-in1\/#primaryimage"},"image":{"@id":"https:\/\/toidupakk.ee\/pl\/toode\/lampa-led-z-glosnikiem-bluetooth-powerbank-ladowanie-korbka-dynamo-panel-sloneczny-radio-cyfrowe-all-in1\/#primaryimage"},"thumbnailUrl":"https:\/\/toidupakk.ee\/wp-content\/uploads\/2025\/04\/1-2.png","datePublished":"2025-04-16T09:05:58+00:00","dateModified":"2026-04-29T12:30:08+00:00","description":"Wielofunkcyjna lampa LED z g\u0142o\u015bnikiem Bluetooth, radiem, powerbankiem i o\u015bwietleniem SOS. \u0141adowana przez USB, s\u0142o\u0144ce lub korbk\u0119. Idealna w ka\u017cdej sytuacji.","breadcrumb":{"@id":"https:\/\/toidupakk.ee\/pl\/toode\/lampa-led-z-glosnikiem-bluetooth-powerbank-ladowanie-korbka-dynamo-panel-sloneczny-radio-cyfrowe-all-in1\/#breadcrumb"},"inLanguage":"pl-PL","potentialAction":[{"@type":"ReadAction","target":["https:\/\/toidupakk.ee\/pl\/toode\/lampa-led-z-glosnikiem-bluetooth-powerbank-ladowanie-korbka-dynamo-panel-sloneczny-radio-cyfrowe-all-in1\/"]}]},{"@type":"ImageObject","inLanguage":"pl-PL","@id":"https:\/\/toidupakk.ee\/pl\/toode\/lampa-led-z-glosnikiem-bluetooth-powerbank-ladowanie-korbka-dynamo-panel-sloneczny-radio-cyfrowe-all-in1\/#primaryimage","url":"https:\/\/toidupakk.ee\/wp-content\/uploads\/2025\/04\/1-2.png","contentUrl":"https:\/\/toidupakk.ee\/wp-content\/uploads\/2025\/04\/1-2.png","width":800,"height":800},{"@type":"BreadcrumbList","@id":"https:\/\/toidupakk.ee\/pl\/toode\/lampa-led-z-glosnikiem-bluetooth-powerbank-ladowanie-korbka-dynamo-panel-sloneczny-radio-cyfrowe-all-in1\/#breadcrumb","itemListElement":[{"@type":"ListItem","position":1,"name":"Avaleht","item":"https:\/\/toidupakk.ee\/pl\/"},{"@type":"ListItem","position":2,"name":"Sklep internetowy","item":"https:\/\/toidupakk.ee\/pl\/sklep-internetowy\/"},{"@type":"ListItem","position":3,"name":"Lampa LED z g\u0142o\u015bnikiem Bluetooth, powerbank, \u0142adowanie korbk\u0105 dynamo, panel s\u0142oneczny, radio cyfrowe All-in1"}]},{"@type":"WebSite","@id":"https:\/\/toidupakk.ee\/pl\/#website","url":"https:\/\/toidupakk.ee\/pl\/","name":"Toidupakk.ee - Tactical Foodpack toidupakid","description":"Tactical Foodpack k\u00fclmkuivatatud toidupakid ja matkaeined","publisher":{"@id":"https:\/\/toidupakk.ee\/pl\/#organization"},"potentialAction":[{"@type":"SearchAction","target":{"@type":"EntryPoint","urlTemplate":"https:\/\/toidupakk.ee\/pl\/?s={search_term_string}"},"query-input":{"@type":"PropertyValueSpecification","valueRequired":true,"valueName":"search_term_string"}}],"inLanguage":"pl-PL"},{"@type":"Organization","@id":"https:\/\/toidupakk.ee\/pl\/#organization","name":"Tactical Foodpack matkaeined","url":"https:\/\/toidupakk.ee\/pl\/","logo":{"@type":"ImageObject","inLanguage":"pl-PL","@id":"https:\/\/toidupakk.ee\/pl\/#\/schema\/logo\/image\/","url":"https:\/\/toidupakk.ee\/wp-content\/uploads\/2022\/01\/Toidupakk-matkapood-logo-transparent.png","contentUrl":"https:\/\/toidupakk.ee\/wp-content\/uploads\/2022\/01\/Toidupakk-matkapood-logo-transparent.png","width":500,"height":500,"caption":"Tactical Foodpack matkaeined"},"image":{"@id":"https:\/\/toidupakk.ee\/pl\/#\/schema\/logo\/image\/"},"sameAs":["https:\/\/www.facebook.com\/Toidupakk","https:\/\/www.instagram.com\/toidupakk\/"]}]}},"jetpack_sharing_enabled":true,"_links":{"self":[{"href":"https:\/\/toidupakk.ee\/pl\/wp-json\/wp\/v2\/product\/50224","targetHints":{"allow":["GET"]}}],"collection":[{"href":"https:\/\/toidupakk.ee\/pl\/wp-json\/wp\/v2\/product"}],"about":[{"href":"https:\/\/toidupakk.ee\/pl\/wp-json\/wp\/v2\/types\/product"}],"replies":[{"embeddable":true,"href":"https:\/\/toidupakk.ee\/pl\/wp-json\/wp\/v2\/comments?post=50224"}],"wp:featuredmedia":[{"embeddable":true,"href":"https:\/\/toidupakk.ee\/pl\/wp-json\/wp\/v2\/media\/50234"}],"wp:attachment":[{"href":"https:\/\/toidupakk.ee\/pl\/wp-json\/wp\/v2\/media?parent=50224"}],"wp:term":[{"taxonomy":"product_brand","embeddable":true,"href":"https:\/\/toidupakk.ee\/pl\/wp-json\/wp\/v2\/product_brand?post=50224"},{"taxonomy":"product_cat","embeddable":true,"href":"https:\/\/toidupakk.ee\/pl\/wp-json\/wp\/v2\/product_cat?post=50224"},{"taxonomy":"product_tag","embeddable":true,"href":"https:\/\/toidupakk.ee\/pl\/wp-json\/wp\/v2\/product_tag?post=50224"}],"curies":[{"name":"wp","href":"https:\/\/api.w.org\/{rel}","templated":true}]}}