{"id":50215,"date":"2025-04-07T16:03:41","date_gmt":"2025-04-07T13:03:41","guid":{"rendered":"https:\/\/toidupakk.ee\/toode\/prysznic-zewnetrzny-z-akumulatorem-flextail\/"},"modified":"2026-04-15T08:01:37","modified_gmt":"2026-04-15T05:01:37","slug":"prysznic-zewnetrzny-z-akumulatorem-flextail","status":"publish","type":"product","link":"https:\/\/toidupakk.ee\/pl\/toode\/prysznic-zewnetrzny-z-akumulatorem-flextail\/","title":{"rendered":"Prysznic zewn\u0119trzny z akumulatorem FlexTail\u00ae"},"content":{"rendered":"<h2 class=\"\" data-start=\"711\" data-end=\"765\">MAX Shower \u2013 <strong data-start=\"727\" data-end=\"745\">prysznic zewn\u0119trzny z akumulatorem<\/strong> wsz\u0119dzie w naturze<\/h2>\n<p class=\"\" data-start=\"767\" data-end=\"1072\"><strong data-start=\"767\" data-end=\"790\">FLEXTAIL MAX Shower<\/strong> to sprytny, kompaktowy i wytrzyma\u0142y <strong data-start=\"827\" data-end=\"845\">prysznic zewn\u0119trzny z akumulatorem<\/strong>, kt\u00f3ry pozwala si\u0119 umy\u0107, op\u0142uka\u0107 sprz\u0119t lub szybko sch\u0142odzi\u0107 w upalny dzie\u0144. To przeno\u015bne rozwi\u0105zanie typu \u201ewszystko w jednym\u201d zosta\u0142o stworzone do u\u017cytku podczas w\u0119dr\u00f3wek, biwakowania, w\u0119dkowania, na pla\u017cy lub wsz\u0119dzie tam, gdzie nie ma dost\u0119pu do bie\u017c\u0105cej wody. <\/p>\n<div style=\"width: 1920px;\" class=\"wp-video\"><video class=\"wp-video-shortcode\" id=\"video-50215-1\" width=\"1920\" height=\"1080\" loop autoplay preload=\"metadata\" controls=\"controls\"><source type=\"video\/mp4\" src=\"https:\/\/toidupakk.ee\/wp-content\/uploads\/2025\/04\/ezgif-4e69f38a62dc8a.mp4?_=1\" \/><a href=\"https:\/\/toidupakk.ee\/wp-content\/uploads\/2025\/04\/ezgif-4e69f38a62dc8a.mp4\">https:\/\/toidupakk.ee\/wp-content\/uploads\/2025\/04\/ezgif-4e69f38a62dc8a.mp4<\/a><\/video><\/div>\n<p data-start=\"767\" data-end=\"1072\"><img fetchpriority=\"high\" decoding=\"async\" class=\"size-full wp-image-33482 alignnone\" src=\"https:\/\/toidupakk.ee\/wp-content\/uploads\/2025\/03\/MAX_SHOWER_USE_1e4e0bca-559f-457b-9555-3c8e96f28fd0.webp\" alt=\"\" width=\"1148\" height=\"564\" srcset=\"https:\/\/toidupakk.ee\/wp-content\/uploads\/2025\/03\/MAX_SHOWER_USE_1e4e0bca-559f-457b-9555-3c8e96f28fd0.webp 1148w, https:\/\/toidupakk.ee\/wp-content\/uploads\/2025\/03\/MAX_SHOWER_USE_1e4e0bca-559f-457b-9555-3c8e96f28fd0-800x393.webp 800w, https:\/\/toidupakk.ee\/wp-content\/uploads\/2025\/03\/MAX_SHOWER_USE_1e4e0bca-559f-457b-9555-3c8e96f28fd0-300x147.webp 300w, https:\/\/toidupakk.ee\/wp-content\/uploads\/2025\/03\/MAX_SHOWER_USE_1e4e0bca-559f-457b-9555-3c8e96f28fd0-1024x503.webp 1024w, https:\/\/toidupakk.ee\/wp-content\/uploads\/2025\/03\/MAX_SHOWER_USE_1e4e0bca-559f-457b-9555-3c8e96f28fd0-768x377.webp 768w\" sizes=\"(max-width: 1148px) 100vw, 1148px\" \/><\/p>\n<h2 class=\"\" data-start=\"118\" data-end=\"158\">Kompaktowy design \u2013 \u0142atwy do zabrania ze sob\u0105<\/h2>\n<p class=\"\" data-start=\"160\" data-end=\"750\"><strong data-start=\"160\" data-end=\"183\">FLEXTAIL MAX Shower<\/strong> zosta\u0142 zaprojektowany tak, aby mo\u017cna go by\u0142o \u0142atwo zabra\u0107 na ka\u017cd\u0105 w\u0119dr\u00f3wk\u0119, podr\u00f3\u017c czy weekendow\u0105 przygod\u0119. Urz\u0105dzenie wa\u017cy zaledwie <strong data-start=\"309\" data-end=\"323\">305 gram\u00f3w<\/strong>, a dzi\u0119ki kompaktowym wymiarom (<strong data-start=\"360\" data-end=\"380\">120 \u00d7 69 \u00d7 40 mm<\/strong>) mie\u015bci si\u0119 wygodnie w mniejszym plecaku, samochodzie lub baga\u017cu podr\u0119cznym. <\/p>\n<p data-start=\"160\" data-end=\"750\"><img decoding=\"async\" class=\"size-full wp-image-33480 alignnone\" src=\"https:\/\/toidupakk.ee\/wp-content\/uploads\/2025\/03\/Max_Shower_ec89d81f-097a-4da4-8bf5-ae1b299e7105.webp\" alt=\"\" width=\"1920\" height=\"720\" srcset=\"https:\/\/toidupakk.ee\/wp-content\/uploads\/2025\/03\/Max_Shower_ec89d81f-097a-4da4-8bf5-ae1b299e7105.webp 1920w, https:\/\/toidupakk.ee\/wp-content\/uploads\/2025\/03\/Max_Shower_ec89d81f-097a-4da4-8bf5-ae1b299e7105-800x300.webp 800w, https:\/\/toidupakk.ee\/wp-content\/uploads\/2025\/03\/Max_Shower_ec89d81f-097a-4da4-8bf5-ae1b299e7105-300x113.webp 300w, https:\/\/toidupakk.ee\/wp-content\/uploads\/2025\/03\/Max_Shower_ec89d81f-097a-4da4-8bf5-ae1b299e7105-1024x384.webp 1024w, https:\/\/toidupakk.ee\/wp-content\/uploads\/2025\/03\/Max_Shower_ec89d81f-097a-4da4-8bf5-ae1b299e7105-768x288.webp 768w, https:\/\/toidupakk.ee\/wp-content\/uploads\/2025\/03\/Max_Shower_ec89d81f-097a-4da4-8bf5-ae1b299e7105-1536x576.webp 1536w\" sizes=\"(max-width: 1920px) 100vw, 1920px\" \/><\/p>\n<h2 class=\"\" data-start=\"1340\" data-end=\"1373\">\u0141atwy w u\u017cyciu \u2013 2 tryby przep\u0142ywu wody<\/h2>\n<p class=\"\" data-start=\"1375\" data-end=\"1631\">MAX Shower jest gotowy do u\u017cycia w kilka chwil \u2013 w\u0142\u00f3\u017c w\u0105\u017c do zbiornika z wod\u0105, naci\u015bnij przycisk i korzystaj z trybu prysznica lub ci\u0105g\u0142ego strumienia wody. Do\u0142\u0105czony uchwyt pozwala wygodnie zamontowa\u0107 pomp\u0119 np. na ga\u0142\u0119zi drzewa, konstrukcji namiotu lub poje\u017adzie. Dzi\u0119ki swojej wadze i formie idealnie nadaje si\u0119 dla os\u00f3b preferuj\u0105cych l\u017cejszy ekwipunek, kt\u00f3re nie chc\u0105 rezygnowa\u0107 z komfortu nawet na \u0142onie natury.  <\/p>\n<h2 class=\"\" data-start=\"1638\" data-end=\"1688\">Niezawodny <strong data-start=\"1651\" data-end=\"1669\">prysznic zewn\u0119trzny z akumulatorem<\/strong> i szybkie \u0142adowanie<\/h2>\n<p class=\"\" data-start=\"1690\" data-end=\"1936\">Urz\u0105dzenie posiada wbudowany akumulator litowo-jonowy 18,5 Wh, kt\u00f3ry pozwala na korzystanie z prysznica przez 70\u2013110 minut (zale\u017cnie od trybu). Pe\u0142ne \u0142adowanie trwa oko\u0142o 4 godziny i odbywa si\u0119 przez z\u0142\u0105cze USB-C. Akumulator jest zintegrowany i nie wymaga wymiany.  <\/p>\n<h2 class=\"\" data-start=\"2223\" data-end=\"2262\">Wydajny strumie\u0144 wody \u2013 regulowana wydajno\u015b\u0107<\/h2>\n<p class=\"\" data-start=\"2264\" data-end=\"2465\">Urz\u0105dzenie oferuje przep\u0142yw wody na poziomie 2,2\u20133,0 litra na minut\u0119, co zapewnia wystarczaj\u0105ce ci\u015bnienie do umycia cia\u0142a, n\u00f3g, sprz\u0119tu, a nawet zwierzaka. Pr\u0119dko\u015b\u0107 przep\u0142ywu mo\u017cna wygodnie regulowa\u0107 za pomoc\u0105 wymiennej ko\u0144c\u00f3wki. <\/p>\n<p data-start=\"1690\" data-end=\"1936\"><img decoding=\"async\" class=\"size-full wp-image-33481 alignnone\" src=\"https:\/\/toidupakk.ee\/wp-content\/uploads\/2025\/03\/MAX_SHOWER_54fc48c5-0259-430e-95b2-62516c82d4ee.webp\" alt=\"\" width=\"1920\" height=\"720\" srcset=\"https:\/\/toidupakk.ee\/wp-content\/uploads\/2025\/03\/MAX_SHOWER_54fc48c5-0259-430e-95b2-62516c82d4ee.webp 1920w, https:\/\/toidupakk.ee\/wp-content\/uploads\/2025\/03\/MAX_SHOWER_54fc48c5-0259-430e-95b2-62516c82d4ee-800x300.webp 800w, https:\/\/toidupakk.ee\/wp-content\/uploads\/2025\/03\/MAX_SHOWER_54fc48c5-0259-430e-95b2-62516c82d4ee-300x113.webp 300w, https:\/\/toidupakk.ee\/wp-content\/uploads\/2025\/03\/MAX_SHOWER_54fc48c5-0259-430e-95b2-62516c82d4ee-1024x384.webp 1024w, https:\/\/toidupakk.ee\/wp-content\/uploads\/2025\/03\/MAX_SHOWER_54fc48c5-0259-430e-95b2-62516c82d4ee-768x288.webp 768w, https:\/\/toidupakk.ee\/wp-content\/uploads\/2025\/03\/MAX_SHOWER_54fc48c5-0259-430e-95b2-62516c82d4ee-1536x576.webp 1536w\" sizes=\"(max-width: 1920px) 100vw, 1920px\" \/><\/p>\n<h2 class=\"\" data-start=\"1943\" data-end=\"1992\">Wodoodporno\u015b\u0107 IPX7 \u2013 niezawodno\u015b\u0107 w ka\u017cdej sytuacji<\/h2>\n<p class=\"\" data-start=\"1994\" data-end=\"2216\">MAX Shower posiada klas\u0119 wodoodporno\u015bci IPX7, co oznacza, \u017ce urz\u0105dzenie wytrzymuje zanurzenie w wodzie na g\u0142\u0119boko\u015b\u0107 do 1 metra przez 30 minut. Dzi\u0119ki temu idealnie nadaje si\u0119 do u\u017cytku na zewn\u0105trz \u2013 nawet w deszczowym, wilgotnym lub mokrym otoczeniu. <\/p>\n<h2 class=\"\" data-start=\"2472\" data-end=\"2533\">Dane techniczne \u2013 <strong data-start=\"2515\" data-end=\"2533\">prysznic zewn\u0119trzny z akumulatorem<\/strong> FLEXTAIL MAX Shower<\/h2>\n<ul>\n<li data-start=\"2537\" data-end=\"2570\"><strong data-start=\"2537\" data-end=\"2553\">Czas pracy akumulatora:<\/strong> 70\u2013110 minut<\/li>\n<li data-start=\"2537\" data-end=\"2570\"><strong data-start=\"2573\" data-end=\"2589\">Czas \u0142adowania:<\/strong> ~4 godziny<\/li>\n<li data-start=\"2537\" data-end=\"2570\"><strong data-start=\"2603\" data-end=\"2611\">Akumulator:<\/strong> ok. 5000 mAh, czyli 18,5 Wh litowo-jonowy<\/li>\n<li data-start=\"2537\" data-end=\"2570\"><strong data-start=\"2636\" data-end=\"2651\">Wodoodporno\u015b\u0107:<\/strong> IPX7<\/li>\n<li data-start=\"2537\" data-end=\"2570\"><strong data-start=\"2661\" data-end=\"2670\">Waga:<\/strong> 305 g<\/li>\n<li data-start=\"2537\" data-end=\"2570\"><strong data-start=\"2681\" data-end=\"2693\">Wymiary:<\/strong> 120 \u00d7 69 \u00d7 40 mm<\/li>\n<li data-start=\"2537\" data-end=\"2570\"><strong data-start=\"2715\" data-end=\"2734\">D\u0142ugo\u015b\u0107 w\u0119\u017ca:<\/strong> 2 m<\/li>\n<li data-start=\"2537\" data-end=\"2570\"><strong data-start=\"2743\" data-end=\"2760\">Tryby prysznica:<\/strong> Strumie\u0144 ci\u0105g\u0142y \/ tryb prysznica<\/li>\n<li data-start=\"2537\" data-end=\"2570\"><strong data-start=\"2789\" data-end=\"2805\">Pr\u0119dko\u015b\u0107 przep\u0142ywu:<\/strong> 2,2\u20133,0 litra na minut\u0119<\/li>\n<li data-start=\"2537\" data-end=\"2570\"><strong data-start=\"2834\" data-end=\"2848\">\u0141adowanie:<\/strong> USB-C<\/li>\n<\/ul>\n<p>&nbsp;<\/p>\n<p>Zobacz wi\u0119cej akcesori\u00f3w turystycznych <a href=\"https:\/\/toidupakk.ee\/pl\/tootekategooria\/sprzet-turystyczny\/#section-3-79\">TUTAJ<\/a><\/p>\n<p>Zobacz jedzenie na wypraw\u0119, kt\u00f3re warto zabra\u0107 <a href=\"https:\/\/toidupakk.ee\/pl\/sklep-internetowy\/\">TUTAJ<\/a><\/p>\n<p>Znajd\u017a inspiracj\u0119 na kolejne przygody na <a href=\"https:\/\/www.instagram.com\/toidupakk\/\">Instagramie<\/a> i <a href=\"https:\/\/www.facebook.com\/Toidupakk\/\">Facebooku<\/a> Toidupakk.<\/p>\n","protected":false},"excerpt":{"rendered":"<p class=\"\" data-start=\"295\" data-end=\"656\"><strong>FLEXTAIL MAX Shower to kompaktowe, wydajne i \u0142atwe w u\u017cyciu przeno\u015bne urz\u0105dzenie prysznicowe, kt\u00f3re \u015bwietnie nadaje si\u0119 na w\u0119dr\u00f3wki, kemping, ryby lub do szybkiego och\u0142odzenia w upalny dzie\u0144. Pod\u0142\u0105cz do\u0142\u0105czony w\u0105\u017c do zbiornika z wod\u0105, w\u0142\u0105cz pomp\u0119 i ciesz si\u0119 przyjemnym prysznicem wsz\u0119dzie tam, gdzie go potrzebujesz. <\/strong><\/p>\n<ul>\n<li data-start=\"658\" data-end=\"1393\">Ultralekki i kompaktowy przeno\u015bny zestaw prysznicowy z akumulatorem<\/li>\n<li data-start=\"658\" data-end=\"1393\">Miej mo\u017cliwo\u015b\u0107 umycia si\u0119 zawsze przy sobie<\/li>\n<li data-start=\"658\" data-end=\"1393\">U\u017cywaj wody ze zbiornika lub bezpo\u015brednio z rzeki czy jeziora<\/li>\n<li data-start=\"658\" data-end=\"1393\">Mocne ci\u015bnienie wody (3,0 l\/min)<\/li>\n<li data-start=\"658\" data-end=\"1393\">Czas pracy akumulatora do 110 minut (zale\u017cnie od trybu)<\/li>\n<li data-start=\"658\" data-end=\"1393\">2 tryby przep\u0142ywu wody \u2013 mocny strumie\u0144 lub s\u0142abszy tryb oszcz\u0119dzaj\u0105cy wod\u0119 i akumulator, pozwalaj\u0105cy na d\u0142u\u017csz\u0105 prac\u0119<\/li>\n<li data-start=\"658\" data-end=\"1393\">Urz\u0105dzenie wa\u017cy zaledwie 305 g (120 \u00d7 69 \u00d7 40 mm) i bez trudu mie\u015bci si\u0119 w plecaku turystycznym.<\/li>\n<li data-start=\"658\" data-end=\"1393\">Akumulator (5000 mAh): Czas pracy 70\u2013110 minut, zale\u017cnie od wybranego trybu. Pe\u0142ne \u0142adowanie przez USB-C <\/li>\n<li data-start=\"658\" data-end=\"1393\">Wodoodporno\u015b\u0107 IPX7: Wytrzymuje pe\u0142ne zanurzenie w wodzie do 1 metra g\u0142\u0119boko\u015bci \u2013 idealny do u\u017cytku na zewn\u0105trz.<\/li>\n<li data-start=\"658\" data-end=\"1393\">\u0141atwy w u\u017cyciu: Sterowanie jednym przyciskiem i szybkie pod\u0142\u0105czanie w\u0119\u017ca.<\/li>\n<li data-start=\"658\" data-end=\"1393\">Gwarancja producenta: 1 rok<\/li>\n<\/ul>\n<p class=\"\" data-start=\"658\" data-end=\"1393\">\u2705 Dost\u0119pne w magazynie, szybka dostawa w 1-3 dni robocze<br \/>\n\u2705 Kup teraz, zap\u0142a\u0107 p\u00f3\u017aniej (RRSO 0%)<\/p>\n","protected":false},"featured_media":33476,"comment_status":"open","ping_status":"closed","template":"","meta":{"_acf_changed":false},"product_brand":[],"product_cat":[303,311,301],"product_tag":[],"class_list":{"0":"post-50215","1":"product","2":"type-product","3":"status-publish","4":"has-post-thumbnail","6":"product_cat-akcesoria-turystyczne","7":"product_cat-praktyczne-pomysly-na-prezent","8":"product_cat-sprzet-turystyczny","10":"first","11":"instock","12":"sale","13":"taxable","14":"shipping-taxable","15":"purchasable","16":"product-type-simple"},"bundled_by":[],"bundle_stock_status":"instock","bundle_stock_quantity":27,"bundle_virtual":false,"bundle_layout":"","bundle_add_to_cart_form_location":"","bundle_editable_in_cart":false,"bundle_sold_individually_context":"","bundle_item_grouping":"","bundle_min_size":"","bundle_max_size":"","bundle_price":[],"bundled_items":[],"bundle_sell_ids":[],"acf":[],"yoast_head":"<!-- This site is optimized with the Yoast SEO plugin v27.3 - https:\/\/yoast.com\/product\/yoast-seo-wordpress\/ -->\n<title>Prysznic zewn\u0119trzny z akumulatorem FlexTail\u00ae<\/title>\n<meta name=\"description\" content=\"Kompaktowy i wodoodporny prysznic zewn\u0119trzny z akumulatorem \u2013 FLEXTAIL MAX Shower sprawdzi si\u0119 na wyprawie, kempingu czy w saunie. Dzia\u0142a do 110 minut i \u0142aduje si\u0119 przez USB-C.\" \/>\n<meta name=\"robots\" content=\"index, follow, max-snippet:-1, max-image-preview:large, max-video-preview:-1\" \/>\n<link rel=\"canonical\" href=\"https:\/\/toidupakk.ee\/pl\/toode\/prysznic-zewnetrzny-z-akumulatorem-flextail\/\" \/>\n<meta property=\"og:locale\" content=\"pl_PL\" \/>\n<meta property=\"og:type\" content=\"article\" \/>\n<meta property=\"og:title\" content=\"Prysznic zewn\u0119trzny z akumulatorem FlexTail\u00ae\" \/>\n<meta property=\"og:description\" content=\"Kompaktowy i wodoodporny prysznic zewn\u0119trzny z akumulatorem \u2013 FLEXTAIL MAX Shower sprawdzi si\u0119 na wyprawie, kempingu czy w saunie. Dzia\u0142a do 110 minut i \u0142aduje si\u0119 przez USB-C.\" \/>\n<meta property=\"og:url\" content=\"https:\/\/toidupakk.ee\/pl\/toode\/prysznic-zewnetrzny-z-akumulatorem-flextail\/\" \/>\n<meta property=\"og:site_name\" content=\"Toidupakk.ee - Tactical Foodpack toidupakid\" \/>\n<meta property=\"article:publisher\" content=\"https:\/\/www.facebook.com\/Toidupakk\" \/>\n<meta property=\"article:modified_time\" content=\"2026-04-15T05:01:37+00:00\" \/>\n<meta property=\"og:image\" content=\"https:\/\/toidupakk.ee\/wp-content\/uploads\/2025\/03\/1-9.png\" \/>\n\t<meta property=\"og:image:width\" content=\"800\" \/>\n\t<meta property=\"og:image:height\" content=\"800\" \/>\n\t<meta property=\"og:image:type\" content=\"image\/png\" \/>\n<meta name=\"twitter:card\" content=\"summary_large_image\" \/>\n<meta name=\"twitter:label1\" content=\"Szacowany czas czytania\" \/>\n\t<meta name=\"twitter:data1\" content=\"2 minuty\" \/>\n<script type=\"application\/ld+json\" class=\"yoast-schema-graph\">{\"@context\":\"https:\\\/\\\/schema.org\",\"@graph\":[{\"@type\":\"WebPage\",\"@id\":\"https:\\\/\\\/toidupakk.ee\\\/pl\\\/toode\\\/prysznic-zewnetrzny-z-akumulatorem-flextail\\\/\",\"url\":\"https:\\\/\\\/toidupakk.ee\\\/pl\\\/toode\\\/prysznic-zewnetrzny-z-akumulatorem-flextail\\\/\",\"name\":\"Prysznic zewn\u0119trzny z akumulatorem FlexTail\u00ae\",\"isPartOf\":{\"@id\":\"https:\\\/\\\/toidupakk.ee\\\/pl\\\/#website\"},\"primaryImageOfPage\":{\"@id\":\"https:\\\/\\\/toidupakk.ee\\\/pl\\\/toode\\\/prysznic-zewnetrzny-z-akumulatorem-flextail\\\/#primaryimage\"},\"image\":{\"@id\":\"https:\\\/\\\/toidupakk.ee\\\/pl\\\/toode\\\/prysznic-zewnetrzny-z-akumulatorem-flextail\\\/#primaryimage\"},\"thumbnailUrl\":\"https:\\\/\\\/toidupakk.ee\\\/wp-content\\\/uploads\\\/2025\\\/03\\\/1-9.png\",\"datePublished\":\"2025-04-07T13:03:41+00:00\",\"dateModified\":\"2026-04-15T05:01:37+00:00\",\"description\":\"Kompaktowy i wodoodporny prysznic zewn\u0119trzny z akumulatorem \u2013 FLEXTAIL MAX Shower sprawdzi si\u0119 na wyprawie, kempingu czy w saunie. Dzia\u0142a do 110 minut i \u0142aduje si\u0119 przez USB-C.\",\"breadcrumb\":{\"@id\":\"https:\\\/\\\/toidupakk.ee\\\/pl\\\/toode\\\/prysznic-zewnetrzny-z-akumulatorem-flextail\\\/#breadcrumb\"},\"inLanguage\":\"pl-PL\",\"potentialAction\":[{\"@type\":\"ReadAction\",\"target\":[\"https:\\\/\\\/toidupakk.ee\\\/pl\\\/toode\\\/prysznic-zewnetrzny-z-akumulatorem-flextail\\\/\"]}]},{\"@type\":\"ImageObject\",\"inLanguage\":\"pl-PL\",\"@id\":\"https:\\\/\\\/toidupakk.ee\\\/pl\\\/toode\\\/prysznic-zewnetrzny-z-akumulatorem-flextail\\\/#primaryimage\",\"url\":\"https:\\\/\\\/toidupakk.ee\\\/wp-content\\\/uploads\\\/2025\\\/03\\\/1-9.png\",\"contentUrl\":\"https:\\\/\\\/toidupakk.ee\\\/wp-content\\\/uploads\\\/2025\\\/03\\\/1-9.png\",\"width\":800,\"height\":800},{\"@type\":\"BreadcrumbList\",\"@id\":\"https:\\\/\\\/toidupakk.ee\\\/pl\\\/toode\\\/prysznic-zewnetrzny-z-akumulatorem-flextail\\\/#breadcrumb\",\"itemListElement\":[{\"@type\":\"ListItem\",\"position\":1,\"name\":\"Avaleht\",\"item\":\"https:\\\/\\\/toidupakk.ee\\\/pl\\\/\"},{\"@type\":\"ListItem\",\"position\":2,\"name\":\"Sklep internetowy\",\"item\":\"https:\\\/\\\/toidupakk.ee\\\/pl\\\/sklep-internetowy\\\/\"},{\"@type\":\"ListItem\",\"position\":3,\"name\":\"Prysznic zewn\u0119trzny z akumulatorem FlexTail\u00ae\"}]},{\"@type\":\"WebSite\",\"@id\":\"https:\\\/\\\/toidupakk.ee\\\/pl\\\/#website\",\"url\":\"https:\\\/\\\/toidupakk.ee\\\/pl\\\/\",\"name\":\"Toidupakk.ee - Tactical Foodpack toidupakid\",\"description\":\"Tactical Foodpack k\u00fclmkuivatatud toidupakid ja matkaeined\",\"publisher\":{\"@id\":\"https:\\\/\\\/toidupakk.ee\\\/pl\\\/#organization\"},\"potentialAction\":[{\"@type\":\"SearchAction\",\"target\":{\"@type\":\"EntryPoint\",\"urlTemplate\":\"https:\\\/\\\/toidupakk.ee\\\/pl\\\/?s={search_term_string}\"},\"query-input\":{\"@type\":\"PropertyValueSpecification\",\"valueRequired\":true,\"valueName\":\"search_term_string\"}}],\"inLanguage\":\"pl-PL\"},{\"@type\":\"Organization\",\"@id\":\"https:\\\/\\\/toidupakk.ee\\\/pl\\\/#organization\",\"name\":\"Tactical Foodpack matkaeined\",\"url\":\"https:\\\/\\\/toidupakk.ee\\\/pl\\\/\",\"logo\":{\"@type\":\"ImageObject\",\"inLanguage\":\"pl-PL\",\"@id\":\"https:\\\/\\\/toidupakk.ee\\\/pl\\\/#\\\/schema\\\/logo\\\/image\\\/\",\"url\":\"https:\\\/\\\/toidupakk.ee\\\/wp-content\\\/uploads\\\/2022\\\/01\\\/Toidupakk-matkapood-logo-transparent.png\",\"contentUrl\":\"https:\\\/\\\/toidupakk.ee\\\/wp-content\\\/uploads\\\/2022\\\/01\\\/Toidupakk-matkapood-logo-transparent.png\",\"width\":500,\"height\":500,\"caption\":\"Tactical Foodpack matkaeined\"},\"image\":{\"@id\":\"https:\\\/\\\/toidupakk.ee\\\/pl\\\/#\\\/schema\\\/logo\\\/image\\\/\"},\"sameAs\":[\"https:\\\/\\\/www.facebook.com\\\/Toidupakk\",\"https:\\\/\\\/www.instagram.com\\\/toidupakk\\\/\"]}]}<\/script>\n<!-- \/ Yoast SEO plugin. -->","yoast_head_json":{"title":"Prysznic zewn\u0119trzny z akumulatorem FlexTail\u00ae","description":"Kompaktowy i wodoodporny prysznic zewn\u0119trzny z akumulatorem \u2013 FLEXTAIL MAX Shower sprawdzi si\u0119 na wyprawie, kempingu czy w saunie. Dzia\u0142a do 110 minut i \u0142aduje si\u0119 przez USB-C.","robots":{"index":"index","follow":"follow","max-snippet":"max-snippet:-1","max-image-preview":"max-image-preview:large","max-video-preview":"max-video-preview:-1"},"canonical":"https:\/\/toidupakk.ee\/pl\/toode\/prysznic-zewnetrzny-z-akumulatorem-flextail\/","og_locale":"pl_PL","og_type":"article","og_title":"Prysznic zewn\u0119trzny z akumulatorem FlexTail\u00ae","og_description":"Kompaktowy i wodoodporny prysznic zewn\u0119trzny z akumulatorem \u2013 FLEXTAIL MAX Shower sprawdzi si\u0119 na wyprawie, kempingu czy w saunie. Dzia\u0142a do 110 minut i \u0142aduje si\u0119 przez USB-C.","og_url":"https:\/\/toidupakk.ee\/pl\/toode\/prysznic-zewnetrzny-z-akumulatorem-flextail\/","og_site_name":"Toidupakk.ee - Tactical Foodpack toidupakid","article_publisher":"https:\/\/www.facebook.com\/Toidupakk","article_modified_time":"2026-04-15T05:01:37+00:00","og_image":[{"width":800,"height":800,"url":"https:\/\/toidupakk.ee\/wp-content\/uploads\/2025\/03\/1-9.png","type":"image\/png"}],"twitter_card":"summary_large_image","twitter_misc":{"Szacowany czas czytania":"2 minuty"},"schema":{"@context":"https:\/\/schema.org","@graph":[{"@type":"WebPage","@id":"https:\/\/toidupakk.ee\/pl\/toode\/prysznic-zewnetrzny-z-akumulatorem-flextail\/","url":"https:\/\/toidupakk.ee\/pl\/toode\/prysznic-zewnetrzny-z-akumulatorem-flextail\/","name":"Prysznic zewn\u0119trzny z akumulatorem FlexTail\u00ae","isPartOf":{"@id":"https:\/\/toidupakk.ee\/pl\/#website"},"primaryImageOfPage":{"@id":"https:\/\/toidupakk.ee\/pl\/toode\/prysznic-zewnetrzny-z-akumulatorem-flextail\/#primaryimage"},"image":{"@id":"https:\/\/toidupakk.ee\/pl\/toode\/prysznic-zewnetrzny-z-akumulatorem-flextail\/#primaryimage"},"thumbnailUrl":"https:\/\/toidupakk.ee\/wp-content\/uploads\/2025\/03\/1-9.png","datePublished":"2025-04-07T13:03:41+00:00","dateModified":"2026-04-15T05:01:37+00:00","description":"Kompaktowy i wodoodporny prysznic zewn\u0119trzny z akumulatorem \u2013 FLEXTAIL MAX Shower sprawdzi si\u0119 na wyprawie, kempingu czy w saunie. Dzia\u0142a do 110 minut i \u0142aduje si\u0119 przez USB-C.","breadcrumb":{"@id":"https:\/\/toidupakk.ee\/pl\/toode\/prysznic-zewnetrzny-z-akumulatorem-flextail\/#breadcrumb"},"inLanguage":"pl-PL","potentialAction":[{"@type":"ReadAction","target":["https:\/\/toidupakk.ee\/pl\/toode\/prysznic-zewnetrzny-z-akumulatorem-flextail\/"]}]},{"@type":"ImageObject","inLanguage":"pl-PL","@id":"https:\/\/toidupakk.ee\/pl\/toode\/prysznic-zewnetrzny-z-akumulatorem-flextail\/#primaryimage","url":"https:\/\/toidupakk.ee\/wp-content\/uploads\/2025\/03\/1-9.png","contentUrl":"https:\/\/toidupakk.ee\/wp-content\/uploads\/2025\/03\/1-9.png","width":800,"height":800},{"@type":"BreadcrumbList","@id":"https:\/\/toidupakk.ee\/pl\/toode\/prysznic-zewnetrzny-z-akumulatorem-flextail\/#breadcrumb","itemListElement":[{"@type":"ListItem","position":1,"name":"Avaleht","item":"https:\/\/toidupakk.ee\/pl\/"},{"@type":"ListItem","position":2,"name":"Sklep internetowy","item":"https:\/\/toidupakk.ee\/pl\/sklep-internetowy\/"},{"@type":"ListItem","position":3,"name":"Prysznic zewn\u0119trzny z akumulatorem FlexTail\u00ae"}]},{"@type":"WebSite","@id":"https:\/\/toidupakk.ee\/pl\/#website","url":"https:\/\/toidupakk.ee\/pl\/","name":"Toidupakk.ee - Tactical Foodpack toidupakid","description":"Tactical Foodpack k\u00fclmkuivatatud toidupakid ja matkaeined","publisher":{"@id":"https:\/\/toidupakk.ee\/pl\/#organization"},"potentialAction":[{"@type":"SearchAction","target":{"@type":"EntryPoint","urlTemplate":"https:\/\/toidupakk.ee\/pl\/?s={search_term_string}"},"query-input":{"@type":"PropertyValueSpecification","valueRequired":true,"valueName":"search_term_string"}}],"inLanguage":"pl-PL"},{"@type":"Organization","@id":"https:\/\/toidupakk.ee\/pl\/#organization","name":"Tactical Foodpack matkaeined","url":"https:\/\/toidupakk.ee\/pl\/","logo":{"@type":"ImageObject","inLanguage":"pl-PL","@id":"https:\/\/toidupakk.ee\/pl\/#\/schema\/logo\/image\/","url":"https:\/\/toidupakk.ee\/wp-content\/uploads\/2022\/01\/Toidupakk-matkapood-logo-transparent.png","contentUrl":"https:\/\/toidupakk.ee\/wp-content\/uploads\/2022\/01\/Toidupakk-matkapood-logo-transparent.png","width":500,"height":500,"caption":"Tactical Foodpack matkaeined"},"image":{"@id":"https:\/\/toidupakk.ee\/pl\/#\/schema\/logo\/image\/"},"sameAs":["https:\/\/www.facebook.com\/Toidupakk","https:\/\/www.instagram.com\/toidupakk\/"]}]}},"jetpack_sharing_enabled":true,"_links":{"self":[{"href":"https:\/\/toidupakk.ee\/pl\/wp-json\/wp\/v2\/product\/50215","targetHints":{"allow":["GET"]}}],"collection":[{"href":"https:\/\/toidupakk.ee\/pl\/wp-json\/wp\/v2\/product"}],"about":[{"href":"https:\/\/toidupakk.ee\/pl\/wp-json\/wp\/v2\/types\/product"}],"replies":[{"embeddable":true,"href":"https:\/\/toidupakk.ee\/pl\/wp-json\/wp\/v2\/comments?post=50215"}],"wp:featuredmedia":[{"embeddable":true,"href":"https:\/\/toidupakk.ee\/pl\/wp-json\/wp\/v2\/media\/33476"}],"wp:attachment":[{"href":"https:\/\/toidupakk.ee\/pl\/wp-json\/wp\/v2\/media?parent=50215"}],"wp:term":[{"taxonomy":"product_brand","embeddable":true,"href":"https:\/\/toidupakk.ee\/pl\/wp-json\/wp\/v2\/product_brand?post=50215"},{"taxonomy":"product_cat","embeddable":true,"href":"https:\/\/toidupakk.ee\/pl\/wp-json\/wp\/v2\/product_cat?post=50215"},{"taxonomy":"product_tag","embeddable":true,"href":"https:\/\/toidupakk.ee\/pl\/wp-json\/wp\/v2\/product_tag?post=50215"}],"curies":[{"name":"wp","href":"https:\/\/api.w.org\/{rel}","templated":true}]}}