{"id":50200,"date":"2025-04-07T15:07:27","date_gmt":"2025-04-07T12:07:27","guid":{"rendered":"https:\/\/toidupakk.ee\/toode\/lampa-z-nawilzaczem-i-oswietleniem-nastrojowym-flextail\/"},"modified":"2026-04-29T15:31:44","modified_gmt":"2026-04-29T12:31:44","slug":"lampa-z-nawilzaczem-i-oswietleniem-nastrojowym-flextail","status":"publish","type":"product","link":"https:\/\/toidupakk.ee\/pl\/toode\/lampa-z-nawilzaczem-i-oswietleniem-nastrojowym-flextail\/","title":{"rendered":"Lampa z nawil\u017caczem i o\u015bwietleniem nastrojowym FlexTail\u00ae"},"content":{"rendered":"<h2 class=\"\" data-start=\"305\" data-end=\"367\">MAX Lantern z nawil\u017caczem \u2013 stylowa lampa 3 w 1 <strong data-start=\"337\" data-end=\"367\">LED, mgie\u0142ka i nawil\u017cacz<\/strong><\/h2>\n<p class=\"\" data-start=\"369\" data-end=\"704\"><strong data-start=\"369\" data-end=\"393\">FLEXTAIL MAX Lantern<\/strong> to wielofunkcyjna i efektowna <strong data-start=\"443\" data-end=\"473\">lampa z nawil\u017caczem<\/strong>, \u0142\u0105cz\u0105ca design w stylu vintage z nowoczesn\u0105 funkcjonalno\u015bci\u0105. To urz\u0105dzenie 3 w 1 posiada o\u015bwietlenie LED, efekt p\u0142omienia i nawil\u017caj\u0105c\u0105 mgie\u0142k\u0119. Idealna do natury, namiotu, na balkon lub do domu.  <\/p>\n<div style=\"width: 976px;\" class=\"wp-video\"><video class=\"wp-video-shortcode\" id=\"video-50200-1\" width=\"976\" height=\"480\" loop autoplay preload=\"metadata\" controls=\"controls\"><source type=\"video\/mp4\" src=\"https:\/\/toidupakk.ee\/wp-content\/uploads\/2025\/03\/1ba83f192c8340d1bd4737994a14260e.SD-480p-1.5Mbps-39237792.mp4?_=1\" \/><a href=\"https:\/\/toidupakk.ee\/wp-content\/uploads\/2025\/03\/1ba83f192c8340d1bd4737994a14260e.SD-480p-1.5Mbps-39237792.mp4\">https:\/\/toidupakk.ee\/wp-content\/uploads\/2025\/03\/1ba83f192c8340d1bd4737994a14260e.SD-480p-1.5Mbps-39237792.mp4<\/a><\/video><\/div>\n<h2 class=\"\" data-start=\"711\" data-end=\"756\">Turystyczna lampa vintage, kt\u00f3ra przyci\u0105ga wzrok<\/h2>\n<p class=\"\" data-start=\"758\" data-end=\"1055\">MAX Lantern inspiruje si\u0119 klasyczn\u0105 lamp\u0105 naftow\u0105, wzbogacon\u0105 o nowoczesn\u0105 technologi\u0119. Metalowy uchwyt i obudowa retro sprawiaj\u0105, \u017ce pasuje zar\u00f3wno do ekwipunku turystycznego, jak i do wn\u0119trza. Elegancki wygl\u0105d i praktyczno\u015b\u0107 wyr\u00f3\u017cniaj\u0105 j\u0105 w ka\u017cdym otoczeniu.  <\/p>\n<h2 class=\"\" data-start=\"1062\" data-end=\"1114\">Turystyczna lampa z efektem p\u0142omienia \u2013 nastr\u00f3j w ka\u017cdej chwili<\/h2>\n<p class=\"\" data-start=\"1116\" data-end=\"1416\">Jedn\u0105 z wyj\u0105tkowych cech lampy jest realistyczny <strong data-start=\"1162\" data-end=\"1176\">efekt p\u0142omienia<\/strong>, imituj\u0105cy migocz\u0105c\u0105 \u015bwiec\u0119. Tworzy ciep\u0142e, relaksuj\u0105ce \u015bwiat\u0142o, idealne na wieczory w namiocie, na balkonie lub tarasie. Efekt p\u0142omienia nie tylko zdobi, ale te\u017c buduje bezpieczn\u0105 i spokojn\u0105 atmosfer\u0119.  <\/p>\n<p data-start=\"1116\" data-end=\"1416\"><img fetchpriority=\"high\" decoding=\"async\" class=\"alignnone wp-image-33468 size-full\" src=\"https:\/\/toidupakk.ee\/wp-content\/uploads\/2025\/03\/MAX_LANTERN_BANNER_p.webp\" alt=\"Lampa turystyczna 3 w 1 MAX Lantern z nawil\u017caczem w trybie p\u0142omienia na drewnianym stole \u2013 idealna do przytulnego o\u015bwietlenia.\" width=\"1920\" height=\"885\" srcset=\"https:\/\/toidupakk.ee\/wp-content\/uploads\/2025\/03\/MAX_LANTERN_BANNER_p.webp 1920w, https:\/\/toidupakk.ee\/wp-content\/uploads\/2025\/03\/MAX_LANTERN_BANNER_p-800x369.webp 800w, https:\/\/toidupakk.ee\/wp-content\/uploads\/2025\/03\/MAX_LANTERN_BANNER_p-300x138.webp 300w, https:\/\/toidupakk.ee\/wp-content\/uploads\/2025\/03\/MAX_LANTERN_BANNER_p-1024x472.webp 1024w, https:\/\/toidupakk.ee\/wp-content\/uploads\/2025\/03\/MAX_LANTERN_BANNER_p-768x354.webp 768w, https:\/\/toidupakk.ee\/wp-content\/uploads\/2025\/03\/MAX_LANTERN_BANNER_p-1536x708.webp 1536w\" sizes=\"(max-width: 1920px) 100vw, 1920px\" \/><\/p>\n<h2 class=\"\" data-start=\"1423\" data-end=\"1482\"><strong data-start=\"1426\" data-end=\"1456\">Lampa turystyczna z nawil\u017caczem<\/strong> \u2013 funkcja, kt\u00f3ra j\u0105 wyr\u00f3\u017cnia<\/h2>\n<p class=\"\" data-start=\"1484\" data-end=\"1783\">MAX Lantern posiada zintegrowan\u0105 <strong data-start=\"1515\" data-end=\"1558\">funkcj\u0119 mgie\u0142ki\/nawil\u017cania (mist mode)<\/strong>, kt\u00f3ra dodaje efektu wizualnego i dba o wilgotno\u015b\u0107 powietrza. To co\u015b wi\u0119cej ni\u017c lampa \u2013 to przydatny dodatek w suchych lub klimatyzowanych pomieszczeniach, zapewniaj\u0105cy przyjemniejsze otoczenie. <\/p>\n<h2 class=\"\" data-start=\"1790\" data-end=\"1841\">3 tryby \u015bwiecenia \u2013 reguluj wed\u0142ug potrzeb<\/h2>\n<p class=\"\" data-start=\"1843\" data-end=\"1908\">Jasno\u015b\u0107 mo\u017cna dostosowa\u0107 do sytuacji. Trzy tryby: <\/p>\n<ul>\n<li data-start=\"1911\" data-end=\"1935\"><strong data-start=\"1911\" data-end=\"1933\">Tryb High \u2013 300 lm<\/strong><\/li>\n<li data-start=\"1911\" data-end=\"1935\"><strong data-start=\"1938\" data-end=\"1962\">Tryb Medium \u2013 150 lm<\/strong><\/li>\n<li data-start=\"1911\" data-end=\"1935\"><strong data-start=\"1967\" data-end=\"1987\">Tryb Low \u2013 50 lm<\/strong><\/li>\n<\/ul>\n<p class=\"\" data-start=\"1989\" data-end=\"2122\">Wszystkie tryby wykorzystuj\u0105 <strong data-start=\"2013\" data-end=\"2036\">ciep\u0142e \u015bwiat\u0142o 3000 K<\/strong>, doskona\u0142e do o\u015bwietlenia i budowania nastroju.<\/p>\n<h2 class=\"\" data-start=\"2129\" data-end=\"2164\">Mocny akumulator i opcje \u0142adowania<\/h2>\n<p class=\"\" data-start=\"2166\" data-end=\"2436\">MAX Lantern posiada <strong data-start=\"2183\" data-end=\"2210\">akumulator litowo-jonowy 9600 mAh<\/strong>, zapewniaj\u0105cy do <strong data-start=\"2231\" data-end=\"2251\">23 godzin pracy<\/strong>. \u0141adowanie odbywa si\u0119 przez <strong data-start=\"2279\" data-end=\"2301\">kabel USB-C<\/strong>, a dzi\u0119ki <strong data-start=\"2312\" data-end=\"2332\">wyj\u015bciu USB-A<\/strong> urz\u0105dzenie s\u0142u\u017cy te\u017c jako <strong data-start=\"2357\" data-end=\"2371\">powerbank<\/strong> do \u0142adowania telefonu lub drobnej elektroniki. <\/p>\n<p data-start=\"2166\" data-end=\"2436\"><img decoding=\"async\" class=\"aligncenter wp-image-33469 size-full\" src=\"https:\/\/toidupakk.ee\/wp-content\/uploads\/2025\/03\/MAX_LANTERN_POWER_BANK_5effe0ba-8e07-4400-a8b5-07e925c9eb7a-1.webp\" alt=\"Lampa turystyczna z nawil\u017caczem FLEXTAIL MAX Lantern podczas \u0142adowania USB-C, \u0142adowanie telefonu z baterii 9600 mAh na stole.\" width=\"1148\" height=\"564\" srcset=\"https:\/\/toidupakk.ee\/wp-content\/uploads\/2025\/03\/MAX_LANTERN_POWER_BANK_5effe0ba-8e07-4400-a8b5-07e925c9eb7a-1.webp 1148w, https:\/\/toidupakk.ee\/wp-content\/uploads\/2025\/03\/MAX_LANTERN_POWER_BANK_5effe0ba-8e07-4400-a8b5-07e925c9eb7a-1-800x393.webp 800w, https:\/\/toidupakk.ee\/wp-content\/uploads\/2025\/03\/MAX_LANTERN_POWER_BANK_5effe0ba-8e07-4400-a8b5-07e925c9eb7a-1-300x147.webp 300w, https:\/\/toidupakk.ee\/wp-content\/uploads\/2025\/03\/MAX_LANTERN_POWER_BANK_5effe0ba-8e07-4400-a8b5-07e925c9eb7a-1-1024x503.webp 1024w, https:\/\/toidupakk.ee\/wp-content\/uploads\/2025\/03\/MAX_LANTERN_POWER_BANK_5effe0ba-8e07-4400-a8b5-07e925c9eb7a-1-768x377.webp 768w\" sizes=\"(max-width: 1148px) 100vw, 1148px\" \/><\/p>\n<h2 class=\"\" data-start=\"2443\" data-end=\"2494\">Lampa turystyczna z nawil\u017caczem tak\u017ce na zewn\u0105trz<\/h2>\n<p class=\"\" data-start=\"2496\" data-end=\"2691\">Urz\u0105dzenie posiada <strong data-start=\"2505\" data-end=\"2527\">wodoodporno\u015b\u0107 IPX4<\/strong>, co oznacza odporno\u015b\u0107 na wilgo\u0107 i zachlapania. Idealne na zewn\u0105trz \u2013 w namiocie podczas deszczu, na balkonie w mglisty poranek lub na szlaku. <\/p>\n<h3 class=\"\" data-start=\"2176\" data-end=\"2220\">Dane techniczne \u2013 FLEXTAIL MAX Lantern<\/h3>\n<p class=\"\" data-start=\"2224\" data-end=\"2289\"><strong data-start=\"2224\" data-end=\"2243\">Tryby \u015bwiecenia:<\/strong> High (300 lm), Medium (150 lm), Low (50 lm)<\/p>\n<ul>\n<li><strong data-start=\"2292\" data-end=\"2316\">Temperatura \u015bwiat\u0142a:<\/strong> 3000 K<\/li>\n<li><strong data-start=\"2327\" data-end=\"2344\">Pojemno\u015b\u0107 akumulatora:<\/strong> 9600 mAh<\/li>\n<li><strong data-start=\"2358\" data-end=\"2369\">Czas pracy:<\/strong> do 23 godzin<\/li>\n<li><strong data-start=\"2388\" data-end=\"2402\">\u0141adowanie:<\/strong> USB-C<\/li>\n<li><strong data-start=\"2413\" data-end=\"2425\">Wyj\u015bcie:<\/strong> USB-A (funkcja powerbanku)<\/li>\n<li><strong data-start=\"2459\" data-end=\"2474\">Wodoodporno\u015b\u0107:<\/strong> IPX4<\/li>\n<li><strong data-start=\"2484\" data-end=\"2501\">Funkcje:<\/strong> efekt p\u0142omienia, nawil\u017canie\/mgie\u0142ka, o\u015bwietlenie<\/li>\n<\/ul>\n<p>Sprawd\u017a inne akcesoria turystyczne <a href=\"https:\/\/toidupakk.ee\/pl\/tootekategooria\/sprzet-turystyczny\/#section-3-79\">TUTAJ<\/a><\/p>\n<p>Interesuj\u0105 Ci\u0119 posi\u0142ki turystyczne? Zobacz <a href=\"https:\/\/toidupakk.ee\/pl\/tootekategooria\/dania-glowne\/\">TUTAJ<\/a><\/p>\n<p>Znajd\u017a inspiracj\u0119 na kolejne przygody na <a href=\"https:\/\/www.instagram.com\/toidupakk\/\">Instagramie<\/a> i <a href=\"https:\/\/www.facebook.com\/Toidupakk\/\">Facebooku<\/a> Toidupakk.<\/p>\n","protected":false},"excerpt":{"rendered":"<p class=\"\" data-start=\"449\" data-end=\"869\"><strong data-start=\"449\" data-end=\"530\">MAX Lantern to stylowa i wielofunkcyjna lampa nastrojowa 3 w 1 z nawil\u017caczem<\/strong>, \u0142\u0105cz\u0105ca lamp\u0119 LED w stylu vintage, realistyczny efekt p\u0142omienia i nawil\u017caj\u0105c\u0105 mgie\u0142k\u0119. Idealna na kemping, taras, balkon lub do wn\u0119trz. Dzi\u0119ki kompaktowej budowie, mocnemu uchwytowi i akumulatorowi to praktyczne \u017ar\u00f3d\u0142o ciep\u0142ego \u015bwiat\u0142a wsz\u0119dzie, gdzie go potrzebujesz.  <\/p>\n<ul>\n<li data-start=\"871\" data-end=\"1875\"><strong data-start=\"871\" data-end=\"894\">Trzy tryby \u015bwiecenia:<\/strong> ciep\u0142e \u015bwiat\u0142o 3000 K o mocy 50, 150 i 300 lumen\u00f3w \u2013 do u\u017cytku praktycznego i nastrojowego.<\/li>\n<li data-start=\"871\" data-end=\"1875\"><strong data-start=\"1003\" data-end=\"1028\">Realistyczny efekt p\u0142omienia:<\/strong> wiernie oddany migocz\u0105cy p\u0142omie\u0144 tworzy relaksuj\u0105c\u0105 atmosfer\u0119 \u2013 idealny na wiecz\u00f3r.<\/li>\n<li data-start=\"871\" data-end=\"1875\"><strong data-start=\"1113\" data-end=\"1150\">Zintegrowana funkcja nawil\u017cania:<\/strong> (mist mode) dodaje efektu wizualnego i poprawia wilgotno\u015b\u0107 powietrza \u2013 kluczowa w urz\u0105dzeniach typu <strong data-start=\"1233\" data-end=\"1263\">lampa turystyczna z nawil\u017caczem<\/strong>.<\/li>\n<li data-start=\"871\" data-end=\"1875\"><strong data-start=\"1283\" data-end=\"1309\">Akumulator (9600 mAh):<\/strong> do 23 godzin pracy na jednym \u0142adowaniu. <strong>Dzia\u0142a te\u017c jako powerbank<\/strong> (wyj\u015bcie USB-A).<\/li>\n<li data-start=\"871\" data-end=\"1875\"><strong data-start=\"1403\" data-end=\"1423\">\u0141adowanie USB-C:<\/strong> szybkie i wygodne \u0142adowanie nowoczesnym kablem USB-C.<\/li>\n<li data-start=\"871\" data-end=\"1875\"><strong data-start=\"1480\" data-end=\"1500\">Wodoodporno\u015b\u0107 IPX4:<\/strong> odporna na zachlapania i wilgo\u0107 \u2013 nadaje si\u0119 do u\u017cytku na zewn\u0105trz.<\/li>\n<li data-start=\"871\" data-end=\"1875\"><strong data-start=\"1573\" data-end=\"1601\">Solidna i stylowa obudowa:<\/strong> design retro z metalowym uchwytem, trwa\u0142a w codziennym u\u017cytkowaniu.<\/li>\n<li data-start=\"871\" data-end=\"1875\"><strong data-start=\"1681\" data-end=\"1704\" data-is-only-node=\"\">Lekka i kompaktowa:<\/strong> wygodna do przenoszenia lub jako dekoracja.<\/li>\n<li data-start=\"871\" data-end=\"1875\"><strong data-start=\"1756\" data-end=\"1782\">Gwarancja producenta:<\/strong> 1 rok<\/li>\n<\/ul>\n<p>\u2705 Dost\u0119pne w magazynie, szybka dostawa w 1\u20133 dni robocze<br data-start=\"1834\" data-end=\"1837\">\u2705 Kup teraz, zap\u0142a\u0107 p\u00f3\u017aniej (RRSO 0%)<\/p>\n","protected":false},"featured_media":42851,"comment_status":"open","ping_status":"closed","template":"","meta":{"_acf_changed":false},"product_brand":[],"product_cat":[303,315,355,341,314,311,301],"product_tag":[],"class_list":{"0":"post-50200","1":"product","2":"type-product","3":"status-publish","4":"has-post-thumbnail","6":"product_cat-akcesoria-turystyczne","7":"product_cat-elektronika","8":"product_cat-lampy-i-latarnie","9":"product_cat-latarki","10":"product_cat-nocowanie-w-naturze","11":"product_cat-praktyczne-pomysly-na-prezent","12":"product_cat-sprzet-turystyczny","14":"first","15":"instock","16":"sale","17":"taxable","18":"shipping-taxable","19":"purchasable","20":"product-type-simple"},"bundled_by":[],"bundle_stock_status":"instock","bundle_stock_quantity":1,"bundle_virtual":false,"bundle_layout":"","bundle_add_to_cart_form_location":"","bundle_editable_in_cart":false,"bundle_sold_individually_context":"","bundle_item_grouping":"","bundle_min_size":"","bundle_max_size":"","bundle_price":[],"bundled_items":[],"bundle_sell_ids":[],"acf":[],"yoast_head":"<!-- This site is optimized with the Yoast SEO plugin v27.3 - https:\/\/yoast.com\/product\/yoast-seo-wordpress\/ -->\n<title>Lampa z nawil\u017caczem i o\u015bwietleniem nastrojowym FlexTail\u00ae<\/title>\n<meta name=\"description\" content=\"Lampa \u0142\u0105cz\u0105ca przytulny efekt p\u0142omienia, mgie\u0142k\u0119, nawil\u017cacz i ciep\u0142e \u015bwiat\u0142o LED. Idealna do tworzenia wyj\u0105tkowego nastroju.\" \/>\n<meta name=\"robots\" content=\"index, follow, max-snippet:-1, max-image-preview:large, max-video-preview:-1\" \/>\n<link rel=\"canonical\" href=\"https:\/\/toidupakk.ee\/pl\/toode\/lampa-z-nawilzaczem-i-oswietleniem-nastrojowym-flextail\/\" \/>\n<meta property=\"og:locale\" content=\"pl_PL\" \/>\n<meta property=\"og:type\" content=\"article\" \/>\n<meta property=\"og:title\" content=\"Lampa z nawil\u017caczem i o\u015bwietleniem nastrojowym FlexTail\u00ae\" \/>\n<meta property=\"og:description\" content=\"Lampa \u0142\u0105cz\u0105ca przytulny efekt p\u0142omienia, mgie\u0142k\u0119, nawil\u017cacz i ciep\u0142e \u015bwiat\u0142o LED. Idealna do tworzenia wyj\u0105tkowego nastroju.\" \/>\n<meta property=\"og:url\" content=\"https:\/\/toidupakk.ee\/pl\/toode\/lampa-z-nawilzaczem-i-oswietleniem-nastrojowym-flextail\/\" \/>\n<meta property=\"og:site_name\" content=\"Toidupakk.ee - Tactical Foodpack toidupakid\" \/>\n<meta property=\"article:publisher\" content=\"https:\/\/www.facebook.com\/Toidupakk\" \/>\n<meta property=\"article:modified_time\" content=\"2026-04-29T12:31:44+00:00\" \/>\n<meta property=\"og:image\" content=\"https:\/\/toidupakk.ee\/wp-content\/uploads\/2025\/04\/Latern-ohuniisutaja-ja-meeleoluvalgusega-FlexTail\u00ae.zip8_.jpg\" \/>\n\t<meta property=\"og:image:width\" content=\"800\" \/>\n\t<meta property=\"og:image:height\" content=\"800\" \/>\n\t<meta property=\"og:image:type\" content=\"image\/jpeg\" \/>\n<meta name=\"twitter:card\" content=\"summary_large_image\" \/>\n<meta name=\"twitter:label1\" content=\"Szacowany czas czytania\" \/>\n\t<meta name=\"twitter:data1\" content=\"2 minuty\" \/>\n<script type=\"application\/ld+json\" class=\"yoast-schema-graph\">{\"@context\":\"https:\\\/\\\/schema.org\",\"@graph\":[{\"@type\":\"WebPage\",\"@id\":\"https:\\\/\\\/toidupakk.ee\\\/pl\\\/toode\\\/lampa-z-nawilzaczem-i-oswietleniem-nastrojowym-flextail\\\/\",\"url\":\"https:\\\/\\\/toidupakk.ee\\\/pl\\\/toode\\\/lampa-z-nawilzaczem-i-oswietleniem-nastrojowym-flextail\\\/\",\"name\":\"Lampa z nawil\u017caczem i o\u015bwietleniem nastrojowym FlexTail\u00ae\",\"isPartOf\":{\"@id\":\"https:\\\/\\\/toidupakk.ee\\\/pl\\\/#website\"},\"primaryImageOfPage\":{\"@id\":\"https:\\\/\\\/toidupakk.ee\\\/pl\\\/toode\\\/lampa-z-nawilzaczem-i-oswietleniem-nastrojowym-flextail\\\/#primaryimage\"},\"image\":{\"@id\":\"https:\\\/\\\/toidupakk.ee\\\/pl\\\/toode\\\/lampa-z-nawilzaczem-i-oswietleniem-nastrojowym-flextail\\\/#primaryimage\"},\"thumbnailUrl\":\"https:\\\/\\\/toidupakk.ee\\\/wp-content\\\/uploads\\\/2025\\\/04\\\/Latern-ohuniisutaja-ja-meeleoluvalgusega-FlexTail\u00ae.zip8_.jpg\",\"datePublished\":\"2025-04-07T12:07:27+00:00\",\"dateModified\":\"2026-04-29T12:31:44+00:00\",\"description\":\"Lampa \u0142\u0105cz\u0105ca przytulny efekt p\u0142omienia, mgie\u0142k\u0119, nawil\u017cacz i ciep\u0142e \u015bwiat\u0142o LED. Idealna do tworzenia wyj\u0105tkowego nastroju.\",\"breadcrumb\":{\"@id\":\"https:\\\/\\\/toidupakk.ee\\\/pl\\\/toode\\\/lampa-z-nawilzaczem-i-oswietleniem-nastrojowym-flextail\\\/#breadcrumb\"},\"inLanguage\":\"pl-PL\",\"potentialAction\":[{\"@type\":\"ReadAction\",\"target\":[\"https:\\\/\\\/toidupakk.ee\\\/pl\\\/toode\\\/lampa-z-nawilzaczem-i-oswietleniem-nastrojowym-flextail\\\/\"]}]},{\"@type\":\"ImageObject\",\"inLanguage\":\"pl-PL\",\"@id\":\"https:\\\/\\\/toidupakk.ee\\\/pl\\\/toode\\\/lampa-z-nawilzaczem-i-oswietleniem-nastrojowym-flextail\\\/#primaryimage\",\"url\":\"https:\\\/\\\/toidupakk.ee\\\/wp-content\\\/uploads\\\/2025\\\/04\\\/Latern-ohuniisutaja-ja-meeleoluvalgusega-FlexTail\u00ae.zip8_.jpg\",\"contentUrl\":\"https:\\\/\\\/toidupakk.ee\\\/wp-content\\\/uploads\\\/2025\\\/04\\\/Latern-ohuniisutaja-ja-meeleoluvalgusega-FlexTail\u00ae.zip8_.jpg\",\"width\":800,\"height\":800},{\"@type\":\"BreadcrumbList\",\"@id\":\"https:\\\/\\\/toidupakk.ee\\\/pl\\\/toode\\\/lampa-z-nawilzaczem-i-oswietleniem-nastrojowym-flextail\\\/#breadcrumb\",\"itemListElement\":[{\"@type\":\"ListItem\",\"position\":1,\"name\":\"Avaleht\",\"item\":\"https:\\\/\\\/toidupakk.ee\\\/pl\\\/\"},{\"@type\":\"ListItem\",\"position\":2,\"name\":\"Sklep internetowy\",\"item\":\"https:\\\/\\\/toidupakk.ee\\\/pl\\\/sklep-internetowy\\\/\"},{\"@type\":\"ListItem\",\"position\":3,\"name\":\"Lampa z nawil\u017caczem i o\u015bwietleniem nastrojowym FlexTail\u00ae\"}]},{\"@type\":\"WebSite\",\"@id\":\"https:\\\/\\\/toidupakk.ee\\\/pl\\\/#website\",\"url\":\"https:\\\/\\\/toidupakk.ee\\\/pl\\\/\",\"name\":\"Toidupakk.ee - Tactical Foodpack toidupakid\",\"description\":\"Tactical Foodpack k\u00fclmkuivatatud toidupakid ja matkaeined\",\"publisher\":{\"@id\":\"https:\\\/\\\/toidupakk.ee\\\/pl\\\/#organization\"},\"potentialAction\":[{\"@type\":\"SearchAction\",\"target\":{\"@type\":\"EntryPoint\",\"urlTemplate\":\"https:\\\/\\\/toidupakk.ee\\\/pl\\\/?s={search_term_string}\"},\"query-input\":{\"@type\":\"PropertyValueSpecification\",\"valueRequired\":true,\"valueName\":\"search_term_string\"}}],\"inLanguage\":\"pl-PL\"},{\"@type\":\"Organization\",\"@id\":\"https:\\\/\\\/toidupakk.ee\\\/pl\\\/#organization\",\"name\":\"Tactical Foodpack matkaeined\",\"url\":\"https:\\\/\\\/toidupakk.ee\\\/pl\\\/\",\"logo\":{\"@type\":\"ImageObject\",\"inLanguage\":\"pl-PL\",\"@id\":\"https:\\\/\\\/toidupakk.ee\\\/pl\\\/#\\\/schema\\\/logo\\\/image\\\/\",\"url\":\"https:\\\/\\\/toidupakk.ee\\\/wp-content\\\/uploads\\\/2022\\\/01\\\/Toidupakk-matkapood-logo-transparent.png\",\"contentUrl\":\"https:\\\/\\\/toidupakk.ee\\\/wp-content\\\/uploads\\\/2022\\\/01\\\/Toidupakk-matkapood-logo-transparent.png\",\"width\":500,\"height\":500,\"caption\":\"Tactical Foodpack matkaeined\"},\"image\":{\"@id\":\"https:\\\/\\\/toidupakk.ee\\\/pl\\\/#\\\/schema\\\/logo\\\/image\\\/\"},\"sameAs\":[\"https:\\\/\\\/www.facebook.com\\\/Toidupakk\",\"https:\\\/\\\/www.instagram.com\\\/toidupakk\\\/\"]}]}<\/script>\n<!-- \/ Yoast SEO plugin. -->","yoast_head_json":{"title":"Lampa z nawil\u017caczem i o\u015bwietleniem nastrojowym FlexTail\u00ae","description":"Lampa \u0142\u0105cz\u0105ca przytulny efekt p\u0142omienia, mgie\u0142k\u0119, nawil\u017cacz i ciep\u0142e \u015bwiat\u0142o LED. Idealna do tworzenia wyj\u0105tkowego nastroju.","robots":{"index":"index","follow":"follow","max-snippet":"max-snippet:-1","max-image-preview":"max-image-preview:large","max-video-preview":"max-video-preview:-1"},"canonical":"https:\/\/toidupakk.ee\/pl\/toode\/lampa-z-nawilzaczem-i-oswietleniem-nastrojowym-flextail\/","og_locale":"pl_PL","og_type":"article","og_title":"Lampa z nawil\u017caczem i o\u015bwietleniem nastrojowym FlexTail\u00ae","og_description":"Lampa \u0142\u0105cz\u0105ca przytulny efekt p\u0142omienia, mgie\u0142k\u0119, nawil\u017cacz i ciep\u0142e \u015bwiat\u0142o LED. Idealna do tworzenia wyj\u0105tkowego nastroju.","og_url":"https:\/\/toidupakk.ee\/pl\/toode\/lampa-z-nawilzaczem-i-oswietleniem-nastrojowym-flextail\/","og_site_name":"Toidupakk.ee - Tactical Foodpack toidupakid","article_publisher":"https:\/\/www.facebook.com\/Toidupakk","article_modified_time":"2026-04-29T12:31:44+00:00","og_image":[{"width":800,"height":800,"url":"https:\/\/toidupakk.ee\/wp-content\/uploads\/2025\/04\/Latern-ohuniisutaja-ja-meeleoluvalgusega-FlexTail\u00ae.zip8_.jpg","type":"image\/jpeg"}],"twitter_card":"summary_large_image","twitter_misc":{"Szacowany czas czytania":"2 minuty"},"schema":{"@context":"https:\/\/schema.org","@graph":[{"@type":"WebPage","@id":"https:\/\/toidupakk.ee\/pl\/toode\/lampa-z-nawilzaczem-i-oswietleniem-nastrojowym-flextail\/","url":"https:\/\/toidupakk.ee\/pl\/toode\/lampa-z-nawilzaczem-i-oswietleniem-nastrojowym-flextail\/","name":"Lampa z nawil\u017caczem i o\u015bwietleniem nastrojowym FlexTail\u00ae","isPartOf":{"@id":"https:\/\/toidupakk.ee\/pl\/#website"},"primaryImageOfPage":{"@id":"https:\/\/toidupakk.ee\/pl\/toode\/lampa-z-nawilzaczem-i-oswietleniem-nastrojowym-flextail\/#primaryimage"},"image":{"@id":"https:\/\/toidupakk.ee\/pl\/toode\/lampa-z-nawilzaczem-i-oswietleniem-nastrojowym-flextail\/#primaryimage"},"thumbnailUrl":"https:\/\/toidupakk.ee\/wp-content\/uploads\/2025\/04\/Latern-ohuniisutaja-ja-meeleoluvalgusega-FlexTail\u00ae.zip8_.jpg","datePublished":"2025-04-07T12:07:27+00:00","dateModified":"2026-04-29T12:31:44+00:00","description":"Lampa \u0142\u0105cz\u0105ca przytulny efekt p\u0142omienia, mgie\u0142k\u0119, nawil\u017cacz i ciep\u0142e \u015bwiat\u0142o LED. Idealna do tworzenia wyj\u0105tkowego nastroju.","breadcrumb":{"@id":"https:\/\/toidupakk.ee\/pl\/toode\/lampa-z-nawilzaczem-i-oswietleniem-nastrojowym-flextail\/#breadcrumb"},"inLanguage":"pl-PL","potentialAction":[{"@type":"ReadAction","target":["https:\/\/toidupakk.ee\/pl\/toode\/lampa-z-nawilzaczem-i-oswietleniem-nastrojowym-flextail\/"]}]},{"@type":"ImageObject","inLanguage":"pl-PL","@id":"https:\/\/toidupakk.ee\/pl\/toode\/lampa-z-nawilzaczem-i-oswietleniem-nastrojowym-flextail\/#primaryimage","url":"https:\/\/toidupakk.ee\/wp-content\/uploads\/2025\/04\/Latern-ohuniisutaja-ja-meeleoluvalgusega-FlexTail\u00ae.zip8_.jpg","contentUrl":"https:\/\/toidupakk.ee\/wp-content\/uploads\/2025\/04\/Latern-ohuniisutaja-ja-meeleoluvalgusega-FlexTail\u00ae.zip8_.jpg","width":800,"height":800},{"@type":"BreadcrumbList","@id":"https:\/\/toidupakk.ee\/pl\/toode\/lampa-z-nawilzaczem-i-oswietleniem-nastrojowym-flextail\/#breadcrumb","itemListElement":[{"@type":"ListItem","position":1,"name":"Avaleht","item":"https:\/\/toidupakk.ee\/pl\/"},{"@type":"ListItem","position":2,"name":"Sklep internetowy","item":"https:\/\/toidupakk.ee\/pl\/sklep-internetowy\/"},{"@type":"ListItem","position":3,"name":"Lampa z nawil\u017caczem i o\u015bwietleniem nastrojowym FlexTail\u00ae"}]},{"@type":"WebSite","@id":"https:\/\/toidupakk.ee\/pl\/#website","url":"https:\/\/toidupakk.ee\/pl\/","name":"Toidupakk.ee - Tactical Foodpack toidupakid","description":"Tactical Foodpack k\u00fclmkuivatatud toidupakid ja matkaeined","publisher":{"@id":"https:\/\/toidupakk.ee\/pl\/#organization"},"potentialAction":[{"@type":"SearchAction","target":{"@type":"EntryPoint","urlTemplate":"https:\/\/toidupakk.ee\/pl\/?s={search_term_string}"},"query-input":{"@type":"PropertyValueSpecification","valueRequired":true,"valueName":"search_term_string"}}],"inLanguage":"pl-PL"},{"@type":"Organization","@id":"https:\/\/toidupakk.ee\/pl\/#organization","name":"Tactical Foodpack matkaeined","url":"https:\/\/toidupakk.ee\/pl\/","logo":{"@type":"ImageObject","inLanguage":"pl-PL","@id":"https:\/\/toidupakk.ee\/pl\/#\/schema\/logo\/image\/","url":"https:\/\/toidupakk.ee\/wp-content\/uploads\/2022\/01\/Toidupakk-matkapood-logo-transparent.png","contentUrl":"https:\/\/toidupakk.ee\/wp-content\/uploads\/2022\/01\/Toidupakk-matkapood-logo-transparent.png","width":500,"height":500,"caption":"Tactical Foodpack matkaeined"},"image":{"@id":"https:\/\/toidupakk.ee\/pl\/#\/schema\/logo\/image\/"},"sameAs":["https:\/\/www.facebook.com\/Toidupakk","https:\/\/www.instagram.com\/toidupakk\/"]}]}},"jetpack_sharing_enabled":true,"_links":{"self":[{"href":"https:\/\/toidupakk.ee\/pl\/wp-json\/wp\/v2\/product\/50200","targetHints":{"allow":["GET"]}}],"collection":[{"href":"https:\/\/toidupakk.ee\/pl\/wp-json\/wp\/v2\/product"}],"about":[{"href":"https:\/\/toidupakk.ee\/pl\/wp-json\/wp\/v2\/types\/product"}],"replies":[{"embeddable":true,"href":"https:\/\/toidupakk.ee\/pl\/wp-json\/wp\/v2\/comments?post=50200"}],"wp:featuredmedia":[{"embeddable":true,"href":"https:\/\/toidupakk.ee\/pl\/wp-json\/wp\/v2\/media\/42851"}],"wp:attachment":[{"href":"https:\/\/toidupakk.ee\/pl\/wp-json\/wp\/v2\/media?parent=50200"}],"wp:term":[{"taxonomy":"product_brand","embeddable":true,"href":"https:\/\/toidupakk.ee\/pl\/wp-json\/wp\/v2\/product_brand?post=50200"},{"taxonomy":"product_cat","embeddable":true,"href":"https:\/\/toidupakk.ee\/pl\/wp-json\/wp\/v2\/product_cat?post=50200"},{"taxonomy":"product_tag","embeddable":true,"href":"https:\/\/toidupakk.ee\/pl\/wp-json\/wp\/v2\/product_tag?post=50200"}],"curies":[{"name":"wp","href":"https:\/\/api.w.org\/{rel}","templated":true}]}}