{"id":50196,"date":"2025-04-23T09:35:17","date_gmt":"2025-04-23T06:35:17","guid":{"rendered":"https:\/\/toidupakk.ee\/toode\/makaron-z-grzybami-i-szpinakiem\/"},"modified":"2026-04-21T11:31:33","modified_gmt":"2026-04-21T08:31:33","slug":"makaron-z-grzybami-i-szpinakiem","status":"publish","type":"product","link":"https:\/\/toidupakk.ee\/pl\/toode\/makaron-z-grzybami-i-szpinakiem\/","title":{"rendered":"Makaron z grzybami i szpinakiem"},"content":{"rendered":"<h2 data-start=\"157\" data-end=\"207\"><strong data-start=\"160\" data-end=\"207\">Tactical Foodpack Makaron ze szpinakiem i grzybami<\/strong><\/h2>\n<p class=\"\" data-start=\"209\" data-end=\"609\"><strong data-start=\"209\" data-end=\"262\">Tactical Foodpack Makaron z grzybami i szpinakiem 110 g<\/strong> to kremowe, pe\u0142ne smaku i po\u017cywne danie wegetaria\u0144skie, kt\u00f3re \u0142\u0105czy makaron z pszenicy durum, mieszank\u0119 le\u015bnych grzyb\u00f3w oraz \u015bwie\u017cy szpinak. To bogate i zbilansowane danie, kt\u00f3rym mo\u017cesz si\u0119 cieszy\u0107 na \u0142onie natury, w pracy lub w domu. Liofilizowana receptura zapewnia nisk\u0105 wag\u0119 i d\u0142ugi termin przydatno\u015bci, co czyni go idealnym na wyprawy, jako zapas survivalowy lub szybki posi\u0142ek na co dzie\u0144.  <\/p>\n<p data-start=\"209\" data-end=\"609\"><img fetchpriority=\"high\" decoding=\"async\" class=\"alignnone wp-image-34090 size-thumbnail\" src=\"https:\/\/toidupakk.ee\/wp-content\/uploads\/2025\/04\/Tactical-Foodpack-Outdoor-Food-Spinach-Mushroom-Pasta-camping-foodpack-500x500.webp\" alt=\"Liofilizowany posi\u0142ek Tactical Foodpack \u2013 makaron z grzybami i szpinakiem, idealny na wyprawy i do u\u017cytku domowego.\" width=\"500\" height=\"500\" srcset=\"https:\/\/toidupakk.ee\/wp-content\/uploads\/2025\/04\/Tactical-Foodpack-Outdoor-Food-Spinach-Mushroom-Pasta-camping-foodpack-500x500.webp 500w, https:\/\/toidupakk.ee\/wp-content\/uploads\/2025\/04\/Tactical-Foodpack-Outdoor-Food-Spinach-Mushroom-Pasta-camping-foodpack-400x400.webp 400w, https:\/\/toidupakk.ee\/wp-content\/uploads\/2025\/04\/Tactical-Foodpack-Outdoor-Food-Spinach-Mushroom-Pasta-camping-foodpack-100x100.webp 100w\" sizes=\"(max-width: 500px) 100vw, 500px\" \/><\/p>\n<h3 data-start=\"209\" data-end=\"609\"><strong data-start=\"619\" data-end=\"661\">Dlaczego warto wybra\u0107 makaron z grzybami i szpinakiem?<\/strong><\/h3>\n<p class=\"\" data-start=\"663\" data-end=\"814\"><strong data-start=\"663\" data-end=\"692\">Makaron ze szpinakiem i grzybami<\/strong> to pe\u0142nowarto\u015bciowe i smaczne danie, kt\u00f3re sprawdzi si\u0119 zar\u00f3wno u wegetarian, jak i u ka\u017cdego, kto szuka szybkiego i po\u017cywnego posi\u0142ku.<\/p>\n<p class=\"\" data-start=\"816\" data-end=\"1006\"><strong data-start=\"816\" data-end=\"837\">Tactical Foodpack<\/strong> s\u0142ynie z wysokiej jako\u015bci i \u0142atwych w przygotowaniu posi\u0142k\u00f3w, oferuj\u0105c funkcjonalne i smaczne rozwi\u0105zanie na wyprawy, przygody lub szybki dzie\u0144 powszedni.<\/p>\n<ul>\n<li data-start=\"1008\" data-end=\"1620\"><strong data-start=\"1010\" data-end=\"1032\">\u0141atwe przygotowanie:<\/strong> Wlej do opakowania 300 ml gor\u0105cej wody i odczekaj 8 minut \u2013 szybki i wygodny spos\u00f3b na ciep\u0142y posi\u0142ek.<\/li>\n<li data-start=\"1008\" data-end=\"1620\"><strong data-start=\"1138\" data-end=\"1164\">Wysoka warto\u015b\u0107 energetyczna:<\/strong> Jedna porcja zawiera 525 kcal \u2013 wystarczaj\u0105cy zastrzyk energii w ka\u017cdej chwili.<\/li>\n<li data-start=\"1008\" data-end=\"1620\"><strong data-start=\"1241\" data-end=\"1264\">Naturalny sk\u0142ad:<\/strong> Bez konserwant\u00f3w i sztucznych dodatk\u00f3w \u2013 tylko wysokiej jako\u015bci naturalne sk\u0142adniki.<\/li>\n<li data-start=\"1008\" data-end=\"1620\"><strong data-start=\"1370\" data-end=\"1391\">D\u0142ugi termin przydatno\u015bci:<\/strong> Najlepiej spo\u017cy\u0107 przed up\u0142ywem 8 lat od daty produkcji \u2013 idealne jako produkt wyprawowy, zapas \u017cywno\u015bci na sytuacje awaryjne lub do codziennej gotowo\u015bci.<\/li>\n<li data-start=\"1008\" data-end=\"1620\"><strong data-start=\"1515\" data-end=\"1538\">Wyprodukowano w Niemczech:<\/strong> Wysokiej jako\u015bci \u017cywno\u015b\u0107, kt\u00f3ra zachowuje smak i warto\u015bci od\u017cywcze przez d\u0142ugi czas.<\/li>\n<\/ul>\n<h3><strong data-start=\"1630\" data-end=\"1679\">Co sprawia, \u017ce makaron z grzybami i szpinakiem jest wyj\u0105tkowy?<\/strong><\/h3>\n<p class=\"\" data-start=\"1681\" data-end=\"2069\">Makaron z grzybami i szpinakiem \u0142\u0105czy makaron z pszenicy durum, mieszank\u0119 le\u015bnych grzyb\u00f3w (pieczarki, boczniaki, maitake i shiitake) oraz szpinak. \u015amietanka owsiana nadaje daniu kremow\u0105 konsystencj\u0119, a czosnek, pieprz i sproszkowane chili wprowadzaj\u0105 \u0142agodn\u0105 ostro\u015b\u0107. Pe\u0142nowarto\u015bciowy posi\u0142ek pe\u0142en smaku, kt\u00f3ry doskonale nadaje si\u0119 dla wegan oraz ka\u017cdego mi\u0142o\u015bnika przyg\u00f3d ceni\u0105cego dobre jedzenie.  <\/p>\n<h3 class=\"\" data-start=\"2076\" data-end=\"2096\"><strong data-start=\"2080\" data-end=\"2096\">Warto\u015b\u0107 od\u017cywcza<\/strong><\/h3>\n<table style=\"border-collapse: collapse; width: 495px; background-color: #f4f0eb; font-family: inherit; height: 417px;\">\n<thead>\n<tr>\n<th style=\"border: 1px solid #ccc; padding: 8px 12px; background-color: #e0dcd7;\">Warto\u015b\u0107 od\u017cywcza<\/th>\n<th style=\"border: 1px solid #ccc; padding: 8px 12px; background-color: #e0dcd7;\">Na porcj\u0119<\/th>\n<th style=\"border: 1px solid #ccc; padding: 8px 12px; background-color: #e0dcd7;\">Na 100 g<\/th>\n<\/tr>\n<\/thead>\n<tbody>\n<tr>\n<td style=\"border: 1px solid #ccc; padding: 8px 12px;\">Energia<\/td>\n<td style=\"border: 1px solid #ccc; padding: 8px 12px;\">2084 kJ \/ 525 kcal<\/td>\n<td style=\"border: 1px solid #ccc; padding: 8px 12px;\">1894 kJ \/ 477 kcal<\/td>\n<\/tr>\n<tr>\n<td style=\"border: 1px solid #ccc; padding: 8px 12px;\">T\u0142uszcz<\/td>\n<td style=\"border: 1px solid #ccc; padding: 8px 12px;\">21 g<\/td>\n<td style=\"border: 1px solid #ccc; padding: 8px 12px;\">19 g<\/td>\n<\/tr>\n<tr>\n<td style=\"border: 1px solid #ccc; padding: 8px 12px;\">\u2013 kwasy t\u0142uszczowe nasycone<\/td>\n<td style=\"border: 1px solid #ccc; padding: 8px 12px;\">2 g<\/td>\n<td style=\"border: 1px solid #ccc; padding: 8px 12px;\">1,6 g<\/td>\n<\/tr>\n<tr>\n<td style=\"border: 1px solid #ccc; padding: 8px 12px;\">W\u0119glowodany<\/td>\n<td style=\"border: 1px solid #ccc; padding: 8px 12px;\">62 g<\/td>\n<td style=\"border: 1px solid #ccc; padding: 8px 12px;\">57 g<\/td>\n<\/tr>\n<tr>\n<td style=\"border: 1px solid #ccc; padding: 8px 12px;\">\u2013 w tym cukry<\/td>\n<td style=\"border: 1px solid #ccc; padding: 8px 12px;\">3 g<\/td>\n<td style=\"border: 1px solid #ccc; padding: 8px 12px;\">2,8 g<\/td>\n<\/tr>\n<tr>\n<td style=\"border: 1px solid #ccc; padding: 8px 12px;\">B\u0142onnik<\/td>\n<td style=\"border: 1px solid #ccc; padding: 8px 12px;\">8 g<\/td>\n<td style=\"border: 1px solid #ccc; padding: 8px 12px;\">7,1 g<\/td>\n<\/tr>\n<tr>\n<td style=\"border: 1px solid #ccc; padding: 8px 12px;\">Bia\u0142ko<\/td>\n<td style=\"border: 1px solid #ccc; padding: 8px 12px;\">16 g<\/td>\n<td style=\"border: 1px solid #ccc; padding: 8px 12px;\">15 g<\/td>\n<\/tr>\n<tr>\n<td style=\"border: 1px solid #ccc; padding: 8px 12px;\">S\u00f3l<\/td>\n<td style=\"border: 1px solid #ccc; padding: 8px 12px;\">3 g<\/td>\n<td style=\"border: 1px solid #ccc; padding: 8px 12px;\">2,9 g<\/td>\n<\/tr>\n<\/tbody>\n<\/table>\n<h3 data-start=\"124\" data-end=\"154\"><strong data-start=\"127\" data-end=\"154\">Zalety liofilizacji<\/strong><\/h3>\n<p class=\"\" data-start=\"156\" data-end=\"450\">Liofilizacja zapewnia zachowanie \u015bwie\u017co\u015bci, tekstury i warto\u015bci od\u017cywczych \u017cywno\u015bci poprzez usuwanie wody w niskich temperaturach. <strong data-start=\"274\" data-end=\"295\">Tactical Foodpack<\/strong> wykorzystuje t\u0119 technologi\u0119, aby oferowa\u0107 \u0142atwe do przenoszenia posi\u0142ki o d\u0142ugim terminie przydatno\u015bci, kt\u00f3re zachowuj\u0105 sw\u00f3j smak i warto\u015bci od\u017cywcze nawet po latach.<\/p>\n<h2 class=\"\" data-start=\"457\" data-end=\"509\"><strong data-start=\"460\" data-end=\"509\">Dla kogo jest makaron z grzybami i szpinakiem?<\/strong><\/h2>\n<ul>\n<li data-start=\"511\" data-end=\"866\"><strong data-start=\"513\" data-end=\"544\">Dla w\u0119drowc\u00f3w i obozowicz\u00f3w:<\/strong> \u0141atwy w przygotowaniu i lekki do zabrania \u2013 idealny posi\u0142ek na szlak.<\/li>\n<li data-start=\"511\" data-end=\"866\"><strong data-start=\"610\" data-end=\"644\">Dla poszukiwaczy przyg\u00f3d i survivalowc\u00f3w:<\/strong> D\u0142ugi termin przydatno\u015bci i wysoka zawarto\u015b\u0107 energii czyni\u0105 go niezawodnym wyborem w trudnych warunkach.<\/li>\n<li data-start=\"511\" data-end=\"866\"><strong data-start=\"749\" data-end=\"784\">Jako szybki posi\u0142ek na co dzie\u0144:<\/strong> Gdy potrzebujesz szybkiego, po\u017cywnego dania bez wysi\u0142ku \u2013 po prostu dodaj gor\u0105c\u0105 wod\u0119 i gotowe!<\/li>\n<\/ul>\n<h3 data-start=\"873\" data-end=\"913\"><strong data-start=\"876\" data-end=\"913\">Informacje o produkcie i warunki przechowywania<\/strong><\/h3>\n<p class=\"\" data-start=\"915\" data-end=\"1210\"><strong data-start=\"915\" data-end=\"962\">Tactical Foodpack Makaron z grzybami i szpinakiem<\/strong> jest dost\u0119pny w opakowaniu 110 g, z kt\u00f3rego powstaje oko\u0142o 410 g ciep\u0142ego posi\u0142ku.<br data-start=\"1027\" data-end=\"1030\"><strong data-start=\"1030\" data-end=\"1062\">Optymalna temperatura przechowywania:<\/strong> od 10 \u00b0C do +30 \u00b0C<br data-start=\"1080\" data-end=\"1083\">Kompaktowe opakowanie i technologia liofilizacji sprawiaj\u0105, \u017ce to doskona\u0142y wyb\u00f3r zar\u00f3wno na wypraw\u0119, jak i jako domowa rezerwa kryzysowa.<\/p>\n<h4><img decoding=\"async\" class=\"alignnone size-full wp-image-676 lazyloaded\" src=\"https:\/\/toidupakk.ee\/wp-content\/uploads\/2021\/12\/TF_logo_RGB-22-16-43-849.png\" alt=\"Zielone logo Tactical Foodpack\" width=\"238\" height=\"100\" data-src=\"https:\/\/toidupakk.ee\/wp-content\/uploads\/2021\/12\/TF_logo_RGB-22-16-43-849.png\" data-eio-rwidth=\"238\" data-eio-rheight=\"100\"><\/h4>\n<h2 class=\"\" data-start=\"1217\" data-end=\"1265\"><strong data-start=\"1220\" data-end=\"1265\">Posi\u0142ki Tactical Foodpack \u2013 jak u\u017cywa\u0107<\/strong><\/h2>\n<ol>\n<li data-start=\"1270\" data-end=\"1315\">Otw\u00f3rz opakowanie i wyjmij poch\u0142aniacz tlenu.<\/li>\n<li data-start=\"1270\" data-end=\"1315\">Dolej 300 ml gor\u0105cej wody i dok\u0142adnie wymieszaj.<\/li>\n<li data-start=\"1270\" data-end=\"1315\">Zamknij opakowanie i odczekaj 8 minut.<\/li>\n<li data-start=\"1270\" data-end=\"1315\">Ciesz si\u0119 smacznym i kremowym daniem grzybowym!<\/li>\n<\/ol>\n<p>Nie zapomnij zapozna\u0107 si\u0119 z innymi <a href=\"https:\/\/toidupakk.ee\/pl\/tootekategooria\/posilki-tactical-foodpack\/\">posi\u0142kami turystycznymi Tactical Foodpack<\/a>, aby znale\u017a\u0107 odpowiednie dania na ka\u017cd\u0105 przygod\u0119.<\/p>\n<h3>Znajd\u017a inspiracj\u0119 na kolejn\u0105 przygod\u0119<\/h3>\n<p>Obserwuj nas na <a href=\"https:\/\/www.instagram.com\/toidupakk\/\">Instagramie<\/a> i <a href=\"https:\/\/www.facebook.com\/Toidupakk\/\">Facebooku<\/a>, aby otrzymywa\u0107 inspiracje, przepisy i nowo\u015bci z naszej oferty!<\/p>\n","protected":false},"excerpt":{"rendered":"<p><strong>Makaron z grzybami i szpinakiem \u2013 kremowe i pe\u0142ne smaku danie ro\u015blinne od Tactical Foodpack.<\/strong><\/p>\n<ul>\n<li data-start=\"268\" data-end=\"649\">Masa netto 110 g (przed przygotowaniem, liofilizowane)<\/li>\n<li data-start=\"268\" data-end=\"649\">Waga gotowego dania ok. 410 g<\/li>\n<li data-start=\"268\" data-end=\"649\">Warto\u015b\u0107 energetyczna na porcj\u0119 2084 kJ \/ 525 kcal<\/li>\n<li data-start=\"268\" data-end=\"649\">Gotowe danie \u2013 wystarczy zala\u0107 gor\u0105c\u0105 wod\u0105, a po 8 min mo\u017cesz cieszy\u0107 si\u0119 pe\u0142nowarto\u015bciowym posi\u0142kiem<\/li>\n<li><span lang=\"ET\">Naturalny sk\u0142ad, nie zawiera konserwant\u00f3w ani dodatk\u00f3w<\/span><\/li>\n<li data-start=\"268\" data-end=\"649\">Termin przydatno\u015bci 8 lat od daty produkcji<\/li>\n<li data-start=\"268\" data-end=\"649\">Idealna temperatura przechowywania od 10 \u00b0C do +30 \u00b0C<\/li>\n<li data-start=\"268\" data-end=\"649\">Wyprodukowano w Niemczech<\/li>\n<\/ul>\n<p data-start=\"656\" data-end=\"702\"><strong data-start=\"660\" data-end=\"702\">Sk\u0142adniki makaronu ze szpinakiem i grzybami:<\/strong><\/p>\n<p class=\"\" data-start=\"704\" data-end=\"1073\">Makaron (60%) (m\u0105ka z pszenicy durum, woda), grzyby (12%) (pieczarki, boczniaki, maitake, shiitake), szpinak (7,3%), woda, cebula, \u015bmietanka owsiana (woda, olej rzepakowy, owies 7%, skrobia modyfikowana, bia\u0142ko grochu, s\u00f3l, substancje zag\u0119szczaj\u0105ce (karagen, m\u0105czka chleba \u015bwi\u0119toja\u0144skiego, guma guar), emulgator (lecytyna)), m\u0105ka pszenna, skrobia ziemniaczana, czosnek, s\u00f3l jodowana, pieprz, chili w proszku, dekstroza.<\/p>\n<p data-start=\"704\" data-end=\"1073\">\u2705 <span class=\"relative -mx-px my-[-0.2rem] rounded px-px py-[0.2rem] transition-colors duration-100 ease-in-out\">Dost\u0119pne w magazynie, szybka dostawa w 1\u20133 dni robocze<\/span><\/p>\n","protected":false},"featured_media":50197,"comment_status":"open","ping_status":"closed","template":"","meta":{"_acf_changed":false},"product_brand":[],"product_cat":[303,335,337,336],"product_tag":[373],"class_list":{"0":"post-50196","1":"product","2":"type-product","3":"status-publish","4":"has-post-thumbnail","6":"product_cat-akcesoria-turystyczne","7":"product_cat-dania-glowne","8":"product_cat-posilki-tactical-foodpack","9":"product_cat-zywnosc-turystyczna","10":"product_tag-designed-by-defence-forces","12":"first","13":"outofstock","14":"taxable","15":"shipping-taxable","16":"purchasable","17":"product-type-simple"},"bundled_by":[],"bundle_stock_status":"outofstock","bundle_stock_quantity":0,"bundle_virtual":false,"bundle_layout":"","bundle_add_to_cart_form_location":"","bundle_editable_in_cart":false,"bundle_sold_individually_context":"","bundle_item_grouping":"","bundle_min_size":"","bundle_max_size":"","bundle_price":[],"bundled_items":[],"bundle_sell_ids":[],"acf":[],"yoast_head":"<!-- This site is optimized with the Yoast SEO plugin v27.3 - https:\/\/yoast.com\/product\/yoast-seo-wordpress\/ -->\n<title>Makaron z grzybami i szpinakiem - Toidupakk.ee - Tactical Foodpack toidupakid<\/title>\n<meta name=\"description\" content=\"Kremowy makaron z grzybami i szpinakiem od Tactical Foodpack \u2013 110 g liofilizowanego wega\u0144skiego posi\u0142ku, gotowy w 8 minut. Idealny na wypraw\u0119 lub jako szybki posi\u0142ek.\" \/>\n<meta name=\"robots\" content=\"index, follow, max-snippet:-1, max-image-preview:large, max-video-preview:-1\" \/>\n<link rel=\"canonical\" href=\"https:\/\/toidupakk.ee\/pl\/toode\/makaron-z-grzybami-i-szpinakiem\/\" \/>\n<meta property=\"og:locale\" content=\"pl_PL\" \/>\n<meta property=\"og:type\" content=\"article\" \/>\n<meta property=\"og:title\" content=\"Makaron z grzybami i szpinakiem - Toidupakk.ee - Tactical Foodpack toidupakid\" \/>\n<meta property=\"og:description\" content=\"Kremowy makaron z grzybami i szpinakiem od Tactical Foodpack \u2013 110 g liofilizowanego wega\u0144skiego posi\u0142ku, gotowy w 8 minut. Idealny na wypraw\u0119 lub jako szybki posi\u0142ek.\" \/>\n<meta property=\"og:url\" content=\"https:\/\/toidupakk.ee\/pl\/toode\/makaron-z-grzybami-i-szpinakiem\/\" \/>\n<meta property=\"og:site_name\" content=\"Toidupakk.ee - Tactical Foodpack toidupakid\" \/>\n<meta property=\"article:publisher\" content=\"https:\/\/www.facebook.com\/Toidupakk\" \/>\n<meta property=\"article:modified_time\" content=\"2026-04-21T08:31:33+00:00\" \/>\n<meta property=\"og:image\" content=\"https:\/\/toidupakk.ee\/wp-content\/uploads\/2025\/04\/Nimetu-kujundus-9.png\" \/>\n\t<meta property=\"og:image:width\" content=\"800\" \/>\n\t<meta property=\"og:image:height\" content=\"800\" \/>\n\t<meta property=\"og:image:type\" content=\"image\/png\" \/>\n<meta name=\"twitter:card\" content=\"summary_large_image\" \/>\n<meta name=\"twitter:label1\" content=\"Szacowany czas czytania\" \/>\n\t<meta name=\"twitter:data1\" content=\"3 minuty\" \/>\n<script type=\"application\/ld+json\" class=\"yoast-schema-graph\">{\"@context\":\"https:\\\/\\\/schema.org\",\"@graph\":[{\"@type\":\"WebPage\",\"@id\":\"https:\\\/\\\/toidupakk.ee\\\/pl\\\/toode\\\/makaron-z-grzybami-i-szpinakiem\\\/\",\"url\":\"https:\\\/\\\/toidupakk.ee\\\/pl\\\/toode\\\/makaron-z-grzybami-i-szpinakiem\\\/\",\"name\":\"Makaron z grzybami i szpinakiem - Toidupakk.ee - Tactical Foodpack toidupakid\",\"isPartOf\":{\"@id\":\"https:\\\/\\\/toidupakk.ee\\\/pl\\\/#website\"},\"primaryImageOfPage\":{\"@id\":\"https:\\\/\\\/toidupakk.ee\\\/pl\\\/toode\\\/makaron-z-grzybami-i-szpinakiem\\\/#primaryimage\"},\"image\":{\"@id\":\"https:\\\/\\\/toidupakk.ee\\\/pl\\\/toode\\\/makaron-z-grzybami-i-szpinakiem\\\/#primaryimage\"},\"thumbnailUrl\":\"https:\\\/\\\/toidupakk.ee\\\/wp-content\\\/uploads\\\/2025\\\/04\\\/Nimetu-kujundus-9.png\",\"datePublished\":\"2025-04-23T06:35:17+00:00\",\"dateModified\":\"2026-04-21T08:31:33+00:00\",\"description\":\"Kremowy makaron z grzybami i szpinakiem od Tactical Foodpack \u2013 110 g liofilizowanego wega\u0144skiego posi\u0142ku, gotowy w 8 minut. Idealny na wypraw\u0119 lub jako szybki posi\u0142ek.\",\"breadcrumb\":{\"@id\":\"https:\\\/\\\/toidupakk.ee\\\/pl\\\/toode\\\/makaron-z-grzybami-i-szpinakiem\\\/#breadcrumb\"},\"inLanguage\":\"pl-PL\",\"potentialAction\":[{\"@type\":\"ReadAction\",\"target\":[\"https:\\\/\\\/toidupakk.ee\\\/pl\\\/toode\\\/makaron-z-grzybami-i-szpinakiem\\\/\"]}]},{\"@type\":\"ImageObject\",\"inLanguage\":\"pl-PL\",\"@id\":\"https:\\\/\\\/toidupakk.ee\\\/pl\\\/toode\\\/makaron-z-grzybami-i-szpinakiem\\\/#primaryimage\",\"url\":\"https:\\\/\\\/toidupakk.ee\\\/wp-content\\\/uploads\\\/2025\\\/04\\\/Nimetu-kujundus-9.png\",\"contentUrl\":\"https:\\\/\\\/toidupakk.ee\\\/wp-content\\\/uploads\\\/2025\\\/04\\\/Nimetu-kujundus-9.png\",\"width\":800,\"height\":800},{\"@type\":\"BreadcrumbList\",\"@id\":\"https:\\\/\\\/toidupakk.ee\\\/pl\\\/toode\\\/makaron-z-grzybami-i-szpinakiem\\\/#breadcrumb\",\"itemListElement\":[{\"@type\":\"ListItem\",\"position\":1,\"name\":\"Avaleht\",\"item\":\"https:\\\/\\\/toidupakk.ee\\\/pl\\\/\"},{\"@type\":\"ListItem\",\"position\":2,\"name\":\"Sklep internetowy\",\"item\":\"https:\\\/\\\/toidupakk.ee\\\/pl\\\/sklep-internetowy\\\/\"},{\"@type\":\"ListItem\",\"position\":3,\"name\":\"Makaron z grzybami i szpinakiem\"}]},{\"@type\":\"WebSite\",\"@id\":\"https:\\\/\\\/toidupakk.ee\\\/pl\\\/#website\",\"url\":\"https:\\\/\\\/toidupakk.ee\\\/pl\\\/\",\"name\":\"Toidupakk.ee - Tactical Foodpack toidupakid\",\"description\":\"Tactical Foodpack k\u00fclmkuivatatud toidupakid ja matkaeined\",\"publisher\":{\"@id\":\"https:\\\/\\\/toidupakk.ee\\\/pl\\\/#organization\"},\"potentialAction\":[{\"@type\":\"SearchAction\",\"target\":{\"@type\":\"EntryPoint\",\"urlTemplate\":\"https:\\\/\\\/toidupakk.ee\\\/pl\\\/?s={search_term_string}\"},\"query-input\":{\"@type\":\"PropertyValueSpecification\",\"valueRequired\":true,\"valueName\":\"search_term_string\"}}],\"inLanguage\":\"pl-PL\"},{\"@type\":\"Organization\",\"@id\":\"https:\\\/\\\/toidupakk.ee\\\/pl\\\/#organization\",\"name\":\"Tactical Foodpack matkaeined\",\"url\":\"https:\\\/\\\/toidupakk.ee\\\/pl\\\/\",\"logo\":{\"@type\":\"ImageObject\",\"inLanguage\":\"pl-PL\",\"@id\":\"https:\\\/\\\/toidupakk.ee\\\/pl\\\/#\\\/schema\\\/logo\\\/image\\\/\",\"url\":\"https:\\\/\\\/toidupakk.ee\\\/wp-content\\\/uploads\\\/2022\\\/01\\\/Toidupakk-matkapood-logo-transparent.png\",\"contentUrl\":\"https:\\\/\\\/toidupakk.ee\\\/wp-content\\\/uploads\\\/2022\\\/01\\\/Toidupakk-matkapood-logo-transparent.png\",\"width\":500,\"height\":500,\"caption\":\"Tactical Foodpack matkaeined\"},\"image\":{\"@id\":\"https:\\\/\\\/toidupakk.ee\\\/pl\\\/#\\\/schema\\\/logo\\\/image\\\/\"},\"sameAs\":[\"https:\\\/\\\/www.facebook.com\\\/Toidupakk\",\"https:\\\/\\\/www.instagram.com\\\/toidupakk\\\/\"]}]}<\/script>\n<!-- \/ Yoast SEO plugin. -->","yoast_head_json":{"title":"Makaron z grzybami i szpinakiem - Toidupakk.ee - Tactical Foodpack toidupakid","description":"Kremowy makaron z grzybami i szpinakiem od Tactical Foodpack \u2013 110 g liofilizowanego wega\u0144skiego posi\u0142ku, gotowy w 8 minut. Idealny na wypraw\u0119 lub jako szybki posi\u0142ek.","robots":{"index":"index","follow":"follow","max-snippet":"max-snippet:-1","max-image-preview":"max-image-preview:large","max-video-preview":"max-video-preview:-1"},"canonical":"https:\/\/toidupakk.ee\/pl\/toode\/makaron-z-grzybami-i-szpinakiem\/","og_locale":"pl_PL","og_type":"article","og_title":"Makaron z grzybami i szpinakiem - Toidupakk.ee - Tactical Foodpack toidupakid","og_description":"Kremowy makaron z grzybami i szpinakiem od Tactical Foodpack \u2013 110 g liofilizowanego wega\u0144skiego posi\u0142ku, gotowy w 8 minut. Idealny na wypraw\u0119 lub jako szybki posi\u0142ek.","og_url":"https:\/\/toidupakk.ee\/pl\/toode\/makaron-z-grzybami-i-szpinakiem\/","og_site_name":"Toidupakk.ee - Tactical Foodpack toidupakid","article_publisher":"https:\/\/www.facebook.com\/Toidupakk","article_modified_time":"2026-04-21T08:31:33+00:00","og_image":[{"width":800,"height":800,"url":"https:\/\/toidupakk.ee\/wp-content\/uploads\/2025\/04\/Nimetu-kujundus-9.png","type":"image\/png"}],"twitter_card":"summary_large_image","twitter_misc":{"Szacowany czas czytania":"3 minuty"},"schema":{"@context":"https:\/\/schema.org","@graph":[{"@type":"WebPage","@id":"https:\/\/toidupakk.ee\/pl\/toode\/makaron-z-grzybami-i-szpinakiem\/","url":"https:\/\/toidupakk.ee\/pl\/toode\/makaron-z-grzybami-i-szpinakiem\/","name":"Makaron z grzybami i szpinakiem - Toidupakk.ee - Tactical Foodpack toidupakid","isPartOf":{"@id":"https:\/\/toidupakk.ee\/pl\/#website"},"primaryImageOfPage":{"@id":"https:\/\/toidupakk.ee\/pl\/toode\/makaron-z-grzybami-i-szpinakiem\/#primaryimage"},"image":{"@id":"https:\/\/toidupakk.ee\/pl\/toode\/makaron-z-grzybami-i-szpinakiem\/#primaryimage"},"thumbnailUrl":"https:\/\/toidupakk.ee\/wp-content\/uploads\/2025\/04\/Nimetu-kujundus-9.png","datePublished":"2025-04-23T06:35:17+00:00","dateModified":"2026-04-21T08:31:33+00:00","description":"Kremowy makaron z grzybami i szpinakiem od Tactical Foodpack \u2013 110 g liofilizowanego wega\u0144skiego posi\u0142ku, gotowy w 8 minut. Idealny na wypraw\u0119 lub jako szybki posi\u0142ek.","breadcrumb":{"@id":"https:\/\/toidupakk.ee\/pl\/toode\/makaron-z-grzybami-i-szpinakiem\/#breadcrumb"},"inLanguage":"pl-PL","potentialAction":[{"@type":"ReadAction","target":["https:\/\/toidupakk.ee\/pl\/toode\/makaron-z-grzybami-i-szpinakiem\/"]}]},{"@type":"ImageObject","inLanguage":"pl-PL","@id":"https:\/\/toidupakk.ee\/pl\/toode\/makaron-z-grzybami-i-szpinakiem\/#primaryimage","url":"https:\/\/toidupakk.ee\/wp-content\/uploads\/2025\/04\/Nimetu-kujundus-9.png","contentUrl":"https:\/\/toidupakk.ee\/wp-content\/uploads\/2025\/04\/Nimetu-kujundus-9.png","width":800,"height":800},{"@type":"BreadcrumbList","@id":"https:\/\/toidupakk.ee\/pl\/toode\/makaron-z-grzybami-i-szpinakiem\/#breadcrumb","itemListElement":[{"@type":"ListItem","position":1,"name":"Avaleht","item":"https:\/\/toidupakk.ee\/pl\/"},{"@type":"ListItem","position":2,"name":"Sklep internetowy","item":"https:\/\/toidupakk.ee\/pl\/sklep-internetowy\/"},{"@type":"ListItem","position":3,"name":"Makaron z grzybami i szpinakiem"}]},{"@type":"WebSite","@id":"https:\/\/toidupakk.ee\/pl\/#website","url":"https:\/\/toidupakk.ee\/pl\/","name":"Toidupakk.ee - Tactical Foodpack toidupakid","description":"Tactical Foodpack k\u00fclmkuivatatud toidupakid ja matkaeined","publisher":{"@id":"https:\/\/toidupakk.ee\/pl\/#organization"},"potentialAction":[{"@type":"SearchAction","target":{"@type":"EntryPoint","urlTemplate":"https:\/\/toidupakk.ee\/pl\/?s={search_term_string}"},"query-input":{"@type":"PropertyValueSpecification","valueRequired":true,"valueName":"search_term_string"}}],"inLanguage":"pl-PL"},{"@type":"Organization","@id":"https:\/\/toidupakk.ee\/pl\/#organization","name":"Tactical Foodpack matkaeined","url":"https:\/\/toidupakk.ee\/pl\/","logo":{"@type":"ImageObject","inLanguage":"pl-PL","@id":"https:\/\/toidupakk.ee\/pl\/#\/schema\/logo\/image\/","url":"https:\/\/toidupakk.ee\/wp-content\/uploads\/2022\/01\/Toidupakk-matkapood-logo-transparent.png","contentUrl":"https:\/\/toidupakk.ee\/wp-content\/uploads\/2022\/01\/Toidupakk-matkapood-logo-transparent.png","width":500,"height":500,"caption":"Tactical Foodpack matkaeined"},"image":{"@id":"https:\/\/toidupakk.ee\/pl\/#\/schema\/logo\/image\/"},"sameAs":["https:\/\/www.facebook.com\/Toidupakk","https:\/\/www.instagram.com\/toidupakk\/"]}]}},"jetpack_sharing_enabled":true,"_links":{"self":[{"href":"https:\/\/toidupakk.ee\/pl\/wp-json\/wp\/v2\/product\/50196","targetHints":{"allow":["GET"]}}],"collection":[{"href":"https:\/\/toidupakk.ee\/pl\/wp-json\/wp\/v2\/product"}],"about":[{"href":"https:\/\/toidupakk.ee\/pl\/wp-json\/wp\/v2\/types\/product"}],"replies":[{"embeddable":true,"href":"https:\/\/toidupakk.ee\/pl\/wp-json\/wp\/v2\/comments?post=50196"}],"wp:featuredmedia":[{"embeddable":true,"href":"https:\/\/toidupakk.ee\/pl\/wp-json\/wp\/v2\/media\/50197"}],"wp:attachment":[{"href":"https:\/\/toidupakk.ee\/pl\/wp-json\/wp\/v2\/media?parent=50196"}],"wp:term":[{"taxonomy":"product_brand","embeddable":true,"href":"https:\/\/toidupakk.ee\/pl\/wp-json\/wp\/v2\/product_brand?post=50196"},{"taxonomy":"product_cat","embeddable":true,"href":"https:\/\/toidupakk.ee\/pl\/wp-json\/wp\/v2\/product_cat?post=50196"},{"taxonomy":"product_tag","embeddable":true,"href":"https:\/\/toidupakk.ee\/pl\/wp-json\/wp\/v2\/product_tag?post=50196"}],"curies":[{"name":"wp","href":"https:\/\/api.w.org\/{rel}","templated":true}]}}