{"id":50177,"date":"2025-04-11T08:16:54","date_gmt":"2025-04-11T05:16:54","guid":{"rendered":"https:\/\/toidupakk.ee\/toode\/wodoodporna-torba-podrozna-commander-pro\/"},"modified":"2026-04-15T01:30:52","modified_gmt":"2026-04-14T22:30:52","slug":"wodoodporna-torba-podrozna-commander-pro","status":"publish","type":"product","link":"https:\/\/toidupakk.ee\/pl\/toode\/wodoodporna-torba-podrozna-commander-pro\/","title":{"rendered":"Wodoodporna torba podr\u00f3\u017cna Commander PRO"},"content":{"rendered":"<h2 data-start=\"302\" data-end=\"689\"><strong data-start=\"155\" data-end=\"226\">TF-2215 Commander Pro \u2013 wodoodporna torba podr\u00f3\u017cna na wielkie wyzwania<\/strong><\/h2>\n<p class=\"\" data-start=\"302\" data-end=\"689\">TF-2215 Commander Pro to pojemna i wytrzyma\u0142a <strong data-start=\"276\" data-end=\"299\">wodoodporna torba podr\u00f3\u017cna<\/strong>, stworzona do aktywnego i intensywnego u\u017cytkowania. Torba ta jest idealna dla os\u00f3b potrzebuj\u0105cych niezawodnego rozwi\u0105zania do transportu sprz\u0119tu w r\u00f3\u017cnych warunkach. Niezale\u017cnie od tego, czy jest to wyprawa na \u0142ono natury, wyjazd s\u0142u\u017cbowy na plac budowy, czy d\u0142u\u017csza podr\u00f3\u017c, gdzie sprz\u0119t musi by\u0107 chroniony i uporz\u0105dkowany. Dzi\u0119ki konstrukcji z mocnego materia\u0142u PVC 500D i praktycznemu systemowi jezdnemu, Commander Pro oferuje doskona\u0142e po\u0142\u0105czenie trwa\u0142o\u015bci, wodoodporno\u015bci i wygody u\u017cytkowania. To idealny wyb\u00f3r zar\u00f3wno dla amator\u00f3w, jak i profesjonalist\u00f3w potrzebuj\u0105cych niezawodnej torby w ka\u017cdej sytuacji.    <\/p>\n<p data-start=\"302\" data-end=\"689\"><img fetchpriority=\"high\" decoding=\"async\" class=\"alignnone wp-image-33751 size-full\" src=\"https:\/\/toidupakk.ee\/wp-content\/uploads\/2025\/04\/1-1.png\" alt=\"Otwarta wodoodporna torba podr\u00f3\u017cna TF-2215 Commander Pro \u2013 widoczna du\u017ca komora g\u0142\u00f3wna z zapakowan\u0105 odzie\u017c\u0105, zapi\u0119cie na podw\u00f3jny zamek i mocna wy\u015bci\u00f3\u0142ka PVC.\" width=\"800\" height=\"800\" srcset=\"https:\/\/toidupakk.ee\/wp-content\/uploads\/2025\/04\/1-1.png 800w, https:\/\/toidupakk.ee\/wp-content\/uploads\/2025\/04\/1-1-400x400.png 400w, https:\/\/toidupakk.ee\/wp-content\/uploads\/2025\/04\/1-1-100x100.png 100w, https:\/\/toidupakk.ee\/wp-content\/uploads\/2025\/04\/1-1-300x300.png 300w, https:\/\/toidupakk.ee\/wp-content\/uploads\/2025\/04\/1-1-500x500.png 500w, https:\/\/toidupakk.ee\/wp-content\/uploads\/2025\/04\/1-1-768x768.png 768w\" sizes=\"(max-width: 800px) 100vw, 800px\" \/><\/p>\n<h3 data-start=\"926\" data-end=\"1258\">Wodoodporna torba podr\u00f3\u017cna z materia\u0142u PVC 500D \u2013 niezawodna i odporna na warunki atmosferyczne<\/h3>\n<p class=\"\" data-start=\"926\" data-end=\"1258\">Commander Pro zosta\u0142a wykonana z wysokiej jako\u015bci <strong data-start=\"1028\" data-end=\"1043\">PVC 500D<\/strong>, znanego ze swojej odporno\u015bci na \u015bcieranie i wod\u0119. Chroni zawarto\u015b\u0107 torby przed wilgoci\u0105, deszczem i brudem. Torba nadaje si\u0119 do u\u017cytku w mokrych i b\u0142otnistych warunkach, daj\u0105c pewno\u015b\u0107, \u017ce Tw\u00f3j sprz\u0119t pozostanie suchy.  <\/p>\n<p class=\"\" data-start=\"1260\" data-end=\"1465\">Pojemno\u015b\u0107 <strong data-start=\"1265\" data-end=\"1294\">wn\u0119trza wynosi 100 litr\u00f3w<\/strong>, co oznacza mn\u00f3stwo miejsca na przechowywanie sprz\u0119tu, ubra\u0144 lub innych niezb\u0119dnych rzeczy. Dzi\u0119ki wymiarom <strong data-start=\"1391\" data-end=\"1410\">78 \u00d7 40 \u00d7 33 cm<\/strong> jest wystarczaj\u0105co du\u017ca, a jednocze\u015bnie por\u0119czna. <\/p>\n<p data-start=\"1260\" data-end=\"1465\"><img decoding=\"async\" class=\"alignnone wp-image-33753 size-full\" src=\"https:\/\/toidupakk.ee\/wp-content\/uploads\/2025\/04\/2-1.png\" alt=\"Zbli\u017cenie na wodoodporn\u0105 torb\u0119 podr\u00f3\u017cn\u0105 TF-2215 Commander Pro \u2013 widoczny hydrofobowy materia\u0142 PVC 500D i wzmocniony uchwyt.\" width=\"800\" height=\"800\" srcset=\"https:\/\/toidupakk.ee\/wp-content\/uploads\/2025\/04\/2-1.png 800w, https:\/\/toidupakk.ee\/wp-content\/uploads\/2025\/04\/2-1-400x400.png 400w, https:\/\/toidupakk.ee\/wp-content\/uploads\/2025\/04\/2-1-100x100.png 100w, https:\/\/toidupakk.ee\/wp-content\/uploads\/2025\/04\/2-1-300x300.png 300w, https:\/\/toidupakk.ee\/wp-content\/uploads\/2025\/04\/2-1-500x500.png 500w, https:\/\/toidupakk.ee\/wp-content\/uploads\/2025\/04\/2-1-768x768.png 768w\" sizes=\"(max-width: 800px) 100vw, 800px\" \/><\/p>\n<h3 data-start=\"164\" data-end=\"583\"><strong data-start=\"164\" data-end=\"202\">Komora z podw\u00f3jnym zamkiem i uchwyty do przenoszenia<\/strong><\/h3>\n<p class=\"\" data-start=\"164\" data-end=\"583\">TF-2215 Commander Pro jest wyposa\u017cona w <strong data-start=\"241\" data-end=\"265\">przestronn\u0105 komor\u0119 g\u0142\u00f3wn\u0105<\/strong> z <strong data-start=\"277\" data-end=\"305\">wysokiej jako\u015bci podw\u00f3jnymi zamkami<\/strong>. Takie rozwi\u0105zanie zapewnia szybki i bezpieczny dost\u0119p do zawarto\u015bci \u2013 zamki mo\u017cna otwiera\u0107 w obu kierunkach, co u\u0142atwia znalezienie spakowanego sprz\u0119tu nawet w po\u015bpiechu. System podw\u00f3jnych zamk\u00f3w zwi\u0119ksza wygod\u0119 i trwa\u0142o\u015b\u0107, nawet gdy torba jest maksymalnie wype\u0142niona. Wn\u0119trze torby jest obszerne i proste, z du\u017c\u0105 komor\u0105 g\u0142\u00f3wn\u0105 pozwalaj\u0105c\u0105 na przejrzyste rozmieszczenie ekwipunku.   <\/p>\n<h3 data-start=\"1527\" data-end=\"1776\"><strong data-start=\"1527\" data-end=\"1565\">Komora z podw\u00f3jnym zamkiem i uchwyty do przenoszenia<\/strong><\/h3>\n<p class=\"\" data-start=\"1527\" data-end=\"1776\">Komora g\u0142\u00f3wna posiada <strong data-start=\"1582\" data-end=\"1598\">podw\u00f3jny zamek<\/strong>, co sprawia, \u017ce otwieranie i zamykanie jest szybkie i bezpieczne. <strong data-start=\"1661\" data-end=\"1686\">Uchwyty i pasy<\/strong> pozwalaj\u0105 na r\u0119czny transport torby w razie potrzeby. Konstrukcja jest prosta, ale skuteczna i stworzona, by wytrzyma\u0107 cz\u0119ste, intensywne u\u017cytkowanie.  <\/p>\n<h3 data-start=\"1783\" data-end=\"2014\"><strong data-start=\"1783\" data-end=\"1828\">Dane techniczne \u2013 TF-2215 Commander Pro<\/strong><\/h3>\n<ul>\n<li data-start=\"1783\" data-end=\"2014\">Materia\u0142: PVC 500D<\/li>\n<li data-start=\"1783\" data-end=\"2014\">Pojemno\u015b\u0107: 100 litr\u00f3w<\/li>\n<li data-start=\"1783\" data-end=\"2014\">Wymiary: 78 \u00d7 40 \u00d7 33 cm<\/li>\n<li data-start=\"1783\" data-end=\"2014\">Waga: 3514 g<\/li>\n<li data-start=\"1783\" data-end=\"2014\">K\u00f3\u0142ka: 3<\/li>\n<li data-start=\"1783\" data-end=\"2014\">Komora: Z podw\u00f3jnym zamkiem<\/li>\n<li data-start=\"1783\" data-end=\"2014\">Uchwyty i pasy: Tak<\/li>\n<\/ul>\n<p>Sprawd\u017a inne akcesoria turystyczne <a href=\"https:\/\/toidupakk.ee\/pl\/tootekategooria\/sprzet-turystyczny\/#section-3-79\">TUTAJ<\/a><\/p>\n<p>Interesuj\u0105 Ci\u0119 posi\u0142ki turystyczne? Zobacz <a href=\"https:\/\/toidupakk.ee\/pl\/tootekategooria\/dania-glowne\/\">TUTAJ<\/a><\/p>\n<p>Znajd\u017a inspiracj\u0119 na kolejne przygody na <a href=\"https:\/\/www.instagram.com\/toidupakk\/\">Instagramie<\/a> i <a href=\"https:\/\/www.facebook.com\/Toidupakk\/\">Facebooku<\/a> Toidupakk.<\/p>\n","protected":false},"excerpt":{"rendered":"<p class=\"\" data-start=\"366\" data-end=\"577\"><strong data-start=\"366\" data-end=\"414\">TF-2215 Commander Pro to wodoodporna torba podr\u00f3\u017cna<\/strong>, kt\u00f3ra idealnie nadaje si\u0119 do transportu sprz\u0119tu podczas podr\u00f3\u017cy lub w terenie. Dzi\u0119ki trzem k\u00f3\u0142kom i mocnemu materia\u0142owi torba jest trwa\u0142a i pojemna. <\/p>\n<ul>\n<li data-start=\"579\" data-end=\"693\"><strong data-start=\"579\" data-end=\"601\">Materia\u0142 PVC 500D:<\/strong> Wykonana z wytrzyma\u0142ego i wodoodpornego PVC 500D, kt\u00f3ry chroni zawarto\u015b\u0107 przed czynnikami zewn\u0119trznymi.<\/li>\n<li data-start=\"695\" data-end=\"781\"><strong data-start=\"695\" data-end=\"721\">Pojemno\u015b\u0107 100 litr\u00f3w:<\/strong> Du\u017ca przestrze\u0144 wewn\u0119trzna pozwala wygodnie zabra\u0107 wszystko, czego potrzebujesz.<\/li>\n<li data-start=\"783\" data-end=\"858\"><strong data-start=\"783\" data-end=\"799\">Trzy k\u00f3\u0142ka:<\/strong> Zapewniaj\u0105 stabilno\u015b\u0107 i \u0142atwe przemieszczanie si\u0119 po r\u00f3\u017cnych nawierzchniach.<\/li>\n<li data-start=\"860\" data-end=\"943\"><strong data-start=\"860\" data-end=\"888\">Komora g\u0142\u00f3wna z podw\u00f3jnym zamkiem:<\/strong> Wygodny i bezpieczny dost\u0119p do sprz\u0119tu wewn\u0105trz torby.<\/li>\n<li data-start=\"945\" data-end=\"1013\"><strong data-start=\"945\" data-end=\"978\">Liczne uchwyty i pasy:<\/strong> Zapewniaj\u0105 elastyczno\u015b\u0107 podczas przenoszenia torby.<\/li>\n<li data-start=\"1015\" data-end=\"1065\"><strong data-start=\"1015\" data-end=\"1035\">Wymiary i waga:<\/strong> 78 \u00d7 40 \u00d7 33 cm, waga 3514 g.<\/li>\n<\/ul>\n<p class=\"\" data-start=\"1235\" data-end=\"1317\">\u2705 Dost\u0119pne w magazynie, szybka dostawa w 1-3 dni robocze<br data-start=\"1276\" data-end=\"1279\">\u2705 Kup teraz, zap\u0142a\u0107 p\u00f3\u017aniej (RRSO 0%)<\/p>\n","protected":false},"featured_media":33715,"comment_status":"open","ping_status":"closed","template":"","meta":{"_acf_changed":false},"product_brand":[],"product_cat":[303,301,310,372],"product_tag":[],"class_list":{"0":"post-50177","1":"product","2":"type-product","3":"status-publish","4":"has-post-thumbnail","6":"product_cat-akcesoria-turystyczne","7":"product_cat-sprzet-turystyczny","8":"product_cat-torby","9":"product_cat-torby-podrozne","11":"first","12":"instock","13":"taxable","14":"shipping-taxable","15":"purchasable","16":"product-type-simple"},"bundled_by":[],"bundle_stock_status":"instock","bundle_stock_quantity":1,"bundle_virtual":false,"bundle_layout":"","bundle_add_to_cart_form_location":"","bundle_editable_in_cart":false,"bundle_sold_individually_context":"","bundle_item_grouping":"","bundle_min_size":"","bundle_max_size":"","bundle_price":[],"bundled_items":[],"bundle_sell_ids":[],"acf":[],"yoast_head":"<!-- This site is optimized with the Yoast SEO plugin v27.3 - https:\/\/yoast.com\/product\/yoast-seo-wordpress\/ -->\n<title>Wodoodporna torba podr\u00f3\u017cna Commander PRO<\/title>\n<meta name=\"description\" content=\"TF-2215 Commander Pro to 100-litrowa wodoodporna torba podr\u00f3\u017cna, wykonana z materia\u0142u PVC 500D, wyposa\u017cona w trzy k\u00f3\u0142ka oraz komor\u0119 g\u0142\u00f3wn\u0105 z podw\u00f3jnym zamkiem.\" \/>\n<meta name=\"robots\" content=\"index, follow, max-snippet:-1, max-image-preview:large, max-video-preview:-1\" \/>\n<link rel=\"canonical\" href=\"https:\/\/toidupakk.ee\/pl\/toode\/wodoodporna-torba-podrozna-commander-pro\/\" \/>\n<meta property=\"og:locale\" content=\"pl_PL\" \/>\n<meta property=\"og:type\" content=\"article\" \/>\n<meta property=\"og:title\" content=\"Wodoodporna torba podr\u00f3\u017cna Commander PRO\" \/>\n<meta property=\"og:description\" content=\"TF-2215 Commander Pro to 100-litrowa wodoodporna torba podr\u00f3\u017cna, wykonana z materia\u0142u PVC 500D, wyposa\u017cona w trzy k\u00f3\u0142ka oraz komor\u0119 g\u0142\u00f3wn\u0105 z podw\u00f3jnym zamkiem.\" \/>\n<meta property=\"og:url\" content=\"https:\/\/toidupakk.ee\/pl\/toode\/wodoodporna-torba-podrozna-commander-pro\/\" \/>\n<meta property=\"og:site_name\" content=\"Toidupakk.ee - Tactical Foodpack toidupakid\" \/>\n<meta property=\"article:publisher\" content=\"https:\/\/www.facebook.com\/Toidupakk\" \/>\n<meta property=\"article:modified_time\" content=\"2026-04-14T22:30:52+00:00\" \/>\n<meta property=\"og:image\" content=\"https:\/\/toidupakk.ee\/wp-content\/uploads\/2025\/04\/1.png\" \/>\n\t<meta property=\"og:image:width\" content=\"800\" \/>\n\t<meta property=\"og:image:height\" content=\"800\" \/>\n\t<meta property=\"og:image:type\" content=\"image\/png\" \/>\n<meta name=\"twitter:card\" content=\"summary_large_image\" \/>\n<meta name=\"twitter:label1\" content=\"Szacowany czas czytania\" \/>\n\t<meta name=\"twitter:data1\" content=\"2 minuty\" \/>\n<script type=\"application\/ld+json\" class=\"yoast-schema-graph\">{\"@context\":\"https:\\\/\\\/schema.org\",\"@graph\":[{\"@type\":\"WebPage\",\"@id\":\"https:\\\/\\\/toidupakk.ee\\\/pl\\\/toode\\\/wodoodporna-torba-podrozna-commander-pro\\\/\",\"url\":\"https:\\\/\\\/toidupakk.ee\\\/pl\\\/toode\\\/wodoodporna-torba-podrozna-commander-pro\\\/\",\"name\":\"Wodoodporna torba podr\u00f3\u017cna Commander PRO\",\"isPartOf\":{\"@id\":\"https:\\\/\\\/toidupakk.ee\\\/pl\\\/#website\"},\"primaryImageOfPage\":{\"@id\":\"https:\\\/\\\/toidupakk.ee\\\/pl\\\/toode\\\/wodoodporna-torba-podrozna-commander-pro\\\/#primaryimage\"},\"image\":{\"@id\":\"https:\\\/\\\/toidupakk.ee\\\/pl\\\/toode\\\/wodoodporna-torba-podrozna-commander-pro\\\/#primaryimage\"},\"thumbnailUrl\":\"https:\\\/\\\/toidupakk.ee\\\/wp-content\\\/uploads\\\/2025\\\/04\\\/1.png\",\"datePublished\":\"2025-04-11T05:16:54+00:00\",\"dateModified\":\"2026-04-14T22:30:52+00:00\",\"description\":\"TF-2215 Commander Pro to 100-litrowa wodoodporna torba podr\u00f3\u017cna, wykonana z materia\u0142u PVC 500D, wyposa\u017cona w trzy k\u00f3\u0142ka oraz komor\u0119 g\u0142\u00f3wn\u0105 z podw\u00f3jnym zamkiem.\",\"breadcrumb\":{\"@id\":\"https:\\\/\\\/toidupakk.ee\\\/pl\\\/toode\\\/wodoodporna-torba-podrozna-commander-pro\\\/#breadcrumb\"},\"inLanguage\":\"pl-PL\",\"potentialAction\":[{\"@type\":\"ReadAction\",\"target\":[\"https:\\\/\\\/toidupakk.ee\\\/pl\\\/toode\\\/wodoodporna-torba-podrozna-commander-pro\\\/\"]}]},{\"@type\":\"ImageObject\",\"inLanguage\":\"pl-PL\",\"@id\":\"https:\\\/\\\/toidupakk.ee\\\/pl\\\/toode\\\/wodoodporna-torba-podrozna-commander-pro\\\/#primaryimage\",\"url\":\"https:\\\/\\\/toidupakk.ee\\\/wp-content\\\/uploads\\\/2025\\\/04\\\/1.png\",\"contentUrl\":\"https:\\\/\\\/toidupakk.ee\\\/wp-content\\\/uploads\\\/2025\\\/04\\\/1.png\",\"width\":800,\"height\":800},{\"@type\":\"BreadcrumbList\",\"@id\":\"https:\\\/\\\/toidupakk.ee\\\/pl\\\/toode\\\/wodoodporna-torba-podrozna-commander-pro\\\/#breadcrumb\",\"itemListElement\":[{\"@type\":\"ListItem\",\"position\":1,\"name\":\"Avaleht\",\"item\":\"https:\\\/\\\/toidupakk.ee\\\/pl\\\/\"},{\"@type\":\"ListItem\",\"position\":2,\"name\":\"Sklep internetowy\",\"item\":\"https:\\\/\\\/toidupakk.ee\\\/pl\\\/sklep-internetowy\\\/\"},{\"@type\":\"ListItem\",\"position\":3,\"name\":\"Wodoodporna torba podr\u00f3\u017cna Commander PRO\"}]},{\"@type\":\"WebSite\",\"@id\":\"https:\\\/\\\/toidupakk.ee\\\/pl\\\/#website\",\"url\":\"https:\\\/\\\/toidupakk.ee\\\/pl\\\/\",\"name\":\"Toidupakk.ee - Tactical Foodpack toidupakid\",\"description\":\"Tactical Foodpack k\u00fclmkuivatatud toidupakid ja matkaeined\",\"publisher\":{\"@id\":\"https:\\\/\\\/toidupakk.ee\\\/pl\\\/#organization\"},\"potentialAction\":[{\"@type\":\"SearchAction\",\"target\":{\"@type\":\"EntryPoint\",\"urlTemplate\":\"https:\\\/\\\/toidupakk.ee\\\/pl\\\/?s={search_term_string}\"},\"query-input\":{\"@type\":\"PropertyValueSpecification\",\"valueRequired\":true,\"valueName\":\"search_term_string\"}}],\"inLanguage\":\"pl-PL\"},{\"@type\":\"Organization\",\"@id\":\"https:\\\/\\\/toidupakk.ee\\\/pl\\\/#organization\",\"name\":\"Tactical Foodpack matkaeined\",\"url\":\"https:\\\/\\\/toidupakk.ee\\\/pl\\\/\",\"logo\":{\"@type\":\"ImageObject\",\"inLanguage\":\"pl-PL\",\"@id\":\"https:\\\/\\\/toidupakk.ee\\\/pl\\\/#\\\/schema\\\/logo\\\/image\\\/\",\"url\":\"https:\\\/\\\/toidupakk.ee\\\/wp-content\\\/uploads\\\/2022\\\/01\\\/Toidupakk-matkapood-logo-transparent.png\",\"contentUrl\":\"https:\\\/\\\/toidupakk.ee\\\/wp-content\\\/uploads\\\/2022\\\/01\\\/Toidupakk-matkapood-logo-transparent.png\",\"width\":500,\"height\":500,\"caption\":\"Tactical Foodpack matkaeined\"},\"image\":{\"@id\":\"https:\\\/\\\/toidupakk.ee\\\/pl\\\/#\\\/schema\\\/logo\\\/image\\\/\"},\"sameAs\":[\"https:\\\/\\\/www.facebook.com\\\/Toidupakk\",\"https:\\\/\\\/www.instagram.com\\\/toidupakk\\\/\"]}]}<\/script>\n<!-- \/ Yoast SEO plugin. -->","yoast_head_json":{"title":"Wodoodporna torba podr\u00f3\u017cna Commander PRO","description":"TF-2215 Commander Pro to 100-litrowa wodoodporna torba podr\u00f3\u017cna, wykonana z materia\u0142u PVC 500D, wyposa\u017cona w trzy k\u00f3\u0142ka oraz komor\u0119 g\u0142\u00f3wn\u0105 z podw\u00f3jnym zamkiem.","robots":{"index":"index","follow":"follow","max-snippet":"max-snippet:-1","max-image-preview":"max-image-preview:large","max-video-preview":"max-video-preview:-1"},"canonical":"https:\/\/toidupakk.ee\/pl\/toode\/wodoodporna-torba-podrozna-commander-pro\/","og_locale":"pl_PL","og_type":"article","og_title":"Wodoodporna torba podr\u00f3\u017cna Commander PRO","og_description":"TF-2215 Commander Pro to 100-litrowa wodoodporna torba podr\u00f3\u017cna, wykonana z materia\u0142u PVC 500D, wyposa\u017cona w trzy k\u00f3\u0142ka oraz komor\u0119 g\u0142\u00f3wn\u0105 z podw\u00f3jnym zamkiem.","og_url":"https:\/\/toidupakk.ee\/pl\/toode\/wodoodporna-torba-podrozna-commander-pro\/","og_site_name":"Toidupakk.ee - Tactical Foodpack toidupakid","article_publisher":"https:\/\/www.facebook.com\/Toidupakk","article_modified_time":"2026-04-14T22:30:52+00:00","og_image":[{"width":800,"height":800,"url":"https:\/\/toidupakk.ee\/wp-content\/uploads\/2025\/04\/1.png","type":"image\/png"}],"twitter_card":"summary_large_image","twitter_misc":{"Szacowany czas czytania":"2 minuty"},"schema":{"@context":"https:\/\/schema.org","@graph":[{"@type":"WebPage","@id":"https:\/\/toidupakk.ee\/pl\/toode\/wodoodporna-torba-podrozna-commander-pro\/","url":"https:\/\/toidupakk.ee\/pl\/toode\/wodoodporna-torba-podrozna-commander-pro\/","name":"Wodoodporna torba podr\u00f3\u017cna Commander PRO","isPartOf":{"@id":"https:\/\/toidupakk.ee\/pl\/#website"},"primaryImageOfPage":{"@id":"https:\/\/toidupakk.ee\/pl\/toode\/wodoodporna-torba-podrozna-commander-pro\/#primaryimage"},"image":{"@id":"https:\/\/toidupakk.ee\/pl\/toode\/wodoodporna-torba-podrozna-commander-pro\/#primaryimage"},"thumbnailUrl":"https:\/\/toidupakk.ee\/wp-content\/uploads\/2025\/04\/1.png","datePublished":"2025-04-11T05:16:54+00:00","dateModified":"2026-04-14T22:30:52+00:00","description":"TF-2215 Commander Pro to 100-litrowa wodoodporna torba podr\u00f3\u017cna, wykonana z materia\u0142u PVC 500D, wyposa\u017cona w trzy k\u00f3\u0142ka oraz komor\u0119 g\u0142\u00f3wn\u0105 z podw\u00f3jnym zamkiem.","breadcrumb":{"@id":"https:\/\/toidupakk.ee\/pl\/toode\/wodoodporna-torba-podrozna-commander-pro\/#breadcrumb"},"inLanguage":"pl-PL","potentialAction":[{"@type":"ReadAction","target":["https:\/\/toidupakk.ee\/pl\/toode\/wodoodporna-torba-podrozna-commander-pro\/"]}]},{"@type":"ImageObject","inLanguage":"pl-PL","@id":"https:\/\/toidupakk.ee\/pl\/toode\/wodoodporna-torba-podrozna-commander-pro\/#primaryimage","url":"https:\/\/toidupakk.ee\/wp-content\/uploads\/2025\/04\/1.png","contentUrl":"https:\/\/toidupakk.ee\/wp-content\/uploads\/2025\/04\/1.png","width":800,"height":800},{"@type":"BreadcrumbList","@id":"https:\/\/toidupakk.ee\/pl\/toode\/wodoodporna-torba-podrozna-commander-pro\/#breadcrumb","itemListElement":[{"@type":"ListItem","position":1,"name":"Avaleht","item":"https:\/\/toidupakk.ee\/pl\/"},{"@type":"ListItem","position":2,"name":"Sklep internetowy","item":"https:\/\/toidupakk.ee\/pl\/sklep-internetowy\/"},{"@type":"ListItem","position":3,"name":"Wodoodporna torba podr\u00f3\u017cna Commander PRO"}]},{"@type":"WebSite","@id":"https:\/\/toidupakk.ee\/pl\/#website","url":"https:\/\/toidupakk.ee\/pl\/","name":"Toidupakk.ee - Tactical Foodpack toidupakid","description":"Tactical Foodpack k\u00fclmkuivatatud toidupakid ja matkaeined","publisher":{"@id":"https:\/\/toidupakk.ee\/pl\/#organization"},"potentialAction":[{"@type":"SearchAction","target":{"@type":"EntryPoint","urlTemplate":"https:\/\/toidupakk.ee\/pl\/?s={search_term_string}"},"query-input":{"@type":"PropertyValueSpecification","valueRequired":true,"valueName":"search_term_string"}}],"inLanguage":"pl-PL"},{"@type":"Organization","@id":"https:\/\/toidupakk.ee\/pl\/#organization","name":"Tactical Foodpack matkaeined","url":"https:\/\/toidupakk.ee\/pl\/","logo":{"@type":"ImageObject","inLanguage":"pl-PL","@id":"https:\/\/toidupakk.ee\/pl\/#\/schema\/logo\/image\/","url":"https:\/\/toidupakk.ee\/wp-content\/uploads\/2022\/01\/Toidupakk-matkapood-logo-transparent.png","contentUrl":"https:\/\/toidupakk.ee\/wp-content\/uploads\/2022\/01\/Toidupakk-matkapood-logo-transparent.png","width":500,"height":500,"caption":"Tactical Foodpack matkaeined"},"image":{"@id":"https:\/\/toidupakk.ee\/pl\/#\/schema\/logo\/image\/"},"sameAs":["https:\/\/www.facebook.com\/Toidupakk","https:\/\/www.instagram.com\/toidupakk\/"]}]}},"jetpack_sharing_enabled":true,"_links":{"self":[{"href":"https:\/\/toidupakk.ee\/pl\/wp-json\/wp\/v2\/product\/50177","targetHints":{"allow":["GET"]}}],"collection":[{"href":"https:\/\/toidupakk.ee\/pl\/wp-json\/wp\/v2\/product"}],"about":[{"href":"https:\/\/toidupakk.ee\/pl\/wp-json\/wp\/v2\/types\/product"}],"replies":[{"embeddable":true,"href":"https:\/\/toidupakk.ee\/pl\/wp-json\/wp\/v2\/comments?post=50177"}],"wp:featuredmedia":[{"embeddable":true,"href":"https:\/\/toidupakk.ee\/pl\/wp-json\/wp\/v2\/media\/33715"}],"wp:attachment":[{"href":"https:\/\/toidupakk.ee\/pl\/wp-json\/wp\/v2\/media?parent=50177"}],"wp:term":[{"taxonomy":"product_brand","embeddable":true,"href":"https:\/\/toidupakk.ee\/pl\/wp-json\/wp\/v2\/product_brand?post=50177"},{"taxonomy":"product_cat","embeddable":true,"href":"https:\/\/toidupakk.ee\/pl\/wp-json\/wp\/v2\/product_cat?post=50177"},{"taxonomy":"product_tag","embeddable":true,"href":"https:\/\/toidupakk.ee\/pl\/wp-json\/wp\/v2\/product_tag?post=50177"}],"curies":[{"name":"wp","href":"https:\/\/api.w.org\/{rel}","templated":true}]}}