{"id":50156,"date":"2025-01-24T14:57:15","date_gmt":"2025-01-24T12:57:15","guid":{"rendered":"https:\/\/toidupakk.ee\/toode\/sixpack-big-papa\/"},"modified":"2026-04-21T12:01:20","modified_gmt":"2026-04-21T09:01:20","slug":"sixpack-big-papa","status":"publish","type":"product","link":"https:\/\/toidupakk.ee\/pl\/toode\/sixpack-big-papa\/","title":{"rendered":"Sixpack BIG PAPA"},"content":{"rendered":"<p><iframe style=\"width: 455px; height: 809px;\" title=\"Odtwarzacz wideo YouTube\" src=\"https:\/\/www.youtube.com\/embed\/2aEbX0ghszA\" frameborder=\"0\" allowfullscreen=\"allowfullscreen\"><span data-mce-type=\"bookmark\" style=\"display: inline-block; width: 0px; overflow: hidden; line-height: 0;\" class=\"mce_SELRES_start\"><\/span><span data-mce-type=\"bookmark\" style=\"display: inline-block; width: 0px; overflow: hidden; line-height: 0;\" class=\"mce_SELRES_start\"><\/span><span data-mce-type=\"bookmark\" style=\"display: inline-block; width: 0px; overflow: hidden; line-height: 0;\" class=\"mce_SELRES_start\"><\/span><span data-mce-type=\"bookmark\" style=\"display: inline-block; width: 0px; overflow: hidden; line-height: 0;\" class=\"mce_SELRES_start\"><\/span><\/iframe><\/p>\n<h1 data-pm-slice=\"1 1 []\"><\/h1>\n<h1 data-pm-slice=\"1 1 []\">Tactical Foodpack Sixpack BIG PAPA \u2013 zestaw gotowych posi\u0142k\u00f3w na dwa dni<\/h1>\n<p><strong>Sixpack BIG PAPA<\/strong> to najnowszy zestaw gotowych posi\u0142k\u00f3w od Tactical Foodpack, zawieraj\u0105cy sze\u015b\u0107 pysznych i po\u017cywnych da\u0144. Idealny wyb\u00f3r dla w\u0119drowc\u00f3w, poszukiwaczy przyg\u00f3d i ka\u017cdego, kto ceni wygod\u0119, blisko\u015b\u0107 natury oraz szybkie jedzenie. Ten zestaw b\u0142yskawicznie sta\u0142 si\u0119 ulubie\u0144cem klient\u00f3w!  <\/p>\n<h1 data-pm-slice=\"1 1 []\"><img fetchpriority=\"high\" decoding=\"async\" class=\"alignright wp-image-31643 size-thumbnail\" src=\"https:\/\/toidupakk.ee\/wp-content\/uploads\/2025\/01\/Tactical-Foodpack-Sixpack-BIG-PAPA-1-500x500.jpg\" alt=\"Zestaw posi\u0142k\u00f3w na 2 dni Sixpack BIG PAPA\" width=\"500\" height=\"500\" srcset=\"https:\/\/toidupakk.ee\/wp-content\/uploads\/2025\/01\/Tactical-Foodpack-Sixpack-BIG-PAPA-1-500x500.jpg 500w, https:\/\/toidupakk.ee\/wp-content\/uploads\/2025\/01\/Tactical-Foodpack-Sixpack-BIG-PAPA-1-400x400.jpg 400w, https:\/\/toidupakk.ee\/wp-content\/uploads\/2025\/01\/Tactical-Foodpack-Sixpack-BIG-PAPA-1-100x100.jpg 100w, https:\/\/toidupakk.ee\/wp-content\/uploads\/2025\/01\/Tactical-Foodpack-Sixpack-BIG-PAPA-1-300x300.jpg 300w, https:\/\/toidupakk.ee\/wp-content\/uploads\/2025\/01\/Tactical-Foodpack-Sixpack-BIG-PAPA-1-768x768.jpg 768w, https:\/\/toidupakk.ee\/wp-content\/uploads\/2025\/01\/Tactical-Foodpack-Sixpack-BIG-PAPA-1.jpg 800w\" sizes=\"(max-width: 500px) 100vw, 500px\" \/><\/h1>\n<p>&nbsp;<\/p>\n<h2>Co zawiera zestaw Sixpack BIG PAPA?<\/h2>\n<p>Sixpack BIG PAPA oferuje sze\u015b\u0107 r\u00f3\u017cnych ciep\u0142ych posi\u0142k\u00f3w <strong>BIG PORTION<\/strong>, kt\u00f3re zaspokoj\u0105 Twoje potrzeby na dwa dni: <\/p>\n<ul data-spread=\"false\">\n<li>Gulasz wo\u0142owy z ziemniakami (BIG PORTION)<\/li>\n<li>Danie z kurczaka z makaronem (BIG PORTION)<\/li>\n<li>Puree ziemniaczane z kurczakiem (BIG PORTION)<\/li>\n<li>Pasta Bolognese z wo\u0142owin\u0105 (BIG PORTION)<\/li>\n<li>Risotto grzybowe w sosie z bia\u0142ego wina (BIG PORTION)<\/li>\n<li>Curry z batat\u00f3w (BIG PORTION)<\/li>\n<\/ul>\n<h3><strong>Czym jest posi\u0142ek BIG PORTION?<\/strong><\/h3>\n<p>To wi\u0119ksze porcje w por\u00f3wnaniu do standardowych da\u0144 Tactical Foodpack, zapewniaj\u0105ce uczucie syto\u015bci i niezb\u0119dn\u0105 energi\u0119 na ca\u0142y dzie\u0144. Te dania g\u0142\u00f3wne idealnie sprawdz\u0105 si\u0119 w warunkach wymagaj\u0105cych wi\u0119kszego wysi\u0142ku, dostarczaj\u0105c minimum 700 kalorii na porcj\u0119. <\/p>\n<p><em><strong>UWAGA!<\/strong> Nowe zestawy sixpack nie s\u0105 ju\u017c pakowane w plastik. Zamiast tego zestaw zawiera praktyczny karabi\u0144czyk, kt\u00f3ry trzyma opakowania razem i mo\u017ce by\u0107 p\u00f3\u017aniej wykorzystany do wielu innych cel\u00f3w. <\/em><\/p>\n<h2>Dlaczego warto wybra\u0107 Sixpack BIG PAPA<\/h2>\n<ul data-spread=\"false\">\n<li><strong>\u0141atwe przygotowanie:<\/strong> Po prostu zalej gor\u0105c\u0105 wod\u0105, a po 8 minutach pyszny posi\u0142ek b\u0119dzie gotowy.<\/li>\n<li><strong>Naturalny sk\u0142ad:<\/strong> Nie zawiera konserwant\u00f3w ani sztucznych dodatk\u00f3w.<\/li>\n<li><strong>Esto\u0144skie receptury:<\/strong> Wyprodukowano w Niemczech.<\/li>\n<li><strong>D\u0142ugi termin przydatno\u015bci:<\/strong> Najlepiej spo\u017cy\u0107 przed up\u0142ywem 8 lat od daty produkcji.<\/li>\n<li><strong>Wygodna i szybka dostawa:<\/strong> 82% zam\u00f3wie\u0144 trafia do paczkomatu w ci\u0105gu 1\u20132 dni roboczych.<\/li>\n<\/ul>\n<p>&nbsp;<\/p>\n<h2>Dla kogo jest Sixpack BIG PAPA?<\/h2>\n<ul data-spread=\"false\">\n<li><strong>Dla w\u0119drowc\u00f3w i biwakowicz\u00f3w:<\/strong> Idealna \u017cywno\u015b\u0107 wyprawowa, lekka i \u0142atwa do zabrania.<\/li>\n<li><strong>Dla entuzjast\u00f3w survivalu:<\/strong> D\u0142ugi termin przydatno\u015bci sprawia, \u017ce to doskona\u0142y wyb\u00f3r do domowych zapas\u00f3w.<\/li>\n<li><strong>Dla poszukiwaczy przyg\u00f3d i festiwalowicz\u00f3w:<\/strong> Wygodne i szybkie rozwi\u0105zanie na pe\u0142nowarto\u015bciowy posi\u0142ek.<\/li>\n<\/ul>\n<h3><img decoding=\"async\" class=\"size-full wp-image-676 alignnone\" src=\"https:\/\/toidupakk.ee\/wp-content\/uploads\/2021\/12\/TF_logo_RGB-22-16-43-849.png\" alt=\"Zielone logo Tactical Foodpack\" width=\"238\" height=\"100\"><\/h3>\n<h3>Marka Tactical Foodpack<\/h3>\n<p>Tactical Foodpack to marka stworzona w Estonii, specjalizuj\u0105ca si\u0119 w \u017cywno\u015bci liofilizowanej. Naszym celem jest oferowanie produkt\u00f3w odpowiednich na profesjonalne wyprawy, dzia\u0142ania militarne, jak i do codziennego u\u017cytku. Ka\u017cdy nasz przepis zosta\u0142 stworzony przez prawdziwych podr\u00f3\u017cnik\u00f3w, aby zapewni\u0107 najlepsz\u0105 r\u00f3wnowag\u0119 mi\u0119dzy smakiem, warto\u015bciami od\u017cywczymi a praktyczno\u015bci\u0105.  <\/p>\n<p>&nbsp;<\/p>\n<h3>Jak przygotowa\u0107 posi\u0142ki Tactical Foodpack?<\/h3>\n<ul data-spread=\"false\">\n<li>Otw\u00f3rz opakowanie i wyjmij poch\u0142aniacz tlenu.<\/li>\n<li>Dodaj gor\u0105c\u0105 wod\u0119 zgodnie z instrukcj\u0105 (ilo\u015b\u0107 podana na opakowaniu).<\/li>\n<li>Wymieszaj dok\u0142adnie i zamknij strun\u0119 opakowania.<\/li>\n<li>Odczekaj 8 minut, a\u017c posi\u0142ek b\u0119dzie gotowy.<\/li>\n<li>Smacznego! Jedz prosto z opakowania, bez zmywania naczy\u0144.<\/li>\n<\/ul>\n<p>&nbsp;<\/p>\n<h3>Dlaczego warto wybra\u0107 liofilizowane posi\u0142ki Tactical Foodpack?<\/h3>\n<ul data-spread=\"false\">\n<li><strong>Bogactwo sk\u0142adnik\u00f3w od\u017cywczych:<\/strong> Technologia liofilizacji pozwala zachowa\u0107 wszystkie wa\u017cne witaminy i minera\u0142y.<\/li>\n<li><strong>Niska waga:<\/strong> Idealne do noszenia podczas d\u0142ugich w\u0119dr\u00f3wek.<\/li>\n<li><strong>Maksymalna wygoda:<\/strong> Przygotuj szybko w ka\u017cdej sytuacji \u2013 na szlaku, pod namiotem czy podczas przerwy w pracy.<\/li>\n<\/ul>\n<p>&nbsp;<\/p>\n<p><img decoding=\"async\" class=\"alignnone size-full wp-image-31398\" src=\"https:\/\/toidupakk.ee\/wp-content\/uploads\/2025\/01\/sixpacks_landscape.jpg\" alt=\"Sixpack Oscar, Sixpack Vegan Zulu i Sixpack BIG PAPA\" width=\"1920\" height=\"1440\" srcset=\"https:\/\/toidupakk.ee\/wp-content\/uploads\/2025\/01\/sixpacks_landscape.jpg 1920w, https:\/\/toidupakk.ee\/wp-content\/uploads\/2025\/01\/sixpacks_landscape-800x600.jpg 800w, https:\/\/toidupakk.ee\/wp-content\/uploads\/2025\/01\/sixpacks_landscape-300x225.jpg 300w, https:\/\/toidupakk.ee\/wp-content\/uploads\/2025\/01\/sixpacks_landscape-1024x768.jpg 1024w, https:\/\/toidupakk.ee\/wp-content\/uploads\/2025\/01\/sixpacks_landscape-768x576.jpg 768w, https:\/\/toidupakk.ee\/wp-content\/uploads\/2025\/01\/sixpacks_landscape-1536x1152.jpg 1536w\" sizes=\"(max-width: 1920px) 100vw, 1920px\" \/><\/p>\n<p>Zobacz wszystkie <a href=\"https:\/\/toidupakk.ee\/pl\/tootekategooria\/posilki-tactical-foodpack\/\">posi\u0142ki Tactical Foodpack<\/a><\/p>\n<p>Znajd\u017a inspiracj\u0119 na kolejne przygody na <a href=\"https:\/\/www.instagram.com\/toidupakk\/\">Instagramie<\/a> i <a href=\"https:\/\/www.facebook.com\/Toidupakk\/\">Facebooku<\/a> Toidupakk.<\/p>\n","protected":false},"excerpt":{"rendered":"<p><strong>Sixpack BIG PAPA to jeden z najnowszych produkt\u00f3w w ofercie Tactical Foodpack \u2013 i ju\u017c sta\u0142 si\u0119 ulubie\u0144cem wielu os\u00f3b. Sixpack to zestaw gotowych da\u0144 na dwa dni, czyli \u0142\u0105cznie 6 pe\u0142nowarto\u015bciowych posi\u0142k\u00f3w. <\/strong><\/p>\n<ul>\n<li>W zestawie znajdziesz <strong>\u0142\u0105cznie 6 ciep\u0142ych posi\u0142k\u00f3w BIG PORTION<\/strong> (4 dania g\u0142\u00f3wne + 2 \u015bniadania):<\/li>\n<\/ul>\n<p>\u2705 Gulasz wo\u0142owy z ziemniakami (BIG PORTION)<br \/>\n\u2705 Danie z kurczaka z makaronem (BIG PORTION)<br \/>\n\u2705 Puree ziemniaczane z kurczakiem (BIG PORTION)<br \/>\n\u2705 Pasta Bolognese z wo\u0142owin\u0105 (BIG PORTION)<br \/>\n\u2705 Risotto grzybowe w sosie z bia\u0142ego wina (BIG PORTION)<br \/>\n\u2705 Curry z batat\u00f3w (BIG PORTION)<\/p>\n<ul>\n<li><u>UWAGA! Nowe zestawy sixpack <strong>nie s\u0105 ju\u017c w plastikowym opakowaniu<\/strong>, zamiast tego <strong>w zestawie znajdziesz praktyczny karabi\u0144czyk<\/strong>, kt\u00f3rym spi\u0119te s\u0105 posi\u0142ki. <strong>P\u00f3\u017aniej mo\u017cesz u\u017cywa\u0107 karabi\u0144czyka wed\u0142ug w\u0142asnego uznania!<\/strong> <\/u><\/li>\n<li>Gotowy posi\u0142ek \u2013 po prostu zalej gor\u0105c\u0105 wod\u0105 i po <strong>8 min<\/strong> mo\u017cesz <strong>cieszy\u0107 si\u0119 pe\u0142nowarto\u015bciowym daniem<\/strong><\/li>\n<li>Naturalny sk\u0142ad, <strong>nie zawiera konserwant\u00f3w i dodatk\u00f3w<\/strong><\/li>\n<li><strong>Esto\u0144skie receptury<\/strong>, wyprodukowano w Niemczech<\/li>\n<li>Najlepiej spo\u017cy\u0107 przed:<strong> 8 lat od daty produkcji<\/strong><\/li>\n<\/ul>\n<p><strong>\u2705 Dost\u0119pne w magazynie, szybka dostawa w 1\u20133 dni robocze<\/strong><\/p>\n","protected":false},"featured_media":50160,"comment_status":"open","ping_status":"closed","template":"","meta":{"_acf_changed":false},"product_brand":[],"product_cat":[370,303,337,301],"product_tag":[],"class_list":{"0":"post-50156","1":"product","2":"type-product","3":"status-publish","4":"has-post-thumbnail","6":"product_cat-2-dniowe-zestawy-zapasow-zywnosci","7":"product_cat-akcesoria-turystyczne","8":"product_cat-posilki-tactical-foodpack","9":"product_cat-sprzet-turystyczny","11":"first","12":"instock","13":"taxable","14":"shipping-taxable","15":"purchasable","16":"product-type-simple"},"bundled_by":[],"bundle_stock_status":"instock","bundle_stock_quantity":1,"bundle_virtual":false,"bundle_layout":"","bundle_add_to_cart_form_location":"","bundle_editable_in_cart":false,"bundle_sold_individually_context":"","bundle_item_grouping":"","bundle_min_size":"","bundle_max_size":"","bundle_price":[],"bundled_items":[],"bundle_sell_ids":[],"acf":[],"yoast_head":"<!-- This site is optimized with the Yoast SEO plugin v27.3 - https:\/\/yoast.com\/product\/yoast-seo-wordpress\/ -->\n<title>Sixpack BIG PAPA - Toidupakk.ee - Tactical Foodpack toidupakid<\/title>\n<meta name=\"description\" content=\"Tactical Foodpack BIG PAPA \u2013 6 pysznych i po\u017cywnych gotowych posi\u0142k\u00f3w w opakowaniach BIG BAG na dwa dni! \u0141atwe w przygotowaniu, naturalny sk\u0142ad, termin przydatno\u015bci 8 lat.\" \/>\n<meta name=\"robots\" content=\"index, follow, max-snippet:-1, max-image-preview:large, max-video-preview:-1\" \/>\n<link rel=\"canonical\" href=\"https:\/\/toidupakk.ee\/pl\/toode\/sixpack-big-papa\/\" \/>\n<meta property=\"og:locale\" content=\"pl_PL\" \/>\n<meta property=\"og:type\" content=\"article\" \/>\n<meta property=\"og:title\" content=\"Sixpack BIG PAPA - Toidupakk.ee - Tactical Foodpack toidupakid\" \/>\n<meta property=\"og:description\" content=\"Tactical Foodpack BIG PAPA \u2013 6 pysznych i po\u017cywnych gotowych posi\u0142k\u00f3w w opakowaniach BIG BAG na dwa dni! \u0141atwe w przygotowaniu, naturalny sk\u0142ad, termin przydatno\u015bci 8 lat.\" \/>\n<meta property=\"og:url\" content=\"https:\/\/toidupakk.ee\/pl\/toode\/sixpack-big-papa\/\" \/>\n<meta property=\"og:site_name\" content=\"Toidupakk.ee - Tactical Foodpack toidupakid\" \/>\n<meta property=\"article:publisher\" content=\"https:\/\/www.facebook.com\/Toidupakk\" \/>\n<meta property=\"article:modified_time\" content=\"2026-04-21T09:01:20+00:00\" \/>\n<meta property=\"og:image\" content=\"https:\/\/toidupakk.ee\/wp-content\/uploads\/2025\/01\/Tactical-Foodpack-Sixpack-BIG-PAPA-4.png\" \/>\n\t<meta property=\"og:image:width\" content=\"800\" \/>\n\t<meta property=\"og:image:height\" content=\"800\" \/>\n\t<meta property=\"og:image:type\" content=\"image\/png\" \/>\n<meta name=\"twitter:card\" content=\"summary_large_image\" \/>\n<meta name=\"twitter:label1\" content=\"Szacowany czas czytania\" \/>\n\t<meta name=\"twitter:data1\" content=\"3 minuty\" \/>\n<script type=\"application\/ld+json\" class=\"yoast-schema-graph\">{\"@context\":\"https:\\\/\\\/schema.org\",\"@graph\":[{\"@type\":\"WebPage\",\"@id\":\"https:\\\/\\\/toidupakk.ee\\\/pl\\\/toode\\\/sixpack-big-papa\\\/\",\"url\":\"https:\\\/\\\/toidupakk.ee\\\/pl\\\/toode\\\/sixpack-big-papa\\\/\",\"name\":\"Sixpack BIG PAPA - Toidupakk.ee - Tactical Foodpack toidupakid\",\"isPartOf\":{\"@id\":\"https:\\\/\\\/toidupakk.ee\\\/pl\\\/#website\"},\"primaryImageOfPage\":{\"@id\":\"https:\\\/\\\/toidupakk.ee\\\/pl\\\/toode\\\/sixpack-big-papa\\\/#primaryimage\"},\"image\":{\"@id\":\"https:\\\/\\\/toidupakk.ee\\\/pl\\\/toode\\\/sixpack-big-papa\\\/#primaryimage\"},\"thumbnailUrl\":\"https:\\\/\\\/toidupakk.ee\\\/wp-content\\\/uploads\\\/2025\\\/01\\\/Tactical-Foodpack-Sixpack-BIG-PAPA-4.png\",\"datePublished\":\"2025-01-24T12:57:15+00:00\",\"dateModified\":\"2026-04-21T09:01:20+00:00\",\"description\":\"Tactical Foodpack BIG PAPA \u2013 6 pysznych i po\u017cywnych gotowych posi\u0142k\u00f3w w opakowaniach BIG BAG na dwa dni! \u0141atwe w przygotowaniu, naturalny sk\u0142ad, termin przydatno\u015bci 8 lat.\",\"breadcrumb\":{\"@id\":\"https:\\\/\\\/toidupakk.ee\\\/pl\\\/toode\\\/sixpack-big-papa\\\/#breadcrumb\"},\"inLanguage\":\"pl-PL\",\"potentialAction\":[{\"@type\":\"ReadAction\",\"target\":[\"https:\\\/\\\/toidupakk.ee\\\/pl\\\/toode\\\/sixpack-big-papa\\\/\"]}]},{\"@type\":\"ImageObject\",\"inLanguage\":\"pl-PL\",\"@id\":\"https:\\\/\\\/toidupakk.ee\\\/pl\\\/toode\\\/sixpack-big-papa\\\/#primaryimage\",\"url\":\"https:\\\/\\\/toidupakk.ee\\\/wp-content\\\/uploads\\\/2025\\\/01\\\/Tactical-Foodpack-Sixpack-BIG-PAPA-4.png\",\"contentUrl\":\"https:\\\/\\\/toidupakk.ee\\\/wp-content\\\/uploads\\\/2025\\\/01\\\/Tactical-Foodpack-Sixpack-BIG-PAPA-4.png\",\"width\":800,\"height\":800},{\"@type\":\"BreadcrumbList\",\"@id\":\"https:\\\/\\\/toidupakk.ee\\\/pl\\\/toode\\\/sixpack-big-papa\\\/#breadcrumb\",\"itemListElement\":[{\"@type\":\"ListItem\",\"position\":1,\"name\":\"Avaleht\",\"item\":\"https:\\\/\\\/toidupakk.ee\\\/pl\\\/\"},{\"@type\":\"ListItem\",\"position\":2,\"name\":\"Sklep internetowy\",\"item\":\"https:\\\/\\\/toidupakk.ee\\\/pl\\\/sklep-internetowy\\\/\"},{\"@type\":\"ListItem\",\"position\":3,\"name\":\"Sixpack BIG PAPA\"}]},{\"@type\":\"WebSite\",\"@id\":\"https:\\\/\\\/toidupakk.ee\\\/pl\\\/#website\",\"url\":\"https:\\\/\\\/toidupakk.ee\\\/pl\\\/\",\"name\":\"Toidupakk.ee - Tactical Foodpack toidupakid\",\"description\":\"Tactical Foodpack k\u00fclmkuivatatud toidupakid ja matkaeined\",\"publisher\":{\"@id\":\"https:\\\/\\\/toidupakk.ee\\\/pl\\\/#organization\"},\"potentialAction\":[{\"@type\":\"SearchAction\",\"target\":{\"@type\":\"EntryPoint\",\"urlTemplate\":\"https:\\\/\\\/toidupakk.ee\\\/pl\\\/?s={search_term_string}\"},\"query-input\":{\"@type\":\"PropertyValueSpecification\",\"valueRequired\":true,\"valueName\":\"search_term_string\"}}],\"inLanguage\":\"pl-PL\"},{\"@type\":\"Organization\",\"@id\":\"https:\\\/\\\/toidupakk.ee\\\/pl\\\/#organization\",\"name\":\"Tactical Foodpack matkaeined\",\"url\":\"https:\\\/\\\/toidupakk.ee\\\/pl\\\/\",\"logo\":{\"@type\":\"ImageObject\",\"inLanguage\":\"pl-PL\",\"@id\":\"https:\\\/\\\/toidupakk.ee\\\/pl\\\/#\\\/schema\\\/logo\\\/image\\\/\",\"url\":\"https:\\\/\\\/toidupakk.ee\\\/wp-content\\\/uploads\\\/2022\\\/01\\\/Toidupakk-matkapood-logo-transparent.png\",\"contentUrl\":\"https:\\\/\\\/toidupakk.ee\\\/wp-content\\\/uploads\\\/2022\\\/01\\\/Toidupakk-matkapood-logo-transparent.png\",\"width\":500,\"height\":500,\"caption\":\"Tactical Foodpack matkaeined\"},\"image\":{\"@id\":\"https:\\\/\\\/toidupakk.ee\\\/pl\\\/#\\\/schema\\\/logo\\\/image\\\/\"},\"sameAs\":[\"https:\\\/\\\/www.facebook.com\\\/Toidupakk\",\"https:\\\/\\\/www.instagram.com\\\/toidupakk\\\/\"]}]}<\/script>\n<!-- \/ Yoast SEO plugin. -->","yoast_head_json":{"title":"Sixpack BIG PAPA - Toidupakk.ee - Tactical Foodpack toidupakid","description":"Tactical Foodpack BIG PAPA \u2013 6 pysznych i po\u017cywnych gotowych posi\u0142k\u00f3w w opakowaniach BIG BAG na dwa dni! \u0141atwe w przygotowaniu, naturalny sk\u0142ad, termin przydatno\u015bci 8 lat.","robots":{"index":"index","follow":"follow","max-snippet":"max-snippet:-1","max-image-preview":"max-image-preview:large","max-video-preview":"max-video-preview:-1"},"canonical":"https:\/\/toidupakk.ee\/pl\/toode\/sixpack-big-papa\/","og_locale":"pl_PL","og_type":"article","og_title":"Sixpack BIG PAPA - Toidupakk.ee - Tactical Foodpack toidupakid","og_description":"Tactical Foodpack BIG PAPA \u2013 6 pysznych i po\u017cywnych gotowych posi\u0142k\u00f3w w opakowaniach BIG BAG na dwa dni! \u0141atwe w przygotowaniu, naturalny sk\u0142ad, termin przydatno\u015bci 8 lat.","og_url":"https:\/\/toidupakk.ee\/pl\/toode\/sixpack-big-papa\/","og_site_name":"Toidupakk.ee - Tactical Foodpack toidupakid","article_publisher":"https:\/\/www.facebook.com\/Toidupakk","article_modified_time":"2026-04-21T09:01:20+00:00","og_image":[{"width":800,"height":800,"url":"https:\/\/toidupakk.ee\/wp-content\/uploads\/2025\/01\/Tactical-Foodpack-Sixpack-BIG-PAPA-4.png","type":"image\/png"}],"twitter_card":"summary_large_image","twitter_misc":{"Szacowany czas czytania":"3 minuty"},"schema":{"@context":"https:\/\/schema.org","@graph":[{"@type":"WebPage","@id":"https:\/\/toidupakk.ee\/pl\/toode\/sixpack-big-papa\/","url":"https:\/\/toidupakk.ee\/pl\/toode\/sixpack-big-papa\/","name":"Sixpack BIG PAPA - Toidupakk.ee - Tactical Foodpack toidupakid","isPartOf":{"@id":"https:\/\/toidupakk.ee\/pl\/#website"},"primaryImageOfPage":{"@id":"https:\/\/toidupakk.ee\/pl\/toode\/sixpack-big-papa\/#primaryimage"},"image":{"@id":"https:\/\/toidupakk.ee\/pl\/toode\/sixpack-big-papa\/#primaryimage"},"thumbnailUrl":"https:\/\/toidupakk.ee\/wp-content\/uploads\/2025\/01\/Tactical-Foodpack-Sixpack-BIG-PAPA-4.png","datePublished":"2025-01-24T12:57:15+00:00","dateModified":"2026-04-21T09:01:20+00:00","description":"Tactical Foodpack BIG PAPA \u2013 6 pysznych i po\u017cywnych gotowych posi\u0142k\u00f3w w opakowaniach BIG BAG na dwa dni! \u0141atwe w przygotowaniu, naturalny sk\u0142ad, termin przydatno\u015bci 8 lat.","breadcrumb":{"@id":"https:\/\/toidupakk.ee\/pl\/toode\/sixpack-big-papa\/#breadcrumb"},"inLanguage":"pl-PL","potentialAction":[{"@type":"ReadAction","target":["https:\/\/toidupakk.ee\/pl\/toode\/sixpack-big-papa\/"]}]},{"@type":"ImageObject","inLanguage":"pl-PL","@id":"https:\/\/toidupakk.ee\/pl\/toode\/sixpack-big-papa\/#primaryimage","url":"https:\/\/toidupakk.ee\/wp-content\/uploads\/2025\/01\/Tactical-Foodpack-Sixpack-BIG-PAPA-4.png","contentUrl":"https:\/\/toidupakk.ee\/wp-content\/uploads\/2025\/01\/Tactical-Foodpack-Sixpack-BIG-PAPA-4.png","width":800,"height":800},{"@type":"BreadcrumbList","@id":"https:\/\/toidupakk.ee\/pl\/toode\/sixpack-big-papa\/#breadcrumb","itemListElement":[{"@type":"ListItem","position":1,"name":"Avaleht","item":"https:\/\/toidupakk.ee\/pl\/"},{"@type":"ListItem","position":2,"name":"Sklep internetowy","item":"https:\/\/toidupakk.ee\/pl\/sklep-internetowy\/"},{"@type":"ListItem","position":3,"name":"Sixpack BIG PAPA"}]},{"@type":"WebSite","@id":"https:\/\/toidupakk.ee\/pl\/#website","url":"https:\/\/toidupakk.ee\/pl\/","name":"Toidupakk.ee - Tactical Foodpack toidupakid","description":"Tactical Foodpack k\u00fclmkuivatatud toidupakid ja matkaeined","publisher":{"@id":"https:\/\/toidupakk.ee\/pl\/#organization"},"potentialAction":[{"@type":"SearchAction","target":{"@type":"EntryPoint","urlTemplate":"https:\/\/toidupakk.ee\/pl\/?s={search_term_string}"},"query-input":{"@type":"PropertyValueSpecification","valueRequired":true,"valueName":"search_term_string"}}],"inLanguage":"pl-PL"},{"@type":"Organization","@id":"https:\/\/toidupakk.ee\/pl\/#organization","name":"Tactical Foodpack matkaeined","url":"https:\/\/toidupakk.ee\/pl\/","logo":{"@type":"ImageObject","inLanguage":"pl-PL","@id":"https:\/\/toidupakk.ee\/pl\/#\/schema\/logo\/image\/","url":"https:\/\/toidupakk.ee\/wp-content\/uploads\/2022\/01\/Toidupakk-matkapood-logo-transparent.png","contentUrl":"https:\/\/toidupakk.ee\/wp-content\/uploads\/2022\/01\/Toidupakk-matkapood-logo-transparent.png","width":500,"height":500,"caption":"Tactical Foodpack matkaeined"},"image":{"@id":"https:\/\/toidupakk.ee\/pl\/#\/schema\/logo\/image\/"},"sameAs":["https:\/\/www.facebook.com\/Toidupakk","https:\/\/www.instagram.com\/toidupakk\/"]}]}},"jetpack_sharing_enabled":true,"_links":{"self":[{"href":"https:\/\/toidupakk.ee\/pl\/wp-json\/wp\/v2\/product\/50156","targetHints":{"allow":["GET"]}}],"collection":[{"href":"https:\/\/toidupakk.ee\/pl\/wp-json\/wp\/v2\/product"}],"about":[{"href":"https:\/\/toidupakk.ee\/pl\/wp-json\/wp\/v2\/types\/product"}],"replies":[{"embeddable":true,"href":"https:\/\/toidupakk.ee\/pl\/wp-json\/wp\/v2\/comments?post=50156"}],"wp:featuredmedia":[{"embeddable":true,"href":"https:\/\/toidupakk.ee\/pl\/wp-json\/wp\/v2\/media\/50160"}],"wp:attachment":[{"href":"https:\/\/toidupakk.ee\/pl\/wp-json\/wp\/v2\/media?parent=50156"}],"wp:term":[{"taxonomy":"product_brand","embeddable":true,"href":"https:\/\/toidupakk.ee\/pl\/wp-json\/wp\/v2\/product_brand?post=50156"},{"taxonomy":"product_cat","embeddable":true,"href":"https:\/\/toidupakk.ee\/pl\/wp-json\/wp\/v2\/product_cat?post=50156"},{"taxonomy":"product_tag","embeddable":true,"href":"https:\/\/toidupakk.ee\/pl\/wp-json\/wp\/v2\/product_tag?post=50156"}],"curies":[{"name":"wp","href":"https:\/\/api.w.org\/{rel}","templated":true}]}}