{"id":50134,"date":"2025-04-23T09:20:23","date_gmt":"2025-04-23T06:20:23","guid":{"rendered":"https:\/\/toidupakk.ee\/toode\/wodoszczelna-torba-na-sprzet-50-l\/"},"modified":"2026-04-16T10:31:51","modified_gmt":"2026-04-16T07:31:51","slug":"wodoszczelna-torba-na-sprzet-50-l","status":"publish","type":"product","link":"https:\/\/toidupakk.ee\/pl\/toode\/wodoszczelna-torba-na-sprzet-50-l\/","title":{"rendered":"Wodoszczelna torba na sprz\u0119t 50 l"},"content":{"rendered":"<h2 class=\"\" data-start=\"434\" data-end=\"496\">Wodoszczelna torba na sprz\u0119t, kt\u00f3ra chroni wszystko, co wa\u017cne<\/h2>\n<p class=\"\" data-start=\"498\" data-end=\"912\">TF-2215 Waterproof MOLLE to wodoszczelna torba na sprz\u0119t stworzona dla tych, kt\u00f3rzy chc\u0105 mie\u0107 pewno\u015b\u0107 w ka\u017cd\u0105 pogod\u0119 i w ka\u017cdej sytuacji. Niezale\u017cnie od tego, czy planujesz w\u0119dr\u00f3wk\u0119, rejs, wypraw\u0119 na ryby czy zimow\u0105 przygod\u0119, ta torba zapewnia skuteczn\u0105 ochron\u0119 przed wilgoci\u0105 i wod\u0105. Do jej produkcji u\u017cyto wysokiej jako\u015bci, wytrzyma\u0142ego materia\u0142u PVC 500D, kt\u00f3ry jest odporny na zu\u017cycie, brud i trudne warunki atmosferyczne.  <\/p>\n<p class=\"\" data-start=\"914\" data-end=\"1241\">Dzi\u0119ki wodoszczelnej konstrukcji idealnie sprawdza si\u0119 w sytuacjach, gdy sprz\u0119t musi pozosta\u0107 suchy \u2013 na przyk\u0142ad w deszczu, na mokrym pod\u0142o\u017cu lub na \u0142odzi. Torba chroni zawarto\u015b\u0107 przed zachlapaniem i kr\u00f3tkotrwa\u0142ym kontaktem z wod\u0105. Oznacza to, \u017ce nawet je\u015bli torba na chwil\u0119 wpadnie do wody lub zostanie na deszczu ze \u015bniegiem, jej zawarto\u015b\u0107 pozostanie bezpiecznie sucha.  <\/p>\n<p class=\"\" data-start=\"1243\" data-end=\"1493\">Wodoszczelno\u015b\u0107 torby zapewnia praktyczny system zamykania typu roll-top. Wystarczy zrolowa\u0107 otw\u00f3r torby 2\u20133 razy i spi\u0105\u0107 go mocnymi klamrami. Takie rozwi\u0105zanie skutecznie zatrzymuje wod\u0119 na zewn\u0105trz oraz pozwala na szybkie otwieranie i zamykanie torby.  <\/p>\n<p data-start=\"1243\" data-end=\"1493\"><img fetchpriority=\"high\" decoding=\"async\" class=\"alignnone wp-image-33968 size-thumbnail\" src=\"https:\/\/toidupakk.ee\/wp-content\/uploads\/2025\/04\/10-1-500x500.png\" alt=\"Wodoszczelna torba na sprz\u0119t na plecach \u2013 torba TF-2215 nadaje si\u0119 na wyprawy i do codziennego u\u017cytku.\" width=\"500\" height=\"500\" srcset=\"https:\/\/toidupakk.ee\/wp-content\/uploads\/2025\/04\/10-1-500x500.png 500w, https:\/\/toidupakk.ee\/wp-content\/uploads\/2025\/04\/10-1-400x400.png 400w, https:\/\/toidupakk.ee\/wp-content\/uploads\/2025\/04\/10-1-100x100.png 100w, https:\/\/toidupakk.ee\/wp-content\/uploads\/2025\/04\/10-1-300x300.png 300w, https:\/\/toidupakk.ee\/wp-content\/uploads\/2025\/04\/10-1-768x768.png 768w, https:\/\/toidupakk.ee\/wp-content\/uploads\/2025\/04\/10-1.png 800w\" sizes=\"(max-width: 500px) 100vw, 500px\" \/><\/p>\n<h3 data-start=\"1495\" data-end=\"1542\">Pojemna, wytrzyma\u0142a i \u0142atwa w transporcie<\/h3>\n<p class=\"\" data-start=\"1544\" data-end=\"1853\">Torba TF-2215 ma pojemno\u015b\u0107 oko\u0142o 50 litr\u00f3w, co czyni j\u0105 praktycznym wyborem do transportu wi\u0119kszego sprz\u0119tu. Namiot, \u015bpiw\u00f3r, ciep\u0142e ubrania, narz\u0119dzia czy sprz\u0119t w\u0119dkarski \u2013 miejsca wystarczy na wszystko. Jednocze\u015bnie torba jest lekka (tylko 850 g) i ma kompaktowy kszta\u0142t, dzi\u0119ki czemu wygodnie si\u0119 j\u0105 nosi.  <\/p>\n<p class=\"\" data-start=\"1855\" data-end=\"2038\">Wygod\u0119 zwi\u0119ksza kilka uchwyt\u00f3w, kt\u00f3re pozwalaj\u0105 nosi\u0107 torb\u0119 zar\u00f3wno w d\u0142oni, jak i na ramieniu. Solidna konstrukcja i trwa\u0142e materia\u0142y zapewniaj\u0105 d\u0142ug\u0105 \u017cywotno\u015b\u0107, nawet przy aktywnej eksploatacji w terenie. <\/p>\n<h3 data-start=\"2040\" data-end=\"2084\">Wodoszczelna torba na sprz\u0119t w ka\u017cdej sytuacji<\/h3>\n<p class=\"\" data-start=\"2086\" data-end=\"2354\">Ta wodoszczelna torba na sprz\u0119t nadaje si\u0119 do wielu r\u00f3\u017cnych aktywno\u015bci: sp\u0142yw\u00f3w kajakowych, raftingu, rejs\u00f3w \u0142odzi\u0105, w\u0119dr\u00f3wek, biwakowania, w\u0119dkarstwa czy zimowych wyjazd\u00f3w. To szczeg\u00f3lnie dobry wyb\u00f3r, je\u015bli potrzebujesz torby, kt\u00f3ra wytrzyma \u015bnieg, deszcz i mokry teren. <\/p>\n<p class=\"\" data-start=\"2356\" data-end=\"2512\">Wa\u017cne: torba nie jest przeznaczona do nurkowania ani d\u0142ugotrwa\u0142ego zanurzenia pod wod\u0105 \u2013 jej si\u0142\u0105 jest ochrona przed kr\u00f3tkotrwa\u0142ym kontaktem z wod\u0105.<\/p>\n<p data-start=\"2356\" data-end=\"2512\"><img decoding=\"async\" class=\"alignnone wp-image-33969 size-thumbnail\" src=\"https:\/\/toidupakk.ee\/wp-content\/uploads\/2025\/04\/11-500x500.jpg\" alt=\"Wodoszczelna torba na sprz\u0119t z bliska \u2013 na materiale PVC torby TF-2215 widoczne s\u0105 krople wody, co potwierdza jej odporno\u015b\u0107 na wilgo\u0107.\" width=\"500\" height=\"500\" srcset=\"https:\/\/toidupakk.ee\/wp-content\/uploads\/2025\/04\/11-500x500.jpg 500w, https:\/\/toidupakk.ee\/wp-content\/uploads\/2025\/04\/11-400x400.jpg 400w, https:\/\/toidupakk.ee\/wp-content\/uploads\/2025\/04\/11-100x100.jpg 100w, https:\/\/toidupakk.ee\/wp-content\/uploads\/2025\/04\/11-300x300.jpg 300w, https:\/\/toidupakk.ee\/wp-content\/uploads\/2025\/04\/11-768x768.jpg 768w, https:\/\/toidupakk.ee\/wp-content\/uploads\/2025\/04\/11.jpg 800w\" sizes=\"(max-width: 500px) 100vw, 500px\" \/><\/p>\n<h3>Cechy produktu \u2013 wodoszczelna torba na sprz\u0119t TF-2215 Waterproof MOLLE<\/h3>\n<ul>\n<li data-start=\"2606\" data-end=\"2629\"><strong data-start=\"2606\" data-end=\"2615\">Pojemno\u015b\u0107:<\/strong> ~50 litr\u00f3w<\/li>\n<li data-start=\"2606\" data-end=\"2629\"><strong data-start=\"2632\" data-end=\"2645\">Materia\u0142:<\/strong> PVC 500D<\/li>\n<li data-start=\"2606\" data-end=\"2629\"><strong data-start=\"2659\" data-end=\"2670\">Wymiary:<\/strong> 69 \u00d7 29,5 cm<\/li>\n<li data-start=\"2606\" data-end=\"2629\"><strong data-start=\"2688\" data-end=\"2697\">Waga:<\/strong> 850 g<\/li>\n<li data-start=\"2606\" data-end=\"2629\"><strong data-start=\"2707\" data-end=\"2721\">Zamkni\u0119cie:<\/strong> Rolowana g\u00f3ra + zapi\u0119cie na klamry<\/li>\n<li data-start=\"2606\" data-end=\"2629\"><strong data-start=\"2767\" data-end=\"2782\">Wodoszczelno\u015b\u0107:<\/strong> Chroni przed zachlapaniem i kr\u00f3tkotrwa\u0142ym kontaktem z wod\u0105<\/li>\n<li data-start=\"2606\" data-end=\"2629\"><strong data-start=\"2843\" data-end=\"2860\">System noszenia:<\/strong> Kilka uchwyt\u00f3w do wygodnego transportu<\/li>\n<li data-start=\"2606\" data-end=\"2629\"><strong data-start=\"2905\" data-end=\"2927\">Zastosowanie:<\/strong> kajaki, rafting, rejsy, w\u0119dr\u00f3wki, biwak, w\u0119dkarstwo, sporty zimowe<\/li>\n<\/ul>\n<p>Zobacz sprz\u0119t turystyczny <a href=\"https:\/\/toidupakk.ee\/pl\/tootekategooria\/sprzet-turystyczny\/#section-3-79\">TUTAJ<\/a><\/p>\n<p>Zobacz \u017cywno\u015b\u0107 turystyczn\u0105 <a href=\"https:\/\/toidupakk.ee\/pl\/sklep-internetowy\/\">TUTAJ<\/a><\/p>\n<p>Znajd\u017a inspiracj\u0119 na kolejne przygody na <a href=\"https:\/\/www.instagram.com\/toidupakk\/\">Instagramie<\/a> i <a href=\"https:\/\/www.facebook.com\/Toidupakk\/\">Facebooku<\/a> Toidupakk.<\/p>\n","protected":false},"excerpt":{"rendered":"<p class=\"\" data-start=\"157\" data-end=\"597\"><strong>TF-2215 Waterproof MOLLE to 50-litrowa wodoszczelna torba na sprz\u0119t, idealna na w\u0119dr\u00f3wki, rejsy, ryby czy zimowe wyprawy. Wykonana z wytrzyma\u0142ego materia\u0142u PVC 500D, chroni Tw\u00f3j sprz\u0119t przed deszczem, zachlapaniem, a nawet kr\u00f3tkotrwa\u0142ym zanurzeniem. Dzi\u0119ki prostemu i pewnemu systemowi zamykania \u2013 zroluj g\u00f3r\u0119 i zapnij klamry \u2013 masz pewno\u015b\u0107, \u017ce zawarto\u015b\u0107 pozostanie sucha.  <\/strong><\/p>\n<ul>\n<li data-start=\"599\" data-end=\"1065\">Pojemne <strong>50-litrowe<\/strong> wn\u0119trze oferuje mn\u00f3stwo miejsca na sprz\u0119t turystyczny, narz\u0119dzia lub artyku\u0142y sportowe<\/li>\n<li data-start=\"599\" data-end=\"1065\">Mocny i <strong>wodoszczelny materia\u0142 PVC 500D<\/strong> zapewnia ochron\u0119 nawet w trudnych warunkach<\/li>\n<li data-start=\"599\" data-end=\"1065\">Proste i szybkie zamykanie dzi\u0119ki rolowanej g\u00f3rze i bezpiecznym klamrom<\/li>\n<li data-start=\"599\" data-end=\"1065\"><strong>Praktyczne uchwyty<\/strong> i opcje noszenia sprawiaj\u0105, \u017ce torba jest wygodna w transporcie<\/li>\n<li data-start=\"599\" data-end=\"1065\">Idealna na kajaki, w\u0119dr\u00f3wki, ryby lub rejsy.<\/li>\n<li data-start=\"599\" data-end=\"1065\">Wymiary: 69 \u00d7 29,5 cm<\/li>\n<\/ul>\n<p class=\"\" data-start=\"1067\" data-end=\"1142\"><strong>UWAGA! Torba nie jest przeznaczona do nurkowania ani d\u0142ugotrwa\u0142ego trzymania pod wod\u0105. <\/strong><\/p>\n<p class=\"\" data-start=\"1256\" data-end=\"1340\">\u2705 Dost\u0119pne w magazynie, szybka dostawa w 1-3 dni robocze<br data-start=\"1297\" data-end=\"1300\">\u2705 Kup teraz, zap\u0142a\u0107 p\u00f3\u017aniej (RRSO 0%)<\/p>\n","protected":false},"featured_media":50135,"comment_status":"open","ping_status":"closed","template":"","meta":{"_acf_changed":false},"product_brand":[],"product_cat":[303,309,301,310,369],"product_tag":[],"class_list":{"0":"post-50134","1":"product","2":"type-product","3":"status-publish","4":"has-post-thumbnail","6":"product_cat-akcesoria-turystyczne","7":"product_cat-plecaki","8":"product_cat-sprzet-turystyczny","9":"product_cat-torby","10":"product_cat-torby-wodoszczelne-drybag","12":"first","13":"instock","14":"taxable","15":"shipping-taxable","16":"purchasable","17":"product-type-variable","18":"has-default-attributes"},"bundled_by":[],"bundle_stock_status":"instock","bundle_stock_quantity":null,"bundle_virtual":false,"bundle_layout":"","bundle_add_to_cart_form_location":"","bundle_editable_in_cart":false,"bundle_sold_individually_context":"","bundle_item_grouping":"","bundle_min_size":"","bundle_max_size":"","bundle_price":[],"bundled_items":[],"bundle_sell_ids":[],"acf":[],"yoast_head":"<!-- This site is optimized with the Yoast SEO plugin v27.3 - https:\/\/yoast.com\/product\/yoast-seo-wordpress\/ -->\n<title>Wodoszczelna torba na sprz\u0119t 50 l<\/title>\n<meta name=\"description\" content=\"Wodoszczelna torba na sprz\u0119t, kt\u00f3ra utrzyma Twoje rzeczy w sucho\u015bci. Pojemno\u015b\u0107 50 l, wytrzyma\u0142y materia\u0142 PVC 500D \u2013 idealna na w\u0119dr\u00f3wki, ryby i rejsy.\" \/>\n<meta name=\"robots\" content=\"index, follow, max-snippet:-1, max-image-preview:large, max-video-preview:-1\" \/>\n<link rel=\"canonical\" href=\"https:\/\/toidupakk.ee\/pl\/toode\/wodoszczelna-torba-na-sprzet-50-l\/\" \/>\n<meta property=\"og:locale\" content=\"pl_PL\" \/>\n<meta property=\"og:type\" content=\"article\" \/>\n<meta property=\"og:title\" content=\"Wodoszczelna torba na sprz\u0119t 50 l\" \/>\n<meta property=\"og:description\" content=\"Wodoszczelna torba na sprz\u0119t, kt\u00f3ra utrzyma Twoje rzeczy w sucho\u015bci. Pojemno\u015b\u0107 50 l, wytrzyma\u0142y materia\u0142 PVC 500D \u2013 idealna na w\u0119dr\u00f3wki, ryby i rejsy.\" \/>\n<meta property=\"og:url\" content=\"https:\/\/toidupakk.ee\/pl\/toode\/wodoszczelna-torba-na-sprzet-50-l\/\" \/>\n<meta property=\"og:site_name\" content=\"Toidupakk.ee - Tactical Foodpack toidupakid\" \/>\n<meta property=\"article:publisher\" content=\"https:\/\/www.facebook.com\/Toidupakk\" \/>\n<meta property=\"article:modified_time\" content=\"2026-04-16T07:31:51+00:00\" \/>\n<meta property=\"og:image\" content=\"https:\/\/toidupakk.ee\/wp-content\/uploads\/2025\/04\/1-4.png\" \/>\n\t<meta property=\"og:image:width\" content=\"800\" \/>\n\t<meta property=\"og:image:height\" content=\"800\" \/>\n\t<meta property=\"og:image:type\" content=\"image\/png\" \/>\n<meta name=\"twitter:card\" content=\"summary_large_image\" \/>\n<meta name=\"twitter:label1\" content=\"Szacowany czas czytania\" \/>\n\t<meta name=\"twitter:data1\" content=\"2 minuty\" \/>\n<script type=\"application\/ld+json\" class=\"yoast-schema-graph\">{\"@context\":\"https:\\\/\\\/schema.org\",\"@graph\":[{\"@type\":\"WebPage\",\"@id\":\"https:\\\/\\\/toidupakk.ee\\\/pl\\\/toode\\\/wodoszczelna-torba-na-sprzet-50-l\\\/\",\"url\":\"https:\\\/\\\/toidupakk.ee\\\/pl\\\/toode\\\/wodoszczelna-torba-na-sprzet-50-l\\\/\",\"name\":\"Wodoszczelna torba na sprz\u0119t 50 l\",\"isPartOf\":{\"@id\":\"https:\\\/\\\/toidupakk.ee\\\/pl\\\/#website\"},\"primaryImageOfPage\":{\"@id\":\"https:\\\/\\\/toidupakk.ee\\\/pl\\\/toode\\\/wodoszczelna-torba-na-sprzet-50-l\\\/#primaryimage\"},\"image\":{\"@id\":\"https:\\\/\\\/toidupakk.ee\\\/pl\\\/toode\\\/wodoszczelna-torba-na-sprzet-50-l\\\/#primaryimage\"},\"thumbnailUrl\":\"https:\\\/\\\/toidupakk.ee\\\/wp-content\\\/uploads\\\/2025\\\/04\\\/1-4.png\",\"datePublished\":\"2025-04-23T06:20:23+00:00\",\"dateModified\":\"2026-04-16T07:31:51+00:00\",\"description\":\"Wodoszczelna torba na sprz\u0119t, kt\u00f3ra utrzyma Twoje rzeczy w sucho\u015bci. Pojemno\u015b\u0107 50 l, wytrzyma\u0142y materia\u0142 PVC 500D \u2013 idealna na w\u0119dr\u00f3wki, ryby i rejsy.\",\"breadcrumb\":{\"@id\":\"https:\\\/\\\/toidupakk.ee\\\/pl\\\/toode\\\/wodoszczelna-torba-na-sprzet-50-l\\\/#breadcrumb\"},\"inLanguage\":\"pl-PL\",\"potentialAction\":[{\"@type\":\"ReadAction\",\"target\":[\"https:\\\/\\\/toidupakk.ee\\\/pl\\\/toode\\\/wodoszczelna-torba-na-sprzet-50-l\\\/\"]}]},{\"@type\":\"ImageObject\",\"inLanguage\":\"pl-PL\",\"@id\":\"https:\\\/\\\/toidupakk.ee\\\/pl\\\/toode\\\/wodoszczelna-torba-na-sprzet-50-l\\\/#primaryimage\",\"url\":\"https:\\\/\\\/toidupakk.ee\\\/wp-content\\\/uploads\\\/2025\\\/04\\\/1-4.png\",\"contentUrl\":\"https:\\\/\\\/toidupakk.ee\\\/wp-content\\\/uploads\\\/2025\\\/04\\\/1-4.png\",\"width\":800,\"height\":800},{\"@type\":\"BreadcrumbList\",\"@id\":\"https:\\\/\\\/toidupakk.ee\\\/pl\\\/toode\\\/wodoszczelna-torba-na-sprzet-50-l\\\/#breadcrumb\",\"itemListElement\":[{\"@type\":\"ListItem\",\"position\":1,\"name\":\"Avaleht\",\"item\":\"https:\\\/\\\/toidupakk.ee\\\/pl\\\/\"},{\"@type\":\"ListItem\",\"position\":2,\"name\":\"Sklep internetowy\",\"item\":\"https:\\\/\\\/toidupakk.ee\\\/pl\\\/sklep-internetowy\\\/\"},{\"@type\":\"ListItem\",\"position\":3,\"name\":\"Wodoszczelna torba na sprz\u0119t 50 l\"}]},{\"@type\":\"WebSite\",\"@id\":\"https:\\\/\\\/toidupakk.ee\\\/pl\\\/#website\",\"url\":\"https:\\\/\\\/toidupakk.ee\\\/pl\\\/\",\"name\":\"Toidupakk.ee - Tactical Foodpack toidupakid\",\"description\":\"Tactical Foodpack k\u00fclmkuivatatud toidupakid ja matkaeined\",\"publisher\":{\"@id\":\"https:\\\/\\\/toidupakk.ee\\\/pl\\\/#organization\"},\"potentialAction\":[{\"@type\":\"SearchAction\",\"target\":{\"@type\":\"EntryPoint\",\"urlTemplate\":\"https:\\\/\\\/toidupakk.ee\\\/pl\\\/?s={search_term_string}\"},\"query-input\":{\"@type\":\"PropertyValueSpecification\",\"valueRequired\":true,\"valueName\":\"search_term_string\"}}],\"inLanguage\":\"pl-PL\"},{\"@type\":\"Organization\",\"@id\":\"https:\\\/\\\/toidupakk.ee\\\/pl\\\/#organization\",\"name\":\"Tactical Foodpack matkaeined\",\"url\":\"https:\\\/\\\/toidupakk.ee\\\/pl\\\/\",\"logo\":{\"@type\":\"ImageObject\",\"inLanguage\":\"pl-PL\",\"@id\":\"https:\\\/\\\/toidupakk.ee\\\/pl\\\/#\\\/schema\\\/logo\\\/image\\\/\",\"url\":\"https:\\\/\\\/toidupakk.ee\\\/wp-content\\\/uploads\\\/2022\\\/01\\\/Toidupakk-matkapood-logo-transparent.png\",\"contentUrl\":\"https:\\\/\\\/toidupakk.ee\\\/wp-content\\\/uploads\\\/2022\\\/01\\\/Toidupakk-matkapood-logo-transparent.png\",\"width\":500,\"height\":500,\"caption\":\"Tactical Foodpack matkaeined\"},\"image\":{\"@id\":\"https:\\\/\\\/toidupakk.ee\\\/pl\\\/#\\\/schema\\\/logo\\\/image\\\/\"},\"sameAs\":[\"https:\\\/\\\/www.facebook.com\\\/Toidupakk\",\"https:\\\/\\\/www.instagram.com\\\/toidupakk\\\/\"]}]}<\/script>\n<!-- \/ Yoast SEO plugin. -->","yoast_head_json":{"title":"Wodoszczelna torba na sprz\u0119t 50 l","description":"Wodoszczelna torba na sprz\u0119t, kt\u00f3ra utrzyma Twoje rzeczy w sucho\u015bci. Pojemno\u015b\u0107 50 l, wytrzyma\u0142y materia\u0142 PVC 500D \u2013 idealna na w\u0119dr\u00f3wki, ryby i rejsy.","robots":{"index":"index","follow":"follow","max-snippet":"max-snippet:-1","max-image-preview":"max-image-preview:large","max-video-preview":"max-video-preview:-1"},"canonical":"https:\/\/toidupakk.ee\/pl\/toode\/wodoszczelna-torba-na-sprzet-50-l\/","og_locale":"pl_PL","og_type":"article","og_title":"Wodoszczelna torba na sprz\u0119t 50 l","og_description":"Wodoszczelna torba na sprz\u0119t, kt\u00f3ra utrzyma Twoje rzeczy w sucho\u015bci. Pojemno\u015b\u0107 50 l, wytrzyma\u0142y materia\u0142 PVC 500D \u2013 idealna na w\u0119dr\u00f3wki, ryby i rejsy.","og_url":"https:\/\/toidupakk.ee\/pl\/toode\/wodoszczelna-torba-na-sprzet-50-l\/","og_site_name":"Toidupakk.ee - Tactical Foodpack toidupakid","article_publisher":"https:\/\/www.facebook.com\/Toidupakk","article_modified_time":"2026-04-16T07:31:51+00:00","og_image":[{"width":800,"height":800,"url":"https:\/\/toidupakk.ee\/wp-content\/uploads\/2025\/04\/1-4.png","type":"image\/png"}],"twitter_card":"summary_large_image","twitter_misc":{"Szacowany czas czytania":"2 minuty"},"schema":{"@context":"https:\/\/schema.org","@graph":[{"@type":"WebPage","@id":"https:\/\/toidupakk.ee\/pl\/toode\/wodoszczelna-torba-na-sprzet-50-l\/","url":"https:\/\/toidupakk.ee\/pl\/toode\/wodoszczelna-torba-na-sprzet-50-l\/","name":"Wodoszczelna torba na sprz\u0119t 50 l","isPartOf":{"@id":"https:\/\/toidupakk.ee\/pl\/#website"},"primaryImageOfPage":{"@id":"https:\/\/toidupakk.ee\/pl\/toode\/wodoszczelna-torba-na-sprzet-50-l\/#primaryimage"},"image":{"@id":"https:\/\/toidupakk.ee\/pl\/toode\/wodoszczelna-torba-na-sprzet-50-l\/#primaryimage"},"thumbnailUrl":"https:\/\/toidupakk.ee\/wp-content\/uploads\/2025\/04\/1-4.png","datePublished":"2025-04-23T06:20:23+00:00","dateModified":"2026-04-16T07:31:51+00:00","description":"Wodoszczelna torba na sprz\u0119t, kt\u00f3ra utrzyma Twoje rzeczy w sucho\u015bci. Pojemno\u015b\u0107 50 l, wytrzyma\u0142y materia\u0142 PVC 500D \u2013 idealna na w\u0119dr\u00f3wki, ryby i rejsy.","breadcrumb":{"@id":"https:\/\/toidupakk.ee\/pl\/toode\/wodoszczelna-torba-na-sprzet-50-l\/#breadcrumb"},"inLanguage":"pl-PL","potentialAction":[{"@type":"ReadAction","target":["https:\/\/toidupakk.ee\/pl\/toode\/wodoszczelna-torba-na-sprzet-50-l\/"]}]},{"@type":"ImageObject","inLanguage":"pl-PL","@id":"https:\/\/toidupakk.ee\/pl\/toode\/wodoszczelna-torba-na-sprzet-50-l\/#primaryimage","url":"https:\/\/toidupakk.ee\/wp-content\/uploads\/2025\/04\/1-4.png","contentUrl":"https:\/\/toidupakk.ee\/wp-content\/uploads\/2025\/04\/1-4.png","width":800,"height":800},{"@type":"BreadcrumbList","@id":"https:\/\/toidupakk.ee\/pl\/toode\/wodoszczelna-torba-na-sprzet-50-l\/#breadcrumb","itemListElement":[{"@type":"ListItem","position":1,"name":"Avaleht","item":"https:\/\/toidupakk.ee\/pl\/"},{"@type":"ListItem","position":2,"name":"Sklep internetowy","item":"https:\/\/toidupakk.ee\/pl\/sklep-internetowy\/"},{"@type":"ListItem","position":3,"name":"Wodoszczelna torba na sprz\u0119t 50 l"}]},{"@type":"WebSite","@id":"https:\/\/toidupakk.ee\/pl\/#website","url":"https:\/\/toidupakk.ee\/pl\/","name":"Toidupakk.ee - Tactical Foodpack toidupakid","description":"Tactical Foodpack k\u00fclmkuivatatud toidupakid ja matkaeined","publisher":{"@id":"https:\/\/toidupakk.ee\/pl\/#organization"},"potentialAction":[{"@type":"SearchAction","target":{"@type":"EntryPoint","urlTemplate":"https:\/\/toidupakk.ee\/pl\/?s={search_term_string}"},"query-input":{"@type":"PropertyValueSpecification","valueRequired":true,"valueName":"search_term_string"}}],"inLanguage":"pl-PL"},{"@type":"Organization","@id":"https:\/\/toidupakk.ee\/pl\/#organization","name":"Tactical Foodpack matkaeined","url":"https:\/\/toidupakk.ee\/pl\/","logo":{"@type":"ImageObject","inLanguage":"pl-PL","@id":"https:\/\/toidupakk.ee\/pl\/#\/schema\/logo\/image\/","url":"https:\/\/toidupakk.ee\/wp-content\/uploads\/2022\/01\/Toidupakk-matkapood-logo-transparent.png","contentUrl":"https:\/\/toidupakk.ee\/wp-content\/uploads\/2022\/01\/Toidupakk-matkapood-logo-transparent.png","width":500,"height":500,"caption":"Tactical Foodpack matkaeined"},"image":{"@id":"https:\/\/toidupakk.ee\/pl\/#\/schema\/logo\/image\/"},"sameAs":["https:\/\/www.facebook.com\/Toidupakk","https:\/\/www.instagram.com\/toidupakk\/"]}]}},"jetpack_sharing_enabled":true,"_links":{"self":[{"href":"https:\/\/toidupakk.ee\/pl\/wp-json\/wp\/v2\/product\/50134","targetHints":{"allow":["GET"]}}],"collection":[{"href":"https:\/\/toidupakk.ee\/pl\/wp-json\/wp\/v2\/product"}],"about":[{"href":"https:\/\/toidupakk.ee\/pl\/wp-json\/wp\/v2\/types\/product"}],"replies":[{"embeddable":true,"href":"https:\/\/toidupakk.ee\/pl\/wp-json\/wp\/v2\/comments?post=50134"}],"wp:featuredmedia":[{"embeddable":true,"href":"https:\/\/toidupakk.ee\/pl\/wp-json\/wp\/v2\/media\/50135"}],"wp:attachment":[{"href":"https:\/\/toidupakk.ee\/pl\/wp-json\/wp\/v2\/media?parent=50134"}],"wp:term":[{"taxonomy":"product_brand","embeddable":true,"href":"https:\/\/toidupakk.ee\/pl\/wp-json\/wp\/v2\/product_brand?post=50134"},{"taxonomy":"product_cat","embeddable":true,"href":"https:\/\/toidupakk.ee\/pl\/wp-json\/wp\/v2\/product_cat?post=50134"},{"taxonomy":"product_tag","embeddable":true,"href":"https:\/\/toidupakk.ee\/pl\/wp-json\/wp\/v2\/product_tag?post=50134"}],"curies":[{"name":"wp","href":"https:\/\/api.w.org\/{rel}","templated":true}]}}