{"id":50120,"date":"2025-05-23T13:03:54","date_gmt":"2025-05-23T10:03:54","guid":{"rendered":"https:\/\/toidupakk.ee\/toode\/apteczka-pierwszej-pomocy-mil-tec-43-czesciowa-large\/"},"modified":"2026-04-15T19:30:56","modified_gmt":"2026-04-15T16:30:56","slug":"apteczka-pierwszej-pomocy-mil-tec-43-czesciowa-large","status":"publish","type":"product","link":"https:\/\/toidupakk.ee\/pl\/toode\/apteczka-pierwszej-pomocy-mil-tec-43-czesciowa-large\/","title":{"rendered":"Apteczka pierwszej pomocy MIL-TEC\u00ae 43-cz\u0119\u015bciowa LARGE"},"content":{"rendered":"<h3 class=\"\" data-start=\"84\" data-end=\"170\">Apteczka 43-cz\u0119\u015bciowa w zasobniku MOLLE \u2013 w pe\u0142ni wyposa\u017cona na ka\u017cd\u0105 sytuacj\u0119<\/h3>\n<p class=\"\" data-start=\"172\" data-end=\"582\">43-cz\u0119\u015bciowa apteczka w wytrzyma\u0142ym i odpornym na warunki atmosferyczne zasobniku MOLLE zosta\u0142a stworzona dla tych, kt\u00f3rzy chc\u0105 by\u0107 gotowi na niespodziewane sytuacje w terenie, w pracy i na co dzie\u0144. Ten kompaktowy, ale bogaty zestaw zawiera wszystkie niezb\u0119dne akcesoria do opatrywania mniejszych i powa\u017cniejszych uraz\u00f3w. <\/p>\n<p data-start=\"172\" data-end=\"582\"><img fetchpriority=\"high\" decoding=\"async\" class=\"alignnone wp-image-35435 size-thumbnail\" src=\"https:\/\/toidupakk.ee\/wp-content\/uploads\/2025\/05\/1-5-500x500.png\" alt=\"Apteczka 43-cz\u0119\u015bciowa z zasobnikiem MOLLE \u2013 zawiera r\u00f3\u017cne banda\u017ce, plastry, akcesoria medyczne i no\u017cyczki ratownicze.\" width=\"500\" height=\"500\" srcset=\"https:\/\/toidupakk.ee\/wp-content\/uploads\/2025\/05\/1-5-500x500.png 500w, https:\/\/toidupakk.ee\/wp-content\/uploads\/2025\/05\/1-5-300x300.png 300w, https:\/\/toidupakk.ee\/wp-content\/uploads\/2025\/05\/1-5-768x768.png 768w, https:\/\/toidupakk.ee\/wp-content\/uploads\/2025\/05\/1-5-400x400.png 400w, https:\/\/toidupakk.ee\/wp-content\/uploads\/2025\/05\/1-5-100x100.png 100w, https:\/\/toidupakk.ee\/wp-content\/uploads\/2025\/05\/1-5.png 800w\" sizes=\"(max-width: 500px) 100vw, 500px\" \/><\/p>\n<p class=\"\" data-start=\"584\" data-end=\"1040\">Zawarto\u015b\u0107 zestawu jest u\u0142o\u017cona logicznie i uporz\u0105dkowana, aby wszystko by\u0142o pod r\u0119k\u0105, gdy liczy si\u0119 ka\u017cda sekunda. Dzi\u0119ki temu apteczka jest wyj\u0105tkowo praktyczna na wyprawach, w aucie, na budowie, kempingu czy w domu. System MOLLE pozwala na pewne zamocowanie zasobnika do plecaka, pasa taktycznego lub kamizelki \u2013 co czyni go idealnym wyborem dla \u017co\u0142nierzy, mi\u0142o\u015bnik\u00f3w survivalu czy pracownik\u00f3w ochrony.  <\/p>\n<h3 class=\"\" data-start=\"185\" data-end=\"203\">Zawarto\u015b\u0107:<\/h3>\n<p class=\"\" data-start=\"205\" data-end=\"322\"><strong data-start=\"207\" data-end=\"243\">Sterylne opatrunki uciskowe:<\/strong><br data-start=\"243\" data-end=\"246\">\u2022 1\u00d7 ma\u0142y (6 \u00d7 8 cm)<br data-start=\"267\" data-end=\"270\">\u2022 2\u00d7 \u015bredni (8 \u00d7 10 cm)<br data-start=\"295\" data-end=\"298\">\u2022 1\u00d7 du\u017cy (10 \u00d7 12 cm)<\/p>\n<p class=\"\" data-start=\"324\" data-end=\"395\"><strong data-start=\"326\" data-end=\"353\">Sterylne chusty opatrunkowe:<\/strong><br data-start=\"353\" data-end=\"356\">\u2022 1\u00d7 (40 \u00d7 60 cm)<br data-start=\"373\" data-end=\"376\">\u2022 1\u00d7 (60 \u00d7 80 cm)<\/p>\n<p class=\"\" data-start=\"397\" data-end=\"451\"><strong data-start=\"399\" data-end=\"424\">Gaza medyczna:<\/strong><br data-start=\"424\" data-end=\"427\">\u2022 6\u00d7 sztuk (10 \u00d7 10 cm)<\/p>\n<p class=\"\" data-start=\"453\" data-end=\"503\"><strong data-start=\"455\" data-end=\"479\">Chusteczki do oczyszczania sk\u00f3ry:<\/strong><br data-start=\"479\" data-end=\"482\">\u2022 2\u00d7 (rozmiar standardowy)<\/p>\n<p class=\"\" data-start=\"505\" data-end=\"716\"><strong data-start=\"507\" data-end=\"521\">Plastry:<\/strong><br data-start=\"521\" data-end=\"524\">\u2022 1\u00d7 plaster w rolce (5 m \u00d7 2,5 cm)<br data-start=\"556\" data-end=\"559\">\u2022 4\u00d7 plaster opatrunkowy (10 \u00d7 6 cm)<br data-start=\"589\" data-end=\"592\">\u2022 2\u00d7 plaster na opuszki palc\u00f3w<br data-start=\"610\" data-end=\"613\">\u2022 2\u00d7 plaster na palec (12 \u00d7 2 cm)<br data-start=\"644\" data-end=\"647\">\u2022 2\u00d7 pasek plastra (1,9 \u00d7 7,2 cm)<br data-start=\"679\" data-end=\"682\">\u2022 4\u00d7 pasek plastra (2,5 \u00d7 7,2 cm)<\/p>\n<p class=\"\" data-start=\"718\" data-end=\"773\"><strong data-start=\"720\" data-end=\"743\">Opaski podtrzymuj\u0105ce:<\/strong><br data-start=\"743\" data-end=\"746\">\u2022 2\u00d7 (6 cm)<br data-start=\"757\" data-end=\"760\">\u2022 2\u00d7 (8 cm)<\/p>\n<p class=\"\" data-start=\"775\" data-end=\"952\"><strong data-start=\"777\" data-end=\"794\">Pozosta\u0142e wyposa\u017cenie:<\/strong><br data-start=\"794\" data-end=\"797\">\u2022 1\u00d7 koc termiczny (160 \u00d7 210 cm, srebrno-z\u0142oty)<br data-start=\"837\" data-end=\"840\">\u2022 2\u00d7 chusta tr\u00f3jk\u0105tna (136 \u00d7 96 \u00d7 96 cm)<br data-start=\"879\" data-end=\"882\">\u2022 1\u00d7 no\u017cyczki ratownicze<br data-start=\"900\" data-end=\"903\">\u2022 2\u00d7 pary r\u0119kawiczek jednorazowych<br data-start=\"928\" data-end=\"931\">\u2022 1\u00d7 instrukcja pierwszej pomocy<\/p>\n<h3 class=\"\" data-start=\"180\" data-end=\"247\">Stworzona dla tych, kt\u00f3rzy ceni\u0105 gotowo\u015b\u0107, profilaktyk\u0119 i odpowiedzialno\u015b\u0107<\/h3>\n<p class=\"\" data-start=\"249\" data-end=\"634\">Dzisiejszy szybki i nieprzewidywalny \u015bwiat wymaga czego\u015b wi\u0119cej ni\u017c tylko wygody \u2013 wymaga gotowo\u015bci. <strong data-start=\"351\" data-end=\"381\">43-cz\u0119\u015bciowa apteczka<\/strong> to nie tylko zestaw akcesori\u00f3w, ale kluczowy element \u015bwiadomego i odpowiedzialnego ekwipunku. Idealnie nadaje si\u0119 na wyprawy, do pojazdu, miejsca pracy czy do cel\u00f3w taktycznych \u2013 wsz\u0119dzie tam, gdzie nag\u0142e sytuacje mog\u0105 wymaga\u0107 szybkiego dzia\u0142ania. <\/p>\n<p class=\"\" data-start=\"636\" data-end=\"970\">Gdy dojdzie do urazu, nie ma czasu na szukanie banda\u017ca czy no\u017cyczek na dnie plecaka. Dlatego wa\u017cne jest, aby niezb\u0119dne \u015brodki pierwszej pomocy by\u0142y pod r\u0119k\u0105, w sta\u0142ym miejscu, \u0142atwe do znalezienia i gotowe do u\u017cycia. Ten zestaw zapewnia nie tylko wyposa\u017cenie, ale i spok\u00f3j ducha \u2013 \u015bwiadomo\u015b\u0107, \u017ce zrobi\u0142e\u015b wszystko, co w Twojej mocy, by chroni\u0107 siebie i innych.  <\/p>\n<p data-start=\"636\" data-end=\"970\">Kompaktowy i wytrzyma\u0142y zasobnik MOLLE umo\u017cliwia wygodne mocowanie i \u0142atwe przenoszenie, dzi\u0119ki czemu apteczka mo\u017ce sta\u0107 si\u0119 cz\u0119\u015bci\u0105 Twojej codziennej gotowo\u015bci, a nie tylko sprz\u0119tem branym \u201ena wszelki wypadek\u201d.<\/p>\n<p>Znajd\u017a inspiracj\u0119 na kolejne przygody na profilu Toidupakk na  <a href=\"https:\/\/www.instagram.com\/toidupakk\/\">Z Instagrama<\/a>  i  <a href=\"https:\/\/www.facebook.com\/Toidupakk\/\">Z Facebooka<\/a>.<\/p>\n<p>Zobacz sprz\u0119t turystyczny <a href=\"https:\/\/toidupakk.ee\/pl\/tootekategooria\/sprzet-turystyczny\/#section-3-79\">TUTAJ<\/a>.<\/p>\n","protected":false},"excerpt":{"rendered":"<p class=\"\" data-start=\"112\" data-end=\"204\"><strong data-start=\"112\" data-end=\"202\">Apteczka 43-cz\u0119\u015bciowa w zasobniku MOLLE \u2013 kompleksowe wsparcie w nag\u0142ych sytuacjach<\/strong><\/p>\n<ul>\n<li data-start=\"206\" data-end=\"767\">Praktyczna i dobrze wyposa\u017cona apteczka, idealna na wyprawy, do auta, pracy lub do u\u017cytku codziennego<\/li>\n<li data-start=\"206\" data-end=\"767\">Zawiera 43 starannie dobrane akcesoria: banda\u017ce, plastry, gaz\u0119, r\u0119kawiczki, no\u017cyczki, foli\u0119 termiczn\u0105 i wiele innych<\/li>\n<li data-start=\"206\" data-end=\"767\">Wytrzyma\u0142a i odporna na warunki pogodowe torba, kt\u00f3r\u0105 wygodnie przypniesz do pasa lub oporz\u0105dzenia dzi\u0119ki systemowi MOLLE<\/li>\n<li data-start=\"206\" data-end=\"767\">Zestaw wyprodukowany w Niemczech \u2013 gwarancja wysokiej jako\u015bci i niezawodno\u015bci<\/li>\n<\/ul>\n<p class=\"\" data-start=\"769\" data-end=\"853\">\u2705 Dost\u0119pne w magazynie, szybka dostawa w 1-3 dni robocze<br data-start=\"810\" data-end=\"813\">\u2705 Kup teraz, zap\u0142a\u0107 p\u00f3\u017aniej (RRSO 0%)<\/p>\n","protected":false},"featured_media":50123,"comment_status":"open","ping_status":"closed","template":"","meta":{"_acf_changed":false},"product_brand":[],"product_cat":[303,366,302,317,301,304],"product_tag":[],"class_list":{"0":"post-50120","1":"product","2":"type-product","3":"status-publish","4":"has-post-thumbnail","6":"product_cat-akcesoria-turystyczne","7":"product_cat-apteczki","8":"product_cat-kieszenie-i-akcesoria-molle","9":"product_cat-mil-tec","10":"product_cat-sprzet-turystyczny","11":"product_cat-wyposazenie-militarne","13":"first","14":"instock","15":"taxable","16":"shipping-taxable","17":"purchasable","18":"product-type-simple"},"bundled_by":[],"bundle_stock_status":"instock","bundle_stock_quantity":3,"bundle_virtual":false,"bundle_layout":"","bundle_add_to_cart_form_location":"","bundle_editable_in_cart":false,"bundle_sold_individually_context":"","bundle_item_grouping":"","bundle_min_size":"","bundle_max_size":"","bundle_price":[],"bundled_items":[],"bundle_sell_ids":[],"acf":[],"yoast_head":"<!-- This site is optimized with the Yoast SEO plugin v27.3 - https:\/\/yoast.com\/product\/yoast-seo-wordpress\/ -->\n<title>Apteczka pierwszej pomocy MIL-TEC\u00ae 43-cz\u0119\u015bciowa LARGE<\/title>\n<meta name=\"description\" content=\"Kompaktowa i pojemna apteczka 43-cz\u0119\u015bciowa \u2013 zawiera wszystko, co niezb\u0119dne do udzielenia pierwszej pomocy. Wytrzyma\u0142y zasobnik, mocowanie MOLLE.\" \/>\n<meta name=\"robots\" content=\"index, follow, max-snippet:-1, max-image-preview:large, max-video-preview:-1\" \/>\n<link rel=\"canonical\" href=\"https:\/\/toidupakk.ee\/pl\/toode\/apteczka-pierwszej-pomocy-mil-tec-43-czesciowa-large\/\" \/>\n<meta property=\"og:locale\" content=\"pl_PL\" \/>\n<meta property=\"og:type\" content=\"article\" \/>\n<meta property=\"og:title\" content=\"Apteczka pierwszej pomocy MIL-TEC\u00ae 43-cz\u0119\u015bciowa LARGE\" \/>\n<meta property=\"og:description\" content=\"Kompaktowa i pojemna apteczka 43-cz\u0119\u015bciowa \u2013 zawiera wszystko, co niezb\u0119dne do udzielenia pierwszej pomocy. Wytrzyma\u0142y zasobnik, mocowanie MOLLE.\" \/>\n<meta property=\"og:url\" content=\"https:\/\/toidupakk.ee\/pl\/toode\/apteczka-pierwszej-pomocy-mil-tec-43-czesciowa-large\/\" \/>\n<meta property=\"og:site_name\" content=\"Toidupakk.ee - Tactical Foodpack toidupakid\" \/>\n<meta property=\"article:publisher\" content=\"https:\/\/www.facebook.com\/Toidupakk\" \/>\n<meta property=\"article:modified_time\" content=\"2026-04-15T16:30:56+00:00\" \/>\n<meta property=\"og:image\" content=\"https:\/\/toidupakk.ee\/wp-content\/uploads\/2025\/05\/Nimetu-kujundus-13.png\" \/>\n\t<meta property=\"og:image:width\" content=\"800\" \/>\n\t<meta property=\"og:image:height\" content=\"800\" \/>\n\t<meta property=\"og:image:type\" content=\"image\/png\" \/>\n<meta name=\"twitter:card\" content=\"summary_large_image\" \/>\n<meta name=\"twitter:label1\" content=\"Szacowany czas czytania\" \/>\n\t<meta name=\"twitter:data1\" content=\"2 minuty\" \/>\n<script type=\"application\/ld+json\" class=\"yoast-schema-graph\">{\"@context\":\"https:\\\/\\\/schema.org\",\"@graph\":[{\"@type\":\"WebPage\",\"@id\":\"https:\\\/\\\/toidupakk.ee\\\/pl\\\/toode\\\/apteczka-pierwszej-pomocy-mil-tec-43-czesciowa-large\\\/\",\"url\":\"https:\\\/\\\/toidupakk.ee\\\/pl\\\/toode\\\/apteczka-pierwszej-pomocy-mil-tec-43-czesciowa-large\\\/\",\"name\":\"Apteczka pierwszej pomocy MIL-TEC\u00ae 43-cz\u0119\u015bciowa LARGE\",\"isPartOf\":{\"@id\":\"https:\\\/\\\/toidupakk.ee\\\/pl\\\/#website\"},\"primaryImageOfPage\":{\"@id\":\"https:\\\/\\\/toidupakk.ee\\\/pl\\\/toode\\\/apteczka-pierwszej-pomocy-mil-tec-43-czesciowa-large\\\/#primaryimage\"},\"image\":{\"@id\":\"https:\\\/\\\/toidupakk.ee\\\/pl\\\/toode\\\/apteczka-pierwszej-pomocy-mil-tec-43-czesciowa-large\\\/#primaryimage\"},\"thumbnailUrl\":\"https:\\\/\\\/toidupakk.ee\\\/wp-content\\\/uploads\\\/2025\\\/05\\\/Nimetu-kujundus-13.png\",\"datePublished\":\"2025-05-23T10:03:54+00:00\",\"dateModified\":\"2026-04-15T16:30:56+00:00\",\"description\":\"Kompaktowa i pojemna apteczka 43-cz\u0119\u015bciowa \u2013 zawiera wszystko, co niezb\u0119dne do udzielenia pierwszej pomocy. Wytrzyma\u0142y zasobnik, mocowanie MOLLE.\",\"breadcrumb\":{\"@id\":\"https:\\\/\\\/toidupakk.ee\\\/pl\\\/toode\\\/apteczka-pierwszej-pomocy-mil-tec-43-czesciowa-large\\\/#breadcrumb\"},\"inLanguage\":\"pl-PL\",\"potentialAction\":[{\"@type\":\"ReadAction\",\"target\":[\"https:\\\/\\\/toidupakk.ee\\\/pl\\\/toode\\\/apteczka-pierwszej-pomocy-mil-tec-43-czesciowa-large\\\/\"]}]},{\"@type\":\"ImageObject\",\"inLanguage\":\"pl-PL\",\"@id\":\"https:\\\/\\\/toidupakk.ee\\\/pl\\\/toode\\\/apteczka-pierwszej-pomocy-mil-tec-43-czesciowa-large\\\/#primaryimage\",\"url\":\"https:\\\/\\\/toidupakk.ee\\\/wp-content\\\/uploads\\\/2025\\\/05\\\/Nimetu-kujundus-13.png\",\"contentUrl\":\"https:\\\/\\\/toidupakk.ee\\\/wp-content\\\/uploads\\\/2025\\\/05\\\/Nimetu-kujundus-13.png\",\"width\":800,\"height\":800},{\"@type\":\"BreadcrumbList\",\"@id\":\"https:\\\/\\\/toidupakk.ee\\\/pl\\\/toode\\\/apteczka-pierwszej-pomocy-mil-tec-43-czesciowa-large\\\/#breadcrumb\",\"itemListElement\":[{\"@type\":\"ListItem\",\"position\":1,\"name\":\"Avaleht\",\"item\":\"https:\\\/\\\/toidupakk.ee\\\/pl\\\/\"},{\"@type\":\"ListItem\",\"position\":2,\"name\":\"Sklep internetowy\",\"item\":\"https:\\\/\\\/toidupakk.ee\\\/pl\\\/sklep-internetowy\\\/\"},{\"@type\":\"ListItem\",\"position\":3,\"name\":\"Apteczka pierwszej pomocy MIL-TEC\u00ae 43-cz\u0119\u015bciowa LARGE\"}]},{\"@type\":\"WebSite\",\"@id\":\"https:\\\/\\\/toidupakk.ee\\\/pl\\\/#website\",\"url\":\"https:\\\/\\\/toidupakk.ee\\\/pl\\\/\",\"name\":\"Toidupakk.ee - Tactical Foodpack toidupakid\",\"description\":\"Tactical Foodpack k\u00fclmkuivatatud toidupakid ja matkaeined\",\"publisher\":{\"@id\":\"https:\\\/\\\/toidupakk.ee\\\/pl\\\/#organization\"},\"potentialAction\":[{\"@type\":\"SearchAction\",\"target\":{\"@type\":\"EntryPoint\",\"urlTemplate\":\"https:\\\/\\\/toidupakk.ee\\\/pl\\\/?s={search_term_string}\"},\"query-input\":{\"@type\":\"PropertyValueSpecification\",\"valueRequired\":true,\"valueName\":\"search_term_string\"}}],\"inLanguage\":\"pl-PL\"},{\"@type\":\"Organization\",\"@id\":\"https:\\\/\\\/toidupakk.ee\\\/pl\\\/#organization\",\"name\":\"Tactical Foodpack matkaeined\",\"url\":\"https:\\\/\\\/toidupakk.ee\\\/pl\\\/\",\"logo\":{\"@type\":\"ImageObject\",\"inLanguage\":\"pl-PL\",\"@id\":\"https:\\\/\\\/toidupakk.ee\\\/pl\\\/#\\\/schema\\\/logo\\\/image\\\/\",\"url\":\"https:\\\/\\\/toidupakk.ee\\\/wp-content\\\/uploads\\\/2022\\\/01\\\/Toidupakk-matkapood-logo-transparent.png\",\"contentUrl\":\"https:\\\/\\\/toidupakk.ee\\\/wp-content\\\/uploads\\\/2022\\\/01\\\/Toidupakk-matkapood-logo-transparent.png\",\"width\":500,\"height\":500,\"caption\":\"Tactical Foodpack matkaeined\"},\"image\":{\"@id\":\"https:\\\/\\\/toidupakk.ee\\\/pl\\\/#\\\/schema\\\/logo\\\/image\\\/\"},\"sameAs\":[\"https:\\\/\\\/www.facebook.com\\\/Toidupakk\",\"https:\\\/\\\/www.instagram.com\\\/toidupakk\\\/\"]}]}<\/script>\n<!-- \/ Yoast SEO plugin. -->","yoast_head_json":{"title":"Apteczka pierwszej pomocy MIL-TEC\u00ae 43-cz\u0119\u015bciowa LARGE","description":"Kompaktowa i pojemna apteczka 43-cz\u0119\u015bciowa \u2013 zawiera wszystko, co niezb\u0119dne do udzielenia pierwszej pomocy. Wytrzyma\u0142y zasobnik, mocowanie MOLLE.","robots":{"index":"index","follow":"follow","max-snippet":"max-snippet:-1","max-image-preview":"max-image-preview:large","max-video-preview":"max-video-preview:-1"},"canonical":"https:\/\/toidupakk.ee\/pl\/toode\/apteczka-pierwszej-pomocy-mil-tec-43-czesciowa-large\/","og_locale":"pl_PL","og_type":"article","og_title":"Apteczka pierwszej pomocy MIL-TEC\u00ae 43-cz\u0119\u015bciowa LARGE","og_description":"Kompaktowa i pojemna apteczka 43-cz\u0119\u015bciowa \u2013 zawiera wszystko, co niezb\u0119dne do udzielenia pierwszej pomocy. Wytrzyma\u0142y zasobnik, mocowanie MOLLE.","og_url":"https:\/\/toidupakk.ee\/pl\/toode\/apteczka-pierwszej-pomocy-mil-tec-43-czesciowa-large\/","og_site_name":"Toidupakk.ee - Tactical Foodpack toidupakid","article_publisher":"https:\/\/www.facebook.com\/Toidupakk","article_modified_time":"2026-04-15T16:30:56+00:00","og_image":[{"width":800,"height":800,"url":"https:\/\/toidupakk.ee\/wp-content\/uploads\/2025\/05\/Nimetu-kujundus-13.png","type":"image\/png"}],"twitter_card":"summary_large_image","twitter_misc":{"Szacowany czas czytania":"2 minuty"},"schema":{"@context":"https:\/\/schema.org","@graph":[{"@type":"WebPage","@id":"https:\/\/toidupakk.ee\/pl\/toode\/apteczka-pierwszej-pomocy-mil-tec-43-czesciowa-large\/","url":"https:\/\/toidupakk.ee\/pl\/toode\/apteczka-pierwszej-pomocy-mil-tec-43-czesciowa-large\/","name":"Apteczka pierwszej pomocy MIL-TEC\u00ae 43-cz\u0119\u015bciowa LARGE","isPartOf":{"@id":"https:\/\/toidupakk.ee\/pl\/#website"},"primaryImageOfPage":{"@id":"https:\/\/toidupakk.ee\/pl\/toode\/apteczka-pierwszej-pomocy-mil-tec-43-czesciowa-large\/#primaryimage"},"image":{"@id":"https:\/\/toidupakk.ee\/pl\/toode\/apteczka-pierwszej-pomocy-mil-tec-43-czesciowa-large\/#primaryimage"},"thumbnailUrl":"https:\/\/toidupakk.ee\/wp-content\/uploads\/2025\/05\/Nimetu-kujundus-13.png","datePublished":"2025-05-23T10:03:54+00:00","dateModified":"2026-04-15T16:30:56+00:00","description":"Kompaktowa i pojemna apteczka 43-cz\u0119\u015bciowa \u2013 zawiera wszystko, co niezb\u0119dne do udzielenia pierwszej pomocy. Wytrzyma\u0142y zasobnik, mocowanie MOLLE.","breadcrumb":{"@id":"https:\/\/toidupakk.ee\/pl\/toode\/apteczka-pierwszej-pomocy-mil-tec-43-czesciowa-large\/#breadcrumb"},"inLanguage":"pl-PL","potentialAction":[{"@type":"ReadAction","target":["https:\/\/toidupakk.ee\/pl\/toode\/apteczka-pierwszej-pomocy-mil-tec-43-czesciowa-large\/"]}]},{"@type":"ImageObject","inLanguage":"pl-PL","@id":"https:\/\/toidupakk.ee\/pl\/toode\/apteczka-pierwszej-pomocy-mil-tec-43-czesciowa-large\/#primaryimage","url":"https:\/\/toidupakk.ee\/wp-content\/uploads\/2025\/05\/Nimetu-kujundus-13.png","contentUrl":"https:\/\/toidupakk.ee\/wp-content\/uploads\/2025\/05\/Nimetu-kujundus-13.png","width":800,"height":800},{"@type":"BreadcrumbList","@id":"https:\/\/toidupakk.ee\/pl\/toode\/apteczka-pierwszej-pomocy-mil-tec-43-czesciowa-large\/#breadcrumb","itemListElement":[{"@type":"ListItem","position":1,"name":"Avaleht","item":"https:\/\/toidupakk.ee\/pl\/"},{"@type":"ListItem","position":2,"name":"Sklep internetowy","item":"https:\/\/toidupakk.ee\/pl\/sklep-internetowy\/"},{"@type":"ListItem","position":3,"name":"Apteczka pierwszej pomocy MIL-TEC\u00ae 43-cz\u0119\u015bciowa LARGE"}]},{"@type":"WebSite","@id":"https:\/\/toidupakk.ee\/pl\/#website","url":"https:\/\/toidupakk.ee\/pl\/","name":"Toidupakk.ee - Tactical Foodpack toidupakid","description":"Tactical Foodpack k\u00fclmkuivatatud toidupakid ja matkaeined","publisher":{"@id":"https:\/\/toidupakk.ee\/pl\/#organization"},"potentialAction":[{"@type":"SearchAction","target":{"@type":"EntryPoint","urlTemplate":"https:\/\/toidupakk.ee\/pl\/?s={search_term_string}"},"query-input":{"@type":"PropertyValueSpecification","valueRequired":true,"valueName":"search_term_string"}}],"inLanguage":"pl-PL"},{"@type":"Organization","@id":"https:\/\/toidupakk.ee\/pl\/#organization","name":"Tactical Foodpack matkaeined","url":"https:\/\/toidupakk.ee\/pl\/","logo":{"@type":"ImageObject","inLanguage":"pl-PL","@id":"https:\/\/toidupakk.ee\/pl\/#\/schema\/logo\/image\/","url":"https:\/\/toidupakk.ee\/wp-content\/uploads\/2022\/01\/Toidupakk-matkapood-logo-transparent.png","contentUrl":"https:\/\/toidupakk.ee\/wp-content\/uploads\/2022\/01\/Toidupakk-matkapood-logo-transparent.png","width":500,"height":500,"caption":"Tactical Foodpack matkaeined"},"image":{"@id":"https:\/\/toidupakk.ee\/pl\/#\/schema\/logo\/image\/"},"sameAs":["https:\/\/www.facebook.com\/Toidupakk","https:\/\/www.instagram.com\/toidupakk\/"]}]}},"jetpack_sharing_enabled":true,"_links":{"self":[{"href":"https:\/\/toidupakk.ee\/pl\/wp-json\/wp\/v2\/product\/50120","targetHints":{"allow":["GET"]}}],"collection":[{"href":"https:\/\/toidupakk.ee\/pl\/wp-json\/wp\/v2\/product"}],"about":[{"href":"https:\/\/toidupakk.ee\/pl\/wp-json\/wp\/v2\/types\/product"}],"replies":[{"embeddable":true,"href":"https:\/\/toidupakk.ee\/pl\/wp-json\/wp\/v2\/comments?post=50120"}],"wp:featuredmedia":[{"embeddable":true,"href":"https:\/\/toidupakk.ee\/pl\/wp-json\/wp\/v2\/media\/50123"}],"wp:attachment":[{"href":"https:\/\/toidupakk.ee\/pl\/wp-json\/wp\/v2\/media?parent=50120"}],"wp:term":[{"taxonomy":"product_brand","embeddable":true,"href":"https:\/\/toidupakk.ee\/pl\/wp-json\/wp\/v2\/product_brand?post=50120"},{"taxonomy":"product_cat","embeddable":true,"href":"https:\/\/toidupakk.ee\/pl\/wp-json\/wp\/v2\/product_cat?post=50120"},{"taxonomy":"product_tag","embeddable":true,"href":"https:\/\/toidupakk.ee\/pl\/wp-json\/wp\/v2\/product_tag?post=50120"}],"curies":[{"name":"wp","href":"https:\/\/api.w.org\/{rel}","templated":true}]}}