{"id":50115,"date":"2025-05-23T12:55:55","date_gmt":"2025-05-23T09:55:55","guid":{"rendered":"https:\/\/toidupakk.ee\/toode\/uniwersalny-zasobnik-molle-z-mocowaniem-mil-tec\/"},"modified":"2026-04-21T11:31:46","modified_gmt":"2026-04-21T08:31:46","slug":"uniwersalny-zasobnik-molle-z-mocowaniem-mil-tec","status":"publish","type":"product","link":"https:\/\/toidupakk.ee\/pl\/toode\/uniwersalny-zasobnik-molle-z-mocowaniem-mil-tec\/","title":{"rendered":"Uniwersalny zasobnik MOLLE z mocowaniem MIL-TEC\u00ae"},"content":{"rendered":"<h3 class=\"\" data-start=\"408\" data-end=\"494\">Uniwersalny zasobnik MOLLE \u2013 funkcjonalny i wytrzyma\u0142y towarzysz w teren<\/h3>\n<p class=\"\" data-start=\"496\" data-end=\"1048\"><strong data-start=\"496\" data-end=\"524\">Uniwersalny zasobnik MOLLE<\/strong> zosta\u0142 stworzony do aktywnego u\u017cytku podczas w\u0119dr\u00f3wek, prac w terenie, w oporz\u0105dzeniu wojskowym lub codziennym zestawie taktycznym. Dzi\u0119ki wszechstronnej konstrukcji i wytrzyma\u0142ym materia\u0142om idealnie nadaje si\u0119 do stworzenia dodatkowej przestrzeni, trzymaj\u0105c niezb\u0119dny sprz\u0119t zawsze pod r\u0119k\u0105. Zasobnik wykonano w 100% z poliestru Oxford powleczonego warstw\u0105 PVC, co zapewnia wysok\u0105 odporno\u015b\u0107 na \u015bcieranie i wilgo\u0107. Dodatkowo posiada otw\u00f3r drena\u017cowy, kt\u00f3ry odprowadza wod\u0119 i utrzymuje zawarto\u015b\u0107 such\u0105.   <\/p>\n<p class=\"\" data-start=\"1050\" data-end=\"1572\">Zasobnik posiada <strong data-start=\"1060\" data-end=\"1092\">pasy MOLLE z przodu i z ty\u0142u<\/strong>, co pozwala na wygodne mocowanie do innych element\u00f3w oporz\u0105dzenia. Dwukierunkowy zamek zapewnia \u0142atwy dost\u0119p do zawarto\u015bci z ka\u017cdej strony. Rzep na powierzchni pozwala na przyczepienie naszywek, emblemat\u00f3w lub innych identyfikator\u00f3w. Wewn\u0105trz znajduj\u0105 si\u0119 dodatkowe kieszenie i dwie szerokie elastyczne ta\u015bmy, kt\u00f3re stabilizuj\u0105 narz\u0119dzia, akcesoria lub \u015brodki pierwszej pomocy. Boczne p\u0119tle umo\u017cliwiaj\u0105 troczenie jeszcze wi\u0119kszej ilo\u015bci sprz\u0119tu w razie potrzeby.    <\/p>\n<p data-start=\"1050\" data-end=\"1572\"><img fetchpriority=\"high\" decoding=\"async\" class=\"alignnone wp-image-35418 size-thumbnail\" src=\"https:\/\/toidupakk.ee\/wp-content\/uploads\/2025\/05\/2-2-500x500.png\" alt=\"Ty\u0142 i sp\u00f3d uniwersalnego zasobnika MOLLE; widoczne pasy mocuj\u0105ce oraz otw\u00f3r drena\u017cowy do odprowadzania wilgoci i piasku.\" width=\"500\" height=\"500\" srcset=\"https:\/\/toidupakk.ee\/wp-content\/uploads\/2025\/05\/2-2-500x500.png 500w, https:\/\/toidupakk.ee\/wp-content\/uploads\/2025\/05\/2-2-300x300.png 300w, https:\/\/toidupakk.ee\/wp-content\/uploads\/2025\/05\/2-2-768x768.png 768w, https:\/\/toidupakk.ee\/wp-content\/uploads\/2025\/05\/2-2-400x400.png 400w, https:\/\/toidupakk.ee\/wp-content\/uploads\/2025\/05\/2-2-100x100.png 100w, https:\/\/toidupakk.ee\/wp-content\/uploads\/2025\/05\/2-2.png 800w\" sizes=\"(max-width: 500px) 100vw, 500px\" \/><\/p>\n<h3 data-start=\"1050\" data-end=\"1572\">Przemy\u015blane wn\u0119trze pozwala utrzyma\u0107 porz\u0105dek w sprz\u0119cie<\/h3>\n<p>Dodatkowym atutem jest <strong data-start=\"202\" data-end=\"227\">przemy\u015blana organizacja wn\u0119trza<\/strong>, kt\u00f3ra u\u0142atwia segregacj\u0119 mniejszych przedmiot\u00f3w. W g\u0142\u00f3wnej komorze znajduje si\u0119 dodatkowa kiesze\u0144 na rzep oraz dwie szerokie elastyczne ta\u015bmy, w kt\u00f3rych stabilnie umie\u015bcisz np. multitool, latark\u0119, kable, markery lub inne akcesoria. To sprawia, \u017ce zasobnik jest \u015bwietnym wyborem dla os\u00f3b ceni\u0105cych porz\u0105dek i chc\u0105cych unikn\u0105\u0107 przemieszczania si\u0119 drobiazg\u00f3w. Idealnie sprawdzi si\u0119 jako zestaw EDC lub apteczka.   <\/p>\n<h3 class=\"\" data-start=\"1574\" data-end=\"1634\">Idealnie pasuje do plecaka taktycznego MIL-TEC 36L \u2013 plecak znajdziesz <a href=\"https:\/\/toidupakk.ee\/toode\/taktikaline-militaar-seljakott-mil-tec-36l-roheline\/\">TUTAJ<\/a><\/h3>\n<p class=\"\" data-start=\"1636\" data-end=\"2223\">Dzi\u0119ki standardowemu systemowi mocowania MOLLE ten <strong data-start=\"1690\" data-end=\"1766\">uniwersalny zasobnik \u015bwietnie pasuje do <a href=\"https:\/\/toidupakk.ee\/toode\/taktikaline-militaar-seljakott-mil-tec-36l-roheline\/\">plecaka taktycznego MIL-TEC 36L<\/a><\/strong>. Pasy MOLLE na bokach i przednim panelu plecaka pozwalaj\u0105 na \u0142atwy i pewny monta\u017c, kt\u00f3ry nie kr\u0119puje ruch\u00f3w ani nie zaburza wywa\u017cenia. Pozwala to zyska\u0107 dodatkow\u0105 przestrze\u0144 na konkretny cel \u2013 np. apteczk\u0119, akcesoria do uzdatniania wody, narz\u0119dzia czy aparat \u2013 pozostawiaj\u0105c g\u0142\u00f3wn\u0105 komor\u0119 na wi\u0119ksze przedmioty. Dzi\u0119ki podobnej kolorystyce i materia\u0142owi zasobnik dobrze komponuje si\u0119 z wygl\u0105dem plecaka.   <\/p>\n<p class=\"\" data-start=\"1661\" data-end=\"1758\">Sprawd\u017a te\u017c inne <a href=\"https:\/\/toidupakk.ee\/pl\/tootekategooria\/mil-tec\/\">akcesoria MIL-TEC\u00ae<\/a> w naszej ofercie i uzupe\u0142nij sw\u00f3j ekwipunek o najlepsze rozwi\u0105zania.<\/p>\n<p data-start=\"1661\" data-end=\"1758\">Interesuj\u0105 Ci\u0119 posi\u0142ki turystyczne? Zobacz <a href=\"\/?product_cat=snakk#section-3-79\">TUTAJ<\/a><\/p>\n<p data-start=\"1661\" data-end=\"1758\">Znajd\u017a inspiracj\u0119 na kolejne przygody na <a href=\"https:\/\/www.instagram.com\/toidupakk\/\">Instagramie<\/a> i <a href=\"https:\/\/www.facebook.com\/Toidupakk\/\">Facebooku<\/a> Toidupakk.<\/p>\n","protected":false},"excerpt":{"rendered":"<p class=\"\" data-start=\"331\" data-end=\"605\"><strong>Uniwersalny zasobnik MOLLE MIL-TEC\u00ae nadaje si\u0119 do mocowania na plecaku lub pasie, oferuj\u0105c wiele mo\u017cliwo\u015bci rozmieszczenia sprz\u0119tu. Wykonany z mocnego poliestru, posiada pasy MOLLE z przodu i z ty\u0142u, kilka kieszeni wewn\u0119trznych oraz elastyczne ta\u015bmy do mocowania przedmiot\u00f3w. <\/strong><\/p>\n<ul>\n<li data-start=\"607\" data-end=\"1024\">System pas\u00f3w MOLLE z przodu i z ty\u0142u<\/li>\n<li data-start=\"607\" data-end=\"1024\">Dwukierunkowy zamek \u2013 wygodny dost\u0119p z obu stron<\/li>\n<li data-start=\"607\" data-end=\"1024\">Panel rzep na emblematy lub naszywki<\/li>\n<li data-start=\"607\" data-end=\"1024\">Boczne p\u0119tle do mocowania dodatkowego sprz\u0119tu<\/li>\n<li data-start=\"607\" data-end=\"1024\">Kieszenie wewn\u0119trzne i elastyczne ta\u015bmy do stabilizacji narz\u0119dzi lub akcesori\u00f3w<\/li>\n<li data-start=\"607\" data-end=\"1024\">Wytrzyma\u0142y materia\u0142: 100% poliester (Oxford), powlekany PVC<\/li>\n<li data-start=\"607\" data-end=\"1024\">Otw\u00f3r drena\u017cowy na wod\u0119\/piasek na spodzie<\/li>\n<li data-start=\"607\" data-end=\"1024\">Wymiary: 19 \u00d7 7 \u00d7 23 cm<\/li>\n<\/ul>\n<p>\u2705 Produkt dost\u0119pny w magazynie, szybka dostawa 1-3 dni robocze<\/p>\n","protected":false},"featured_media":35417,"comment_status":"open","ping_status":"closed","template":"","meta":{"_acf_changed":false},"product_brand":[],"product_cat":[303,302,317,309,301,304],"product_tag":[],"class_list":{"0":"post-50115","1":"product","2":"type-product","3":"status-publish","4":"has-post-thumbnail","6":"product_cat-akcesoria-turystyczne","7":"product_cat-kieszenie-i-akcesoria-molle","8":"product_cat-mil-tec","9":"product_cat-plecaki","10":"product_cat-sprzet-turystyczny","11":"product_cat-wyposazenie-militarne","13":"first","14":"instock","15":"taxable","16":"shipping-taxable","17":"purchasable","18":"product-type-simple"},"bundled_by":[],"bundle_stock_status":"instock","bundle_stock_quantity":1,"bundle_virtual":false,"bundle_layout":"","bundle_add_to_cart_form_location":"","bundle_editable_in_cart":false,"bundle_sold_individually_context":"","bundle_item_grouping":"","bundle_min_size":"","bundle_max_size":"","bundle_price":[],"bundled_items":[],"bundle_sell_ids":[],"acf":[],"yoast_head":"<!-- This site is optimized with the Yoast SEO plugin v27.3 - https:\/\/yoast.com\/product\/yoast-seo-wordpress\/ -->\n<title>Uniwersalny zasobnik MOLLE z mocowaniem MIL-TEC\u00ae<\/title>\n<meta name=\"description\" content=\"Uniwersalny zasobnik MOLLE pasuje do plecaka lub paska. Pojemne i wytrzyma\u0142e rozwi\u0105zanie do przenoszenia mniejszych akcesori\u00f3w.\" \/>\n<meta name=\"robots\" content=\"index, follow, max-snippet:-1, max-image-preview:large, max-video-preview:-1\" \/>\n<link rel=\"canonical\" href=\"https:\/\/toidupakk.ee\/pl\/toode\/uniwersalny-zasobnik-molle-z-mocowaniem-mil-tec\/\" \/>\n<meta property=\"og:locale\" content=\"pl_PL\" \/>\n<meta property=\"og:type\" content=\"article\" \/>\n<meta property=\"og:title\" content=\"Uniwersalny zasobnik MOLLE z mocowaniem MIL-TEC\u00ae\" \/>\n<meta property=\"og:description\" content=\"Uniwersalny zasobnik MOLLE pasuje do plecaka lub paska. Pojemne i wytrzyma\u0142e rozwi\u0105zanie do przenoszenia mniejszych akcesori\u00f3w.\" \/>\n<meta property=\"og:url\" content=\"https:\/\/toidupakk.ee\/pl\/toode\/uniwersalny-zasobnik-molle-z-mocowaniem-mil-tec\/\" \/>\n<meta property=\"og:site_name\" content=\"Toidupakk.ee - Tactical Foodpack toidupakid\" \/>\n<meta property=\"article:publisher\" content=\"https:\/\/www.facebook.com\/Toidupakk\" \/>\n<meta property=\"article:modified_time\" content=\"2026-04-21T08:31:46+00:00\" \/>\n<meta property=\"og:image\" content=\"https:\/\/toidupakk.ee\/wp-content\/uploads\/2025\/05\/1-2.png\" \/>\n\t<meta property=\"og:image:width\" content=\"800\" \/>\n\t<meta property=\"og:image:height\" content=\"800\" \/>\n\t<meta property=\"og:image:type\" content=\"image\/png\" \/>\n<meta name=\"twitter:card\" content=\"summary_large_image\" \/>\n<meta name=\"twitter:label1\" content=\"Szacowany czas czytania\" \/>\n\t<meta name=\"twitter:data1\" content=\"2 minuty\" \/>\n<script type=\"application\/ld+json\" class=\"yoast-schema-graph\">{\"@context\":\"https:\\\/\\\/schema.org\",\"@graph\":[{\"@type\":\"WebPage\",\"@id\":\"https:\\\/\\\/toidupakk.ee\\\/pl\\\/toode\\\/uniwersalny-zasobnik-molle-z-mocowaniem-mil-tec\\\/\",\"url\":\"https:\\\/\\\/toidupakk.ee\\\/pl\\\/toode\\\/uniwersalny-zasobnik-molle-z-mocowaniem-mil-tec\\\/\",\"name\":\"Uniwersalny zasobnik MOLLE z mocowaniem MIL-TEC\u00ae\",\"isPartOf\":{\"@id\":\"https:\\\/\\\/toidupakk.ee\\\/pl\\\/#website\"},\"primaryImageOfPage\":{\"@id\":\"https:\\\/\\\/toidupakk.ee\\\/pl\\\/toode\\\/uniwersalny-zasobnik-molle-z-mocowaniem-mil-tec\\\/#primaryimage\"},\"image\":{\"@id\":\"https:\\\/\\\/toidupakk.ee\\\/pl\\\/toode\\\/uniwersalny-zasobnik-molle-z-mocowaniem-mil-tec\\\/#primaryimage\"},\"thumbnailUrl\":\"https:\\\/\\\/toidupakk.ee\\\/wp-content\\\/uploads\\\/2025\\\/05\\\/1-2.png\",\"datePublished\":\"2025-05-23T09:55:55+00:00\",\"dateModified\":\"2026-04-21T08:31:46+00:00\",\"description\":\"Uniwersalny zasobnik MOLLE pasuje do plecaka lub paska. Pojemne i wytrzyma\u0142e rozwi\u0105zanie do przenoszenia mniejszych akcesori\u00f3w.\",\"breadcrumb\":{\"@id\":\"https:\\\/\\\/toidupakk.ee\\\/pl\\\/toode\\\/uniwersalny-zasobnik-molle-z-mocowaniem-mil-tec\\\/#breadcrumb\"},\"inLanguage\":\"pl-PL\",\"potentialAction\":[{\"@type\":\"ReadAction\",\"target\":[\"https:\\\/\\\/toidupakk.ee\\\/pl\\\/toode\\\/uniwersalny-zasobnik-molle-z-mocowaniem-mil-tec\\\/\"]}]},{\"@type\":\"ImageObject\",\"inLanguage\":\"pl-PL\",\"@id\":\"https:\\\/\\\/toidupakk.ee\\\/pl\\\/toode\\\/uniwersalny-zasobnik-molle-z-mocowaniem-mil-tec\\\/#primaryimage\",\"url\":\"https:\\\/\\\/toidupakk.ee\\\/wp-content\\\/uploads\\\/2025\\\/05\\\/1-2.png\",\"contentUrl\":\"https:\\\/\\\/toidupakk.ee\\\/wp-content\\\/uploads\\\/2025\\\/05\\\/1-2.png\",\"width\":800,\"height\":800},{\"@type\":\"BreadcrumbList\",\"@id\":\"https:\\\/\\\/toidupakk.ee\\\/pl\\\/toode\\\/uniwersalny-zasobnik-molle-z-mocowaniem-mil-tec\\\/#breadcrumb\",\"itemListElement\":[{\"@type\":\"ListItem\",\"position\":1,\"name\":\"Avaleht\",\"item\":\"https:\\\/\\\/toidupakk.ee\\\/pl\\\/\"},{\"@type\":\"ListItem\",\"position\":2,\"name\":\"Sklep internetowy\",\"item\":\"https:\\\/\\\/toidupakk.ee\\\/pl\\\/sklep-internetowy\\\/\"},{\"@type\":\"ListItem\",\"position\":3,\"name\":\"Uniwersalny zasobnik MOLLE z mocowaniem MIL-TEC\u00ae\"}]},{\"@type\":\"WebSite\",\"@id\":\"https:\\\/\\\/toidupakk.ee\\\/pl\\\/#website\",\"url\":\"https:\\\/\\\/toidupakk.ee\\\/pl\\\/\",\"name\":\"Toidupakk.ee - Tactical Foodpack toidupakid\",\"description\":\"Tactical Foodpack k\u00fclmkuivatatud toidupakid ja matkaeined\",\"publisher\":{\"@id\":\"https:\\\/\\\/toidupakk.ee\\\/pl\\\/#organization\"},\"potentialAction\":[{\"@type\":\"SearchAction\",\"target\":{\"@type\":\"EntryPoint\",\"urlTemplate\":\"https:\\\/\\\/toidupakk.ee\\\/pl\\\/?s={search_term_string}\"},\"query-input\":{\"@type\":\"PropertyValueSpecification\",\"valueRequired\":true,\"valueName\":\"search_term_string\"}}],\"inLanguage\":\"pl-PL\"},{\"@type\":\"Organization\",\"@id\":\"https:\\\/\\\/toidupakk.ee\\\/pl\\\/#organization\",\"name\":\"Tactical Foodpack matkaeined\",\"url\":\"https:\\\/\\\/toidupakk.ee\\\/pl\\\/\",\"logo\":{\"@type\":\"ImageObject\",\"inLanguage\":\"pl-PL\",\"@id\":\"https:\\\/\\\/toidupakk.ee\\\/pl\\\/#\\\/schema\\\/logo\\\/image\\\/\",\"url\":\"https:\\\/\\\/toidupakk.ee\\\/wp-content\\\/uploads\\\/2022\\\/01\\\/Toidupakk-matkapood-logo-transparent.png\",\"contentUrl\":\"https:\\\/\\\/toidupakk.ee\\\/wp-content\\\/uploads\\\/2022\\\/01\\\/Toidupakk-matkapood-logo-transparent.png\",\"width\":500,\"height\":500,\"caption\":\"Tactical Foodpack matkaeined\"},\"image\":{\"@id\":\"https:\\\/\\\/toidupakk.ee\\\/pl\\\/#\\\/schema\\\/logo\\\/image\\\/\"},\"sameAs\":[\"https:\\\/\\\/www.facebook.com\\\/Toidupakk\",\"https:\\\/\\\/www.instagram.com\\\/toidupakk\\\/\"]}]}<\/script>\n<!-- \/ Yoast SEO plugin. -->","yoast_head_json":{"title":"Uniwersalny zasobnik MOLLE z mocowaniem MIL-TEC\u00ae","description":"Uniwersalny zasobnik MOLLE pasuje do plecaka lub paska. Pojemne i wytrzyma\u0142e rozwi\u0105zanie do przenoszenia mniejszych akcesori\u00f3w.","robots":{"index":"index","follow":"follow","max-snippet":"max-snippet:-1","max-image-preview":"max-image-preview:large","max-video-preview":"max-video-preview:-1"},"canonical":"https:\/\/toidupakk.ee\/pl\/toode\/uniwersalny-zasobnik-molle-z-mocowaniem-mil-tec\/","og_locale":"pl_PL","og_type":"article","og_title":"Uniwersalny zasobnik MOLLE z mocowaniem MIL-TEC\u00ae","og_description":"Uniwersalny zasobnik MOLLE pasuje do plecaka lub paska. Pojemne i wytrzyma\u0142e rozwi\u0105zanie do przenoszenia mniejszych akcesori\u00f3w.","og_url":"https:\/\/toidupakk.ee\/pl\/toode\/uniwersalny-zasobnik-molle-z-mocowaniem-mil-tec\/","og_site_name":"Toidupakk.ee - Tactical Foodpack toidupakid","article_publisher":"https:\/\/www.facebook.com\/Toidupakk","article_modified_time":"2026-04-21T08:31:46+00:00","og_image":[{"width":800,"height":800,"url":"https:\/\/toidupakk.ee\/wp-content\/uploads\/2025\/05\/1-2.png","type":"image\/png"}],"twitter_card":"summary_large_image","twitter_misc":{"Szacowany czas czytania":"2 minuty"},"schema":{"@context":"https:\/\/schema.org","@graph":[{"@type":"WebPage","@id":"https:\/\/toidupakk.ee\/pl\/toode\/uniwersalny-zasobnik-molle-z-mocowaniem-mil-tec\/","url":"https:\/\/toidupakk.ee\/pl\/toode\/uniwersalny-zasobnik-molle-z-mocowaniem-mil-tec\/","name":"Uniwersalny zasobnik MOLLE z mocowaniem MIL-TEC\u00ae","isPartOf":{"@id":"https:\/\/toidupakk.ee\/pl\/#website"},"primaryImageOfPage":{"@id":"https:\/\/toidupakk.ee\/pl\/toode\/uniwersalny-zasobnik-molle-z-mocowaniem-mil-tec\/#primaryimage"},"image":{"@id":"https:\/\/toidupakk.ee\/pl\/toode\/uniwersalny-zasobnik-molle-z-mocowaniem-mil-tec\/#primaryimage"},"thumbnailUrl":"https:\/\/toidupakk.ee\/wp-content\/uploads\/2025\/05\/1-2.png","datePublished":"2025-05-23T09:55:55+00:00","dateModified":"2026-04-21T08:31:46+00:00","description":"Uniwersalny zasobnik MOLLE pasuje do plecaka lub paska. Pojemne i wytrzyma\u0142e rozwi\u0105zanie do przenoszenia mniejszych akcesori\u00f3w.","breadcrumb":{"@id":"https:\/\/toidupakk.ee\/pl\/toode\/uniwersalny-zasobnik-molle-z-mocowaniem-mil-tec\/#breadcrumb"},"inLanguage":"pl-PL","potentialAction":[{"@type":"ReadAction","target":["https:\/\/toidupakk.ee\/pl\/toode\/uniwersalny-zasobnik-molle-z-mocowaniem-mil-tec\/"]}]},{"@type":"ImageObject","inLanguage":"pl-PL","@id":"https:\/\/toidupakk.ee\/pl\/toode\/uniwersalny-zasobnik-molle-z-mocowaniem-mil-tec\/#primaryimage","url":"https:\/\/toidupakk.ee\/wp-content\/uploads\/2025\/05\/1-2.png","contentUrl":"https:\/\/toidupakk.ee\/wp-content\/uploads\/2025\/05\/1-2.png","width":800,"height":800},{"@type":"BreadcrumbList","@id":"https:\/\/toidupakk.ee\/pl\/toode\/uniwersalny-zasobnik-molle-z-mocowaniem-mil-tec\/#breadcrumb","itemListElement":[{"@type":"ListItem","position":1,"name":"Avaleht","item":"https:\/\/toidupakk.ee\/pl\/"},{"@type":"ListItem","position":2,"name":"Sklep internetowy","item":"https:\/\/toidupakk.ee\/pl\/sklep-internetowy\/"},{"@type":"ListItem","position":3,"name":"Uniwersalny zasobnik MOLLE z mocowaniem MIL-TEC\u00ae"}]},{"@type":"WebSite","@id":"https:\/\/toidupakk.ee\/pl\/#website","url":"https:\/\/toidupakk.ee\/pl\/","name":"Toidupakk.ee - Tactical Foodpack toidupakid","description":"Tactical Foodpack k\u00fclmkuivatatud toidupakid ja matkaeined","publisher":{"@id":"https:\/\/toidupakk.ee\/pl\/#organization"},"potentialAction":[{"@type":"SearchAction","target":{"@type":"EntryPoint","urlTemplate":"https:\/\/toidupakk.ee\/pl\/?s={search_term_string}"},"query-input":{"@type":"PropertyValueSpecification","valueRequired":true,"valueName":"search_term_string"}}],"inLanguage":"pl-PL"},{"@type":"Organization","@id":"https:\/\/toidupakk.ee\/pl\/#organization","name":"Tactical Foodpack matkaeined","url":"https:\/\/toidupakk.ee\/pl\/","logo":{"@type":"ImageObject","inLanguage":"pl-PL","@id":"https:\/\/toidupakk.ee\/pl\/#\/schema\/logo\/image\/","url":"https:\/\/toidupakk.ee\/wp-content\/uploads\/2022\/01\/Toidupakk-matkapood-logo-transparent.png","contentUrl":"https:\/\/toidupakk.ee\/wp-content\/uploads\/2022\/01\/Toidupakk-matkapood-logo-transparent.png","width":500,"height":500,"caption":"Tactical Foodpack matkaeined"},"image":{"@id":"https:\/\/toidupakk.ee\/pl\/#\/schema\/logo\/image\/"},"sameAs":["https:\/\/www.facebook.com\/Toidupakk","https:\/\/www.instagram.com\/toidupakk\/"]}]}},"jetpack_sharing_enabled":true,"_links":{"self":[{"href":"https:\/\/toidupakk.ee\/pl\/wp-json\/wp\/v2\/product\/50115","targetHints":{"allow":["GET"]}}],"collection":[{"href":"https:\/\/toidupakk.ee\/pl\/wp-json\/wp\/v2\/product"}],"about":[{"href":"https:\/\/toidupakk.ee\/pl\/wp-json\/wp\/v2\/types\/product"}],"replies":[{"embeddable":true,"href":"https:\/\/toidupakk.ee\/pl\/wp-json\/wp\/v2\/comments?post=50115"}],"wp:featuredmedia":[{"embeddable":true,"href":"https:\/\/toidupakk.ee\/pl\/wp-json\/wp\/v2\/media\/35417"}],"wp:attachment":[{"href":"https:\/\/toidupakk.ee\/pl\/wp-json\/wp\/v2\/media?parent=50115"}],"wp:term":[{"taxonomy":"product_brand","embeddable":true,"href":"https:\/\/toidupakk.ee\/pl\/wp-json\/wp\/v2\/product_brand?post=50115"},{"taxonomy":"product_cat","embeddable":true,"href":"https:\/\/toidupakk.ee\/pl\/wp-json\/wp\/v2\/product_cat?post=50115"},{"taxonomy":"product_tag","embeddable":true,"href":"https:\/\/toidupakk.ee\/pl\/wp-json\/wp\/v2\/product_tag?post=50115"}],"curies":[{"name":"wp","href":"https:\/\/api.w.org\/{rel}","templated":true}]}}