{"id":50096,"date":"2025-05-09T13:35:45","date_gmt":"2025-05-09T10:35:45","guid":{"rendered":"https:\/\/toidupakk.ee\/toode\/powerbank-xiaomi-10-000-mah\/"},"modified":"2026-04-21T11:31:42","modified_gmt":"2026-04-21T08:31:42","slug":"powerbank-xiaomi-10-000-mah","status":"publish","type":"product","link":"https:\/\/toidupakk.ee\/pl\/toode\/powerbank-xiaomi-10-000-mah\/","title":{"rendered":"Powerbank Xiaomi 10 000 mAh"},"content":{"rendered":"<h2 data-start=\"203\" data-end=\"294\"><strong data-start=\"207\" data-end=\"294\">Powerbank Xiaomi 10 000 \u2013 szybki, kompaktowy i niezawodny na co dzie\u0144<\/strong><\/h2>\n<p class=\"\" data-start=\"296\" data-end=\"659\"><strong data-start=\"296\" data-end=\"325\">Powerbank Xiaomi 10 000 mAh<\/strong> powsta\u0142 z my\u015bl\u0105 o tych, kt\u00f3rzy potrzebuj\u0105 pewnego \u017ar\u00f3d\u0142a energii w podr\u00f3\u017cy. Dzi\u0119ki zintegrowanemu kablowi USB-C, dw\u00f3m dodatkowym wyj\u015bciom i szybkiemu \u0142adowaniu 22,5 W idealnie nadaje si\u0119 do \u0142adowania telefonu, tabletu, s\u0142uchawek czy konsoli. Kompaktowy design sprawia, \u017ce mie\u015bci si\u0119 w kieszeni i jest zawsze pod r\u0119k\u0105 \u2013 w domu, w podr\u00f3\u017cy i w pracy.  <\/p>\n<p data-start=\"296\" data-end=\"659\"><img fetchpriority=\"high\" decoding=\"async\" class=\"alignnone wp-image-34877 size-thumbnail\" src=\"https:\/\/toidupakk.ee\/wp-content\/uploads\/2025\/05\/7-500x500.jpg\" alt=\"Kobieta trzyma powerbank Xiaomi 10 000 mAh\" width=\"500\" height=\"500\" srcset=\"https:\/\/toidupakk.ee\/wp-content\/uploads\/2025\/05\/7-500x500.jpg 500w, https:\/\/toidupakk.ee\/wp-content\/uploads\/2025\/05\/7-300x300.jpg 300w, https:\/\/toidupakk.ee\/wp-content\/uploads\/2025\/05\/7-768x768.jpg 768w, https:\/\/toidupakk.ee\/wp-content\/uploads\/2025\/05\/7-400x400.jpg 400w, https:\/\/toidupakk.ee\/wp-content\/uploads\/2025\/05\/7-100x100.jpg 100w, https:\/\/toidupakk.ee\/wp-content\/uploads\/2025\/05\/7.jpg 800w\" sizes=\"(max-width: 500px) 100vw, 500px\" \/><\/p>\n<h3 class=\"\" data-start=\"1640\" data-end=\"1687\"><strong data-start=\"1644\" data-end=\"1687\">Bezpiecze\u0144stwo i niezawodno\u015b\u0107 w ka\u017cdej sytuacji<\/strong><\/h3>\n<p class=\"\" data-start=\"1689\" data-end=\"1950\">Powerbank Xiaomi wyposa\u017cono w 9-warstwowy system zabezpiecze\u0144 przed prze\u0142adowaniem, przegrzaniem, zwarciem i przepi\u0119ciem. Dzi\u0119ki temu bezpiecznie na\u0142adujesz swoje urz\u0105dzenia w ka\u017cdej sytuacji \u2013 w pracy, w poci\u0105gu, na \u0142onie natury czy w samolocie. <\/p>\n<p data-start=\"1689\" data-end=\"1950\"><img decoding=\"async\" class=\"alignnone wp-image-34887 size-full\" src=\"https:\/\/toidupakk.ee\/wp-content\/uploads\/2025\/05\/Nimetu-kujundus-11-e1746782555391.png\" alt=\"Ikony funkcji bezpiecze\u0144stwa powerbanku Xiaomi 10 000: ochrona przed temperatur\u0105, zwarciem, przepi\u0119ciem, podnapi\u0119ciem, pr\u0105dem przet\u0119\u017ceniowym, prze\u0142adowaniem, roz\u0142adowaniem i resetem.\" width=\"1200\" height=\"452\" srcset=\"https:\/\/toidupakk.ee\/wp-content\/uploads\/2025\/05\/Nimetu-kujundus-11-e1746782555391.png 1200w, https:\/\/toidupakk.ee\/wp-content\/uploads\/2025\/05\/Nimetu-kujundus-11-e1746782555391-300x113.png 300w, https:\/\/toidupakk.ee\/wp-content\/uploads\/2025\/05\/Nimetu-kujundus-11-e1746782555391-1024x386.png 1024w, https:\/\/toidupakk.ee\/wp-content\/uploads\/2025\/05\/Nimetu-kujundus-11-e1746782555391-768x289.png 768w, https:\/\/toidupakk.ee\/wp-content\/uploads\/2025\/05\/Nimetu-kujundus-11-e1746782555391-800x301.png 800w\" sizes=\"(max-width: 1200px) 100vw, 1200px\" \/><\/p>\n<h3 class=\"\" data-start=\"666\" data-end=\"729\"><strong data-start=\"670\" data-end=\"729\">Kompaktowy design i wysoka wydajno\u015b\u0107 \u2013 Powerbank Xiaomi 10 000<\/strong><\/h3>\n<p class=\"\" data-start=\"731\" data-end=\"1023\">\u0141\u0105czy minimalistyczny wygl\u0105d z funkcjonalno\u015bci\u0105. Smuk\u0142a obudowa, wbudowany kabel USB-C oraz dodatkowe porty USB-C i USB-A pozwalaj\u0105 \u0142adowa\u0107 do trzech urz\u0105dze\u0144 jednocze\u015bnie. Idealne rozwi\u0105zanie dla urz\u0105dze\u0144 z systemem Android i iOS.  <\/p>\n<h3 class=\"\" data-start=\"1030\" data-end=\"1085\"><strong data-start=\"1034\" data-end=\"1085\">Szybkie \u0142adowanie i wszechstronno\u015b\u0107 \u2013 wi\u0119cej swobody<\/strong><\/h3>\n<p class=\"\" data-start=\"1087\" data-end=\"1369\">Powerbank Xiaomi obs\u0142uguje dwukierunkowe \u0142adowanie o mocy do 22,5 W. Oznacza to szybsze \u0142adowanie zar\u00f3wno Twoich urz\u0105dze\u0144, jak i samego powerbanku. Obs\u0142uguje wszystkie sprz\u0119ty \u0142adowane przez USB-C lub USB-A \u2013 smartfony, tablety, s\u0142uchawki czy przeno\u015bne konsole.  <\/p>\n<h3 class=\"\" data-start=\"1376\" data-end=\"1407\"><strong data-start=\"1380\" data-end=\"1407\">\u0141aduj kilka urz\u0105dze\u0144 jednocze\u015bnie<\/strong><\/h3>\n<p class=\"\" data-start=\"1409\" data-end=\"1633\">Trzy opcje \u0142adowania \u2013 zintegrowany kabel USB-C, osobne wyj\u015bcie USB-C i port USB-A \u2013 daj\u0105 Ci swobod\u0119 \u0142adowania do trzech urz\u0105dze\u0144 naraz. Dzi\u0119ki wbudowanemu kablowi nie musisz zawsze pami\u0119ta\u0107 o dodatkowych przewodach. <\/p>\n<h3><strong data-start=\"1961\" data-end=\"2008\">Powerbank Xiaomi 10 000 nadaje si\u0119 do samolotu<\/strong><\/h3>\n<p class=\"\" data-start=\"2010\" data-end=\"2216\">Dzi\u0119ki pojemno\u015bci 10 000 mAh i spe\u0142nianiu norm bezpiecze\u0144stwa, powerbank mo\u017cna zabra\u0107 na pok\u0142ad samolotu w baga\u017cu podr\u0119cznym. To idealny wyb\u00f3r na d\u0142ugie podr\u00f3\u017ce lub na lotniska, gdzie gniazdka nie zawsze s\u0105 pod r\u0119k\u0105. <\/p>\n<p data-start=\"2010\" data-end=\"2216\"><img decoding=\"async\" class=\"alignnone wp-image-34876 size-thumbnail\" src=\"https:\/\/toidupakk.ee\/wp-content\/uploads\/2025\/05\/6-1-500x500.jpg\" alt=\"\" width=\"500\" height=\"500\" srcset=\"https:\/\/toidupakk.ee\/wp-content\/uploads\/2025\/05\/6-1-500x500.jpg 500w, https:\/\/toidupakk.ee\/wp-content\/uploads\/2025\/05\/6-1-300x300.jpg 300w, https:\/\/toidupakk.ee\/wp-content\/uploads\/2025\/05\/6-1-768x768.jpg 768w, https:\/\/toidupakk.ee\/wp-content\/uploads\/2025\/05\/6-1-400x400.jpg 400w, https:\/\/toidupakk.ee\/wp-content\/uploads\/2025\/05\/6-1-100x100.jpg 100w, https:\/\/toidupakk.ee\/wp-content\/uploads\/2025\/05\/6-1.jpg 800w\" sizes=\"(max-width: 500px) 100vw, 500px\" \/><\/p>\n<p><strong data-start=\"2227\" data-end=\"2296\">Dane techniczne <\/strong><\/p>\n<ul>\n<li data-start=\"2300\" data-end=\"2339\"><strong data-start=\"2300\" data-end=\"2318\">Pojemno\u015b\u0107 akumulatora:<\/strong> 10 000 mAh \/ 3,7 V<\/li>\n<li data-start=\"2300\" data-end=\"2339\"><strong data-start=\"2384\" data-end=\"2404\">Moc \u0142adowania:<\/strong> do 22,5 W, dwukierunkowe szybkie \u0142adowanie<\/li>\n<li data-start=\"2300\" data-end=\"2339\"><strong data-start=\"2446\" data-end=\"2460\">Wyj\u015bcia:<\/strong><br data-start=\"2460\" data-end=\"2463\">\u25b8 Zintegrowany kabel USB-C<br data-start=\"2493\" data-end=\"2496\">\u25b8 Wyj\u015bcie USB-C (PD)<br data-start=\"2518\" data-end=\"2521\">\u25b8 Wyj\u015bcie USB-A (QC 3.0)<\/li>\n<li data-start=\"2300\" data-end=\"2339\"><strong data-start=\"2552\" data-end=\"2577\">Wej\u015bcie (\u0142adowanie):<\/strong> USB-C<\/li>\n<li data-start=\"2300\" data-end=\"2339\"><strong data-start=\"2652\" data-end=\"2663\">Bezpiecze\u0144stwo:<\/strong> 9-stopniowy system ochrony, nadaje si\u0119 do samolotu<\/li>\n<li data-start=\"2300\" data-end=\"2339\"><strong data-start=\"2694\" data-end=\"2706\">Kompatybilno\u015b\u0107:<\/strong> urz\u0105dzenia USB \u2013 telefony, tablety, s\u0142uchawki itp.<\/li>\n<li data-start=\"2300\" data-end=\"2339\"><strong data-start=\"2766\" data-end=\"2775\">Kolor:<\/strong> Ice blue<\/li>\n<\/ul>\n<p data-start=\"2823\" data-end=\"2862\">Zobacz <strong data-start=\"2829\" data-end=\"2850\">wszystkie powerbanki<\/strong> <a href=\"https:\/\/toidupakk.ee\/pl\/tootekategooria\/powerbanki\/\">TUTAJ<\/a><\/p>\n<p data-start=\"2864\" data-end=\"2916\">Interesuje Ci\u0119 <strong data-start=\"2879\" data-end=\"2897\">jedzenie turystyczne<\/strong>? Zobacz <a href=\"https:\/\/toidupakk.ee\/pl\/tootekategooria\/dania-glowne\/\">TUTAJ<\/a> <\/p>\n<p data-start=\"2918\" data-end=\"3008\">Znajd\u017a inspiracj\u0119 na kolejn\u0105 przygod\u0119 na <strong data-start=\"2960\" data-end=\"2986\"><a href=\"https:\/\/www.instagram.com\/toidupakk\/\">Instagramie<\/a> i <a href=\"https:\/\/www.facebook.com\/Toidupakk\/\">Facebooku<\/a> Toidupakk.<\/strong><\/p>\n","protected":false},"excerpt":{"rendered":"<p><strong>Powerbank Xiaomi 10 000 to praktyczna i mocna \u0142adowarka przeno\u015bna, \u0142\u0105cz\u0105ca inteligentny design, wbudowany kabel i du\u017c\u0105 pojemno\u015b\u0107. Funkcja szybkiego \u0142adowania. <\/strong><\/p>\n<ul>\n<li>Pojemno\u015b\u0107 powerbanku 10 000 mAh<\/li>\n<li>Zintegrowany kabel USB-C \u2013 <strong>nie musisz ju\u017c nosi\u0107 ze sob\u0105 osobnego kabla USB-C<\/strong><\/li>\n<li><strong>Do 2\u00d7 iPhone 14, 1,7\u00d7 Xiaomi 13 lub 1,1\u00d7 Nintendo Switch na jednym \u0142adowaniu<\/strong> \u2013 wystarczy na co dzie\u0144 i w podr\u00f3\u017cy<\/li>\n<li><strong>\u0141aduj trzy urz\u0105dzenia jednocze\u015bnie<\/strong> \u2013 zintegrowany kabel USB-C, port USB-C i port USB-A<\/li>\n<li><strong>Szybkie \u0142adowanie 22,5 W<\/strong><\/li>\n<li>Lekki i kompaktowy: smuk\u0142y design, mie\u015bci si\u0119 w kieszeni lub torbie \u2013 idealny na co dzie\u0144<\/li>\n<li><strong>Nadaje si\u0119 do samolotu \u2013 spe\u0142nia mi\u0119dzynarodowe wymogi dotycz\u0105ce baga\u017cu podr\u0119cznego<\/strong><\/li>\n<li>Bezpieczny w u\u017cyciu \u2013 <strong>ochrona przed przegrzaniem, prze\u0142adowaniem i zwarciem<\/strong><\/li>\n<\/ul>\n<p>\u2705 Dost\u0119pne w magazynie, szybka dostawa w 1\u20133 dni robocze<br data-start=\"1889\" data-end=\"1892\">\u2705 Kup teraz, zap\u0142a\u0107 p\u00f3\u017aniej (RRSO 0%)<\/p>\n","protected":false},"featured_media":34878,"comment_status":"open","ping_status":"closed","template":"","meta":{"_acf_changed":false},"product_brand":[],"product_cat":[303,315,360,301],"product_tag":[],"class_list":{"0":"post-50096","1":"product","2":"type-product","3":"status-publish","4":"has-post-thumbnail","6":"product_cat-akcesoria-turystyczne","7":"product_cat-elektronika","8":"product_cat-powerbanki","9":"product_cat-sprzet-turystyczny","11":"first","12":"instock","13":"taxable","14":"shipping-taxable","15":"purchasable","16":"product-type-simple"},"bundled_by":[],"bundle_stock_status":"instock","bundle_stock_quantity":9,"bundle_virtual":false,"bundle_layout":"","bundle_add_to_cart_form_location":"","bundle_editable_in_cart":false,"bundle_sold_individually_context":"","bundle_item_grouping":"","bundle_min_size":"","bundle_max_size":"","bundle_price":[],"bundled_items":[],"bundle_sell_ids":[],"acf":[],"yoast_head":"<!-- This site is optimized with the Yoast SEO plugin v27.3 - https:\/\/yoast.com\/product\/yoast-seo-wordpress\/ -->\n<title>Powerbank Xiaomi 10 000 mAh<\/title>\n<meta name=\"description\" content=\"Powerbank Xiaomi 10 000 to kompaktowe urz\u0105dzenie z szybkim \u0142adowaniem i zintegrowanym kablem USB-C, idealne do \u0142adowania urz\u0105dze\u0144 mobilnych w dowolnym momencie.\" \/>\n<meta name=\"robots\" content=\"index, follow, max-snippet:-1, max-image-preview:large, max-video-preview:-1\" \/>\n<link rel=\"canonical\" href=\"https:\/\/toidupakk.ee\/pl\/toode\/powerbank-xiaomi-10-000-mah\/\" \/>\n<meta property=\"og:locale\" content=\"pl_PL\" \/>\n<meta property=\"og:type\" content=\"article\" \/>\n<meta property=\"og:title\" content=\"Powerbank Xiaomi 10 000 mAh\" \/>\n<meta property=\"og:description\" content=\"Powerbank Xiaomi 10 000 to kompaktowe urz\u0105dzenie z szybkim \u0142adowaniem i zintegrowanym kablem USB-C, idealne do \u0142adowania urz\u0105dze\u0144 mobilnych w dowolnym momencie.\" \/>\n<meta property=\"og:url\" content=\"https:\/\/toidupakk.ee\/pl\/toode\/powerbank-xiaomi-10-000-mah\/\" \/>\n<meta property=\"og:site_name\" content=\"Toidupakk.ee - Tactical Foodpack toidupakid\" \/>\n<meta property=\"article:publisher\" content=\"https:\/\/www.facebook.com\/Toidupakk\" \/>\n<meta property=\"article:modified_time\" content=\"2026-04-21T08:31:42+00:00\" \/>\n<meta property=\"og:image\" content=\"https:\/\/toidupakk.ee\/wp-content\/uploads\/2025\/05\/1-1.png\" \/>\n\t<meta property=\"og:image:width\" content=\"800\" \/>\n\t<meta property=\"og:image:height\" content=\"800\" \/>\n\t<meta property=\"og:image:type\" content=\"image\/png\" \/>\n<meta name=\"twitter:card\" content=\"summary_large_image\" \/>\n<meta name=\"twitter:label1\" content=\"Szacowany czas czytania\" \/>\n\t<meta name=\"twitter:data1\" content=\"2 minuty\" \/>\n<script type=\"application\/ld+json\" class=\"yoast-schema-graph\">{\"@context\":\"https:\\\/\\\/schema.org\",\"@graph\":[{\"@type\":\"WebPage\",\"@id\":\"https:\\\/\\\/toidupakk.ee\\\/pl\\\/toode\\\/powerbank-xiaomi-10-000-mah\\\/\",\"url\":\"https:\\\/\\\/toidupakk.ee\\\/pl\\\/toode\\\/powerbank-xiaomi-10-000-mah\\\/\",\"name\":\"Powerbank Xiaomi 10 000 mAh\",\"isPartOf\":{\"@id\":\"https:\\\/\\\/toidupakk.ee\\\/pl\\\/#website\"},\"primaryImageOfPage\":{\"@id\":\"https:\\\/\\\/toidupakk.ee\\\/pl\\\/toode\\\/powerbank-xiaomi-10-000-mah\\\/#primaryimage\"},\"image\":{\"@id\":\"https:\\\/\\\/toidupakk.ee\\\/pl\\\/toode\\\/powerbank-xiaomi-10-000-mah\\\/#primaryimage\"},\"thumbnailUrl\":\"https:\\\/\\\/toidupakk.ee\\\/wp-content\\\/uploads\\\/2025\\\/05\\\/1-1.png\",\"datePublished\":\"2025-05-09T10:35:45+00:00\",\"dateModified\":\"2026-04-21T08:31:42+00:00\",\"description\":\"Powerbank Xiaomi 10 000 to kompaktowe urz\u0105dzenie z szybkim \u0142adowaniem i zintegrowanym kablem USB-C, idealne do \u0142adowania urz\u0105dze\u0144 mobilnych w dowolnym momencie.\",\"breadcrumb\":{\"@id\":\"https:\\\/\\\/toidupakk.ee\\\/pl\\\/toode\\\/powerbank-xiaomi-10-000-mah\\\/#breadcrumb\"},\"inLanguage\":\"pl-PL\",\"potentialAction\":[{\"@type\":\"ReadAction\",\"target\":[\"https:\\\/\\\/toidupakk.ee\\\/pl\\\/toode\\\/powerbank-xiaomi-10-000-mah\\\/\"]}]},{\"@type\":\"ImageObject\",\"inLanguage\":\"pl-PL\",\"@id\":\"https:\\\/\\\/toidupakk.ee\\\/pl\\\/toode\\\/powerbank-xiaomi-10-000-mah\\\/#primaryimage\",\"url\":\"https:\\\/\\\/toidupakk.ee\\\/wp-content\\\/uploads\\\/2025\\\/05\\\/1-1.png\",\"contentUrl\":\"https:\\\/\\\/toidupakk.ee\\\/wp-content\\\/uploads\\\/2025\\\/05\\\/1-1.png\",\"width\":800,\"height\":800},{\"@type\":\"BreadcrumbList\",\"@id\":\"https:\\\/\\\/toidupakk.ee\\\/pl\\\/toode\\\/powerbank-xiaomi-10-000-mah\\\/#breadcrumb\",\"itemListElement\":[{\"@type\":\"ListItem\",\"position\":1,\"name\":\"Avaleht\",\"item\":\"https:\\\/\\\/toidupakk.ee\\\/pl\\\/\"},{\"@type\":\"ListItem\",\"position\":2,\"name\":\"Sklep internetowy\",\"item\":\"https:\\\/\\\/toidupakk.ee\\\/pl\\\/sklep-internetowy\\\/\"},{\"@type\":\"ListItem\",\"position\":3,\"name\":\"Powerbank Xiaomi 10 000 mAh\"}]},{\"@type\":\"WebSite\",\"@id\":\"https:\\\/\\\/toidupakk.ee\\\/pl\\\/#website\",\"url\":\"https:\\\/\\\/toidupakk.ee\\\/pl\\\/\",\"name\":\"Toidupakk.ee - Tactical Foodpack toidupakid\",\"description\":\"Tactical Foodpack k\u00fclmkuivatatud toidupakid ja matkaeined\",\"publisher\":{\"@id\":\"https:\\\/\\\/toidupakk.ee\\\/pl\\\/#organization\"},\"potentialAction\":[{\"@type\":\"SearchAction\",\"target\":{\"@type\":\"EntryPoint\",\"urlTemplate\":\"https:\\\/\\\/toidupakk.ee\\\/pl\\\/?s={search_term_string}\"},\"query-input\":{\"@type\":\"PropertyValueSpecification\",\"valueRequired\":true,\"valueName\":\"search_term_string\"}}],\"inLanguage\":\"pl-PL\"},{\"@type\":\"Organization\",\"@id\":\"https:\\\/\\\/toidupakk.ee\\\/pl\\\/#organization\",\"name\":\"Tactical Foodpack matkaeined\",\"url\":\"https:\\\/\\\/toidupakk.ee\\\/pl\\\/\",\"logo\":{\"@type\":\"ImageObject\",\"inLanguage\":\"pl-PL\",\"@id\":\"https:\\\/\\\/toidupakk.ee\\\/pl\\\/#\\\/schema\\\/logo\\\/image\\\/\",\"url\":\"https:\\\/\\\/toidupakk.ee\\\/wp-content\\\/uploads\\\/2022\\\/01\\\/Toidupakk-matkapood-logo-transparent.png\",\"contentUrl\":\"https:\\\/\\\/toidupakk.ee\\\/wp-content\\\/uploads\\\/2022\\\/01\\\/Toidupakk-matkapood-logo-transparent.png\",\"width\":500,\"height\":500,\"caption\":\"Tactical Foodpack matkaeined\"},\"image\":{\"@id\":\"https:\\\/\\\/toidupakk.ee\\\/pl\\\/#\\\/schema\\\/logo\\\/image\\\/\"},\"sameAs\":[\"https:\\\/\\\/www.facebook.com\\\/Toidupakk\",\"https:\\\/\\\/www.instagram.com\\\/toidupakk\\\/\"]}]}<\/script>\n<!-- \/ Yoast SEO plugin. -->","yoast_head_json":{"title":"Powerbank Xiaomi 10 000 mAh","description":"Powerbank Xiaomi 10 000 to kompaktowe urz\u0105dzenie z szybkim \u0142adowaniem i zintegrowanym kablem USB-C, idealne do \u0142adowania urz\u0105dze\u0144 mobilnych w dowolnym momencie.","robots":{"index":"index","follow":"follow","max-snippet":"max-snippet:-1","max-image-preview":"max-image-preview:large","max-video-preview":"max-video-preview:-1"},"canonical":"https:\/\/toidupakk.ee\/pl\/toode\/powerbank-xiaomi-10-000-mah\/","og_locale":"pl_PL","og_type":"article","og_title":"Powerbank Xiaomi 10 000 mAh","og_description":"Powerbank Xiaomi 10 000 to kompaktowe urz\u0105dzenie z szybkim \u0142adowaniem i zintegrowanym kablem USB-C, idealne do \u0142adowania urz\u0105dze\u0144 mobilnych w dowolnym momencie.","og_url":"https:\/\/toidupakk.ee\/pl\/toode\/powerbank-xiaomi-10-000-mah\/","og_site_name":"Toidupakk.ee - Tactical Foodpack toidupakid","article_publisher":"https:\/\/www.facebook.com\/Toidupakk","article_modified_time":"2026-04-21T08:31:42+00:00","og_image":[{"width":800,"height":800,"url":"https:\/\/toidupakk.ee\/wp-content\/uploads\/2025\/05\/1-1.png","type":"image\/png"}],"twitter_card":"summary_large_image","twitter_misc":{"Szacowany czas czytania":"2 minuty"},"schema":{"@context":"https:\/\/schema.org","@graph":[{"@type":"WebPage","@id":"https:\/\/toidupakk.ee\/pl\/toode\/powerbank-xiaomi-10-000-mah\/","url":"https:\/\/toidupakk.ee\/pl\/toode\/powerbank-xiaomi-10-000-mah\/","name":"Powerbank Xiaomi 10 000 mAh","isPartOf":{"@id":"https:\/\/toidupakk.ee\/pl\/#website"},"primaryImageOfPage":{"@id":"https:\/\/toidupakk.ee\/pl\/toode\/powerbank-xiaomi-10-000-mah\/#primaryimage"},"image":{"@id":"https:\/\/toidupakk.ee\/pl\/toode\/powerbank-xiaomi-10-000-mah\/#primaryimage"},"thumbnailUrl":"https:\/\/toidupakk.ee\/wp-content\/uploads\/2025\/05\/1-1.png","datePublished":"2025-05-09T10:35:45+00:00","dateModified":"2026-04-21T08:31:42+00:00","description":"Powerbank Xiaomi 10 000 to kompaktowe urz\u0105dzenie z szybkim \u0142adowaniem i zintegrowanym kablem USB-C, idealne do \u0142adowania urz\u0105dze\u0144 mobilnych w dowolnym momencie.","breadcrumb":{"@id":"https:\/\/toidupakk.ee\/pl\/toode\/powerbank-xiaomi-10-000-mah\/#breadcrumb"},"inLanguage":"pl-PL","potentialAction":[{"@type":"ReadAction","target":["https:\/\/toidupakk.ee\/pl\/toode\/powerbank-xiaomi-10-000-mah\/"]}]},{"@type":"ImageObject","inLanguage":"pl-PL","@id":"https:\/\/toidupakk.ee\/pl\/toode\/powerbank-xiaomi-10-000-mah\/#primaryimage","url":"https:\/\/toidupakk.ee\/wp-content\/uploads\/2025\/05\/1-1.png","contentUrl":"https:\/\/toidupakk.ee\/wp-content\/uploads\/2025\/05\/1-1.png","width":800,"height":800},{"@type":"BreadcrumbList","@id":"https:\/\/toidupakk.ee\/pl\/toode\/powerbank-xiaomi-10-000-mah\/#breadcrumb","itemListElement":[{"@type":"ListItem","position":1,"name":"Avaleht","item":"https:\/\/toidupakk.ee\/pl\/"},{"@type":"ListItem","position":2,"name":"Sklep internetowy","item":"https:\/\/toidupakk.ee\/pl\/sklep-internetowy\/"},{"@type":"ListItem","position":3,"name":"Powerbank Xiaomi 10 000 mAh"}]},{"@type":"WebSite","@id":"https:\/\/toidupakk.ee\/pl\/#website","url":"https:\/\/toidupakk.ee\/pl\/","name":"Toidupakk.ee - Tactical Foodpack toidupakid","description":"Tactical Foodpack k\u00fclmkuivatatud toidupakid ja matkaeined","publisher":{"@id":"https:\/\/toidupakk.ee\/pl\/#organization"},"potentialAction":[{"@type":"SearchAction","target":{"@type":"EntryPoint","urlTemplate":"https:\/\/toidupakk.ee\/pl\/?s={search_term_string}"},"query-input":{"@type":"PropertyValueSpecification","valueRequired":true,"valueName":"search_term_string"}}],"inLanguage":"pl-PL"},{"@type":"Organization","@id":"https:\/\/toidupakk.ee\/pl\/#organization","name":"Tactical Foodpack matkaeined","url":"https:\/\/toidupakk.ee\/pl\/","logo":{"@type":"ImageObject","inLanguage":"pl-PL","@id":"https:\/\/toidupakk.ee\/pl\/#\/schema\/logo\/image\/","url":"https:\/\/toidupakk.ee\/wp-content\/uploads\/2022\/01\/Toidupakk-matkapood-logo-transparent.png","contentUrl":"https:\/\/toidupakk.ee\/wp-content\/uploads\/2022\/01\/Toidupakk-matkapood-logo-transparent.png","width":500,"height":500,"caption":"Tactical Foodpack matkaeined"},"image":{"@id":"https:\/\/toidupakk.ee\/pl\/#\/schema\/logo\/image\/"},"sameAs":["https:\/\/www.facebook.com\/Toidupakk","https:\/\/www.instagram.com\/toidupakk\/"]}]}},"jetpack_sharing_enabled":true,"_links":{"self":[{"href":"https:\/\/toidupakk.ee\/pl\/wp-json\/wp\/v2\/product\/50096","targetHints":{"allow":["GET"]}}],"collection":[{"href":"https:\/\/toidupakk.ee\/pl\/wp-json\/wp\/v2\/product"}],"about":[{"href":"https:\/\/toidupakk.ee\/pl\/wp-json\/wp\/v2\/types\/product"}],"replies":[{"embeddable":true,"href":"https:\/\/toidupakk.ee\/pl\/wp-json\/wp\/v2\/comments?post=50096"}],"wp:featuredmedia":[{"embeddable":true,"href":"https:\/\/toidupakk.ee\/pl\/wp-json\/wp\/v2\/media\/34878"}],"wp:attachment":[{"href":"https:\/\/toidupakk.ee\/pl\/wp-json\/wp\/v2\/media?parent=50096"}],"wp:term":[{"taxonomy":"product_brand","embeddable":true,"href":"https:\/\/toidupakk.ee\/pl\/wp-json\/wp\/v2\/product_brand?post=50096"},{"taxonomy":"product_cat","embeddable":true,"href":"https:\/\/toidupakk.ee\/pl\/wp-json\/wp\/v2\/product_cat?post=50096"},{"taxonomy":"product_tag","embeddable":true,"href":"https:\/\/toidupakk.ee\/pl\/wp-json\/wp\/v2\/product_tag?post=50096"}],"curies":[{"name":"wp","href":"https:\/\/api.w.org\/{rel}","templated":true}]}}