{"id":50071,"date":"2025-04-29T14:50:15","date_gmt":"2025-04-29T11:50:15","guid":{"rendered":"https:\/\/toidupakk.ee\/toode\/kieszen-na-butelke-do-plecaka-mil-tec\/"},"modified":"2026-04-13T22:31:55","modified_gmt":"2026-04-13T19:31:55","slug":"kieszen-na-butelke-do-plecaka-mil-tec","status":"publish","type":"product","link":"https:\/\/toidupakk.ee\/pl\/toode\/kieszen-na-butelke-do-plecaka-mil-tec\/","title":{"rendered":"Kiesze\u0144 na butelk\u0119 do plecaka MIL-TEC\u00ae"},"content":{"rendered":"<p data-start=\"177\" data-end=\"259\"><img fetchpriority=\"high\" decoding=\"async\" class=\"alignright wp-image-34429 size-thumbnail\" src=\"https:\/\/toidupakk.ee\/wp-content\/uploads\/2025\/04\/Veepudeli-tasku-seljakotile-1-500x500.png\" alt=\"kiesze\u0144 na butelk\u0119 mil-tec\" width=\"500\" height=\"500\" srcset=\"https:\/\/toidupakk.ee\/wp-content\/uploads\/2025\/04\/Veepudeli-tasku-seljakotile-1-500x500.png 500w, https:\/\/toidupakk.ee\/wp-content\/uploads\/2025\/04\/Veepudeli-tasku-seljakotile-1-400x400.png 400w, https:\/\/toidupakk.ee\/wp-content\/uploads\/2025\/04\/Veepudeli-tasku-seljakotile-1-100x100.png 100w, https:\/\/toidupakk.ee\/wp-content\/uploads\/2025\/04\/Veepudeli-tasku-seljakotile-1-600x600.png 600w, https:\/\/toidupakk.ee\/wp-content\/uploads\/2025\/04\/Veepudeli-tasku-seljakotile-1-300x300.png 300w, https:\/\/toidupakk.ee\/wp-content\/uploads\/2025\/04\/Veepudeli-tasku-seljakotile-1-768x768.png 768w, https:\/\/toidupakk.ee\/wp-content\/uploads\/2025\/04\/Veepudeli-tasku-seljakotile-1.png 800w\" sizes=\"(max-width: 500px) 100vw, 500px\" \/><\/p>\n<p class=\"\" data-start=\"177\" data-end=\"259\"><strong data-start=\"177\" data-end=\"259\">Kiesze\u0144 na butelk\u0119 do plecaka MIL-TEC\u00ae \u2013 praktyczno\u015b\u0107 i trwa\u0142o\u015b\u0107 na ka\u017cd\u0105 wypraw\u0119<\/strong><\/p>\n<p class=\"\" data-start=\"261\" data-end=\"690\">Gdy ruszasz w teren, w\u0119drujesz lub bierzesz udzia\u0142 w dzia\u0142aniach militarnych, wa\u017cne jest, aby niezb\u0119dny sprz\u0119t by\u0142 dost\u0119pny szybko i bezpiecznie. Kiesze\u0144 na butelk\u0119 MIL-TEC\u00ae do plecaka zosta\u0142a zaprojektowana w\u0142a\u015bnie z my\u015bl\u0105 o tych wymaganiach. To pokrowiec wykonany z wytrzyma\u0142ego <strong data-start=\"497\" data-end=\"517\">poliestru 600D<\/strong>, pokrytego warstw\u0105 polichlorku winylu (PVC), co zapewnia doskona\u0142\u0105 odporno\u015b\u0107 na zu\u017cycie i wodoodporno\u015b\u0107 nawet w ekstremalnych warunkach.  <\/p>\n<p class=\"\" data-start=\"692\" data-end=\"1063\">Uchwyt na butelk\u0119 wyposa\u017cono w <strong data-start=\"722\" data-end=\"762\">wygodne i pewne rozwi\u0105zanie mocuj\u0105ce<\/strong> \u2013 pasuje zar\u00f3wno do plecak\u00f3w z systemem MOLLE, jak i bezpo\u015brednio do paska. Dzi\u0119ki \u015bci\u0105gaczowi butelka zawsze pozostaje bezpiecznie na swoim miejscu, nawet podczas intensywnego ruchu. Sprawia to, \u017ce kiesze\u0144 na butelk\u0119 jest niezast\u0105pionym akcesorium zar\u00f3wno podczas kr\u00f3tkich w\u0119dr\u00f3wek, jak i d\u0142u\u017cszych operacji.  <\/p>\n<p class=\"\" data-start=\"1065\" data-end=\"1332\">Kiesze\u0144 idealnie pasuje do <strong data-start=\"1088\" data-end=\"1127\">butelki MIL-TEC\u00ae o pojemno\u015bci 0,6 litra<\/strong>, ale dzi\u0119ki regulowanemu zapi\u0119ciu pomie\u015bci r\u00f3wnie\u017c inne butelki o podobnej wielko\u015bci. Klasyczny zielony odcie\u0144 dobrze komponuje si\u0119 z reszt\u0105 oporz\u0105dzenia i odzie\u017c\u0105, b\u0119d\u0105c jednocze\u015bnie dyskretnym i praktycznym. <\/p>\n<p class=\"\" data-start=\"1383\" data-end=\"1659\">Jako przewodnik wypraw i specjalista militarny polecam: je\u015bli cenisz w swoim sprz\u0119cie niezawodno\u015b\u0107, prostot\u0119 i praktyczno\u015b\u0107, kiesze\u0144 na butelk\u0119 MIL-TEC\u00ae b\u0119dzie najlepszym wyborem. Nie zostawiaj nawodnienia przypadkowi \u2013 wyposa\u017c si\u0119 w wysokiej jako\u015bci wytrzyma\u0142y pokrowiec ju\u017c dzi\u015b! <\/p>\n<p class=\"\" data-start=\"1661\" data-end=\"1758\">Zapoznaj si\u0119 r\u00f3wnie\u017c z innymi <a href=\"https:\/\/toidupakk.ee\/pl\/tootekategooria\/mil-tec\/\">akcesoriami MIL-TEC\u00ae<\/a> w naszej ofercie i uzupe\u0142nij sw\u00f3j ekwipunek o najlepsze rozwi\u0105zania.<\/p>\n<p data-start=\"1661\" data-end=\"1758\">Znajd\u017a inspiracj\u0119 na kolejne przygody na <a href=\"https:\/\/www.instagram.com\/toidupakk\/\">Instagramie<\/a> i <a href=\"https:\/\/www.facebook.com\/Toidupakk\/\">Facebooku<\/a> Toidupakk.<\/p>\n","protected":false},"excerpt":{"rendered":"<p><strong>Kiesze\u0144 na butelk\u0119 marki MIL-TEC\u00ae, przeznaczona do mocowania na plecaku.<\/strong><\/p>\n<ul>\n<li>Wygodne, a zarazem mocne mocowanie do systemu MOLLE lub paska<\/li>\n<li>Sznurek \u015bci\u0105gaj\u0105cy zapobiega wypadni\u0119ciu butelki z kieszeni<\/li>\n<li>Mocny i trwa\u0142y materia\u0142 poliestrowy 600D z pow\u0142ok\u0105 z polichlorku winylu<\/li>\n<li>Kolor \u2013 zielony<\/li>\n<li>Idealnie pasuje do <a href=\"https:\/\/toidupakk.ee\/toode\/joogipudel-mil-tec-06l\/\">butelki MIL-TEC o pojemno\u015bci 0,6 litra<\/a><\/li>\n<\/ul>\n<p>\u2705 Dost\u0119pne w magazynie, szybka dostawa w 1\u20133 dni robocze<\/p>\n","protected":false},"featured_media":34429,"comment_status":"open","ping_status":"closed","template":"","meta":{"_acf_changed":false},"product_brand":[],"product_cat":[303,302,317,309,301,304],"product_tag":[305],"class_list":{"0":"post-50071","1":"product","2":"type-product","3":"status-publish","4":"has-post-thumbnail","6":"product_cat-akcesoria-turystyczne","7":"product_cat-kieszenie-i-akcesoria-molle","8":"product_cat-mil-tec","9":"product_cat-plecaki","10":"product_cat-sprzet-turystyczny","11":"product_cat-wyposazenie-militarne","12":"product_tag-no_ads","14":"first","15":"instock","16":"taxable","17":"shipping-taxable","18":"purchasable","19":"product-type-variable","20":"has-default-attributes"},"bundled_by":[],"bundle_stock_status":"instock","bundle_stock_quantity":null,"bundle_virtual":false,"bundle_layout":"","bundle_add_to_cart_form_location":"","bundle_editable_in_cart":false,"bundle_sold_individually_context":"","bundle_item_grouping":"","bundle_min_size":"","bundle_max_size":"","bundle_price":[],"bundled_items":[],"bundle_sell_ids":[],"acf":[],"yoast_head":"<!-- This site is optimized with the Yoast SEO plugin v27.3 - https:\/\/yoast.com\/product\/yoast-seo-wordpress\/ -->\n<title>Kiesze\u0144 na butelk\u0119 do plecaka MIL-TEC\u00ae<\/title>\n<meta name=\"description\" content=\"Zam\u00f3w kiesze\u0144 na butelk\u0119 MIL-TEC\u00ae do plecaka \u2013 wytrzyma\u0142y pokrowiec z poliestru 600D z pow\u0142ok\u0105 PVC, pasuje do systemu MOLLE i na pasek. W magazynie, szybka dostawa.\" \/>\n<meta name=\"robots\" content=\"index, follow, max-snippet:-1, max-image-preview:large, max-video-preview:-1\" \/>\n<link rel=\"canonical\" href=\"https:\/\/toidupakk.ee\/pl\/toode\/kieszen-na-butelke-do-plecaka-mil-tec\/\" \/>\n<meta property=\"og:locale\" content=\"pl_PL\" \/>\n<meta property=\"og:type\" content=\"article\" \/>\n<meta property=\"og:title\" content=\"Kiesze\u0144 na butelk\u0119 do plecaka MIL-TEC\u00ae\" \/>\n<meta property=\"og:description\" content=\"Zam\u00f3w kiesze\u0144 na butelk\u0119 MIL-TEC\u00ae do plecaka \u2013 wytrzyma\u0142y pokrowiec z poliestru 600D z pow\u0142ok\u0105 PVC, pasuje do systemu MOLLE i na pasek. W magazynie, szybka dostawa.\" \/>\n<meta property=\"og:url\" content=\"https:\/\/toidupakk.ee\/pl\/toode\/kieszen-na-butelke-do-plecaka-mil-tec\/\" \/>\n<meta property=\"og:site_name\" content=\"Toidupakk.ee - Tactical Foodpack toidupakid\" \/>\n<meta property=\"article:publisher\" content=\"https:\/\/www.facebook.com\/Toidupakk\" \/>\n<meta property=\"article:modified_time\" content=\"2026-04-13T19:31:55+00:00\" \/>\n<meta property=\"og:image\" content=\"https:\/\/toidupakk.ee\/wp-content\/uploads\/2025\/04\/Veepudeli-tasku-seljakotile-1.png\" \/>\n\t<meta property=\"og:image:width\" content=\"800\" \/>\n\t<meta property=\"og:image:height\" content=\"800\" \/>\n\t<meta property=\"og:image:type\" content=\"image\/png\" \/>\n<meta name=\"twitter:card\" content=\"summary_large_image\" \/>\n<meta name=\"twitter:label1\" content=\"Szacowany czas czytania\" \/>\n\t<meta name=\"twitter:data1\" content=\"1 minuta\" \/>\n<script type=\"application\/ld+json\" class=\"yoast-schema-graph\">{\"@context\":\"https:\\\/\\\/schema.org\",\"@graph\":[{\"@type\":\"WebPage\",\"@id\":\"https:\\\/\\\/toidupakk.ee\\\/pl\\\/toode\\\/kieszen-na-butelke-do-plecaka-mil-tec\\\/\",\"url\":\"https:\\\/\\\/toidupakk.ee\\\/pl\\\/toode\\\/kieszen-na-butelke-do-plecaka-mil-tec\\\/\",\"name\":\"Kiesze\u0144 na butelk\u0119 do plecaka MIL-TEC\u00ae\",\"isPartOf\":{\"@id\":\"https:\\\/\\\/toidupakk.ee\\\/pl\\\/#website\"},\"primaryImageOfPage\":{\"@id\":\"https:\\\/\\\/toidupakk.ee\\\/pl\\\/toode\\\/kieszen-na-butelke-do-plecaka-mil-tec\\\/#primaryimage\"},\"image\":{\"@id\":\"https:\\\/\\\/toidupakk.ee\\\/pl\\\/toode\\\/kieszen-na-butelke-do-plecaka-mil-tec\\\/#primaryimage\"},\"thumbnailUrl\":\"https:\\\/\\\/toidupakk.ee\\\/wp-content\\\/uploads\\\/2025\\\/04\\\/Veepudeli-tasku-seljakotile-1.png\",\"datePublished\":\"2025-04-29T11:50:15+00:00\",\"dateModified\":\"2026-04-13T19:31:55+00:00\",\"description\":\"Zam\u00f3w kiesze\u0144 na butelk\u0119 MIL-TEC\u00ae do plecaka \u2013 wytrzyma\u0142y pokrowiec z poliestru 600D z pow\u0142ok\u0105 PVC, pasuje do systemu MOLLE i na pasek. W magazynie, szybka dostawa.\",\"breadcrumb\":{\"@id\":\"https:\\\/\\\/toidupakk.ee\\\/pl\\\/toode\\\/kieszen-na-butelke-do-plecaka-mil-tec\\\/#breadcrumb\"},\"inLanguage\":\"pl-PL\",\"potentialAction\":[{\"@type\":\"ReadAction\",\"target\":[\"https:\\\/\\\/toidupakk.ee\\\/pl\\\/toode\\\/kieszen-na-butelke-do-plecaka-mil-tec\\\/\"]}]},{\"@type\":\"ImageObject\",\"inLanguage\":\"pl-PL\",\"@id\":\"https:\\\/\\\/toidupakk.ee\\\/pl\\\/toode\\\/kieszen-na-butelke-do-plecaka-mil-tec\\\/#primaryimage\",\"url\":\"https:\\\/\\\/toidupakk.ee\\\/wp-content\\\/uploads\\\/2025\\\/04\\\/Veepudeli-tasku-seljakotile-1.png\",\"contentUrl\":\"https:\\\/\\\/toidupakk.ee\\\/wp-content\\\/uploads\\\/2025\\\/04\\\/Veepudeli-tasku-seljakotile-1.png\",\"width\":800,\"height\":800,\"caption\":\"mil-tec veepudeli tasku\"},{\"@type\":\"BreadcrumbList\",\"@id\":\"https:\\\/\\\/toidupakk.ee\\\/pl\\\/toode\\\/kieszen-na-butelke-do-plecaka-mil-tec\\\/#breadcrumb\",\"itemListElement\":[{\"@type\":\"ListItem\",\"position\":1,\"name\":\"Avaleht\",\"item\":\"https:\\\/\\\/toidupakk.ee\\\/pl\\\/\"},{\"@type\":\"ListItem\",\"position\":2,\"name\":\"Sklep internetowy\",\"item\":\"https:\\\/\\\/toidupakk.ee\\\/pl\\\/sklep-internetowy\\\/\"},{\"@type\":\"ListItem\",\"position\":3,\"name\":\"Kiesze\u0144 na butelk\u0119 do plecaka MIL-TEC\u00ae\"}]},{\"@type\":\"WebSite\",\"@id\":\"https:\\\/\\\/toidupakk.ee\\\/pl\\\/#website\",\"url\":\"https:\\\/\\\/toidupakk.ee\\\/pl\\\/\",\"name\":\"Toidupakk.ee - Tactical Foodpack toidupakid\",\"description\":\"Tactical Foodpack k\u00fclmkuivatatud toidupakid ja matkaeined\",\"publisher\":{\"@id\":\"https:\\\/\\\/toidupakk.ee\\\/pl\\\/#organization\"},\"potentialAction\":[{\"@type\":\"SearchAction\",\"target\":{\"@type\":\"EntryPoint\",\"urlTemplate\":\"https:\\\/\\\/toidupakk.ee\\\/pl\\\/?s={search_term_string}\"},\"query-input\":{\"@type\":\"PropertyValueSpecification\",\"valueRequired\":true,\"valueName\":\"search_term_string\"}}],\"inLanguage\":\"pl-PL\"},{\"@type\":\"Organization\",\"@id\":\"https:\\\/\\\/toidupakk.ee\\\/pl\\\/#organization\",\"name\":\"Tactical Foodpack matkaeined\",\"url\":\"https:\\\/\\\/toidupakk.ee\\\/pl\\\/\",\"logo\":{\"@type\":\"ImageObject\",\"inLanguage\":\"pl-PL\",\"@id\":\"https:\\\/\\\/toidupakk.ee\\\/pl\\\/#\\\/schema\\\/logo\\\/image\\\/\",\"url\":\"https:\\\/\\\/toidupakk.ee\\\/wp-content\\\/uploads\\\/2022\\\/01\\\/Toidupakk-matkapood-logo-transparent.png\",\"contentUrl\":\"https:\\\/\\\/toidupakk.ee\\\/wp-content\\\/uploads\\\/2022\\\/01\\\/Toidupakk-matkapood-logo-transparent.png\",\"width\":500,\"height\":500,\"caption\":\"Tactical Foodpack matkaeined\"},\"image\":{\"@id\":\"https:\\\/\\\/toidupakk.ee\\\/pl\\\/#\\\/schema\\\/logo\\\/image\\\/\"},\"sameAs\":[\"https:\\\/\\\/www.facebook.com\\\/Toidupakk\",\"https:\\\/\\\/www.instagram.com\\\/toidupakk\\\/\"]}]}<\/script>\n<!-- \/ Yoast SEO plugin. -->","yoast_head_json":{"title":"Kiesze\u0144 na butelk\u0119 do plecaka MIL-TEC\u00ae","description":"Zam\u00f3w kiesze\u0144 na butelk\u0119 MIL-TEC\u00ae do plecaka \u2013 wytrzyma\u0142y pokrowiec z poliestru 600D z pow\u0142ok\u0105 PVC, pasuje do systemu MOLLE i na pasek. W magazynie, szybka dostawa.","robots":{"index":"index","follow":"follow","max-snippet":"max-snippet:-1","max-image-preview":"max-image-preview:large","max-video-preview":"max-video-preview:-1"},"canonical":"https:\/\/toidupakk.ee\/pl\/toode\/kieszen-na-butelke-do-plecaka-mil-tec\/","og_locale":"pl_PL","og_type":"article","og_title":"Kiesze\u0144 na butelk\u0119 do plecaka MIL-TEC\u00ae","og_description":"Zam\u00f3w kiesze\u0144 na butelk\u0119 MIL-TEC\u00ae do plecaka \u2013 wytrzyma\u0142y pokrowiec z poliestru 600D z pow\u0142ok\u0105 PVC, pasuje do systemu MOLLE i na pasek. W magazynie, szybka dostawa.","og_url":"https:\/\/toidupakk.ee\/pl\/toode\/kieszen-na-butelke-do-plecaka-mil-tec\/","og_site_name":"Toidupakk.ee - Tactical Foodpack toidupakid","article_publisher":"https:\/\/www.facebook.com\/Toidupakk","article_modified_time":"2026-04-13T19:31:55+00:00","og_image":[{"width":800,"height":800,"url":"https:\/\/toidupakk.ee\/wp-content\/uploads\/2025\/04\/Veepudeli-tasku-seljakotile-1.png","type":"image\/png"}],"twitter_card":"summary_large_image","twitter_misc":{"Szacowany czas czytania":"1 minuta"},"schema":{"@context":"https:\/\/schema.org","@graph":[{"@type":"WebPage","@id":"https:\/\/toidupakk.ee\/pl\/toode\/kieszen-na-butelke-do-plecaka-mil-tec\/","url":"https:\/\/toidupakk.ee\/pl\/toode\/kieszen-na-butelke-do-plecaka-mil-tec\/","name":"Kiesze\u0144 na butelk\u0119 do plecaka MIL-TEC\u00ae","isPartOf":{"@id":"https:\/\/toidupakk.ee\/pl\/#website"},"primaryImageOfPage":{"@id":"https:\/\/toidupakk.ee\/pl\/toode\/kieszen-na-butelke-do-plecaka-mil-tec\/#primaryimage"},"image":{"@id":"https:\/\/toidupakk.ee\/pl\/toode\/kieszen-na-butelke-do-plecaka-mil-tec\/#primaryimage"},"thumbnailUrl":"https:\/\/toidupakk.ee\/wp-content\/uploads\/2025\/04\/Veepudeli-tasku-seljakotile-1.png","datePublished":"2025-04-29T11:50:15+00:00","dateModified":"2026-04-13T19:31:55+00:00","description":"Zam\u00f3w kiesze\u0144 na butelk\u0119 MIL-TEC\u00ae do plecaka \u2013 wytrzyma\u0142y pokrowiec z poliestru 600D z pow\u0142ok\u0105 PVC, pasuje do systemu MOLLE i na pasek. W magazynie, szybka dostawa.","breadcrumb":{"@id":"https:\/\/toidupakk.ee\/pl\/toode\/kieszen-na-butelke-do-plecaka-mil-tec\/#breadcrumb"},"inLanguage":"pl-PL","potentialAction":[{"@type":"ReadAction","target":["https:\/\/toidupakk.ee\/pl\/toode\/kieszen-na-butelke-do-plecaka-mil-tec\/"]}]},{"@type":"ImageObject","inLanguage":"pl-PL","@id":"https:\/\/toidupakk.ee\/pl\/toode\/kieszen-na-butelke-do-plecaka-mil-tec\/#primaryimage","url":"https:\/\/toidupakk.ee\/wp-content\/uploads\/2025\/04\/Veepudeli-tasku-seljakotile-1.png","contentUrl":"https:\/\/toidupakk.ee\/wp-content\/uploads\/2025\/04\/Veepudeli-tasku-seljakotile-1.png","width":800,"height":800,"caption":"mil-tec veepudeli tasku"},{"@type":"BreadcrumbList","@id":"https:\/\/toidupakk.ee\/pl\/toode\/kieszen-na-butelke-do-plecaka-mil-tec\/#breadcrumb","itemListElement":[{"@type":"ListItem","position":1,"name":"Avaleht","item":"https:\/\/toidupakk.ee\/pl\/"},{"@type":"ListItem","position":2,"name":"Sklep internetowy","item":"https:\/\/toidupakk.ee\/pl\/sklep-internetowy\/"},{"@type":"ListItem","position":3,"name":"Kiesze\u0144 na butelk\u0119 do plecaka MIL-TEC\u00ae"}]},{"@type":"WebSite","@id":"https:\/\/toidupakk.ee\/pl\/#website","url":"https:\/\/toidupakk.ee\/pl\/","name":"Toidupakk.ee - Tactical Foodpack toidupakid","description":"Tactical Foodpack k\u00fclmkuivatatud toidupakid ja matkaeined","publisher":{"@id":"https:\/\/toidupakk.ee\/pl\/#organization"},"potentialAction":[{"@type":"SearchAction","target":{"@type":"EntryPoint","urlTemplate":"https:\/\/toidupakk.ee\/pl\/?s={search_term_string}"},"query-input":{"@type":"PropertyValueSpecification","valueRequired":true,"valueName":"search_term_string"}}],"inLanguage":"pl-PL"},{"@type":"Organization","@id":"https:\/\/toidupakk.ee\/pl\/#organization","name":"Tactical Foodpack matkaeined","url":"https:\/\/toidupakk.ee\/pl\/","logo":{"@type":"ImageObject","inLanguage":"pl-PL","@id":"https:\/\/toidupakk.ee\/pl\/#\/schema\/logo\/image\/","url":"https:\/\/toidupakk.ee\/wp-content\/uploads\/2022\/01\/Toidupakk-matkapood-logo-transparent.png","contentUrl":"https:\/\/toidupakk.ee\/wp-content\/uploads\/2022\/01\/Toidupakk-matkapood-logo-transparent.png","width":500,"height":500,"caption":"Tactical Foodpack matkaeined"},"image":{"@id":"https:\/\/toidupakk.ee\/pl\/#\/schema\/logo\/image\/"},"sameAs":["https:\/\/www.facebook.com\/Toidupakk","https:\/\/www.instagram.com\/toidupakk\/"]}]}},"jetpack_sharing_enabled":true,"_links":{"self":[{"href":"https:\/\/toidupakk.ee\/pl\/wp-json\/wp\/v2\/product\/50071","targetHints":{"allow":["GET"]}}],"collection":[{"href":"https:\/\/toidupakk.ee\/pl\/wp-json\/wp\/v2\/product"}],"about":[{"href":"https:\/\/toidupakk.ee\/pl\/wp-json\/wp\/v2\/types\/product"}],"replies":[{"embeddable":true,"href":"https:\/\/toidupakk.ee\/pl\/wp-json\/wp\/v2\/comments?post=50071"}],"wp:featuredmedia":[{"embeddable":true,"href":"https:\/\/toidupakk.ee\/pl\/wp-json\/wp\/v2\/media\/34429"}],"wp:attachment":[{"href":"https:\/\/toidupakk.ee\/pl\/wp-json\/wp\/v2\/media?parent=50071"}],"wp:term":[{"taxonomy":"product_brand","embeddable":true,"href":"https:\/\/toidupakk.ee\/pl\/wp-json\/wp\/v2\/product_brand?post=50071"},{"taxonomy":"product_cat","embeddable":true,"href":"https:\/\/toidupakk.ee\/pl\/wp-json\/wp\/v2\/product_cat?post=50071"},{"taxonomy":"product_tag","embeddable":true,"href":"https:\/\/toidupakk.ee\/pl\/wp-json\/wp\/v2\/product_tag?post=50071"}],"curies":[{"name":"wp","href":"https:\/\/api.w.org\/{rel}","templated":true}]}}