{"id":50008,"date":"2025-06-05T13:32:45","date_gmt":"2025-06-05T10:32:45","guid":{"rendered":"https:\/\/toidupakk.ee\/toode\/kompas-mapowy-terrax-pro\/"},"modified":"2026-04-14T11:00:31","modified_gmt":"2026-04-14T08:00:31","slug":"kompas-mapowy-terrax-pro","status":"publish","type":"product","link":"https:\/\/toidupakk.ee\/pl\/toode\/kompas-mapowy-terrax-pro\/","title":{"rendered":"Kompas mapowy TerraX PRO"},"content":{"rendered":"<h2 data-start=\"203\" data-end=\"269\"><img fetchpriority=\"high\" decoding=\"async\" class=\"alignright wp-image-35889 size-thumbnail\" src=\"https:\/\/toidupakk.ee\/wp-content\/uploads\/2025\/06\/Kaardikompass-TerraX-PRO2-500x500.png\" alt=\"kompas mapowy do orientacji lub pracy z map\u0105\" width=\"500\" height=\"500\" srcset=\"https:\/\/toidupakk.ee\/wp-content\/uploads\/2025\/06\/Kaardikompass-TerraX-PRO2-500x500.png 500w, https:\/\/toidupakk.ee\/wp-content\/uploads\/2025\/06\/Kaardikompass-TerraX-PRO2-300x300.png 300w, https:\/\/toidupakk.ee\/wp-content\/uploads\/2025\/06\/Kaardikompass-TerraX-PRO2-768x768.png 768w, https:\/\/toidupakk.ee\/wp-content\/uploads\/2025\/06\/Kaardikompass-TerraX-PRO2-400x400.png 400w, https:\/\/toidupakk.ee\/wp-content\/uploads\/2025\/06\/Kaardikompass-TerraX-PRO2-100x100.png 100w, https:\/\/toidupakk.ee\/wp-content\/uploads\/2025\/06\/Kaardikompass-TerraX-PRO2.png 800w\" sizes=\"(max-width: 500px) 100vw, 500px\" \/><\/h2>\n<h2 data-start=\"203\" data-end=\"269\"><strong data-start=\"206\" data-end=\"269\">Kompas mapowy TerraX PRO \u2013 precyzja i pewno\u015b\u0107 w ka\u017cdej sytuacji<\/strong><\/h2>\n<p data-start=\"271\" data-end=\"559\"><strong data-start=\"271\" data-end=\"299\">Kompas mapowy TerraX PRO<\/strong> to profesjonalne narz\u0119dzie dla ka\u017cdego, kto potrzebuje dok\u0142adnego i niezawodnego wska\u017anika kierunku w terenie, na wyprawie lub podczas pracy z map\u0105. Ten <strong data-start=\"425\" data-end=\"448\">przezroczysty kompas<\/strong> zosta\u0142 zaprojektowany do u\u017cytku bezpo\u015brednio na mapie, umo\u017cliwiaj\u0105c szybkie i precyzyjne wyznaczanie kierunk\u00f3w, azymut\u00f3w oraz odleg\u0142o\u015bci. <\/p>\n<p data-start=\"561\" data-end=\"877\">Wykonany z mocnego i trwa\u0142ego, przezroczystego tworzywa, <strong data-start=\"628\" data-end=\"642\">TerraX PRO<\/strong> jest idealnym narz\u0119dziem zar\u00f3wno dla amator\u00f3w w\u0119dr\u00f3wek, jak i do\u015bwiadczonych orientalist\u00f3w. Dzi\u0119ki przezroczystej podstawie kompas mo\u017cna wygodnie po\u0142o\u017cy\u0107 na mapie tak, aby wszystkie informacje pozosta\u0142y widoczne \u2013 czyni to nawigacj\u0119 prost\u0105 i logiczn\u0105. <\/p>\n<h3 data-start=\"879\" data-end=\"913\"><strong data-start=\"883\" data-end=\"913\">Precyzja, na kt\u00f3rej mo\u017cesz polega\u0107<\/strong><\/h3>\n<p data-start=\"917\" data-end=\"1006\"><strong data-start=\"917\" data-end=\"951\">Skale 1:25 000 i 1:50 000<\/strong>, pasuj\u0105ce do najcz\u0119\u015bciej u\u017cywanych map turystycznych i topograficznych<\/p>\n<p data-start=\"1009\" data-end=\"1067\"><strong data-start=\"1009\" data-end=\"1036\">Linijka w centymetrach<\/strong> do dok\u0142adnego mierzenia odleg\u0142o\u015bci<\/p>\n<p data-start=\"1070\" data-end=\"1131\"><strong data-start=\"1070\" data-end=\"1088\">Szk\u0142o powi\u0119kszaj\u0105ce<\/strong> pomaga odczyta\u0107 nawet najmniejsze detale mapy<\/p>\n<p data-start=\"1134\" data-end=\"1222\"><strong data-start=\"1134\" data-end=\"1163\">Obrotowa tarcza 360\u00b0<\/strong>, dzi\u0119ki kt\u00f3rej \u0142atwo i szybko wyznaczysz kierunek oraz azymut<\/p>\n<p data-start=\"1225\" data-end=\"1300\"><strong data-start=\"1225\" data-end=\"1259\">Czas reakcji tylko 2 sekundy<\/strong> \u2013 szybka i dok\u0142adna orientacja w ka\u017cdym momencie<\/p>\n<p data-start=\"1302\" data-end=\"1502\">W zestawie znajduje si\u0119 <strong data-start=\"1316\" data-end=\"1329\">smycz<\/strong>, kt\u00f3ra pozwala wygodnie i bezpiecznie zawiesi\u0107 kompas na szyi. Dzi\u0119ki temu <strong data-start=\"1410\" data-end=\"1438\">Kompas mapowy TerraX PRO<\/strong> jest zawsze pod r\u0119k\u0105, gdy potrzebujesz szybkiej pomocy w nawigacji. <\/p>\n<hr data-start=\"1504\" data-end=\"1507\">\n<h3 data-start=\"1509\" data-end=\"1557\"><strong data-start=\"1516\" data-end=\"1557\">Dlaczego warto wybra\u0107 kompas mapowy TerraX PRO?<\/strong><\/h3>\n<p data-start=\"1561\" data-end=\"1621\"><strong data-start=\"1564\" data-end=\"1582\">Doskona\u0142a widoczno\u015b\u0107<\/strong> \u2013 przezroczysta konstrukcja nie zas\u0142ania mapy<\/p>\n<p data-start=\"1624\" data-end=\"1702\"><strong data-start=\"1627\" data-end=\"1653\">Profesjonalna precyzja<\/strong> \u2013 narz\u0119dzie, kt\u00f3remu ufaj\u0105 do\u015bwiadczeni podr\u00f3\u017cnicy<\/p>\n<p data-start=\"1705\" data-end=\"1817\"><strong data-start=\"1708\" data-end=\"1731\">Wielofunkcyjno\u015b\u0107<\/strong> \u2013 idealny do nawigacji na mapie, mierzenia odleg\u0142o\u015bci i wyznaczania kierunku<\/p>\n<p data-start=\"1820\" data-end=\"1907\"><strong data-start=\"1823\" data-end=\"1846\">Lekki i wytrzyma\u0142y<\/strong> \u2013 idealny na ka\u017cd\u0105 wypraw\u0119, kurs przetrwania czy edukacj\u0119 w terenie<\/p>\n<h3 data-start=\"1909\" data-end=\"1942\"><strong data-start=\"1916\" data-end=\"1942\">Uzupe\u0142nij sw\u00f3j ekwipunek:<\/strong><\/h3>\n<p data-start=\"1946\" data-end=\"2080\">Potrzebujesz dodatkowej ochrony przed komarami? Sprawd\u017a <a class=\"\" href=\"https:\/\/toidupakk.ee\/toode\/saasetorjevahend-deet-50\/\" target=\"_new\" rel=\"noopener\" data-start=\"1993\" data-end=\"2078\">\u015brodek na komary DEET 50% \u00bb<\/a> <\/p>\n<p data-start=\"2083\" data-end=\"2213\">Planujesz wielodniow\u0105 wypraw\u0119? Mamy <a class=\"cursor-pointer\" target=\"_new\" rel=\"noopener\" data-start=\"2126\" data-end=\"2211\">zestawy \u017cywno\u015bci dla turyst\u00f3w \u00bb<\/a> <\/p>\n<hr data-start=\"2453\" data-end=\"2456\">\n<p data-start=\"2458\" data-end=\"2651\"><strong data-start=\"2458\" data-end=\"2486\">Kompas mapowy TerraX PRO<\/strong> nadaje si\u0119 zar\u00f3wno do szko\u0142y, jak i do powa\u017cnych wypraw w teren.<br data-start=\"2587\" data-end=\"2590\">\ud83d\uded2 <strong data-start=\"2593\" data-end=\"2651\">Zam\u00f3w ju\u017c dzi\u015b i ruszaj pewnie w dobrym kierunku!<\/strong><\/p>\n<p>Zobacz tak\u017ce inne akcesoria turystyczne <a href=\"https:\/\/toidupakk.ee\/pl\/tootekategooria\/sprzet-turystyczny\/#section-3-79\">TUTAJ<\/a><\/p>\n<p>Interesuj\u0105 Ci\u0119 posi\u0142ki turystyczne? Zobacz <a href=\"\/?product_cat=snakk#section-3-79\">TUTAJ<\/a><\/p>\n<p>Znajd\u017a inspiracj\u0119 na kolejne przygody na <a href=\"https:\/\/www.instagram.com\/toidupakk\/\">Instagramie<\/a> i <a href=\"https:\/\/www.facebook.com\/Toidupakk\/\">Facebooku<\/a> Toidupakk.<\/p>\n","protected":false},"excerpt":{"rendered":"<ul>\n<li>Przezroczysty kompas do orientacji w terenie lub pracy z map\u0105<\/li>\n<li>Przezroczyste tworzywo pozwala na wygodne korzystanie z kompasu bezpo\u015brednio na mapie<\/li>\n<li>Skala 1:25 000 i 1:5000 (w kilometrach)<\/li>\n<li>Linijka z oznaczeniami cm i szk\u0142o powi\u0119kszaj\u0105ce<\/li>\n<li>Idealne narz\u0119dzie do wyznaczania kierunk\u00f3w, azymut\u00f3w i odleg\u0142o\u015bci na mapie<\/li>\n<li>Obrotowa cz\u0119\u015b\u0107 kompasu 360 stopni<\/li>\n<li>Z mocnego, przezroczystego tworzywa<\/li>\n<li>Czas reakcji kompasu 2 sekundy<\/li>\n<li>W zestawie smycz do zawieszenia<\/li>\n<\/ul>\n<p>\u2705 Dost\u0119pne w magazynie, szybka dostawa w 1\u20133 dni robocze<\/p>\n","protected":false},"featured_media":35888,"comment_status":"open","ping_status":"closed","template":"","meta":{"_acf_changed":false},"product_brand":[],"product_cat":[303,365,301],"product_tag":[],"class_list":{"0":"post-50008","1":"product","2":"type-product","3":"status-publish","4":"has-post-thumbnail","6":"product_cat-akcesoria-turystyczne","7":"product_cat-kompasy","8":"product_cat-sprzet-turystyczny","10":"first","11":"outofstock","12":"sale","13":"taxable","14":"shipping-taxable","15":"purchasable","16":"product-type-simple"},"bundled_by":[],"bundle_stock_status":"outofstock","bundle_stock_quantity":0,"bundle_virtual":false,"bundle_layout":"","bundle_add_to_cart_form_location":"","bundle_editable_in_cart":false,"bundle_sold_individually_context":"","bundle_item_grouping":"","bundle_min_size":"","bundle_max_size":"","bundle_price":[],"bundled_items":[],"bundle_sell_ids":[],"acf":[],"yoast_head":"<!-- This site is optimized with the Yoast SEO plugin v27.3 - https:\/\/yoast.com\/product\/yoast-seo-wordpress\/ -->\n<title>Kompas mapowy TerraX PRO<\/title>\n<meta name=\"description\" content=\"Kompas mapowy TerraX PRO to niezawodny wyb\u00f3r dla ka\u017cdego turysty i orientali\u015bci. Skale i szk\u0142o powi\u0119kszaj\u0105ce \u2013 wszystko, czego potrzebujesz do nawigacji w terenie.\" \/>\n<meta name=\"robots\" content=\"index, follow, max-snippet:-1, max-image-preview:large, max-video-preview:-1\" \/>\n<link rel=\"canonical\" href=\"https:\/\/toidupakk.ee\/pl\/toode\/kompas-mapowy-terrax-pro\/\" \/>\n<meta property=\"og:locale\" content=\"pl_PL\" \/>\n<meta property=\"og:type\" content=\"article\" \/>\n<meta property=\"og:title\" content=\"Kompas mapowy TerraX PRO\" \/>\n<meta property=\"og:description\" content=\"Kompas mapowy TerraX PRO to niezawodny wyb\u00f3r dla ka\u017cdego turysty i orientali\u015bci. Skale i szk\u0142o powi\u0119kszaj\u0105ce \u2013 wszystko, czego potrzebujesz do nawigacji w terenie.\" \/>\n<meta property=\"og:url\" content=\"https:\/\/toidupakk.ee\/pl\/toode\/kompas-mapowy-terrax-pro\/\" \/>\n<meta property=\"og:site_name\" content=\"Toidupakk.ee - Tactical Foodpack toidupakid\" \/>\n<meta property=\"article:publisher\" content=\"https:\/\/www.facebook.com\/Toidupakk\" \/>\n<meta property=\"article:modified_time\" content=\"2026-04-14T08:00:31+00:00\" \/>\n<meta property=\"og:image\" content=\"https:\/\/toidupakk.ee\/wp-content\/uploads\/2025\/06\/Kaardikompass-TerraX-PRO1.png\" \/>\n\t<meta property=\"og:image:width\" content=\"800\" \/>\n\t<meta property=\"og:image:height\" content=\"800\" \/>\n\t<meta property=\"og:image:type\" content=\"image\/png\" \/>\n<meta name=\"twitter:card\" content=\"summary_large_image\" \/>\n<meta name=\"twitter:label1\" content=\"Szacowany czas czytania\" \/>\n\t<meta name=\"twitter:data1\" content=\"2 minuty\" \/>\n<script type=\"application\/ld+json\" class=\"yoast-schema-graph\">{\"@context\":\"https:\\\/\\\/schema.org\",\"@graph\":[{\"@type\":\"WebPage\",\"@id\":\"https:\\\/\\\/toidupakk.ee\\\/pl\\\/toode\\\/kompas-mapowy-terrax-pro\\\/\",\"url\":\"https:\\\/\\\/toidupakk.ee\\\/pl\\\/toode\\\/kompas-mapowy-terrax-pro\\\/\",\"name\":\"Kompas mapowy TerraX PRO\",\"isPartOf\":{\"@id\":\"https:\\\/\\\/toidupakk.ee\\\/pl\\\/#website\"},\"primaryImageOfPage\":{\"@id\":\"https:\\\/\\\/toidupakk.ee\\\/pl\\\/toode\\\/kompas-mapowy-terrax-pro\\\/#primaryimage\"},\"image\":{\"@id\":\"https:\\\/\\\/toidupakk.ee\\\/pl\\\/toode\\\/kompas-mapowy-terrax-pro\\\/#primaryimage\"},\"thumbnailUrl\":\"https:\\\/\\\/toidupakk.ee\\\/wp-content\\\/uploads\\\/2025\\\/06\\\/Kaardikompass-TerraX-PRO1.png\",\"datePublished\":\"2025-06-05T10:32:45+00:00\",\"dateModified\":\"2026-04-14T08:00:31+00:00\",\"description\":\"Kompas mapowy TerraX PRO to niezawodny wyb\u00f3r dla ka\u017cdego turysty i orientali\u015bci. Skale i szk\u0142o powi\u0119kszaj\u0105ce \u2013 wszystko, czego potrzebujesz do nawigacji w terenie.\",\"breadcrumb\":{\"@id\":\"https:\\\/\\\/toidupakk.ee\\\/pl\\\/toode\\\/kompas-mapowy-terrax-pro\\\/#breadcrumb\"},\"inLanguage\":\"pl-PL\",\"potentialAction\":[{\"@type\":\"ReadAction\",\"target\":[\"https:\\\/\\\/toidupakk.ee\\\/pl\\\/toode\\\/kompas-mapowy-terrax-pro\\\/\"]}]},{\"@type\":\"ImageObject\",\"inLanguage\":\"pl-PL\",\"@id\":\"https:\\\/\\\/toidupakk.ee\\\/pl\\\/toode\\\/kompas-mapowy-terrax-pro\\\/#primaryimage\",\"url\":\"https:\\\/\\\/toidupakk.ee\\\/wp-content\\\/uploads\\\/2025\\\/06\\\/Kaardikompass-TerraX-PRO1.png\",\"contentUrl\":\"https:\\\/\\\/toidupakk.ee\\\/wp-content\\\/uploads\\\/2025\\\/06\\\/Kaardikompass-TerraX-PRO1.png\",\"width\":800,\"height\":800,\"caption\":\"kaardikompass kaardit\u00f6\u00f6 jaoks v\u00f5i orienteerumiseks\"},{\"@type\":\"BreadcrumbList\",\"@id\":\"https:\\\/\\\/toidupakk.ee\\\/pl\\\/toode\\\/kompas-mapowy-terrax-pro\\\/#breadcrumb\",\"itemListElement\":[{\"@type\":\"ListItem\",\"position\":1,\"name\":\"Avaleht\",\"item\":\"https:\\\/\\\/toidupakk.ee\\\/pl\\\/\"},{\"@type\":\"ListItem\",\"position\":2,\"name\":\"Sklep internetowy\",\"item\":\"https:\\\/\\\/toidupakk.ee\\\/pl\\\/sklep-internetowy\\\/\"},{\"@type\":\"ListItem\",\"position\":3,\"name\":\"Kompas mapowy TerraX PRO\"}]},{\"@type\":\"WebSite\",\"@id\":\"https:\\\/\\\/toidupakk.ee\\\/pl\\\/#website\",\"url\":\"https:\\\/\\\/toidupakk.ee\\\/pl\\\/\",\"name\":\"Toidupakk.ee - Tactical Foodpack toidupakid\",\"description\":\"Tactical Foodpack k\u00fclmkuivatatud toidupakid ja matkaeined\",\"publisher\":{\"@id\":\"https:\\\/\\\/toidupakk.ee\\\/pl\\\/#organization\"},\"potentialAction\":[{\"@type\":\"SearchAction\",\"target\":{\"@type\":\"EntryPoint\",\"urlTemplate\":\"https:\\\/\\\/toidupakk.ee\\\/pl\\\/?s={search_term_string}\"},\"query-input\":{\"@type\":\"PropertyValueSpecification\",\"valueRequired\":true,\"valueName\":\"search_term_string\"}}],\"inLanguage\":\"pl-PL\"},{\"@type\":\"Organization\",\"@id\":\"https:\\\/\\\/toidupakk.ee\\\/pl\\\/#organization\",\"name\":\"Tactical Foodpack matkaeined\",\"url\":\"https:\\\/\\\/toidupakk.ee\\\/pl\\\/\",\"logo\":{\"@type\":\"ImageObject\",\"inLanguage\":\"pl-PL\",\"@id\":\"https:\\\/\\\/toidupakk.ee\\\/pl\\\/#\\\/schema\\\/logo\\\/image\\\/\",\"url\":\"https:\\\/\\\/toidupakk.ee\\\/wp-content\\\/uploads\\\/2022\\\/01\\\/Toidupakk-matkapood-logo-transparent.png\",\"contentUrl\":\"https:\\\/\\\/toidupakk.ee\\\/wp-content\\\/uploads\\\/2022\\\/01\\\/Toidupakk-matkapood-logo-transparent.png\",\"width\":500,\"height\":500,\"caption\":\"Tactical Foodpack matkaeined\"},\"image\":{\"@id\":\"https:\\\/\\\/toidupakk.ee\\\/pl\\\/#\\\/schema\\\/logo\\\/image\\\/\"},\"sameAs\":[\"https:\\\/\\\/www.facebook.com\\\/Toidupakk\",\"https:\\\/\\\/www.instagram.com\\\/toidupakk\\\/\"]}]}<\/script>\n<!-- \/ Yoast SEO plugin. -->","yoast_head_json":{"title":"Kompas mapowy TerraX PRO","description":"Kompas mapowy TerraX PRO to niezawodny wyb\u00f3r dla ka\u017cdego turysty i orientali\u015bci. Skale i szk\u0142o powi\u0119kszaj\u0105ce \u2013 wszystko, czego potrzebujesz do nawigacji w terenie.","robots":{"index":"index","follow":"follow","max-snippet":"max-snippet:-1","max-image-preview":"max-image-preview:large","max-video-preview":"max-video-preview:-1"},"canonical":"https:\/\/toidupakk.ee\/pl\/toode\/kompas-mapowy-terrax-pro\/","og_locale":"pl_PL","og_type":"article","og_title":"Kompas mapowy TerraX PRO","og_description":"Kompas mapowy TerraX PRO to niezawodny wyb\u00f3r dla ka\u017cdego turysty i orientali\u015bci. Skale i szk\u0142o powi\u0119kszaj\u0105ce \u2013 wszystko, czego potrzebujesz do nawigacji w terenie.","og_url":"https:\/\/toidupakk.ee\/pl\/toode\/kompas-mapowy-terrax-pro\/","og_site_name":"Toidupakk.ee - Tactical Foodpack toidupakid","article_publisher":"https:\/\/www.facebook.com\/Toidupakk","article_modified_time":"2026-04-14T08:00:31+00:00","og_image":[{"width":800,"height":800,"url":"https:\/\/toidupakk.ee\/wp-content\/uploads\/2025\/06\/Kaardikompass-TerraX-PRO1.png","type":"image\/png"}],"twitter_card":"summary_large_image","twitter_misc":{"Szacowany czas czytania":"2 minuty"},"schema":{"@context":"https:\/\/schema.org","@graph":[{"@type":"WebPage","@id":"https:\/\/toidupakk.ee\/pl\/toode\/kompas-mapowy-terrax-pro\/","url":"https:\/\/toidupakk.ee\/pl\/toode\/kompas-mapowy-terrax-pro\/","name":"Kompas mapowy TerraX PRO","isPartOf":{"@id":"https:\/\/toidupakk.ee\/pl\/#website"},"primaryImageOfPage":{"@id":"https:\/\/toidupakk.ee\/pl\/toode\/kompas-mapowy-terrax-pro\/#primaryimage"},"image":{"@id":"https:\/\/toidupakk.ee\/pl\/toode\/kompas-mapowy-terrax-pro\/#primaryimage"},"thumbnailUrl":"https:\/\/toidupakk.ee\/wp-content\/uploads\/2025\/06\/Kaardikompass-TerraX-PRO1.png","datePublished":"2025-06-05T10:32:45+00:00","dateModified":"2026-04-14T08:00:31+00:00","description":"Kompas mapowy TerraX PRO to niezawodny wyb\u00f3r dla ka\u017cdego turysty i orientali\u015bci. Skale i szk\u0142o powi\u0119kszaj\u0105ce \u2013 wszystko, czego potrzebujesz do nawigacji w terenie.","breadcrumb":{"@id":"https:\/\/toidupakk.ee\/pl\/toode\/kompas-mapowy-terrax-pro\/#breadcrumb"},"inLanguage":"pl-PL","potentialAction":[{"@type":"ReadAction","target":["https:\/\/toidupakk.ee\/pl\/toode\/kompas-mapowy-terrax-pro\/"]}]},{"@type":"ImageObject","inLanguage":"pl-PL","@id":"https:\/\/toidupakk.ee\/pl\/toode\/kompas-mapowy-terrax-pro\/#primaryimage","url":"https:\/\/toidupakk.ee\/wp-content\/uploads\/2025\/06\/Kaardikompass-TerraX-PRO1.png","contentUrl":"https:\/\/toidupakk.ee\/wp-content\/uploads\/2025\/06\/Kaardikompass-TerraX-PRO1.png","width":800,"height":800,"caption":"kaardikompass kaardit\u00f6\u00f6 jaoks v\u00f5i orienteerumiseks"},{"@type":"BreadcrumbList","@id":"https:\/\/toidupakk.ee\/pl\/toode\/kompas-mapowy-terrax-pro\/#breadcrumb","itemListElement":[{"@type":"ListItem","position":1,"name":"Avaleht","item":"https:\/\/toidupakk.ee\/pl\/"},{"@type":"ListItem","position":2,"name":"Sklep internetowy","item":"https:\/\/toidupakk.ee\/pl\/sklep-internetowy\/"},{"@type":"ListItem","position":3,"name":"Kompas mapowy TerraX PRO"}]},{"@type":"WebSite","@id":"https:\/\/toidupakk.ee\/pl\/#website","url":"https:\/\/toidupakk.ee\/pl\/","name":"Toidupakk.ee - Tactical Foodpack toidupakid","description":"Tactical Foodpack k\u00fclmkuivatatud toidupakid ja matkaeined","publisher":{"@id":"https:\/\/toidupakk.ee\/pl\/#organization"},"potentialAction":[{"@type":"SearchAction","target":{"@type":"EntryPoint","urlTemplate":"https:\/\/toidupakk.ee\/pl\/?s={search_term_string}"},"query-input":{"@type":"PropertyValueSpecification","valueRequired":true,"valueName":"search_term_string"}}],"inLanguage":"pl-PL"},{"@type":"Organization","@id":"https:\/\/toidupakk.ee\/pl\/#organization","name":"Tactical Foodpack matkaeined","url":"https:\/\/toidupakk.ee\/pl\/","logo":{"@type":"ImageObject","inLanguage":"pl-PL","@id":"https:\/\/toidupakk.ee\/pl\/#\/schema\/logo\/image\/","url":"https:\/\/toidupakk.ee\/wp-content\/uploads\/2022\/01\/Toidupakk-matkapood-logo-transparent.png","contentUrl":"https:\/\/toidupakk.ee\/wp-content\/uploads\/2022\/01\/Toidupakk-matkapood-logo-transparent.png","width":500,"height":500,"caption":"Tactical Foodpack matkaeined"},"image":{"@id":"https:\/\/toidupakk.ee\/pl\/#\/schema\/logo\/image\/"},"sameAs":["https:\/\/www.facebook.com\/Toidupakk","https:\/\/www.instagram.com\/toidupakk\/"]}]}},"jetpack_sharing_enabled":true,"_links":{"self":[{"href":"https:\/\/toidupakk.ee\/pl\/wp-json\/wp\/v2\/product\/50008","targetHints":{"allow":["GET"]}}],"collection":[{"href":"https:\/\/toidupakk.ee\/pl\/wp-json\/wp\/v2\/product"}],"about":[{"href":"https:\/\/toidupakk.ee\/pl\/wp-json\/wp\/v2\/types\/product"}],"replies":[{"embeddable":true,"href":"https:\/\/toidupakk.ee\/pl\/wp-json\/wp\/v2\/comments?post=50008"}],"wp:featuredmedia":[{"embeddable":true,"href":"https:\/\/toidupakk.ee\/pl\/wp-json\/wp\/v2\/media\/35888"}],"wp:attachment":[{"href":"https:\/\/toidupakk.ee\/pl\/wp-json\/wp\/v2\/media?parent=50008"}],"wp:term":[{"taxonomy":"product_brand","embeddable":true,"href":"https:\/\/toidupakk.ee\/pl\/wp-json\/wp\/v2\/product_brand?post=50008"},{"taxonomy":"product_cat","embeddable":true,"href":"https:\/\/toidupakk.ee\/pl\/wp-json\/wp\/v2\/product_cat?post=50008"},{"taxonomy":"product_tag","embeddable":true,"href":"https:\/\/toidupakk.ee\/pl\/wp-json\/wp\/v2\/product_tag?post=50008"}],"curies":[{"name":"wp","href":"https:\/\/api.w.org\/{rel}","templated":true}]}}