{"id":50002,"date":"2025-06-16T13:35:31","date_gmt":"2025-06-16T10:35:31","guid":{"rendered":"https:\/\/toidupakk.ee\/toode\/wolowina-po-burgundzku\/"},"modified":"2026-04-16T10:30:46","modified_gmt":"2026-04-16T07:30:46","slug":"wolowina-po-burgundzku","status":"publish","type":"product","link":"https:\/\/toidupakk.ee\/pl\/toode\/wolowina-po-burgundzku\/","title":{"rendered":"Wo\u0142owina po burgundzku"},"content":{"rendered":"<h2 data-start=\"165\" data-end=\"208\"><strong data-start=\"169\" data-end=\"208\">Tactical Foodpack Wo\u0142owina po burgundzku<\/strong><\/h2>\n<p data-start=\"168\" data-end=\"578\"><strong data-start=\"219\" data-end=\"273\">Tactical Foodpack Wo\u0142owina po burgundzku 110 g<\/strong> to praktyczne i po\u017cywne danie, kt\u00f3re \u0142\u0105czy w sobie 27% wo\u0142owiny, ziemniaki, marchew, warzywa i czerwone wino. Ten pe\u0142en smaku posi\u0142ek na restauracyjnym poziomie doskonale sprawdzi si\u0119 na wyprawie, w pracy lub jako zapas kryzysowy. Dzi\u0119ki technologii liofilizacji \u017cywno\u015b\u0107 ma d\u0142ugi termin przydatno\u015bci oraz zachowuje swoj\u0105 tekstur\u0119 i warto\u015bci od\u017cywcze.  <\/p>\n<p data-start=\"168\" data-end=\"578\"><img fetchpriority=\"high\" decoding=\"async\" class=\"alignnone wp-image-36376 size-thumbnail\" src=\"https:\/\/toidupakk.ee\/wp-content\/uploads\/2025\/06\/Tactical-Foodpack-Outdoor-Food-Beef-Burgundy-Stew-500x500.webp\" alt=\"Wo\u0142owina po burgundzku to syc\u0105cy liofilizowany posi\u0142ek turystyczny, kt\u00f3ry \u0142\u0105czy delikatn\u0105 wo\u0142owin\u0119, warzywa i sos na bazie czerwonego wina. Idealne danie dla smakoszy nawet w trudnych warunkach.\" width=\"500\" height=\"500\" srcset=\"https:\/\/toidupakk.ee\/wp-content\/uploads\/2025\/06\/Tactical-Foodpack-Outdoor-Food-Beef-Burgundy-Stew-500x500.webp 500w, https:\/\/toidupakk.ee\/wp-content\/uploads\/2025\/06\/Tactical-Foodpack-Outdoor-Food-Beef-Burgundy-Stew-300x300.webp 300w, https:\/\/toidupakk.ee\/wp-content\/uploads\/2025\/06\/Tactical-Foodpack-Outdoor-Food-Beef-Burgundy-Stew-400x400.webp 400w, https:\/\/toidupakk.ee\/wp-content\/uploads\/2025\/06\/Tactical-Foodpack-Outdoor-Food-Beef-Burgundy-Stew-100x100.webp 100w\" sizes=\"(max-width: 500px) 100vw, 500px\" \/><\/p>\n<h3 data-start=\"564\" data-end=\"601\"><strong data-start=\"567\" data-end=\"601\">Dlaczego warto wybra\u0107 wo\u0142owin\u0119 po burgundzku?<\/strong><\/h3>\n<p class=\"\" data-start=\"603\" data-end=\"905\"><strong>Wo\u0142owina po burgundzku<\/strong> to bogaty w sk\u0142adniki od\u017cywcze i \u0142atwy w przygotowaniu posi\u0142ek, kt\u00f3ry zapewnia \u015bwietne wra\u017cenia smakowe i wystarczaj\u0105c\u0105 dawk\u0119 energii na ca\u0142y dzie\u0144.<br data-start=\"743\" data-end=\"746\"><strong data-start=\"746\" data-end=\"767\">Tactical Foodpack<\/strong> s\u0142ynie z wysokiej jako\u015bci i praktyczno\u015bci, oferuj\u0105c pe\u0142nowarto\u015bciowe dania dla najbardziej wymagaj\u0105cych smakoszy.<\/p>\n<ul>\n<li data-start=\"907\" data-end=\"1451\"><strong data-start=\"910\" data-end=\"932\">\u0141atwe przygotowanie:<\/strong> Dodaj 380 ml gor\u0105cej wody, wymieszaj i odczekaj 15 minut \u2013 szybki i wygodny ciep\u0142y posi\u0142ek w dowolnym momencie<\/li>\n<li data-start=\"907\" data-end=\"1451\"><strong data-start=\"1021\" data-end=\"1047\">Wysoka zawarto\u015b\u0107 energii:<\/strong> Porcja zawiera 500 kcal \u2013 wystarczaj\u0105ca energia do ka\u017cdej aktywno\u015bci<\/li>\n<li data-start=\"907\" data-end=\"1451\"><strong data-start=\"1114\" data-end=\"1137\">Naturalny sk\u0142ad:<\/strong> Bez konserwant\u00f3w i sztucznych dodatk\u00f3w \u2013 tylko wysokiej jako\u015bci naturalne sk\u0142adniki<\/li>\n<li data-start=\"907\" data-end=\"1451\"><strong data-start=\"1241\" data-end=\"1262\">D\u0142ugi termin przydatno\u015bci:<\/strong> Najlepiej spo\u017cy\u0107 przed up\u0142ywem 8 lat od daty produkcji \u2013 idealna \u017cywno\u015b\u0107 na wyprawy lub zapas ratunkowy<\/li>\n<li data-start=\"907\" data-end=\"1451\"><strong data-start=\"1356\" data-end=\"1379\">Wyprodukowano w Niemczech:<\/strong> Niemiecka jako\u015b\u0107 gwarantuje zachowanie smaku i warto\u015bci od\u017cywczych przez d\u0142ugi czas<\/li>\n<\/ul>\n<h3><strong data-start=\"145\" data-end=\"195\">Co sprawia, \u017ce wo\u0142owina po burgundzku jest wyj\u0105tkowa?<\/strong><\/h3>\n<p>To danie \u0142\u0105czy 27% wo\u0142owiny, ziemniaki, marchew, pieczarki i aromatyczny sos na bazie czerwonego wina. Zio\u0142a takie jak tymianek, rozmaryn i owoce ja\u0142owca dodaj\u0105 g\u0142\u0119bi, tworz\u0105c luksusowe doznania smakowe na poziomie restauracyjnym. To pe\u0142nowarto\u015bciowy posi\u0142ek, kt\u00f3ry idealnie sprawdzi si\u0119 jako towarzysz wypraw, zapas kryzysowy lub wygodny lunch w biurze czy w domu.  <\/p>\n<table style=\"width: 495px; border-collapse: collapse; font-family: Arial, sans-serif; font-size: 15px; background-color: #f6f4f2; height: 370px;\">\n<thead>\n<tr style=\"background-color: #e7e3df;\">\n<th style=\"text-align: left; padding: 10px; border: 1px solid #d1ccc7;\">Warto\u015b\u0107 od\u017cywcza<\/th>\n<th style=\"text-align: left; padding: 10px; border: 1px solid #d1ccc7;\">Na porcj\u0119<\/th>\n<th style=\"text-align: left; padding: 10px; border: 1px solid #d1ccc7;\">Na 100 g<\/th>\n<\/tr>\n<\/thead>\n<tbody>\n<tr>\n<td style=\"padding: 10px; border: 1px solid #d1ccc7;\">Energia<\/td>\n<td style=\"padding: 10px; border: 1px solid #d1ccc7;\">2066 kJ \/ 500 kcal<\/td>\n<td style=\"padding: 10px; border: 1px solid #d1ccc7;\">1578 kJ \/ 454 kcal<\/td>\n<\/tr>\n<tr>\n<td style=\"padding: 10px; border: 1px solid #d1ccc7;\">T\u0142uszcz<\/td>\n<td style=\"padding: 10px; border: 1px solid #d1ccc7;\">25 g<\/td>\n<td style=\"padding: 10px; border: 1px solid #d1ccc7;\">23 g<\/td>\n<\/tr>\n<tr>\n<td style=\"padding: 10px; border: 1px solid #d1ccc7;\">\u2013 w tym kwasy t\u0142uszczowe nasycone<\/td>\n<td style=\"padding: 10px; border: 1px solid #d1ccc7;\">10 g<\/td>\n<td style=\"padding: 10px; border: 1px solid #d1ccc7;\">8,8 g<\/td>\n<\/tr>\n<tr>\n<td style=\"padding: 10px; border: 1px solid #d1ccc7;\">W\u0119glowodany<\/td>\n<td style=\"padding: 10px; border: 1px solid #d1ccc7;\">28 g<\/td>\n<td style=\"padding: 10px; border: 1px solid #d1ccc7;\">25 g<\/td>\n<\/tr>\n<tr>\n<td style=\"padding: 10px; border: 1px solid #d1ccc7;\">\u2013 w tym cukry<\/td>\n<td style=\"padding: 10px; border: 1px solid #d1ccc7;\">13 g<\/td>\n<td style=\"padding: 10px; border: 1px solid #d1ccc7;\">12 g<\/td>\n<\/tr>\n<tr>\n<td style=\"padding: 10px; border: 1px solid #d1ccc7;\">B\u0142onnik<\/td>\n<td style=\"padding: 10px; border: 1px solid #d1ccc7;\">7 g<\/td>\n<td style=\"padding: 10px; border: 1px solid #d1ccc7;\">6,3 g<\/td>\n<\/tr>\n<tr>\n<td style=\"padding: 10px; border: 1px solid #d1ccc7;\">Bia\u0142ko<\/td>\n<td style=\"padding: 10px; border: 1px solid #d1ccc7;\">41 g<\/td>\n<td style=\"padding: 10px; border: 1px solid #d1ccc7;\">37 g<\/td>\n<\/tr>\n<tr>\n<td style=\"padding: 10px; border: 1px solid #d1ccc7;\">S\u00f3l<\/td>\n<td style=\"padding: 10px; border: 1px solid #d1ccc7;\">3,6 g<\/td>\n<td style=\"padding: 10px; border: 1px solid #d1ccc7;\">2,9 g<\/td>\n<\/tr>\n<\/tbody>\n<\/table>\n<h3 data-start=\"2704\" data-end=\"2734\"><strong data-start=\"2707\" data-end=\"2734\">Zalety liofilizacji<\/strong><\/h3>\n<p class=\"\" data-start=\"2736\" data-end=\"3015\">Liofilizacja zapewnia zachowanie \u015bwie\u017co\u015bci, tekstury i warto\u015bci od\u017cywczych \u017cywno\u015bci poprzez usuwanie wody w niskich temperaturach. <strong data-start=\"2854\" data-end=\"2875\">Tactical Foodpack<\/strong> wykorzystuje t\u0119 technologi\u0119, aby oferowa\u0107 \u0142atwe do przenoszenia dania o d\u0142ugim terminie przydatno\u015bci, kt\u00f3re zachowuj\u0105 sw\u00f3j smak nawet po latach.<\/p>\n<h3 data-start=\"3022\" data-end=\"3066\"><strong data-start=\"3025\" data-end=\"3066\">Dla kogo przeznaczona jest wo\u0142owina po burgundzku?<\/strong><\/h3>\n<ul>\n<li data-start=\"3068\" data-end=\"3377\"><strong data-start=\"3071\" data-end=\"3102\">Dla turyst\u00f3w i obozowicz\u00f3w:<\/strong> \u0141atwa w przygotowaniu, lekka do noszenia \u2013 idealna \u017cywno\u015b\u0107 wyprawowa<\/li>\n<li data-start=\"3068\" data-end=\"3377\"><strong data-start=\"3167\" data-end=\"3201\">Dla poszukiwaczy przyg\u00f3d i survivalowc\u00f3w:<\/strong> D\u0142ugi termin przydatno\u015bci i wysoka zawarto\u015b\u0107 energii \u2013 niezawodny wyb\u00f3r<\/li>\n<li data-start=\"3068\" data-end=\"3377\"><strong data-start=\"3271\" data-end=\"3306\">Jako szybki posi\u0142ek na co dzie\u0144:<\/strong> Gdy potrzebujesz szybkiego, smacznego i po\u017cywnego dania \u2013 po prostu dodaj gor\u0105c\u0105 wod\u0119!<\/li>\n<\/ul>\n<h3 data-start=\"3384\" data-end=\"3424\"><strong data-start=\"3387\" data-end=\"3424\">Informacje o produkcie i warunki przechowywania<\/strong><\/h3>\n<p class=\"\" data-start=\"3426\" data-end=\"3730\"><strong data-start=\"3426\" data-end=\"3465\">Tactical Foodpack Wo\u0142owina po burgundzku<\/strong> jest dost\u0119pna w <strong data-start=\"3478\" data-end=\"3496\">opakowaniu 110 g<\/strong>, z kt\u00f3rego powstaje oko\u0142o <strong data-start=\"3519\" data-end=\"3541\">490 g ciep\u0142ego posi\u0142ku.<\/strong><br data-start=\"3541\" data-end=\"3544\"><strong data-start=\"3544\" data-end=\"3576\">Optymalna temperatura przechowywania:<\/strong> od 10 \u00b0C do +30 \u00b0C.<br data-start=\"3595\" data-end=\"3598\">Kompaktowe opakowanie i technologia liofilizacji sprawiaj\u0105, \u017ce jest to idealny wyb\u00f3r dla turysty, do biura lub jako domowa rezerwa.<\/p>\n<h4><img decoding=\"async\" class=\"alignnone size-full wp-image-676 lazyloaded\" src=\"https:\/\/toidupakk.ee\/wp-content\/uploads\/2021\/12\/TF_logo_RGB-22-16-43-849.png\" alt=\"Zielone logo Tactical Foodpack\" width=\"238\" height=\"100\" data-src=\"https:\/\/toidupakk.ee\/wp-content\/uploads\/2021\/12\/TF_logo_RGB-22-16-43-849.png\" data-eio-rwidth=\"238\" data-eio-rheight=\"100\"><\/h4>\n<h3 data-start=\"3737\" data-end=\"3785\"><strong data-start=\"3740\" data-end=\"3785\">Posi\u0142ki Tactical Foodpack \u2013 jak u\u017cywa\u0107<\/strong><\/h3>\n<ol>\n<li data-start=\"3790\" data-end=\"3834\">Otw\u00f3rz opakowanie i wyjmij poch\u0142aniacz tlenu<\/li>\n<li data-start=\"3790\" data-end=\"3834\">Dodaj 380 ml gor\u0105cej wody i dok\u0142adnie wymieszaj<\/li>\n<li data-start=\"3790\" data-end=\"3834\">Zamknij opakowanie i odczekaj 15 minut<\/li>\n<li data-start=\"3790\" data-end=\"3834\">Ciesz si\u0119 po\u017cywnym i smacznym daniem!<\/li>\n<\/ol>\n<h3>Zobacz wszystkie posi\u0142ki Tactical Foodpack<\/h3>\n<p>Nie zapomnij zapozna\u0107 si\u0119 z innymi <a href=\"https:\/\/toidupakk.ee\/pl\/tootekategooria\/posilki-tactical-foodpack\/\">posi\u0142kami turystycznymi Tactical Foodpack<\/a>, aby znale\u017a\u0107 odpowiednie dania na ka\u017cd\u0105 przygod\u0119.<\/p>\n<h3>Znajd\u017a inspiracj\u0119 na kolejn\u0105 przygod\u0119<\/h3>\n<p>Obserwuj nas na <a href=\"https:\/\/www.instagram.com\/toidupakk\/\">Instagramie<\/a> i <a href=\"https:\/\/www.facebook.com\/Toidupakk\/\">Facebooku<\/a>, aby otrzymywa\u0107 inspiracje, przepisy i nowo\u015bci z naszej oferty!<\/p>\n","protected":false},"excerpt":{"rendered":"<p><strong>Prawdziwa per\u0142a kuchni francuskiej od Tactical Foodpack \u2013 wo\u0142owina po burgundzku<\/strong><\/p>\n<ul>\n<li>Masa netto 110 g (liofilizat)<\/li>\n<li>Masa gotowego dania ok. 490 g<\/li>\n<li>Warto\u015b\u0107 energetyczna na porcj\u0119: 2066 kJ \/ 500 kcal<\/li>\n<li>Gotowe danie \u2013 dodaj 380 ml gor\u0105cej wody i odczekaj 15 minut<\/li>\n<li data-start=\"228\" data-end=\"640\">Naturalny sk\u0142ad, nie zawiera konserwant\u00f3w ani dodatk\u00f3w<\/li>\n<li>Termin przydatno\u015bci: 8 lat od daty produkcji<\/li>\n<li>Wyprodukowano w Niemczech<\/li>\n<\/ul>\n<p><strong>Sk\u0142adniki wo\u0142owiny po burgundzku: <\/strong>Wo\u0142owina (27%), ziemniaki, marchew, czerwone wino (zawiera siarczyny), pomidory, cebula, woda, pieczarki, mas\u0142o, s\u00f3l, czosnek, cukier, por,<br \/>\nm\u0105ka pszenna, skrobia ziemniaczana, pieprz, tymianek, rozmaryn, bazylia, oregano, owoce ja\u0142owca, li\u015bcie laurowe. Mo\u017ce zawiera\u0107 \u015bladowe ilo\u015bci: ryb,<br \/>\nsoi, orzech\u00f3w, selera, skorupiak\u00f3w, jaj i gorczycy. <\/p>\n<p>\u2705 Dost\u0119pne w magazynie, szybka dostawa w 1\u20133 dni robocze<\/p>\n","protected":false},"featured_media":50003,"comment_status":"open","ping_status":"closed","template":"","meta":{"_acf_changed":false},"product_brand":[],"product_cat":[303,335,337,336],"product_tag":[338],"class_list":{"0":"post-50002","1":"product","2":"type-product","3":"status-publish","4":"has-post-thumbnail","6":"product_cat-akcesoria-turystyczne","7":"product_cat-dania-glowne","8":"product_cat-posilki-tactical-foodpack","9":"product_cat-zywnosc-turystyczna","10":"product_tag-tactical-foodpack","12":"first","13":"instock","14":"taxable","15":"shipping-taxable","16":"purchasable","17":"product-type-simple"},"bundled_by":[],"bundle_stock_status":"instock","bundle_stock_quantity":9,"bundle_virtual":false,"bundle_layout":"","bundle_add_to_cart_form_location":"","bundle_editable_in_cart":false,"bundle_sold_individually_context":"","bundle_item_grouping":"","bundle_min_size":"","bundle_max_size":"","bundle_price":[],"bundled_items":[],"bundle_sell_ids":[],"acf":[],"yoast_head":"<!-- This site is optimized with the Yoast SEO plugin v27.3 - https:\/\/yoast.com\/product\/yoast-seo-wordpress\/ -->\n<title>Wo\u0142owina po burgundzku<\/title>\n<meta name=\"description\" content=\"Wo\u0142owina po burgundzku to syc\u0105cy liofilizowany posi\u0142ek turystyczny, kt\u00f3ry \u0142\u0105czy delikatn\u0105 wo\u0142owin\u0119, warzywa i sos na bazie czerwonego wina. Kulinarna podr\u00f3\u017c w trudnych warunkach.\" \/>\n<meta name=\"robots\" content=\"index, follow, max-snippet:-1, max-image-preview:large, max-video-preview:-1\" \/>\n<link rel=\"canonical\" href=\"https:\/\/toidupakk.ee\/pl\/toode\/wolowina-po-burgundzku\/\" \/>\n<meta property=\"og:locale\" content=\"pl_PL\" \/>\n<meta property=\"og:type\" content=\"article\" \/>\n<meta property=\"og:title\" content=\"Wo\u0142owina po burgundzku\" \/>\n<meta property=\"og:description\" content=\"Wo\u0142owina po burgundzku to syc\u0105cy liofilizowany posi\u0142ek turystyczny, kt\u00f3ry \u0142\u0105czy delikatn\u0105 wo\u0142owin\u0119, warzywa i sos na bazie czerwonego wina. Kulinarna podr\u00f3\u017c w trudnych warunkach.\" \/>\n<meta property=\"og:url\" content=\"https:\/\/toidupakk.ee\/pl\/toode\/wolowina-po-burgundzku\/\" \/>\n<meta property=\"og:site_name\" content=\"Toidupakk.ee - Tactical Foodpack toidupakid\" \/>\n<meta property=\"article:publisher\" content=\"https:\/\/www.facebook.com\/Toidupakk\" \/>\n<meta property=\"article:modified_time\" content=\"2026-04-16T07:30:46+00:00\" \/>\n<meta property=\"og:image\" content=\"https:\/\/toidupakk.ee\/wp-content\/uploads\/2025\/06\/Nimetu-kujundus-21.png\" \/>\n\t<meta property=\"og:image:width\" content=\"800\" \/>\n\t<meta property=\"og:image:height\" content=\"800\" \/>\n\t<meta property=\"og:image:type\" content=\"image\/png\" \/>\n<meta name=\"twitter:card\" content=\"summary_large_image\" \/>\n<meta name=\"twitter:label1\" content=\"Szacowany czas czytania\" \/>\n\t<meta name=\"twitter:data1\" content=\"3 minuty\" \/>\n<script type=\"application\/ld+json\" class=\"yoast-schema-graph\">{\"@context\":\"https:\\\/\\\/schema.org\",\"@graph\":[{\"@type\":\"WebPage\",\"@id\":\"https:\\\/\\\/toidupakk.ee\\\/pl\\\/toode\\\/wolowina-po-burgundzku\\\/\",\"url\":\"https:\\\/\\\/toidupakk.ee\\\/pl\\\/toode\\\/wolowina-po-burgundzku\\\/\",\"name\":\"Wo\u0142owina po burgundzku\",\"isPartOf\":{\"@id\":\"https:\\\/\\\/toidupakk.ee\\\/pl\\\/#website\"},\"primaryImageOfPage\":{\"@id\":\"https:\\\/\\\/toidupakk.ee\\\/pl\\\/toode\\\/wolowina-po-burgundzku\\\/#primaryimage\"},\"image\":{\"@id\":\"https:\\\/\\\/toidupakk.ee\\\/pl\\\/toode\\\/wolowina-po-burgundzku\\\/#primaryimage\"},\"thumbnailUrl\":\"https:\\\/\\\/toidupakk.ee\\\/wp-content\\\/uploads\\\/2025\\\/06\\\/Nimetu-kujundus-21.png\",\"datePublished\":\"2025-06-16T10:35:31+00:00\",\"dateModified\":\"2026-04-16T07:30:46+00:00\",\"description\":\"Wo\u0142owina po burgundzku to syc\u0105cy liofilizowany posi\u0142ek turystyczny, kt\u00f3ry \u0142\u0105czy delikatn\u0105 wo\u0142owin\u0119, warzywa i sos na bazie czerwonego wina. Kulinarna podr\u00f3\u017c w trudnych warunkach.\",\"breadcrumb\":{\"@id\":\"https:\\\/\\\/toidupakk.ee\\\/pl\\\/toode\\\/wolowina-po-burgundzku\\\/#breadcrumb\"},\"inLanguage\":\"pl-PL\",\"potentialAction\":[{\"@type\":\"ReadAction\",\"target\":[\"https:\\\/\\\/toidupakk.ee\\\/pl\\\/toode\\\/wolowina-po-burgundzku\\\/\"]}]},{\"@type\":\"ImageObject\",\"inLanguage\":\"pl-PL\",\"@id\":\"https:\\\/\\\/toidupakk.ee\\\/pl\\\/toode\\\/wolowina-po-burgundzku\\\/#primaryimage\",\"url\":\"https:\\\/\\\/toidupakk.ee\\\/wp-content\\\/uploads\\\/2025\\\/06\\\/Nimetu-kujundus-21.png\",\"contentUrl\":\"https:\\\/\\\/toidupakk.ee\\\/wp-content\\\/uploads\\\/2025\\\/06\\\/Nimetu-kujundus-21.png\",\"width\":800,\"height\":800},{\"@type\":\"BreadcrumbList\",\"@id\":\"https:\\\/\\\/toidupakk.ee\\\/pl\\\/toode\\\/wolowina-po-burgundzku\\\/#breadcrumb\",\"itemListElement\":[{\"@type\":\"ListItem\",\"position\":1,\"name\":\"Avaleht\",\"item\":\"https:\\\/\\\/toidupakk.ee\\\/pl\\\/\"},{\"@type\":\"ListItem\",\"position\":2,\"name\":\"Sklep internetowy\",\"item\":\"https:\\\/\\\/toidupakk.ee\\\/pl\\\/sklep-internetowy\\\/\"},{\"@type\":\"ListItem\",\"position\":3,\"name\":\"Wo\u0142owina po burgundzku\"}]},{\"@type\":\"WebSite\",\"@id\":\"https:\\\/\\\/toidupakk.ee\\\/pl\\\/#website\",\"url\":\"https:\\\/\\\/toidupakk.ee\\\/pl\\\/\",\"name\":\"Toidupakk.ee - Tactical Foodpack toidupakid\",\"description\":\"Tactical Foodpack k\u00fclmkuivatatud toidupakid ja matkaeined\",\"publisher\":{\"@id\":\"https:\\\/\\\/toidupakk.ee\\\/pl\\\/#organization\"},\"potentialAction\":[{\"@type\":\"SearchAction\",\"target\":{\"@type\":\"EntryPoint\",\"urlTemplate\":\"https:\\\/\\\/toidupakk.ee\\\/pl\\\/?s={search_term_string}\"},\"query-input\":{\"@type\":\"PropertyValueSpecification\",\"valueRequired\":true,\"valueName\":\"search_term_string\"}}],\"inLanguage\":\"pl-PL\"},{\"@type\":\"Organization\",\"@id\":\"https:\\\/\\\/toidupakk.ee\\\/pl\\\/#organization\",\"name\":\"Tactical Foodpack matkaeined\",\"url\":\"https:\\\/\\\/toidupakk.ee\\\/pl\\\/\",\"logo\":{\"@type\":\"ImageObject\",\"inLanguage\":\"pl-PL\",\"@id\":\"https:\\\/\\\/toidupakk.ee\\\/pl\\\/#\\\/schema\\\/logo\\\/image\\\/\",\"url\":\"https:\\\/\\\/toidupakk.ee\\\/wp-content\\\/uploads\\\/2022\\\/01\\\/Toidupakk-matkapood-logo-transparent.png\",\"contentUrl\":\"https:\\\/\\\/toidupakk.ee\\\/wp-content\\\/uploads\\\/2022\\\/01\\\/Toidupakk-matkapood-logo-transparent.png\",\"width\":500,\"height\":500,\"caption\":\"Tactical Foodpack matkaeined\"},\"image\":{\"@id\":\"https:\\\/\\\/toidupakk.ee\\\/pl\\\/#\\\/schema\\\/logo\\\/image\\\/\"},\"sameAs\":[\"https:\\\/\\\/www.facebook.com\\\/Toidupakk\",\"https:\\\/\\\/www.instagram.com\\\/toidupakk\\\/\"]}]}<\/script>\n<!-- \/ Yoast SEO plugin. -->","yoast_head_json":{"title":"Wo\u0142owina po burgundzku","description":"Wo\u0142owina po burgundzku to syc\u0105cy liofilizowany posi\u0142ek turystyczny, kt\u00f3ry \u0142\u0105czy delikatn\u0105 wo\u0142owin\u0119, warzywa i sos na bazie czerwonego wina. Kulinarna podr\u00f3\u017c w trudnych warunkach.","robots":{"index":"index","follow":"follow","max-snippet":"max-snippet:-1","max-image-preview":"max-image-preview:large","max-video-preview":"max-video-preview:-1"},"canonical":"https:\/\/toidupakk.ee\/pl\/toode\/wolowina-po-burgundzku\/","og_locale":"pl_PL","og_type":"article","og_title":"Wo\u0142owina po burgundzku","og_description":"Wo\u0142owina po burgundzku to syc\u0105cy liofilizowany posi\u0142ek turystyczny, kt\u00f3ry \u0142\u0105czy delikatn\u0105 wo\u0142owin\u0119, warzywa i sos na bazie czerwonego wina. Kulinarna podr\u00f3\u017c w trudnych warunkach.","og_url":"https:\/\/toidupakk.ee\/pl\/toode\/wolowina-po-burgundzku\/","og_site_name":"Toidupakk.ee - Tactical Foodpack toidupakid","article_publisher":"https:\/\/www.facebook.com\/Toidupakk","article_modified_time":"2026-04-16T07:30:46+00:00","og_image":[{"width":800,"height":800,"url":"https:\/\/toidupakk.ee\/wp-content\/uploads\/2025\/06\/Nimetu-kujundus-21.png","type":"image\/png"}],"twitter_card":"summary_large_image","twitter_misc":{"Szacowany czas czytania":"3 minuty"},"schema":{"@context":"https:\/\/schema.org","@graph":[{"@type":"WebPage","@id":"https:\/\/toidupakk.ee\/pl\/toode\/wolowina-po-burgundzku\/","url":"https:\/\/toidupakk.ee\/pl\/toode\/wolowina-po-burgundzku\/","name":"Wo\u0142owina po burgundzku","isPartOf":{"@id":"https:\/\/toidupakk.ee\/pl\/#website"},"primaryImageOfPage":{"@id":"https:\/\/toidupakk.ee\/pl\/toode\/wolowina-po-burgundzku\/#primaryimage"},"image":{"@id":"https:\/\/toidupakk.ee\/pl\/toode\/wolowina-po-burgundzku\/#primaryimage"},"thumbnailUrl":"https:\/\/toidupakk.ee\/wp-content\/uploads\/2025\/06\/Nimetu-kujundus-21.png","datePublished":"2025-06-16T10:35:31+00:00","dateModified":"2026-04-16T07:30:46+00:00","description":"Wo\u0142owina po burgundzku to syc\u0105cy liofilizowany posi\u0142ek turystyczny, kt\u00f3ry \u0142\u0105czy delikatn\u0105 wo\u0142owin\u0119, warzywa i sos na bazie czerwonego wina. Kulinarna podr\u00f3\u017c w trudnych warunkach.","breadcrumb":{"@id":"https:\/\/toidupakk.ee\/pl\/toode\/wolowina-po-burgundzku\/#breadcrumb"},"inLanguage":"pl-PL","potentialAction":[{"@type":"ReadAction","target":["https:\/\/toidupakk.ee\/pl\/toode\/wolowina-po-burgundzku\/"]}]},{"@type":"ImageObject","inLanguage":"pl-PL","@id":"https:\/\/toidupakk.ee\/pl\/toode\/wolowina-po-burgundzku\/#primaryimage","url":"https:\/\/toidupakk.ee\/wp-content\/uploads\/2025\/06\/Nimetu-kujundus-21.png","contentUrl":"https:\/\/toidupakk.ee\/wp-content\/uploads\/2025\/06\/Nimetu-kujundus-21.png","width":800,"height":800},{"@type":"BreadcrumbList","@id":"https:\/\/toidupakk.ee\/pl\/toode\/wolowina-po-burgundzku\/#breadcrumb","itemListElement":[{"@type":"ListItem","position":1,"name":"Avaleht","item":"https:\/\/toidupakk.ee\/pl\/"},{"@type":"ListItem","position":2,"name":"Sklep internetowy","item":"https:\/\/toidupakk.ee\/pl\/sklep-internetowy\/"},{"@type":"ListItem","position":3,"name":"Wo\u0142owina po burgundzku"}]},{"@type":"WebSite","@id":"https:\/\/toidupakk.ee\/pl\/#website","url":"https:\/\/toidupakk.ee\/pl\/","name":"Toidupakk.ee - Tactical Foodpack toidupakid","description":"Tactical Foodpack k\u00fclmkuivatatud toidupakid ja matkaeined","publisher":{"@id":"https:\/\/toidupakk.ee\/pl\/#organization"},"potentialAction":[{"@type":"SearchAction","target":{"@type":"EntryPoint","urlTemplate":"https:\/\/toidupakk.ee\/pl\/?s={search_term_string}"},"query-input":{"@type":"PropertyValueSpecification","valueRequired":true,"valueName":"search_term_string"}}],"inLanguage":"pl-PL"},{"@type":"Organization","@id":"https:\/\/toidupakk.ee\/pl\/#organization","name":"Tactical Foodpack matkaeined","url":"https:\/\/toidupakk.ee\/pl\/","logo":{"@type":"ImageObject","inLanguage":"pl-PL","@id":"https:\/\/toidupakk.ee\/pl\/#\/schema\/logo\/image\/","url":"https:\/\/toidupakk.ee\/wp-content\/uploads\/2022\/01\/Toidupakk-matkapood-logo-transparent.png","contentUrl":"https:\/\/toidupakk.ee\/wp-content\/uploads\/2022\/01\/Toidupakk-matkapood-logo-transparent.png","width":500,"height":500,"caption":"Tactical Foodpack matkaeined"},"image":{"@id":"https:\/\/toidupakk.ee\/pl\/#\/schema\/logo\/image\/"},"sameAs":["https:\/\/www.facebook.com\/Toidupakk","https:\/\/www.instagram.com\/toidupakk\/"]}]}},"jetpack_sharing_enabled":true,"_links":{"self":[{"href":"https:\/\/toidupakk.ee\/pl\/wp-json\/wp\/v2\/product\/50002","targetHints":{"allow":["GET"]}}],"collection":[{"href":"https:\/\/toidupakk.ee\/pl\/wp-json\/wp\/v2\/product"}],"about":[{"href":"https:\/\/toidupakk.ee\/pl\/wp-json\/wp\/v2\/types\/product"}],"replies":[{"embeddable":true,"href":"https:\/\/toidupakk.ee\/pl\/wp-json\/wp\/v2\/comments?post=50002"}],"wp:featuredmedia":[{"embeddable":true,"href":"https:\/\/toidupakk.ee\/pl\/wp-json\/wp\/v2\/media\/50003"}],"wp:attachment":[{"href":"https:\/\/toidupakk.ee\/pl\/wp-json\/wp\/v2\/media?parent=50002"}],"wp:term":[{"taxonomy":"product_brand","embeddable":true,"href":"https:\/\/toidupakk.ee\/pl\/wp-json\/wp\/v2\/product_brand?post=50002"},{"taxonomy":"product_cat","embeddable":true,"href":"https:\/\/toidupakk.ee\/pl\/wp-json\/wp\/v2\/product_cat?post=50002"},{"taxonomy":"product_tag","embeddable":true,"href":"https:\/\/toidupakk.ee\/pl\/wp-json\/wp\/v2\/product_tag?post=50002"}],"curies":[{"name":"wp","href":"https:\/\/api.w.org\/{rel}","templated":true}]}}