{"id":49996,"date":"2025-06-09T12:34:24","date_gmt":"2025-06-09T09:34:24","guid":{"rendered":"https:\/\/toidupakk.ee\/toode\/krzeslo-wedkarskie-z-plecakiem\/"},"modified":"2026-04-29T15:31:42","modified_gmt":"2026-04-29T12:31:42","slug":"krzeslo-wedkarskie-z-plecakiem","status":"publish","type":"product","link":"https:\/\/toidupakk.ee\/pl\/toode\/krzeslo-wedkarskie-z-plecakiem\/","title":{"rendered":"Krzes\u0142o w\u0119dkarskie z plecakiem"},"content":{"rendered":"<p data-start=\"0\" data-end=\"446\"><img fetchpriority=\"high\" decoding=\"async\" class=\"alignright wp-image-36115 size-thumbnail\" src=\"https:\/\/toidupakk.ee\/wp-content\/uploads\/2025\/06\/Kalamehe-tool-koos-seljakotiga1-500x500.png\" alt=\"krzes\u0142o z plecakiem\" width=\"500\" height=\"500\" srcset=\"https:\/\/toidupakk.ee\/wp-content\/uploads\/2025\/06\/Kalamehe-tool-koos-seljakotiga1-500x500.png 500w, https:\/\/toidupakk.ee\/wp-content\/uploads\/2025\/06\/Kalamehe-tool-koos-seljakotiga1-300x300.png 300w, https:\/\/toidupakk.ee\/wp-content\/uploads\/2025\/06\/Kalamehe-tool-koos-seljakotiga1-768x768.png 768w, https:\/\/toidupakk.ee\/wp-content\/uploads\/2025\/06\/Kalamehe-tool-koos-seljakotiga1-400x400.png 400w, https:\/\/toidupakk.ee\/wp-content\/uploads\/2025\/06\/Kalamehe-tool-koos-seljakotiga1-100x100.png 100w, https:\/\/toidupakk.ee\/wp-content\/uploads\/2025\/06\/Kalamehe-tool-koos-seljakotiga1.png 800w\" sizes=\"(max-width: 500px) 100vw, 500px\" \/><\/p>\n<h1 data-start=\"0\" data-end=\"446\">Krzes\u0142o w\u0119dkarskie z plecakiem \u2013 praktyczne rozwi\u0105zanie 2 w 1<\/h1>\n<p data-start=\"0\" data-end=\"446\">Krzes\u0142o w\u0119dkarskie z plecakiem to praktyczne rozwi\u0105zanie 2 w 1 dla ka\u017cdego mi\u0142o\u015bnika przyrody, kt\u00f3ry ceni wygod\u0119, funkcjonalno\u015b\u0107 i przestronno\u015b\u0107. Ten plecak, znany r\u00f3wnie\u017c jako plecak w\u0119dkarski, \u0142\u0105czy w sobie pojemn\u0105 20-litrow\u0105 torb\u0119 i wytrzyma\u0142e sk\u0142adane krzes\u0142o. Dzi\u0119ki kompaktowej konstrukcji i wykonaniu z mocnego materia\u0142u \u015bwietnie sprawdza si\u0119 podczas w\u0119dkowania, wypraw, piknik\u00f3w czy letnich imprez plenerowych.  <\/p>\n<p data-start=\"448\" data-end=\"1146\">G\u0142\u00f3wna komora plecaka pomie\u015bci wszystko, czego potrzebujesz \u2013 od butelki z wod\u0105 po zapasowe ubrania, a cztery dodatkowe kieszenie zewn\u0119trzne (dwie zapinane na zamek i dwie z siatki) zapewniaj\u0105 wygodny dost\u0119p do mniejszych akcesori\u00f3w. Regulowane i wy\u015bcie\u0142ane szelki sprawiaj\u0105, \u017ce noszenie jest wygodne nawet podczas d\u0142u\u017cszych wypraw. Konstrukcja krzes\u0142a jest solidna i wytrzyma\u0142a, o ud\u017awigu do 120 kg, co czyni go niezawodnym towarzyszem w ka\u017cdej sytuacji. Wykonany z trwa\u0142ego i odpornego na warunki atmosferyczne poliestru, produkt jest odporny na wilgo\u0107 i zu\u017cycie. Wa\u017cy zaledwie 1120 g, a jego wymiary po z\u0142o\u017ceniu to 41 \u00d7 25 \u00d7 14 cm, dzi\u0119ki czemu \u0142atwo zabra\u0107 go do auta, na \u0142\u00f3d\u017a lub na plecy.    <\/p>\n<p data-start=\"1148\" data-end=\"1671\" data-is-last-node=\"\" data-is-only-node=\"\">To krzes\u0142o-plecak w\u0119dkarski to idealny wyb\u00f3r dla tych, kt\u00f3rzy nie chc\u0105 nosi\u0107 osobnego siedziska, ale ceni\u0105 sobie mo\u017cliwo\u015b\u0107 wygodnego odpoczynku w razie potrzeby. Dzi\u0119ki sprytnej konstrukcji \u015bwietnie nadaje si\u0119 dla pasjonat\u00f3w w\u0119dkarstwa, turyst\u00f3w, mi\u0142o\u015bnik\u00f3w przyrody czy bywalc\u00f3w festiwali. Produkt dost\u0119pny w magazynie, szybka dostawa w 1\u20133 dni robocze. Zam\u00f3w dzi\u015b, a otrzymasz go ju\u017c za kilka dni dla siebie lub na prezent. Sprawd\u017a te\u017c nasze inne sprytne akcesoria turystyczne i wybierz sprz\u0119t, kt\u00f3ry pasuje do Twojego stylu \u017cycia na \u0142onie natury.    <\/p>\n<p>&nbsp;<\/p>\n<p>Zobacz sprz\u0119t turystyczny <a href=\"https:\/\/toidupakk.ee\/pl\/tootekategooria\/sprzet-turystyczny\/#section-3-79\">TUTAJ<\/a><\/p>\n<p>Zobacz \u017cywno\u015b\u0107 turystyczn\u0105 <a href=\"https:\/\/toidupakk.ee\/pl\/sklep-internetowy\/\">TUTAJ<\/a><\/p>\n<p>Znajd\u017a inspiracj\u0119 na kolejne przygody na <a href=\"https:\/\/www.instagram.com\/toidupakk\/\">Instagramie<\/a> i <a href=\"https:\/\/www.facebook.com\/Toidupakk\/\">Facebooku<\/a> Toidupakk.<\/p>\n","protected":false},"excerpt":{"rendered":"<p><strong>Plecak i krzes\u0142o turystyczne 2 w 1, znane r\u00f3wnie\u017c jako plecak w\u0119dkarski.<\/strong><\/p>\n<ul>\n<li>Pojemny 20-litrowy plecak, odpowiedni dla w\u0119dkarzy, uczestnik\u00f3w koncert\u00f3w plenerowych, a tak\u017ce dla starszych os\u00f3b, kt\u00f3re mog\u0105 potrzebowa\u0107 odpoczynku podczas spaceru.<\/li>\n<li>Zintegrowane krzes\u0142o o solidnej konstrukcji<\/li>\n<li>Opr\u00f3cz du\u017cej komory g\u0142\u00f3wnej plecak posiada 4 dodatkowe kieszenie zewn\u0119trzne na niezb\u0119dne drobiazgi (2 kieszenie na zamek, 2 kieszenie z siatki)<\/li>\n<li>Regulowane szelki<\/li>\n<li>Z trwa\u0142ego poliestru<\/li>\n<li>Waga 1120 g<\/li>\n<li>Wymiary po z\u0142o\u017ceniu 41 x 25 x 14 cm<\/li>\n<li>Ud\u017awig krzes\u0142a maks. 120 kg<\/li>\n<\/ul>\n<p>\u2705 Dost\u0119pne w magazynie, szybka dostawa w 1\u20133 dni robocze<\/p>\n","protected":false},"featured_media":36115,"comment_status":"open","ping_status":"closed","template":"","meta":{"_acf_changed":false},"product_brand":[],"product_cat":[303,317,309,311,301,310,304],"product_tag":[],"class_list":{"0":"post-49996","1":"product","2":"type-product","3":"status-publish","4":"has-post-thumbnail","6":"product_cat-akcesoria-turystyczne","7":"product_cat-mil-tec","8":"product_cat-plecaki","9":"product_cat-praktyczne-pomysly-na-prezent","10":"product_cat-sprzet-turystyczny","11":"product_cat-torby","12":"product_cat-wyposazenie-militarne","14":"first","15":"instock","16":"sale","17":"taxable","18":"shipping-taxable","19":"purchasable","20":"product-type-simple"},"bundled_by":[],"bundle_stock_status":"instock","bundle_stock_quantity":6,"bundle_virtual":false,"bundle_layout":"","bundle_add_to_cart_form_location":"","bundle_editable_in_cart":false,"bundle_sold_individually_context":"","bundle_item_grouping":"","bundle_min_size":"","bundle_max_size":"","bundle_price":[],"bundled_items":[],"bundle_sell_ids":[],"acf":[],"yoast_head":"<!-- This site is optimized with the Yoast SEO plugin v27.3 - https:\/\/yoast.com\/product\/yoast-seo-wordpress\/ -->\n<title>Krzes\u0142o w\u0119dkarskie z plecakiem<\/title>\n<meta name=\"description\" content=\"Praktyczne krzes\u0142o w\u0119dkarskie i plecak 2 w 1 \u2013 pojemny plecak 20 l ze sk\u0142adanym krzes\u0142em. Idealne na ryby, w\u0119dr\u00f3wki i \u0142ono natury. Dost\u0119pne w magazynie, dostawa w 1\u20133 dni!\" \/>\n<meta name=\"robots\" content=\"index, follow, max-snippet:-1, max-image-preview:large, max-video-preview:-1\" \/>\n<link rel=\"canonical\" href=\"https:\/\/toidupakk.ee\/pl\/toode\/krzeslo-wedkarskie-z-plecakiem\/\" \/>\n<meta property=\"og:locale\" content=\"pl_PL\" \/>\n<meta property=\"og:type\" content=\"article\" \/>\n<meta property=\"og:title\" content=\"Krzes\u0142o w\u0119dkarskie z plecakiem\" \/>\n<meta property=\"og:description\" content=\"Praktyczne krzes\u0142o w\u0119dkarskie i plecak 2 w 1 \u2013 pojemny plecak 20 l ze sk\u0142adanym krzes\u0142em. Idealne na ryby, w\u0119dr\u00f3wki i \u0142ono natury. Dost\u0119pne w magazynie, dostawa w 1\u20133 dni!\" \/>\n<meta property=\"og:url\" content=\"https:\/\/toidupakk.ee\/pl\/toode\/krzeslo-wedkarskie-z-plecakiem\/\" \/>\n<meta property=\"og:site_name\" content=\"Toidupakk.ee - Tactical Foodpack toidupakid\" \/>\n<meta property=\"article:publisher\" content=\"https:\/\/www.facebook.com\/Toidupakk\" \/>\n<meta property=\"article:modified_time\" content=\"2026-04-29T12:31:42+00:00\" \/>\n<meta property=\"og:image\" content=\"https:\/\/toidupakk.ee\/wp-content\/uploads\/2025\/06\/Kalamehe-tool-koos-seljakotiga1.png\" \/>\n\t<meta property=\"og:image:width\" content=\"800\" \/>\n\t<meta property=\"og:image:height\" content=\"800\" \/>\n\t<meta property=\"og:image:type\" content=\"image\/png\" \/>\n<meta name=\"twitter:card\" content=\"summary_large_image\" \/>\n<meta name=\"twitter:label1\" content=\"Szacowany czas czytania\" \/>\n\t<meta name=\"twitter:data1\" content=\"2 minuty\" \/>\n<script type=\"application\/ld+json\" class=\"yoast-schema-graph\">{\"@context\":\"https:\\\/\\\/schema.org\",\"@graph\":[{\"@type\":\"WebPage\",\"@id\":\"https:\\\/\\\/toidupakk.ee\\\/pl\\\/toode\\\/krzeslo-wedkarskie-z-plecakiem\\\/\",\"url\":\"https:\\\/\\\/toidupakk.ee\\\/pl\\\/toode\\\/krzeslo-wedkarskie-z-plecakiem\\\/\",\"name\":\"Krzes\u0142o w\u0119dkarskie z plecakiem\",\"isPartOf\":{\"@id\":\"https:\\\/\\\/toidupakk.ee\\\/pl\\\/#website\"},\"primaryImageOfPage\":{\"@id\":\"https:\\\/\\\/toidupakk.ee\\\/pl\\\/toode\\\/krzeslo-wedkarskie-z-plecakiem\\\/#primaryimage\"},\"image\":{\"@id\":\"https:\\\/\\\/toidupakk.ee\\\/pl\\\/toode\\\/krzeslo-wedkarskie-z-plecakiem\\\/#primaryimage\"},\"thumbnailUrl\":\"https:\\\/\\\/toidupakk.ee\\\/wp-content\\\/uploads\\\/2025\\\/06\\\/Kalamehe-tool-koos-seljakotiga1.png\",\"datePublished\":\"2025-06-09T09:34:24+00:00\",\"dateModified\":\"2026-04-29T12:31:42+00:00\",\"description\":\"Praktyczne krzes\u0142o w\u0119dkarskie i plecak 2 w 1 \u2013 pojemny plecak 20 l ze sk\u0142adanym krzes\u0142em. Idealne na ryby, w\u0119dr\u00f3wki i \u0142ono natury. Dost\u0119pne w magazynie, dostawa w 1\u20133 dni!\",\"breadcrumb\":{\"@id\":\"https:\\\/\\\/toidupakk.ee\\\/pl\\\/toode\\\/krzeslo-wedkarskie-z-plecakiem\\\/#breadcrumb\"},\"inLanguage\":\"pl-PL\",\"potentialAction\":[{\"@type\":\"ReadAction\",\"target\":[\"https:\\\/\\\/toidupakk.ee\\\/pl\\\/toode\\\/krzeslo-wedkarskie-z-plecakiem\\\/\"]}]},{\"@type\":\"ImageObject\",\"inLanguage\":\"pl-PL\",\"@id\":\"https:\\\/\\\/toidupakk.ee\\\/pl\\\/toode\\\/krzeslo-wedkarskie-z-plecakiem\\\/#primaryimage\",\"url\":\"https:\\\/\\\/toidupakk.ee\\\/wp-content\\\/uploads\\\/2025\\\/06\\\/Kalamehe-tool-koos-seljakotiga1.png\",\"contentUrl\":\"https:\\\/\\\/toidupakk.ee\\\/wp-content\\\/uploads\\\/2025\\\/06\\\/Kalamehe-tool-koos-seljakotiga1.png\",\"width\":800,\"height\":800,\"caption\":\"tool koos seljakotiga\"},{\"@type\":\"BreadcrumbList\",\"@id\":\"https:\\\/\\\/toidupakk.ee\\\/pl\\\/toode\\\/krzeslo-wedkarskie-z-plecakiem\\\/#breadcrumb\",\"itemListElement\":[{\"@type\":\"ListItem\",\"position\":1,\"name\":\"Avaleht\",\"item\":\"https:\\\/\\\/toidupakk.ee\\\/pl\\\/\"},{\"@type\":\"ListItem\",\"position\":2,\"name\":\"Sklep internetowy\",\"item\":\"https:\\\/\\\/toidupakk.ee\\\/pl\\\/sklep-internetowy\\\/\"},{\"@type\":\"ListItem\",\"position\":3,\"name\":\"Krzes\u0142o w\u0119dkarskie z plecakiem\"}]},{\"@type\":\"WebSite\",\"@id\":\"https:\\\/\\\/toidupakk.ee\\\/pl\\\/#website\",\"url\":\"https:\\\/\\\/toidupakk.ee\\\/pl\\\/\",\"name\":\"Toidupakk.ee - Tactical Foodpack toidupakid\",\"description\":\"Tactical Foodpack k\u00fclmkuivatatud toidupakid ja matkaeined\",\"publisher\":{\"@id\":\"https:\\\/\\\/toidupakk.ee\\\/pl\\\/#organization\"},\"potentialAction\":[{\"@type\":\"SearchAction\",\"target\":{\"@type\":\"EntryPoint\",\"urlTemplate\":\"https:\\\/\\\/toidupakk.ee\\\/pl\\\/?s={search_term_string}\"},\"query-input\":{\"@type\":\"PropertyValueSpecification\",\"valueRequired\":true,\"valueName\":\"search_term_string\"}}],\"inLanguage\":\"pl-PL\"},{\"@type\":\"Organization\",\"@id\":\"https:\\\/\\\/toidupakk.ee\\\/pl\\\/#organization\",\"name\":\"Tactical Foodpack matkaeined\",\"url\":\"https:\\\/\\\/toidupakk.ee\\\/pl\\\/\",\"logo\":{\"@type\":\"ImageObject\",\"inLanguage\":\"pl-PL\",\"@id\":\"https:\\\/\\\/toidupakk.ee\\\/pl\\\/#\\\/schema\\\/logo\\\/image\\\/\",\"url\":\"https:\\\/\\\/toidupakk.ee\\\/wp-content\\\/uploads\\\/2022\\\/01\\\/Toidupakk-matkapood-logo-transparent.png\",\"contentUrl\":\"https:\\\/\\\/toidupakk.ee\\\/wp-content\\\/uploads\\\/2022\\\/01\\\/Toidupakk-matkapood-logo-transparent.png\",\"width\":500,\"height\":500,\"caption\":\"Tactical Foodpack matkaeined\"},\"image\":{\"@id\":\"https:\\\/\\\/toidupakk.ee\\\/pl\\\/#\\\/schema\\\/logo\\\/image\\\/\"},\"sameAs\":[\"https:\\\/\\\/www.facebook.com\\\/Toidupakk\",\"https:\\\/\\\/www.instagram.com\\\/toidupakk\\\/\"]}]}<\/script>\n<!-- \/ Yoast SEO plugin. -->","yoast_head_json":{"title":"Krzes\u0142o w\u0119dkarskie z plecakiem","description":"Praktyczne krzes\u0142o w\u0119dkarskie i plecak 2 w 1 \u2013 pojemny plecak 20 l ze sk\u0142adanym krzes\u0142em. Idealne na ryby, w\u0119dr\u00f3wki i \u0142ono natury. Dost\u0119pne w magazynie, dostawa w 1\u20133 dni!","robots":{"index":"index","follow":"follow","max-snippet":"max-snippet:-1","max-image-preview":"max-image-preview:large","max-video-preview":"max-video-preview:-1"},"canonical":"https:\/\/toidupakk.ee\/pl\/toode\/krzeslo-wedkarskie-z-plecakiem\/","og_locale":"pl_PL","og_type":"article","og_title":"Krzes\u0142o w\u0119dkarskie z plecakiem","og_description":"Praktyczne krzes\u0142o w\u0119dkarskie i plecak 2 w 1 \u2013 pojemny plecak 20 l ze sk\u0142adanym krzes\u0142em. Idealne na ryby, w\u0119dr\u00f3wki i \u0142ono natury. Dost\u0119pne w magazynie, dostawa w 1\u20133 dni!","og_url":"https:\/\/toidupakk.ee\/pl\/toode\/krzeslo-wedkarskie-z-plecakiem\/","og_site_name":"Toidupakk.ee - Tactical Foodpack toidupakid","article_publisher":"https:\/\/www.facebook.com\/Toidupakk","article_modified_time":"2026-04-29T12:31:42+00:00","og_image":[{"width":800,"height":800,"url":"https:\/\/toidupakk.ee\/wp-content\/uploads\/2025\/06\/Kalamehe-tool-koos-seljakotiga1.png","type":"image\/png"}],"twitter_card":"summary_large_image","twitter_misc":{"Szacowany czas czytania":"2 minuty"},"schema":{"@context":"https:\/\/schema.org","@graph":[{"@type":"WebPage","@id":"https:\/\/toidupakk.ee\/pl\/toode\/krzeslo-wedkarskie-z-plecakiem\/","url":"https:\/\/toidupakk.ee\/pl\/toode\/krzeslo-wedkarskie-z-plecakiem\/","name":"Krzes\u0142o w\u0119dkarskie z plecakiem","isPartOf":{"@id":"https:\/\/toidupakk.ee\/pl\/#website"},"primaryImageOfPage":{"@id":"https:\/\/toidupakk.ee\/pl\/toode\/krzeslo-wedkarskie-z-plecakiem\/#primaryimage"},"image":{"@id":"https:\/\/toidupakk.ee\/pl\/toode\/krzeslo-wedkarskie-z-plecakiem\/#primaryimage"},"thumbnailUrl":"https:\/\/toidupakk.ee\/wp-content\/uploads\/2025\/06\/Kalamehe-tool-koos-seljakotiga1.png","datePublished":"2025-06-09T09:34:24+00:00","dateModified":"2026-04-29T12:31:42+00:00","description":"Praktyczne krzes\u0142o w\u0119dkarskie i plecak 2 w 1 \u2013 pojemny plecak 20 l ze sk\u0142adanym krzes\u0142em. Idealne na ryby, w\u0119dr\u00f3wki i \u0142ono natury. Dost\u0119pne w magazynie, dostawa w 1\u20133 dni!","breadcrumb":{"@id":"https:\/\/toidupakk.ee\/pl\/toode\/krzeslo-wedkarskie-z-plecakiem\/#breadcrumb"},"inLanguage":"pl-PL","potentialAction":[{"@type":"ReadAction","target":["https:\/\/toidupakk.ee\/pl\/toode\/krzeslo-wedkarskie-z-plecakiem\/"]}]},{"@type":"ImageObject","inLanguage":"pl-PL","@id":"https:\/\/toidupakk.ee\/pl\/toode\/krzeslo-wedkarskie-z-plecakiem\/#primaryimage","url":"https:\/\/toidupakk.ee\/wp-content\/uploads\/2025\/06\/Kalamehe-tool-koos-seljakotiga1.png","contentUrl":"https:\/\/toidupakk.ee\/wp-content\/uploads\/2025\/06\/Kalamehe-tool-koos-seljakotiga1.png","width":800,"height":800,"caption":"tool koos seljakotiga"},{"@type":"BreadcrumbList","@id":"https:\/\/toidupakk.ee\/pl\/toode\/krzeslo-wedkarskie-z-plecakiem\/#breadcrumb","itemListElement":[{"@type":"ListItem","position":1,"name":"Avaleht","item":"https:\/\/toidupakk.ee\/pl\/"},{"@type":"ListItem","position":2,"name":"Sklep internetowy","item":"https:\/\/toidupakk.ee\/pl\/sklep-internetowy\/"},{"@type":"ListItem","position":3,"name":"Krzes\u0142o w\u0119dkarskie z plecakiem"}]},{"@type":"WebSite","@id":"https:\/\/toidupakk.ee\/pl\/#website","url":"https:\/\/toidupakk.ee\/pl\/","name":"Toidupakk.ee - Tactical Foodpack toidupakid","description":"Tactical Foodpack k\u00fclmkuivatatud toidupakid ja matkaeined","publisher":{"@id":"https:\/\/toidupakk.ee\/pl\/#organization"},"potentialAction":[{"@type":"SearchAction","target":{"@type":"EntryPoint","urlTemplate":"https:\/\/toidupakk.ee\/pl\/?s={search_term_string}"},"query-input":{"@type":"PropertyValueSpecification","valueRequired":true,"valueName":"search_term_string"}}],"inLanguage":"pl-PL"},{"@type":"Organization","@id":"https:\/\/toidupakk.ee\/pl\/#organization","name":"Tactical Foodpack matkaeined","url":"https:\/\/toidupakk.ee\/pl\/","logo":{"@type":"ImageObject","inLanguage":"pl-PL","@id":"https:\/\/toidupakk.ee\/pl\/#\/schema\/logo\/image\/","url":"https:\/\/toidupakk.ee\/wp-content\/uploads\/2022\/01\/Toidupakk-matkapood-logo-transparent.png","contentUrl":"https:\/\/toidupakk.ee\/wp-content\/uploads\/2022\/01\/Toidupakk-matkapood-logo-transparent.png","width":500,"height":500,"caption":"Tactical Foodpack matkaeined"},"image":{"@id":"https:\/\/toidupakk.ee\/pl\/#\/schema\/logo\/image\/"},"sameAs":["https:\/\/www.facebook.com\/Toidupakk","https:\/\/www.instagram.com\/toidupakk\/"]}]}},"jetpack_sharing_enabled":true,"_links":{"self":[{"href":"https:\/\/toidupakk.ee\/pl\/wp-json\/wp\/v2\/product\/49996","targetHints":{"allow":["GET"]}}],"collection":[{"href":"https:\/\/toidupakk.ee\/pl\/wp-json\/wp\/v2\/product"}],"about":[{"href":"https:\/\/toidupakk.ee\/pl\/wp-json\/wp\/v2\/types\/product"}],"replies":[{"embeddable":true,"href":"https:\/\/toidupakk.ee\/pl\/wp-json\/wp\/v2\/comments?post=49996"}],"wp:featuredmedia":[{"embeddable":true,"href":"https:\/\/toidupakk.ee\/pl\/wp-json\/wp\/v2\/media\/36115"}],"wp:attachment":[{"href":"https:\/\/toidupakk.ee\/pl\/wp-json\/wp\/v2\/media?parent=49996"}],"wp:term":[{"taxonomy":"product_brand","embeddable":true,"href":"https:\/\/toidupakk.ee\/pl\/wp-json\/wp\/v2\/product_brand?post=49996"},{"taxonomy":"product_cat","embeddable":true,"href":"https:\/\/toidupakk.ee\/pl\/wp-json\/wp\/v2\/product_cat?post=49996"},{"taxonomy":"product_tag","embeddable":true,"href":"https:\/\/toidupakk.ee\/pl\/wp-json\/wp\/v2\/product_tag?post=49996"}],"curies":[{"name":"wp","href":"https:\/\/api.w.org\/{rel}","templated":true}]}}