{"id":49991,"date":"2025-04-23T09:36:37","date_gmt":"2025-04-23T06:36:37","guid":{"rendered":"https:\/\/toidupakk.ee\/toode\/strogonow-z-soczewicy\/"},"modified":"2026-04-29T15:31:12","modified_gmt":"2026-04-29T12:31:12","slug":"strogonow-z-soczewicy","status":"publish","type":"product","link":"https:\/\/toidupakk.ee\/pl\/toode\/strogonow-z-soczewicy\/","title":{"rendered":"Strogonow z soczewicy"},"content":{"rendered":"<h2 data-start=\"217\" data-end=\"258\"><strong data-start=\"221\" data-end=\"258\">Tactical Foodpack Strogonow z soczewicy<\/strong><\/h2>\n<p class=\"\" data-start=\"260\" data-end=\"663\"><strong data-start=\"260\" data-end=\"302\">Tactical Foodpack Strogonow z soczewicy 120g<\/strong> to ro\u015blinne, kremowe i syc\u0105ce danie, kt\u00f3re \u0142\u0105czy w sobie czerwon\u0105 soczewic\u0119, warzywa i lekk\u0105 nut\u0119 pikanterii. Ta bogata receptura oferuje zbilansowany posi\u0142ek zar\u00f3wno na \u0142onie natury, w pracy, jak i w domu. Lekkie i kompaktowe opakowanie \u017cywno\u015bci liofilizowanej zapewnia d\u0142ugi termin przydatno\u015bci oraz zachowanie warto\u015bci od\u017cywczych, dzi\u0119ki czemu idealnie nadaje si\u0119 na d\u0142u\u017csze wyprawy lub jako zapas awaryjny.  <\/p>\n<p data-start=\"260\" data-end=\"663\"><img fetchpriority=\"high\" decoding=\"async\" class=\"wp-image-34069 size-thumbnail alignnone\" src=\"https:\/\/toidupakk.ee\/wp-content\/uploads\/2025\/04\/lentils_stroganoff_REGULAR_240x180mm-Front-camping-foodpack-500x500.png\" alt=\"Tactical Foodpack Strogonow z soczewicy 120g opakowanie \u2013 liofilizowane danie wega\u0144skie, 511 kcal na porcj\u0119\" width=\"500\" height=\"500\" srcset=\"https:\/\/toidupakk.ee\/wp-content\/uploads\/2025\/04\/lentils_stroganoff_REGULAR_240x180mm-Front-camping-foodpack-500x500.png 500w, https:\/\/toidupakk.ee\/wp-content\/uploads\/2025\/04\/lentils_stroganoff_REGULAR_240x180mm-Front-camping-foodpack-400x400.png 400w, https:\/\/toidupakk.ee\/wp-content\/uploads\/2025\/04\/lentils_stroganoff_REGULAR_240x180mm-Front-camping-foodpack-100x100.png 100w\" sizes=\"(max-width: 500px) 100vw, 500px\" \/><\/p>\n<h3 data-start=\"260\" data-end=\"663\"><strong data-start=\"673\" data-end=\"705\">Dlaczego warto wybra\u0107 strogonow z soczewicy?<\/strong><\/h3>\n<p class=\"\" data-start=\"707\" data-end=\"1025\"><strong data-start=\"707\" data-end=\"726\">Strogonow z soczewicy<\/strong> to urozmaicone i po\u017cywne danie wegetaria\u0144skie, kt\u00f3re zapewnia doskona\u0142y smak i wystarczaj\u0105c\u0105 ilo\u015b\u0107 energii na ca\u0142y dzie\u0144.<br data-start=\"828\" data-end=\"831\"><strong data-start=\"831\" data-end=\"852\">Tactical Foodpack<\/strong> s\u0142ynie z wysokiej jako\u015bci i \u0142atwych w przygotowaniu posi\u0142k\u00f3w, oferuj\u0105c funkcjonalne i smaczne rozwi\u0105zanie dla ka\u017cdego mi\u0142o\u015bnika przyrody, poszukiwacza przyg\u00f3d czy do codziennego u\u017cytku.<\/p>\n<ul>\n<li data-start=\"1027\" data-end=\"1152\"><strong data-start=\"1029\" data-end=\"1051\">\u0141atwe przygotowanie:<\/strong> Wlej do opakowania 320 ml gor\u0105cej wody i odczekaj 8 minut \u2013 szybkie i wygodne rozwi\u0105zanie na ciep\u0142y posi\u0142ek.<\/li>\n<li data-start=\"1027\" data-end=\"1152\">W<strong data-start=\"1156\" data-end=\"1182\">ysoka zawarto\u015b\u0107 energii:<\/strong> Jedna porcja zawiera 511 kcal \u2013 wystarczaj\u0105cy zastrzyk energii w dowolnym momencie.<\/li>\n<li data-start=\"1027\" data-end=\"1152\"><strong data-start=\"1258\" data-end=\"1281\">Naturalny sk\u0142ad:<\/strong> Bez konserwant\u00f3w i sztucznych dodatk\u00f3w \u2013 tylko wysokiej jako\u015bci naturalne sk\u0142adniki, zapewniaj\u0105ce zdrowy i smaczny posi\u0142ek.<\/li>\n<li data-start=\"1027\" data-end=\"1152\"><strong data-start=\"1423\" data-end=\"1444\">D\u0142ugi termin przydatno\u015bci:<\/strong> Najlepiej spo\u017cy\u0107 przed up\u0142ywem 8 lat od daty produkcji \u2013 idealne jako produkt wyprawowy, zapas \u017cywno\u015bci na sytuacje awaryjne lub do codziennej gotowo\u015bci.<\/li>\n<li data-start=\"1027\" data-end=\"1152\"><strong data-start=\"1567\" data-end=\"1590\">Wyprodukowano w Niemczech:<\/strong> Wysokiej jako\u015bci \u017cywno\u015b\u0107, kt\u00f3rej smak i warto\u015bci zostaj\u0105 zachowane przez d\u0142ugi czas.<\/li>\n<\/ul>\n<h2 class=\"\" data-start=\"1674\" data-end=\"1733\"><strong data-start=\"1677\" data-end=\"1733\">Co sprawia, \u017ce strogonow z soczewicy jest wyj\u0105tkowy?<\/strong><\/h2>\n<p class=\"\" data-start=\"1735\" data-end=\"2105\"><strong data-start=\"1735\" data-end=\"1754\">Strogonow z soczewicy<\/strong> \u0142\u0105czy czerwon\u0105 soczewic\u0119, ziemniaki, bataty, marchew i papryk\u0119 w bogate w smak, lekko pikantne danie. Nap\u00f3j kokosowy i przecier pomidorowy nadaj\u0105 kremow\u0105 konsystencj\u0119, a og\u00f3rek konserwowy i bia\u0142y pieprz wprowadzaj\u0105 zbalansowan\u0105 g\u0142\u0119bi\u0119 smaku. Pe\u0142nowarto\u015bciowy posi\u0142ek, kt\u00f3ry doskonale nadaje si\u0119 dla wegan oraz ka\u017cdego smakosza ceni\u0105cego dobre jedzenie.  <\/p>\n<table style=\"border-collapse: collapse; width: 477px; background-color: #f4f0eb; font-family: inherit; height: 446px;\">\n<thead>\n<tr>\n<th style=\"border: 1px solid #ccc; padding: 8px 12px; background-color: #e0dcd7;\">Warto\u015b\u0107 od\u017cywcza<\/th>\n<th style=\"border: 1px solid #ccc; padding: 8px 12px; background-color: #e0dcd7;\">Na porcj\u0119<\/th>\n<th style=\"border: 1px solid #ccc; padding: 8px 12px; background-color: #e0dcd7;\">Na 100 g<\/th>\n<\/tr>\n<\/thead>\n<tbody>\n<tr>\n<td style=\"border: 1px solid #ccc; padding: 8px 12px;\">Energia<\/td>\n<td style=\"border: 1px solid #ccc; padding: 8px 12px;\">2135 kJ \/ 511 kcal<\/td>\n<td style=\"border: 1px solid #ccc; padding: 8px 12px;\">1779 kJ \/ 426 kcal<\/td>\n<\/tr>\n<tr>\n<td style=\"border: 1px solid #ccc; padding: 8px 12px;\">T\u0142uszcz<\/td>\n<td style=\"border: 1px solid #ccc; padding: 8px 12px;\">22 g<\/td>\n<td style=\"border: 1px solid #ccc; padding: 8px 12px;\">18.4 g<\/td>\n<\/tr>\n<tr>\n<td style=\"border: 1px solid #ccc; padding: 8px 12px;\">\u2013 w tym kwasy t\u0142uszczowe nasycone<\/td>\n<td style=\"border: 1px solid #ccc; padding: 8px 12px;\">15 g<\/td>\n<td style=\"border: 1px solid #ccc; padding: 8px 12px;\">12.3 g<\/td>\n<\/tr>\n<tr>\n<td style=\"border: 1px solid #ccc; padding: 8px 12px;\">W\u0119glowodany<\/td>\n<td style=\"border: 1px solid #ccc; padding: 8px 12px;\">51 g<\/td>\n<td style=\"border: 1px solid #ccc; padding: 8px 12px;\">42.1 g<\/td>\n<\/tr>\n<tr>\n<td style=\"border: 1px solid #ccc; padding: 8px 12px;\">\u2013 w tym cukry<\/td>\n<td style=\"border: 1px solid #ccc; padding: 8px 12px;\">11 g<\/td>\n<td style=\"border: 1px solid #ccc; padding: 8px 12px;\">9.3 g<\/td>\n<\/tr>\n<tr>\n<td style=\"border: 1px solid #ccc; padding: 8px 12px;\">B\u0142onnik<\/td>\n<td style=\"border: 1px solid #ccc; padding: 8px 12px;\">15 g<\/td>\n<td style=\"border: 1px solid #ccc; padding: 8px 12px;\">12.8 g<\/td>\n<\/tr>\n<tr>\n<td style=\"border: 1px solid #ccc; padding: 8px 12px;\">Bia\u0142ko<\/td>\n<td style=\"border: 1px solid #ccc; padding: 8px 12px;\">20 g<\/td>\n<td style=\"border: 1px solid #ccc; padding: 8px 12px;\">16.5 g<\/td>\n<\/tr>\n<tr>\n<td style=\"border: 1px solid #ccc; padding: 8px 12px;\">S\u00f3l<\/td>\n<td style=\"border: 1px solid #ccc; padding: 8px 12px;\">2.3 g<\/td>\n<td style=\"border: 1px solid #ccc; padding: 8px 12px;\">1.93 g<\/td>\n<\/tr>\n<\/tbody>\n<\/table>\n<p>&nbsp;<\/p>\n<h4><strong>Zalety liofilizacji<\/strong><\/h4>\n<p>Liofilizacja zapewnia zachowanie \u015bwie\u017co\u015bci, tekstury i warto\u015bci od\u017cywczych \u017cywno\u015bci poprzez usuwanie wody w niskich temperaturach. <strong data-start=\"296\" data-end=\"317\">Tactical Foodpack<\/strong> wykorzystuje t\u0119 technologi\u0119, aby oferowa\u0107 \u0142atwe do przenoszenia posi\u0142ki o d\u0142ugim terminie przydatno\u015bci, kt\u00f3re zachowuj\u0105 sw\u00f3j smak i warto\u015bci od\u017cywcze nawet po latach. <\/p>\n<h4><strong>Dla kogo przeznaczony jest strogonow z soczewicy?<\/strong><\/h4>\n<ul>\n<li><strong data-start=\"525\" data-end=\"556\">Dla w\u0119drowc\u00f3w i obozowicz\u00f3w:<\/strong> \u0141atwy w przygotowaniu i lekki do zabrania \u2013 idealny posi\u0142ek na szlak.<\/li>\n<li><strong data-start=\"622\" data-end=\"656\">Dla poszukiwaczy przyg\u00f3d i survivalowc\u00f3w:<\/strong> D\u0142ugi termin przydatno\u015bci i wysoka zawarto\u015b\u0107 energii czyni\u0105 go niezawodnym wyborem w trudnych warunkach.<\/li>\n<li><strong data-start=\"761\" data-end=\"796\">Jako szybki posi\u0142ek w domu:<\/strong> Gdy potrzebujesz szybkiego, po\u017cywnego dania bez trudu gotowania \u2013 po prostu dodaj gor\u0105c\u0105 wod\u0119 i gotowe!<\/li>\n<\/ul>\n<h4><strong>Informacje o produkcie i warunki przechowywania<\/strong><\/h4>\n<p><strong data-start=\"937\" data-end=\"974\">Tactical Foodpack Strogonow z soczewicy<\/strong> jest dost\u0119pny w opakowaniu 120 g, z kt\u00f3rego powstaje oko\u0142o 440 g ciep\u0142ego posi\u0142ku.<br data-start=\"1039\" data-end=\"1042\"><strong data-start=\"1042\" data-end=\"1074\">Optymalna temperatura przechowywania:<\/strong> od 10 \u00b0C do +30 \u00b0C.<br data-start=\"1093\" data-end=\"1096\">Kompaktowe opakowanie i technologia liofilizacji sprawiaj\u0105, \u017ce jest to doskona\u0142y wyb\u00f3r zar\u00f3wno na wypraw\u0119, jak i jako domowy zapas kryzysowy.<\/p>\n<h4><img decoding=\"async\" class=\"alignnone size-full wp-image-676 lazyloaded\" src=\"https:\/\/toidupakk.ee\/wp-content\/uploads\/2021\/12\/TF_logo_RGB-22-16-43-849.png\" alt=\"Zielone logo Tactical Foodpack\" width=\"238\" height=\"100\" data-src=\"https:\/\/toidupakk.ee\/wp-content\/uploads\/2021\/12\/TF_logo_RGB-22-16-43-849.png\" data-eio-rwidth=\"238\" data-eio-rheight=\"100\"><\/h4>\n<h4><strong>Posi\u0142ki Tactical Foodpack \u2013 jak u\u017cywa\u0107<\/strong><\/h4>\n<ol>\n<li>Otw\u00f3rz opakowanie i wyjmij poch\u0142aniacz tlenu.<\/li>\n<li>Dodaj 320 ml gor\u0105cej wody i dok\u0142adnie wymieszaj.<\/li>\n<li>Zamknij opakowanie i odczekaj 8 minut.<\/li>\n<li>Ciesz si\u0119 pysznym strogonowem!<\/li>\n<\/ol>\n<h3>Zobacz wszystkie posi\u0142ki Tactical Foodpack<\/h3>\n<p>Nie zapomnij zapozna\u0107 si\u0119 z innymi <a href=\"https:\/\/toidupakk.ee\/pl\/tootekategooria\/posilki-tactical-foodpack\/\">posi\u0142kami turystycznymi Tactical Foodpack<\/a>, aby znale\u017a\u0107 odpowiednie dania na ka\u017cd\u0105 przygod\u0119.<\/p>\n<h3>Znajd\u017a inspiracj\u0119 na kolejn\u0105 przygod\u0119<\/h3>\n<p>Obserwuj nas na <a href=\"https:\/\/www.instagram.com\/toidupakk\/\">Instagramie<\/a> i <a href=\"https:\/\/www.facebook.com\/Toidupakk\/\">Facebooku<\/a>, aby otrzymywa\u0107 inspiracje, przepisy i nowo\u015bci z naszej oferty!<\/p>\n","protected":false},"excerpt":{"rendered":"<p class=\"\" data-start=\"128\" data-end=\"192\"><strong data-start=\"128\" data-end=\"192\">Strogonow z soczewicy \u2013 ro\u015blinne i po\u017cywne danie od Tactical Foodpack<\/strong><\/p>\n<ul>\n<li data-start=\"196\" data-end=\"247\">Waga netto <span class=\"relative -mx-px my-[-0.2rem] rounded px-px py-[0.2rem] transition-colors duration-100 ease-in-out\">120 g (przed przygotowaniem, liofilizowane)<\/span><\/li>\n<li data-start=\"196\" data-end=\"247\">Waga gotowego dania <span class=\"relative -mx-px my-[-0.2rem] rounded px-px py-[0.2rem] transition-colors duration-100 ease-in-out\">ok. 440g<\/span><\/li>\n<li data-start=\"196\" data-end=\"247\">Warto\u015b\u0107 energetyczna na porcj\u0119 <span class=\"relative -mx-px my-[-0.2rem] rounded px-px py-[0.2rem] transition-colors duration-100 ease-in-out\">2135 kJ \/ 511 kcal<\/span><\/li>\n<li>Gotowe danie &#8211; po prostu zalej gor\u0105c\u0105 wod\u0105 i po 8 min mo\u017cesz cieszy\u0107 si\u0119 pe\u0142nowarto\u015bciowym posi\u0142kiem<\/li>\n<li><span lang=\"ET\">Naturalny sk\u0142ad, nie zawiera konserwant\u00f3w ani dodatk\u00f3w<\/span><\/li>\n<li data-start=\"196\" data-end=\"247\">Termin przydatno\u015bci <span class=\"relative -mx-px my-[-0.2rem] rounded px-px py-[0.2rem] transition-colors duration-100 ease-in-out\">8 lat od daty produkcji<\/span><\/li>\n<li data-start=\"196\" data-end=\"247\">Idealna temperatura przechowywania <span class=\"relative -mx-px my-[-0.2rem] rounded px-px py-[0.2rem] transition-colors duration-100 ease-in-out\">od 10 \u00b0C do +30 \u00b0C<\/span><\/li>\n<li data-start=\"196\" data-end=\"247\">Wyprodukowano w <span class=\"relative -mx-px my-[-0.2rem] rounded px-px py-[0.2rem] transition-colors duration-100 ease-in-out\">Niemczech<\/span><\/li>\n<\/ul>\n<p><strong>Sk\u0142adniki strogonowa z soczewicy<\/strong>:<\/p>\n<p><span class=\"relative -mx-px my-[-0.2rem] rounded px-px py-[0.2rem] transition-colors duration-100 ease-in-out\">Nap\u00f3j kokosowy (ekstrakt z kokosa, woda), ziemniaki, woda, czerwona soczewica (30%), bataty, cebula, czerwona papryka, marchew, przecier pomidorowy, olej rzepakowy, og\u00f3rek konserwowy (og\u00f3rek, ocet, s\u00f3l, ekstrakty przypraw, substancja s\u0142odz\u0105ca: sacharynian sodu), pietruszka, s\u00f3l jodowana, papryka w proszku, bia\u0142y pieprz<\/span><\/p>\n<p class=\"\" data-start=\"729\" data-end=\"816\">\u2705 <span class=\"relative -mx-px my-[-0.2rem] rounded px-px py-[0.2rem] transition-colors duration-100 ease-in-out\">Dost\u0119pne w magazynie, szybka dostawa w 1\u20133 dni robocze<\/span><\/p>\n","protected":false},"featured_media":49995,"comment_status":"open","ping_status":"closed","template":"","meta":{"_acf_changed":false},"product_brand":[],"product_cat":[303,337],"product_tag":[338],"class_list":{"0":"post-49991","1":"product","2":"type-product","3":"status-publish","4":"has-post-thumbnail","6":"product_cat-akcesoria-turystyczne","7":"product_cat-posilki-tactical-foodpack","8":"product_tag-tactical-foodpack","10":"first","11":"instock","12":"taxable","13":"shipping-taxable","14":"purchasable","15":"product-type-simple"},"bundled_by":[],"bundle_stock_status":"instock","bundle_stock_quantity":6,"bundle_virtual":false,"bundle_layout":"","bundle_add_to_cart_form_location":"","bundle_editable_in_cart":false,"bundle_sold_individually_context":"","bundle_item_grouping":"","bundle_min_size":"","bundle_max_size":"","bundle_price":[],"bundled_items":[],"bundle_sell_ids":[],"acf":[],"yoast_head":"<!-- This site is optimized with the Yoast SEO plugin v27.3 - https:\/\/yoast.com\/product\/yoast-seo-wordpress\/ -->\n<title>Strogonow z soczewicy - Toidupakk.ee - Tactical Foodpack toidupakid<\/title>\n<meta name=\"description\" content=\"Strogonow z soczewicy 120g \u2013 ro\u015blinne, liofilizowane danie z czerwon\u0105 soczewic\u0105, warzywami i napojem kokosowym. Dodaj tylko wod\u0119 i gotowe w zaledwie 8 minut.\" \/>\n<meta name=\"robots\" content=\"index, follow, max-snippet:-1, max-image-preview:large, max-video-preview:-1\" \/>\n<link rel=\"canonical\" href=\"https:\/\/toidupakk.ee\/pl\/toode\/strogonow-z-soczewicy\/\" \/>\n<meta property=\"og:locale\" content=\"pl_PL\" \/>\n<meta property=\"og:type\" content=\"article\" \/>\n<meta property=\"og:title\" content=\"Strogonow z soczewicy - Toidupakk.ee - Tactical Foodpack toidupakid\" \/>\n<meta property=\"og:description\" content=\"Strogonow z soczewicy 120g \u2013 ro\u015blinne, liofilizowane danie z czerwon\u0105 soczewic\u0105, warzywami i napojem kokosowym. Dodaj tylko wod\u0119 i gotowe w zaledwie 8 minut.\" \/>\n<meta property=\"og:url\" content=\"https:\/\/toidupakk.ee\/pl\/toode\/strogonow-z-soczewicy\/\" \/>\n<meta property=\"og:site_name\" content=\"Toidupakk.ee - Tactical Foodpack toidupakid\" \/>\n<meta property=\"article:publisher\" content=\"https:\/\/www.facebook.com\/Toidupakk\" \/>\n<meta property=\"article:modified_time\" content=\"2026-04-29T12:31:12+00:00\" \/>\n<meta property=\"og:image\" content=\"https:\/\/toidupakk.ee\/wp-content\/uploads\/2025\/04\/Nimetu-kujundus-8.png\" \/>\n\t<meta property=\"og:image:width\" content=\"800\" \/>\n\t<meta property=\"og:image:height\" content=\"800\" \/>\n\t<meta property=\"og:image:type\" content=\"image\/png\" \/>\n<meta name=\"twitter:card\" content=\"summary_large_image\" \/>\n<meta name=\"twitter:label1\" content=\"Szacowany czas czytania\" \/>\n\t<meta name=\"twitter:data1\" content=\"3 minuty\" \/>\n<script type=\"application\/ld+json\" class=\"yoast-schema-graph\">{\"@context\":\"https:\\\/\\\/schema.org\",\"@graph\":[{\"@type\":\"WebPage\",\"@id\":\"https:\\\/\\\/toidupakk.ee\\\/pl\\\/toode\\\/strogonow-z-soczewicy\\\/\",\"url\":\"https:\\\/\\\/toidupakk.ee\\\/pl\\\/toode\\\/strogonow-z-soczewicy\\\/\",\"name\":\"Strogonow z soczewicy - Toidupakk.ee - Tactical Foodpack toidupakid\",\"isPartOf\":{\"@id\":\"https:\\\/\\\/toidupakk.ee\\\/pl\\\/#website\"},\"primaryImageOfPage\":{\"@id\":\"https:\\\/\\\/toidupakk.ee\\\/pl\\\/toode\\\/strogonow-z-soczewicy\\\/#primaryimage\"},\"image\":{\"@id\":\"https:\\\/\\\/toidupakk.ee\\\/pl\\\/toode\\\/strogonow-z-soczewicy\\\/#primaryimage\"},\"thumbnailUrl\":\"https:\\\/\\\/toidupakk.ee\\\/wp-content\\\/uploads\\\/2025\\\/04\\\/Nimetu-kujundus-8.png\",\"datePublished\":\"2025-04-23T06:36:37+00:00\",\"dateModified\":\"2026-04-29T12:31:12+00:00\",\"description\":\"Strogonow z soczewicy 120g \u2013 ro\u015blinne, liofilizowane danie z czerwon\u0105 soczewic\u0105, warzywami i napojem kokosowym. Dodaj tylko wod\u0119 i gotowe w zaledwie 8 minut.\",\"breadcrumb\":{\"@id\":\"https:\\\/\\\/toidupakk.ee\\\/pl\\\/toode\\\/strogonow-z-soczewicy\\\/#breadcrumb\"},\"inLanguage\":\"pl-PL\",\"potentialAction\":[{\"@type\":\"ReadAction\",\"target\":[\"https:\\\/\\\/toidupakk.ee\\\/pl\\\/toode\\\/strogonow-z-soczewicy\\\/\"]}]},{\"@type\":\"ImageObject\",\"inLanguage\":\"pl-PL\",\"@id\":\"https:\\\/\\\/toidupakk.ee\\\/pl\\\/toode\\\/strogonow-z-soczewicy\\\/#primaryimage\",\"url\":\"https:\\\/\\\/toidupakk.ee\\\/wp-content\\\/uploads\\\/2025\\\/04\\\/Nimetu-kujundus-8.png\",\"contentUrl\":\"https:\\\/\\\/toidupakk.ee\\\/wp-content\\\/uploads\\\/2025\\\/04\\\/Nimetu-kujundus-8.png\",\"width\":800,\"height\":800},{\"@type\":\"BreadcrumbList\",\"@id\":\"https:\\\/\\\/toidupakk.ee\\\/pl\\\/toode\\\/strogonow-z-soczewicy\\\/#breadcrumb\",\"itemListElement\":[{\"@type\":\"ListItem\",\"position\":1,\"name\":\"Avaleht\",\"item\":\"https:\\\/\\\/toidupakk.ee\\\/pl\\\/\"},{\"@type\":\"ListItem\",\"position\":2,\"name\":\"Sklep internetowy\",\"item\":\"https:\\\/\\\/toidupakk.ee\\\/pl\\\/sklep-internetowy\\\/\"},{\"@type\":\"ListItem\",\"position\":3,\"name\":\"Strogonow z soczewicy\"}]},{\"@type\":\"WebSite\",\"@id\":\"https:\\\/\\\/toidupakk.ee\\\/pl\\\/#website\",\"url\":\"https:\\\/\\\/toidupakk.ee\\\/pl\\\/\",\"name\":\"Toidupakk.ee - Tactical Foodpack toidupakid\",\"description\":\"Tactical Foodpack k\u00fclmkuivatatud toidupakid ja matkaeined\",\"publisher\":{\"@id\":\"https:\\\/\\\/toidupakk.ee\\\/pl\\\/#organization\"},\"potentialAction\":[{\"@type\":\"SearchAction\",\"target\":{\"@type\":\"EntryPoint\",\"urlTemplate\":\"https:\\\/\\\/toidupakk.ee\\\/pl\\\/?s={search_term_string}\"},\"query-input\":{\"@type\":\"PropertyValueSpecification\",\"valueRequired\":true,\"valueName\":\"search_term_string\"}}],\"inLanguage\":\"pl-PL\"},{\"@type\":\"Organization\",\"@id\":\"https:\\\/\\\/toidupakk.ee\\\/pl\\\/#organization\",\"name\":\"Tactical Foodpack matkaeined\",\"url\":\"https:\\\/\\\/toidupakk.ee\\\/pl\\\/\",\"logo\":{\"@type\":\"ImageObject\",\"inLanguage\":\"pl-PL\",\"@id\":\"https:\\\/\\\/toidupakk.ee\\\/pl\\\/#\\\/schema\\\/logo\\\/image\\\/\",\"url\":\"https:\\\/\\\/toidupakk.ee\\\/wp-content\\\/uploads\\\/2022\\\/01\\\/Toidupakk-matkapood-logo-transparent.png\",\"contentUrl\":\"https:\\\/\\\/toidupakk.ee\\\/wp-content\\\/uploads\\\/2022\\\/01\\\/Toidupakk-matkapood-logo-transparent.png\",\"width\":500,\"height\":500,\"caption\":\"Tactical Foodpack matkaeined\"},\"image\":{\"@id\":\"https:\\\/\\\/toidupakk.ee\\\/pl\\\/#\\\/schema\\\/logo\\\/image\\\/\"},\"sameAs\":[\"https:\\\/\\\/www.facebook.com\\\/Toidupakk\",\"https:\\\/\\\/www.instagram.com\\\/toidupakk\\\/\"]}]}<\/script>\n<!-- \/ Yoast SEO plugin. -->","yoast_head_json":{"title":"Strogonow z soczewicy - Toidupakk.ee - Tactical Foodpack toidupakid","description":"Strogonow z soczewicy 120g \u2013 ro\u015blinne, liofilizowane danie z czerwon\u0105 soczewic\u0105, warzywami i napojem kokosowym. Dodaj tylko wod\u0119 i gotowe w zaledwie 8 minut.","robots":{"index":"index","follow":"follow","max-snippet":"max-snippet:-1","max-image-preview":"max-image-preview:large","max-video-preview":"max-video-preview:-1"},"canonical":"https:\/\/toidupakk.ee\/pl\/toode\/strogonow-z-soczewicy\/","og_locale":"pl_PL","og_type":"article","og_title":"Strogonow z soczewicy - Toidupakk.ee - Tactical Foodpack toidupakid","og_description":"Strogonow z soczewicy 120g \u2013 ro\u015blinne, liofilizowane danie z czerwon\u0105 soczewic\u0105, warzywami i napojem kokosowym. Dodaj tylko wod\u0119 i gotowe w zaledwie 8 minut.","og_url":"https:\/\/toidupakk.ee\/pl\/toode\/strogonow-z-soczewicy\/","og_site_name":"Toidupakk.ee - Tactical Foodpack toidupakid","article_publisher":"https:\/\/www.facebook.com\/Toidupakk","article_modified_time":"2026-04-29T12:31:12+00:00","og_image":[{"width":800,"height":800,"url":"https:\/\/toidupakk.ee\/wp-content\/uploads\/2025\/04\/Nimetu-kujundus-8.png","type":"image\/png"}],"twitter_card":"summary_large_image","twitter_misc":{"Szacowany czas czytania":"3 minuty"},"schema":{"@context":"https:\/\/schema.org","@graph":[{"@type":"WebPage","@id":"https:\/\/toidupakk.ee\/pl\/toode\/strogonow-z-soczewicy\/","url":"https:\/\/toidupakk.ee\/pl\/toode\/strogonow-z-soczewicy\/","name":"Strogonow z soczewicy - Toidupakk.ee - Tactical Foodpack toidupakid","isPartOf":{"@id":"https:\/\/toidupakk.ee\/pl\/#website"},"primaryImageOfPage":{"@id":"https:\/\/toidupakk.ee\/pl\/toode\/strogonow-z-soczewicy\/#primaryimage"},"image":{"@id":"https:\/\/toidupakk.ee\/pl\/toode\/strogonow-z-soczewicy\/#primaryimage"},"thumbnailUrl":"https:\/\/toidupakk.ee\/wp-content\/uploads\/2025\/04\/Nimetu-kujundus-8.png","datePublished":"2025-04-23T06:36:37+00:00","dateModified":"2026-04-29T12:31:12+00:00","description":"Strogonow z soczewicy 120g \u2013 ro\u015blinne, liofilizowane danie z czerwon\u0105 soczewic\u0105, warzywami i napojem kokosowym. Dodaj tylko wod\u0119 i gotowe w zaledwie 8 minut.","breadcrumb":{"@id":"https:\/\/toidupakk.ee\/pl\/toode\/strogonow-z-soczewicy\/#breadcrumb"},"inLanguage":"pl-PL","potentialAction":[{"@type":"ReadAction","target":["https:\/\/toidupakk.ee\/pl\/toode\/strogonow-z-soczewicy\/"]}]},{"@type":"ImageObject","inLanguage":"pl-PL","@id":"https:\/\/toidupakk.ee\/pl\/toode\/strogonow-z-soczewicy\/#primaryimage","url":"https:\/\/toidupakk.ee\/wp-content\/uploads\/2025\/04\/Nimetu-kujundus-8.png","contentUrl":"https:\/\/toidupakk.ee\/wp-content\/uploads\/2025\/04\/Nimetu-kujundus-8.png","width":800,"height":800},{"@type":"BreadcrumbList","@id":"https:\/\/toidupakk.ee\/pl\/toode\/strogonow-z-soczewicy\/#breadcrumb","itemListElement":[{"@type":"ListItem","position":1,"name":"Avaleht","item":"https:\/\/toidupakk.ee\/pl\/"},{"@type":"ListItem","position":2,"name":"Sklep internetowy","item":"https:\/\/toidupakk.ee\/pl\/sklep-internetowy\/"},{"@type":"ListItem","position":3,"name":"Strogonow z soczewicy"}]},{"@type":"WebSite","@id":"https:\/\/toidupakk.ee\/pl\/#website","url":"https:\/\/toidupakk.ee\/pl\/","name":"Toidupakk.ee - Tactical Foodpack toidupakid","description":"Tactical Foodpack k\u00fclmkuivatatud toidupakid ja matkaeined","publisher":{"@id":"https:\/\/toidupakk.ee\/pl\/#organization"},"potentialAction":[{"@type":"SearchAction","target":{"@type":"EntryPoint","urlTemplate":"https:\/\/toidupakk.ee\/pl\/?s={search_term_string}"},"query-input":{"@type":"PropertyValueSpecification","valueRequired":true,"valueName":"search_term_string"}}],"inLanguage":"pl-PL"},{"@type":"Organization","@id":"https:\/\/toidupakk.ee\/pl\/#organization","name":"Tactical Foodpack matkaeined","url":"https:\/\/toidupakk.ee\/pl\/","logo":{"@type":"ImageObject","inLanguage":"pl-PL","@id":"https:\/\/toidupakk.ee\/pl\/#\/schema\/logo\/image\/","url":"https:\/\/toidupakk.ee\/wp-content\/uploads\/2022\/01\/Toidupakk-matkapood-logo-transparent.png","contentUrl":"https:\/\/toidupakk.ee\/wp-content\/uploads\/2022\/01\/Toidupakk-matkapood-logo-transparent.png","width":500,"height":500,"caption":"Tactical Foodpack matkaeined"},"image":{"@id":"https:\/\/toidupakk.ee\/pl\/#\/schema\/logo\/image\/"},"sameAs":["https:\/\/www.facebook.com\/Toidupakk","https:\/\/www.instagram.com\/toidupakk\/"]}]}},"jetpack_sharing_enabled":true,"_links":{"self":[{"href":"https:\/\/toidupakk.ee\/pl\/wp-json\/wp\/v2\/product\/49991","targetHints":{"allow":["GET"]}}],"collection":[{"href":"https:\/\/toidupakk.ee\/pl\/wp-json\/wp\/v2\/product"}],"about":[{"href":"https:\/\/toidupakk.ee\/pl\/wp-json\/wp\/v2\/types\/product"}],"replies":[{"embeddable":true,"href":"https:\/\/toidupakk.ee\/pl\/wp-json\/wp\/v2\/comments?post=49991"}],"wp:featuredmedia":[{"embeddable":true,"href":"https:\/\/toidupakk.ee\/pl\/wp-json\/wp\/v2\/media\/49995"}],"wp:attachment":[{"href":"https:\/\/toidupakk.ee\/pl\/wp-json\/wp\/v2\/media?parent=49991"}],"wp:term":[{"taxonomy":"product_brand","embeddable":true,"href":"https:\/\/toidupakk.ee\/pl\/wp-json\/wp\/v2\/product_brand?post=49991"},{"taxonomy":"product_cat","embeddable":true,"href":"https:\/\/toidupakk.ee\/pl\/wp-json\/wp\/v2\/product_cat?post=49991"},{"taxonomy":"product_tag","embeddable":true,"href":"https:\/\/toidupakk.ee\/pl\/wp-json\/wp\/v2\/product_tag?post=49991"}],"curies":[{"name":"wp","href":"https:\/\/api.w.org\/{rel}","templated":true}]}}