{"id":49988,"date":"2025-06-16T13:27:24","date_gmt":"2025-06-16T10:27:24","guid":{"rendered":"https:\/\/toidupakk.ee\/toode\/tabletki-do-mycia-zebow-dla-dzieci-brzoskwiniowe\/"},"modified":"2026-04-04T06:00:56","modified_gmt":"2026-04-04T03:00:56","slug":"tabletki-do-mycia-zebow-dla-dzieci-brzoskwiniowe","status":"publish","type":"product","link":"https:\/\/toidupakk.ee\/pl\/toode\/tabletki-do-mycia-zebow-dla-dzieci-brzoskwiniowe\/","title":{"rendered":"Tabletki do mycia z\u0119b\u00f3w dla dzieci (brzoskwiniowe)"},"content":{"rendered":"<h3 data-start=\"103\" data-end=\"185\">Tabletki do mycia z\u0119b\u00f3w dla dzieci \u2013 naturalny i zabawny spos\u00f3b na dbanie o z\u0119by<\/h3>\n<p data-start=\"186\" data-end=\"701\"><strong data-start=\"186\" data-end=\"320\">Naturalne tabletki do mycia z\u0119b\u00f3w dla dzieci o smaku brzoskwiniowym sprawiaj\u0105, \u017ce codzienna higiena staje si\u0119 przyjemnym i bezpiecznym do\u015bwiadczeniem.<\/strong> Delikatna, ale skuteczna formu\u0142a zosta\u0142a stworzona specjalnie dla wra\u017cliwej buzi dziecka. Produkt nie zawiera fluoru, alkoholu ani sztucznych dodatk\u00f3w. Dzi\u0119ki niewielkiemu rozmiarowi i \u0142atwo\u015bci u\u017cycia idealnie sprawdz\u0105 si\u0119 w podr\u00f3\u017cy lub w szkolnym plecaku. Tabletki wspieraj\u0105 zdrowie jamy ustnej w naturalny spos\u00f3b i zmieniaj\u0105 mycie z\u0119b\u00f3w w ekscytuj\u0105c\u0105 rutyn\u0119, na kt\u00f3r\u0105 dziecko czeka z rado\u015bci\u0105.  <\/p>\n<p data-start=\"186\" data-end=\"701\"><img fetchpriority=\"high\" decoding=\"async\" class=\"alignnone wp-image-36316 size-thumbnail\" src=\"https:\/\/toidupakk.ee\/wp-content\/uploads\/2025\/06\/virsiku-hambapasta-tabletid-lastele-alumiinium-purgis-30tk-peach-toothpaste-tablets-for-kids-in-aluminium-tin-30pc-500x500.jpg\" alt=\"Tabletki do mycia z\u0119b\u00f3w dla dzieci o smaku brzoskwiniowym\" width=\"500\" height=\"500\" srcset=\"https:\/\/toidupakk.ee\/wp-content\/uploads\/2025\/06\/virsiku-hambapasta-tabletid-lastele-alumiinium-purgis-30tk-peach-toothpaste-tablets-for-kids-in-aluminium-tin-30pc-500x500.jpg 500w, https:\/\/toidupakk.ee\/wp-content\/uploads\/2025\/06\/virsiku-hambapasta-tabletid-lastele-alumiinium-purgis-30tk-peach-toothpaste-tablets-for-kids-in-aluminium-tin-30pc-300x300.jpg 300w, https:\/\/toidupakk.ee\/wp-content\/uploads\/2025\/06\/virsiku-hambapasta-tabletid-lastele-alumiinium-purgis-30tk-peach-toothpaste-tablets-for-kids-in-aluminium-tin-30pc-1024x1024.jpg 1024w, https:\/\/toidupakk.ee\/wp-content\/uploads\/2025\/06\/virsiku-hambapasta-tabletid-lastele-alumiinium-purgis-30tk-peach-toothpaste-tablets-for-kids-in-aluminium-tin-30pc-768x768.jpg 768w, https:\/\/toidupakk.ee\/wp-content\/uploads\/2025\/06\/virsiku-hambapasta-tabletid-lastele-alumiinium-purgis-30tk-peach-toothpaste-tablets-for-kids-in-aluminium-tin-30pc-400x400.jpg 400w, https:\/\/toidupakk.ee\/wp-content\/uploads\/2025\/06\/virsiku-hambapasta-tabletid-lastele-alumiinium-purgis-30tk-peach-toothpaste-tablets-for-kids-in-aluminium-tin-30pc-800x800.jpg 800w, https:\/\/toidupakk.ee\/wp-content\/uploads\/2025\/06\/virsiku-hambapasta-tabletid-lastele-alumiinium-purgis-30tk-peach-toothpaste-tablets-for-kids-in-aluminium-tin-30pc-100x100.jpg 100w, https:\/\/toidupakk.ee\/wp-content\/uploads\/2025\/06\/virsiku-hambapasta-tabletid-lastele-alumiinium-purgis-30tk-peach-toothpaste-tablets-for-kids-in-aluminium-tin-30pc.jpg 1080w\" sizes=\"(max-width: 500px) 100vw, 500px\" \/><\/p>\n<h3 data-start=\"708\" data-end=\"745\">Jak u\u017cywa\u0107 tabletek do mycia z\u0119b\u00f3w<\/h3>\n<p data-start=\"747\" data-end=\"790\">U\u017cywanie tabletek jest proste i zabawne:<\/p>\n<ol>\n<li data-start=\"794\" data-end=\"814\">Pogry\u017a tabletk\u0119.<\/li>\n<li data-start=\"794\" data-end=\"814\">Szczotkuj wilgotn\u0105 szczoteczk\u0105.<\/li>\n<li data-start=\"794\" data-end=\"814\">Wypluj pian\u0119.<\/li>\n<\/ol>\n<p data-start=\"872\" data-end=\"1022\">Po u\u017cyciu nie trzeba p\u0142uka\u0107 ust \u2013 pozw\u00f3l naturalnym sk\u0142adnikom dzia\u0142a\u0107, aby wspiera\u0107 regeneracj\u0119 szkliwa i zdrowie dzi\u0105se\u0142.<\/p>\n<h3 data-start=\"1029\" data-end=\"1064\">Naturalny sk\u0142ad odpowiedni dla dzieci<\/h3>\n<p data-start=\"1066\" data-end=\"1491\">Brzoskwiniowe tabletki do mycia z\u0119b\u00f3w zawieraj\u0105 delikatne i bezpieczne sk\u0142adniki, kt\u00f3re pomagaj\u0105 utrzyma\u0107 buzi\u0119 dziecka zdrow\u0105 i \u015bwie\u017c\u0105. Zawarty w nich hydroksyapatyt (HAp) wspomaga regeneracj\u0119 szkliwa i pomaga zmniejszy\u0107 nadwra\u017cliwo\u015b\u0107. Bezpieczny dla dzieci ksylitol r\u00f3wnowa\u017cy pH jamy ustnej i hamuje rozw\u00f3j szkodliwych bakterii, wspieraj\u0105c jednocze\u015bnie korzystn\u0105 mikroflor\u0119. S\u0142odki smak brzoskwini sprawia, \u017ce mycie z\u0119b\u00f3w staje si\u0119 przyjemn\u0105 codzienn\u0105 rutyn\u0105.   <\/p>\n<h3 data-start=\"157\" data-end=\"188\">Tabletki do mycia z\u0119b\u00f3w dla dzieci \u2013 rado\u015b\u0107 odkrywania dla ca\u0142ej rodziny<\/h3>\n<p data-start=\"190\" data-end=\"708\" data-is-last-node=\"\" data-is-only-node=\"\">Je\u015bli Twoje dziecko ch\u0119tnie u\u017cywa tabletek do mycia z\u0119b\u00f3w, dlaczego nie zaproponowa\u0107 reszcie rodziny tak samo wygodnej i naturalnej alternatywy? W ofercie Fresmy znajdziesz r\u00f3\u017cne smaki dla doros\u0142ych \u2013 od od\u015bwie\u017caj\u0105cej mi\u0119ty pieprzowej i koj\u0105cej mi\u0119ty zielonej, po energetyczn\u0105 cytryn\u0119 czy g\u0142\u0119boko oczyszczaj\u0105cy wariant z jod\u0142\u0105 syberyjsk\u0105 i w\u0119glem aktywnym. Ka\u017cdy s\u0142oiczek zawiera 30 tabletek i znajduje si\u0119 w wygodnym aluminiowym pude\u0142ku \u2013 idealnym do codziennego u\u017cytku, w podr\u00f3\u017cy czy na \u0142onie natury. Wypr\u00f3buj r\u00f3\u017cne smaki i znajd\u017a sw\u00f3j ulubiony!   <\/p>\n<p data-start=\"190\" data-end=\"708\" data-is-last-node=\"\" data-is-only-node=\"\"><img decoding=\"async\" class=\"alignnone wp-image-36317 size-full\" src=\"https:\/\/toidupakk.ee\/wp-content\/uploads\/2025\/06\/Nimetu-kujundus-18.png\" alt=\"Wyb\u00f3r r\u00f3\u017cnych smak\u00f3w tabletek do mycia z\u0119b\u00f3w Fresmy\" width=\"1200\" height=\"800\" srcset=\"https:\/\/toidupakk.ee\/wp-content\/uploads\/2025\/06\/Nimetu-kujundus-18.png 1200w, https:\/\/toidupakk.ee\/wp-content\/uploads\/2025\/06\/Nimetu-kujundus-18-300x200.png 300w, https:\/\/toidupakk.ee\/wp-content\/uploads\/2025\/06\/Nimetu-kujundus-18-1024x683.png 1024w, https:\/\/toidupakk.ee\/wp-content\/uploads\/2025\/06\/Nimetu-kujundus-18-768x512.png 768w, https:\/\/toidupakk.ee\/wp-content\/uploads\/2025\/06\/Nimetu-kujundus-18-800x533.png 800w\" sizes=\"(max-width: 1200px) 100vw, 1200px\" \/><\/p>\n<p>Zobacz wi\u0119cej akcesori\u00f3w turystycznych <a href=\"https:\/\/toidupakk.ee\/pl\/tootekategooria\/sprzet-turystyczny\/#section-3-79\">TUTAJ<\/a><\/p>\n<p>Znajd\u017a inspiracj\u0119 na kolejne przygody na <a href=\"https:\/\/www.instagram.com\/toidupakk\/\">Instagramie<\/a> i <a href=\"https:\/\/www.facebook.com\/Toidupakk\/\">Facebooku<\/a> Toidupakk.<\/p>\n","protected":false},"excerpt":{"rendered":"<p data-start=\"1176\" data-end=\"1246\"><strong>Tabletki do mycia z\u0119b\u00f3w dla dzieci \u0142\u0105cz\u0105 s\u0142odycz brzoskwini z naturalno\u015bci\u0105, zmieniaj\u0105c higien\u0119 jamy ustnej w smaczn\u0105 i przyjemn\u0105 dla dziecka rutyn\u0119.<\/strong><\/p>\n<ul>\n<li data-start=\"1248\" data-end=\"1637\">Naturalne brzoskwiniowe tabletki do mycia z\u0119b\u00f3w \u2013 przeznaczone do codziennego u\u017cytku<\/li>\n<li data-start=\"1248\" data-end=\"1637\">Zawieraj\u0105 hydroksyapatyt \u2013 naturaln\u0105 alternatyw\u0119 dla fluoru<\/li>\n<li data-start=\"1248\" data-end=\"1637\">Bez fluoru, alkoholu i glutenu, nietoksyczne<\/li>\n<li data-start=\"1248\" data-end=\"1637\">Odpowiednie od 3. roku \u017cycia \u2013 prosty system \u201epogry\u017a-szczotkuj-wypluj\u201d <\/li>\n<li data-start=\"1248\" data-end=\"1637\">Pakowane w szczelny i nadaj\u0105cy si\u0119 do recyklingu aluminiowy s\u0142oiczek<\/li>\n<li data-start=\"1248\" data-end=\"1637\">1 s\u0142oiczek = 30 tabletek<\/li>\n<\/ul>\n<p data-start=\"1639\" data-end=\"1681\">\u2705 Dost\u0119pne w magazynie, szybka dostawa w 1\u20133 dni robocze<\/p>\n","protected":false},"featured_media":36315,"comment_status":"open","ping_status":"closed","template":"","meta":{"_acf_changed":false},"product_brand":[],"product_cat":[303,301],"product_tag":[305],"class_list":{"0":"post-49988","1":"product","2":"type-product","3":"status-publish","4":"has-post-thumbnail","6":"product_cat-akcesoria-turystyczne","7":"product_cat-sprzet-turystyczny","8":"product_tag-no_ads","10":"first","11":"instock","12":"taxable","13":"shipping-taxable","14":"purchasable","15":"product-type-simple"},"bundled_by":[],"bundle_stock_status":"instock","bundle_stock_quantity":5,"bundle_virtual":false,"bundle_layout":"","bundle_add_to_cart_form_location":"","bundle_editable_in_cart":false,"bundle_sold_individually_context":"","bundle_item_grouping":"","bundle_min_size":"","bundle_max_size":"","bundle_price":[],"bundled_items":[],"bundle_sell_ids":[],"acf":[],"yoast_head":"<!-- This site is optimized with the Yoast SEO plugin v27.1.1 - https:\/\/yoast.com\/product\/yoast-seo-wordpress\/ -->\n<title>Tabletki do mycia z\u0119b\u00f3w dla dzieci (brzoskwiniowe)<\/title>\n<meta name=\"description\" content=\"Naturalne tabletki do mycia z\u0119b\u00f3w dla dzieci o smaku brzoskwiniowym \u2013 delikatne, bez fluoru i wygodne do higieny jamy ustnej w domu i w podr\u00f3\u017cy.\" \/>\n<meta name=\"robots\" content=\"index, follow, max-snippet:-1, max-image-preview:large, max-video-preview:-1\" \/>\n<link rel=\"canonical\" href=\"https:\/\/toidupakk.ee\/pl\/toode\/tabletki-do-mycia-zebow-dla-dzieci-brzoskwiniowe\/\" \/>\n<meta property=\"og:locale\" content=\"pl_PL\" \/>\n<meta property=\"og:type\" content=\"article\" \/>\n<meta property=\"og:title\" content=\"Tabletki do mycia z\u0119b\u00f3w dla dzieci (brzoskwiniowe)\" \/>\n<meta property=\"og:description\" content=\"Naturalne tabletki do mycia z\u0119b\u00f3w dla dzieci o smaku brzoskwiniowym \u2013 delikatne, bez fluoru i wygodne do higieny jamy ustnej w domu i w podr\u00f3\u017cy.\" \/>\n<meta property=\"og:url\" content=\"https:\/\/toidupakk.ee\/pl\/toode\/tabletki-do-mycia-zebow-dla-dzieci-brzoskwiniowe\/\" \/>\n<meta property=\"og:site_name\" content=\"Toidupakk.ee - Tactical Foodpack toidupakid\" \/>\n<meta property=\"article:publisher\" content=\"https:\/\/www.facebook.com\/Toidupakk\" \/>\n<meta property=\"article:modified_time\" content=\"2026-04-04T03:00:56+00:00\" \/>\n<meta property=\"og:image\" content=\"https:\/\/toidupakk.ee\/wp-content\/uploads\/2025\/06\/Nimetu-kujundus-17.png\" \/>\n\t<meta property=\"og:image:width\" content=\"800\" \/>\n\t<meta property=\"og:image:height\" content=\"800\" \/>\n\t<meta property=\"og:image:type\" content=\"image\/png\" \/>\n<meta name=\"twitter:card\" content=\"summary_large_image\" \/>\n<meta name=\"twitter:label1\" content=\"Szacowany czas czytania\" \/>\n\t<meta name=\"twitter:data1\" content=\"2 minuty\" \/>\n<script type=\"application\/ld+json\" class=\"yoast-schema-graph\">{\"@context\":\"https:\/\/schema.org\",\"@graph\":[{\"@type\":\"WebPage\",\"@id\":\"https:\/\/toidupakk.ee\/pl\/toode\/tabletki-do-mycia-zebow-dla-dzieci-brzoskwiniowe\/\",\"url\":\"https:\/\/toidupakk.ee\/pl\/toode\/tabletki-do-mycia-zebow-dla-dzieci-brzoskwiniowe\/\",\"name\":\"Tabletki do mycia z\u0119b\u00f3w dla dzieci (brzoskwiniowe)\",\"isPartOf\":{\"@id\":\"https:\/\/toidupakk.ee\/pl\/#website\"},\"primaryImageOfPage\":{\"@id\":\"https:\/\/toidupakk.ee\/pl\/toode\/tabletki-do-mycia-zebow-dla-dzieci-brzoskwiniowe\/#primaryimage\"},\"image\":{\"@id\":\"https:\/\/toidupakk.ee\/pl\/toode\/tabletki-do-mycia-zebow-dla-dzieci-brzoskwiniowe\/#primaryimage\"},\"thumbnailUrl\":\"https:\/\/toidupakk.ee\/wp-content\/uploads\/2025\/06\/Nimetu-kujundus-17.png\",\"datePublished\":\"2025-06-16T10:27:24+00:00\",\"dateModified\":\"2026-04-04T03:00:56+00:00\",\"description\":\"Naturalne tabletki do mycia z\u0119b\u00f3w dla dzieci o smaku brzoskwiniowym \u2013 delikatne, bez fluoru i wygodne do higieny jamy ustnej w domu i w podr\u00f3\u017cy.\",\"breadcrumb\":{\"@id\":\"https:\/\/toidupakk.ee\/pl\/toode\/tabletki-do-mycia-zebow-dla-dzieci-brzoskwiniowe\/#breadcrumb\"},\"inLanguage\":\"pl-PL\",\"potentialAction\":[{\"@type\":\"ReadAction\",\"target\":[\"https:\/\/toidupakk.ee\/pl\/toode\/tabletki-do-mycia-zebow-dla-dzieci-brzoskwiniowe\/\"]}]},{\"@type\":\"ImageObject\",\"inLanguage\":\"pl-PL\",\"@id\":\"https:\/\/toidupakk.ee\/pl\/toode\/tabletki-do-mycia-zebow-dla-dzieci-brzoskwiniowe\/#primaryimage\",\"url\":\"https:\/\/toidupakk.ee\/wp-content\/uploads\/2025\/06\/Nimetu-kujundus-17.png\",\"contentUrl\":\"https:\/\/toidupakk.ee\/wp-content\/uploads\/2025\/06\/Nimetu-kujundus-17.png\",\"width\":800,\"height\":800},{\"@type\":\"BreadcrumbList\",\"@id\":\"https:\/\/toidupakk.ee\/pl\/toode\/tabletki-do-mycia-zebow-dla-dzieci-brzoskwiniowe\/#breadcrumb\",\"itemListElement\":[{\"@type\":\"ListItem\",\"position\":1,\"name\":\"Avaleht\",\"item\":\"https:\/\/toidupakk.ee\/pl\/\"},{\"@type\":\"ListItem\",\"position\":2,\"name\":\"Sklep internetowy\",\"item\":\"https:\/\/toidupakk.ee\/pl\/sklep-internetowy\/\"},{\"@type\":\"ListItem\",\"position\":3,\"name\":\"Tabletki do mycia z\u0119b\u00f3w dla dzieci (brzoskwiniowe)\"}]},{\"@type\":\"WebSite\",\"@id\":\"https:\/\/toidupakk.ee\/pl\/#website\",\"url\":\"https:\/\/toidupakk.ee\/pl\/\",\"name\":\"Toidupakk.ee - Tactical Foodpack toidupakid\",\"description\":\"Tactical Foodpack k\u00fclmkuivatatud toidupakid ja matkaeined\",\"publisher\":{\"@id\":\"https:\/\/toidupakk.ee\/pl\/#organization\"},\"potentialAction\":[{\"@type\":\"SearchAction\",\"target\":{\"@type\":\"EntryPoint\",\"urlTemplate\":\"https:\/\/toidupakk.ee\/pl\/?s={search_term_string}\"},\"query-input\":{\"@type\":\"PropertyValueSpecification\",\"valueRequired\":true,\"valueName\":\"search_term_string\"}}],\"inLanguage\":\"pl-PL\"},{\"@type\":\"Organization\",\"@id\":\"https:\/\/toidupakk.ee\/pl\/#organization\",\"name\":\"Tactical Foodpack matkaeined\",\"url\":\"https:\/\/toidupakk.ee\/pl\/\",\"logo\":{\"@type\":\"ImageObject\",\"inLanguage\":\"pl-PL\",\"@id\":\"https:\/\/toidupakk.ee\/pl\/#\/schema\/logo\/image\/\",\"url\":\"https:\/\/toidupakk.ee\/wp-content\/uploads\/2022\/01\/Toidupakk-matkapood-logo-transparent.png\",\"contentUrl\":\"https:\/\/toidupakk.ee\/wp-content\/uploads\/2022\/01\/Toidupakk-matkapood-logo-transparent.png\",\"width\":500,\"height\":500,\"caption\":\"Tactical Foodpack matkaeined\"},\"image\":{\"@id\":\"https:\/\/toidupakk.ee\/pl\/#\/schema\/logo\/image\/\"},\"sameAs\":[\"https:\/\/www.facebook.com\/Toidupakk\",\"https:\/\/www.instagram.com\/toidupakk\/\"]}]}<\/script>\n<!-- \/ Yoast SEO plugin. -->","yoast_head_json":{"title":"Tabletki do mycia z\u0119b\u00f3w dla dzieci (brzoskwiniowe)","description":"Naturalne tabletki do mycia z\u0119b\u00f3w dla dzieci o smaku brzoskwiniowym \u2013 delikatne, bez fluoru i wygodne do higieny jamy ustnej w domu i w podr\u00f3\u017cy.","robots":{"index":"index","follow":"follow","max-snippet":"max-snippet:-1","max-image-preview":"max-image-preview:large","max-video-preview":"max-video-preview:-1"},"canonical":"https:\/\/toidupakk.ee\/pl\/toode\/tabletki-do-mycia-zebow-dla-dzieci-brzoskwiniowe\/","og_locale":"pl_PL","og_type":"article","og_title":"Tabletki do mycia z\u0119b\u00f3w dla dzieci (brzoskwiniowe)","og_description":"Naturalne tabletki do mycia z\u0119b\u00f3w dla dzieci o smaku brzoskwiniowym \u2013 delikatne, bez fluoru i wygodne do higieny jamy ustnej w domu i w podr\u00f3\u017cy.","og_url":"https:\/\/toidupakk.ee\/pl\/toode\/tabletki-do-mycia-zebow-dla-dzieci-brzoskwiniowe\/","og_site_name":"Toidupakk.ee - Tactical Foodpack toidupakid","article_publisher":"https:\/\/www.facebook.com\/Toidupakk","article_modified_time":"2026-04-04T03:00:56+00:00","og_image":[{"width":800,"height":800,"url":"https:\/\/toidupakk.ee\/wp-content\/uploads\/2025\/06\/Nimetu-kujundus-17.png","type":"image\/png"}],"twitter_card":"summary_large_image","twitter_misc":{"Szacowany czas czytania":"2 minuty"},"schema":{"@context":"https:\/\/schema.org","@graph":[{"@type":"WebPage","@id":"https:\/\/toidupakk.ee\/pl\/toode\/tabletki-do-mycia-zebow-dla-dzieci-brzoskwiniowe\/","url":"https:\/\/toidupakk.ee\/pl\/toode\/tabletki-do-mycia-zebow-dla-dzieci-brzoskwiniowe\/","name":"Tabletki do mycia z\u0119b\u00f3w dla dzieci (brzoskwiniowe)","isPartOf":{"@id":"https:\/\/toidupakk.ee\/pl\/#website"},"primaryImageOfPage":{"@id":"https:\/\/toidupakk.ee\/pl\/toode\/tabletki-do-mycia-zebow-dla-dzieci-brzoskwiniowe\/#primaryimage"},"image":{"@id":"https:\/\/toidupakk.ee\/pl\/toode\/tabletki-do-mycia-zebow-dla-dzieci-brzoskwiniowe\/#primaryimage"},"thumbnailUrl":"https:\/\/toidupakk.ee\/wp-content\/uploads\/2025\/06\/Nimetu-kujundus-17.png","datePublished":"2025-06-16T10:27:24+00:00","dateModified":"2026-04-04T03:00:56+00:00","description":"Naturalne tabletki do mycia z\u0119b\u00f3w dla dzieci o smaku brzoskwiniowym \u2013 delikatne, bez fluoru i wygodne do higieny jamy ustnej w domu i w podr\u00f3\u017cy.","breadcrumb":{"@id":"https:\/\/toidupakk.ee\/pl\/toode\/tabletki-do-mycia-zebow-dla-dzieci-brzoskwiniowe\/#breadcrumb"},"inLanguage":"pl-PL","potentialAction":[{"@type":"ReadAction","target":["https:\/\/toidupakk.ee\/pl\/toode\/tabletki-do-mycia-zebow-dla-dzieci-brzoskwiniowe\/"]}]},{"@type":"ImageObject","inLanguage":"pl-PL","@id":"https:\/\/toidupakk.ee\/pl\/toode\/tabletki-do-mycia-zebow-dla-dzieci-brzoskwiniowe\/#primaryimage","url":"https:\/\/toidupakk.ee\/wp-content\/uploads\/2025\/06\/Nimetu-kujundus-17.png","contentUrl":"https:\/\/toidupakk.ee\/wp-content\/uploads\/2025\/06\/Nimetu-kujundus-17.png","width":800,"height":800},{"@type":"BreadcrumbList","@id":"https:\/\/toidupakk.ee\/pl\/toode\/tabletki-do-mycia-zebow-dla-dzieci-brzoskwiniowe\/#breadcrumb","itemListElement":[{"@type":"ListItem","position":1,"name":"Avaleht","item":"https:\/\/toidupakk.ee\/pl\/"},{"@type":"ListItem","position":2,"name":"Sklep internetowy","item":"https:\/\/toidupakk.ee\/pl\/sklep-internetowy\/"},{"@type":"ListItem","position":3,"name":"Tabletki do mycia z\u0119b\u00f3w dla dzieci (brzoskwiniowe)"}]},{"@type":"WebSite","@id":"https:\/\/toidupakk.ee\/pl\/#website","url":"https:\/\/toidupakk.ee\/pl\/","name":"Toidupakk.ee - Tactical Foodpack toidupakid","description":"Tactical Foodpack k\u00fclmkuivatatud toidupakid ja matkaeined","publisher":{"@id":"https:\/\/toidupakk.ee\/pl\/#organization"},"potentialAction":[{"@type":"SearchAction","target":{"@type":"EntryPoint","urlTemplate":"https:\/\/toidupakk.ee\/pl\/?s={search_term_string}"},"query-input":{"@type":"PropertyValueSpecification","valueRequired":true,"valueName":"search_term_string"}}],"inLanguage":"pl-PL"},{"@type":"Organization","@id":"https:\/\/toidupakk.ee\/pl\/#organization","name":"Tactical Foodpack matkaeined","url":"https:\/\/toidupakk.ee\/pl\/","logo":{"@type":"ImageObject","inLanguage":"pl-PL","@id":"https:\/\/toidupakk.ee\/pl\/#\/schema\/logo\/image\/","url":"https:\/\/toidupakk.ee\/wp-content\/uploads\/2022\/01\/Toidupakk-matkapood-logo-transparent.png","contentUrl":"https:\/\/toidupakk.ee\/wp-content\/uploads\/2022\/01\/Toidupakk-matkapood-logo-transparent.png","width":500,"height":500,"caption":"Tactical Foodpack matkaeined"},"image":{"@id":"https:\/\/toidupakk.ee\/pl\/#\/schema\/logo\/image\/"},"sameAs":["https:\/\/www.facebook.com\/Toidupakk","https:\/\/www.instagram.com\/toidupakk\/"]}]}},"jetpack_sharing_enabled":true,"_links":{"self":[{"href":"https:\/\/toidupakk.ee\/pl\/wp-json\/wp\/v2\/product\/49988","targetHints":{"allow":["GET"]}}],"collection":[{"href":"https:\/\/toidupakk.ee\/pl\/wp-json\/wp\/v2\/product"}],"about":[{"href":"https:\/\/toidupakk.ee\/pl\/wp-json\/wp\/v2\/types\/product"}],"replies":[{"embeddable":true,"href":"https:\/\/toidupakk.ee\/pl\/wp-json\/wp\/v2\/comments?post=49988"}],"wp:featuredmedia":[{"embeddable":true,"href":"https:\/\/toidupakk.ee\/pl\/wp-json\/wp\/v2\/media\/36315"}],"wp:attachment":[{"href":"https:\/\/toidupakk.ee\/pl\/wp-json\/wp\/v2\/media?parent=49988"}],"wp:term":[{"taxonomy":"product_brand","embeddable":true,"href":"https:\/\/toidupakk.ee\/pl\/wp-json\/wp\/v2\/product_brand?post=49988"},{"taxonomy":"product_cat","embeddable":true,"href":"https:\/\/toidupakk.ee\/pl\/wp-json\/wp\/v2\/product_cat?post=49988"},{"taxonomy":"product_tag","embeddable":true,"href":"https:\/\/toidupakk.ee\/pl\/wp-json\/wp\/v2\/product_tag?post=49988"}],"curies":[{"name":"wp","href":"https:\/\/api.w.org\/{rel}","templated":true}]}}