{"id":49983,"date":"2025-06-12T13:52:22","date_gmt":"2025-06-12T10:52:22","guid":{"rendered":"https:\/\/toidupakk.ee\/toode\/tabletki-do-plukania-ust-fresmy\/"},"modified":"2026-05-15T02:31:35","modified_gmt":"2026-05-14T23:31:35","slug":"tabletki-do-plukania-ust-fresmy","status":"publish","type":"product","link":"https:\/\/toidupakk.ee\/pl\/toode\/tabletki-do-plukania-ust-fresmy\/","title":{"rendered":"Tabletki do p\u0142ukania ust Fresmy"},"content":{"rendered":"<h3 data-start=\"275\" data-end=\"331\"><img fetchpriority=\"high\" decoding=\"async\" class=\"alignnone wp-image-36247 size-full\" src=\"https:\/\/toidupakk.ee\/wp-content\/uploads\/2025\/06\/2-1.png\" alt=\"Opakowanie tabletek do p\u0142ukania ust Fresmy na niebieskim tle z ilustracjami li\u015bci mi\u0119ty i kropel wody, wyr\u00f3\u017cniony tekst \u201eTABLETKI DO P\u0141UKANIA UST\u201d. \" width=\"1200\" height=\"800\" srcset=\"https:\/\/toidupakk.ee\/wp-content\/uploads\/2025\/06\/2-1.png 1200w, https:\/\/toidupakk.ee\/wp-content\/uploads\/2025\/06\/2-1-300x200.png 300w, https:\/\/toidupakk.ee\/wp-content\/uploads\/2025\/06\/2-1-1024x683.png 1024w, https:\/\/toidupakk.ee\/wp-content\/uploads\/2025\/06\/2-1-768x512.png 768w, https:\/\/toidupakk.ee\/wp-content\/uploads\/2025\/06\/2-1-800x533.png 800w\" sizes=\"(max-width: 1200px) 100vw, 1200px\" \/><\/h3>\n<h3 data-start=\"275\" data-end=\"331\">Tabletki do p\u0142ukania ust \u2013 \u015bwie\u017co\u015b\u0107 i piel\u0119gnacja w nowej formie<\/h3>\n<p data-start=\"332\" data-end=\"753\">Tabletki do p\u0142ukania ust Fresmy <strong data-start=\"339\" data-end=\"357\">suuveetabletid<\/strong> to innowacyjny i praktyczny spos\u00f3b na czyst\u0105 jam\u0119 ustn\u0105 i \u015bwie\u017cy oddech, nawet gdy jeste\u015b poza domem. Ta sprytna alternatywa dla p\u0142ynu nie zajmuje du\u017co miejsca, nie przecieka i nie wymaga dodatk\u00f3w \u2013 jedna tabletka, \u0142yk wody i 30 sekund p\u0142ukania to wszystko, czego potrzebujesz. Naturalny sk\u0142ad zapewnia delikatn\u0105, lecz skuteczn\u0105 piel\u0119gnacj\u0119, pomagaj\u0105c zr\u00f3wnowa\u017cy\u0107 mikrobiom i wzmocni\u0107 z\u0119by.  <\/p>\n<p data-start=\"755\" data-end=\"970\">Idealny wyb\u00f3r do podr\u00f3\u017cy, pracy, szko\u0142y, auta czy na w\u0119dr\u00f3wk\u0119 \u2013 tabletki Fresmy s\u0105 wygodne do zabrania, zamkni\u0119te w ekologicznym aluminiowym pude\u0142ku i gotowe do u\u017cycia zawsze, gdy potrzebujesz szybkiego od\u015bwie\u017cenia.<\/p>\n<p data-start=\"755\" data-end=\"970\"><img decoding=\"async\" class=\"alignnone wp-image-36248 size-full\" src=\"https:\/\/toidupakk.ee\/wp-content\/uploads\/2025\/06\/Kuidas_kasutada_suuvett-1024x570-1.jpg\" alt=\"Instrukcja wizualna u\u017cycia tabletek Fresmy: pogry\u017a tabletk\u0119, p\u0142ucz przez 30 sekund i wypluj. \" width=\"1024\" height=\"570\" srcset=\"https:\/\/toidupakk.ee\/wp-content\/uploads\/2025\/06\/Kuidas_kasutada_suuvett-1024x570-1.jpg 1024w, https:\/\/toidupakk.ee\/wp-content\/uploads\/2025\/06\/Kuidas_kasutada_suuvett-1024x570-1-300x167.jpg 300w, https:\/\/toidupakk.ee\/wp-content\/uploads\/2025\/06\/Kuidas_kasutada_suuvett-1024x570-1-768x428.jpg 768w, https:\/\/toidupakk.ee\/wp-content\/uploads\/2025\/06\/Kuidas_kasutada_suuvett-1024x570-1-800x445.jpg 800w\" sizes=\"(max-width: 1024px) 100vw, 1024px\" \/><\/p>\n<h3 data-start=\"977\" data-end=\"1013\">Jak u\u017cywa\u0107 tabletek do p\u0142ukania ust<\/h3>\n<p data-start=\"1014\" data-end=\"1058\">Stosowanie tabletki jest proste i wygodne:<\/p>\n<ol>\n<li data-start=\"1062\" data-end=\"1088\">Pogry\u017a tabletk\u0119 w ustach.<\/li>\n<li data-start=\"1062\" data-end=\"1088\">We\u017a \u0142yk wody lub u\u017cyj w\u0142asnej \u015bliny.<\/li>\n<li data-start=\"1062\" data-end=\"1088\">P\u0142ucz mieszank\u0105 usta przez co najmniej 30 sekund i wypluj.<\/li>\n<\/ol>\n<p data-start=\"1191\" data-end=\"1484\">Dla najlepszych efekt\u00f3w nie jedz i nie pij przez co najmniej 30 minut po u\u017cyciu \u2013 dzi\u0119ki temu sk\u0142adniki aktywne mog\u0105 dzia\u0142a\u0107 i chroni\u0107 Twoje z\u0119by oraz dzi\u0105s\u0142a przez ca\u0142y dzie\u0144. Bezpieczne nawet w razie przypadkowego po\u0142kni\u0119cia. Dzieci poni\u017cej 6. roku \u017cycia powinny u\u017cywa\u0107 produktu pod nadzorem doros\u0142ych.  <\/p>\n<h3 data-start=\"1491\" data-end=\"1548\">Tabletki do p\u0142ukania ust \u2013 skuteczny i naturalny sk\u0142ad do codziennej piel\u0119gnacji<\/h3>\n<p data-start=\"1549\" data-end=\"1684\">Tabletki Fresmy <strong data-start=\"1556\" data-end=\"1574\">suuveetabletid<\/strong> zawieraj\u0105 silne naturalne sk\u0142adniki, kt\u00f3re wspieraj\u0105 codzienn\u0105 higien\u0119 jamy ustnej bez agresywnej chemii.<\/p>\n<ul>\n<li data-start=\"1688\" data-end=\"1806\"><strong data-start=\"1688\" data-end=\"1713\">Hydroksyapatyt (HAp)<\/strong> \u2013 naturalna alternatywa dla fluoru, kt\u00f3ra wzmacnia szkliwo i pomaga zmniejszy\u0107 nadwra\u017cliwo\u015b\u0107.<\/li>\n<li data-start=\"1688\" data-end=\"1806\"><strong data-start=\"1809\" data-end=\"1822\">Ksylitol<\/strong> \u2013 pomaga ograniczy\u0107 rozw\u00f3j szkodliwych bakterii i r\u00f3wnowa\u017cy pH w ustach.<\/li>\n<li data-start=\"1688\" data-end=\"1806\"><strong data-start=\"1899\" data-end=\"1918\">Postbiotyki<\/strong> \u2013 wspieraj\u0105 mikrobiom jamy ustnej, pomagaj\u0105c zachowa\u0107 zdrow\u0105 r\u00f3wnowag\u0119 bakteryjn\u0105.<\/li>\n<li data-start=\"1688\" data-end=\"1806\"><strong data-start=\"2006\" data-end=\"2039\">Mentol i ekstrakt z mi\u0119ty pieprzowej<\/strong> \u2013 zapewniaj\u0105 przyjemnie \u015bwie\u017cy oddech.<\/li>\n<\/ul>\n<p data-start=\"2081\" data-end=\"2267\">\u2714 Bez alkoholu<br data-start=\"2095\" data-end=\"2098\">\u2714 Bez fluoru<br data-start=\"2113\" data-end=\"2116\">\u2714 Nietoksyczne i bezglutenowe<br data-start=\"2148\" data-end=\"2151\">\u2714 Odpowiednie dla wegan<br data-start=\"2169\" data-end=\"2172\">\u2714 Zawieraj\u0105 witamin\u0119 B12 i antybakteryjny cynk<br data-start=\"2223\" data-end=\"2226\">\u2714 Wyb\u00f3r przyjazny podr\u00f3\u017com i naturze<\/p>\n<h3 data-start=\"2274\" data-end=\"2324\">Praktyczne opakowanie i ekologiczny wyb\u00f3r<\/h3>\n<p data-start=\"2325\" data-end=\"2585\">Lekkie i wytrzyma\u0142e aluminiowe pude\u0142ko zawiera 80 tabletek, co wystarcza na ponad dwa miesi\u0105ce u\u017cytkowania (2\u00d7 dziennie). Dzi\u0119ki kompaktowej formie \u0142atwo mie\u015bci si\u0119 w kieszeni, plecaku czy torebce. Opakowanie bez plastiku pomaga r\u00f3wnie\u017c zmniejszy\u0107 \u015blad ekologiczny.  <\/p>\n<p data-start=\"2587\" data-end=\"2758\" data-is-last-node=\"\" data-is-only-node=\"\"><strong data-start=\"2587\" data-end=\"2612\">Tabletki do p\u0142ukania ust Fresmy<\/strong> to idealny wyb\u00f3r dla os\u00f3b ceni\u0105cych skuteczno\u015b\u0107, natur\u0119 i wygod\u0119 \u2013 zar\u00f3wno do codziennego u\u017cytku, jak i szybkiego od\u015bwie\u017cenia w trasie.<\/p>\n<p>Zobacz wi\u0119cej akcesori\u00f3w turystycznych  <a href=\"https:\/\/toidupakk.ee\/pl\/tootekategooria\/sprzet-turystyczny\/#section-3-79\">TUTAJ<\/a><\/p>\n<p>Znajd\u017a inspiracj\u0119 na kolejne przygody na <a href=\"https:\/\/www.instagram.com\/toidupakk\/\">Instagramie<\/a> i <a href=\"https:\/\/www.facebook.com\/Toidupakk\/\">Facebooku<\/a> Toidupakk.<\/p>\n","protected":false},"excerpt":{"rendered":"<p data-start=\"147\" data-end=\"584\"><strong data-start=\"147\" data-end=\"195\">Tabletki do p\u0142ukania ust Fresmy \u2013 naturalna \u015bwie\u017co\u015b\u0107 i zdrowie w tabletce<\/strong><\/p>\n<ul>\n<li data-start=\"147\" data-end=\"584\">\u0141atwe w u\u017cyciu: pogry\u017a tabletk\u0119, wyp\u0142ucz usta wod\u0105 i wypluj<\/li>\n<li data-start=\"147\" data-end=\"584\">Pomagaj\u0105 wzmocni\u0107 szkliwo i zmniejszy\u0107 nadwra\u017cliwo\u015b\u0107 (zawieraj\u0105 hydroksyapatyt)<\/li>\n<li data-start=\"147\" data-end=\"584\">Sk\u0142ad bez alkoholu, fluoru, glutenu i toksyn<\/li>\n<li data-start=\"147\" data-end=\"584\">Zawieraj\u0105 postbiotyki wspieraj\u0105ce mikrobiom jamy ustnej<\/li>\n<li data-start=\"147\" data-end=\"584\">Wygodne i przyjazne w podr\u00f3\u017cy \u2013 idealne do codziennego od\u015bwie\u017cenia<\/li>\n<li data-start=\"147\" data-end=\"584\">Smak mi\u0119towy<\/li>\n<li data-start=\"147\" data-end=\"584\">80 tabletek w opakowaniu<\/li>\n<\/ul>\n<p data-start=\"586\" data-end=\"627\" data-is-last-node=\"\" data-is-only-node=\"\">\u2705 Dost\u0119pne w magazynie, szybka dostawa w 1\u20133 dni robocze<\/p>\n","protected":false},"featured_media":36243,"comment_status":"open","ping_status":"closed","template":"","meta":{"_acf_changed":false},"product_brand":[],"product_cat":[303,301],"product_tag":[],"class_list":{"0":"post-49983","1":"product","2":"type-product","3":"status-publish","4":"has-post-thumbnail","6":"product_cat-akcesoria-turystyczne","7":"product_cat-sprzet-turystyczny","9":"first","10":"instock","11":"taxable","12":"shipping-taxable","13":"purchasable","14":"product-type-simple"},"bundled_by":[],"bundle_stock_status":"instock","bundle_stock_quantity":6,"bundle_virtual":false,"bundle_layout":"","bundle_add_to_cart_form_location":"","bundle_editable_in_cart":false,"bundle_sold_individually_context":"","bundle_item_grouping":"","bundle_min_size":"","bundle_max_size":"","bundle_price":[],"bundled_items":[],"bundle_sell_ids":[],"acf":[],"yoast_head":"<!-- This site is optimized with the Yoast SEO plugin v27.3 - https:\/\/yoast.com\/product\/yoast-seo-wordpress\/ -->\n<title>Tabletki do p\u0142ukania ust Fresmy<\/title>\n<meta name=\"description\" content=\"Naturalne tabletki do p\u0142ukania ust bez fluoru i alkoholu \u2013 dla \u015bwie\u017cego oddechu i zdrowia jamy ustnej w domu i w podr\u00f3\u017cy.\" \/>\n<meta name=\"robots\" content=\"index, follow, max-snippet:-1, max-image-preview:large, max-video-preview:-1\" \/>\n<link rel=\"canonical\" href=\"https:\/\/toidupakk.ee\/pl\/toode\/tabletki-do-plukania-ust-fresmy\/\" \/>\n<meta property=\"og:locale\" content=\"pl_PL\" \/>\n<meta property=\"og:type\" content=\"article\" \/>\n<meta property=\"og:title\" content=\"Tabletki do p\u0142ukania ust Fresmy\" \/>\n<meta property=\"og:description\" content=\"Naturalne tabletki do p\u0142ukania ust bez fluoru i alkoholu \u2013 dla \u015bwie\u017cego oddechu i zdrowia jamy ustnej w domu i w podr\u00f3\u017cy.\" \/>\n<meta property=\"og:url\" content=\"https:\/\/toidupakk.ee\/pl\/toode\/tabletki-do-plukania-ust-fresmy\/\" \/>\n<meta property=\"og:site_name\" content=\"Toidupakk.ee - Tactical Foodpack toidupakid\" \/>\n<meta property=\"article:publisher\" content=\"https:\/\/www.facebook.com\/Toidupakk\" \/>\n<meta property=\"article:modified_time\" content=\"2026-05-14T23:31:35+00:00\" \/>\n<meta property=\"og:image\" content=\"https:\/\/toidupakk.ee\/wp-content\/uploads\/2025\/06\/N80_MW_4745010365539_2.png\" \/>\n\t<meta property=\"og:image:width\" content=\"1000\" \/>\n\t<meta property=\"og:image:height\" content=\"1000\" \/>\n\t<meta property=\"og:image:type\" content=\"image\/png\" \/>\n<meta name=\"twitter:card\" content=\"summary_large_image\" \/>\n<meta name=\"twitter:label1\" content=\"Szacowany czas czytania\" \/>\n\t<meta name=\"twitter:data1\" content=\"2 minuty\" \/>\n<script type=\"application\/ld+json\" class=\"yoast-schema-graph\">{\"@context\":\"https:\\\/\\\/schema.org\",\"@graph\":[{\"@type\":\"WebPage\",\"@id\":\"https:\\\/\\\/toidupakk.ee\\\/pl\\\/toode\\\/tabletki-do-plukania-ust-fresmy\\\/\",\"url\":\"https:\\\/\\\/toidupakk.ee\\\/pl\\\/toode\\\/tabletki-do-plukania-ust-fresmy\\\/\",\"name\":\"Tabletki do p\u0142ukania ust Fresmy\",\"isPartOf\":{\"@id\":\"https:\\\/\\\/toidupakk.ee\\\/pl\\\/#website\"},\"primaryImageOfPage\":{\"@id\":\"https:\\\/\\\/toidupakk.ee\\\/pl\\\/toode\\\/tabletki-do-plukania-ust-fresmy\\\/#primaryimage\"},\"image\":{\"@id\":\"https:\\\/\\\/toidupakk.ee\\\/pl\\\/toode\\\/tabletki-do-plukania-ust-fresmy\\\/#primaryimage\"},\"thumbnailUrl\":\"https:\\\/\\\/toidupakk.ee\\\/wp-content\\\/uploads\\\/2025\\\/06\\\/N80_MW_4745010365539_2.png\",\"datePublished\":\"2025-06-12T10:52:22+00:00\",\"dateModified\":\"2026-05-14T23:31:35+00:00\",\"description\":\"Naturalne tabletki do p\u0142ukania ust bez fluoru i alkoholu \u2013 dla \u015bwie\u017cego oddechu i zdrowia jamy ustnej w domu i w podr\u00f3\u017cy.\",\"breadcrumb\":{\"@id\":\"https:\\\/\\\/toidupakk.ee\\\/pl\\\/toode\\\/tabletki-do-plukania-ust-fresmy\\\/#breadcrumb\"},\"inLanguage\":\"pl-PL\",\"potentialAction\":[{\"@type\":\"ReadAction\",\"target\":[\"https:\\\/\\\/toidupakk.ee\\\/pl\\\/toode\\\/tabletki-do-plukania-ust-fresmy\\\/\"]}]},{\"@type\":\"ImageObject\",\"inLanguage\":\"pl-PL\",\"@id\":\"https:\\\/\\\/toidupakk.ee\\\/pl\\\/toode\\\/tabletki-do-plukania-ust-fresmy\\\/#primaryimage\",\"url\":\"https:\\\/\\\/toidupakk.ee\\\/wp-content\\\/uploads\\\/2025\\\/06\\\/N80_MW_4745010365539_2.png\",\"contentUrl\":\"https:\\\/\\\/toidupakk.ee\\\/wp-content\\\/uploads\\\/2025\\\/06\\\/N80_MW_4745010365539_2.png\",\"width\":1000,\"height\":1000},{\"@type\":\"BreadcrumbList\",\"@id\":\"https:\\\/\\\/toidupakk.ee\\\/pl\\\/toode\\\/tabletki-do-plukania-ust-fresmy\\\/#breadcrumb\",\"itemListElement\":[{\"@type\":\"ListItem\",\"position\":1,\"name\":\"Avaleht\",\"item\":\"https:\\\/\\\/toidupakk.ee\\\/pl\\\/\"},{\"@type\":\"ListItem\",\"position\":2,\"name\":\"Sklep internetowy\",\"item\":\"https:\\\/\\\/toidupakk.ee\\\/pl\\\/sklep-internetowy\\\/\"},{\"@type\":\"ListItem\",\"position\":3,\"name\":\"Tabletki do p\u0142ukania ust Fresmy\"}]},{\"@type\":\"WebSite\",\"@id\":\"https:\\\/\\\/toidupakk.ee\\\/pl\\\/#website\",\"url\":\"https:\\\/\\\/toidupakk.ee\\\/pl\\\/\",\"name\":\"Toidupakk.ee - Tactical Foodpack toidupakid\",\"description\":\"Tactical Foodpack k\u00fclmkuivatatud toidupakid ja matkaeined\",\"publisher\":{\"@id\":\"https:\\\/\\\/toidupakk.ee\\\/pl\\\/#organization\"},\"potentialAction\":[{\"@type\":\"SearchAction\",\"target\":{\"@type\":\"EntryPoint\",\"urlTemplate\":\"https:\\\/\\\/toidupakk.ee\\\/pl\\\/?s={search_term_string}\"},\"query-input\":{\"@type\":\"PropertyValueSpecification\",\"valueRequired\":true,\"valueName\":\"search_term_string\"}}],\"inLanguage\":\"pl-PL\"},{\"@type\":\"Organization\",\"@id\":\"https:\\\/\\\/toidupakk.ee\\\/pl\\\/#organization\",\"name\":\"Tactical Foodpack matkaeined\",\"url\":\"https:\\\/\\\/toidupakk.ee\\\/pl\\\/\",\"logo\":{\"@type\":\"ImageObject\",\"inLanguage\":\"pl-PL\",\"@id\":\"https:\\\/\\\/toidupakk.ee\\\/pl\\\/#\\\/schema\\\/logo\\\/image\\\/\",\"url\":\"https:\\\/\\\/toidupakk.ee\\\/wp-content\\\/uploads\\\/2022\\\/01\\\/Toidupakk-matkapood-logo-transparent.png\",\"contentUrl\":\"https:\\\/\\\/toidupakk.ee\\\/wp-content\\\/uploads\\\/2022\\\/01\\\/Toidupakk-matkapood-logo-transparent.png\",\"width\":500,\"height\":500,\"caption\":\"Tactical Foodpack matkaeined\"},\"image\":{\"@id\":\"https:\\\/\\\/toidupakk.ee\\\/pl\\\/#\\\/schema\\\/logo\\\/image\\\/\"},\"sameAs\":[\"https:\\\/\\\/www.facebook.com\\\/Toidupakk\",\"https:\\\/\\\/www.instagram.com\\\/toidupakk\\\/\"]}]}<\/script>\n<!-- \/ Yoast SEO plugin. -->","yoast_head_json":{"title":"Tabletki do p\u0142ukania ust Fresmy","description":"Naturalne tabletki do p\u0142ukania ust bez fluoru i alkoholu \u2013 dla \u015bwie\u017cego oddechu i zdrowia jamy ustnej w domu i w podr\u00f3\u017cy.","robots":{"index":"index","follow":"follow","max-snippet":"max-snippet:-1","max-image-preview":"max-image-preview:large","max-video-preview":"max-video-preview:-1"},"canonical":"https:\/\/toidupakk.ee\/pl\/toode\/tabletki-do-plukania-ust-fresmy\/","og_locale":"pl_PL","og_type":"article","og_title":"Tabletki do p\u0142ukania ust Fresmy","og_description":"Naturalne tabletki do p\u0142ukania ust bez fluoru i alkoholu \u2013 dla \u015bwie\u017cego oddechu i zdrowia jamy ustnej w domu i w podr\u00f3\u017cy.","og_url":"https:\/\/toidupakk.ee\/pl\/toode\/tabletki-do-plukania-ust-fresmy\/","og_site_name":"Toidupakk.ee - Tactical Foodpack toidupakid","article_publisher":"https:\/\/www.facebook.com\/Toidupakk","article_modified_time":"2026-05-14T23:31:35+00:00","og_image":[{"width":1000,"height":1000,"url":"https:\/\/toidupakk.ee\/wp-content\/uploads\/2025\/06\/N80_MW_4745010365539_2.png","type":"image\/png"}],"twitter_card":"summary_large_image","twitter_misc":{"Szacowany czas czytania":"2 minuty"},"schema":{"@context":"https:\/\/schema.org","@graph":[{"@type":"WebPage","@id":"https:\/\/toidupakk.ee\/pl\/toode\/tabletki-do-plukania-ust-fresmy\/","url":"https:\/\/toidupakk.ee\/pl\/toode\/tabletki-do-plukania-ust-fresmy\/","name":"Tabletki do p\u0142ukania ust Fresmy","isPartOf":{"@id":"https:\/\/toidupakk.ee\/pl\/#website"},"primaryImageOfPage":{"@id":"https:\/\/toidupakk.ee\/pl\/toode\/tabletki-do-plukania-ust-fresmy\/#primaryimage"},"image":{"@id":"https:\/\/toidupakk.ee\/pl\/toode\/tabletki-do-plukania-ust-fresmy\/#primaryimage"},"thumbnailUrl":"https:\/\/toidupakk.ee\/wp-content\/uploads\/2025\/06\/N80_MW_4745010365539_2.png","datePublished":"2025-06-12T10:52:22+00:00","dateModified":"2026-05-14T23:31:35+00:00","description":"Naturalne tabletki do p\u0142ukania ust bez fluoru i alkoholu \u2013 dla \u015bwie\u017cego oddechu i zdrowia jamy ustnej w domu i w podr\u00f3\u017cy.","breadcrumb":{"@id":"https:\/\/toidupakk.ee\/pl\/toode\/tabletki-do-plukania-ust-fresmy\/#breadcrumb"},"inLanguage":"pl-PL","potentialAction":[{"@type":"ReadAction","target":["https:\/\/toidupakk.ee\/pl\/toode\/tabletki-do-plukania-ust-fresmy\/"]}]},{"@type":"ImageObject","inLanguage":"pl-PL","@id":"https:\/\/toidupakk.ee\/pl\/toode\/tabletki-do-plukania-ust-fresmy\/#primaryimage","url":"https:\/\/toidupakk.ee\/wp-content\/uploads\/2025\/06\/N80_MW_4745010365539_2.png","contentUrl":"https:\/\/toidupakk.ee\/wp-content\/uploads\/2025\/06\/N80_MW_4745010365539_2.png","width":1000,"height":1000},{"@type":"BreadcrumbList","@id":"https:\/\/toidupakk.ee\/pl\/toode\/tabletki-do-plukania-ust-fresmy\/#breadcrumb","itemListElement":[{"@type":"ListItem","position":1,"name":"Avaleht","item":"https:\/\/toidupakk.ee\/pl\/"},{"@type":"ListItem","position":2,"name":"Sklep internetowy","item":"https:\/\/toidupakk.ee\/pl\/sklep-internetowy\/"},{"@type":"ListItem","position":3,"name":"Tabletki do p\u0142ukania ust Fresmy"}]},{"@type":"WebSite","@id":"https:\/\/toidupakk.ee\/pl\/#website","url":"https:\/\/toidupakk.ee\/pl\/","name":"Toidupakk.ee - Tactical Foodpack toidupakid","description":"Tactical Foodpack k\u00fclmkuivatatud toidupakid ja matkaeined","publisher":{"@id":"https:\/\/toidupakk.ee\/pl\/#organization"},"potentialAction":[{"@type":"SearchAction","target":{"@type":"EntryPoint","urlTemplate":"https:\/\/toidupakk.ee\/pl\/?s={search_term_string}"},"query-input":{"@type":"PropertyValueSpecification","valueRequired":true,"valueName":"search_term_string"}}],"inLanguage":"pl-PL"},{"@type":"Organization","@id":"https:\/\/toidupakk.ee\/pl\/#organization","name":"Tactical Foodpack matkaeined","url":"https:\/\/toidupakk.ee\/pl\/","logo":{"@type":"ImageObject","inLanguage":"pl-PL","@id":"https:\/\/toidupakk.ee\/pl\/#\/schema\/logo\/image\/","url":"https:\/\/toidupakk.ee\/wp-content\/uploads\/2022\/01\/Toidupakk-matkapood-logo-transparent.png","contentUrl":"https:\/\/toidupakk.ee\/wp-content\/uploads\/2022\/01\/Toidupakk-matkapood-logo-transparent.png","width":500,"height":500,"caption":"Tactical Foodpack matkaeined"},"image":{"@id":"https:\/\/toidupakk.ee\/pl\/#\/schema\/logo\/image\/"},"sameAs":["https:\/\/www.facebook.com\/Toidupakk","https:\/\/www.instagram.com\/toidupakk\/"]}]}},"jetpack_sharing_enabled":true,"_links":{"self":[{"href":"https:\/\/toidupakk.ee\/pl\/wp-json\/wp\/v2\/product\/49983","targetHints":{"allow":["GET"]}}],"collection":[{"href":"https:\/\/toidupakk.ee\/pl\/wp-json\/wp\/v2\/product"}],"about":[{"href":"https:\/\/toidupakk.ee\/pl\/wp-json\/wp\/v2\/types\/product"}],"replies":[{"embeddable":true,"href":"https:\/\/toidupakk.ee\/pl\/wp-json\/wp\/v2\/comments?post=49983"}],"wp:featuredmedia":[{"embeddable":true,"href":"https:\/\/toidupakk.ee\/pl\/wp-json\/wp\/v2\/media\/36243"}],"wp:attachment":[{"href":"https:\/\/toidupakk.ee\/pl\/wp-json\/wp\/v2\/media?parent=49983"}],"wp:term":[{"taxonomy":"product_brand","embeddable":true,"href":"https:\/\/toidupakk.ee\/pl\/wp-json\/wp\/v2\/product_brand?post=49983"},{"taxonomy":"product_cat","embeddable":true,"href":"https:\/\/toidupakk.ee\/pl\/wp-json\/wp\/v2\/product_cat?post=49983"},{"taxonomy":"product_tag","embeddable":true,"href":"https:\/\/toidupakk.ee\/pl\/wp-json\/wp\/v2\/product_tag?post=49983"}],"curies":[{"name":"wp","href":"https:\/\/api.w.org\/{rel}","templated":true}]}}