{"id":49972,"date":"2025-12-21T13:25:57","date_gmt":"2025-12-21T11:25:57","guid":{"rendered":"https:\/\/toidupakk.ee\/toode\/latarka-zero-ultra-1200-lm\/"},"modified":"2026-05-14T08:01:18","modified_gmt":"2026-05-14T05:01:18","slug":"latarka-zero-ultra-1200-lm","status":"publish","type":"product","link":"https:\/\/toidupakk.ee\/pl\/toode\/latarka-zero-ultra-1200-lm\/","title":{"rendered":"Latarka ZERO ULTRA 1200 Lm"},"content":{"rendered":"<h2 data-start=\"231\" data-end=\"301\">Latarka ZERO ULTRA 1200 Lm \u2013 maksymalne \u015bwiat\u0142o w minimalnej formie<\/h2>\n<p data-start=\"303\" data-end=\"726\"><strong data-start=\"303\" data-end=\"334\">Latarka ZERO ULTRA 1200 Lm<\/strong> zosta\u0142a stworzona dla tych, kt\u00f3rzy szukaj\u0105 jak najmniejszego, a zarazem pot\u0119\u017cnego \u017ar\u00f3d\u0142a \u015bwiat\u0142a do codziennego u\u017cytku, na wyprawy lub w sytuacjach awaryjnych. Ta ultrakompaktowa latarka \u0142\u0105czy w sobie nisk\u0105 wag\u0119, du\u017c\u0105 moc \u015bwiecenia i wszechstronno\u015b\u0107. Wa\u017c\u0105ce zaledwie 47 gram\u00f3w urz\u0105dzenie z \u0142atwo\u015bci\u0105 mie\u015bci si\u0119 w kieszeni, plecaku lub skrzynce narz\u0119dziowej, b\u0119d\u0105c zawsze pod r\u0119k\u0105, gdy potrzebujesz \u015bwiat\u0142a.  <\/p>\n<p data-start=\"303\" data-end=\"726\"><img fetchpriority=\"high\" decoding=\"async\" class=\"aligncenter wp-image-43696 size-full\" src=\"https:\/\/toidupakk.ee\/wp-content\/uploads\/2025\/12\/DTC-_-PC-3_13.webp\" alt=\"Latarka ZERO ULTRA 1200 Lm to ultrakompaktowa i lekka latarka o mocy do 1200 lumen\u00f3w, z wieloma trybami \u015bwiecenia, ochron\u0105 IP67 i \u0142adowaniem USB-C.\" width=\"1920\" height=\"720\" srcset=\"https:\/\/toidupakk.ee\/wp-content\/uploads\/2025\/12\/DTC-_-PC-3_13.webp 1920w, https:\/\/toidupakk.ee\/wp-content\/uploads\/2025\/12\/DTC-_-PC-3_13-300x113.webp 300w, https:\/\/toidupakk.ee\/wp-content\/uploads\/2025\/12\/DTC-_-PC-3_13-1024x384.webp 1024w, https:\/\/toidupakk.ee\/wp-content\/uploads\/2025\/12\/DTC-_-PC-3_13-768x288.webp 768w, https:\/\/toidupakk.ee\/wp-content\/uploads\/2025\/12\/DTC-_-PC-3_13-1536x576.webp 1536w, https:\/\/toidupakk.ee\/wp-content\/uploads\/2025\/12\/DTC-_-PC-3_13-800x300.webp 800w\" sizes=\"(max-width: 1920px) 100vw, 1920px\" \/><\/p>\n<h3 data-start=\"733\" data-end=\"781\">Imponuj\u0105ca moc i szeroka wi\u0105zka \u015bwiat\u0142a \u2013 Latarka ZERO ULTRA 1200 Lm<\/h3>\n<p data-start=\"783\" data-end=\"1168\">Mimo skromnych rozmiar\u00f3w latarka oferuje maksymaln\u0105 moc \u015bwiat\u0142a do <strong data-start=\"873\" data-end=\"891\">1200 lumen\u00f3w<\/strong>. Szeroka <strong data-start=\"897\" data-end=\"916\">wi\u0105zka 120\u00b0<\/strong> zapewnia r\u00f3wnomierne o\u015bwietlenie du\u017cego obszaru, dzi\u0119ki czemu latarka nadaje si\u0119 zar\u00f3wno do o\u015bwietlania najbli\u017cszego otoczenia, jak i odleg\u0142ych obiekt\u00f3w. Maksymalny zasi\u0119g wynosi do <strong data-start=\"1091\" data-end=\"1107\">135 metr\u00f3w<\/strong>, zapewniaj\u0105c dobr\u0105 widoczno\u015b\u0107 nawet w ciemnych i trudnych warunkach.  <\/p>\n<p data-start=\"783\" data-end=\"1168\"><img decoding=\"async\" class=\"aligncenter wp-image-43697 size-full\" src=\"https:\/\/toidupakk.ee\/wp-content\/uploads\/2025\/12\/DTC-_-PC-3_03.webp\" alt=\"Latarka ZERO ULTRA 1200 Lm to ultrakompaktowa i lekka latarka o mocy do 1200 lumen\u00f3w, z wieloma trybami \u015bwiecenia, ochron\u0105 IP67 i \u0142adowaniem USB-C.\" width=\"1920\" height=\"885\" srcset=\"https:\/\/toidupakk.ee\/wp-content\/uploads\/2025\/12\/DTC-_-PC-3_03.webp 1920w, https:\/\/toidupakk.ee\/wp-content\/uploads\/2025\/12\/DTC-_-PC-3_03-300x138.webp 300w, https:\/\/toidupakk.ee\/wp-content\/uploads\/2025\/12\/DTC-_-PC-3_03-1024x472.webp 1024w, https:\/\/toidupakk.ee\/wp-content\/uploads\/2025\/12\/DTC-_-PC-3_03-768x354.webp 768w, https:\/\/toidupakk.ee\/wp-content\/uploads\/2025\/12\/DTC-_-PC-3_03-1536x708.webp 1536w, https:\/\/toidupakk.ee\/wp-content\/uploads\/2025\/12\/DTC-_-PC-3_03-800x369.webp 800w\" sizes=\"(max-width: 1920px) 100vw, 1920px\" \/><\/p>\n<h2 data-start=\"1175\" data-end=\"1216\">Wiele tryb\u00f3w \u015bwiecenia na ka\u017cd\u0105 sytuacj\u0119<\/h2>\n<p data-start=\"1218\" data-end=\"1654\"><strong data-start=\"1218\" data-end=\"1249\">Latarka<\/strong> jest wyposa\u017cona w kilka tryb\u00f3w \u015bwiecenia, kt\u00f3re pozwalaj\u0105 dostosowa\u0107 \u015bwiat\u0142o do potrzeb. Mo\u017cesz wybra\u0107 spo\u015br\u00f3d pi\u0119ciu poziom\u00f3w jasno\u015bci \u2013 <strong data-start=\"1400\" data-end=\"1437\">1, 35, 200, 400 i 1200 lumen\u00f3w<\/strong>. Dodatkowo dost\u0119pne s\u0105 <strong data-start=\"1458\" data-end=\"1482\">tryby SOS i stroboskopowy<\/strong>, kt\u00f3re mog\u0105 by\u0107 przydatne w sytuacjach awaryjnych lub dla poprawy widoczno\u015bci. Taka elastyczno\u015b\u0107 sprawia, \u017ce latarka nadaje si\u0119 zar\u00f3wno do codziennego u\u017cytku, jak i do zada\u0144 specjalnych.   <\/p>\n<h2 data-start=\"1661\" data-end=\"1703\">Obs\u0142uga bez u\u017cycia r\u0105k i praktyczny design<\/h2>\n<p data-start=\"1705\" data-end=\"2020\">Latarka jest wyposa\u017cona w <strong data-start=\"1729\" data-end=\"1752\">magnetyczn\u0105 podstaw\u0119<\/strong> oraz <strong data-start=\"1756\" data-end=\"1777\">klips mocuj\u0105cy<\/strong>, co pozwala na przypi\u0119cie jej do metalowych powierzchni, ubra\u0144, czapki lub plecaka. To czyni j\u0105 wyj\u0105tkowo praktyczn\u0105 w sytuacjach, gdy musisz mie\u0107 wolne r\u0119ce. Kompaktowy kszta\u0142t i niska waga sprawiaj\u0105, \u017ce noszenie latarki jest wygodne nawet przez d\u0142u\u017cszy czas.  <\/p>\n<h2 data-start=\"2027\" data-end=\"2068\">Wytrzyma\u0142a konstrukcja i niezawodny akumulator<\/h2>\n<p data-start=\"2070\" data-end=\"2452\">Anodowana <strong data-start=\"2082\" data-end=\"2102\">aluminiowa obudowa<\/strong> zapewnia nisk\u0105 wag\u0119 i du\u017c\u0105 wytrzyma\u0142o\u015b\u0107. Latarka posiada klas\u0119 ochrony <strong data-start=\"2151\" data-end=\"2159\">IP67<\/strong>, co oznacza odporno\u015b\u0107 na wod\u0119 i py\u0142 oraz niezawodno\u015b\u0107 w trudnych warunkach \u015brodowiskowych. Ponadto urz\u0105dzenie jest <strong data-start=\"2284\" data-end=\"2334\">odporne na upadki z wysoko\u015bci do 1 metra<\/strong>. Akumulator <strong data-start=\"2355\" data-end=\"2380\">650 mAh (2,41 Wh)<\/strong> \u0142adowany przez USB-C umo\u017cliwia wygodne i szybkie \u0142adowanie, a w razie potrzeby tak\u017ce wymian\u0119 ogniwa.   <\/p>\n<p data-start=\"2070\" data-end=\"2452\"><img decoding=\"async\" class=\"size-full wp-image-43698 aligncenter\" src=\"https:\/\/toidupakk.ee\/wp-content\/uploads\/2025\/12\/11_a0f03447-5735-4012-981b-d4ac8e6fa336.webp\" alt=\"\" width=\"1174\" height=\"574\" srcset=\"https:\/\/toidupakk.ee\/wp-content\/uploads\/2025\/12\/11_a0f03447-5735-4012-981b-d4ac8e6fa336.webp 1174w, https:\/\/toidupakk.ee\/wp-content\/uploads\/2025\/12\/11_a0f03447-5735-4012-981b-d4ac8e6fa336-300x147.webp 300w, https:\/\/toidupakk.ee\/wp-content\/uploads\/2025\/12\/11_a0f03447-5735-4012-981b-d4ac8e6fa336-1024x501.webp 1024w, https:\/\/toidupakk.ee\/wp-content\/uploads\/2025\/12\/11_a0f03447-5735-4012-981b-d4ac8e6fa336-768x375.webp 768w, https:\/\/toidupakk.ee\/wp-content\/uploads\/2025\/12\/11_a0f03447-5735-4012-981b-d4ac8e6fa336-800x391.webp 800w\" sizes=\"(max-width: 1174px) 100vw, 1174px\" \/><\/p>\n<h2 data-start=\"2459\" data-end=\"2511\">Niezawodny towarzysz na co dzie\u0144 i podczas przyg\u00f3d<\/h2>\n<p data-start=\"2513\" data-end=\"2807\" data-is-last-node=\"\" data-is-only-node=\"\">Podsumowuj\u0105c, <strong data-start=\"2528\" data-end=\"2559\">Latarka ZERO ULTRA 1200 Lm<\/strong> to zr\u00f3wnowa\u017cone po\u0142\u0105czenie mocnego \u015bwiat\u0142a, kompaktowego designu i praktycznych funkcji. \u015awietnie sprawdzi si\u0119 jako element EDC, podczas aktywno\u015bci na \u015bwie\u017cym powietrzu, a tak\u017ce jako latarka zapasowa w sytuacjach awaryjnych, gdzie liczy si\u0119 niezawodno\u015b\u0107 i prostota. <\/p>\n<p>Zobacz wi\u0119cej akcesori\u00f3w turystycznych  <a href=\"https:\/\/toidupakk.ee\/pl\/tootekategooria\/sprzet-turystyczny\/#section-3-79\">TUTAJ<\/a><\/p>\n<p>Znajd\u017a inspiracj\u0119 na kolejne przygody na <a href=\"https:\/\/www.instagram.com\/toidupakk\/\">Instagramie<\/a> i <a href=\"https:\/\/www.facebook.com\/Toidupakk\/\">Facebooku<\/a> Toidupakk.<\/p>\n","protected":false},"excerpt":{"rendered":"<p data-start=\"166\" data-end=\"468\"><strong>Ultrakompaktowa i mocna latarka oferuj\u0105ca maksymaln\u0105 wydajno\u015b\u0107 w minimalnym formacie. Wa\u017c\u0105ca zaledwie 47 gram\u00f3w Zero Ultra potrafi wygenerowa\u0107 wi\u0105zk\u0119 \u015bwiat\u0142a o mocy 1200 lumen\u00f3w i o\u015bwietli\u0107 teren na odleg\u0142o\u015b\u0107 do 135 metr\u00f3w. <\/strong><\/p>\n<ul>\n<li data-start=\"470\" data-end=\"865\"><strong data-start=\"472\" data-end=\"509\">Moc \u015bwiat\u0142a 1200 Lm<\/strong>, szeroka wi\u0105zka 120\u00b0<\/li>\n<li data-start=\"470\" data-end=\"865\"><strong data-start=\"535\" data-end=\"560\">Wiele tryb\u00f3w \u015bwiecenia<\/strong> \u2013 5 poziom\u00f3w + SOS i stroboskop<\/li>\n<li data-start=\"470\" data-end=\"865\"><strong data-start=\"597\" data-end=\"622\">Ultralekka i kompaktowa<\/strong> \u2013 waga tylko 47 g (z akumulatorem)<\/li>\n<li data-start=\"470\" data-end=\"865\"><strong data-start=\"657\" data-end=\"677\">Akumulator \u0142adowany przez USB-C<\/strong> \u2013 650 mAh, proste i wygodne \u0142adowanie<\/li>\n<li data-start=\"470\" data-end=\"865\"><strong data-start=\"719\" data-end=\"741\">Obs\u0142uga bez u\u017cycia r\u0105k<\/strong> \u2013 magnetyczna podstawa i klips mocuj\u0105cy<\/li>\n<li data-start=\"470\" data-end=\"865\"><strong data-start=\"784\" data-end=\"813\">Wytrzyma\u0142a konstrukcja<\/strong> \u2013 wodoodporno\u015b\u0107 IP67, odporno\u015b\u0107 na upadki do 1 m<\/li>\n<\/ul>\n<p data-start=\"105\" data-end=\"119\">W zestawie: latarka ZERO ULTRA, akumulator 650 mAh (wymienny), metalowe etui ochronne w stylu EDC, kabel do \u0142adowania USB-C, instrukcja obs\u0142ugi, smycz (lanyard).<\/p>\n<p><img decoding=\"async\" class=\"emoji\" role=\"img\" draggable=\"false\" src=\"https:\/\/s.w.org\/images\/core\/emoji\/17.0.2\/svg\/2705.svg\" alt=\"\u2705\">  Dost\u0119pne w magazynie, szybka dostawa do paczkomatu w 1\u20133 dni robocze<br \/>\n<img decoding=\"async\" class=\"emoji\" role=\"img\" draggable=\"false\" src=\"https:\/\/s.w.org\/images\/core\/emoji\/17.0.2\/svg\/2705.svg\" alt=\"\u2705\">  Kup teraz, zap\u0142a\u0107 p\u00f3\u017aniej (RRSO 0%)<\/p>\n","protected":false},"featured_media":43736,"comment_status":"open","ping_status":"closed","template":"","meta":{"_acf_changed":false},"product_brand":[],"product_cat":[303,315,341,311,301,342],"product_tag":[],"class_list":{"0":"post-49972","1":"product","2":"type-product","3":"status-publish","4":"has-post-thumbnail","6":"product_cat-akcesoria-turystyczne","7":"product_cat-elektronika","8":"product_cat-latarki","9":"product_cat-praktyczne-pomysly-na-prezent","10":"product_cat-sprzet-turystyczny","11":"product_cat-swiatlo","13":"first","14":"outofstock","15":"taxable","16":"shipping-taxable","17":"purchasable","18":"product-type-simple"},"bundled_by":[],"bundle_stock_status":"outofstock","bundle_stock_quantity":0,"bundle_virtual":false,"bundle_layout":"","bundle_add_to_cart_form_location":"","bundle_editable_in_cart":false,"bundle_sold_individually_context":"","bundle_item_grouping":"","bundle_min_size":"","bundle_max_size":"","bundle_price":[],"bundled_items":[],"bundle_sell_ids":[],"acf":[],"yoast_head":"<!-- This site is optimized with the Yoast SEO plugin v27.3 - https:\/\/yoast.com\/product\/yoast-seo-wordpress\/ -->\n<title>Latarka ZERO ULTRA 1200 Lm<\/title>\n<meta name=\"description\" content=\"Latarka ZERO ULTRA 1200 Lm oferuje maksymaln\u0105 moc \u015bwiat\u0142a (1200 lumen\u00f3w) w minimalnym formacie (47 g). Wodoodporno\u015b\u0107 IP67 i \u0142adowanie USB-C.\" \/>\n<meta name=\"robots\" content=\"index, follow, max-snippet:-1, max-image-preview:large, max-video-preview:-1\" \/>\n<link rel=\"canonical\" href=\"https:\/\/toidupakk.ee\/pl\/toode\/latarka-zero-ultra-1200-lm\/\" \/>\n<meta property=\"og:locale\" content=\"pl_PL\" \/>\n<meta property=\"og:type\" content=\"article\" \/>\n<meta property=\"og:title\" content=\"Latarka ZERO ULTRA 1200 Lm\" \/>\n<meta property=\"og:description\" content=\"Latarka ZERO ULTRA 1200 Lm oferuje maksymaln\u0105 moc \u015bwiat\u0142a (1200 lumen\u00f3w) w minimalnym formacie (47 g). Wodoodporno\u015b\u0107 IP67 i \u0142adowanie USB-C.\" \/>\n<meta property=\"og:url\" content=\"https:\/\/toidupakk.ee\/pl\/toode\/latarka-zero-ultra-1200-lm\/\" \/>\n<meta property=\"og:site_name\" content=\"Toidupakk.ee - Tactical Foodpack toidupakid\" \/>\n<meta property=\"article:publisher\" content=\"https:\/\/www.facebook.com\/Toidupakk\" \/>\n<meta property=\"article:modified_time\" content=\"2026-05-14T05:01:18+00:00\" \/>\n<meta property=\"og:image\" content=\"https:\/\/toidupakk.ee\/wp-content\/uploads\/2025\/12\/Taskulamp-ZERO-ULTRA-1200Lm.png\" \/>\n\t<meta property=\"og:image:width\" content=\"800\" \/>\n\t<meta property=\"og:image:height\" content=\"800\" \/>\n\t<meta property=\"og:image:type\" content=\"image\/png\" \/>\n<meta name=\"twitter:card\" content=\"summary_large_image\" \/>\n<meta name=\"twitter:label1\" content=\"Szacowany czas czytania\" \/>\n\t<meta name=\"twitter:data1\" content=\"2 minuty\" \/>\n<script type=\"application\/ld+json\" class=\"yoast-schema-graph\">{\"@context\":\"https:\\\/\\\/schema.org\",\"@graph\":[{\"@type\":\"WebPage\",\"@id\":\"https:\\\/\\\/toidupakk.ee\\\/pl\\\/toode\\\/latarka-zero-ultra-1200-lm\\\/\",\"url\":\"https:\\\/\\\/toidupakk.ee\\\/pl\\\/toode\\\/latarka-zero-ultra-1200-lm\\\/\",\"name\":\"Latarka ZERO ULTRA 1200 Lm\",\"isPartOf\":{\"@id\":\"https:\\\/\\\/toidupakk.ee\\\/pl\\\/#website\"},\"primaryImageOfPage\":{\"@id\":\"https:\\\/\\\/toidupakk.ee\\\/pl\\\/toode\\\/latarka-zero-ultra-1200-lm\\\/#primaryimage\"},\"image\":{\"@id\":\"https:\\\/\\\/toidupakk.ee\\\/pl\\\/toode\\\/latarka-zero-ultra-1200-lm\\\/#primaryimage\"},\"thumbnailUrl\":\"https:\\\/\\\/toidupakk.ee\\\/wp-content\\\/uploads\\\/2025\\\/12\\\/Taskulamp-ZERO-ULTRA-1200Lm.png\",\"datePublished\":\"2025-12-21T11:25:57+00:00\",\"dateModified\":\"2026-05-14T05:01:18+00:00\",\"description\":\"Latarka ZERO ULTRA 1200 Lm oferuje maksymaln\u0105 moc \u015bwiat\u0142a (1200 lumen\u00f3w) w minimalnym formacie (47 g). Wodoodporno\u015b\u0107 IP67 i \u0142adowanie USB-C.\",\"breadcrumb\":{\"@id\":\"https:\\\/\\\/toidupakk.ee\\\/pl\\\/toode\\\/latarka-zero-ultra-1200-lm\\\/#breadcrumb\"},\"inLanguage\":\"pl-PL\",\"potentialAction\":[{\"@type\":\"ReadAction\",\"target\":[\"https:\\\/\\\/toidupakk.ee\\\/pl\\\/toode\\\/latarka-zero-ultra-1200-lm\\\/\"]}]},{\"@type\":\"ImageObject\",\"inLanguage\":\"pl-PL\",\"@id\":\"https:\\\/\\\/toidupakk.ee\\\/pl\\\/toode\\\/latarka-zero-ultra-1200-lm\\\/#primaryimage\",\"url\":\"https:\\\/\\\/toidupakk.ee\\\/wp-content\\\/uploads\\\/2025\\\/12\\\/Taskulamp-ZERO-ULTRA-1200Lm.png\",\"contentUrl\":\"https:\\\/\\\/toidupakk.ee\\\/wp-content\\\/uploads\\\/2025\\\/12\\\/Taskulamp-ZERO-ULTRA-1200Lm.png\",\"width\":800,\"height\":800,\"caption\":\"taskulamp 1200 Lm\"},{\"@type\":\"BreadcrumbList\",\"@id\":\"https:\\\/\\\/toidupakk.ee\\\/pl\\\/toode\\\/latarka-zero-ultra-1200-lm\\\/#breadcrumb\",\"itemListElement\":[{\"@type\":\"ListItem\",\"position\":1,\"name\":\"Avaleht\",\"item\":\"https:\\\/\\\/toidupakk.ee\\\/pl\\\/\"},{\"@type\":\"ListItem\",\"position\":2,\"name\":\"Sklep internetowy\",\"item\":\"https:\\\/\\\/toidupakk.ee\\\/pl\\\/sklep-internetowy\\\/\"},{\"@type\":\"ListItem\",\"position\":3,\"name\":\"Latarka ZERO ULTRA 1200 Lm\"}]},{\"@type\":\"WebSite\",\"@id\":\"https:\\\/\\\/toidupakk.ee\\\/pl\\\/#website\",\"url\":\"https:\\\/\\\/toidupakk.ee\\\/pl\\\/\",\"name\":\"Toidupakk.ee - Tactical Foodpack toidupakid\",\"description\":\"Tactical Foodpack k\u00fclmkuivatatud toidupakid ja matkaeined\",\"publisher\":{\"@id\":\"https:\\\/\\\/toidupakk.ee\\\/pl\\\/#organization\"},\"potentialAction\":[{\"@type\":\"SearchAction\",\"target\":{\"@type\":\"EntryPoint\",\"urlTemplate\":\"https:\\\/\\\/toidupakk.ee\\\/pl\\\/?s={search_term_string}\"},\"query-input\":{\"@type\":\"PropertyValueSpecification\",\"valueRequired\":true,\"valueName\":\"search_term_string\"}}],\"inLanguage\":\"pl-PL\"},{\"@type\":\"Organization\",\"@id\":\"https:\\\/\\\/toidupakk.ee\\\/pl\\\/#organization\",\"name\":\"Tactical Foodpack matkaeined\",\"url\":\"https:\\\/\\\/toidupakk.ee\\\/pl\\\/\",\"logo\":{\"@type\":\"ImageObject\",\"inLanguage\":\"pl-PL\",\"@id\":\"https:\\\/\\\/toidupakk.ee\\\/pl\\\/#\\\/schema\\\/logo\\\/image\\\/\",\"url\":\"https:\\\/\\\/toidupakk.ee\\\/wp-content\\\/uploads\\\/2022\\\/01\\\/Toidupakk-matkapood-logo-transparent.png\",\"contentUrl\":\"https:\\\/\\\/toidupakk.ee\\\/wp-content\\\/uploads\\\/2022\\\/01\\\/Toidupakk-matkapood-logo-transparent.png\",\"width\":500,\"height\":500,\"caption\":\"Tactical Foodpack matkaeined\"},\"image\":{\"@id\":\"https:\\\/\\\/toidupakk.ee\\\/pl\\\/#\\\/schema\\\/logo\\\/image\\\/\"},\"sameAs\":[\"https:\\\/\\\/www.facebook.com\\\/Toidupakk\",\"https:\\\/\\\/www.instagram.com\\\/toidupakk\\\/\"]}]}<\/script>\n<!-- \/ Yoast SEO plugin. -->","yoast_head_json":{"title":"Latarka ZERO ULTRA 1200 Lm","description":"Latarka ZERO ULTRA 1200 Lm oferuje maksymaln\u0105 moc \u015bwiat\u0142a (1200 lumen\u00f3w) w minimalnym formacie (47 g). Wodoodporno\u015b\u0107 IP67 i \u0142adowanie USB-C.","robots":{"index":"index","follow":"follow","max-snippet":"max-snippet:-1","max-image-preview":"max-image-preview:large","max-video-preview":"max-video-preview:-1"},"canonical":"https:\/\/toidupakk.ee\/pl\/toode\/latarka-zero-ultra-1200-lm\/","og_locale":"pl_PL","og_type":"article","og_title":"Latarka ZERO ULTRA 1200 Lm","og_description":"Latarka ZERO ULTRA 1200 Lm oferuje maksymaln\u0105 moc \u015bwiat\u0142a (1200 lumen\u00f3w) w minimalnym formacie (47 g). Wodoodporno\u015b\u0107 IP67 i \u0142adowanie USB-C.","og_url":"https:\/\/toidupakk.ee\/pl\/toode\/latarka-zero-ultra-1200-lm\/","og_site_name":"Toidupakk.ee - Tactical Foodpack toidupakid","article_publisher":"https:\/\/www.facebook.com\/Toidupakk","article_modified_time":"2026-05-14T05:01:18+00:00","og_image":[{"width":800,"height":800,"url":"https:\/\/toidupakk.ee\/wp-content\/uploads\/2025\/12\/Taskulamp-ZERO-ULTRA-1200Lm.png","type":"image\/png"}],"twitter_card":"summary_large_image","twitter_misc":{"Szacowany czas czytania":"2 minuty"},"schema":{"@context":"https:\/\/schema.org","@graph":[{"@type":"WebPage","@id":"https:\/\/toidupakk.ee\/pl\/toode\/latarka-zero-ultra-1200-lm\/","url":"https:\/\/toidupakk.ee\/pl\/toode\/latarka-zero-ultra-1200-lm\/","name":"Latarka ZERO ULTRA 1200 Lm","isPartOf":{"@id":"https:\/\/toidupakk.ee\/pl\/#website"},"primaryImageOfPage":{"@id":"https:\/\/toidupakk.ee\/pl\/toode\/latarka-zero-ultra-1200-lm\/#primaryimage"},"image":{"@id":"https:\/\/toidupakk.ee\/pl\/toode\/latarka-zero-ultra-1200-lm\/#primaryimage"},"thumbnailUrl":"https:\/\/toidupakk.ee\/wp-content\/uploads\/2025\/12\/Taskulamp-ZERO-ULTRA-1200Lm.png","datePublished":"2025-12-21T11:25:57+00:00","dateModified":"2026-05-14T05:01:18+00:00","description":"Latarka ZERO ULTRA 1200 Lm oferuje maksymaln\u0105 moc \u015bwiat\u0142a (1200 lumen\u00f3w) w minimalnym formacie (47 g). Wodoodporno\u015b\u0107 IP67 i \u0142adowanie USB-C.","breadcrumb":{"@id":"https:\/\/toidupakk.ee\/pl\/toode\/latarka-zero-ultra-1200-lm\/#breadcrumb"},"inLanguage":"pl-PL","potentialAction":[{"@type":"ReadAction","target":["https:\/\/toidupakk.ee\/pl\/toode\/latarka-zero-ultra-1200-lm\/"]}]},{"@type":"ImageObject","inLanguage":"pl-PL","@id":"https:\/\/toidupakk.ee\/pl\/toode\/latarka-zero-ultra-1200-lm\/#primaryimage","url":"https:\/\/toidupakk.ee\/wp-content\/uploads\/2025\/12\/Taskulamp-ZERO-ULTRA-1200Lm.png","contentUrl":"https:\/\/toidupakk.ee\/wp-content\/uploads\/2025\/12\/Taskulamp-ZERO-ULTRA-1200Lm.png","width":800,"height":800,"caption":"taskulamp 1200 Lm"},{"@type":"BreadcrumbList","@id":"https:\/\/toidupakk.ee\/pl\/toode\/latarka-zero-ultra-1200-lm\/#breadcrumb","itemListElement":[{"@type":"ListItem","position":1,"name":"Avaleht","item":"https:\/\/toidupakk.ee\/pl\/"},{"@type":"ListItem","position":2,"name":"Sklep internetowy","item":"https:\/\/toidupakk.ee\/pl\/sklep-internetowy\/"},{"@type":"ListItem","position":3,"name":"Latarka ZERO ULTRA 1200 Lm"}]},{"@type":"WebSite","@id":"https:\/\/toidupakk.ee\/pl\/#website","url":"https:\/\/toidupakk.ee\/pl\/","name":"Toidupakk.ee - Tactical Foodpack toidupakid","description":"Tactical Foodpack k\u00fclmkuivatatud toidupakid ja matkaeined","publisher":{"@id":"https:\/\/toidupakk.ee\/pl\/#organization"},"potentialAction":[{"@type":"SearchAction","target":{"@type":"EntryPoint","urlTemplate":"https:\/\/toidupakk.ee\/pl\/?s={search_term_string}"},"query-input":{"@type":"PropertyValueSpecification","valueRequired":true,"valueName":"search_term_string"}}],"inLanguage":"pl-PL"},{"@type":"Organization","@id":"https:\/\/toidupakk.ee\/pl\/#organization","name":"Tactical Foodpack matkaeined","url":"https:\/\/toidupakk.ee\/pl\/","logo":{"@type":"ImageObject","inLanguage":"pl-PL","@id":"https:\/\/toidupakk.ee\/pl\/#\/schema\/logo\/image\/","url":"https:\/\/toidupakk.ee\/wp-content\/uploads\/2022\/01\/Toidupakk-matkapood-logo-transparent.png","contentUrl":"https:\/\/toidupakk.ee\/wp-content\/uploads\/2022\/01\/Toidupakk-matkapood-logo-transparent.png","width":500,"height":500,"caption":"Tactical Foodpack matkaeined"},"image":{"@id":"https:\/\/toidupakk.ee\/pl\/#\/schema\/logo\/image\/"},"sameAs":["https:\/\/www.facebook.com\/Toidupakk","https:\/\/www.instagram.com\/toidupakk\/"]}]}},"jetpack_sharing_enabled":true,"_links":{"self":[{"href":"https:\/\/toidupakk.ee\/pl\/wp-json\/wp\/v2\/product\/49972","targetHints":{"allow":["GET"]}}],"collection":[{"href":"https:\/\/toidupakk.ee\/pl\/wp-json\/wp\/v2\/product"}],"about":[{"href":"https:\/\/toidupakk.ee\/pl\/wp-json\/wp\/v2\/types\/product"}],"replies":[{"embeddable":true,"href":"https:\/\/toidupakk.ee\/pl\/wp-json\/wp\/v2\/comments?post=49972"}],"wp:featuredmedia":[{"embeddable":true,"href":"https:\/\/toidupakk.ee\/pl\/wp-json\/wp\/v2\/media\/43736"}],"wp:attachment":[{"href":"https:\/\/toidupakk.ee\/pl\/wp-json\/wp\/v2\/media?parent=49972"}],"wp:term":[{"taxonomy":"product_brand","embeddable":true,"href":"https:\/\/toidupakk.ee\/pl\/wp-json\/wp\/v2\/product_brand?post=49972"},{"taxonomy":"product_cat","embeddable":true,"href":"https:\/\/toidupakk.ee\/pl\/wp-json\/wp\/v2\/product_cat?post=49972"},{"taxonomy":"product_tag","embeddable":true,"href":"https:\/\/toidupakk.ee\/pl\/wp-json\/wp\/v2\/product_tag?post=49972"}],"curies":[{"name":"wp","href":"https:\/\/api.w.org\/{rel}","templated":true}]}}