{"id":49945,"date":"2025-12-21T12:55:21","date_gmt":"2025-12-21T10:55:21","guid":{"rendered":"https:\/\/toidupakk.ee\/toode\/elektryczna-pompka-rowerowa-i-tylna-lampka-130-psi\/"},"modified":"2026-04-15T16:00:07","modified_gmt":"2026-04-15T13:00:07","slug":"elektryczna-pompka-rowerowa-i-tylna-lampka-130-psi","status":"publish","type":"product","link":"https:\/\/toidupakk.ee\/pl\/toode\/elektryczna-pompka-rowerowa-i-tylna-lampka-130-psi\/","title":{"rendered":"Elektryczna pompka rowerowa i tylna lampka 130 PSI"},"content":{"rendered":"<h2 data-start=\"236\" data-end=\"280\">Elektryczna pompka rowerowa i tylna lampka 130 PSI<\/h2>\n<p data-start=\"282\" data-end=\"662\"><strong data-start=\"282\" data-end=\"336\">Elektryczna pompka rowerowa i tylna lampka 130 PSI<\/strong> zosta\u0142a stworzona dla tych, kt\u00f3rzy chc\u0105 po\u0142\u0105czy\u0107 praktyczno\u015b\u0107, precyzj\u0119 i kompaktowo\u015b\u0107 w jednym urz\u0105dzeniu. TINY TIRE PUMP 200 wyr\u00f3\u017cnia si\u0119 niewielkimi rozmiarami i nisk\u0105 wag\u0105 \u2013 zaledwie 130 gram\u00f3w \u2013 dzi\u0119ki czemu \u0142atwo j\u0105 zawsze mie\u0107 przy sobie. Dzi\u0119ki inteligentnej konstrukcji nadaje si\u0119 zar\u00f3wno do jazdy po mie\u015bcie, jak i na d\u0142u\u017csze wyprawy rowerowe.  <\/p>\n<p data-start=\"282\" data-end=\"662\"><img fetchpriority=\"high\" decoding=\"async\" class=\"wp-image-43649 size-full aligncenter\" src=\"https:\/\/toidupakk.ee\/wp-content\/uploads\/2025\/12\/1_8300fe8a-ee6e-4501-a135-734193b3946c.webp\" alt=\"Elektryczna pompka rowerowa i tylna lampka 130 PSI \u0142\u0105czy w sobie mocn\u0105 pompk\u0119, precyzyjny manometr i widoczne \u015bwiat\u0142o tylne w kompaktowym urz\u0105dzeniu o wadze 130 g.\" width=\"1920\" height=\"720\" srcset=\"https:\/\/toidupakk.ee\/wp-content\/uploads\/2025\/12\/1_8300fe8a-ee6e-4501-a135-734193b3946c.webp 1920w, https:\/\/toidupakk.ee\/wp-content\/uploads\/2025\/12\/1_8300fe8a-ee6e-4501-a135-734193b3946c-300x113.webp 300w, https:\/\/toidupakk.ee\/wp-content\/uploads\/2025\/12\/1_8300fe8a-ee6e-4501-a135-734193b3946c-1024x384.webp 1024w, https:\/\/toidupakk.ee\/wp-content\/uploads\/2025\/12\/1_8300fe8a-ee6e-4501-a135-734193b3946c-768x288.webp 768w, https:\/\/toidupakk.ee\/wp-content\/uploads\/2025\/12\/1_8300fe8a-ee6e-4501-a135-734193b3946c-1536x576.webp 1536w, https:\/\/toidupakk.ee\/wp-content\/uploads\/2025\/12\/1_8300fe8a-ee6e-4501-a135-734193b3946c-800x300.webp 800w\" sizes=\"(max-width: 1920px) 100vw, 1920px\" \/><\/p>\n<h3 data-start=\"669\" data-end=\"701\">Du\u017ca moc i szybkie pompowanie<\/h3>\n<p data-start=\"703\" data-end=\"1066\">Mimo kompaktowych rozmiar\u00f3w pompka oferuje imponuj\u0105c\u0105 wydajno\u015b\u0107. Maksymalne ci\u015bnienie si\u0119ga <strong data-start=\"805\" data-end=\"826\">130 PSI (896 kPa)<\/strong>, co sprawia, \u017ce urz\u0105dzenie nadaje si\u0119 do opon rower\u00f3w szosowych, g\u00f3rskich, a tak\u017ce motocykli. Mocny silnik bezszczotkowy o pr\u0119dko\u015bci obrotowej <strong data-start=\"952\" data-end=\"968\">11 500 obr.\/min<\/strong> pozwala osi\u0105gn\u0105\u0107 <strong data-start=\"989\" data-end=\"1023\">100 PSI w oko\u0142o 50 sekund<\/strong>, zapewniaj\u0105c szybkie i skuteczne pompowanie opon.  <\/p>\n<h3 data-start=\"1073\" data-end=\"1117\">Precyzyjna kontrola i automatyczne wy\u0142\u0105czanie<\/h3>\n<p data-start=\"1119\" data-end=\"1468\">Pompka jest wyposa\u017cona w precyzyjny cyfrowy manometr o dok\u0142adno\u015bci pomiaru <strong data-start=\"1190\" data-end=\"1200\">\u00b11 PSI<\/strong>. Cyfrowy ekran LED wyra\u017anie wy\u015bwietla zar\u00f3wno aktualne ci\u015bnienie w oponach, jak i poziom na\u0142adowania baterii, daj\u0105c u\u017cytkownikowi wszystkie potrzebne informacje na pierwszy rzut oka. Po osi\u0105gni\u0119ciu po\u017c\u0105danego ci\u015bnienia urz\u0105dzenie wy\u0142\u0105cza si\u0119 automatycznie, co zapobiega nadmiernemu napompowaniu i sprawia, \u017ce obs\u0142uga jest prosta i kontrolowana.  <\/p>\n<p data-start=\"1119\" data-end=\"1468\"><img decoding=\"async\" class=\"size-full wp-image-43650 aligncenter\" src=\"https:\/\/toidupakk.ee\/wp-content\/uploads\/2025\/12\/2_b50df320-254f-4bbc-806f-49c4b6bcca8a.webp\" alt=\"\" width=\"1920\" height=\"591\" srcset=\"https:\/\/toidupakk.ee\/wp-content\/uploads\/2025\/12\/2_b50df320-254f-4bbc-806f-49c4b6bcca8a.webp 1920w, https:\/\/toidupakk.ee\/wp-content\/uploads\/2025\/12\/2_b50df320-254f-4bbc-806f-49c4b6bcca8a-300x92.webp 300w, https:\/\/toidupakk.ee\/wp-content\/uploads\/2025\/12\/2_b50df320-254f-4bbc-806f-49c4b6bcca8a-1024x315.webp 1024w, https:\/\/toidupakk.ee\/wp-content\/uploads\/2025\/12\/2_b50df320-254f-4bbc-806f-49c4b6bcca8a-768x236.webp 768w, https:\/\/toidupakk.ee\/wp-content\/uploads\/2025\/12\/2_b50df320-254f-4bbc-806f-49c4b6bcca8a-1536x473.webp 1536w, https:\/\/toidupakk.ee\/wp-content\/uploads\/2025\/12\/2_b50df320-254f-4bbc-806f-49c4b6bcca8a-800x246.webp 800w\" sizes=\"(max-width: 1920px) 100vw, 1920px\" \/><\/p>\n<h3 data-start=\"1475\" data-end=\"1510\">Zintegrowana tylna lampka rowerowa<\/h3>\n<p data-start=\"1512\" data-end=\"1869\">W urz\u0105dzenie wbudowano r\u00f3wnie\u017c <strong data-start=\"1537\" data-end=\"1559\">tyln\u0105 lampk\u0119 rowerow\u0105<\/strong>, kt\u00f3ra zwi\u0119ksza funkcjonalno\u015b\u0107 i poprawia widoczno\u015b\u0107. Czerwone \u015bwiat\u0142o LED o temperaturze barwowej <strong data-start=\"1648\" data-end=\"1657\">1000 K<\/strong> oferuje jasno\u015b\u0107 do <strong data-start=\"1669\" data-end=\"1684\">15 lumen\u00f3w<\/strong>. R\u00f3\u017cne tryby pracy pozwalaj\u0105 wybra\u0107 odpowiedni spos\u00f3b u\u017cytkowania, przy czym maksymalny czas pracy wynosi do <strong data-start=\"1803\" data-end=\"1819\">12,5 godziny<\/strong>. Lampka jest widoczna z odleg\u0142o\u015bci do <strong data-start=\"1845\" data-end=\"1858\">20 metr\u00f3w<\/strong>.   <\/p>\n<p data-start=\"1512\" data-end=\"1869\"><img decoding=\"async\" class=\"aligncenter wp-image-43651 size-full\" src=\"https:\/\/toidupakk.ee\/wp-content\/uploads\/2025\/12\/3_274679d0-f581-4106-a9da-c8b32addcf95.webp\" alt=\"\" width=\"1920\" height=\"591\" srcset=\"https:\/\/toidupakk.ee\/wp-content\/uploads\/2025\/12\/3_274679d0-f581-4106-a9da-c8b32addcf95.webp 1920w, https:\/\/toidupakk.ee\/wp-content\/uploads\/2025\/12\/3_274679d0-f581-4106-a9da-c8b32addcf95-300x92.webp 300w, https:\/\/toidupakk.ee\/wp-content\/uploads\/2025\/12\/3_274679d0-f581-4106-a9da-c8b32addcf95-1024x315.webp 1024w, https:\/\/toidupakk.ee\/wp-content\/uploads\/2025\/12\/3_274679d0-f581-4106-a9da-c8b32addcf95-768x236.webp 768w, https:\/\/toidupakk.ee\/wp-content\/uploads\/2025\/12\/3_274679d0-f581-4106-a9da-c8b32addcf95-1536x473.webp 1536w, https:\/\/toidupakk.ee\/wp-content\/uploads\/2025\/12\/3_274679d0-f581-4106-a9da-c8b32addcf95-800x246.webp 800w\" sizes=\"(max-width: 1920px) 100vw, 1920px\" \/><\/p>\n<h3 data-start=\"1876\" data-end=\"1915\">Szybkie \u0142adowanie i szerokie zastosowanie \u2013 Elektryczna pompka rowerowa i tylna lampka 130 PSI<\/h3>\n<p data-start=\"1917\" data-end=\"2294\">Pompka wykorzystuje <strong data-start=\"1930\" data-end=\"1953\">szybkie \u0142adowanie USB-C<\/strong>, dzi\u0119ki kt\u00f3remu akumulator mo\u017cna na\u0142adowa\u0107 w oko\u0142o <strong data-start=\"1991\" data-end=\"2006\">35 minut<\/strong>. Urz\u0105dzenie nadaje si\u0119 nie tylko do rower\u00f3w, ale tak\u017ce do <strong data-start=\"2057\" data-end=\"2079\">pompowania pi\u0142ek<\/strong> oraz w razie potrzeby do <strong data-start=\"2095\" data-end=\"2139\">kr\u00f3tkotrwa\u0142ego pompowania opon samochodowych<\/strong>. Dzi\u0119ki swojej wszechstronno\u015bci i przemy\u015blanym funkcjom <strong data-start=\"2200\" data-end=\"2254\">elektryczna pompka rowerowa i tylna lampka<\/strong> to niezawodny towarzysz ka\u017cdego rowerzysty. Ma\u0142e, ale dopracowane urz\u0105dzenie, kt\u00f3re jest zawsze gotowe do drogi \u2013 niezale\u017cnie od tego, czy czeka Ci\u0119 codzienna jazda po mie\u015bcie, czy d\u0142u\u017csza wyprawa w nieznane. Nie stara si\u0119 by\u0107 w centrum uwagi, lecz cicho i pewnie spe\u0142nia swoj\u0105 rol\u0119, pozwalaj\u0105c rowerzy\u015bcie skupi\u0107 si\u0119 na samej je\u017adzie. Dzi\u0119ki swojej kompaktowo\u015bci bez trudu znajdzie miejsce w Twoim ekwipunku, nie stanowi\u0105c obci\u0105\u017cenia ani przeszkody. To w\u0142a\u015bnie w takich detalach kryje si\u0119 komfort \u2013 \u015bwiadomo\u015b\u0107, \u017ce jeste\u015b gotowy na niespodziewane momenty bez konieczno\u015bci chodzenia na kompromisy.      <\/p>\n<p data-start=\"1917\" data-end=\"2294\"><img loading=\"lazy\" decoding=\"async\" class=\"aligncenter wp-image-43663 size-full\" src=\"https:\/\/toidupakk.ee\/wp-content\/uploads\/2025\/12\/5_47881418-6092-451f-9d11-988783409b68.webp\" alt=\"Elektryczna pompka rowerowa i tylna lampka 130 PSI \u0142\u0105czy w sobie mocn\u0105 pompk\u0119, precyzyjny manometr i widoczne \u015bwiat\u0142o tylne w kompaktowym urz\u0105dzeniu o wadze 130 g.\" width=\"1146\" height=\"564\" srcset=\"https:\/\/toidupakk.ee\/wp-content\/uploads\/2025\/12\/5_47881418-6092-451f-9d11-988783409b68.webp 1146w, https:\/\/toidupakk.ee\/wp-content\/uploads\/2025\/12\/5_47881418-6092-451f-9d11-988783409b68-300x148.webp 300w, https:\/\/toidupakk.ee\/wp-content\/uploads\/2025\/12\/5_47881418-6092-451f-9d11-988783409b68-1024x504.webp 1024w, https:\/\/toidupakk.ee\/wp-content\/uploads\/2025\/12\/5_47881418-6092-451f-9d11-988783409b68-768x378.webp 768w, https:\/\/toidupakk.ee\/wp-content\/uploads\/2025\/12\/5_47881418-6092-451f-9d11-988783409b68-800x394.webp 800w\" sizes=\"(max-width: 1146px) 100vw, 1146px\" \/><\/p>\n<p>Zobacz wi\u0119cej akcesori\u00f3w turystycznych <a href=\"https:\/\/toidupakk.ee\/pl\/tootekategooria\/sprzet-turystyczny\/#section-3-79\">TUTAJ<\/a><\/p>\n<p>Znajd\u017a inspiracj\u0119 na kolejne przygody na <a href=\"https:\/\/www.instagram.com\/toidupakk\/\">Instagramie<\/a> i <a href=\"https:\/\/www.facebook.com\/Toidupakk\/\">Facebooku<\/a> Toidupakk.<\/p>\n","protected":false},"excerpt":{"rendered":"<p data-start=\"160\" data-end=\"377\"><strong>Kompaktowa i bardzo lekka elektryczna pompka rowerowa, oferuj\u0105ca niezawodn\u0105 wydajno\u015b\u0107 do ci\u015bnienia 130 PSI. Precyzyjny cyfrowy manometr i wbudowana tylna lampka sprawiaj\u0105, \u017ce pompowanie opon jest wygodne zar\u00f3wno w domu, jak i w trasie. <\/strong><\/p>\n<p><strong data-start=\"381\" data-end=\"424\">Maksymalne ci\u015bnienie do 130 PSI (896 kPa)<\/strong><\/p>\n<ul>\n<li><strong data-start=\"429\" data-end=\"447\">Szybka<\/strong> \u2013 100 PSI w oko\u0142o 50 sekund<\/li>\n<li><strong data-start=\"481\" data-end=\"503\">Precyzyjny pomiar ci\u015bnienia<\/strong> \u2013 b\u0142\u0105d pomiaru \u00b11 PSI<\/li>\n<li><strong data-start=\"527\" data-end=\"554\">Automatyczne wy\u0142\u0105czanie<\/strong> po osi\u0105gni\u0119ciu ustawionego ci\u015bnienia<\/li>\n<li><strong data-start=\"595\" data-end=\"613\">Cyfrowy ekran LED<\/strong> wy\u015bwietlaj\u0105cy ci\u015bnienie w oponach i poziom baterii<\/li>\n<li><strong data-start=\"653\" data-end=\"679\">Wbudowana tylna lampka<\/strong> \u2013 1000 K, 15 lm, czas pracy do 12,5 godziny<\/li>\n<li><strong data-start=\"723\" data-end=\"746\">Szybkie \u0142adowanie USB-C<\/strong>, czas \u0142adowania oko\u0142o 35 minut<\/li>\n<li><strong data-start=\"785\" data-end=\"817\">Ultralekka i kompaktowa konstrukcja<\/strong> \u2013 waga tylko 130 g<\/li>\n<\/ul>\n<p dir=\"ltr\"><strong>W zestawie:<\/strong> pompka, kabel USB-C, mocowanie lampki tylnej, adapter do zaworu Presta, adapter do zaworu Schrader, ig\u0142a do pi\u0142ek, akcesoria, instrukcja obs\u0142ugi.<\/p>\n<p data-start=\"379\" data-end=\"961\"><img decoding=\"async\" class=\"emoji\" role=\"img\" draggable=\"false\" src=\"https:\/\/s.w.org\/images\/core\/emoji\/17.0.2\/svg\/2705.svg\" alt=\"\u2705\">  Dost\u0119pne w magazynie, szybka dostawa do Twojego paczkomatu w 1-3 dni robocze<br \/>\n<img decoding=\"async\" class=\"emoji\" role=\"img\" draggable=\"false\" src=\"https:\/\/s.w.org\/images\/core\/emoji\/17.0.2\/svg\/2705.svg\" alt=\"\u2705\"> Kup teraz, zap\u0142a\u0107 p\u00f3\u017aniej (RRSO 0%)<\/p>\n","protected":false},"featured_media":43645,"comment_status":"open","ping_status":"closed","template":"","meta":{"_acf_changed":false},"product_brand":[],"product_cat":[303,364,315,314,311,301,342],"product_tag":[],"class_list":{"0":"post-49945","1":"product","2":"type-product","3":"status-publish","4":"has-post-thumbnail","6":"product_cat-akcesoria-turystyczne","7":"product_cat-dodatki","8":"product_cat-elektronika","9":"product_cat-nocowanie-w-naturze","10":"product_cat-praktyczne-pomysly-na-prezent","11":"product_cat-sprzet-turystyczny","12":"product_cat-swiatlo","14":"first","15":"outofstock","16":"taxable","17":"shipping-taxable","18":"purchasable","19":"product-type-simple"},"bundled_by":[],"bundle_stock_status":"outofstock","bundle_stock_quantity":0,"bundle_virtual":false,"bundle_layout":"","bundle_add_to_cart_form_location":"","bundle_editable_in_cart":false,"bundle_sold_individually_context":"","bundle_item_grouping":"","bundle_min_size":"","bundle_max_size":"","bundle_price":[],"bundled_items":[],"bundle_sell_ids":[],"acf":[],"yoast_head":"<!-- This site is optimized with the Yoast SEO plugin v27.3 - https:\/\/yoast.com\/product\/yoast-seo-wordpress\/ -->\n<title>Elektryczna pompka rowerowa i tylna lampka 130 PSI<\/title>\n<meta name=\"description\" content=\"Elektryczna pompka rowerowa i tylna lampka 130 PSI \u0142\u0105czy w sobie mocn\u0105 pompk\u0119, precyzyjny manometr i widoczne \u015bwiat\u0142o tylne w kompaktowym urz\u0105dzeniu o wadze 130 g.\" \/>\n<meta name=\"robots\" content=\"index, follow, max-snippet:-1, max-image-preview:large, max-video-preview:-1\" \/>\n<link rel=\"canonical\" href=\"https:\/\/toidupakk.ee\/pl\/toode\/elektryczna-pompka-rowerowa-i-tylna-lampka-130-psi\/\" \/>\n<meta property=\"og:locale\" content=\"pl_PL\" \/>\n<meta property=\"og:type\" content=\"article\" \/>\n<meta property=\"og:title\" content=\"Elektryczna pompka rowerowa i tylna lampka 130 PSI\" \/>\n<meta property=\"og:description\" content=\"Elektryczna pompka rowerowa i tylna lampka 130 PSI \u0142\u0105czy w sobie mocn\u0105 pompk\u0119, precyzyjny manometr i widoczne \u015bwiat\u0142o tylne w kompaktowym urz\u0105dzeniu o wadze 130 g.\" \/>\n<meta property=\"og:url\" content=\"https:\/\/toidupakk.ee\/pl\/toode\/elektryczna-pompka-rowerowa-i-tylna-lampka-130-psi\/\" \/>\n<meta property=\"og:site_name\" content=\"Toidupakk.ee - Tactical Foodpack toidupakid\" \/>\n<meta property=\"article:publisher\" content=\"https:\/\/www.facebook.com\/Toidupakk\" \/>\n<meta property=\"article:modified_time\" content=\"2026-04-15T13:00:07+00:00\" \/>\n<meta property=\"og:image\" content=\"https:\/\/toidupakk.ee\/wp-content\/uploads\/2025\/12\/Ha749f9a6ab9149b58fa55841b72e871aV.png\" \/>\n\t<meta property=\"og:image:width\" content=\"2000\" \/>\n\t<meta property=\"og:image:height\" content=\"2000\" \/>\n\t<meta property=\"og:image:type\" content=\"image\/png\" \/>\n<meta name=\"twitter:card\" content=\"summary_large_image\" \/>\n<meta name=\"twitter:label1\" content=\"Szacowany czas czytania\" \/>\n\t<meta name=\"twitter:data1\" content=\"2 minuty\" \/>\n<script type=\"application\/ld+json\" class=\"yoast-schema-graph\">{\"@context\":\"https:\\\/\\\/schema.org\",\"@graph\":[{\"@type\":\"WebPage\",\"@id\":\"https:\\\/\\\/toidupakk.ee\\\/pl\\\/toode\\\/elektryczna-pompka-rowerowa-i-tylna-lampka-130-psi\\\/\",\"url\":\"https:\\\/\\\/toidupakk.ee\\\/pl\\\/toode\\\/elektryczna-pompka-rowerowa-i-tylna-lampka-130-psi\\\/\",\"name\":\"Elektryczna pompka rowerowa i tylna lampka 130 PSI\",\"isPartOf\":{\"@id\":\"https:\\\/\\\/toidupakk.ee\\\/pl\\\/#website\"},\"primaryImageOfPage\":{\"@id\":\"https:\\\/\\\/toidupakk.ee\\\/pl\\\/toode\\\/elektryczna-pompka-rowerowa-i-tylna-lampka-130-psi\\\/#primaryimage\"},\"image\":{\"@id\":\"https:\\\/\\\/toidupakk.ee\\\/pl\\\/toode\\\/elektryczna-pompka-rowerowa-i-tylna-lampka-130-psi\\\/#primaryimage\"},\"thumbnailUrl\":\"https:\\\/\\\/toidupakk.ee\\\/wp-content\\\/uploads\\\/2025\\\/12\\\/Ha749f9a6ab9149b58fa55841b72e871aV.png\",\"datePublished\":\"2025-12-21T10:55:21+00:00\",\"dateModified\":\"2026-04-15T13:00:07+00:00\",\"description\":\"Elektryczna pompka rowerowa i tylna lampka 130 PSI \u0142\u0105czy w sobie mocn\u0105 pompk\u0119, precyzyjny manometr i widoczne \u015bwiat\u0142o tylne w kompaktowym urz\u0105dzeniu o wadze 130 g.\",\"breadcrumb\":{\"@id\":\"https:\\\/\\\/toidupakk.ee\\\/pl\\\/toode\\\/elektryczna-pompka-rowerowa-i-tylna-lampka-130-psi\\\/#breadcrumb\"},\"inLanguage\":\"pl-PL\",\"potentialAction\":[{\"@type\":\"ReadAction\",\"target\":[\"https:\\\/\\\/toidupakk.ee\\\/pl\\\/toode\\\/elektryczna-pompka-rowerowa-i-tylna-lampka-130-psi\\\/\"]}]},{\"@type\":\"ImageObject\",\"inLanguage\":\"pl-PL\",\"@id\":\"https:\\\/\\\/toidupakk.ee\\\/pl\\\/toode\\\/elektryczna-pompka-rowerowa-i-tylna-lampka-130-psi\\\/#primaryimage\",\"url\":\"https:\\\/\\\/toidupakk.ee\\\/wp-content\\\/uploads\\\/2025\\\/12\\\/Ha749f9a6ab9149b58fa55841b72e871aV.png\",\"contentUrl\":\"https:\\\/\\\/toidupakk.ee\\\/wp-content\\\/uploads\\\/2025\\\/12\\\/Ha749f9a6ab9149b58fa55841b72e871aV.png\",\"width\":2000,\"height\":2000},{\"@type\":\"BreadcrumbList\",\"@id\":\"https:\\\/\\\/toidupakk.ee\\\/pl\\\/toode\\\/elektryczna-pompka-rowerowa-i-tylna-lampka-130-psi\\\/#breadcrumb\",\"itemListElement\":[{\"@type\":\"ListItem\",\"position\":1,\"name\":\"Avaleht\",\"item\":\"https:\\\/\\\/toidupakk.ee\\\/pl\\\/\"},{\"@type\":\"ListItem\",\"position\":2,\"name\":\"Sklep internetowy\",\"item\":\"https:\\\/\\\/toidupakk.ee\\\/pl\\\/sklep-internetowy\\\/\"},{\"@type\":\"ListItem\",\"position\":3,\"name\":\"Elektryczna pompka rowerowa i tylna lampka 130 PSI\"}]},{\"@type\":\"WebSite\",\"@id\":\"https:\\\/\\\/toidupakk.ee\\\/pl\\\/#website\",\"url\":\"https:\\\/\\\/toidupakk.ee\\\/pl\\\/\",\"name\":\"Toidupakk.ee - Tactical Foodpack toidupakid\",\"description\":\"Tactical Foodpack k\u00fclmkuivatatud toidupakid ja matkaeined\",\"publisher\":{\"@id\":\"https:\\\/\\\/toidupakk.ee\\\/pl\\\/#organization\"},\"potentialAction\":[{\"@type\":\"SearchAction\",\"target\":{\"@type\":\"EntryPoint\",\"urlTemplate\":\"https:\\\/\\\/toidupakk.ee\\\/pl\\\/?s={search_term_string}\"},\"query-input\":{\"@type\":\"PropertyValueSpecification\",\"valueRequired\":true,\"valueName\":\"search_term_string\"}}],\"inLanguage\":\"pl-PL\"},{\"@type\":\"Organization\",\"@id\":\"https:\\\/\\\/toidupakk.ee\\\/pl\\\/#organization\",\"name\":\"Tactical Foodpack matkaeined\",\"url\":\"https:\\\/\\\/toidupakk.ee\\\/pl\\\/\",\"logo\":{\"@type\":\"ImageObject\",\"inLanguage\":\"pl-PL\",\"@id\":\"https:\\\/\\\/toidupakk.ee\\\/pl\\\/#\\\/schema\\\/logo\\\/image\\\/\",\"url\":\"https:\\\/\\\/toidupakk.ee\\\/wp-content\\\/uploads\\\/2022\\\/01\\\/Toidupakk-matkapood-logo-transparent.png\",\"contentUrl\":\"https:\\\/\\\/toidupakk.ee\\\/wp-content\\\/uploads\\\/2022\\\/01\\\/Toidupakk-matkapood-logo-transparent.png\",\"width\":500,\"height\":500,\"caption\":\"Tactical Foodpack matkaeined\"},\"image\":{\"@id\":\"https:\\\/\\\/toidupakk.ee\\\/pl\\\/#\\\/schema\\\/logo\\\/image\\\/\"},\"sameAs\":[\"https:\\\/\\\/www.facebook.com\\\/Toidupakk\",\"https:\\\/\\\/www.instagram.com\\\/toidupakk\\\/\"]}]}<\/script>\n<!-- \/ Yoast SEO plugin. -->","yoast_head_json":{"title":"Elektryczna pompka rowerowa i tylna lampka 130 PSI","description":"Elektryczna pompka rowerowa i tylna lampka 130 PSI \u0142\u0105czy w sobie mocn\u0105 pompk\u0119, precyzyjny manometr i widoczne \u015bwiat\u0142o tylne w kompaktowym urz\u0105dzeniu o wadze 130 g.","robots":{"index":"index","follow":"follow","max-snippet":"max-snippet:-1","max-image-preview":"max-image-preview:large","max-video-preview":"max-video-preview:-1"},"canonical":"https:\/\/toidupakk.ee\/pl\/toode\/elektryczna-pompka-rowerowa-i-tylna-lampka-130-psi\/","og_locale":"pl_PL","og_type":"article","og_title":"Elektryczna pompka rowerowa i tylna lampka 130 PSI","og_description":"Elektryczna pompka rowerowa i tylna lampka 130 PSI \u0142\u0105czy w sobie mocn\u0105 pompk\u0119, precyzyjny manometr i widoczne \u015bwiat\u0142o tylne w kompaktowym urz\u0105dzeniu o wadze 130 g.","og_url":"https:\/\/toidupakk.ee\/pl\/toode\/elektryczna-pompka-rowerowa-i-tylna-lampka-130-psi\/","og_site_name":"Toidupakk.ee - Tactical Foodpack toidupakid","article_publisher":"https:\/\/www.facebook.com\/Toidupakk","article_modified_time":"2026-04-15T13:00:07+00:00","og_image":[{"width":2000,"height":2000,"url":"https:\/\/toidupakk.ee\/wp-content\/uploads\/2025\/12\/Ha749f9a6ab9149b58fa55841b72e871aV.png","type":"image\/png"}],"twitter_card":"summary_large_image","twitter_misc":{"Szacowany czas czytania":"2 minuty"},"schema":{"@context":"https:\/\/schema.org","@graph":[{"@type":"WebPage","@id":"https:\/\/toidupakk.ee\/pl\/toode\/elektryczna-pompka-rowerowa-i-tylna-lampka-130-psi\/","url":"https:\/\/toidupakk.ee\/pl\/toode\/elektryczna-pompka-rowerowa-i-tylna-lampka-130-psi\/","name":"Elektryczna pompka rowerowa i tylna lampka 130 PSI","isPartOf":{"@id":"https:\/\/toidupakk.ee\/pl\/#website"},"primaryImageOfPage":{"@id":"https:\/\/toidupakk.ee\/pl\/toode\/elektryczna-pompka-rowerowa-i-tylna-lampka-130-psi\/#primaryimage"},"image":{"@id":"https:\/\/toidupakk.ee\/pl\/toode\/elektryczna-pompka-rowerowa-i-tylna-lampka-130-psi\/#primaryimage"},"thumbnailUrl":"https:\/\/toidupakk.ee\/wp-content\/uploads\/2025\/12\/Ha749f9a6ab9149b58fa55841b72e871aV.png","datePublished":"2025-12-21T10:55:21+00:00","dateModified":"2026-04-15T13:00:07+00:00","description":"Elektryczna pompka rowerowa i tylna lampka 130 PSI \u0142\u0105czy w sobie mocn\u0105 pompk\u0119, precyzyjny manometr i widoczne \u015bwiat\u0142o tylne w kompaktowym urz\u0105dzeniu o wadze 130 g.","breadcrumb":{"@id":"https:\/\/toidupakk.ee\/pl\/toode\/elektryczna-pompka-rowerowa-i-tylna-lampka-130-psi\/#breadcrumb"},"inLanguage":"pl-PL","potentialAction":[{"@type":"ReadAction","target":["https:\/\/toidupakk.ee\/pl\/toode\/elektryczna-pompka-rowerowa-i-tylna-lampka-130-psi\/"]}]},{"@type":"ImageObject","inLanguage":"pl-PL","@id":"https:\/\/toidupakk.ee\/pl\/toode\/elektryczna-pompka-rowerowa-i-tylna-lampka-130-psi\/#primaryimage","url":"https:\/\/toidupakk.ee\/wp-content\/uploads\/2025\/12\/Ha749f9a6ab9149b58fa55841b72e871aV.png","contentUrl":"https:\/\/toidupakk.ee\/wp-content\/uploads\/2025\/12\/Ha749f9a6ab9149b58fa55841b72e871aV.png","width":2000,"height":2000},{"@type":"BreadcrumbList","@id":"https:\/\/toidupakk.ee\/pl\/toode\/elektryczna-pompka-rowerowa-i-tylna-lampka-130-psi\/#breadcrumb","itemListElement":[{"@type":"ListItem","position":1,"name":"Avaleht","item":"https:\/\/toidupakk.ee\/pl\/"},{"@type":"ListItem","position":2,"name":"Sklep internetowy","item":"https:\/\/toidupakk.ee\/pl\/sklep-internetowy\/"},{"@type":"ListItem","position":3,"name":"Elektryczna pompka rowerowa i tylna lampka 130 PSI"}]},{"@type":"WebSite","@id":"https:\/\/toidupakk.ee\/pl\/#website","url":"https:\/\/toidupakk.ee\/pl\/","name":"Toidupakk.ee - Tactical Foodpack toidupakid","description":"Tactical Foodpack k\u00fclmkuivatatud toidupakid ja matkaeined","publisher":{"@id":"https:\/\/toidupakk.ee\/pl\/#organization"},"potentialAction":[{"@type":"SearchAction","target":{"@type":"EntryPoint","urlTemplate":"https:\/\/toidupakk.ee\/pl\/?s={search_term_string}"},"query-input":{"@type":"PropertyValueSpecification","valueRequired":true,"valueName":"search_term_string"}}],"inLanguage":"pl-PL"},{"@type":"Organization","@id":"https:\/\/toidupakk.ee\/pl\/#organization","name":"Tactical Foodpack matkaeined","url":"https:\/\/toidupakk.ee\/pl\/","logo":{"@type":"ImageObject","inLanguage":"pl-PL","@id":"https:\/\/toidupakk.ee\/pl\/#\/schema\/logo\/image\/","url":"https:\/\/toidupakk.ee\/wp-content\/uploads\/2022\/01\/Toidupakk-matkapood-logo-transparent.png","contentUrl":"https:\/\/toidupakk.ee\/wp-content\/uploads\/2022\/01\/Toidupakk-matkapood-logo-transparent.png","width":500,"height":500,"caption":"Tactical Foodpack matkaeined"},"image":{"@id":"https:\/\/toidupakk.ee\/pl\/#\/schema\/logo\/image\/"},"sameAs":["https:\/\/www.facebook.com\/Toidupakk","https:\/\/www.instagram.com\/toidupakk\/"]}]}},"jetpack_sharing_enabled":true,"_links":{"self":[{"href":"https:\/\/toidupakk.ee\/pl\/wp-json\/wp\/v2\/product\/49945","targetHints":{"allow":["GET"]}}],"collection":[{"href":"https:\/\/toidupakk.ee\/pl\/wp-json\/wp\/v2\/product"}],"about":[{"href":"https:\/\/toidupakk.ee\/pl\/wp-json\/wp\/v2\/types\/product"}],"replies":[{"embeddable":true,"href":"https:\/\/toidupakk.ee\/pl\/wp-json\/wp\/v2\/comments?post=49945"}],"wp:featuredmedia":[{"embeddable":true,"href":"https:\/\/toidupakk.ee\/pl\/wp-json\/wp\/v2\/media\/43645"}],"wp:attachment":[{"href":"https:\/\/toidupakk.ee\/pl\/wp-json\/wp\/v2\/media?parent=49945"}],"wp:term":[{"taxonomy":"product_brand","embeddable":true,"href":"https:\/\/toidupakk.ee\/pl\/wp-json\/wp\/v2\/product_brand?post=49945"},{"taxonomy":"product_cat","embeddable":true,"href":"https:\/\/toidupakk.ee\/pl\/wp-json\/wp\/v2\/product_cat?post=49945"},{"taxonomy":"product_tag","embeddable":true,"href":"https:\/\/toidupakk.ee\/pl\/wp-json\/wp\/v2\/product_tag?post=49945"}],"curies":[{"name":"wp","href":"https:\/\/api.w.org\/{rel}","templated":true}]}}