{"id":49910,"date":"2025-11-20T11:37:27","date_gmt":"2025-11-20T09:37:27","guid":{"rendered":"https:\/\/toidupakk.ee\/toode\/czapka-beanie-mil-tec-camo\/"},"modified":"2026-05-14T08:31:19","modified_gmt":"2026-05-14T05:31:19","slug":"czapka-beanie-mil-tec-camo","status":"publish","type":"product","link":"https:\/\/toidupakk.ee\/pl\/toode\/czapka-beanie-mil-tec-camo\/","title":{"rendered":"Czapka beanie MIL-TEC\u00ae Camo"},"content":{"rendered":"<p data-start=\"51\" data-end=\"424\"><strong data-start=\"68\" data-end=\"97\">Czapka beanie MIL-TEC\u00ae Camo<\/strong> to prosta i praktyczna czapka dzianinowa, kt\u00f3ra \u015bwietnie sprawdza si\u0119 zar\u00f3wno na co dzie\u0144, jak i podczas ruchu na zewn\u0105trz. Lekka konstrukcja przyjemnie ogrzewa g\u0142ow\u0119, a elastyczny materia\u0142 akrylowy dopasowuje si\u0119 do kszta\u0142tu, dzi\u0119ki czemu czapka wygodnie trzyma si\u0119 na g\u0142owie bez uciskania. <\/p>\n<p data-start=\"426\" data-end=\"639\">Klasyczny wz\u00f3r kamufla\u017cu <em data-start=\"439\" data-end=\"449\">woodland<\/em> nadaje czapce charakterystyczny militarny wygl\u0105d, kt\u00f3ry pasuje zar\u00f3wno w\u0119drowcom i osobom pracuj\u0105cym na zewn\u0105trz, jak i tym, kt\u00f3rzy ceni\u0105 praktyczny i sportowy styl w \u015brodowisku miejskim.<\/p>\n<p data-start=\"641\" data-end=\"809\" data-is-last-node=\"\" data-is-only-node=\"\">Czapka zosta\u0142a wykonana w 100% z akrylu i wyprodukowana przez Mil-Tec \u2013 mark\u0119 znan\u0105 z niezawodnych, trwa\u0142ych i funkcjonalnych element\u00f3w wyposa\u017cenia.<\/p>\n<p data-start=\"482\" data-end=\"630\" data-is-last-node=\"\" data-is-only-node=\"\"><img fetchpriority=\"high\" decoding=\"async\" class=\"alignright wp-image-42530 size-thumbnail\" src=\"https:\/\/toidupakk.ee\/wp-content\/uploads\/2025\/11\/Nimetu-kujundus-1-500x500.png\" alt=\"Czapka beanie MIL-TEC\u00ae Camo to lekka i ciep\u0142a czapka dzianinowa, kt\u00f3ra wygodnie le\u017cy i nadaje si\u0119 zar\u00f3wno do noszenia na co dzie\u0144, jak i do aktywno\u015bci na \u015bwie\u017cym powietrzu. \" width=\"500\" height=\"500\" srcset=\"https:\/\/toidupakk.ee\/wp-content\/uploads\/2025\/11\/Nimetu-kujundus-1-500x500.png 500w, https:\/\/toidupakk.ee\/wp-content\/uploads\/2025\/11\/Nimetu-kujundus-1-300x300.png 300w, https:\/\/toidupakk.ee\/wp-content\/uploads\/2025\/11\/Nimetu-kujundus-1-768x768.png 768w, https:\/\/toidupakk.ee\/wp-content\/uploads\/2025\/11\/Nimetu-kujundus-1-400x400.png 400w, https:\/\/toidupakk.ee\/wp-content\/uploads\/2025\/11\/Nimetu-kujundus-1-100x100.png 100w, https:\/\/toidupakk.ee\/wp-content\/uploads\/2025\/11\/Nimetu-kujundus-1-50x50.png 50w, https:\/\/toidupakk.ee\/wp-content\/uploads\/2025\/11\/Nimetu-kujundus-1.png 800w\" sizes=\"(max-width: 500px) 100vw, 500px\" \/><\/p>\n<p>Interesuje Ci\u0119 sprz\u0119t turystyczny? Dowiedz si\u0119 wi\u0119cej <a href=\"https:\/\/toidupakk.ee\/pl\/tootekategooria\/sprzet-turystyczny\/#section-3-79\">TUTAJ<\/a><\/p>\n<p>A mo\u017ce interesuje Ci\u0119 jedzenie turystyczne? Sprawd\u017a <a href=\"https:\/\/toidupakk.ee\/pl\/tootekategooria\/dania-glowne\/\">TUTAJ<\/a><\/p>\n<p>Znajd\u017a inspiracj\u0119 na kolejne przygody na <a href=\"https:\/\/www.instagram.com\/toidupakk\/\">Instagramie<\/a> i <a href=\"https:\/\/www.facebook.com\/Toidupakk\/\">Facebooku<\/a> Toidupakk.<\/p>\n<p>&nbsp;<\/p>\n","protected":false},"excerpt":{"rendered":"<p><strong>Lekka i wygodna dzianinowa czapka beanie MIL-TEC\u00ae. Lekka konstrukcja skutecznie zatrzymuje ciep\u0142o, a elastyczny akryl zapewnia komfort noszenia. Wykonana z wytrzyma\u0142ego 100% akrylu, idealna do noszenia na co dzie\u0144 w mie\u015bcie i na \u0142onie natury. <\/strong><\/p>\n<ul>\n<li>One size fits all (rozmiar uniwersalny)<\/li>\n<li>Marka MIL-TEC\u00ae<\/li>\n<\/ul>\n<p>\u2705 Dost\u0119pne w magazynie, szybka dostawa w 1\u20133 dni robocze<\/p>\n<p>\u2705 BEZP\u0141ATNY zwrot i wymiana, je\u015bli rozmiar nie pasuje<\/p>\n<p><img decoding=\"async\" class=\"alignleft wp-image-42529\" src=\"https:\/\/toidupakk.ee\/wp-content\/uploads\/2025\/11\/miltec-300x79.png\" alt=\"\" width=\"200\" height=\"53\" srcset=\"https:\/\/toidupakk.ee\/wp-content\/uploads\/2025\/11\/miltec-300x79.png 300w, https:\/\/toidupakk.ee\/wp-content\/uploads\/2025\/11\/miltec.png 340w\" sizes=\"(max-width: 200px) 100vw, 200px\" \/><\/p>\n","protected":false},"featured_media":42531,"comment_status":"open","ping_status":"closed","template":"","meta":{"_acf_changed":false},"product_brand":[],"product_cat":[303,350,317,319,326,301],"product_tag":[305],"class_list":{"0":"post-49910","1":"product","2":"type-product","3":"status-publish","4":"has-post-thumbnail","6":"product_cat-akcesoria-turystyczne","7":"product_cat-czapki","8":"product_cat-mil-tec","9":"product_cat-odziez","10":"product_cat-produkty-zimowe","11":"product_cat-sprzet-turystyczny","12":"product_tag-no_ads","14":"first","15":"instock","16":"taxable","17":"shipping-taxable","18":"purchasable","19":"product-type-simple"},"bundled_by":[],"bundle_stock_status":"instock","bundle_stock_quantity":9,"bundle_virtual":false,"bundle_layout":"","bundle_add_to_cart_form_location":"","bundle_editable_in_cart":false,"bundle_sold_individually_context":"","bundle_item_grouping":"","bundle_min_size":"","bundle_max_size":"","bundle_price":[],"bundled_items":[],"bundle_sell_ids":[],"acf":[],"yoast_head":"<!-- This site is optimized with the Yoast SEO plugin v27.3 - https:\/\/yoast.com\/product\/yoast-seo-wordpress\/ -->\n<title>Czapka beanie MIL-TEC\u00ae Camo<\/title>\n<meta name=\"description\" content=\"Czapka beanie MIL-TEC\u00ae Camo to lekka i ciep\u0142a czapka dzianinowa, kt\u00f3ra wygodnie le\u017cy i nadaje si\u0119 zar\u00f3wno do noszenia na co dzie\u0144, jak i do aktywno\u015bci na \u015bwie\u017cym powietrzu.\" \/>\n<meta name=\"robots\" content=\"index, follow, max-snippet:-1, max-image-preview:large, max-video-preview:-1\" \/>\n<link rel=\"canonical\" href=\"https:\/\/toidupakk.ee\/pl\/toode\/czapka-beanie-mil-tec-camo\/\" \/>\n<meta property=\"og:locale\" content=\"pl_PL\" \/>\n<meta property=\"og:type\" content=\"article\" \/>\n<meta property=\"og:title\" content=\"Czapka beanie MIL-TEC\u00ae Camo\" \/>\n<meta property=\"og:description\" content=\"Czapka beanie MIL-TEC\u00ae Camo to lekka i ciep\u0142a czapka dzianinowa, kt\u00f3ra wygodnie le\u017cy i nadaje si\u0119 zar\u00f3wno do noszenia na co dzie\u0144, jak i do aktywno\u015bci na \u015bwie\u017cym powietrzu.\" \/>\n<meta property=\"og:url\" content=\"https:\/\/toidupakk.ee\/pl\/toode\/czapka-beanie-mil-tec-camo\/\" \/>\n<meta property=\"og:site_name\" content=\"Toidupakk.ee - Tactical Foodpack toidupakid\" \/>\n<meta property=\"article:publisher\" content=\"https:\/\/www.facebook.com\/Toidupakk\" \/>\n<meta property=\"article:modified_time\" content=\"2026-05-14T05:31:19+00:00\" \/>\n<meta property=\"og:image\" content=\"https:\/\/toidupakk.ee\/wp-content\/uploads\/2025\/11\/Nimetu-kujundus.png\" \/>\n\t<meta property=\"og:image:width\" content=\"800\" \/>\n\t<meta property=\"og:image:height\" content=\"800\" \/>\n\t<meta property=\"og:image:type\" content=\"image\/png\" \/>\n<meta name=\"twitter:card\" content=\"summary_large_image\" \/>\n<meta name=\"twitter:label1\" content=\"Szacowany czas czytania\" \/>\n\t<meta name=\"twitter:data1\" content=\"1 minuta\" \/>\n<script type=\"application\/ld+json\" class=\"yoast-schema-graph\">{\"@context\":\"https:\\\/\\\/schema.org\",\"@graph\":[{\"@type\":\"WebPage\",\"@id\":\"https:\\\/\\\/toidupakk.ee\\\/pl\\\/toode\\\/czapka-beanie-mil-tec-camo\\\/\",\"url\":\"https:\\\/\\\/toidupakk.ee\\\/pl\\\/toode\\\/czapka-beanie-mil-tec-camo\\\/\",\"name\":\"Czapka beanie MIL-TEC\u00ae Camo\",\"isPartOf\":{\"@id\":\"https:\\\/\\\/toidupakk.ee\\\/pl\\\/#website\"},\"primaryImageOfPage\":{\"@id\":\"https:\\\/\\\/toidupakk.ee\\\/pl\\\/toode\\\/czapka-beanie-mil-tec-camo\\\/#primaryimage\"},\"image\":{\"@id\":\"https:\\\/\\\/toidupakk.ee\\\/pl\\\/toode\\\/czapka-beanie-mil-tec-camo\\\/#primaryimage\"},\"thumbnailUrl\":\"https:\\\/\\\/toidupakk.ee\\\/wp-content\\\/uploads\\\/2025\\\/11\\\/Nimetu-kujundus.png\",\"datePublished\":\"2025-11-20T09:37:27+00:00\",\"dateModified\":\"2026-05-14T05:31:19+00:00\",\"description\":\"Czapka beanie MIL-TEC\u00ae Camo to lekka i ciep\u0142a czapka dzianinowa, kt\u00f3ra wygodnie le\u017cy i nadaje si\u0119 zar\u00f3wno do noszenia na co dzie\u0144, jak i do aktywno\u015bci na \u015bwie\u017cym powietrzu.\",\"breadcrumb\":{\"@id\":\"https:\\\/\\\/toidupakk.ee\\\/pl\\\/toode\\\/czapka-beanie-mil-tec-camo\\\/#breadcrumb\"},\"inLanguage\":\"pl-PL\",\"potentialAction\":[{\"@type\":\"ReadAction\",\"target\":[\"https:\\\/\\\/toidupakk.ee\\\/pl\\\/toode\\\/czapka-beanie-mil-tec-camo\\\/\"]}]},{\"@type\":\"ImageObject\",\"inLanguage\":\"pl-PL\",\"@id\":\"https:\\\/\\\/toidupakk.ee\\\/pl\\\/toode\\\/czapka-beanie-mil-tec-camo\\\/#primaryimage\",\"url\":\"https:\\\/\\\/toidupakk.ee\\\/wp-content\\\/uploads\\\/2025\\\/11\\\/Nimetu-kujundus.png\",\"contentUrl\":\"https:\\\/\\\/toidupakk.ee\\\/wp-content\\\/uploads\\\/2025\\\/11\\\/Nimetu-kujundus.png\",\"width\":800,\"height\":800},{\"@type\":\"BreadcrumbList\",\"@id\":\"https:\\\/\\\/toidupakk.ee\\\/pl\\\/toode\\\/czapka-beanie-mil-tec-camo\\\/#breadcrumb\",\"itemListElement\":[{\"@type\":\"ListItem\",\"position\":1,\"name\":\"Avaleht\",\"item\":\"https:\\\/\\\/toidupakk.ee\\\/pl\\\/\"},{\"@type\":\"ListItem\",\"position\":2,\"name\":\"Sklep internetowy\",\"item\":\"https:\\\/\\\/toidupakk.ee\\\/pl\\\/sklep-internetowy\\\/\"},{\"@type\":\"ListItem\",\"position\":3,\"name\":\"Czapka beanie MIL-TEC\u00ae Camo\"}]},{\"@type\":\"WebSite\",\"@id\":\"https:\\\/\\\/toidupakk.ee\\\/pl\\\/#website\",\"url\":\"https:\\\/\\\/toidupakk.ee\\\/pl\\\/\",\"name\":\"Toidupakk.ee - Tactical Foodpack toidupakid\",\"description\":\"Tactical Foodpack k\u00fclmkuivatatud toidupakid ja matkaeined\",\"publisher\":{\"@id\":\"https:\\\/\\\/toidupakk.ee\\\/pl\\\/#organization\"},\"potentialAction\":[{\"@type\":\"SearchAction\",\"target\":{\"@type\":\"EntryPoint\",\"urlTemplate\":\"https:\\\/\\\/toidupakk.ee\\\/pl\\\/?s={search_term_string}\"},\"query-input\":{\"@type\":\"PropertyValueSpecification\",\"valueRequired\":true,\"valueName\":\"search_term_string\"}}],\"inLanguage\":\"pl-PL\"},{\"@type\":\"Organization\",\"@id\":\"https:\\\/\\\/toidupakk.ee\\\/pl\\\/#organization\",\"name\":\"Tactical Foodpack matkaeined\",\"url\":\"https:\\\/\\\/toidupakk.ee\\\/pl\\\/\",\"logo\":{\"@type\":\"ImageObject\",\"inLanguage\":\"pl-PL\",\"@id\":\"https:\\\/\\\/toidupakk.ee\\\/pl\\\/#\\\/schema\\\/logo\\\/image\\\/\",\"url\":\"https:\\\/\\\/toidupakk.ee\\\/wp-content\\\/uploads\\\/2022\\\/01\\\/Toidupakk-matkapood-logo-transparent.png\",\"contentUrl\":\"https:\\\/\\\/toidupakk.ee\\\/wp-content\\\/uploads\\\/2022\\\/01\\\/Toidupakk-matkapood-logo-transparent.png\",\"width\":500,\"height\":500,\"caption\":\"Tactical Foodpack matkaeined\"},\"image\":{\"@id\":\"https:\\\/\\\/toidupakk.ee\\\/pl\\\/#\\\/schema\\\/logo\\\/image\\\/\"},\"sameAs\":[\"https:\\\/\\\/www.facebook.com\\\/Toidupakk\",\"https:\\\/\\\/www.instagram.com\\\/toidupakk\\\/\"]}]}<\/script>\n<!-- \/ Yoast SEO plugin. -->","yoast_head_json":{"title":"Czapka beanie MIL-TEC\u00ae Camo","description":"Czapka beanie MIL-TEC\u00ae Camo to lekka i ciep\u0142a czapka dzianinowa, kt\u00f3ra wygodnie le\u017cy i nadaje si\u0119 zar\u00f3wno do noszenia na co dzie\u0144, jak i do aktywno\u015bci na \u015bwie\u017cym powietrzu.","robots":{"index":"index","follow":"follow","max-snippet":"max-snippet:-1","max-image-preview":"max-image-preview:large","max-video-preview":"max-video-preview:-1"},"canonical":"https:\/\/toidupakk.ee\/pl\/toode\/czapka-beanie-mil-tec-camo\/","og_locale":"pl_PL","og_type":"article","og_title":"Czapka beanie MIL-TEC\u00ae Camo","og_description":"Czapka beanie MIL-TEC\u00ae Camo to lekka i ciep\u0142a czapka dzianinowa, kt\u00f3ra wygodnie le\u017cy i nadaje si\u0119 zar\u00f3wno do noszenia na co dzie\u0144, jak i do aktywno\u015bci na \u015bwie\u017cym powietrzu.","og_url":"https:\/\/toidupakk.ee\/pl\/toode\/czapka-beanie-mil-tec-camo\/","og_site_name":"Toidupakk.ee - Tactical Foodpack toidupakid","article_publisher":"https:\/\/www.facebook.com\/Toidupakk","article_modified_time":"2026-05-14T05:31:19+00:00","og_image":[{"width":800,"height":800,"url":"https:\/\/toidupakk.ee\/wp-content\/uploads\/2025\/11\/Nimetu-kujundus.png","type":"image\/png"}],"twitter_card":"summary_large_image","twitter_misc":{"Szacowany czas czytania":"1 minuta"},"schema":{"@context":"https:\/\/schema.org","@graph":[{"@type":"WebPage","@id":"https:\/\/toidupakk.ee\/pl\/toode\/czapka-beanie-mil-tec-camo\/","url":"https:\/\/toidupakk.ee\/pl\/toode\/czapka-beanie-mil-tec-camo\/","name":"Czapka beanie MIL-TEC\u00ae Camo","isPartOf":{"@id":"https:\/\/toidupakk.ee\/pl\/#website"},"primaryImageOfPage":{"@id":"https:\/\/toidupakk.ee\/pl\/toode\/czapka-beanie-mil-tec-camo\/#primaryimage"},"image":{"@id":"https:\/\/toidupakk.ee\/pl\/toode\/czapka-beanie-mil-tec-camo\/#primaryimage"},"thumbnailUrl":"https:\/\/toidupakk.ee\/wp-content\/uploads\/2025\/11\/Nimetu-kujundus.png","datePublished":"2025-11-20T09:37:27+00:00","dateModified":"2026-05-14T05:31:19+00:00","description":"Czapka beanie MIL-TEC\u00ae Camo to lekka i ciep\u0142a czapka dzianinowa, kt\u00f3ra wygodnie le\u017cy i nadaje si\u0119 zar\u00f3wno do noszenia na co dzie\u0144, jak i do aktywno\u015bci na \u015bwie\u017cym powietrzu.","breadcrumb":{"@id":"https:\/\/toidupakk.ee\/pl\/toode\/czapka-beanie-mil-tec-camo\/#breadcrumb"},"inLanguage":"pl-PL","potentialAction":[{"@type":"ReadAction","target":["https:\/\/toidupakk.ee\/pl\/toode\/czapka-beanie-mil-tec-camo\/"]}]},{"@type":"ImageObject","inLanguage":"pl-PL","@id":"https:\/\/toidupakk.ee\/pl\/toode\/czapka-beanie-mil-tec-camo\/#primaryimage","url":"https:\/\/toidupakk.ee\/wp-content\/uploads\/2025\/11\/Nimetu-kujundus.png","contentUrl":"https:\/\/toidupakk.ee\/wp-content\/uploads\/2025\/11\/Nimetu-kujundus.png","width":800,"height":800},{"@type":"BreadcrumbList","@id":"https:\/\/toidupakk.ee\/pl\/toode\/czapka-beanie-mil-tec-camo\/#breadcrumb","itemListElement":[{"@type":"ListItem","position":1,"name":"Avaleht","item":"https:\/\/toidupakk.ee\/pl\/"},{"@type":"ListItem","position":2,"name":"Sklep internetowy","item":"https:\/\/toidupakk.ee\/pl\/sklep-internetowy\/"},{"@type":"ListItem","position":3,"name":"Czapka beanie MIL-TEC\u00ae Camo"}]},{"@type":"WebSite","@id":"https:\/\/toidupakk.ee\/pl\/#website","url":"https:\/\/toidupakk.ee\/pl\/","name":"Toidupakk.ee - Tactical Foodpack toidupakid","description":"Tactical Foodpack k\u00fclmkuivatatud toidupakid ja matkaeined","publisher":{"@id":"https:\/\/toidupakk.ee\/pl\/#organization"},"potentialAction":[{"@type":"SearchAction","target":{"@type":"EntryPoint","urlTemplate":"https:\/\/toidupakk.ee\/pl\/?s={search_term_string}"},"query-input":{"@type":"PropertyValueSpecification","valueRequired":true,"valueName":"search_term_string"}}],"inLanguage":"pl-PL"},{"@type":"Organization","@id":"https:\/\/toidupakk.ee\/pl\/#organization","name":"Tactical Foodpack matkaeined","url":"https:\/\/toidupakk.ee\/pl\/","logo":{"@type":"ImageObject","inLanguage":"pl-PL","@id":"https:\/\/toidupakk.ee\/pl\/#\/schema\/logo\/image\/","url":"https:\/\/toidupakk.ee\/wp-content\/uploads\/2022\/01\/Toidupakk-matkapood-logo-transparent.png","contentUrl":"https:\/\/toidupakk.ee\/wp-content\/uploads\/2022\/01\/Toidupakk-matkapood-logo-transparent.png","width":500,"height":500,"caption":"Tactical Foodpack matkaeined"},"image":{"@id":"https:\/\/toidupakk.ee\/pl\/#\/schema\/logo\/image\/"},"sameAs":["https:\/\/www.facebook.com\/Toidupakk","https:\/\/www.instagram.com\/toidupakk\/"]}]}},"jetpack_sharing_enabled":true,"_links":{"self":[{"href":"https:\/\/toidupakk.ee\/pl\/wp-json\/wp\/v2\/product\/49910","targetHints":{"allow":["GET"]}}],"collection":[{"href":"https:\/\/toidupakk.ee\/pl\/wp-json\/wp\/v2\/product"}],"about":[{"href":"https:\/\/toidupakk.ee\/pl\/wp-json\/wp\/v2\/types\/product"}],"replies":[{"embeddable":true,"href":"https:\/\/toidupakk.ee\/pl\/wp-json\/wp\/v2\/comments?post=49910"}],"wp:featuredmedia":[{"embeddable":true,"href":"https:\/\/toidupakk.ee\/pl\/wp-json\/wp\/v2\/media\/42531"}],"wp:attachment":[{"href":"https:\/\/toidupakk.ee\/pl\/wp-json\/wp\/v2\/media?parent=49910"}],"wp:term":[{"taxonomy":"product_brand","embeddable":true,"href":"https:\/\/toidupakk.ee\/pl\/wp-json\/wp\/v2\/product_brand?post=49910"},{"taxonomy":"product_cat","embeddable":true,"href":"https:\/\/toidupakk.ee\/pl\/wp-json\/wp\/v2\/product_cat?post=49910"},{"taxonomy":"product_tag","embeddable":true,"href":"https:\/\/toidupakk.ee\/pl\/wp-json\/wp\/v2\/product_tag?post=49910"}],"curies":[{"name":"wp","href":"https:\/\/api.w.org\/{rel}","templated":true}]}}