{"id":49873,"date":"2025-11-20T10:57:44","date_gmt":"2025-11-20T08:57:44","guid":{"rendered":"https:\/\/toidupakk.ee\/toode\/potezny-powerbank-sandberg-130w-50-000-mah\/"},"modified":"2026-05-14T08:01:28","modified_gmt":"2026-05-14T05:01:28","slug":"potezny-powerbank-sandberg-130w-50-000-mah","status":"publish","type":"product","link":"https:\/\/toidupakk.ee\/pl\/toode\/potezny-powerbank-sandberg-130w-50-000-mah\/","title":{"rendered":"Pot\u0119\u017cny powerbank Sandberg\u00ae 130W 50 000 mAh"},"content":{"rendered":"<h1 data-start=\"317\" data-end=\"406\"><strong data-start=\"319\" data-end=\"406\">Pot\u0119\u017cny powerbank Sandberg\u00ae 130W 50 000 mAh \u2013 mocny, pojemny i wszechstronny<\/strong><\/h1>\n<p data-start=\"408\" data-end=\"857\">Pot\u0119\u017cny powerbank Sandberg\u00ae 130W 50 000 mAh zosta\u0142 stworzony do sytuacji, w kt\u00f3rych potrzebujesz maksymalnej wydajno\u015bci i ogromnej rezerwy energii. Oferuje szybkie \u0142adowanie, wiele wyj\u015b\u0107 i mo\u017cliwo\u015b\u0107 \u0142adowania telefon\u00f3w, tablet\u00f3w, konsol do gier oraz laptop\u00f3w USB-C. Obs\u0142uga USB-A i USB-C PD 30 W + 100 W zapewnia optymaln\u0105 pr\u0119dko\u015b\u0107 \u0142adowania dla r\u00f3\u017cnych urz\u0105dze\u0144.<br data-start=\"771\" data-end=\"774\">Wbudowana lampka 2 W pozwala odnale\u017a\u0107 drog\u0119 w ciemno\u015bci lub o\u015bwietli\u0107 otoczenie.  <\/p>\n<p data-start=\"864\" data-end=\"947\"><strong data-start=\"867\" data-end=\"947\">Solidna wydajno\u015b\u0107 <\/strong><\/p>\n<p data-start=\"949\" data-end=\"1202\">Wyposa\u017cony w akumulator litowo-jonowy o pojemno\u015bci 50 000 mAh \/ 185 Wh.<br data-start=\"1053\" data-end=\"1056\">Zapewnia wystarczaj\u0105c\u0105 ilo\u015b\u0107 energii do wielokrotnego \u0142adowania wielu urz\u0105dze\u0144 i idealnie sprawdza si\u0119 w sytuacjach, gdy najbli\u017csze gniazdko jest daleko.<\/p>\n<p data-start=\"1204\" data-end=\"1270\"><strong data-start=\"1204\" data-end=\"1222\">Pojemno\u015b\u0107 baterii:<\/strong> 50 000 mAh \/ 185 Wh<br data-start=\"1242\" data-end=\"1245\"><strong data-start=\"1245\" data-end=\"1257\">Typ baterii:<\/strong> Litowo-jonowa<\/p>\n<div style=\"width: 1920px;\" class=\"wp-video\"><video class=\"wp-video-shortcode\" id=\"video-49873-1\" width=\"1920\" height=\"1080\" poster=\"https:\/\/toidupakk.ee\/wp-content\/uploads\/2025\/11\/Sandberg-Powerbank-USB-C-PD-130W-50000-mp3-image.jpg\" preload=\"metadata\" controls=\"controls\"><source type=\"video\/mp4\" src=\"https:\/\/toidupakk.ee\/wp-content\/uploads\/2025\/11\/Sandberg-Powerbank-USB-C-PD-130W-50000-2.mp4?_=1\" \/><a href=\"https:\/\/toidupakk.ee\/wp-content\/uploads\/2025\/11\/Sandberg-Powerbank-USB-C-PD-130W-50000-2.mp4\">https:\/\/toidupakk.ee\/wp-content\/uploads\/2025\/11\/Sandberg-Powerbank-USB-C-PD-130W-50000-2.mp4<\/a><\/video><\/div>\n<h2 data-start=\"1277\" data-end=\"1376\"><strong data-start=\"1280\" data-end=\"1376\">\u0141aduj laptopy z pe\u0142n\u0105 pr\u0119dko\u015bci\u0105 \u2013 moc wyj\u015bciowa do 100 W<\/strong><\/h2>\n<p data-start=\"1378\" data-end=\"1611\">Powerbank obs\u0142uguje \u0142adowanie USB-C PD o mocy wyj\u015bciowej do 100 W, co pozwala na \u0142adowanie urz\u0105dze\u0144 zasilanych przez USB-C z maksymaln\u0105 pr\u0119dko\u015bci\u0105.<br data-start=\"1507\" data-end=\"1510\">Dodatkowo drugi port USB-C oferuje do 30 W mocy wyj\u015bciowej, a gniazda USB-A do 18 W \u0142\u0105cznej mocy wyj\u015bciowej.<\/p>\n<h2 data-start=\"2157\" data-end=\"2249\"><strong data-start=\"2160\" data-end=\"2249\">\u0141aduj do 5 urz\u0105dze\u0144 jednocze\u015bnie \u2013 obs\u0142uga wielu urz\u0105dze\u0144<\/strong><\/h2>\n<p data-start=\"2251\" data-end=\"2441\">Powerbank posiada trzy wyj\u015bcia USB-A i dwa porty USB-C, co pozwala na jednoczesne \u0142adowanie do pi\u0119ciu urz\u0105dze\u0144.<br data-start=\"2358\" data-end=\"2361\">Daje to elastyczno\u015b\u0107 korzystania z wielu telefon\u00f3w, urz\u0105dze\u0144 lub akcesori\u00f3w naraz.<\/p>\n<p data-start=\"2251\" data-end=\"2441\"><img fetchpriority=\"high\" decoding=\"async\" class=\"alignright wp-image-42512 size-thumbnail\" src=\"https:\/\/toidupakk.ee\/wp-content\/uploads\/2025\/11\/4-5-500x500.png\" alt=\"Pot\u0119\u017cny powerbank Sandberg\u00ae 130W 50 000 mAh \u0142aduje laptopa z pe\u0142n\u0105 pr\u0119dko\u015bci\u0105, oferuje szybkie \u0142adowanie USB-C PD i pozwala na \u0142adowanie do 5 urz\u0105dze\u0144 jednocze\u015bnie.\" width=\"500\" height=\"500\" srcset=\"https:\/\/toidupakk.ee\/wp-content\/uploads\/2025\/11\/4-5-500x500.png 500w, https:\/\/toidupakk.ee\/wp-content\/uploads\/2025\/11\/4-5-300x300.png 300w, https:\/\/toidupakk.ee\/wp-content\/uploads\/2025\/11\/4-5-768x768.png 768w, https:\/\/toidupakk.ee\/wp-content\/uploads\/2025\/11\/4-5-400x400.png 400w, https:\/\/toidupakk.ee\/wp-content\/uploads\/2025\/11\/4-5-100x100.png 100w, https:\/\/toidupakk.ee\/wp-content\/uploads\/2025\/11\/4-5-50x50.png 50w, https:\/\/toidupakk.ee\/wp-content\/uploads\/2025\/11\/4-5.png 800w\" sizes=\"(max-width: 500px) 100vw, 500px\" \/><\/p>\n<h2 data-start=\"2448\" data-end=\"2544\"><strong data-start=\"2451\" data-end=\"2544\">Tryb Always-ON \u2013 obs\u0142uga urz\u0105dze\u0144 o niskim poborze mocy<\/strong><\/h2>\n<p data-start=\"2546\" data-end=\"2692\">Urz\u0105dzenie obs\u0142uguje funkcj\u0119 Always-ON Mode, kt\u00f3ra pozwala na \u0142adowanie urz\u0105dze\u0144 o bardzo niskim poborze pr\u0105du bez automatycznego wy\u0142\u0105czania si\u0119 powerbanku.<\/p>\n<h2 data-start=\"2699\" data-end=\"2784\"><strong data-start=\"2702\" data-end=\"2784\">Wbudowana lampka 2 W \u2013 dodatkowe o\u015bwietlenie<\/strong><\/h2>\n<p data-start=\"2786\" data-end=\"2947\">Powerbank Sandberg\u00ae 130W jest wyposa\u017cony w wbudowan\u0105 lampk\u0119 2 W, kt\u00f3ra zapewnia dodatkowe \u015bwiat\u0142o w ciemno\u015bci.<br data-start=\"2894\" data-end=\"2897\">Lampka pozwala o\u015bwietli\u0107 miejsce pracy, pok\u00f3j lub namiot.<\/p>\n<h2 data-start=\"2954\" data-end=\"3030\"><strong data-start=\"2957\" data-end=\"3030\">Wy\u015bwietlacz stanu na\u0142adowania \u2013 wska\u017anik powerbanku Sandberg\u00ae 130W 50 000 mAh<\/strong><\/h2>\n<p data-start=\"3032\" data-end=\"3128\">Powerbank posiada wizualny wska\u017anik stanu na\u0142adowania, kt\u00f3ry pokazuje poziom baterii oraz aktywne tryby port\u00f3w.<\/p>\n<h2 data-start=\"3278\" data-end=\"3344\"><strong data-start=\"3281\" data-end=\"3344\">Dane techniczne \u2013 Pot\u0119\u017cny powerbank Sandberg\u00ae 130W 50 000 mAh<\/strong><\/h2>\n<ul>\n<li data-start=\"3348\" data-end=\"3380\">Pojemno\u015b\u0107: 50 000 mAh \/ 185 Wh<\/li>\n<li data-start=\"3383\" data-end=\"3406\">Typ baterii: Litowo-jonowa<\/li>\n<li data-start=\"3409\" data-end=\"3462\">Wyj\u015bcia: USB-C (30 W + 100 W), USB-A (\u0142\u0105cznie 18 W)<\/li>\n<li data-start=\"3465\" data-end=\"3496\">Wej\u015bcia: USB-C (18 W + 60 W)<\/li>\n<li data-start=\"3499\" data-end=\"3524\">Wbudowana lampka: 2 W<\/li>\n<li data-start=\"3527\" data-end=\"3548\">Obs\u0142uga trybu Always-ON<\/li>\n<li data-start=\"3551\" data-end=\"3573\">Wy\u015bwietlacz stanu na\u0142adowania<\/li>\n<li data-start=\"3576\" data-end=\"3600\">Temp. \u0142adowania: 0\u201360 \u00b0C<\/li>\n<li data-start=\"3603\" data-end=\"3629\">Temp. roz\u0142adowywania: \u201310\u201360 \u00b0C<\/li>\n<\/ul>\n<p>W zestawie:<\/p>\n<ul>\n<li data-start=\"3603\" data-end=\"3629\">1 Sandberg Powerbank USB-C PD 130W 50000<\/li>\n<li><i class=\"fa fa-check\"><\/i>1 Quick guide<\/li>\n<li><i class=\"fa fa-check\"><\/i>1 USB-C to USB-C cable, max 100W, length 50 cm<\/li>\n<li><i class=\"fa fa-check\"><\/i>1 USB-A to USB-C cable, max 2A, length 50 cm<\/li>\n<\/ul>\n<p>&nbsp;<\/p>\n<p data-start=\"1710\" data-end=\"1733\">Port 1 \u2013 USB-C OUT:<\/p>\n<ul>\n<li data-start=\"1736\" data-end=\"1745\">5V\/3.0A<\/li>\n<li data-start=\"1748\" data-end=\"1757\">9V\/3.0A<\/li>\n<li data-start=\"1760\" data-end=\"1784\">12V\/2.5A<br data-start=\"1768\" data-end=\"1771\"><em data-start=\"1771\" data-end=\"1784\">(do 30 W)<\/em><\/li>\n<\/ul>\n<p data-start=\"1786\" data-end=\"1808\">Port 2 \u2013 USB-C IN:<\/p>\n<ul>\n<li data-start=\"1811\" data-end=\"1820\">5V\/2.0A<\/li>\n<li data-start=\"1823\" data-end=\"1846\">9V\/2.0A<br data-start=\"1830\" data-end=\"1833\"><em data-start=\"1833\" data-end=\"1846\">(do 18 W)<\/em><\/li>\n<\/ul>\n<p data-start=\"1848\" data-end=\"1871\">Port 3 \u2013 USB-C OUT:<\/p>\n<ul>\n<li data-start=\"1874\" data-end=\"1883\">5V\/3.0A<\/li>\n<li data-start=\"1886\" data-end=\"1895\">9V\/3.0A<\/li>\n<li data-start=\"1898\" data-end=\"1908\">12V\/3.0A<\/li>\n<li data-start=\"1911\" data-end=\"1921\">15V\/3.0A<\/li>\n<li data-start=\"1924\" data-end=\"1949\">20V\/5.0A<br data-start=\"1932\" data-end=\"1935\"><em data-start=\"1935\" data-end=\"1949\">(do 100 W)<\/em><\/li>\n<\/ul>\n<p data-start=\"1951\" data-end=\"1973\">Port 3 \u2013 USB-C IN:<\/p>\n<ul>\n<li data-start=\"1976\" data-end=\"1985\">5V\/3.0A<\/li>\n<li data-start=\"1988\" data-end=\"1997\">9V\/3.0A<\/li>\n<li data-start=\"2000\" data-end=\"2010\">12V\/3.0A<\/li>\n<li data-start=\"2013\" data-end=\"2023\">15V\/3.0A<\/li>\n<li data-start=\"2026\" data-end=\"2050\">20V\/3.0A<br data-start=\"2034\" data-end=\"2037\"><em data-start=\"2037\" data-end=\"2050\">(do 60 W)<\/em><\/li>\n<\/ul>\n<p data-start=\"2052\" data-end=\"2093\">Port 4 \/ Port 5 \/ Port 6 \u2013 USB-A OUT:<\/p>\n<ul>\n<li data-start=\"2096\" data-end=\"2150\">5V\/3.0A<br data-start=\"2103\" data-end=\"2106\"><em data-start=\"2106\" data-end=\"2150\">(\u0142\u0105cznie do 18 W, obci\u0105\u017cenie zr\u00f3wnowa\u017cone)<\/em><\/li>\n<\/ul>\n<p data-start=\"2823\" data-end=\"2862\">Zobacz <strong data-start=\"2829\" data-end=\"2850\">wszystkie powerbanki<\/strong> <a href=\"https:\/\/toidupakk.ee\/pl\/tootekategooria\/powerbanki\/\">TUTAJ<\/a><\/p>\n<p data-start=\"2864\" data-end=\"2916\">Interesuje Ci\u0119 <strong data-start=\"2879\" data-end=\"2897\">jedzenie turystyczne<\/strong>? Zobacz <a href=\"https:\/\/toidupakk.ee\/pl\/tootekategooria\/dania-glowne\/\">TUTAJ<\/a> <\/p>\n<p data-start=\"2918\" data-end=\"3008\">Znajd\u017a inspiracj\u0119 na kolejn\u0105 przygod\u0119 na <strong data-start=\"2960\" data-end=\"2986\"><a href=\"https:\/\/www.instagram.com\/toidupakk\/\">Instagramie<\/a> i <a href=\"https:\/\/www.facebook.com\/Toidupakk\/\">Facebooku<\/a> Toidupakk.<\/strong><\/p>\n","protected":false},"excerpt":{"rendered":"<p data-start=\"313\" data-end=\"648\"><strong>Sandberg\u00ae 130W 50 000 mAh to pot\u0119\u017cny powerbank oferuj\u0105cy du\u017c\u0105 pr\u0119dko\u015b\u0107, \u015bwietn\u0105 wydajno\u015b\u0107 i ogromn\u0105 pojemno\u015b\u0107. Z dala od sieci elektrycznej zapewnia optymalne \u0142adowanie ka\u017cdego urz\u0105dzenia mobilnego. Obs\u0142uguje \u0142adowanie USB-A i USB-C PD 30 W + 100 W oraz pozwala na \u0142adowanie laptop\u00f3w USB-C. Wbudowana lampka pomaga o\u015bwietli\u0107 drog\u0119 w ciemno\u015bci.   <\/strong><\/p>\n<ul>\n<li>Pozwala \u0142adowa\u0107 <strong data-start=\"763\" data-end=\"798\">laptopy USB-C z pe\u0142n\u0105 pr\u0119dko\u015bci\u0105<\/strong><\/li>\n<li data-start=\"652\" data-end=\"696\">Pojemno\u015b\u0107 powerbanku <strong data-start=\"671\" data-end=\"694\">50 000 mAh \/ 185 Wh<\/strong><\/li>\n<li data-start=\"699\" data-end=\"742\">Obs\u0142uguje <strong data-start=\"706\" data-end=\"740\">USB-A i USB-C PD 30 W + 100 W<\/strong><\/li>\n<li data-start=\"803\" data-end=\"835\">\u0141aduje <strong data-start=\"808\" data-end=\"833\">do 5 urz\u0105dze\u0144 jednocze\u015bnie<\/strong><\/li>\n<li data-start=\"838\" data-end=\"866\">Wbudowana <strong data-start=\"852\" data-end=\"864\">lampka 2 W<\/strong><\/li>\n<li data-start=\"899\" data-end=\"925\"><strong data-start=\"913\" data-end=\"923\">Wy\u015bwietlacz<\/strong> stanu na\u0142adowania<\/li>\n<li>Obs\u0142uguje <strong data-start=\"876\" data-end=\"894\">Always-ON Mode<\/strong><\/li>\n<\/ul>\n<p>\u2705 Dost\u0119pne w magazynie, szybka dostawa w 1\u20133 dni robocze<br data-start=\"1889\" data-end=\"1892\">\u2705 Kup teraz, zap\u0142a\u0107 p\u00f3\u017aniej (RRSO 0%)<\/p>\n","protected":false},"featured_media":49896,"comment_status":"open","ping_status":"closed","template":"","meta":{"_acf_changed":false},"product_brand":[],"product_cat":[303,315,360,311,301],"product_tag":[],"class_list":{"0":"post-49873","1":"product","2":"type-product","3":"status-publish","4":"has-post-thumbnail","6":"product_cat-akcesoria-turystyczne","7":"product_cat-elektronika","8":"product_cat-powerbanki","9":"product_cat-praktyczne-pomysly-na-prezent","10":"product_cat-sprzet-turystyczny","12":"first","13":"instock","14":"sale","15":"taxable","16":"shipping-taxable","17":"purchasable","18":"product-type-simple"},"bundled_by":[],"bundle_stock_status":"instock","bundle_stock_quantity":1,"bundle_virtual":false,"bundle_layout":"","bundle_add_to_cart_form_location":"","bundle_editable_in_cart":false,"bundle_sold_individually_context":"","bundle_item_grouping":"","bundle_min_size":"","bundle_max_size":"","bundle_price":[],"bundled_items":[],"bundle_sell_ids":[],"acf":[],"yoast_head":"<!-- This site is optimized with the Yoast SEO plugin v27.3 - https:\/\/yoast.com\/product\/yoast-seo-wordpress\/ -->\n<title>Pot\u0119\u017cny powerbank Sandberg\u00ae 130W 50 000 mAh<\/title>\n<meta name=\"description\" content=\"Pot\u0119\u017cny powerbank Sandberg\u00ae 130W 50 000 mAh \u0142aduje laptopa z pe\u0142n\u0105 pr\u0119dko\u015bci\u0105, oferuje szybkie \u0142adowanie USB-C PD i pozwala na \u0142adowanie do 5 urz\u0105dze\u0144 jednocze\u015bnie.\" \/>\n<meta name=\"robots\" content=\"index, follow, max-snippet:-1, max-image-preview:large, max-video-preview:-1\" \/>\n<link rel=\"canonical\" href=\"https:\/\/toidupakk.ee\/pl\/toode\/potezny-powerbank-sandberg-130w-50-000-mah\/\" \/>\n<meta property=\"og:locale\" content=\"pl_PL\" \/>\n<meta property=\"og:type\" content=\"article\" \/>\n<meta property=\"og:title\" content=\"Pot\u0119\u017cny powerbank Sandberg\u00ae 130W 50 000 mAh\" \/>\n<meta property=\"og:description\" content=\"Pot\u0119\u017cny powerbank Sandberg\u00ae 130W 50 000 mAh \u0142aduje laptopa z pe\u0142n\u0105 pr\u0119dko\u015bci\u0105, oferuje szybkie \u0142adowanie USB-C PD i pozwala na \u0142adowanie do 5 urz\u0105dze\u0144 jednocze\u015bnie.\" \/>\n<meta property=\"og:url\" content=\"https:\/\/toidupakk.ee\/pl\/toode\/potezny-powerbank-sandberg-130w-50-000-mah\/\" \/>\n<meta property=\"og:site_name\" content=\"Toidupakk.ee - Tactical Foodpack toidupakid\" \/>\n<meta property=\"article:publisher\" content=\"https:\/\/www.facebook.com\/Toidupakk\" \/>\n<meta property=\"article:modified_time\" content=\"2026-05-14T05:01:28+00:00\" \/>\n<meta property=\"og:image\" content=\"https:\/\/toidupakk.ee\/wp-content\/uploads\/2025\/11\/1-5.png\" \/>\n\t<meta property=\"og:image:width\" content=\"800\" \/>\n\t<meta property=\"og:image:height\" content=\"800\" \/>\n\t<meta property=\"og:image:type\" content=\"image\/png\" \/>\n<meta name=\"twitter:card\" content=\"summary_large_image\" \/>\n<meta name=\"twitter:label1\" content=\"Szacowany czas czytania\" \/>\n\t<meta name=\"twitter:data1\" content=\"3 minuty\" \/>\n<script type=\"application\/ld+json\" class=\"yoast-schema-graph\">{\"@context\":\"https:\\\/\\\/schema.org\",\"@graph\":[{\"@type\":\"WebPage\",\"@id\":\"https:\\\/\\\/toidupakk.ee\\\/pl\\\/toode\\\/potezny-powerbank-sandberg-130w-50-000-mah\\\/\",\"url\":\"https:\\\/\\\/toidupakk.ee\\\/pl\\\/toode\\\/potezny-powerbank-sandberg-130w-50-000-mah\\\/\",\"name\":\"Pot\u0119\u017cny powerbank Sandberg\u00ae 130W 50 000 mAh\",\"isPartOf\":{\"@id\":\"https:\\\/\\\/toidupakk.ee\\\/pl\\\/#website\"},\"primaryImageOfPage\":{\"@id\":\"https:\\\/\\\/toidupakk.ee\\\/pl\\\/toode\\\/potezny-powerbank-sandberg-130w-50-000-mah\\\/#primaryimage\"},\"image\":{\"@id\":\"https:\\\/\\\/toidupakk.ee\\\/pl\\\/toode\\\/potezny-powerbank-sandberg-130w-50-000-mah\\\/#primaryimage\"},\"thumbnailUrl\":\"https:\\\/\\\/toidupakk.ee\\\/wp-content\\\/uploads\\\/2025\\\/11\\\/1-5.png\",\"datePublished\":\"2025-11-20T08:57:44+00:00\",\"dateModified\":\"2026-05-14T05:01:28+00:00\",\"description\":\"Pot\u0119\u017cny powerbank Sandberg\u00ae 130W 50 000 mAh \u0142aduje laptopa z pe\u0142n\u0105 pr\u0119dko\u015bci\u0105, oferuje szybkie \u0142adowanie USB-C PD i pozwala na \u0142adowanie do 5 urz\u0105dze\u0144 jednocze\u015bnie.\",\"breadcrumb\":{\"@id\":\"https:\\\/\\\/toidupakk.ee\\\/pl\\\/toode\\\/potezny-powerbank-sandberg-130w-50-000-mah\\\/#breadcrumb\"},\"inLanguage\":\"pl-PL\",\"potentialAction\":[{\"@type\":\"ReadAction\",\"target\":[\"https:\\\/\\\/toidupakk.ee\\\/pl\\\/toode\\\/potezny-powerbank-sandberg-130w-50-000-mah\\\/\"]}]},{\"@type\":\"ImageObject\",\"inLanguage\":\"pl-PL\",\"@id\":\"https:\\\/\\\/toidupakk.ee\\\/pl\\\/toode\\\/potezny-powerbank-sandberg-130w-50-000-mah\\\/#primaryimage\",\"url\":\"https:\\\/\\\/toidupakk.ee\\\/wp-content\\\/uploads\\\/2025\\\/11\\\/1-5.png\",\"contentUrl\":\"https:\\\/\\\/toidupakk.ee\\\/wp-content\\\/uploads\\\/2025\\\/11\\\/1-5.png\",\"width\":800,\"height\":800},{\"@type\":\"BreadcrumbList\",\"@id\":\"https:\\\/\\\/toidupakk.ee\\\/pl\\\/toode\\\/potezny-powerbank-sandberg-130w-50-000-mah\\\/#breadcrumb\",\"itemListElement\":[{\"@type\":\"ListItem\",\"position\":1,\"name\":\"Avaleht\",\"item\":\"https:\\\/\\\/toidupakk.ee\\\/pl\\\/\"},{\"@type\":\"ListItem\",\"position\":2,\"name\":\"Sklep internetowy\",\"item\":\"https:\\\/\\\/toidupakk.ee\\\/pl\\\/sklep-internetowy\\\/\"},{\"@type\":\"ListItem\",\"position\":3,\"name\":\"Pot\u0119\u017cny powerbank Sandberg\u00ae 130W 50 000 mAh\"}]},{\"@type\":\"WebSite\",\"@id\":\"https:\\\/\\\/toidupakk.ee\\\/pl\\\/#website\",\"url\":\"https:\\\/\\\/toidupakk.ee\\\/pl\\\/\",\"name\":\"Toidupakk.ee - Tactical Foodpack toidupakid\",\"description\":\"Tactical Foodpack k\u00fclmkuivatatud toidupakid ja matkaeined\",\"publisher\":{\"@id\":\"https:\\\/\\\/toidupakk.ee\\\/pl\\\/#organization\"},\"potentialAction\":[{\"@type\":\"SearchAction\",\"target\":{\"@type\":\"EntryPoint\",\"urlTemplate\":\"https:\\\/\\\/toidupakk.ee\\\/pl\\\/?s={search_term_string}\"},\"query-input\":{\"@type\":\"PropertyValueSpecification\",\"valueRequired\":true,\"valueName\":\"search_term_string\"}}],\"inLanguage\":\"pl-PL\"},{\"@type\":\"Organization\",\"@id\":\"https:\\\/\\\/toidupakk.ee\\\/pl\\\/#organization\",\"name\":\"Tactical Foodpack matkaeined\",\"url\":\"https:\\\/\\\/toidupakk.ee\\\/pl\\\/\",\"logo\":{\"@type\":\"ImageObject\",\"inLanguage\":\"pl-PL\",\"@id\":\"https:\\\/\\\/toidupakk.ee\\\/pl\\\/#\\\/schema\\\/logo\\\/image\\\/\",\"url\":\"https:\\\/\\\/toidupakk.ee\\\/wp-content\\\/uploads\\\/2022\\\/01\\\/Toidupakk-matkapood-logo-transparent.png\",\"contentUrl\":\"https:\\\/\\\/toidupakk.ee\\\/wp-content\\\/uploads\\\/2022\\\/01\\\/Toidupakk-matkapood-logo-transparent.png\",\"width\":500,\"height\":500,\"caption\":\"Tactical Foodpack matkaeined\"},\"image\":{\"@id\":\"https:\\\/\\\/toidupakk.ee\\\/pl\\\/#\\\/schema\\\/logo\\\/image\\\/\"},\"sameAs\":[\"https:\\\/\\\/www.facebook.com\\\/Toidupakk\",\"https:\\\/\\\/www.instagram.com\\\/toidupakk\\\/\"]}]}<\/script>\n<!-- \/ Yoast SEO plugin. -->","yoast_head_json":{"title":"Pot\u0119\u017cny powerbank Sandberg\u00ae 130W 50 000 mAh","description":"Pot\u0119\u017cny powerbank Sandberg\u00ae 130W 50 000 mAh \u0142aduje laptopa z pe\u0142n\u0105 pr\u0119dko\u015bci\u0105, oferuje szybkie \u0142adowanie USB-C PD i pozwala na \u0142adowanie do 5 urz\u0105dze\u0144 jednocze\u015bnie.","robots":{"index":"index","follow":"follow","max-snippet":"max-snippet:-1","max-image-preview":"max-image-preview:large","max-video-preview":"max-video-preview:-1"},"canonical":"https:\/\/toidupakk.ee\/pl\/toode\/potezny-powerbank-sandberg-130w-50-000-mah\/","og_locale":"pl_PL","og_type":"article","og_title":"Pot\u0119\u017cny powerbank Sandberg\u00ae 130W 50 000 mAh","og_description":"Pot\u0119\u017cny powerbank Sandberg\u00ae 130W 50 000 mAh \u0142aduje laptopa z pe\u0142n\u0105 pr\u0119dko\u015bci\u0105, oferuje szybkie \u0142adowanie USB-C PD i pozwala na \u0142adowanie do 5 urz\u0105dze\u0144 jednocze\u015bnie.","og_url":"https:\/\/toidupakk.ee\/pl\/toode\/potezny-powerbank-sandberg-130w-50-000-mah\/","og_site_name":"Toidupakk.ee - Tactical Foodpack toidupakid","article_publisher":"https:\/\/www.facebook.com\/Toidupakk","article_modified_time":"2026-05-14T05:01:28+00:00","og_image":[{"width":800,"height":800,"url":"https:\/\/toidupakk.ee\/wp-content\/uploads\/2025\/11\/1-5.png","type":"image\/png"}],"twitter_card":"summary_large_image","twitter_misc":{"Szacowany czas czytania":"3 minuty"},"schema":{"@context":"https:\/\/schema.org","@graph":[{"@type":"WebPage","@id":"https:\/\/toidupakk.ee\/pl\/toode\/potezny-powerbank-sandberg-130w-50-000-mah\/","url":"https:\/\/toidupakk.ee\/pl\/toode\/potezny-powerbank-sandberg-130w-50-000-mah\/","name":"Pot\u0119\u017cny powerbank Sandberg\u00ae 130W 50 000 mAh","isPartOf":{"@id":"https:\/\/toidupakk.ee\/pl\/#website"},"primaryImageOfPage":{"@id":"https:\/\/toidupakk.ee\/pl\/toode\/potezny-powerbank-sandberg-130w-50-000-mah\/#primaryimage"},"image":{"@id":"https:\/\/toidupakk.ee\/pl\/toode\/potezny-powerbank-sandberg-130w-50-000-mah\/#primaryimage"},"thumbnailUrl":"https:\/\/toidupakk.ee\/wp-content\/uploads\/2025\/11\/1-5.png","datePublished":"2025-11-20T08:57:44+00:00","dateModified":"2026-05-14T05:01:28+00:00","description":"Pot\u0119\u017cny powerbank Sandberg\u00ae 130W 50 000 mAh \u0142aduje laptopa z pe\u0142n\u0105 pr\u0119dko\u015bci\u0105, oferuje szybkie \u0142adowanie USB-C PD i pozwala na \u0142adowanie do 5 urz\u0105dze\u0144 jednocze\u015bnie.","breadcrumb":{"@id":"https:\/\/toidupakk.ee\/pl\/toode\/potezny-powerbank-sandberg-130w-50-000-mah\/#breadcrumb"},"inLanguage":"pl-PL","potentialAction":[{"@type":"ReadAction","target":["https:\/\/toidupakk.ee\/pl\/toode\/potezny-powerbank-sandberg-130w-50-000-mah\/"]}]},{"@type":"ImageObject","inLanguage":"pl-PL","@id":"https:\/\/toidupakk.ee\/pl\/toode\/potezny-powerbank-sandberg-130w-50-000-mah\/#primaryimage","url":"https:\/\/toidupakk.ee\/wp-content\/uploads\/2025\/11\/1-5.png","contentUrl":"https:\/\/toidupakk.ee\/wp-content\/uploads\/2025\/11\/1-5.png","width":800,"height":800},{"@type":"BreadcrumbList","@id":"https:\/\/toidupakk.ee\/pl\/toode\/potezny-powerbank-sandberg-130w-50-000-mah\/#breadcrumb","itemListElement":[{"@type":"ListItem","position":1,"name":"Avaleht","item":"https:\/\/toidupakk.ee\/pl\/"},{"@type":"ListItem","position":2,"name":"Sklep internetowy","item":"https:\/\/toidupakk.ee\/pl\/sklep-internetowy\/"},{"@type":"ListItem","position":3,"name":"Pot\u0119\u017cny powerbank Sandberg\u00ae 130W 50 000 mAh"}]},{"@type":"WebSite","@id":"https:\/\/toidupakk.ee\/pl\/#website","url":"https:\/\/toidupakk.ee\/pl\/","name":"Toidupakk.ee - Tactical Foodpack toidupakid","description":"Tactical Foodpack k\u00fclmkuivatatud toidupakid ja matkaeined","publisher":{"@id":"https:\/\/toidupakk.ee\/pl\/#organization"},"potentialAction":[{"@type":"SearchAction","target":{"@type":"EntryPoint","urlTemplate":"https:\/\/toidupakk.ee\/pl\/?s={search_term_string}"},"query-input":{"@type":"PropertyValueSpecification","valueRequired":true,"valueName":"search_term_string"}}],"inLanguage":"pl-PL"},{"@type":"Organization","@id":"https:\/\/toidupakk.ee\/pl\/#organization","name":"Tactical Foodpack matkaeined","url":"https:\/\/toidupakk.ee\/pl\/","logo":{"@type":"ImageObject","inLanguage":"pl-PL","@id":"https:\/\/toidupakk.ee\/pl\/#\/schema\/logo\/image\/","url":"https:\/\/toidupakk.ee\/wp-content\/uploads\/2022\/01\/Toidupakk-matkapood-logo-transparent.png","contentUrl":"https:\/\/toidupakk.ee\/wp-content\/uploads\/2022\/01\/Toidupakk-matkapood-logo-transparent.png","width":500,"height":500,"caption":"Tactical Foodpack matkaeined"},"image":{"@id":"https:\/\/toidupakk.ee\/pl\/#\/schema\/logo\/image\/"},"sameAs":["https:\/\/www.facebook.com\/Toidupakk","https:\/\/www.instagram.com\/toidupakk\/"]}]}},"jetpack_sharing_enabled":true,"_links":{"self":[{"href":"https:\/\/toidupakk.ee\/pl\/wp-json\/wp\/v2\/product\/49873","targetHints":{"allow":["GET"]}}],"collection":[{"href":"https:\/\/toidupakk.ee\/pl\/wp-json\/wp\/v2\/product"}],"about":[{"href":"https:\/\/toidupakk.ee\/pl\/wp-json\/wp\/v2\/types\/product"}],"replies":[{"embeddable":true,"href":"https:\/\/toidupakk.ee\/pl\/wp-json\/wp\/v2\/comments?post=49873"}],"wp:featuredmedia":[{"embeddable":true,"href":"https:\/\/toidupakk.ee\/pl\/wp-json\/wp\/v2\/media\/49896"}],"wp:attachment":[{"href":"https:\/\/toidupakk.ee\/pl\/wp-json\/wp\/v2\/media?parent=49873"}],"wp:term":[{"taxonomy":"product_brand","embeddable":true,"href":"https:\/\/toidupakk.ee\/pl\/wp-json\/wp\/v2\/product_brand?post=49873"},{"taxonomy":"product_cat","embeddable":true,"href":"https:\/\/toidupakk.ee\/pl\/wp-json\/wp\/v2\/product_cat?post=49873"},{"taxonomy":"product_tag","embeddable":true,"href":"https:\/\/toidupakk.ee\/pl\/wp-json\/wp\/v2\/product_tag?post=49873"}],"curies":[{"name":"wp","href":"https:\/\/api.w.org\/{rel}","templated":true}]}}