{"id":49853,"date":"2025-11-07T12:45:58","date_gmt":"2025-11-07T10:45:58","guid":{"rendered":"https:\/\/toidupakk.ee\/toode\/presto-tajskie-curry-z-wieprzowina-zestaw-zawiera-5-szt\/"},"modified":"2026-04-04T00:00:52","modified_gmt":"2026-04-03T21:00:52","slug":"presto-tajskie-curry-z-wieprzowina-zestaw-zawiera-5-szt","status":"publish","type":"product","link":"https:\/\/toidupakk.ee\/pl\/toode\/presto-tajskie-curry-z-wieprzowina-zestaw-zawiera-5-szt\/","title":{"rendered":"PRESTO Tajskie curry z wieprzowin\u0105 (zestaw zawiera 5 szt.)"},"content":{"rendered":"<h1><img fetchpriority=\"high\" decoding=\"async\" class=\"alignright wp-image-41120 size-thumbnail\" src=\"https:\/\/toidupakk.ee\/wp-content\/uploads\/2025\/11\/9-500x500.png\" alt=\"PRESTO Tajskie curry z wieprzowin\u0105 \u2013 azjatyckie smaki i delikatna wieprzowina tworz\u0105 idealn\u0105 r\u00f3wnowag\u0119. Wygodne danie gotowe, kt\u00f3re wymaga tylko podgrzania!\" width=\"500\" height=\"500\" srcset=\"https:\/\/toidupakk.ee\/wp-content\/uploads\/2025\/11\/9-500x500.png 500w, https:\/\/toidupakk.ee\/wp-content\/uploads\/2025\/11\/9-300x300.png 300w, https:\/\/toidupakk.ee\/wp-content\/uploads\/2025\/11\/9-768x768.png 768w, https:\/\/toidupakk.ee\/wp-content\/uploads\/2025\/11\/9-400x400.png 400w, https:\/\/toidupakk.ee\/wp-content\/uploads\/2025\/11\/9-100x100.png 100w, https:\/\/toidupakk.ee\/wp-content\/uploads\/2025\/11\/9-50x50.png 50w, https:\/\/toidupakk.ee\/wp-content\/uploads\/2025\/11\/9.png 800w\" sizes=\"(max-width: 500px) 100vw, 500px\" \/>PRESTO Tajskie curry z wieprzowin\u0105 \u2013 zestaw 5 da\u0144<\/h1>\n<p><strong>Sk\u0142adniki <\/strong><br \/>\nWoda, wieprzowina (20%), nap\u00f3j kokosowy (ekstrakt z orzecha kokosowego, woda), marchew, ry\u017c, kukurydza, cebula, cukier, olej rzepakowy, koncentrat pomidorowy, czerwona pasta curry (2%) (trawa cytrynowa, czerwone chili, czosnek, galangal, sk\u00f3rka limonki kaffir), skrobia modyfikowana, zio\u0142a, przyprawy, s\u00f3l, aromaty (w tym ekstrakt dro\u017cd\u017cowy, hydrolizowane bia\u0142ko ro\u015blinne), zag\u0119stnik (guma ksantanowa), regulator kwasowo\u015bci (kwas cytrynowy).<\/p>\n<p class=\"mb-2 text-arwen-100\"><strong>Warto\u015b\u0107 od\u017cywcza w 100 g<\/strong><\/p>\n<ul>\n<li>warto\u015b\u0107 energetyczna 557 kJ \/ 133 kcal<\/li>\n<li>t\u0142uszcz 6,6 g, w tym kwasy t\u0142uszczowe nasycone 3,0 g<\/li>\n<li>w\u0119glowodany 13 g, w tym cukry 5,2 g<\/li>\n<li>bia\u0142ko 4,8 g<\/li>\n<li>s\u00f3l 1,1 g<\/li>\n<\/ul>\n<h2 class=\"text-arwen-900 mt-10 mb-6\">PRESTO Tajskie curry z wieprzowin\u0105 \u2013 spos\u00f3b przygotowania<\/h2>\n<div class=\"custom-content\">\n<p>Produkt gotowy do spo\u017cycia. <strong>3 sposoby podgrzewania<\/strong>:<\/p>\n<ol>\n<li>Otw\u00f3rz opakowanie na szeroko\u015b\u0107 2 cm i wstaw na 2 minuty do mikrofal\u00f3wki (wysoka moc).<\/li>\n<li>Przelej sos do garnka i podgrzewaj przez 5 minut, od czasu do czasu mieszaj\u0105c.<\/li>\n<li>W\u0142\u00f3\u017c zamkni\u0119te opakowanie do wrz\u0105cej wody i podgrzewaj przez 4\u20135 minut.<\/li>\n<\/ol>\n<\/div>\n<p>&nbsp;<\/p>\n<p>Interesuj\u0105 Ci\u0119 akcesoria turystyczne? Sprawd\u017a szczeg\u00f3\u0142y <a href=\"https:\/\/toidupakk.ee\/pl\/tootekategooria\/sprzet-turystyczny\/#section-3-79\">TUTAJ<\/a><\/p>\n<p>Interesuje Ci\u0119 jedzenie turystyczne? Zobacz <a href=\"https:\/\/toidupakk.ee\/pl\/tootekategooria\/dania-glowne\/\">TUTAJ<\/a><\/p>\n<p>Znajd\u017a inspiracj\u0119 na kolejne przygody na <a href=\"https:\/\/www.instagram.com\/toidupakk\/\">Instagramie<\/a> i <a href=\"https:\/\/www.facebook.com\/Toidupakk\/\">Facebooku<\/a> Toidupakk.<\/p>\n","protected":false},"excerpt":{"rendered":"<p><strong>Danie gotowe, kt\u00f3re jest szybkim i prostym rozwi\u0105zaniem na ka\u017cdy dzie\u0144 \u2013 wystarczy podgrza\u0107!<\/strong><\/p>\n<ul>\n<li><strong>W pude\u0142ku znajdziesz 5 produkt\u00f3w po 300 g<\/strong><\/li>\n<li><strong data-start=\"250\" data-end=\"281\">Pikantne i aromatyczne danie<\/strong>, kt\u00f3re przeniesie Ci\u0119 w \u015bwiat smak\u00f3w autentycznej kuchni tajskiej<\/li>\n<li><strong data-start=\"333\" data-end=\"350\">Delikatna wieprzowina<\/strong>, bogate curry i azjatyckie dodatki tworz\u0105 g\u0142\u0119boki i zr\u00f3wnowa\u017cony smak<\/li>\n<li><strong>PRESTO Tajskie curry z wieprzowin\u0105<\/strong> to pe\u0142nowarto\u015bciowy posi\u0142ek, kt\u00f3ry <strong>sprawdzi si\u0119 w ka\u017cdej chwili<\/strong>.<\/li>\n<li>Mo\u017cesz si\u0119 nim cieszy\u0107 w dowolnym momencie \u2013 na wyprawie, w biurze czy jako <strong>zwyk\u0142y posi\u0142ek w domu<\/strong>.<\/li>\n<li>Opakowanie bez aluminium <strong>nadaje si\u0119 do u\u017cytku w mikrofal\u00f3wce<\/strong><\/li>\n<li><strong>Wyprodukowano w Estonii<\/strong><\/li>\n<li><strong>Bez konserwant\u00f3w<\/strong>, odpowiednie zar\u00f3wno <strong>dla dzieci, jak i doros\u0142ych<\/strong>.<\/li>\n<li><strong>Cena obejmuje 5 szt. \/ \u0142\u0105cznie 1,5 kg jedzenia<\/strong><\/li>\n<\/ul>\n<p>\u2705 Produkt w magazynie, szybka dostawa w 1\u20133 dni robocze<\/p>\n","protected":false},"featured_media":41120,"comment_status":"open","ping_status":"closed","template":"","meta":{"_acf_changed":false},"product_brand":[],"product_cat":[356],"product_tag":[],"class_list":{"0":"post-49853","1":"product","2":"type-product","3":"status-publish","4":"has-post-thumbnail","6":"product_cat-dania-gotowe-presto","8":"first","9":"instock","10":"sale","11":"taxable","12":"shipping-taxable","13":"purchasable","14":"product-type-simple"},"bundled_by":[],"bundle_stock_status":"instock","bundle_stock_quantity":6,"bundle_virtual":false,"bundle_layout":"","bundle_add_to_cart_form_location":"","bundle_editable_in_cart":false,"bundle_sold_individually_context":"","bundle_item_grouping":"","bundle_min_size":"","bundle_max_size":"","bundle_price":[],"bundled_items":[],"bundle_sell_ids":[],"acf":[],"yoast_head":"<!-- This site is optimized with the Yoast SEO plugin v27.1.1 - https:\/\/yoast.com\/product\/yoast-seo-wordpress\/ -->\n<title>PRESTO Tajskie curry z wieprzowin\u0105 (zestaw zawiera 5 szt.)<\/title>\n<meta name=\"description\" content=\"PRESTO Tajskie curry z wieprzowin\u0105 \u2013 azjatyckie smaki i delikatna wieprzowina tworz\u0105 idealn\u0105 r\u00f3wnowag\u0119. Wygodne danie gotowe, kt\u00f3re wymaga tylko podgrzania!\" \/>\n<meta name=\"robots\" content=\"index, follow, max-snippet:-1, max-image-preview:large, max-video-preview:-1\" \/>\n<link rel=\"canonical\" href=\"https:\/\/toidupakk.ee\/pl\/toode\/presto-tajskie-curry-z-wieprzowina-zestaw-zawiera-5-szt\/\" \/>\n<meta property=\"og:locale\" content=\"pl_PL\" \/>\n<meta property=\"og:type\" content=\"article\" \/>\n<meta property=\"og:title\" content=\"PRESTO Tajskie curry z wieprzowin\u0105 (zestaw zawiera 5 szt.)\" \/>\n<meta property=\"og:description\" content=\"PRESTO Tajskie curry z wieprzowin\u0105 \u2013 azjatyckie smaki i delikatna wieprzowina tworz\u0105 idealn\u0105 r\u00f3wnowag\u0119. Wygodne danie gotowe, kt\u00f3re wymaga tylko podgrzania!\" \/>\n<meta property=\"og:url\" content=\"https:\/\/toidupakk.ee\/pl\/toode\/presto-tajskie-curry-z-wieprzowina-zestaw-zawiera-5-szt\/\" \/>\n<meta property=\"og:site_name\" content=\"Toidupakk.ee - Tactical Foodpack toidupakid\" \/>\n<meta property=\"article:publisher\" content=\"https:\/\/www.facebook.com\/Toidupakk\" \/>\n<meta property=\"article:modified_time\" content=\"2026-04-03T21:00:52+00:00\" \/>\n<meta property=\"og:image\" content=\"https:\/\/toidupakk.ee\/wp-content\/uploads\/2025\/11\/9.png\" \/>\n\t<meta property=\"og:image:width\" content=\"800\" \/>\n\t<meta property=\"og:image:height\" content=\"800\" \/>\n\t<meta property=\"og:image:type\" content=\"image\/png\" \/>\n<meta name=\"twitter:card\" content=\"summary_large_image\" \/>\n<meta name=\"twitter:label1\" content=\"Szacowany czas czytania\" \/>\n\t<meta name=\"twitter:data1\" content=\"1 minuta\" \/>\n<script type=\"application\/ld+json\" class=\"yoast-schema-graph\">{\"@context\":\"https:\/\/schema.org\",\"@graph\":[{\"@type\":\"WebPage\",\"@id\":\"https:\/\/toidupakk.ee\/pl\/toode\/presto-tajskie-curry-z-wieprzowina-zestaw-zawiera-5-szt\/\",\"url\":\"https:\/\/toidupakk.ee\/pl\/toode\/presto-tajskie-curry-z-wieprzowina-zestaw-zawiera-5-szt\/\",\"name\":\"PRESTO Tajskie curry z wieprzowin\u0105 (zestaw zawiera 5 szt.)\",\"isPartOf\":{\"@id\":\"https:\/\/toidupakk.ee\/pl\/#website\"},\"primaryImageOfPage\":{\"@id\":\"https:\/\/toidupakk.ee\/pl\/toode\/presto-tajskie-curry-z-wieprzowina-zestaw-zawiera-5-szt\/#primaryimage\"},\"image\":{\"@id\":\"https:\/\/toidupakk.ee\/pl\/toode\/presto-tajskie-curry-z-wieprzowina-zestaw-zawiera-5-szt\/#primaryimage\"},\"thumbnailUrl\":\"https:\/\/toidupakk.ee\/wp-content\/uploads\/2025\/11\/9.png\",\"datePublished\":\"2025-11-07T10:45:58+00:00\",\"dateModified\":\"2026-04-03T21:00:52+00:00\",\"description\":\"PRESTO Tajskie curry z wieprzowin\u0105 \u2013 azjatyckie smaki i delikatna wieprzowina tworz\u0105 idealn\u0105 r\u00f3wnowag\u0119. Wygodne danie gotowe, kt\u00f3re wymaga tylko podgrzania!\",\"breadcrumb\":{\"@id\":\"https:\/\/toidupakk.ee\/pl\/toode\/presto-tajskie-curry-z-wieprzowina-zestaw-zawiera-5-szt\/#breadcrumb\"},\"inLanguage\":\"pl-PL\",\"potentialAction\":[{\"@type\":\"ReadAction\",\"target\":[\"https:\/\/toidupakk.ee\/pl\/toode\/presto-tajskie-curry-z-wieprzowina-zestaw-zawiera-5-szt\/\"]}]},{\"@type\":\"ImageObject\",\"inLanguage\":\"pl-PL\",\"@id\":\"https:\/\/toidupakk.ee\/pl\/toode\/presto-tajskie-curry-z-wieprzowina-zestaw-zawiera-5-szt\/#primaryimage\",\"url\":\"https:\/\/toidupakk.ee\/wp-content\/uploads\/2025\/11\/9.png\",\"contentUrl\":\"https:\/\/toidupakk.ee\/wp-content\/uploads\/2025\/11\/9.png\",\"width\":800,\"height\":800,\"caption\":\"PRESTO Taip\u00e4rane karri komplektis\"},{\"@type\":\"BreadcrumbList\",\"@id\":\"https:\/\/toidupakk.ee\/pl\/toode\/presto-tajskie-curry-z-wieprzowina-zestaw-zawiera-5-szt\/#breadcrumb\",\"itemListElement\":[{\"@type\":\"ListItem\",\"position\":1,\"name\":\"Avaleht\",\"item\":\"https:\/\/toidupakk.ee\/pl\/\"},{\"@type\":\"ListItem\",\"position\":2,\"name\":\"Sklep internetowy\",\"item\":\"https:\/\/toidupakk.ee\/pl\/sklep-internetowy\/\"},{\"@type\":\"ListItem\",\"position\":3,\"name\":\"PRESTO Tajskie curry z wieprzowin\u0105 (zestaw zawiera 5 szt.)\"}]},{\"@type\":\"WebSite\",\"@id\":\"https:\/\/toidupakk.ee\/pl\/#website\",\"url\":\"https:\/\/toidupakk.ee\/pl\/\",\"name\":\"Toidupakk.ee - Tactical Foodpack toidupakid\",\"description\":\"Tactical Foodpack k\u00fclmkuivatatud toidupakid ja matkaeined\",\"publisher\":{\"@id\":\"https:\/\/toidupakk.ee\/pl\/#organization\"},\"potentialAction\":[{\"@type\":\"SearchAction\",\"target\":{\"@type\":\"EntryPoint\",\"urlTemplate\":\"https:\/\/toidupakk.ee\/pl\/?s={search_term_string}\"},\"query-input\":{\"@type\":\"PropertyValueSpecification\",\"valueRequired\":true,\"valueName\":\"search_term_string\"}}],\"inLanguage\":\"pl-PL\"},{\"@type\":\"Organization\",\"@id\":\"https:\/\/toidupakk.ee\/pl\/#organization\",\"name\":\"Tactical Foodpack matkaeined\",\"url\":\"https:\/\/toidupakk.ee\/pl\/\",\"logo\":{\"@type\":\"ImageObject\",\"inLanguage\":\"pl-PL\",\"@id\":\"https:\/\/toidupakk.ee\/pl\/#\/schema\/logo\/image\/\",\"url\":\"https:\/\/toidupakk.ee\/wp-content\/uploads\/2022\/01\/Toidupakk-matkapood-logo-transparent.png\",\"contentUrl\":\"https:\/\/toidupakk.ee\/wp-content\/uploads\/2022\/01\/Toidupakk-matkapood-logo-transparent.png\",\"width\":500,\"height\":500,\"caption\":\"Tactical Foodpack matkaeined\"},\"image\":{\"@id\":\"https:\/\/toidupakk.ee\/pl\/#\/schema\/logo\/image\/\"},\"sameAs\":[\"https:\/\/www.facebook.com\/Toidupakk\",\"https:\/\/www.instagram.com\/toidupakk\/\"]}]}<\/script>\n<!-- \/ Yoast SEO plugin. -->","yoast_head_json":{"title":"PRESTO Tajskie curry z wieprzowin\u0105 (zestaw zawiera 5 szt.)","description":"PRESTO Tajskie curry z wieprzowin\u0105 \u2013 azjatyckie smaki i delikatna wieprzowina tworz\u0105 idealn\u0105 r\u00f3wnowag\u0119. Wygodne danie gotowe, kt\u00f3re wymaga tylko podgrzania!","robots":{"index":"index","follow":"follow","max-snippet":"max-snippet:-1","max-image-preview":"max-image-preview:large","max-video-preview":"max-video-preview:-1"},"canonical":"https:\/\/toidupakk.ee\/pl\/toode\/presto-tajskie-curry-z-wieprzowina-zestaw-zawiera-5-szt\/","og_locale":"pl_PL","og_type":"article","og_title":"PRESTO Tajskie curry z wieprzowin\u0105 (zestaw zawiera 5 szt.)","og_description":"PRESTO Tajskie curry z wieprzowin\u0105 \u2013 azjatyckie smaki i delikatna wieprzowina tworz\u0105 idealn\u0105 r\u00f3wnowag\u0119. Wygodne danie gotowe, kt\u00f3re wymaga tylko podgrzania!","og_url":"https:\/\/toidupakk.ee\/pl\/toode\/presto-tajskie-curry-z-wieprzowina-zestaw-zawiera-5-szt\/","og_site_name":"Toidupakk.ee - Tactical Foodpack toidupakid","article_publisher":"https:\/\/www.facebook.com\/Toidupakk","article_modified_time":"2026-04-03T21:00:52+00:00","og_image":[{"width":800,"height":800,"url":"https:\/\/toidupakk.ee\/wp-content\/uploads\/2025\/11\/9.png","type":"image\/png"}],"twitter_card":"summary_large_image","twitter_misc":{"Szacowany czas czytania":"1 minuta"},"schema":{"@context":"https:\/\/schema.org","@graph":[{"@type":"WebPage","@id":"https:\/\/toidupakk.ee\/pl\/toode\/presto-tajskie-curry-z-wieprzowina-zestaw-zawiera-5-szt\/","url":"https:\/\/toidupakk.ee\/pl\/toode\/presto-tajskie-curry-z-wieprzowina-zestaw-zawiera-5-szt\/","name":"PRESTO Tajskie curry z wieprzowin\u0105 (zestaw zawiera 5 szt.)","isPartOf":{"@id":"https:\/\/toidupakk.ee\/pl\/#website"},"primaryImageOfPage":{"@id":"https:\/\/toidupakk.ee\/pl\/toode\/presto-tajskie-curry-z-wieprzowina-zestaw-zawiera-5-szt\/#primaryimage"},"image":{"@id":"https:\/\/toidupakk.ee\/pl\/toode\/presto-tajskie-curry-z-wieprzowina-zestaw-zawiera-5-szt\/#primaryimage"},"thumbnailUrl":"https:\/\/toidupakk.ee\/wp-content\/uploads\/2025\/11\/9.png","datePublished":"2025-11-07T10:45:58+00:00","dateModified":"2026-04-03T21:00:52+00:00","description":"PRESTO Tajskie curry z wieprzowin\u0105 \u2013 azjatyckie smaki i delikatna wieprzowina tworz\u0105 idealn\u0105 r\u00f3wnowag\u0119. Wygodne danie gotowe, kt\u00f3re wymaga tylko podgrzania!","breadcrumb":{"@id":"https:\/\/toidupakk.ee\/pl\/toode\/presto-tajskie-curry-z-wieprzowina-zestaw-zawiera-5-szt\/#breadcrumb"},"inLanguage":"pl-PL","potentialAction":[{"@type":"ReadAction","target":["https:\/\/toidupakk.ee\/pl\/toode\/presto-tajskie-curry-z-wieprzowina-zestaw-zawiera-5-szt\/"]}]},{"@type":"ImageObject","inLanguage":"pl-PL","@id":"https:\/\/toidupakk.ee\/pl\/toode\/presto-tajskie-curry-z-wieprzowina-zestaw-zawiera-5-szt\/#primaryimage","url":"https:\/\/toidupakk.ee\/wp-content\/uploads\/2025\/11\/9.png","contentUrl":"https:\/\/toidupakk.ee\/wp-content\/uploads\/2025\/11\/9.png","width":800,"height":800,"caption":"PRESTO Taip\u00e4rane karri komplektis"},{"@type":"BreadcrumbList","@id":"https:\/\/toidupakk.ee\/pl\/toode\/presto-tajskie-curry-z-wieprzowina-zestaw-zawiera-5-szt\/#breadcrumb","itemListElement":[{"@type":"ListItem","position":1,"name":"Avaleht","item":"https:\/\/toidupakk.ee\/pl\/"},{"@type":"ListItem","position":2,"name":"Sklep internetowy","item":"https:\/\/toidupakk.ee\/pl\/sklep-internetowy\/"},{"@type":"ListItem","position":3,"name":"PRESTO Tajskie curry z wieprzowin\u0105 (zestaw zawiera 5 szt.)"}]},{"@type":"WebSite","@id":"https:\/\/toidupakk.ee\/pl\/#website","url":"https:\/\/toidupakk.ee\/pl\/","name":"Toidupakk.ee - Tactical Foodpack toidupakid","description":"Tactical Foodpack k\u00fclmkuivatatud toidupakid ja matkaeined","publisher":{"@id":"https:\/\/toidupakk.ee\/pl\/#organization"},"potentialAction":[{"@type":"SearchAction","target":{"@type":"EntryPoint","urlTemplate":"https:\/\/toidupakk.ee\/pl\/?s={search_term_string}"},"query-input":{"@type":"PropertyValueSpecification","valueRequired":true,"valueName":"search_term_string"}}],"inLanguage":"pl-PL"},{"@type":"Organization","@id":"https:\/\/toidupakk.ee\/pl\/#organization","name":"Tactical Foodpack matkaeined","url":"https:\/\/toidupakk.ee\/pl\/","logo":{"@type":"ImageObject","inLanguage":"pl-PL","@id":"https:\/\/toidupakk.ee\/pl\/#\/schema\/logo\/image\/","url":"https:\/\/toidupakk.ee\/wp-content\/uploads\/2022\/01\/Toidupakk-matkapood-logo-transparent.png","contentUrl":"https:\/\/toidupakk.ee\/wp-content\/uploads\/2022\/01\/Toidupakk-matkapood-logo-transparent.png","width":500,"height":500,"caption":"Tactical Foodpack matkaeined"},"image":{"@id":"https:\/\/toidupakk.ee\/pl\/#\/schema\/logo\/image\/"},"sameAs":["https:\/\/www.facebook.com\/Toidupakk","https:\/\/www.instagram.com\/toidupakk\/"]}]}},"jetpack_sharing_enabled":true,"_links":{"self":[{"href":"https:\/\/toidupakk.ee\/pl\/wp-json\/wp\/v2\/product\/49853","targetHints":{"allow":["GET"]}}],"collection":[{"href":"https:\/\/toidupakk.ee\/pl\/wp-json\/wp\/v2\/product"}],"about":[{"href":"https:\/\/toidupakk.ee\/pl\/wp-json\/wp\/v2\/types\/product"}],"replies":[{"embeddable":true,"href":"https:\/\/toidupakk.ee\/pl\/wp-json\/wp\/v2\/comments?post=49853"}],"wp:featuredmedia":[{"embeddable":true,"href":"https:\/\/toidupakk.ee\/pl\/wp-json\/wp\/v2\/media\/41120"}],"wp:attachment":[{"href":"https:\/\/toidupakk.ee\/pl\/wp-json\/wp\/v2\/media?parent=49853"}],"wp:term":[{"taxonomy":"product_brand","embeddable":true,"href":"https:\/\/toidupakk.ee\/pl\/wp-json\/wp\/v2\/product_brand?post=49853"},{"taxonomy":"product_cat","embeddable":true,"href":"https:\/\/toidupakk.ee\/pl\/wp-json\/wp\/v2\/product_cat?post=49853"},{"taxonomy":"product_tag","embeddable":true,"href":"https:\/\/toidupakk.ee\/pl\/wp-json\/wp\/v2\/product_tag?post=49853"}],"curies":[{"name":"wp","href":"https:\/\/api.w.org\/{rel}","templated":true}]}}