{"id":49849,"date":"2025-11-10T09:51:41","date_gmt":"2025-11-10T07:51:41","guid":{"rendered":"https:\/\/toidupakk.ee\/toode\/radio-survivalowe-awaryjne-ad1197\/"},"modified":"2026-04-16T05:01:21","modified_gmt":"2026-04-16T02:01:21","slug":"radio-survivalowe-awaryjne-ad1197","status":"publish","type":"product","link":"https:\/\/toidupakk.ee\/pl\/toode\/radio-survivalowe-awaryjne-ad1197\/","title":{"rendered":"Radio survivalowe awaryjne AD1197"},"content":{"rendered":"<h3 data-start=\"0\" data-end=\"84\">Radio survivalowe awaryjne AD1197 \u2013 niezawodny towarzysz na ka\u017cd\u0105 sytuacj\u0119<\/h3>\n<p data-start=\"86\" data-end=\"422\"><img fetchpriority=\"high\" decoding=\"async\" class=\"alignright wp-image-40245 \" src=\"https:\/\/toidupakk.ee\/wp-content\/uploads\/2025\/10\/ad1197-51-500x500.png\" alt=\"\" width=\"428\" height=\"428\" srcset=\"https:\/\/toidupakk.ee\/wp-content\/uploads\/2025\/10\/ad1197-51-500x500.png 500w, https:\/\/toidupakk.ee\/wp-content\/uploads\/2025\/10\/ad1197-51-300x300.png 300w, https:\/\/toidupakk.ee\/wp-content\/uploads\/2025\/10\/ad1197-51-768x768.png 768w, https:\/\/toidupakk.ee\/wp-content\/uploads\/2025\/10\/ad1197-51-400x400.png 400w, https:\/\/toidupakk.ee\/wp-content\/uploads\/2025\/10\/ad1197-51-100x100.png 100w, https:\/\/toidupakk.ee\/wp-content\/uploads\/2025\/10\/ad1197-51.png 800w\" sizes=\"(max-width: 428px) 100vw, 428px\" \/>Radio survivalowe awaryjne AD1197 to wielofunkcyjne i niezawodne urz\u0105dzenie, kt\u00f3re zapewnia poczucie bezpiecze\u0144stwa w domu, na wyprawie i w nieoczekiwanych sytuacjach. To kompaktowe i wytrzyma\u0142e radio survivalowe \u0142\u0105czy w sobie radio FM\/AM, lamp\u0119 LED, powerbank oraz funkcj\u0119 alarmu SOS, aby\u015b zawsze mia\u0142 pod r\u0119k\u0105 \u015bwiat\u0142o, \u0142\u0105czno\u015b\u0107 i energi\u0119. <\/p>\n<p data-start=\"424\" data-end=\"910\">Urz\u0105dzenie stworzono z my\u015bl\u0105 o sytuacjach, w kt\u00f3rych zwyk\u0142y sprz\u0119t mo\u017ce zawie\u015b\u0107. Dzi\u0119ki trzem r\u00f3\u017cnym \u017ar\u00f3d\u0142om zasilania \u2013 wbudowanemu akumulatorowi 1200 mAh, panelowi s\u0142onecznemu i mechanizmowi korbowemu \u2013 to urz\u0105dzenie awaryjne dzia\u0142a nawet podczas przerw w dostawie pr\u0105du lub braku sieci. Panel s\u0142oneczny pozwala \u0142adowa\u0107 akumulator \u015bwiat\u0142em naturalnym, a korba zapewnia energi\u0119 nawet w ca\u0142kowitej ciemno\u015bci. To sprawia, \u017ce AD1197 jest niezast\u0105pionym towarzyszem w\u0119dr\u00f3wek, kemping\u00f3w czy przetrwania w sytuacjach kryzysowych.   <\/p>\n<p data-start=\"912\" data-end=\"1245\">AD1197 oferuje czysty i stabilny d\u017awi\u0119k w pasmach FM i AM (FM 87\u2013108 MHz, AM 522\u20131620 kHz), umo\u017cliwiaj\u0105c s\u0142uchanie wiadomo\u015bci, komunikat\u00f3w urz\u0119dowych lub po prostu muzyki. W nag\u0142ych wypadkach funkcja alarmu SOS pozwala powiadomi\u0107 osoby w pobli\u017cu lub ratownik\u00f3w \u2013 aktywuj\u0105c zar\u00f3wno g\u0142o\u015bny sygna\u0142 d\u017awi\u0119kowy, jak i migaj\u0105ce \u015bwiat\u0142o. <\/p>\n<p data-start=\"1247\" data-end=\"1610\">Wbudowana latarka LED jest wyposa\u017cona w diody, kt\u00f3re mog\u0105 o\u015bwietla\u0107 otoczenie nawet przez 10 godzin bez przerwy. Dzi\u0119ki temu urz\u0105dzenie idealnie nadaje si\u0119 do poruszania si\u0119 w nocy, na kemping lub jako \u017ar\u00f3d\u0142o \u015bwiat\u0142a podczas awarii pr\u0105du. Wska\u017anik poziomu na\u0142adowania (25%, 50%, 70%, 100%) daje dok\u0142adny podgl\u0105d zapas\u00f3w energii, dzi\u0119ki czemu zawsze wiesz, kiedy urz\u0105dzenie wymaga \u0142adowania.  <\/p>\n<p data-start=\"1612\" data-end=\"1938\">Dodatkowo AD1197 wyposa\u017cono w wyj\u015bcie USB, kt\u00f3re pozwala \u0142adowa\u0107 smartfony, tablety i inne mniejsze urz\u0105dzenia \u2013 co oznacza, \u017ce mo\u017cesz utrzyma\u0107 \u0142\u0105czno\u015b\u0107 nawet w \u015brodku natury. Dzi\u0119ki kompaktowym wymiarom (15,5 \u00d7 8 \u00d7 5 cm) i niskiej wadze urz\u0105dzenie z \u0142atwo\u015bci\u0105 zmie\u015bci si\u0119 w plecaku, schowku samochodowym lub apteczce. <\/p>\n<h5 data-start=\"1945\" data-end=\"1969\">Dane techniczne<\/h5>\n<ul>\n<li data-start=\"1972\" data-end=\"2024\"><strong data-start=\"1972\" data-end=\"1983\">Radio:<\/strong> FM\/AM \u2013 FM 87\u2013108 MHz, AM 522\u20131620 kHz<\/li>\n<li data-start=\"2027\" data-end=\"2074\"><strong data-start=\"2027\" data-end=\"2040\">Pojemno\u015b\u0107 akumulatora:<\/strong> 1200 mAh<\/li>\n<li data-start=\"2077\" data-end=\"2129\"><strong data-start=\"2077\" data-end=\"2091\">Lampa LED:<\/strong> jasna dioda LED, czas pracy do 10 godzin<\/li>\n<li data-start=\"2132\" data-end=\"2207\"><strong data-start=\"2132\" data-end=\"2149\">\u0179r\u00f3d\u0142a zasilania:<\/strong> wbudowany akumulator, panel s\u0142oneczny, korba r\u0119czna<\/li>\n<li data-start=\"2210\" data-end=\"2270\"><strong data-start=\"2210\" data-end=\"2233\">Opcje \u0142adowania:<\/strong> wyj\u015bcie USB (funkcja Powerbank)<\/li>\n<li data-start=\"2273\" data-end=\"2320\"><strong data-start=\"2273\" data-end=\"2298\">Wska\u017anik poziomu baterii:<\/strong> 25%, 50%, 70%, 100%<\/li>\n<li data-start=\"2323\" data-end=\"2365\"><strong data-start=\"2323\" data-end=\"2342\">Funkcja SOS:<\/strong> alarm \u015bwietlny i d\u017awi\u0119kowy<\/li>\n<li data-start=\"2368\" data-end=\"2408\"><strong data-start=\"2368\" data-end=\"2384\">Wyj\u015bcie audio:<\/strong> gniazdo s\u0142uchawkowe 3,5 mm<\/li>\n<li data-start=\"2411\" data-end=\"2440\"><strong data-start=\"2411\" data-end=\"2422\">Wymiary:<\/strong> 15,5 \u00d7 8 \u00d7 5 cm<\/li>\n<\/ul>\n<p data-start=\"2447\" data-end=\"2783\" data-is-last-node=\"\" data-is-only-node=\"\">Radio survivalowe awaryjne AD1197 \u0142\u0105czy w sobie wszystko, co wa\u017cne \u2013 \u015bwiat\u0142o, d\u017awi\u0119k, energi\u0119 i poczucie bezpiecze\u0144stwa. To praktyczne i trwa\u0142e rozwi\u0105zanie, kt\u00f3re pomo\u017ce Ci poradzi\u0107 sobie zar\u00f3wno w terenie, jak i w sytuacjach kryzysowych. Niezale\u017cnie od tego, czy chodzi o awari\u0119 pr\u0105du, wypraw\u0119 czy awari\u0119 auta \u2013 AD1197 gwarantuje, \u017ce nigdy nie zostaniesz w ciemno\u015bci ani bez \u0142\u0105czno\u015bci.  <\/p>\n<p>Znajd\u017a inspiracj\u0119 na kolejne przygody na profilu Toidupakk na  <a href=\"https:\/\/www.instagram.com\/toidupakk\/\">Instagramie<\/a>  i  <a href=\"https:\/\/www.facebook.com\/Toidupakk\/\">Facebooku<\/a>.<\/p>\n<p>Zobacz akcesoria turystyczne <a href=\"https:\/\/toidupakk.ee\/pl\/tootekategooria\/sprzet-turystyczny\/#section-3-79\">TUTAJ<\/a>.<\/p>\n","protected":false},"excerpt":{"rendered":"<p data-start=\"86\" data-end=\"211\"><strong>Zastanawia\u0142e\u015b si\u0119, co si\u0119 stanie, gdy zabraknie pr\u0105du lub \u0142\u0105czno\u015b\u0107 zostanie przerwana? Jak b\u0119dziesz na bie\u017c\u0105co, gdy inne \u017ar\u00f3d\u0142a informacji zamilkn\u0105? <\/strong><\/p>\n<p data-start=\"213\" data-end=\"439\"><strong>Wielofunkcyjne radio, latarka i powerbank w jednym. Dzia\u0142a dzi\u0119ki wbudowanemu akumulatorowi, panelowi s\u0142onecznemu oraz korbie \u2013 dzi\u0119ki temu urz\u0105dzenie pozostaje sprawne nawet podczas awarii zasilania. <\/strong><\/p>\n<p data-start=\"441\" data-end=\"675\"><strong>S\u0142uchaj radia FM\/AM, \u0142aduj telefon przez USB lub korzystaj z lampy LED. W nag\u0142ych wypadkach mo\u017cesz aktywowa\u0107 alarm SOS, kt\u00f3ry wysy\u0142a sygna\u0142 d\u017awi\u0119kowy i \u015bwietlny. Idealne do domowego zestawu kryzysowego.  <\/strong><\/p>\n<ul>\n<li data-start=\"679\" data-end=\"717\">Akumulator: 1200 mAh (do 8 godzin pracy)<\/li>\n<li data-start=\"720\" data-end=\"767\">Radio FM\/AM: FM 87\u2013108 MHz \/ AM 522\u20131620 kHz<\/li>\n<li data-start=\"770\" data-end=\"813\">Sposoby zasilania: akumulator, panel s\u0142oneczny, korba<\/li>\n<li data-start=\"816\" data-end=\"857\">Lampa LED (do 10 godzin)<\/li>\n<li data-start=\"860\" data-end=\"894\">Wyj\u015bcie USB do \u0142adowania urz\u0105dze\u0144<\/li>\n<li data-start=\"897\" data-end=\"922\">Wymiary: 15,5 \u00d7 8 \u00d7 5 cm<\/li>\n<\/ul>\n<p data-start=\"924\" data-end=\"1008\">\u2705 <strong>Obecnie przyjmujemy zam\u00f3wienia przedpremierowe, nowa partia trafi do magazynu w marcu<\/strong><br data-start=\"965\" data-end=\"968\">\u2705 Kup teraz, zap\u0142a\u0107 p\u00f3\u017aniej (RRSO 0%)<\/p>\n","protected":false},"featured_media":49862,"comment_status":"open","ping_status":"closed","template":"","meta":{"_acf_changed":false},"product_brand":[],"product_cat":[303,315,359,301,316],"product_tag":[],"class_list":{"0":"post-49849","1":"product","2":"type-product","3":"status-publish","4":"has-post-thumbnail","6":"product_cat-akcesoria-turystyczne","7":"product_cat-elektronika","8":"product_cat-radia","9":"product_cat-sprzet-turystyczny","10":"product_cat-urzadzenia-z-panelem-slonecznym","12":"first","13":"instock","14":"sale","15":"taxable","16":"shipping-taxable","17":"purchasable","18":"product-type-simple"},"bundled_by":[],"bundle_stock_status":"instock","bundle_stock_quantity":2,"bundle_virtual":false,"bundle_layout":"","bundle_add_to_cart_form_location":"","bundle_editable_in_cart":false,"bundle_sold_individually_context":"","bundle_item_grouping":"","bundle_min_size":"","bundle_max_size":"","bundle_price":[],"bundled_items":[],"bundle_sell_ids":[],"acf":[],"yoast_head":"<!-- This site is optimized with the Yoast SEO plugin v27.3 - https:\/\/yoast.com\/product\/yoast-seo-wordpress\/ -->\n<title>Radio survivalowe awaryjne AD1197<\/title>\n<meta name=\"description\" content=\"Radio survivalowe awaryjne AD1197 \u2013 niezawodne radio, latarka i powerbank w jednym. Akumulator, panel s\u0142oneczny lub korba. Idealne w sytuacjach kryzysowych.\" \/>\n<meta name=\"robots\" content=\"index, follow, max-snippet:-1, max-image-preview:large, max-video-preview:-1\" \/>\n<link rel=\"canonical\" href=\"https:\/\/toidupakk.ee\/pl\/toode\/radio-survivalowe-awaryjne-ad1197\/\" \/>\n<meta property=\"og:locale\" content=\"pl_PL\" \/>\n<meta property=\"og:type\" content=\"article\" \/>\n<meta property=\"og:title\" content=\"Radio survivalowe awaryjne AD1197\" \/>\n<meta property=\"og:description\" content=\"Radio survivalowe awaryjne AD1197 \u2013 niezawodne radio, latarka i powerbank w jednym. Akumulator, panel s\u0142oneczny lub korba. Idealne w sytuacjach kryzysowych.\" \/>\n<meta property=\"og:url\" content=\"https:\/\/toidupakk.ee\/pl\/toode\/radio-survivalowe-awaryjne-ad1197\/\" \/>\n<meta property=\"og:site_name\" content=\"Toidupakk.ee - Tactical Foodpack toidupakid\" \/>\n<meta property=\"article:publisher\" content=\"https:\/\/www.facebook.com\/Toidupakk\" \/>\n<meta property=\"article:modified_time\" content=\"2026-04-16T02:01:21+00:00\" \/>\n<meta property=\"og:image\" content=\"https:\/\/toidupakk.ee\/wp-content\/uploads\/2025\/10\/ad1197.png\" \/>\n\t<meta property=\"og:image:width\" content=\"800\" \/>\n\t<meta property=\"og:image:height\" content=\"800\" \/>\n\t<meta property=\"og:image:type\" content=\"image\/png\" \/>\n<meta name=\"twitter:card\" content=\"summary_large_image\" \/>\n<meta name=\"twitter:label1\" content=\"Szacowany czas czytania\" \/>\n\t<meta name=\"twitter:data1\" content=\"2 minuty\" \/>\n<script type=\"application\/ld+json\" class=\"yoast-schema-graph\">{\"@context\":\"https:\\\/\\\/schema.org\",\"@graph\":[{\"@type\":\"WebPage\",\"@id\":\"https:\\\/\\\/toidupakk.ee\\\/pl\\\/toode\\\/radio-survivalowe-awaryjne-ad1197\\\/\",\"url\":\"https:\\\/\\\/toidupakk.ee\\\/pl\\\/toode\\\/radio-survivalowe-awaryjne-ad1197\\\/\",\"name\":\"Radio survivalowe awaryjne AD1197\",\"isPartOf\":{\"@id\":\"https:\\\/\\\/toidupakk.ee\\\/pl\\\/#website\"},\"primaryImageOfPage\":{\"@id\":\"https:\\\/\\\/toidupakk.ee\\\/pl\\\/toode\\\/radio-survivalowe-awaryjne-ad1197\\\/#primaryimage\"},\"image\":{\"@id\":\"https:\\\/\\\/toidupakk.ee\\\/pl\\\/toode\\\/radio-survivalowe-awaryjne-ad1197\\\/#primaryimage\"},\"thumbnailUrl\":\"https:\\\/\\\/toidupakk.ee\\\/wp-content\\\/uploads\\\/2025\\\/10\\\/ad1197.png\",\"datePublished\":\"2025-11-10T07:51:41+00:00\",\"dateModified\":\"2026-04-16T02:01:21+00:00\",\"description\":\"Radio survivalowe awaryjne AD1197 \u2013 niezawodne radio, latarka i powerbank w jednym. Akumulator, panel s\u0142oneczny lub korba. Idealne w sytuacjach kryzysowych.\",\"breadcrumb\":{\"@id\":\"https:\\\/\\\/toidupakk.ee\\\/pl\\\/toode\\\/radio-survivalowe-awaryjne-ad1197\\\/#breadcrumb\"},\"inLanguage\":\"pl-PL\",\"potentialAction\":[{\"@type\":\"ReadAction\",\"target\":[\"https:\\\/\\\/toidupakk.ee\\\/pl\\\/toode\\\/radio-survivalowe-awaryjne-ad1197\\\/\"]}]},{\"@type\":\"ImageObject\",\"inLanguage\":\"pl-PL\",\"@id\":\"https:\\\/\\\/toidupakk.ee\\\/pl\\\/toode\\\/radio-survivalowe-awaryjne-ad1197\\\/#primaryimage\",\"url\":\"https:\\\/\\\/toidupakk.ee\\\/wp-content\\\/uploads\\\/2025\\\/10\\\/ad1197.png\",\"contentUrl\":\"https:\\\/\\\/toidupakk.ee\\\/wp-content\\\/uploads\\\/2025\\\/10\\\/ad1197.png\",\"width\":800,\"height\":800,\"caption\":\"urz\u0105dzenie awaryjne ad1197\"},{\"@type\":\"BreadcrumbList\",\"@id\":\"https:\\\/\\\/toidupakk.ee\\\/pl\\\/toode\\\/radio-survivalowe-awaryjne-ad1197\\\/#breadcrumb\",\"itemListElement\":[{\"@type\":\"ListItem\",\"position\":1,\"name\":\"Avaleht\",\"item\":\"https:\\\/\\\/toidupakk.ee\\\/pl\\\/\"},{\"@type\":\"ListItem\",\"position\":2,\"name\":\"Sklep internetowy\",\"item\":\"https:\\\/\\\/toidupakk.ee\\\/pl\\\/sklep-internetowy\\\/\"},{\"@type\":\"ListItem\",\"position\":3,\"name\":\"Radio survivalowe awaryjne AD1197\"}]},{\"@type\":\"WebSite\",\"@id\":\"https:\\\/\\\/toidupakk.ee\\\/pl\\\/#website\",\"url\":\"https:\\\/\\\/toidupakk.ee\\\/pl\\\/\",\"name\":\"Toidupakk.ee - Tactical Foodpack toidupakid\",\"description\":\"Tactical Foodpack k\u00fclmkuivatatud toidupakid ja matkaeined\",\"publisher\":{\"@id\":\"https:\\\/\\\/toidupakk.ee\\\/pl\\\/#organization\"},\"potentialAction\":[{\"@type\":\"SearchAction\",\"target\":{\"@type\":\"EntryPoint\",\"urlTemplate\":\"https:\\\/\\\/toidupakk.ee\\\/pl\\\/?s={search_term_string}\"},\"query-input\":{\"@type\":\"PropertyValueSpecification\",\"valueRequired\":true,\"valueName\":\"search_term_string\"}}],\"inLanguage\":\"pl-PL\"},{\"@type\":\"Organization\",\"@id\":\"https:\\\/\\\/toidupakk.ee\\\/pl\\\/#organization\",\"name\":\"Tactical Foodpack matkaeined\",\"url\":\"https:\\\/\\\/toidupakk.ee\\\/pl\\\/\",\"logo\":{\"@type\":\"ImageObject\",\"inLanguage\":\"pl-PL\",\"@id\":\"https:\\\/\\\/toidupakk.ee\\\/pl\\\/#\\\/schema\\\/logo\\\/image\\\/\",\"url\":\"https:\\\/\\\/toidupakk.ee\\\/wp-content\\\/uploads\\\/2022\\\/01\\\/Toidupakk-matkapood-logo-transparent.png\",\"contentUrl\":\"https:\\\/\\\/toidupakk.ee\\\/wp-content\\\/uploads\\\/2022\\\/01\\\/Toidupakk-matkapood-logo-transparent.png\",\"width\":500,\"height\":500,\"caption\":\"Tactical Foodpack matkaeined\"},\"image\":{\"@id\":\"https:\\\/\\\/toidupakk.ee\\\/pl\\\/#\\\/schema\\\/logo\\\/image\\\/\"},\"sameAs\":[\"https:\\\/\\\/www.facebook.com\\\/Toidupakk\",\"https:\\\/\\\/www.instagram.com\\\/toidupakk\\\/\"]}]}<\/script>\n<!-- \/ Yoast SEO plugin. -->","yoast_head_json":{"title":"Radio survivalowe awaryjne AD1197","description":"Radio survivalowe awaryjne AD1197 \u2013 niezawodne radio, latarka i powerbank w jednym. Akumulator, panel s\u0142oneczny lub korba. Idealne w sytuacjach kryzysowych.","robots":{"index":"index","follow":"follow","max-snippet":"max-snippet:-1","max-image-preview":"max-image-preview:large","max-video-preview":"max-video-preview:-1"},"canonical":"https:\/\/toidupakk.ee\/pl\/toode\/radio-survivalowe-awaryjne-ad1197\/","og_locale":"pl_PL","og_type":"article","og_title":"Radio survivalowe awaryjne AD1197","og_description":"Radio survivalowe awaryjne AD1197 \u2013 niezawodne radio, latarka i powerbank w jednym. Akumulator, panel s\u0142oneczny lub korba. Idealne w sytuacjach kryzysowych.","og_url":"https:\/\/toidupakk.ee\/pl\/toode\/radio-survivalowe-awaryjne-ad1197\/","og_site_name":"Toidupakk.ee - Tactical Foodpack toidupakid","article_publisher":"https:\/\/www.facebook.com\/Toidupakk","article_modified_time":"2026-04-16T02:01:21+00:00","og_image":[{"width":800,"height":800,"url":"https:\/\/toidupakk.ee\/wp-content\/uploads\/2025\/10\/ad1197.png","type":"image\/png"}],"twitter_card":"summary_large_image","twitter_misc":{"Szacowany czas czytania":"2 minuty"},"schema":{"@context":"https:\/\/schema.org","@graph":[{"@type":"WebPage","@id":"https:\/\/toidupakk.ee\/pl\/toode\/radio-survivalowe-awaryjne-ad1197\/","url":"https:\/\/toidupakk.ee\/pl\/toode\/radio-survivalowe-awaryjne-ad1197\/","name":"Radio survivalowe awaryjne AD1197","isPartOf":{"@id":"https:\/\/toidupakk.ee\/pl\/#website"},"primaryImageOfPage":{"@id":"https:\/\/toidupakk.ee\/pl\/toode\/radio-survivalowe-awaryjne-ad1197\/#primaryimage"},"image":{"@id":"https:\/\/toidupakk.ee\/pl\/toode\/radio-survivalowe-awaryjne-ad1197\/#primaryimage"},"thumbnailUrl":"https:\/\/toidupakk.ee\/wp-content\/uploads\/2025\/10\/ad1197.png","datePublished":"2025-11-10T07:51:41+00:00","dateModified":"2026-04-16T02:01:21+00:00","description":"Radio survivalowe awaryjne AD1197 \u2013 niezawodne radio, latarka i powerbank w jednym. Akumulator, panel s\u0142oneczny lub korba. Idealne w sytuacjach kryzysowych.","breadcrumb":{"@id":"https:\/\/toidupakk.ee\/pl\/toode\/radio-survivalowe-awaryjne-ad1197\/#breadcrumb"},"inLanguage":"pl-PL","potentialAction":[{"@type":"ReadAction","target":["https:\/\/toidupakk.ee\/pl\/toode\/radio-survivalowe-awaryjne-ad1197\/"]}]},{"@type":"ImageObject","inLanguage":"pl-PL","@id":"https:\/\/toidupakk.ee\/pl\/toode\/radio-survivalowe-awaryjne-ad1197\/#primaryimage","url":"https:\/\/toidupakk.ee\/wp-content\/uploads\/2025\/10\/ad1197.png","contentUrl":"https:\/\/toidupakk.ee\/wp-content\/uploads\/2025\/10\/ad1197.png","width":800,"height":800,"caption":"urz\u0105dzenie awaryjne ad1197"},{"@type":"BreadcrumbList","@id":"https:\/\/toidupakk.ee\/pl\/toode\/radio-survivalowe-awaryjne-ad1197\/#breadcrumb","itemListElement":[{"@type":"ListItem","position":1,"name":"Avaleht","item":"https:\/\/toidupakk.ee\/pl\/"},{"@type":"ListItem","position":2,"name":"Sklep internetowy","item":"https:\/\/toidupakk.ee\/pl\/sklep-internetowy\/"},{"@type":"ListItem","position":3,"name":"Radio survivalowe awaryjne AD1197"}]},{"@type":"WebSite","@id":"https:\/\/toidupakk.ee\/pl\/#website","url":"https:\/\/toidupakk.ee\/pl\/","name":"Toidupakk.ee - Tactical Foodpack toidupakid","description":"Tactical Foodpack k\u00fclmkuivatatud toidupakid ja matkaeined","publisher":{"@id":"https:\/\/toidupakk.ee\/pl\/#organization"},"potentialAction":[{"@type":"SearchAction","target":{"@type":"EntryPoint","urlTemplate":"https:\/\/toidupakk.ee\/pl\/?s={search_term_string}"},"query-input":{"@type":"PropertyValueSpecification","valueRequired":true,"valueName":"search_term_string"}}],"inLanguage":"pl-PL"},{"@type":"Organization","@id":"https:\/\/toidupakk.ee\/pl\/#organization","name":"Tactical Foodpack matkaeined","url":"https:\/\/toidupakk.ee\/pl\/","logo":{"@type":"ImageObject","inLanguage":"pl-PL","@id":"https:\/\/toidupakk.ee\/pl\/#\/schema\/logo\/image\/","url":"https:\/\/toidupakk.ee\/wp-content\/uploads\/2022\/01\/Toidupakk-matkapood-logo-transparent.png","contentUrl":"https:\/\/toidupakk.ee\/wp-content\/uploads\/2022\/01\/Toidupakk-matkapood-logo-transparent.png","width":500,"height":500,"caption":"Tactical Foodpack matkaeined"},"image":{"@id":"https:\/\/toidupakk.ee\/pl\/#\/schema\/logo\/image\/"},"sameAs":["https:\/\/www.facebook.com\/Toidupakk","https:\/\/www.instagram.com\/toidupakk\/"]}]}},"jetpack_sharing_enabled":true,"_links":{"self":[{"href":"https:\/\/toidupakk.ee\/pl\/wp-json\/wp\/v2\/product\/49849","targetHints":{"allow":["GET"]}}],"collection":[{"href":"https:\/\/toidupakk.ee\/pl\/wp-json\/wp\/v2\/product"}],"about":[{"href":"https:\/\/toidupakk.ee\/pl\/wp-json\/wp\/v2\/types\/product"}],"replies":[{"embeddable":true,"href":"https:\/\/toidupakk.ee\/pl\/wp-json\/wp\/v2\/comments?post=49849"}],"wp:featuredmedia":[{"embeddable":true,"href":"https:\/\/toidupakk.ee\/pl\/wp-json\/wp\/v2\/media\/49862"}],"wp:attachment":[{"href":"https:\/\/toidupakk.ee\/pl\/wp-json\/wp\/v2\/media?parent=49849"}],"wp:term":[{"taxonomy":"product_brand","embeddable":true,"href":"https:\/\/toidupakk.ee\/pl\/wp-json\/wp\/v2\/product_brand?post=49849"},{"taxonomy":"product_cat","embeddable":true,"href":"https:\/\/toidupakk.ee\/pl\/wp-json\/wp\/v2\/product_cat?post=49849"},{"taxonomy":"product_tag","embeddable":true,"href":"https:\/\/toidupakk.ee\/pl\/wp-json\/wp\/v2\/product_tag?post=49849"}],"curies":[{"name":"wp","href":"https:\/\/api.w.org\/{rel}","templated":true}]}}