{"id":49835,"date":"2025-11-07T13:37:22","date_gmt":"2025-11-07T11:37:22","guid":{"rendered":"https:\/\/toidupakk.ee\/toode\/presto-makaron-z-wolowina-w-sosie-pomidorowym-zestaw-5-szt\/"},"modified":"2026-04-04T00:00:57","modified_gmt":"2026-04-03T21:00:57","slug":"presto-makaron-z-wolowina-w-sosie-pomidorowym-zestaw-5-szt","status":"publish","type":"product","link":"https:\/\/toidupakk.ee\/pl\/toode\/presto-makaron-z-wolowina-w-sosie-pomidorowym-zestaw-5-szt\/","title":{"rendered":"PRESTO Makaron z wo\u0142owin\u0105 w sosie pomidorowym (zestaw 5 szt.)"},"content":{"rendered":"<h1><img fetchpriority=\"high\" decoding=\"async\" class=\"alignright wp-image-41122 size-thumbnail\" src=\"https:\/\/toidupakk.ee\/wp-content\/uploads\/2025\/11\/11-500x500.png\" alt=\"Presto makaron z wo\u0142owin\u0105 w sosie pomidorowym w zestawie\" width=\"500\" height=\"500\" srcset=\"https:\/\/toidupakk.ee\/wp-content\/uploads\/2025\/11\/11-500x500.png 500w, https:\/\/toidupakk.ee\/wp-content\/uploads\/2025\/11\/11-300x300.png 300w, https:\/\/toidupakk.ee\/wp-content\/uploads\/2025\/11\/11-768x768.png 768w, https:\/\/toidupakk.ee\/wp-content\/uploads\/2025\/11\/11-400x400.png 400w, https:\/\/toidupakk.ee\/wp-content\/uploads\/2025\/11\/11-100x100.png 100w, https:\/\/toidupakk.ee\/wp-content\/uploads\/2025\/11\/11-50x50.png 50w, https:\/\/toidupakk.ee\/wp-content\/uploads\/2025\/11\/11.png 800w\" sizes=\"(max-width: 500px) 100vw, 500px\" \/>PRESTO Makaron z wo\u0142owin\u0105 w sosie pomidorowym \u2013 zestaw 5 da\u0144<\/h1>\n<p><strong>Sk\u0142adniki <\/strong><br \/>\nWoda, wo\u0142owina (15%), pomidory (15%), marchew, fasolka szparagowa, makaron (6%) (m\u0105ka z <b>pszenicy durum<\/b>, bia\u0142ko <b>jaja<\/b>), cebula, kukurydza cukrowa, koncentrat pomidorowy (4%), olej rzepakowy, skrobia modyfikowana, cukier, s\u00f3l, zio\u0142a i przyprawy, substancja zag\u0119szczaj\u0105ca: guma ksantanowa.<\/p>\n<p class=\"mb-2 text-arwen-100\"><strong>Warto\u015b\u0107 od\u017cywcza w 100 g<\/strong><\/p>\n<ul>\n<li>warto\u015b\u0107 energetyczna 425 kJ \/ 101 kcal<\/li>\n<li>t\u0142uszcze 4,5 g, w tym kwasy t\u0142uszczowe nasycone 2,0 g<\/li>\n<li>w\u0119glowodany 11 g, w tym cukry 3,2 g<\/li>\n<li>bia\u0142ko 4,2 g<\/li>\n<li>s\u00f3l 1,15 g<\/li>\n<\/ul>\n<h2 class=\"text-arwen-900 mt-10 mb-6\">Instrukcja spo\u017cycia PRESTO Makaronu z wo\u0142owin\u0105 w sosie pomidorowym<\/h2>\n<div class=\"custom-content\">\n<p>Produkt gotowy do spo\u017cycia. <strong>3 sposoby podgrzewania<\/strong>:<\/p>\n<ol>\n<li>Otw\u00f3rz opakowanie na szeroko\u015b\u0107 2 cm i wstaw na 2 minuty do kuchenki mikrofalowej na wysok\u0105 moc.<\/li>\n<li>Przelej sos do garnka i podgrzewaj przez 5 minut, od czasu do czasu mieszaj\u0105c.<\/li>\n<li>Umie\u015b\u0107 nieotwarte opakowanie w ca\u0142o\u015bci we wrz\u0105cej wodzie i podgrzewaj przez 4\u20135 minut.<\/li>\n<\/ol>\n<\/div>\n<p>&nbsp;<\/p>\n<p>Interesuj\u0105 Ci\u0119 akcesoria turystyczne? Sprawd\u017a szczeg\u00f3\u0142y <a href=\"https:\/\/toidupakk.ee\/pl\/tootekategooria\/sprzet-turystyczny\/#section-3-79\">TUTAJ<\/a><\/p>\n<p>Szukasz raczej \u017cywno\u015bci turystycznej? Zobacz <a href=\"https:\/\/toidupakk.ee\/pl\/tootekategooria\/dania-glowne\/\">TUTAJ<\/a><\/p>\n<p>Znajd\u017a inspiracj\u0119 na kolejne przygody na <a href=\"https:\/\/www.instagram.com\/toidupakk\/\">Instagramie<\/a> i <a href=\"https:\/\/www.facebook.com\/Toidupakk\/\">Facebooku<\/a> Toidupakk.<\/p>\n","protected":false},"excerpt":{"rendered":"<p><strong>Danie typu convenience, kt\u00f3re oferuje szybkie i proste rozwi\u0105zanie na ka\u017cdy dzie\u0144 \u2013 wystarczy tylko podgrza\u0107!<\/strong><\/p>\n<ul>\n<li><strong>W pude\u0142ku znajdziesz 5 produkt\u00f3w po 300 g<\/strong><\/li>\n<li><strong data-start=\"226\" data-end=\"258\">Kremowe i po\u017cywne danie makaronowe<\/strong>, kt\u00f3re zapewnia bogaty smak i syci<\/li>\n<li>Mo\u017cesz si\u0119 nim cieszy\u0107 w dowolnym momencie \u2013 na wyprawie, w biurze lub jako <strong>zwyk\u0142y posi\u0142ek w domu<\/strong>.<\/li>\n<li>Opakowanie bez aluminium <strong>nadaje si\u0119 r\u00f3wnie\u017c do u\u017cytku w kuchence mikrofalowej<\/strong><\/li>\n<li><strong>Wyprodukowano w Estonii<\/strong><\/li>\n<li><strong>Bez konserwant\u00f3w<\/strong>, odpowiednie zar\u00f3wno dla <strong>dzieci, jak i doros\u0142ych<\/strong>.<\/li>\n<li><strong>Cena obejmuje 5 szt. \/ \u0142\u0105cznie 1,5 kg jedzenia<\/strong><\/li>\n<\/ul>\n<p>\u2705 Dost\u0119pne w magazynie, szybka dostawa w 1\u20133 dni robocze<\/p>\n","protected":false},"featured_media":41122,"comment_status":"open","ping_status":"closed","template":"","meta":{"_acf_changed":false},"product_brand":[],"product_cat":[356],"product_tag":[],"class_list":{"0":"post-49835","1":"product","2":"type-product","3":"status-publish","4":"has-post-thumbnail","6":"product_cat-dania-gotowe-presto","8":"first","9":"instock","10":"sale","11":"taxable","12":"shipping-taxable","13":"purchasable","14":"product-type-simple"},"bundled_by":[],"bundle_stock_status":"instock","bundle_stock_quantity":4,"bundle_virtual":false,"bundle_layout":"","bundle_add_to_cart_form_location":"","bundle_editable_in_cart":false,"bundle_sold_individually_context":"","bundle_item_grouping":"","bundle_min_size":"","bundle_max_size":"","bundle_price":[],"bundled_items":[],"bundle_sell_ids":[],"acf":[],"yoast_head":"<!-- This site is optimized with the Yoast SEO plugin v27.1.1 - https:\/\/yoast.com\/product\/yoast-seo-wordpress\/ -->\n<title>PRESTO Makaron z wo\u0142owin\u0105 w sosie pomidorowym (zestaw 5 szt.)<\/title>\n<meta name=\"description\" content=\"PRESTO Makaron z wo\u0142owin\u0105 w sosie pomidorowym \u2013 szybkie i po\u017cywne danie gotowe, kt\u00f3re wymaga jedynie podgrzania. Smaczny i wysokiej jako\u015bci posi\u0142ek na ka\u017cd\u0105 chwil\u0119.\" \/>\n<meta name=\"robots\" content=\"index, follow, max-snippet:-1, max-image-preview:large, max-video-preview:-1\" \/>\n<link rel=\"canonical\" href=\"https:\/\/toidupakk.ee\/pl\/toode\/presto-makaron-z-wolowina-w-sosie-pomidorowym-zestaw-5-szt\/\" \/>\n<meta property=\"og:locale\" content=\"pl_PL\" \/>\n<meta property=\"og:type\" content=\"article\" \/>\n<meta property=\"og:title\" content=\"PRESTO Makaron z wo\u0142owin\u0105 w sosie pomidorowym (zestaw 5 szt.)\" \/>\n<meta property=\"og:description\" content=\"PRESTO Makaron z wo\u0142owin\u0105 w sosie pomidorowym \u2013 szybkie i po\u017cywne danie gotowe, kt\u00f3re wymaga jedynie podgrzania. Smaczny i wysokiej jako\u015bci posi\u0142ek na ka\u017cd\u0105 chwil\u0119.\" \/>\n<meta property=\"og:url\" content=\"https:\/\/toidupakk.ee\/pl\/toode\/presto-makaron-z-wolowina-w-sosie-pomidorowym-zestaw-5-szt\/\" \/>\n<meta property=\"og:site_name\" content=\"Toidupakk.ee - Tactical Foodpack toidupakid\" \/>\n<meta property=\"article:publisher\" content=\"https:\/\/www.facebook.com\/Toidupakk\" \/>\n<meta property=\"article:modified_time\" content=\"2026-04-03T21:00:57+00:00\" \/>\n<meta property=\"og:image\" content=\"https:\/\/toidupakk.ee\/wp-content\/uploads\/2025\/11\/11.png\" \/>\n\t<meta property=\"og:image:width\" content=\"800\" \/>\n\t<meta property=\"og:image:height\" content=\"800\" \/>\n\t<meta property=\"og:image:type\" content=\"image\/png\" \/>\n<meta name=\"twitter:card\" content=\"summary_large_image\" \/>\n<meta name=\"twitter:label1\" content=\"Szacowany czas czytania\" \/>\n\t<meta name=\"twitter:data1\" content=\"1 minuta\" \/>\n<script type=\"application\/ld+json\" class=\"yoast-schema-graph\">{\"@context\":\"https:\/\/schema.org\",\"@graph\":[{\"@type\":\"WebPage\",\"@id\":\"https:\/\/toidupakk.ee\/pl\/toode\/presto-makaron-z-wolowina-w-sosie-pomidorowym-zestaw-5-szt\/\",\"url\":\"https:\/\/toidupakk.ee\/pl\/toode\/presto-makaron-z-wolowina-w-sosie-pomidorowym-zestaw-5-szt\/\",\"name\":\"PRESTO Makaron z wo\u0142owin\u0105 w sosie pomidorowym (zestaw 5 szt.)\",\"isPartOf\":{\"@id\":\"https:\/\/toidupakk.ee\/pl\/#website\"},\"primaryImageOfPage\":{\"@id\":\"https:\/\/toidupakk.ee\/pl\/toode\/presto-makaron-z-wolowina-w-sosie-pomidorowym-zestaw-5-szt\/#primaryimage\"},\"image\":{\"@id\":\"https:\/\/toidupakk.ee\/pl\/toode\/presto-makaron-z-wolowina-w-sosie-pomidorowym-zestaw-5-szt\/#primaryimage\"},\"thumbnailUrl\":\"https:\/\/toidupakk.ee\/wp-content\/uploads\/2025\/11\/11.png\",\"datePublished\":\"2025-11-07T11:37:22+00:00\",\"dateModified\":\"2026-04-03T21:00:57+00:00\",\"description\":\"PRESTO Makaron z wo\u0142owin\u0105 w sosie pomidorowym \u2013 szybkie i po\u017cywne danie gotowe, kt\u00f3re wymaga jedynie podgrzania. Smaczny i wysokiej jako\u015bci posi\u0142ek na ka\u017cd\u0105 chwil\u0119.\",\"breadcrumb\":{\"@id\":\"https:\/\/toidupakk.ee\/pl\/toode\/presto-makaron-z-wolowina-w-sosie-pomidorowym-zestaw-5-szt\/#breadcrumb\"},\"inLanguage\":\"pl-PL\",\"potentialAction\":[{\"@type\":\"ReadAction\",\"target\":[\"https:\/\/toidupakk.ee\/pl\/toode\/presto-makaron-z-wolowina-w-sosie-pomidorowym-zestaw-5-szt\/\"]}]},{\"@type\":\"ImageObject\",\"inLanguage\":\"pl-PL\",\"@id\":\"https:\/\/toidupakk.ee\/pl\/toode\/presto-makaron-z-wolowina-w-sosie-pomidorowym-zestaw-5-szt\/#primaryimage\",\"url\":\"https:\/\/toidupakk.ee\/wp-content\/uploads\/2025\/11\/11.png\",\"contentUrl\":\"https:\/\/toidupakk.ee\/wp-content\/uploads\/2025\/11\/11.png\",\"width\":800,\"height\":800,\"caption\":\"Presto tomatine veiselihapasta komplektis\"},{\"@type\":\"BreadcrumbList\",\"@id\":\"https:\/\/toidupakk.ee\/pl\/toode\/presto-makaron-z-wolowina-w-sosie-pomidorowym-zestaw-5-szt\/#breadcrumb\",\"itemListElement\":[{\"@type\":\"ListItem\",\"position\":1,\"name\":\"Avaleht\",\"item\":\"https:\/\/toidupakk.ee\/pl\/\"},{\"@type\":\"ListItem\",\"position\":2,\"name\":\"Sklep internetowy\",\"item\":\"https:\/\/toidupakk.ee\/pl\/sklep-internetowy\/\"},{\"@type\":\"ListItem\",\"position\":3,\"name\":\"PRESTO Makaron z wo\u0142owin\u0105 w sosie pomidorowym (zestaw 5 szt.)\"}]},{\"@type\":\"WebSite\",\"@id\":\"https:\/\/toidupakk.ee\/pl\/#website\",\"url\":\"https:\/\/toidupakk.ee\/pl\/\",\"name\":\"Toidupakk.ee - Tactical Foodpack toidupakid\",\"description\":\"Tactical Foodpack k\u00fclmkuivatatud toidupakid ja matkaeined\",\"publisher\":{\"@id\":\"https:\/\/toidupakk.ee\/pl\/#organization\"},\"potentialAction\":[{\"@type\":\"SearchAction\",\"target\":{\"@type\":\"EntryPoint\",\"urlTemplate\":\"https:\/\/toidupakk.ee\/pl\/?s={search_term_string}\"},\"query-input\":{\"@type\":\"PropertyValueSpecification\",\"valueRequired\":true,\"valueName\":\"search_term_string\"}}],\"inLanguage\":\"pl-PL\"},{\"@type\":\"Organization\",\"@id\":\"https:\/\/toidupakk.ee\/pl\/#organization\",\"name\":\"Tactical Foodpack matkaeined\",\"url\":\"https:\/\/toidupakk.ee\/pl\/\",\"logo\":{\"@type\":\"ImageObject\",\"inLanguage\":\"pl-PL\",\"@id\":\"https:\/\/toidupakk.ee\/pl\/#\/schema\/logo\/image\/\",\"url\":\"https:\/\/toidupakk.ee\/wp-content\/uploads\/2022\/01\/Toidupakk-matkapood-logo-transparent.png\",\"contentUrl\":\"https:\/\/toidupakk.ee\/wp-content\/uploads\/2022\/01\/Toidupakk-matkapood-logo-transparent.png\",\"width\":500,\"height\":500,\"caption\":\"Tactical Foodpack matkaeined\"},\"image\":{\"@id\":\"https:\/\/toidupakk.ee\/pl\/#\/schema\/logo\/image\/\"},\"sameAs\":[\"https:\/\/www.facebook.com\/Toidupakk\",\"https:\/\/www.instagram.com\/toidupakk\/\"]}]}<\/script>\n<!-- \/ Yoast SEO plugin. -->","yoast_head_json":{"title":"PRESTO Makaron z wo\u0142owin\u0105 w sosie pomidorowym (zestaw 5 szt.)","description":"PRESTO Makaron z wo\u0142owin\u0105 w sosie pomidorowym \u2013 szybkie i po\u017cywne danie gotowe, kt\u00f3re wymaga jedynie podgrzania. Smaczny i wysokiej jako\u015bci posi\u0142ek na ka\u017cd\u0105 chwil\u0119.","robots":{"index":"index","follow":"follow","max-snippet":"max-snippet:-1","max-image-preview":"max-image-preview:large","max-video-preview":"max-video-preview:-1"},"canonical":"https:\/\/toidupakk.ee\/pl\/toode\/presto-makaron-z-wolowina-w-sosie-pomidorowym-zestaw-5-szt\/","og_locale":"pl_PL","og_type":"article","og_title":"PRESTO Makaron z wo\u0142owin\u0105 w sosie pomidorowym (zestaw 5 szt.)","og_description":"PRESTO Makaron z wo\u0142owin\u0105 w sosie pomidorowym \u2013 szybkie i po\u017cywne danie gotowe, kt\u00f3re wymaga jedynie podgrzania. Smaczny i wysokiej jako\u015bci posi\u0142ek na ka\u017cd\u0105 chwil\u0119.","og_url":"https:\/\/toidupakk.ee\/pl\/toode\/presto-makaron-z-wolowina-w-sosie-pomidorowym-zestaw-5-szt\/","og_site_name":"Toidupakk.ee - Tactical Foodpack toidupakid","article_publisher":"https:\/\/www.facebook.com\/Toidupakk","article_modified_time":"2026-04-03T21:00:57+00:00","og_image":[{"width":800,"height":800,"url":"https:\/\/toidupakk.ee\/wp-content\/uploads\/2025\/11\/11.png","type":"image\/png"}],"twitter_card":"summary_large_image","twitter_misc":{"Szacowany czas czytania":"1 minuta"},"schema":{"@context":"https:\/\/schema.org","@graph":[{"@type":"WebPage","@id":"https:\/\/toidupakk.ee\/pl\/toode\/presto-makaron-z-wolowina-w-sosie-pomidorowym-zestaw-5-szt\/","url":"https:\/\/toidupakk.ee\/pl\/toode\/presto-makaron-z-wolowina-w-sosie-pomidorowym-zestaw-5-szt\/","name":"PRESTO Makaron z wo\u0142owin\u0105 w sosie pomidorowym (zestaw 5 szt.)","isPartOf":{"@id":"https:\/\/toidupakk.ee\/pl\/#website"},"primaryImageOfPage":{"@id":"https:\/\/toidupakk.ee\/pl\/toode\/presto-makaron-z-wolowina-w-sosie-pomidorowym-zestaw-5-szt\/#primaryimage"},"image":{"@id":"https:\/\/toidupakk.ee\/pl\/toode\/presto-makaron-z-wolowina-w-sosie-pomidorowym-zestaw-5-szt\/#primaryimage"},"thumbnailUrl":"https:\/\/toidupakk.ee\/wp-content\/uploads\/2025\/11\/11.png","datePublished":"2025-11-07T11:37:22+00:00","dateModified":"2026-04-03T21:00:57+00:00","description":"PRESTO Makaron z wo\u0142owin\u0105 w sosie pomidorowym \u2013 szybkie i po\u017cywne danie gotowe, kt\u00f3re wymaga jedynie podgrzania. Smaczny i wysokiej jako\u015bci posi\u0142ek na ka\u017cd\u0105 chwil\u0119.","breadcrumb":{"@id":"https:\/\/toidupakk.ee\/pl\/toode\/presto-makaron-z-wolowina-w-sosie-pomidorowym-zestaw-5-szt\/#breadcrumb"},"inLanguage":"pl-PL","potentialAction":[{"@type":"ReadAction","target":["https:\/\/toidupakk.ee\/pl\/toode\/presto-makaron-z-wolowina-w-sosie-pomidorowym-zestaw-5-szt\/"]}]},{"@type":"ImageObject","inLanguage":"pl-PL","@id":"https:\/\/toidupakk.ee\/pl\/toode\/presto-makaron-z-wolowina-w-sosie-pomidorowym-zestaw-5-szt\/#primaryimage","url":"https:\/\/toidupakk.ee\/wp-content\/uploads\/2025\/11\/11.png","contentUrl":"https:\/\/toidupakk.ee\/wp-content\/uploads\/2025\/11\/11.png","width":800,"height":800,"caption":"Presto tomatine veiselihapasta komplektis"},{"@type":"BreadcrumbList","@id":"https:\/\/toidupakk.ee\/pl\/toode\/presto-makaron-z-wolowina-w-sosie-pomidorowym-zestaw-5-szt\/#breadcrumb","itemListElement":[{"@type":"ListItem","position":1,"name":"Avaleht","item":"https:\/\/toidupakk.ee\/pl\/"},{"@type":"ListItem","position":2,"name":"Sklep internetowy","item":"https:\/\/toidupakk.ee\/pl\/sklep-internetowy\/"},{"@type":"ListItem","position":3,"name":"PRESTO Makaron z wo\u0142owin\u0105 w sosie pomidorowym (zestaw 5 szt.)"}]},{"@type":"WebSite","@id":"https:\/\/toidupakk.ee\/pl\/#website","url":"https:\/\/toidupakk.ee\/pl\/","name":"Toidupakk.ee - Tactical Foodpack toidupakid","description":"Tactical Foodpack k\u00fclmkuivatatud toidupakid ja matkaeined","publisher":{"@id":"https:\/\/toidupakk.ee\/pl\/#organization"},"potentialAction":[{"@type":"SearchAction","target":{"@type":"EntryPoint","urlTemplate":"https:\/\/toidupakk.ee\/pl\/?s={search_term_string}"},"query-input":{"@type":"PropertyValueSpecification","valueRequired":true,"valueName":"search_term_string"}}],"inLanguage":"pl-PL"},{"@type":"Organization","@id":"https:\/\/toidupakk.ee\/pl\/#organization","name":"Tactical Foodpack matkaeined","url":"https:\/\/toidupakk.ee\/pl\/","logo":{"@type":"ImageObject","inLanguage":"pl-PL","@id":"https:\/\/toidupakk.ee\/pl\/#\/schema\/logo\/image\/","url":"https:\/\/toidupakk.ee\/wp-content\/uploads\/2022\/01\/Toidupakk-matkapood-logo-transparent.png","contentUrl":"https:\/\/toidupakk.ee\/wp-content\/uploads\/2022\/01\/Toidupakk-matkapood-logo-transparent.png","width":500,"height":500,"caption":"Tactical Foodpack matkaeined"},"image":{"@id":"https:\/\/toidupakk.ee\/pl\/#\/schema\/logo\/image\/"},"sameAs":["https:\/\/www.facebook.com\/Toidupakk","https:\/\/www.instagram.com\/toidupakk\/"]}]}},"jetpack_sharing_enabled":true,"_links":{"self":[{"href":"https:\/\/toidupakk.ee\/pl\/wp-json\/wp\/v2\/product\/49835","targetHints":{"allow":["GET"]}}],"collection":[{"href":"https:\/\/toidupakk.ee\/pl\/wp-json\/wp\/v2\/product"}],"about":[{"href":"https:\/\/toidupakk.ee\/pl\/wp-json\/wp\/v2\/types\/product"}],"replies":[{"embeddable":true,"href":"https:\/\/toidupakk.ee\/pl\/wp-json\/wp\/v2\/comments?post=49835"}],"wp:featuredmedia":[{"embeddable":true,"href":"https:\/\/toidupakk.ee\/pl\/wp-json\/wp\/v2\/media\/41122"}],"wp:attachment":[{"href":"https:\/\/toidupakk.ee\/pl\/wp-json\/wp\/v2\/media?parent=49835"}],"wp:term":[{"taxonomy":"product_brand","embeddable":true,"href":"https:\/\/toidupakk.ee\/pl\/wp-json\/wp\/v2\/product_brand?post=49835"},{"taxonomy":"product_cat","embeddable":true,"href":"https:\/\/toidupakk.ee\/pl\/wp-json\/wp\/v2\/product_cat?post=49835"},{"taxonomy":"product_tag","embeddable":true,"href":"https:\/\/toidupakk.ee\/pl\/wp-json\/wp\/v2\/product_tag?post=49835"}],"curies":[{"name":"wp","href":"https:\/\/api.w.org\/{rel}","templated":true}]}}