{"id":49824,"date":"2025-10-21T14:49:20","date_gmt":"2025-10-21T11:49:20","guid":{"rendered":"https:\/\/toidupakk.ee\/toode\/readywise-liofilizowane-warzywa-120-porcji\/"},"modified":"2026-04-29T15:31:23","modified_gmt":"2026-04-29T12:31:23","slug":"readywise-liofilizowane-warzywa-120-porcji","status":"publish","type":"product","link":"https:\/\/toidupakk.ee\/pl\/toode\/readywise-liofilizowane-warzywa-120-porcji\/","title":{"rendered":"READYWISE\u00ae Liofilizowane warzywa &#8211; 120 porcji"},"content":{"rendered":"<h1><img fetchpriority=\"high\" decoding=\"async\" class=\"alignright wp-image-8373 size-thumbnail\" src=\"https:\/\/toidupakk.ee\/wp-content\/uploads\/2023\/05\/RW-juurvilja-komplekt-500x500.png\" alt=\"Readywise liofilizowane warzywa\" width=\"500\" height=\"500\" srcset=\"https:\/\/toidupakk.ee\/wp-content\/uploads\/2023\/05\/RW-juurvilja-komplekt-500x500.png 500w, https:\/\/toidupakk.ee\/wp-content\/uploads\/2023\/05\/RW-juurvilja-komplekt-400x400.png 400w, https:\/\/toidupakk.ee\/wp-content\/uploads\/2023\/05\/RW-juurvilja-komplekt-100x100.png 100w, https:\/\/toidupakk.ee\/wp-content\/uploads\/2023\/05\/RW-juurvilja-komplekt-800x800.png 800w, https:\/\/toidupakk.ee\/wp-content\/uploads\/2023\/05\/RW-juurvilja-komplekt-300x300.png 300w, https:\/\/toidupakk.ee\/wp-content\/uploads\/2023\/05\/RW-juurvilja-komplekt-1024x1024.png 1024w, https:\/\/toidupakk.ee\/wp-content\/uploads\/2023\/05\/RW-juurvilja-komplekt-768x768.png 768w, https:\/\/toidupakk.ee\/wp-content\/uploads\/2023\/05\/RW-juurvilja-komplekt.png 1080w\" sizes=\"(max-width: 500px) 100vw, 500px\" \/>Readywise liofilizowane warzywa &#8211; zadbaj o pe\u0142nowarto\u015bciow\u0105 \u017cywno\u015b\u0107 w swoich zapasach ratunkowych &#8211; wiaderko warzyw Readywise<\/h1>\n<p>Wiaderko liofilizowanych warzyw ReadyWise na sytuacje awaryjne to idealny dodatek do ka\u017cdych zapas\u00f3w \u017cywno\u015bci. Niezale\u017cnie od tego, czy grozi Ci \u015bnie\u017cyca, huragan czy inne zjawiska pogodowe, warto by\u0107 przygotowanym.<\/p>\n<p>Produkty zosta\u0142y poddane procesowi suszenia, aby przed\u0142u\u017cy\u0107 ich trwa\u0142o\u015b\u0107 i zachowa\u0107 warto\u015bci od\u017cywcze. Liofilizowane warzywa ReadyWise s\u0105 \u0142atwe w przygotowaniu i mo\u017cna je wykorzysta\u0107 w r\u00f3\u017cnych potrawach. <\/p>\n<h2><strong>Spos\u00f3b przygotowania: <\/strong><\/h2>\n<p><strong>WYBIERZ JEDN\u0104 <\/strong><strong>SASZETK\u0118<\/strong><strong>. <\/strong>Otw\u00f3rz wiaderko Readywise i wybierz potrzebn\u0105 liczb\u0119 saszetek. Aby unikn\u0105\u0107 marnowania \u017cywno\u015bci, ka\u017cda saszetka zawiera 4 porcje. <\/p>\n<p><strong>DODAJ ZIMN\u0104 LUB GOR\u0104C\u0104 WOD\u0118 <\/strong>Nasze produkty przechodz\u0105 specjalny proces, aby zachowa\u0107 ich smak i tekstur\u0119. Dodaj 1 szklank\u0119 wody na porcj\u0119 i wymieszaj. Nasze posi\u0142ki mo\u017cna przygotowa\u0107 zar\u00f3wno na ciep\u0142o, jak i na zimno.  <\/p>\n<p><strong>WYMIESZAJ I DELEKTUJ SI\u0118 <\/strong>Wsyp zawarto\u015b\u0107 saszetki do wody i wymieszaj. Przykryj i odczekaj 15 minut (lub 30 minut, je\u015bli u\u017cywasz wody o temperaturze pokojowej). Na\u0142\u00f3\u017c na talerz i gotowe!  <\/p>\n<p><strong>Na\u0142\u00f3\u017c na talerz i gotowe!<\/strong><strong> <\/strong><\/p>\n<p><strong>Gotowe do spo\u017cycia natychmiast<\/strong><\/p>\n<p><strong>Termin przydatno\u015bci do 25 lat<\/strong><\/p>\n<p><img decoding=\"async\" class=\"alignnone wp-image-42321 size-medium\" src=\"https:\/\/toidupakk.ee\/wp-content\/uploads\/2025\/10\/Readywise-kulmkuivatatud-juurviljad-herned-300x300.jpg\" alt=\"\" width=\"300\" height=\"300\" srcset=\"https:\/\/toidupakk.ee\/wp-content\/uploads\/2025\/10\/Readywise-kulmkuivatatud-juurviljad-herned-300x300.jpg 300w, https:\/\/toidupakk.ee\/wp-content\/uploads\/2025\/10\/Readywise-kulmkuivatatud-juurviljad-herned-500x500.jpg 500w, https:\/\/toidupakk.ee\/wp-content\/uploads\/2025\/10\/Readywise-kulmkuivatatud-juurviljad-herned-768x768.jpg 768w, https:\/\/toidupakk.ee\/wp-content\/uploads\/2025\/10\/Readywise-kulmkuivatatud-juurviljad-herned-400x400.jpg 400w, https:\/\/toidupakk.ee\/wp-content\/uploads\/2025\/10\/Readywise-kulmkuivatatud-juurviljad-herned-100x100.jpg 100w, https:\/\/toidupakk.ee\/wp-content\/uploads\/2025\/10\/Readywise-kulmkuivatatud-juurviljad-herned-50x50.jpg 50w, https:\/\/toidupakk.ee\/wp-content\/uploads\/2025\/10\/Readywise-kulmkuivatatud-juurviljad-herned.jpg 800w\" sizes=\"(max-width: 300px) 100vw, 300px\" \/> <img decoding=\"async\" class=\"alignnone wp-image-42322 size-medium\" src=\"https:\/\/toidupakk.ee\/wp-content\/uploads\/2025\/10\/Readywise-kulmkuivatatud-juurviljad-mais-300x300.jpg\" alt=\"\" width=\"300\" height=\"300\" srcset=\"https:\/\/toidupakk.ee\/wp-content\/uploads\/2025\/10\/Readywise-kulmkuivatatud-juurviljad-mais-300x300.jpg 300w, https:\/\/toidupakk.ee\/wp-content\/uploads\/2025\/10\/Readywise-kulmkuivatatud-juurviljad-mais-500x500.jpg 500w, https:\/\/toidupakk.ee\/wp-content\/uploads\/2025\/10\/Readywise-kulmkuivatatud-juurviljad-mais-768x768.jpg 768w, https:\/\/toidupakk.ee\/wp-content\/uploads\/2025\/10\/Readywise-kulmkuivatatud-juurviljad-mais-400x400.jpg 400w, https:\/\/toidupakk.ee\/wp-content\/uploads\/2025\/10\/Readywise-kulmkuivatatud-juurviljad-mais-100x100.jpg 100w, https:\/\/toidupakk.ee\/wp-content\/uploads\/2025\/10\/Readywise-kulmkuivatatud-juurviljad-mais-50x50.jpg 50w, https:\/\/toidupakk.ee\/wp-content\/uploads\/2025\/10\/Readywise-kulmkuivatatud-juurviljad-mais.jpg 800w\" sizes=\"(max-width: 300px) 100vw, 300px\" \/> <img loading=\"lazy\" decoding=\"async\" class=\"alignnone wp-image-42323 size-medium\" src=\"https:\/\/toidupakk.ee\/wp-content\/uploads\/2025\/10\/Readywise-kulmkuivatatud-juurviljad-oad-300x300.jpg\" alt=\"\" width=\"300\" height=\"300\" srcset=\"https:\/\/toidupakk.ee\/wp-content\/uploads\/2025\/10\/Readywise-kulmkuivatatud-juurviljad-oad-300x300.jpg 300w, https:\/\/toidupakk.ee\/wp-content\/uploads\/2025\/10\/Readywise-kulmkuivatatud-juurviljad-oad-500x500.jpg 500w, https:\/\/toidupakk.ee\/wp-content\/uploads\/2025\/10\/Readywise-kulmkuivatatud-juurviljad-oad-768x768.jpg 768w, https:\/\/toidupakk.ee\/wp-content\/uploads\/2025\/10\/Readywise-kulmkuivatatud-juurviljad-oad-400x400.jpg 400w, https:\/\/toidupakk.ee\/wp-content\/uploads\/2025\/10\/Readywise-kulmkuivatatud-juurviljad-oad-100x100.jpg 100w, https:\/\/toidupakk.ee\/wp-content\/uploads\/2025\/10\/Readywise-kulmkuivatatud-juurviljad-oad-50x50.jpg 50w, https:\/\/toidupakk.ee\/wp-content\/uploads\/2025\/10\/Readywise-kulmkuivatatud-juurviljad-oad.jpg 800w\" sizes=\"(max-width: 300px) 100vw, 300px\" \/> <img loading=\"lazy\" decoding=\"async\" class=\"alignnone wp-image-42320 size-medium\" src=\"https:\/\/toidupakk.ee\/wp-content\/uploads\/2025\/10\/Readywise-kulmkuivatatud-juurviljad-brokoli-300x300.jpg\" alt=\"\" width=\"300\" height=\"300\" srcset=\"https:\/\/toidupakk.ee\/wp-content\/uploads\/2025\/10\/Readywise-kulmkuivatatud-juurviljad-brokoli-300x300.jpg 300w, https:\/\/toidupakk.ee\/wp-content\/uploads\/2025\/10\/Readywise-kulmkuivatatud-juurviljad-brokoli-500x500.jpg 500w, https:\/\/toidupakk.ee\/wp-content\/uploads\/2025\/10\/Readywise-kulmkuivatatud-juurviljad-brokoli-768x768.jpg 768w, https:\/\/toidupakk.ee\/wp-content\/uploads\/2025\/10\/Readywise-kulmkuivatatud-juurviljad-brokoli-400x400.jpg 400w, https:\/\/toidupakk.ee\/wp-content\/uploads\/2025\/10\/Readywise-kulmkuivatatud-juurviljad-brokoli-100x100.jpg 100w, https:\/\/toidupakk.ee\/wp-content\/uploads\/2025\/10\/Readywise-kulmkuivatatud-juurviljad-brokoli-50x50.jpg 50w, https:\/\/toidupakk.ee\/wp-content\/uploads\/2025\/10\/Readywise-kulmkuivatatud-juurviljad-brokoli.jpg 800w\" sizes=\"(max-width: 300px) 100vw, 300px\" \/><\/p>\n<h2>Co zawiera wiaderko liofilizowanych warzyw Readywise?<\/h2>\n<p>Wiaderko zawiera 120 porcji. Te pyszne liofilizowane produkty s\u0105 gotowe w kilka minut. Po prostu dodaj wody. Mo\u017cesz doda\u0107 te warzywa do gotowego dania lub zje\u015b\u0107 je same.   <\/p>\n<p>KUKURYDZA: 32 porcje<\/p>\n<p>GROSZEK: 24 porcje<\/p>\n<p>BROKU\u0141Y: 32 porcje<\/p>\n<p>FASOLA: 32 porcje<\/p>\n<p>&nbsp;<\/p>\n<h2>Zalety Readywise<\/h2>\n<p><strong>Przechowywanie<\/strong>: \u017bywno\u015b\u0107 jest w formie odwodnionej, co oznacza, \u017ce mo\u017cna j\u0105 przechowywa\u0107 przez d\u0142ugi czas w schowkach lub zabiera\u0107 na wyprawy. Wodoodporne opakowanie chroni produkty przed wilgoci\u0105 i czynnikami zewn\u0119trznymi. <\/p>\n<p><strong>Warto\u015bci od\u017cywcze<\/strong>: Posi\u0142ki ReadyWise s\u0105 bogate w bia\u0142ko, b\u0142onnik i inne wa\u017cne sk\u0142adniki od\u017cywcze. To doskona\u0142y wyb\u00f3r dla os\u00f3b, kt\u00f3re chc\u0105 zadba\u0107 o pe\u0142nowarto\u015bciow\u0105 diet\u0119 i potrzebuj\u0105 szybkiego, po\u017cywnego posi\u0142ku. <\/p>\n<p><strong>Wszechstronno\u015b\u0107<\/strong>: Zestaw zapas\u00f3w ReadyWise zawiera r\u00f3\u017cne produkty odpowiednie na \u015bniadanie, obiad i kolacj\u0119. Daje to wiele mo\u017cliwo\u015bci i pozwala cieszy\u0107 si\u0119 r\u00f3\u017cnorodnymi smakami. <\/p>\n<p><strong>\u0141atwy transport<\/strong>: Zestaw ReadyWise jest kompaktowy i lekki, a wodoodporna torba u\u0142atwia jego wygodne przenoszenie.<\/p>\n<p>&nbsp;<\/p>\n<h2>READYWISE<\/h2>\n<p>ReadyWise stosuje innowacyjne podej\u015bcie, oferuj\u0105c niezawodn\u0105, prost\u0105 i przyst\u0119pn\u0105 cenowo \u017cywno\u015b\u0107 liofilizowan\u0105 na sytuacje awaryjne oraz do u\u017cytku w terenie.<\/p>\n<p>Oferuj\u0105 szerok\u0105 gam\u0119 wysokiej jako\u015bci posi\u0142k\u00f3w ratunkowych i turystycznych, kt\u00f3re mo\u017cesz gromadzi\u0107 jako zapas lub u\u017cywa\u0107 na co dzie\u0144 jako praktyczne i po\u017cywne dania.<\/p>\n<p>Ich priorytetem jest bezpiecze\u0144stwo konsument\u00f3w, dlatego z dum\u0105 pomagaj\u0105 rodzinom przygotowa\u0107 si\u0119 na nieoczekiwane sytuacje.<\/p>\n<p>&nbsp;<\/p>\n<p>Sprawd\u017a inne akcesoria turystyczne <a href=\"https:\/\/toidupakk.ee\/pl\/tootekategooria\/sprzet-turystyczny\/#section-3-79\">TUTAJ<\/a><\/p>\n<p>Interesuj\u0105 Ci\u0119 posi\u0142ki liofilizowane? Sprawd\u017a <a href=\"\/?product_cat=snakk#section-3-79\">TUTAJ<\/a><\/p>\n<p>Szukaj inspiracji na kolejne przygody na <a href=\"https:\/\/www.instagram.com\/toidupakk\/\">Instagramie<\/a> i <a href=\"https:\/\/www.facebook.com\/Toidupakk\/\">Facebooku<\/a> Toidupakk.<\/p>\n<p>&nbsp;<\/p>\n<p>&nbsp;<\/p>\n","protected":false},"excerpt":{"rendered":"<p><strong>Wiaderko warzyw ReadyWise zosta\u0142o zaprojektowane z my\u015bl\u0105 o sytuacjach, w kt\u00f3rych gotowanie mo\u017ce by\u0107 utrudnione lub niemo\u017cliwe. Jest lekkie i kompaktowe, wi\u0119c mo\u017cesz je zabra\u0107 wsz\u0119dzie. Produkty znajduj\u0105 si\u0119 w szczelnych saszetkach Mylar, co zapewnia 25-letni termin przydatno\u015bci.  <\/strong><\/p>\n<ul>\n<li>W ka\u017cdym wiaderku znajdziesz 120 porcji warzyw: groszek, kukurydz\u0119, broku\u0142y i zielon\u0105 fasolk\u0119.<\/li>\n<li>Przeznaczone do zapas\u00f3w kryzysowych, dla os\u00f3b chc\u0105cych bezpiecznie przechowywa\u0107 \u017cywno\u015b\u0107 przez d\u0142ugi czas.<\/li>\n<li>Wytrzyma\u0142e, szczelne saszetki Mylar utrzymuj\u0105 \u015bwie\u017co\u015b\u0107 produkt\u00f3w nawet przez 25 lat.<\/li>\n<\/ul>\n<p>\u2705 Dost\u0119pne w magazynie, szybka dostawa w 1-3 dni robocze<br \/>\n\u2705 Kup teraz, zap\u0142a\u0107 p\u00f3\u017aniej (RRSO 0%)<\/p>\n","protected":false},"featured_media":8373,"comment_status":"open","ping_status":"closed","template":"","meta":{"_acf_changed":false},"product_brand":[],"product_cat":[303,357,347,301],"product_tag":[],"class_list":{"0":"post-49824","1":"product","2":"type-product","3":"status-publish","4":"has-post-thumbnail","6":"product_cat-akcesoria-turystyczne","7":"product_cat-bardzo-duze-zestawy-zapasow-zywnosci-readywise","8":"product_cat-duze-zestawy-zapasow-zywnosci","9":"product_cat-sprzet-turystyczny","11":"first","12":"instock","13":"taxable","14":"shipping-taxable","15":"purchasable","16":"product-type-simple"},"bundled_by":[],"bundle_stock_status":"instock","bundle_stock_quantity":3,"bundle_virtual":false,"bundle_layout":"","bundle_add_to_cart_form_location":"","bundle_editable_in_cart":false,"bundle_sold_individually_context":"","bundle_item_grouping":"","bundle_min_size":"","bundle_max_size":"","bundle_price":[],"bundled_items":[],"bundle_sell_ids":[],"acf":[],"yoast_head":"<!-- This site is optimized with the Yoast SEO plugin v27.3 - https:\/\/yoast.com\/product\/yoast-seo-wordpress\/ -->\n<title>READYWISE\u00ae Liofilizowane warzywa - 120 porcji<\/title>\n<meta name=\"description\" content=\"Wiaderko liofilizowanych warzyw ReadyWise to idealne rozwi\u0105zanie, gdy chcesz szybko i \u0142atwo przygotowa\u0107 zdrowy posi\u0142ek dla du\u017cej grupy os\u00f3b lub zrobi\u0107 zapasy na sytuacje kryzysowe.\" \/>\n<meta name=\"robots\" content=\"index, follow, max-snippet:-1, max-image-preview:large, max-video-preview:-1\" \/>\n<link rel=\"canonical\" href=\"https:\/\/toidupakk.ee\/pl\/toode\/readywise-liofilizowane-warzywa-120-porcji\/\" \/>\n<meta property=\"og:locale\" content=\"pl_PL\" \/>\n<meta property=\"og:type\" content=\"article\" \/>\n<meta property=\"og:title\" content=\"READYWISE\u00ae Liofilizowane warzywa - 120 porcji\" \/>\n<meta property=\"og:description\" content=\"Wiaderko liofilizowanych warzyw ReadyWise to idealne rozwi\u0105zanie, gdy chcesz szybko i \u0142atwo przygotowa\u0107 zdrowy posi\u0142ek dla du\u017cej grupy os\u00f3b lub zrobi\u0107 zapasy na sytuacje kryzysowe.\" \/>\n<meta property=\"og:url\" content=\"https:\/\/toidupakk.ee\/pl\/toode\/readywise-liofilizowane-warzywa-120-porcji\/\" \/>\n<meta property=\"og:site_name\" content=\"Toidupakk.ee - Tactical Foodpack toidupakid\" \/>\n<meta property=\"article:publisher\" content=\"https:\/\/www.facebook.com\/Toidupakk\" \/>\n<meta property=\"article:modified_time\" content=\"2026-04-29T12:31:23+00:00\" \/>\n<meta property=\"og:image\" content=\"https:\/\/toidupakk.ee\/wp-content\/uploads\/2023\/05\/RW-juurvilja-komplekt.png\" \/>\n\t<meta property=\"og:image:width\" content=\"1080\" \/>\n\t<meta property=\"og:image:height\" content=\"1080\" \/>\n\t<meta property=\"og:image:type\" content=\"image\/png\" \/>\n<meta name=\"twitter:card\" content=\"summary_large_image\" \/>\n<meta name=\"twitter:label1\" content=\"Szacowany czas czytania\" \/>\n\t<meta name=\"twitter:data1\" content=\"2 minuty\" \/>\n<script type=\"application\/ld+json\" class=\"yoast-schema-graph\">{\"@context\":\"https:\\\/\\\/schema.org\",\"@graph\":[{\"@type\":\"WebPage\",\"@id\":\"https:\\\/\\\/toidupakk.ee\\\/pl\\\/toode\\\/readywise-liofilizowane-warzywa-120-porcji\\\/\",\"url\":\"https:\\\/\\\/toidupakk.ee\\\/pl\\\/toode\\\/readywise-liofilizowane-warzywa-120-porcji\\\/\",\"name\":\"READYWISE\u00ae Liofilizowane warzywa - 120 porcji\",\"isPartOf\":{\"@id\":\"https:\\\/\\\/toidupakk.ee\\\/pl\\\/#website\"},\"primaryImageOfPage\":{\"@id\":\"https:\\\/\\\/toidupakk.ee\\\/pl\\\/toode\\\/readywise-liofilizowane-warzywa-120-porcji\\\/#primaryimage\"},\"image\":{\"@id\":\"https:\\\/\\\/toidupakk.ee\\\/pl\\\/toode\\\/readywise-liofilizowane-warzywa-120-porcji\\\/#primaryimage\"},\"thumbnailUrl\":\"https:\\\/\\\/toidupakk.ee\\\/wp-content\\\/uploads\\\/2023\\\/05\\\/RW-juurvilja-komplekt.png\",\"datePublished\":\"2025-10-21T11:49:20+00:00\",\"dateModified\":\"2026-04-29T12:31:23+00:00\",\"description\":\"Wiaderko liofilizowanych warzyw ReadyWise to idealne rozwi\u0105zanie, gdy chcesz szybko i \u0142atwo przygotowa\u0107 zdrowy posi\u0142ek dla du\u017cej grupy os\u00f3b lub zrobi\u0107 zapasy na sytuacje kryzysowe.\",\"breadcrumb\":{\"@id\":\"https:\\\/\\\/toidupakk.ee\\\/pl\\\/toode\\\/readywise-liofilizowane-warzywa-120-porcji\\\/#breadcrumb\"},\"inLanguage\":\"pl-PL\",\"potentialAction\":[{\"@type\":\"ReadAction\",\"target\":[\"https:\\\/\\\/toidupakk.ee\\\/pl\\\/toode\\\/readywise-liofilizowane-warzywa-120-porcji\\\/\"]}]},{\"@type\":\"ImageObject\",\"inLanguage\":\"pl-PL\",\"@id\":\"https:\\\/\\\/toidupakk.ee\\\/pl\\\/toode\\\/readywise-liofilizowane-warzywa-120-porcji\\\/#primaryimage\",\"url\":\"https:\\\/\\\/toidupakk.ee\\\/wp-content\\\/uploads\\\/2023\\\/05\\\/RW-juurvilja-komplekt.png\",\"contentUrl\":\"https:\\\/\\\/toidupakk.ee\\\/wp-content\\\/uploads\\\/2023\\\/05\\\/RW-juurvilja-komplekt.png\",\"width\":1080,\"height\":1080,\"caption\":\"Readywise juurvilja\u00e4mber\"},{\"@type\":\"BreadcrumbList\",\"@id\":\"https:\\\/\\\/toidupakk.ee\\\/pl\\\/toode\\\/readywise-liofilizowane-warzywa-120-porcji\\\/#breadcrumb\",\"itemListElement\":[{\"@type\":\"ListItem\",\"position\":1,\"name\":\"Avaleht\",\"item\":\"https:\\\/\\\/toidupakk.ee\\\/pl\\\/\"},{\"@type\":\"ListItem\",\"position\":2,\"name\":\"Sklep internetowy\",\"item\":\"https:\\\/\\\/toidupakk.ee\\\/pl\\\/sklep-internetowy\\\/\"},{\"@type\":\"ListItem\",\"position\":3,\"name\":\"READYWISE\u00ae Liofilizowane warzywa &#8211; 120 porcji\"}]},{\"@type\":\"WebSite\",\"@id\":\"https:\\\/\\\/toidupakk.ee\\\/pl\\\/#website\",\"url\":\"https:\\\/\\\/toidupakk.ee\\\/pl\\\/\",\"name\":\"Toidupakk.ee - Tactical Foodpack toidupakid\",\"description\":\"Tactical Foodpack k\u00fclmkuivatatud toidupakid ja matkaeined\",\"publisher\":{\"@id\":\"https:\\\/\\\/toidupakk.ee\\\/pl\\\/#organization\"},\"potentialAction\":[{\"@type\":\"SearchAction\",\"target\":{\"@type\":\"EntryPoint\",\"urlTemplate\":\"https:\\\/\\\/toidupakk.ee\\\/pl\\\/?s={search_term_string}\"},\"query-input\":{\"@type\":\"PropertyValueSpecification\",\"valueRequired\":true,\"valueName\":\"search_term_string\"}}],\"inLanguage\":\"pl-PL\"},{\"@type\":\"Organization\",\"@id\":\"https:\\\/\\\/toidupakk.ee\\\/pl\\\/#organization\",\"name\":\"Tactical Foodpack matkaeined\",\"url\":\"https:\\\/\\\/toidupakk.ee\\\/pl\\\/\",\"logo\":{\"@type\":\"ImageObject\",\"inLanguage\":\"pl-PL\",\"@id\":\"https:\\\/\\\/toidupakk.ee\\\/pl\\\/#\\\/schema\\\/logo\\\/image\\\/\",\"url\":\"https:\\\/\\\/toidupakk.ee\\\/wp-content\\\/uploads\\\/2022\\\/01\\\/Toidupakk-matkapood-logo-transparent.png\",\"contentUrl\":\"https:\\\/\\\/toidupakk.ee\\\/wp-content\\\/uploads\\\/2022\\\/01\\\/Toidupakk-matkapood-logo-transparent.png\",\"width\":500,\"height\":500,\"caption\":\"Tactical Foodpack matkaeined\"},\"image\":{\"@id\":\"https:\\\/\\\/toidupakk.ee\\\/pl\\\/#\\\/schema\\\/logo\\\/image\\\/\"},\"sameAs\":[\"https:\\\/\\\/www.facebook.com\\\/Toidupakk\",\"https:\\\/\\\/www.instagram.com\\\/toidupakk\\\/\"]}]}<\/script>\n<!-- \/ Yoast SEO plugin. -->","yoast_head_json":{"title":"READYWISE\u00ae Liofilizowane warzywa - 120 porcji","description":"Wiaderko liofilizowanych warzyw ReadyWise to idealne rozwi\u0105zanie, gdy chcesz szybko i \u0142atwo przygotowa\u0107 zdrowy posi\u0142ek dla du\u017cej grupy os\u00f3b lub zrobi\u0107 zapasy na sytuacje kryzysowe.","robots":{"index":"index","follow":"follow","max-snippet":"max-snippet:-1","max-image-preview":"max-image-preview:large","max-video-preview":"max-video-preview:-1"},"canonical":"https:\/\/toidupakk.ee\/pl\/toode\/readywise-liofilizowane-warzywa-120-porcji\/","og_locale":"pl_PL","og_type":"article","og_title":"READYWISE\u00ae Liofilizowane warzywa - 120 porcji","og_description":"Wiaderko liofilizowanych warzyw ReadyWise to idealne rozwi\u0105zanie, gdy chcesz szybko i \u0142atwo przygotowa\u0107 zdrowy posi\u0142ek dla du\u017cej grupy os\u00f3b lub zrobi\u0107 zapasy na sytuacje kryzysowe.","og_url":"https:\/\/toidupakk.ee\/pl\/toode\/readywise-liofilizowane-warzywa-120-porcji\/","og_site_name":"Toidupakk.ee - Tactical Foodpack toidupakid","article_publisher":"https:\/\/www.facebook.com\/Toidupakk","article_modified_time":"2026-04-29T12:31:23+00:00","og_image":[{"width":1080,"height":1080,"url":"https:\/\/toidupakk.ee\/wp-content\/uploads\/2023\/05\/RW-juurvilja-komplekt.png","type":"image\/png"}],"twitter_card":"summary_large_image","twitter_misc":{"Szacowany czas czytania":"2 minuty"},"schema":{"@context":"https:\/\/schema.org","@graph":[{"@type":"WebPage","@id":"https:\/\/toidupakk.ee\/pl\/toode\/readywise-liofilizowane-warzywa-120-porcji\/","url":"https:\/\/toidupakk.ee\/pl\/toode\/readywise-liofilizowane-warzywa-120-porcji\/","name":"READYWISE\u00ae Liofilizowane warzywa - 120 porcji","isPartOf":{"@id":"https:\/\/toidupakk.ee\/pl\/#website"},"primaryImageOfPage":{"@id":"https:\/\/toidupakk.ee\/pl\/toode\/readywise-liofilizowane-warzywa-120-porcji\/#primaryimage"},"image":{"@id":"https:\/\/toidupakk.ee\/pl\/toode\/readywise-liofilizowane-warzywa-120-porcji\/#primaryimage"},"thumbnailUrl":"https:\/\/toidupakk.ee\/wp-content\/uploads\/2023\/05\/RW-juurvilja-komplekt.png","datePublished":"2025-10-21T11:49:20+00:00","dateModified":"2026-04-29T12:31:23+00:00","description":"Wiaderko liofilizowanych warzyw ReadyWise to idealne rozwi\u0105zanie, gdy chcesz szybko i \u0142atwo przygotowa\u0107 zdrowy posi\u0142ek dla du\u017cej grupy os\u00f3b lub zrobi\u0107 zapasy na sytuacje kryzysowe.","breadcrumb":{"@id":"https:\/\/toidupakk.ee\/pl\/toode\/readywise-liofilizowane-warzywa-120-porcji\/#breadcrumb"},"inLanguage":"pl-PL","potentialAction":[{"@type":"ReadAction","target":["https:\/\/toidupakk.ee\/pl\/toode\/readywise-liofilizowane-warzywa-120-porcji\/"]}]},{"@type":"ImageObject","inLanguage":"pl-PL","@id":"https:\/\/toidupakk.ee\/pl\/toode\/readywise-liofilizowane-warzywa-120-porcji\/#primaryimage","url":"https:\/\/toidupakk.ee\/wp-content\/uploads\/2023\/05\/RW-juurvilja-komplekt.png","contentUrl":"https:\/\/toidupakk.ee\/wp-content\/uploads\/2023\/05\/RW-juurvilja-komplekt.png","width":1080,"height":1080,"caption":"Readywise juurvilja\u00e4mber"},{"@type":"BreadcrumbList","@id":"https:\/\/toidupakk.ee\/pl\/toode\/readywise-liofilizowane-warzywa-120-porcji\/#breadcrumb","itemListElement":[{"@type":"ListItem","position":1,"name":"Avaleht","item":"https:\/\/toidupakk.ee\/pl\/"},{"@type":"ListItem","position":2,"name":"Sklep internetowy","item":"https:\/\/toidupakk.ee\/pl\/sklep-internetowy\/"},{"@type":"ListItem","position":3,"name":"READYWISE\u00ae Liofilizowane warzywa &#8211; 120 porcji"}]},{"@type":"WebSite","@id":"https:\/\/toidupakk.ee\/pl\/#website","url":"https:\/\/toidupakk.ee\/pl\/","name":"Toidupakk.ee - Tactical Foodpack toidupakid","description":"Tactical Foodpack k\u00fclmkuivatatud toidupakid ja matkaeined","publisher":{"@id":"https:\/\/toidupakk.ee\/pl\/#organization"},"potentialAction":[{"@type":"SearchAction","target":{"@type":"EntryPoint","urlTemplate":"https:\/\/toidupakk.ee\/pl\/?s={search_term_string}"},"query-input":{"@type":"PropertyValueSpecification","valueRequired":true,"valueName":"search_term_string"}}],"inLanguage":"pl-PL"},{"@type":"Organization","@id":"https:\/\/toidupakk.ee\/pl\/#organization","name":"Tactical Foodpack matkaeined","url":"https:\/\/toidupakk.ee\/pl\/","logo":{"@type":"ImageObject","inLanguage":"pl-PL","@id":"https:\/\/toidupakk.ee\/pl\/#\/schema\/logo\/image\/","url":"https:\/\/toidupakk.ee\/wp-content\/uploads\/2022\/01\/Toidupakk-matkapood-logo-transparent.png","contentUrl":"https:\/\/toidupakk.ee\/wp-content\/uploads\/2022\/01\/Toidupakk-matkapood-logo-transparent.png","width":500,"height":500,"caption":"Tactical Foodpack matkaeined"},"image":{"@id":"https:\/\/toidupakk.ee\/pl\/#\/schema\/logo\/image\/"},"sameAs":["https:\/\/www.facebook.com\/Toidupakk","https:\/\/www.instagram.com\/toidupakk\/"]}]}},"jetpack_sharing_enabled":true,"_links":{"self":[{"href":"https:\/\/toidupakk.ee\/pl\/wp-json\/wp\/v2\/product\/49824","targetHints":{"allow":["GET"]}}],"collection":[{"href":"https:\/\/toidupakk.ee\/pl\/wp-json\/wp\/v2\/product"}],"about":[{"href":"https:\/\/toidupakk.ee\/pl\/wp-json\/wp\/v2\/types\/product"}],"replies":[{"embeddable":true,"href":"https:\/\/toidupakk.ee\/pl\/wp-json\/wp\/v2\/comments?post=49824"}],"wp:featuredmedia":[{"embeddable":true,"href":"https:\/\/toidupakk.ee\/pl\/wp-json\/wp\/v2\/media\/8373"}],"wp:attachment":[{"href":"https:\/\/toidupakk.ee\/pl\/wp-json\/wp\/v2\/media?parent=49824"}],"wp:term":[{"taxonomy":"product_brand","embeddable":true,"href":"https:\/\/toidupakk.ee\/pl\/wp-json\/wp\/v2\/product_brand?post=49824"},{"taxonomy":"product_cat","embeddable":true,"href":"https:\/\/toidupakk.ee\/pl\/wp-json\/wp\/v2\/product_cat?post=49824"},{"taxonomy":"product_tag","embeddable":true,"href":"https:\/\/toidupakk.ee\/pl\/wp-json\/wp\/v2\/product_tag?post=49824"}],"curies":[{"name":"wp","href":"https:\/\/api.w.org\/{rel}","templated":true}]}}