{"id":49816,"date":"2025-10-21T14:41:33","date_gmt":"2025-10-21T11:41:33","guid":{"rendered":"https:\/\/toidupakk.ee\/toode\/readywise-zapas-zywnosci-owoce-liofilizowane-120-porcji\/"},"modified":"2026-04-29T15:30:41","modified_gmt":"2026-04-29T12:30:41","slug":"readywise-zapas-zywnosci-owoce-liofilizowane-120-porcji","status":"publish","type":"product","link":"https:\/\/toidupakk.ee\/pl\/toode\/readywise-zapas-zywnosci-owoce-liofilizowane-120-porcji\/","title":{"rendered":"READYWISE\u00ae Zapas \u017cywno\u015bci &#8211; owoce liofilizowane &#8211; 120 porcji"},"content":{"rendered":"<h1><img fetchpriority=\"high\" decoding=\"async\" class=\"alignright wp-image-8697 size-thumbnail\" src=\"https:\/\/toidupakk.ee\/wp-content\/uploads\/2023\/05\/readywise-puuviljad-500x500.png\" alt=\"Wiaderko owoc\u00f3w Readywise\" width=\"500\" height=\"500\" srcset=\"https:\/\/toidupakk.ee\/wp-content\/uploads\/2023\/05\/readywise-puuviljad-500x500.png 500w, https:\/\/toidupakk.ee\/wp-content\/uploads\/2023\/05\/readywise-puuviljad-400x400.png 400w, https:\/\/toidupakk.ee\/wp-content\/uploads\/2023\/05\/readywise-puuviljad-100x100.png 100w, https:\/\/toidupakk.ee\/wp-content\/uploads\/2023\/05\/readywise-puuviljad-800x800.png 800w, https:\/\/toidupakk.ee\/wp-content\/uploads\/2023\/05\/readywise-puuviljad-300x300.png 300w, https:\/\/toidupakk.ee\/wp-content\/uploads\/2023\/05\/readywise-puuviljad-1024x1024.png 1024w, https:\/\/toidupakk.ee\/wp-content\/uploads\/2023\/05\/readywise-puuviljad-768x768.png 768w, https:\/\/toidupakk.ee\/wp-content\/uploads\/2023\/05\/readywise-puuviljad.png 1080w\" sizes=\"(max-width: 500px) 100vw, 500px\" \/>Zadbaj o pe\u0142nowarto\u015bciowe produkty w swoich zapasach awaryjnych \u2013 wiaderko owoc\u00f3w Readywise Ci pomo\u017ce!<\/h1>\n<p>Wiaderko liofilizowanych owoc\u00f3w ReadyWise to idealny dodatek do ka\u017cdych zapas\u00f3w \u017cywno\u015bci \u2013 niezale\u017cnie od tego, czy zaskoczy Ci\u0119 \u015bnie\u017cyca, huragan czy inne zjawisko pogodowe, warto by\u0107 przygotowanym.<\/p>\n<p>Zosta\u0142y one zamro\u017cone, a nast\u0119pnie wysuszone, aby przed\u0142u\u017cy\u0107 ich trwa\u0142o\u015b\u0107 i zachowa\u0107 warto\u015bci od\u017cywcze. Owoce liofilizowane ReadyWise s\u0105 \u0142atwe w przygotowaniu i mo\u017cna je wykorzysta\u0107 w r\u00f3\u017cnych potrawach. <\/p>\n<p><strong>Na\u0142\u00f3\u017c na talerz, jedz i smacznego!<\/strong><strong> <\/strong><\/p>\n<p><strong>Gotowe do spo\u017cycia od razu<\/strong><\/p>\n<p><strong>Termin przydatno\u015bci do 20 lat<\/strong><\/p>\n<h2>Co zawiera wiaderko owoc\u00f3w Readywise?<\/h2>\n<p>Wiaderko zawiera 120 porcji owoc\u00f3w.<\/p>\n<p>BANANY: 32 porcje<\/p>\n<p>BRZOSKWINIE: 16 porcji<\/p>\n<p>TRUSKAWKI: 32 porcje<\/p>\n<p>JAB\u0141KA: 40 porcji<\/p>\n<p>&nbsp;<\/p>\n<h2>Zalety Readywise<\/h2>\n<p><strong>Przechowywanie<\/strong>: Zapasy \u017cywno\u015bci s\u0105 w formie odwodnionej, co oznacza, \u017ce zachowuj\u0105 trwa\u0142o\u015b\u0107 przez d\u0142ugi czas i mo\u017cna je \u0142atwo przechowywa\u0107 w schowkach lub zabiera\u0107 na wyprawy. Zastosowanie wodoodpornej torby chroni \u017cywno\u015b\u0107 przed wilgoci\u0105 i innymi czynnikami zewn\u0119trznymi. <\/p>\n<p><strong>Warto\u015b\u0107 od\u017cywcza<\/strong>: Posi\u0142ki ReadyWise zawieraj\u0105 du\u017co bia\u0142ka, b\u0142onnika i innych wa\u017cnych sk\u0142adnik\u00f3w od\u017cywczych. To sprawia, \u017ce s\u0105 odpowiednim wyborem dla tych, kt\u00f3rzy chc\u0105 by\u0107 dobrze od\u017cywieni i potrzebuj\u0105 szybkiego, po\u017cywnego posi\u0142ku. <\/p>\n<p><strong>Wszechstronno\u015b\u0107<\/strong>: Zestawy zapas\u00f3w \u017cywno\u015bci ReadyWise zawieraj\u0105 r\u00f3\u017cne dania odpowiednie na \u015bniadanie, obiad i kolacj\u0119. Daje to wiele opcji wyboru i pozwala cieszy\u0107 si\u0119 r\u00f3\u017cnymi smakami. <\/p>\n<p><strong>\u0141atwy transport<\/strong>: Zestaw \u017cywno\u015bci ReadyWise jest kompaktowy i lekki, a wodoodporna torba u\u0142atwia jego wygodne przenoszenie.<\/p>\n<p>&nbsp;<\/p>\n<h2>READYWISE<\/h2>\n<p>ReadyWise stosuje innowacyjne podej\u015bcie, aby oferowa\u0107 niezawodn\u0105, prost\u0105 i przyst\u0119pn\u0105 cenowo \u017cywno\u015b\u0107 liofilizowan\u0105 do u\u017cytku w sytuacjach awaryjnych i w terenie.<\/p>\n<p>Posiadaj\u0105 szerok\u0105 gam\u0119 wysokiej jako\u015bci \u017cywno\u015bci awaryjnej i wyprawowej, kt\u00f3r\u0105 mo\u017cesz gromadzi\u0107 lub u\u017cywa\u0107 na co dzie\u0144 jako po\u017cywne i praktyczne, \u0142atwe w przygotowaniu dania.<\/p>\n<p>Ich priorytetem jest bezpiecze\u0144stwo konsument\u00f3w, dlatego z dum\u0105 pomagaj\u0105 rodzinom przygotowa\u0107 si\u0119 na nieoczekiwane sytuacje.<\/p>\n<p>&nbsp;<\/p>\n<p>Sprawd\u017a r\u00f3wnie\u017c inne akcesoria turystyczne <a href=\"https:\/\/toidupakk.ee\/pl\/tootekategooria\/sprzet-turystyczny\/#section-3-79\">TUTAJ<\/a><\/p>\n<p>Interesuje Ci\u0119 \u017cywno\u015b\u0107 liofilizowana? Sprawd\u017a <a href=\"\/?product_cat=snakk#section-3-79\">TUTAJ<\/a><\/p>\n<p>Znajd\u017a inspiracj\u0119 na kolejne przygody na <a href=\"https:\/\/www.instagram.com\/toidupakk\/\">Instagramie<\/a> i <a href=\"https:\/\/www.facebook.com\/Toidupakk\/\">Facebooku<\/a> Toidupakk.<\/p>\n","protected":false},"excerpt":{"rendered":"<p><strong>Wiaderko owoc\u00f3w ReadyWise jest przeznaczone do sytuacji, w kt\u00f3rych przygotowanie posi\u0142ku mo\u017ce by\u0107 utrudnione lub niemo\u017cliwe. Zestaw zawiera 120 porcji. Wygodny w u\u017cyciu r\u00f3wnie\u017c na wyprawach, kempingach czy podczas aktywno\u015bci na \u015bwie\u017cym powietrzu. \u017bywno\u015b\u0107 jest pakowana w szczelne worki Mylar, kt\u00f3re zapewniaj\u0105 d\u0142ugi termin przydatno\u015bci.   <\/strong><\/p>\n<ul>\n<li>Zestaw zapas\u00f3w: W ka\u017cdym wiaderku znajduje si\u0119 120 porcji owoc\u00f3w \u2013 suszone banany, truskawki, brzoskwinie i jab\u0142ka<\/li>\n<li>Szczelne worki utrzymuj\u0105 \u015bwie\u017co\u015b\u0107 produkt\u00f3w nawet do 20 lat.<\/li>\n<\/ul>\n<p>\u2705 Dost\u0119pne w magazynie, szybka dostawa 1\u20133 dni robocze<br \/>\n\u2705 Kup teraz, zap\u0142a\u0107 p\u00f3\u017aniej (RRSO 0%)<\/p>\n","protected":false},"featured_media":8697,"comment_status":"open","ping_status":"closed","template":"","meta":{"_acf_changed":false},"product_brand":[],"product_cat":[303,357,347,301,358],"product_tag":[],"class_list":{"0":"post-49816","1":"product","2":"type-product","3":"status-publish","4":"has-post-thumbnail","6":"product_cat-akcesoria-turystyczne","7":"product_cat-bardzo-duze-zestawy-zapasow-zywnosci-readywise","8":"product_cat-duze-zestawy-zapasow-zywnosci","9":"product_cat-sprzet-turystyczny","10":"product_cat-zestawy-zapasow-zywnosci","12":"first","13":"instock","14":"sale","15":"taxable","16":"shipping-taxable","17":"purchasable","18":"product-type-simple"},"bundled_by":[],"bundle_stock_status":"instock","bundle_stock_quantity":2,"bundle_virtual":false,"bundle_layout":"","bundle_add_to_cart_form_location":"","bundle_editable_in_cart":false,"bundle_sold_individually_context":"","bundle_item_grouping":"","bundle_min_size":"","bundle_max_size":"","bundle_price":[],"bundled_items":[],"bundle_sell_ids":[],"acf":[],"yoast_head":"<!-- This site is optimized with the Yoast SEO plugin v27.3 - https:\/\/yoast.com\/product\/yoast-seo-wordpress\/ -->\n<title>READYWISE\u00ae Zapas \u017cywno\u015bci - owoce liofilizowane - 120 porcji<\/title>\n<meta name=\"description\" content=\"Wiaderko owoc\u00f3w ReadyWise to doskona\u0142y produkt dla os\u00f3b, kt\u00f3re chc\u0105 szybko i \u0142atwo przygotowa\u0107 zdrow\u0105 \u017cywno\u015b\u0107 w sytuacjach awaryjnych lub na wyje\u017adzie.\" \/>\n<meta name=\"robots\" content=\"index, follow, max-snippet:-1, max-image-preview:large, max-video-preview:-1\" \/>\n<link rel=\"canonical\" href=\"https:\/\/toidupakk.ee\/pl\/toode\/readywise-zapas-zywnosci-owoce-liofilizowane-120-porcji\/\" \/>\n<meta property=\"og:locale\" content=\"pl_PL\" \/>\n<meta property=\"og:type\" content=\"article\" \/>\n<meta property=\"og:title\" content=\"READYWISE\u00ae Zapas \u017cywno\u015bci - owoce liofilizowane - 120 porcji\" \/>\n<meta property=\"og:description\" content=\"Wiaderko owoc\u00f3w ReadyWise to doskona\u0142y produkt dla os\u00f3b, kt\u00f3re chc\u0105 szybko i \u0142atwo przygotowa\u0107 zdrow\u0105 \u017cywno\u015b\u0107 w sytuacjach awaryjnych lub na wyje\u017adzie.\" \/>\n<meta property=\"og:url\" content=\"https:\/\/toidupakk.ee\/pl\/toode\/readywise-zapas-zywnosci-owoce-liofilizowane-120-porcji\/\" \/>\n<meta property=\"og:site_name\" content=\"Toidupakk.ee - Tactical Foodpack toidupakid\" \/>\n<meta property=\"article:publisher\" content=\"https:\/\/www.facebook.com\/Toidupakk\" \/>\n<meta property=\"article:modified_time\" content=\"2026-04-29T12:30:41+00:00\" \/>\n<meta property=\"og:image\" content=\"https:\/\/toidupakk.ee\/wp-content\/uploads\/2023\/05\/readywise-puuviljad.png\" \/>\n\t<meta property=\"og:image:width\" content=\"1080\" \/>\n\t<meta property=\"og:image:height\" content=\"1080\" \/>\n\t<meta property=\"og:image:type\" content=\"image\/png\" \/>\n<meta name=\"twitter:card\" content=\"summary_large_image\" \/>\n<meta name=\"twitter:label1\" content=\"Szacowany czas czytania\" \/>\n\t<meta name=\"twitter:data1\" content=\"2 minuty\" \/>\n<script type=\"application\/ld+json\" class=\"yoast-schema-graph\">{\"@context\":\"https:\\\/\\\/schema.org\",\"@graph\":[{\"@type\":\"WebPage\",\"@id\":\"https:\\\/\\\/toidupakk.ee\\\/pl\\\/toode\\\/readywise-zapas-zywnosci-owoce-liofilizowane-120-porcji\\\/\",\"url\":\"https:\\\/\\\/toidupakk.ee\\\/pl\\\/toode\\\/readywise-zapas-zywnosci-owoce-liofilizowane-120-porcji\\\/\",\"name\":\"READYWISE\u00ae Zapas \u017cywno\u015bci - owoce liofilizowane - 120 porcji\",\"isPartOf\":{\"@id\":\"https:\\\/\\\/toidupakk.ee\\\/pl\\\/#website\"},\"primaryImageOfPage\":{\"@id\":\"https:\\\/\\\/toidupakk.ee\\\/pl\\\/toode\\\/readywise-zapas-zywnosci-owoce-liofilizowane-120-porcji\\\/#primaryimage\"},\"image\":{\"@id\":\"https:\\\/\\\/toidupakk.ee\\\/pl\\\/toode\\\/readywise-zapas-zywnosci-owoce-liofilizowane-120-porcji\\\/#primaryimage\"},\"thumbnailUrl\":\"https:\\\/\\\/toidupakk.ee\\\/wp-content\\\/uploads\\\/2023\\\/05\\\/readywise-puuviljad.png\",\"datePublished\":\"2025-10-21T11:41:33+00:00\",\"dateModified\":\"2026-04-29T12:30:41+00:00\",\"description\":\"Wiaderko owoc\u00f3w ReadyWise to doskona\u0142y produkt dla os\u00f3b, kt\u00f3re chc\u0105 szybko i \u0142atwo przygotowa\u0107 zdrow\u0105 \u017cywno\u015b\u0107 w sytuacjach awaryjnych lub na wyje\u017adzie.\",\"breadcrumb\":{\"@id\":\"https:\\\/\\\/toidupakk.ee\\\/pl\\\/toode\\\/readywise-zapas-zywnosci-owoce-liofilizowane-120-porcji\\\/#breadcrumb\"},\"inLanguage\":\"pl-PL\",\"potentialAction\":[{\"@type\":\"ReadAction\",\"target\":[\"https:\\\/\\\/toidupakk.ee\\\/pl\\\/toode\\\/readywise-zapas-zywnosci-owoce-liofilizowane-120-porcji\\\/\"]}]},{\"@type\":\"ImageObject\",\"inLanguage\":\"pl-PL\",\"@id\":\"https:\\\/\\\/toidupakk.ee\\\/pl\\\/toode\\\/readywise-zapas-zywnosci-owoce-liofilizowane-120-porcji\\\/#primaryimage\",\"url\":\"https:\\\/\\\/toidupakk.ee\\\/wp-content\\\/uploads\\\/2023\\\/05\\\/readywise-puuviljad.png\",\"contentUrl\":\"https:\\\/\\\/toidupakk.ee\\\/wp-content\\\/uploads\\\/2023\\\/05\\\/readywise-puuviljad.png\",\"width\":1080,\"height\":1080,\"caption\":\"Readywise puuvilja\u00e4mber\"},{\"@type\":\"BreadcrumbList\",\"@id\":\"https:\\\/\\\/toidupakk.ee\\\/pl\\\/toode\\\/readywise-zapas-zywnosci-owoce-liofilizowane-120-porcji\\\/#breadcrumb\",\"itemListElement\":[{\"@type\":\"ListItem\",\"position\":1,\"name\":\"Avaleht\",\"item\":\"https:\\\/\\\/toidupakk.ee\\\/pl\\\/\"},{\"@type\":\"ListItem\",\"position\":2,\"name\":\"Sklep internetowy\",\"item\":\"https:\\\/\\\/toidupakk.ee\\\/pl\\\/sklep-internetowy\\\/\"},{\"@type\":\"ListItem\",\"position\":3,\"name\":\"READYWISE\u00ae Zapas \u017cywno\u015bci &#8211; owoce liofilizowane &#8211; 120 porcji\"}]},{\"@type\":\"WebSite\",\"@id\":\"https:\\\/\\\/toidupakk.ee\\\/pl\\\/#website\",\"url\":\"https:\\\/\\\/toidupakk.ee\\\/pl\\\/\",\"name\":\"Toidupakk.ee - Tactical Foodpack toidupakid\",\"description\":\"Tactical Foodpack k\u00fclmkuivatatud toidupakid ja matkaeined\",\"publisher\":{\"@id\":\"https:\\\/\\\/toidupakk.ee\\\/pl\\\/#organization\"},\"potentialAction\":[{\"@type\":\"SearchAction\",\"target\":{\"@type\":\"EntryPoint\",\"urlTemplate\":\"https:\\\/\\\/toidupakk.ee\\\/pl\\\/?s={search_term_string}\"},\"query-input\":{\"@type\":\"PropertyValueSpecification\",\"valueRequired\":true,\"valueName\":\"search_term_string\"}}],\"inLanguage\":\"pl-PL\"},{\"@type\":\"Organization\",\"@id\":\"https:\\\/\\\/toidupakk.ee\\\/pl\\\/#organization\",\"name\":\"Tactical Foodpack matkaeined\",\"url\":\"https:\\\/\\\/toidupakk.ee\\\/pl\\\/\",\"logo\":{\"@type\":\"ImageObject\",\"inLanguage\":\"pl-PL\",\"@id\":\"https:\\\/\\\/toidupakk.ee\\\/pl\\\/#\\\/schema\\\/logo\\\/image\\\/\",\"url\":\"https:\\\/\\\/toidupakk.ee\\\/wp-content\\\/uploads\\\/2022\\\/01\\\/Toidupakk-matkapood-logo-transparent.png\",\"contentUrl\":\"https:\\\/\\\/toidupakk.ee\\\/wp-content\\\/uploads\\\/2022\\\/01\\\/Toidupakk-matkapood-logo-transparent.png\",\"width\":500,\"height\":500,\"caption\":\"Tactical Foodpack matkaeined\"},\"image\":{\"@id\":\"https:\\\/\\\/toidupakk.ee\\\/pl\\\/#\\\/schema\\\/logo\\\/image\\\/\"},\"sameAs\":[\"https:\\\/\\\/www.facebook.com\\\/Toidupakk\",\"https:\\\/\\\/www.instagram.com\\\/toidupakk\\\/\"]}]}<\/script>\n<!-- \/ Yoast SEO plugin. -->","yoast_head_json":{"title":"READYWISE\u00ae Zapas \u017cywno\u015bci - owoce liofilizowane - 120 porcji","description":"Wiaderko owoc\u00f3w ReadyWise to doskona\u0142y produkt dla os\u00f3b, kt\u00f3re chc\u0105 szybko i \u0142atwo przygotowa\u0107 zdrow\u0105 \u017cywno\u015b\u0107 w sytuacjach awaryjnych lub na wyje\u017adzie.","robots":{"index":"index","follow":"follow","max-snippet":"max-snippet:-1","max-image-preview":"max-image-preview:large","max-video-preview":"max-video-preview:-1"},"canonical":"https:\/\/toidupakk.ee\/pl\/toode\/readywise-zapas-zywnosci-owoce-liofilizowane-120-porcji\/","og_locale":"pl_PL","og_type":"article","og_title":"READYWISE\u00ae Zapas \u017cywno\u015bci - owoce liofilizowane - 120 porcji","og_description":"Wiaderko owoc\u00f3w ReadyWise to doskona\u0142y produkt dla os\u00f3b, kt\u00f3re chc\u0105 szybko i \u0142atwo przygotowa\u0107 zdrow\u0105 \u017cywno\u015b\u0107 w sytuacjach awaryjnych lub na wyje\u017adzie.","og_url":"https:\/\/toidupakk.ee\/pl\/toode\/readywise-zapas-zywnosci-owoce-liofilizowane-120-porcji\/","og_site_name":"Toidupakk.ee - Tactical Foodpack toidupakid","article_publisher":"https:\/\/www.facebook.com\/Toidupakk","article_modified_time":"2026-04-29T12:30:41+00:00","og_image":[{"width":1080,"height":1080,"url":"https:\/\/toidupakk.ee\/wp-content\/uploads\/2023\/05\/readywise-puuviljad.png","type":"image\/png"}],"twitter_card":"summary_large_image","twitter_misc":{"Szacowany czas czytania":"2 minuty"},"schema":{"@context":"https:\/\/schema.org","@graph":[{"@type":"WebPage","@id":"https:\/\/toidupakk.ee\/pl\/toode\/readywise-zapas-zywnosci-owoce-liofilizowane-120-porcji\/","url":"https:\/\/toidupakk.ee\/pl\/toode\/readywise-zapas-zywnosci-owoce-liofilizowane-120-porcji\/","name":"READYWISE\u00ae Zapas \u017cywno\u015bci - owoce liofilizowane - 120 porcji","isPartOf":{"@id":"https:\/\/toidupakk.ee\/pl\/#website"},"primaryImageOfPage":{"@id":"https:\/\/toidupakk.ee\/pl\/toode\/readywise-zapas-zywnosci-owoce-liofilizowane-120-porcji\/#primaryimage"},"image":{"@id":"https:\/\/toidupakk.ee\/pl\/toode\/readywise-zapas-zywnosci-owoce-liofilizowane-120-porcji\/#primaryimage"},"thumbnailUrl":"https:\/\/toidupakk.ee\/wp-content\/uploads\/2023\/05\/readywise-puuviljad.png","datePublished":"2025-10-21T11:41:33+00:00","dateModified":"2026-04-29T12:30:41+00:00","description":"Wiaderko owoc\u00f3w ReadyWise to doskona\u0142y produkt dla os\u00f3b, kt\u00f3re chc\u0105 szybko i \u0142atwo przygotowa\u0107 zdrow\u0105 \u017cywno\u015b\u0107 w sytuacjach awaryjnych lub na wyje\u017adzie.","breadcrumb":{"@id":"https:\/\/toidupakk.ee\/pl\/toode\/readywise-zapas-zywnosci-owoce-liofilizowane-120-porcji\/#breadcrumb"},"inLanguage":"pl-PL","potentialAction":[{"@type":"ReadAction","target":["https:\/\/toidupakk.ee\/pl\/toode\/readywise-zapas-zywnosci-owoce-liofilizowane-120-porcji\/"]}]},{"@type":"ImageObject","inLanguage":"pl-PL","@id":"https:\/\/toidupakk.ee\/pl\/toode\/readywise-zapas-zywnosci-owoce-liofilizowane-120-porcji\/#primaryimage","url":"https:\/\/toidupakk.ee\/wp-content\/uploads\/2023\/05\/readywise-puuviljad.png","contentUrl":"https:\/\/toidupakk.ee\/wp-content\/uploads\/2023\/05\/readywise-puuviljad.png","width":1080,"height":1080,"caption":"Readywise puuvilja\u00e4mber"},{"@type":"BreadcrumbList","@id":"https:\/\/toidupakk.ee\/pl\/toode\/readywise-zapas-zywnosci-owoce-liofilizowane-120-porcji\/#breadcrumb","itemListElement":[{"@type":"ListItem","position":1,"name":"Avaleht","item":"https:\/\/toidupakk.ee\/pl\/"},{"@type":"ListItem","position":2,"name":"Sklep internetowy","item":"https:\/\/toidupakk.ee\/pl\/sklep-internetowy\/"},{"@type":"ListItem","position":3,"name":"READYWISE\u00ae Zapas \u017cywno\u015bci &#8211; owoce liofilizowane &#8211; 120 porcji"}]},{"@type":"WebSite","@id":"https:\/\/toidupakk.ee\/pl\/#website","url":"https:\/\/toidupakk.ee\/pl\/","name":"Toidupakk.ee - Tactical Foodpack toidupakid","description":"Tactical Foodpack k\u00fclmkuivatatud toidupakid ja matkaeined","publisher":{"@id":"https:\/\/toidupakk.ee\/pl\/#organization"},"potentialAction":[{"@type":"SearchAction","target":{"@type":"EntryPoint","urlTemplate":"https:\/\/toidupakk.ee\/pl\/?s={search_term_string}"},"query-input":{"@type":"PropertyValueSpecification","valueRequired":true,"valueName":"search_term_string"}}],"inLanguage":"pl-PL"},{"@type":"Organization","@id":"https:\/\/toidupakk.ee\/pl\/#organization","name":"Tactical Foodpack matkaeined","url":"https:\/\/toidupakk.ee\/pl\/","logo":{"@type":"ImageObject","inLanguage":"pl-PL","@id":"https:\/\/toidupakk.ee\/pl\/#\/schema\/logo\/image\/","url":"https:\/\/toidupakk.ee\/wp-content\/uploads\/2022\/01\/Toidupakk-matkapood-logo-transparent.png","contentUrl":"https:\/\/toidupakk.ee\/wp-content\/uploads\/2022\/01\/Toidupakk-matkapood-logo-transparent.png","width":500,"height":500,"caption":"Tactical Foodpack matkaeined"},"image":{"@id":"https:\/\/toidupakk.ee\/pl\/#\/schema\/logo\/image\/"},"sameAs":["https:\/\/www.facebook.com\/Toidupakk","https:\/\/www.instagram.com\/toidupakk\/"]}]}},"jetpack_sharing_enabled":true,"_links":{"self":[{"href":"https:\/\/toidupakk.ee\/pl\/wp-json\/wp\/v2\/product\/49816","targetHints":{"allow":["GET"]}}],"collection":[{"href":"https:\/\/toidupakk.ee\/pl\/wp-json\/wp\/v2\/product"}],"about":[{"href":"https:\/\/toidupakk.ee\/pl\/wp-json\/wp\/v2\/types\/product"}],"replies":[{"embeddable":true,"href":"https:\/\/toidupakk.ee\/pl\/wp-json\/wp\/v2\/comments?post=49816"}],"wp:featuredmedia":[{"embeddable":true,"href":"https:\/\/toidupakk.ee\/pl\/wp-json\/wp\/v2\/media\/8697"}],"wp:attachment":[{"href":"https:\/\/toidupakk.ee\/pl\/wp-json\/wp\/v2\/media?parent=49816"}],"wp:term":[{"taxonomy":"product_brand","embeddable":true,"href":"https:\/\/toidupakk.ee\/pl\/wp-json\/wp\/v2\/product_brand?post=49816"},{"taxonomy":"product_cat","embeddable":true,"href":"https:\/\/toidupakk.ee\/pl\/wp-json\/wp\/v2\/product_cat?post=49816"},{"taxonomy":"product_tag","embeddable":true,"href":"https:\/\/toidupakk.ee\/pl\/wp-json\/wp\/v2\/product_tag?post=49816"}],"curies":[{"name":"wp","href":"https:\/\/api.w.org\/{rel}","templated":true}]}}