{"id":49815,"date":"2025-11-07T11:27:36","date_gmt":"2025-11-07T09:27:36","guid":{"rendered":"https:\/\/toidupakk.ee\/toode\/presto-pilaw-zestaw-zawiera-5-szt\/"},"modified":"2026-04-04T00:01:28","modified_gmt":"2026-04-03T21:01:28","slug":"presto-pilaw-zestaw-zawiera-5-szt","status":"publish","type":"product","link":"https:\/\/toidupakk.ee\/pl\/toode\/presto-pilaw-zestaw-zawiera-5-szt\/","title":{"rendered":"PRESTO Pilaw (zestaw zawiera 5 szt.)"},"content":{"rendered":"<h1><img fetchpriority=\"high\" decoding=\"async\" class=\"alignright wp-image-41104 size-thumbnail\" src=\"https:\/\/toidupakk.ee\/wp-content\/uploads\/2025\/11\/Pilaff-presto-komplekt-500x500.jpg\" alt=\"\" width=\"500\" height=\"500\" srcset=\"https:\/\/toidupakk.ee\/wp-content\/uploads\/2025\/11\/Pilaff-presto-komplekt-500x500.jpg 500w, https:\/\/toidupakk.ee\/wp-content\/uploads\/2025\/11\/Pilaff-presto-komplekt-300x300.jpg 300w, https:\/\/toidupakk.ee\/wp-content\/uploads\/2025\/11\/Pilaff-presto-komplekt-768x768.jpg 768w, https:\/\/toidupakk.ee\/wp-content\/uploads\/2025\/11\/Pilaff-presto-komplekt-400x400.jpg 400w, https:\/\/toidupakk.ee\/wp-content\/uploads\/2025\/11\/Pilaff-presto-komplekt-100x100.jpg 100w, https:\/\/toidupakk.ee\/wp-content\/uploads\/2025\/11\/Pilaff-presto-komplekt-50x50.jpg 50w, https:\/\/toidupakk.ee\/wp-content\/uploads\/2025\/11\/Pilaff-presto-komplekt.jpg 800w\" sizes=\"(max-width: 500px) 100vw, 500px\" \/>PRESTO Pilaw \u2013 zestaw 5 posi\u0142k\u00f3w<\/h1>\n<p><strong>Sk\u0142adniki<\/strong><br \/>\nRy\u017c (32%), marchew, wieprzowina (15%), cebula, woda, koncentrat pomidorowy, olej rzepakowy, s\u00f3l, cukier, przyprawy, substancje zag\u0119szczaj\u0105ce (guma guar, guma ksantanowa).<\/p>\n<p class=\"mb-2 text-arwen-100\"><strong>Warto\u015b\u0107 od\u017cywcza w 100 g<\/strong><\/p>\n<ul>\n<li>warto\u015b\u0107 energetyczna 516 kJ \/ 123 kcal<\/li>\n<li>t\u0142uszcze 4,3 g, w tym kwasy t\u0142uszczowe nasycone 0,7 g<\/li>\n<li>w\u0119glowodany 16 g, w tym cukry 2,9 g<\/li>\n<li>bia\u0142ko 4,4 g<\/li>\n<li>s\u00f3l 1,3 g<\/li>\n<\/ul>\n<h2>PRESTO Pilaw \u2013 instrukcja spo\u017cycia<\/h2>\n<div class=\"custom-content\">\n<p>Produkt gotowy do spo\u017cycia. <strong>3 sposoby podgrzewania<\/strong>:<\/p>\n<ol>\n<li>Otw\u00f3rz opakowanie na szeroko\u015b\u0107 2 cm i umie\u015b\u0107 w kuchence mikrofalowej na 2 minuty na wysokiej mocy.<\/li>\n<li>Wlej zawarto\u015b\u0107 do garnka i podgrzewaj przez 5 minut, od czasu do czasu mieszaj\u0105c.<\/li>\n<li>Umie\u015b\u0107 nieotwarte opakowanie w ca\u0142o\u015bci we wrz\u0105cej wodzie i podgrzewaj przez 4\u20135 minut.<\/li>\n<\/ol>\n<\/div>\n<p>&nbsp;<\/p>\n<p>Interesuje Ci\u0119 sprz\u0119t turystyczny? Sprawd\u017a szczeg\u00f3\u0142y <a href=\"https:\/\/toidupakk.ee\/pl\/tootekategooria\/sprzet-turystyczny\/#section-3-79\">TUTAJ<\/a><\/p>\n<p>Interesuje Ci\u0119 jedzenie turystyczne? Zobacz <a href=\"https:\/\/toidupakk.ee\/pl\/tootekategooria\/dania-glowne\/\">TUTAJ<\/a><\/p>\n<p>Znajd\u017a inspiracj\u0119 na kolejne przygody na <a href=\"https:\/\/www.instagram.com\/toidupakk\/\">Instagramie<\/a> i <a href=\"https:\/\/www.facebook.com\/Toidupakk\/\">Facebooku<\/a> Toidupakk.<\/p>\n","protected":false},"excerpt":{"rendered":"<p><strong>Danie gotowe, kt\u00f3re oferuje szybkie i proste rozwi\u0105zanie na ka\u017cdy dzie\u0144 \u2013 wystarczy tylko podgrza\u0107!<\/strong><\/p>\n<ul>\n<li><strong>W pude\u0142ku znajdziesz 5 produkt\u00f3w po 300 g<\/strong><\/li>\n<li><strong>Domowa i klasyczna receptura<\/strong>, znana i lubiana przez wszystkich cz\u0142onk\u00f3w rodziny<\/li>\n<li><strong>Najpopularniejszy przepis na danie z ry\u017cem<\/strong> na rynku lokalnym \u0142\u0105czy w sobie sypki ry\u017c, pyszne przyprawy i idealn\u0105 r\u00f3wnowag\u0119, kt\u00f3ra sprawia, \u017ce ka\u017cdy posi\u0142ek jest wyj\u0105tkowy.<\/li>\n<li>Presto pilaw to pe\u0142nowarto\u015bciowy posi\u0142ek, kt\u00f3ry <strong>nadaje si\u0119 na ka\u017cd\u0105 chwil\u0119<\/strong>.<\/li>\n<li>Mo\u017cna si\u0119 nim \u0142atwo cieszy\u0107 w dowolnym momencie \u2013 czy to na wyprawie, w biurze, czy jako <strong>zwyk\u0142y posi\u0142ek w domu<\/strong>.<\/li>\n<li>Opakowanie bez aluminium <strong>nadaje si\u0119 r\u00f3wnie\u017c do u\u017cytku w kuchence mikrofalowej<\/strong><\/li>\n<li><strong>Wyprodukowano w Estonii<\/strong><\/li>\n<li><strong>Bez konserwant\u00f3w<\/strong> i odpowiedni zar\u00f3wno dla <strong>dzieci, jak i doros\u0142ych<\/strong>.<\/li>\n<li><strong>Cena obejmuje 5 szt. \/ \u0142\u0105cznie 1,5 kg jedzenia<\/strong><\/li>\n<\/ul>\n<p>\u2705 Dost\u0119pne w magazynie, szybka dostawa w 1\u20133 dni robocze<\/p>\n","protected":false},"featured_media":41104,"comment_status":"open","ping_status":"closed","template":"","meta":{"_acf_changed":false},"product_brand":[],"product_cat":[356],"product_tag":[],"class_list":{"0":"post-49815","1":"product","2":"type-product","3":"status-publish","4":"has-post-thumbnail","6":"product_cat-dania-gotowe-presto","8":"first","9":"instock","10":"sale","11":"taxable","12":"shipping-taxable","13":"purchasable","14":"product-type-simple"},"bundled_by":[],"bundle_stock_status":"instock","bundle_stock_quantity":3,"bundle_virtual":false,"bundle_layout":"","bundle_add_to_cart_form_location":"","bundle_editable_in_cart":false,"bundle_sold_individually_context":"","bundle_item_grouping":"","bundle_min_size":"","bundle_max_size":"","bundle_price":[],"bundled_items":[],"bundle_sell_ids":[],"acf":[],"yoast_head":"<!-- This site is optimized with the Yoast SEO plugin v27.1.1 - https:\/\/yoast.com\/product\/yoast-seo-wordpress\/ -->\n<title>PRESTO Pilaw (zestaw zawiera 5 szt.)<\/title>\n<meta name=\"description\" content=\"PRESTO Pilaw \u2013 zestaw 5 posi\u0142k\u00f3w. Danie gotowe, kt\u00f3re oferuje szybkie i proste rozwi\u0105zanie na ka\u017cdy dzie\u0144 \u2013 wystarczy tylko podgrza\u0107.\" \/>\n<meta name=\"robots\" content=\"index, follow, max-snippet:-1, max-image-preview:large, max-video-preview:-1\" \/>\n<link rel=\"canonical\" href=\"https:\/\/toidupakk.ee\/pl\/toode\/presto-pilaw-zestaw-zawiera-5-szt\/\" \/>\n<meta property=\"og:locale\" content=\"pl_PL\" \/>\n<meta property=\"og:type\" content=\"article\" \/>\n<meta property=\"og:title\" content=\"PRESTO Pilaw (zestaw zawiera 5 szt.)\" \/>\n<meta property=\"og:description\" content=\"PRESTO Pilaw \u2013 zestaw 5 posi\u0142k\u00f3w. Danie gotowe, kt\u00f3re oferuje szybkie i proste rozwi\u0105zanie na ka\u017cdy dzie\u0144 \u2013 wystarczy tylko podgrza\u0107.\" \/>\n<meta property=\"og:url\" content=\"https:\/\/toidupakk.ee\/pl\/toode\/presto-pilaw-zestaw-zawiera-5-szt\/\" \/>\n<meta property=\"og:site_name\" content=\"Toidupakk.ee - Tactical Foodpack toidupakid\" \/>\n<meta property=\"article:publisher\" content=\"https:\/\/www.facebook.com\/Toidupakk\" \/>\n<meta property=\"article:modified_time\" content=\"2026-04-03T21:01:28+00:00\" \/>\n<meta property=\"og:image\" content=\"https:\/\/toidupakk.ee\/wp-content\/uploads\/2025\/11\/Pilaff-presto-komplekt.jpg\" \/>\n\t<meta property=\"og:image:width\" content=\"800\" \/>\n\t<meta property=\"og:image:height\" content=\"800\" \/>\n\t<meta property=\"og:image:type\" content=\"image\/jpeg\" \/>\n<meta name=\"twitter:card\" content=\"summary_large_image\" \/>\n<meta name=\"twitter:label1\" content=\"Szacowany czas czytania\" \/>\n\t<meta name=\"twitter:data1\" content=\"1 minuta\" \/>\n<script type=\"application\/ld+json\" class=\"yoast-schema-graph\">{\"@context\":\"https:\/\/schema.org\",\"@graph\":[{\"@type\":\"WebPage\",\"@id\":\"https:\/\/toidupakk.ee\/pl\/toode\/presto-pilaw-zestaw-zawiera-5-szt\/\",\"url\":\"https:\/\/toidupakk.ee\/pl\/toode\/presto-pilaw-zestaw-zawiera-5-szt\/\",\"name\":\"PRESTO Pilaw (zestaw zawiera 5 szt.)\",\"isPartOf\":{\"@id\":\"https:\/\/toidupakk.ee\/pl\/#website\"},\"primaryImageOfPage\":{\"@id\":\"https:\/\/toidupakk.ee\/pl\/toode\/presto-pilaw-zestaw-zawiera-5-szt\/#primaryimage\"},\"image\":{\"@id\":\"https:\/\/toidupakk.ee\/pl\/toode\/presto-pilaw-zestaw-zawiera-5-szt\/#primaryimage\"},\"thumbnailUrl\":\"https:\/\/toidupakk.ee\/wp-content\/uploads\/2025\/11\/Pilaff-presto-komplekt.jpg\",\"datePublished\":\"2025-11-07T09:27:36+00:00\",\"dateModified\":\"2026-04-03T21:01:28+00:00\",\"description\":\"PRESTO Pilaw \u2013 zestaw 5 posi\u0142k\u00f3w. Danie gotowe, kt\u00f3re oferuje szybkie i proste rozwi\u0105zanie na ka\u017cdy dzie\u0144 \u2013 wystarczy tylko podgrza\u0107.\",\"breadcrumb\":{\"@id\":\"https:\/\/toidupakk.ee\/pl\/toode\/presto-pilaw-zestaw-zawiera-5-szt\/#breadcrumb\"},\"inLanguage\":\"pl-PL\",\"potentialAction\":[{\"@type\":\"ReadAction\",\"target\":[\"https:\/\/toidupakk.ee\/pl\/toode\/presto-pilaw-zestaw-zawiera-5-szt\/\"]}]},{\"@type\":\"ImageObject\",\"inLanguage\":\"pl-PL\",\"@id\":\"https:\/\/toidupakk.ee\/pl\/toode\/presto-pilaw-zestaw-zawiera-5-szt\/#primaryimage\",\"url\":\"https:\/\/toidupakk.ee\/wp-content\/uploads\/2025\/11\/Pilaff-presto-komplekt.jpg\",\"contentUrl\":\"https:\/\/toidupakk.ee\/wp-content\/uploads\/2025\/11\/Pilaff-presto-komplekt.jpg\",\"width\":800,\"height\":800,\"caption\":\"Presto pilaff on t\u00e4isv\u00e4\u00e4rtuslik toidukord, mis sobib igaks hetkeks. Seda on lihtne nautida igal ajal \u2013 olgu see matkale, kontorisse v\u00f5i tavap\u00e4raseks toidukorraks kodus. S\u00e4ilitusaineteta ja sobib nii lastele kui t\u00e4iskasvanutele.\"},{\"@type\":\"BreadcrumbList\",\"@id\":\"https:\/\/toidupakk.ee\/pl\/toode\/presto-pilaw-zestaw-zawiera-5-szt\/#breadcrumb\",\"itemListElement\":[{\"@type\":\"ListItem\",\"position\":1,\"name\":\"Avaleht\",\"item\":\"https:\/\/toidupakk.ee\/pl\/\"},{\"@type\":\"ListItem\",\"position\":2,\"name\":\"Sklep internetowy\",\"item\":\"https:\/\/toidupakk.ee\/pl\/sklep-internetowy\/\"},{\"@type\":\"ListItem\",\"position\":3,\"name\":\"PRESTO Pilaw (zestaw zawiera 5 szt.)\"}]},{\"@type\":\"WebSite\",\"@id\":\"https:\/\/toidupakk.ee\/pl\/#website\",\"url\":\"https:\/\/toidupakk.ee\/pl\/\",\"name\":\"Toidupakk.ee - Tactical Foodpack toidupakid\",\"description\":\"Tactical Foodpack k\u00fclmkuivatatud toidupakid ja matkaeined\",\"publisher\":{\"@id\":\"https:\/\/toidupakk.ee\/pl\/#organization\"},\"potentialAction\":[{\"@type\":\"SearchAction\",\"target\":{\"@type\":\"EntryPoint\",\"urlTemplate\":\"https:\/\/toidupakk.ee\/pl\/?s={search_term_string}\"},\"query-input\":{\"@type\":\"PropertyValueSpecification\",\"valueRequired\":true,\"valueName\":\"search_term_string\"}}],\"inLanguage\":\"pl-PL\"},{\"@type\":\"Organization\",\"@id\":\"https:\/\/toidupakk.ee\/pl\/#organization\",\"name\":\"Tactical Foodpack matkaeined\",\"url\":\"https:\/\/toidupakk.ee\/pl\/\",\"logo\":{\"@type\":\"ImageObject\",\"inLanguage\":\"pl-PL\",\"@id\":\"https:\/\/toidupakk.ee\/pl\/#\/schema\/logo\/image\/\",\"url\":\"https:\/\/toidupakk.ee\/wp-content\/uploads\/2022\/01\/Toidupakk-matkapood-logo-transparent.png\",\"contentUrl\":\"https:\/\/toidupakk.ee\/wp-content\/uploads\/2022\/01\/Toidupakk-matkapood-logo-transparent.png\",\"width\":500,\"height\":500,\"caption\":\"Tactical Foodpack matkaeined\"},\"image\":{\"@id\":\"https:\/\/toidupakk.ee\/pl\/#\/schema\/logo\/image\/\"},\"sameAs\":[\"https:\/\/www.facebook.com\/Toidupakk\",\"https:\/\/www.instagram.com\/toidupakk\/\"]}]}<\/script>\n<!-- \/ Yoast SEO plugin. -->","yoast_head_json":{"title":"PRESTO Pilaw (zestaw zawiera 5 szt.)","description":"PRESTO Pilaw \u2013 zestaw 5 posi\u0142k\u00f3w. Danie gotowe, kt\u00f3re oferuje szybkie i proste rozwi\u0105zanie na ka\u017cdy dzie\u0144 \u2013 wystarczy tylko podgrza\u0107.","robots":{"index":"index","follow":"follow","max-snippet":"max-snippet:-1","max-image-preview":"max-image-preview:large","max-video-preview":"max-video-preview:-1"},"canonical":"https:\/\/toidupakk.ee\/pl\/toode\/presto-pilaw-zestaw-zawiera-5-szt\/","og_locale":"pl_PL","og_type":"article","og_title":"PRESTO Pilaw (zestaw zawiera 5 szt.)","og_description":"PRESTO Pilaw \u2013 zestaw 5 posi\u0142k\u00f3w. Danie gotowe, kt\u00f3re oferuje szybkie i proste rozwi\u0105zanie na ka\u017cdy dzie\u0144 \u2013 wystarczy tylko podgrza\u0107.","og_url":"https:\/\/toidupakk.ee\/pl\/toode\/presto-pilaw-zestaw-zawiera-5-szt\/","og_site_name":"Toidupakk.ee - Tactical Foodpack toidupakid","article_publisher":"https:\/\/www.facebook.com\/Toidupakk","article_modified_time":"2026-04-03T21:01:28+00:00","og_image":[{"width":800,"height":800,"url":"https:\/\/toidupakk.ee\/wp-content\/uploads\/2025\/11\/Pilaff-presto-komplekt.jpg","type":"image\/jpeg"}],"twitter_card":"summary_large_image","twitter_misc":{"Szacowany czas czytania":"1 minuta"},"schema":{"@context":"https:\/\/schema.org","@graph":[{"@type":"WebPage","@id":"https:\/\/toidupakk.ee\/pl\/toode\/presto-pilaw-zestaw-zawiera-5-szt\/","url":"https:\/\/toidupakk.ee\/pl\/toode\/presto-pilaw-zestaw-zawiera-5-szt\/","name":"PRESTO Pilaw (zestaw zawiera 5 szt.)","isPartOf":{"@id":"https:\/\/toidupakk.ee\/pl\/#website"},"primaryImageOfPage":{"@id":"https:\/\/toidupakk.ee\/pl\/toode\/presto-pilaw-zestaw-zawiera-5-szt\/#primaryimage"},"image":{"@id":"https:\/\/toidupakk.ee\/pl\/toode\/presto-pilaw-zestaw-zawiera-5-szt\/#primaryimage"},"thumbnailUrl":"https:\/\/toidupakk.ee\/wp-content\/uploads\/2025\/11\/Pilaff-presto-komplekt.jpg","datePublished":"2025-11-07T09:27:36+00:00","dateModified":"2026-04-03T21:01:28+00:00","description":"PRESTO Pilaw \u2013 zestaw 5 posi\u0142k\u00f3w. Danie gotowe, kt\u00f3re oferuje szybkie i proste rozwi\u0105zanie na ka\u017cdy dzie\u0144 \u2013 wystarczy tylko podgrza\u0107.","breadcrumb":{"@id":"https:\/\/toidupakk.ee\/pl\/toode\/presto-pilaw-zestaw-zawiera-5-szt\/#breadcrumb"},"inLanguage":"pl-PL","potentialAction":[{"@type":"ReadAction","target":["https:\/\/toidupakk.ee\/pl\/toode\/presto-pilaw-zestaw-zawiera-5-szt\/"]}]},{"@type":"ImageObject","inLanguage":"pl-PL","@id":"https:\/\/toidupakk.ee\/pl\/toode\/presto-pilaw-zestaw-zawiera-5-szt\/#primaryimage","url":"https:\/\/toidupakk.ee\/wp-content\/uploads\/2025\/11\/Pilaff-presto-komplekt.jpg","contentUrl":"https:\/\/toidupakk.ee\/wp-content\/uploads\/2025\/11\/Pilaff-presto-komplekt.jpg","width":800,"height":800,"caption":"Presto pilaff on t\u00e4isv\u00e4\u00e4rtuslik toidukord, mis sobib igaks hetkeks. Seda on lihtne nautida igal ajal \u2013 olgu see matkale, kontorisse v\u00f5i tavap\u00e4raseks toidukorraks kodus. S\u00e4ilitusaineteta ja sobib nii lastele kui t\u00e4iskasvanutele."},{"@type":"BreadcrumbList","@id":"https:\/\/toidupakk.ee\/pl\/toode\/presto-pilaw-zestaw-zawiera-5-szt\/#breadcrumb","itemListElement":[{"@type":"ListItem","position":1,"name":"Avaleht","item":"https:\/\/toidupakk.ee\/pl\/"},{"@type":"ListItem","position":2,"name":"Sklep internetowy","item":"https:\/\/toidupakk.ee\/pl\/sklep-internetowy\/"},{"@type":"ListItem","position":3,"name":"PRESTO Pilaw (zestaw zawiera 5 szt.)"}]},{"@type":"WebSite","@id":"https:\/\/toidupakk.ee\/pl\/#website","url":"https:\/\/toidupakk.ee\/pl\/","name":"Toidupakk.ee - Tactical Foodpack toidupakid","description":"Tactical Foodpack k\u00fclmkuivatatud toidupakid ja matkaeined","publisher":{"@id":"https:\/\/toidupakk.ee\/pl\/#organization"},"potentialAction":[{"@type":"SearchAction","target":{"@type":"EntryPoint","urlTemplate":"https:\/\/toidupakk.ee\/pl\/?s={search_term_string}"},"query-input":{"@type":"PropertyValueSpecification","valueRequired":true,"valueName":"search_term_string"}}],"inLanguage":"pl-PL"},{"@type":"Organization","@id":"https:\/\/toidupakk.ee\/pl\/#organization","name":"Tactical Foodpack matkaeined","url":"https:\/\/toidupakk.ee\/pl\/","logo":{"@type":"ImageObject","inLanguage":"pl-PL","@id":"https:\/\/toidupakk.ee\/pl\/#\/schema\/logo\/image\/","url":"https:\/\/toidupakk.ee\/wp-content\/uploads\/2022\/01\/Toidupakk-matkapood-logo-transparent.png","contentUrl":"https:\/\/toidupakk.ee\/wp-content\/uploads\/2022\/01\/Toidupakk-matkapood-logo-transparent.png","width":500,"height":500,"caption":"Tactical Foodpack matkaeined"},"image":{"@id":"https:\/\/toidupakk.ee\/pl\/#\/schema\/logo\/image\/"},"sameAs":["https:\/\/www.facebook.com\/Toidupakk","https:\/\/www.instagram.com\/toidupakk\/"]}]}},"jetpack_sharing_enabled":true,"_links":{"self":[{"href":"https:\/\/toidupakk.ee\/pl\/wp-json\/wp\/v2\/product\/49815","targetHints":{"allow":["GET"]}}],"collection":[{"href":"https:\/\/toidupakk.ee\/pl\/wp-json\/wp\/v2\/product"}],"about":[{"href":"https:\/\/toidupakk.ee\/pl\/wp-json\/wp\/v2\/types\/product"}],"replies":[{"embeddable":true,"href":"https:\/\/toidupakk.ee\/pl\/wp-json\/wp\/v2\/comments?post=49815"}],"wp:featuredmedia":[{"embeddable":true,"href":"https:\/\/toidupakk.ee\/pl\/wp-json\/wp\/v2\/media\/41104"}],"wp:attachment":[{"href":"https:\/\/toidupakk.ee\/pl\/wp-json\/wp\/v2\/media?parent=49815"}],"wp:term":[{"taxonomy":"product_brand","embeddable":true,"href":"https:\/\/toidupakk.ee\/pl\/wp-json\/wp\/v2\/product_brand?post=49815"},{"taxonomy":"product_cat","embeddable":true,"href":"https:\/\/toidupakk.ee\/pl\/wp-json\/wp\/v2\/product_cat?post=49815"},{"taxonomy":"product_tag","embeddable":true,"href":"https:\/\/toidupakk.ee\/pl\/wp-json\/wp\/v2\/product_tag?post=49815"}],"curies":[{"name":"wp","href":"https:\/\/api.w.org\/{rel}","templated":true}]}}