{"id":49787,"date":"2025-11-05T11:28:49","date_gmt":"2025-11-05T09:28:49","guid":{"rendered":"https:\/\/toidupakk.ee\/toode\/czapka-odblaskowa-z-ciepla-podszewka-polarowa-norfin\/"},"modified":"2026-04-29T16:32:08","modified_gmt":"2026-04-29T13:32:08","slug":"czapka-odblaskowa-z-ciepla-podszewka-polarowa-norfin","status":"publish","type":"product","link":"https:\/\/toidupakk.ee\/pl\/toode\/czapka-odblaskowa-z-ciepla-podszewka-polarowa-norfin\/","title":{"rendered":"Czapka odblaskowa z ciep\u0142\u0105 podszewk\u0105 polarow\u0105 Norfin\u00ae"},"content":{"rendered":"<h3 data-start=\"207\" data-end=\"283\"><strong data-start=\"211\" data-end=\"283\">Czapka odblaskowa z ciep\u0142\u0105 podszewk\u0105 polarow\u0105 Norfin\u00ae \u2013 ciep\u0142y, wygodny i bezpieczny wyb\u00f3r na zim\u0119<\/strong><\/h3>\n<p data-start=\"285\" data-end=\"625\">Czapka odblaskowa z ciep\u0142\u0105 podszewk\u0105 polarow\u0105 Norfin\u00ae zosta\u0142a zaprojektowana, aby zapewni\u0107 maksymalny komfort i ciep\u0142o w mro\u017ane zimowe miesi\u0105ce. Czapka jest wykonana z wysokiej jako\u015bci <strong data-start=\"417\" data-end=\"435\">100% akrylu<\/strong>, kt\u00f3ry jest trwa\u0142y, lekki i odporny na wilgo\u0107. Wewn\u0119trzna <strong data-start=\"509\" data-end=\"530\">mi\u0119kka podszewka z polaru<\/strong> utrzymuje przyjemne ciep\u0142o g\u0142owy i zwi\u0119ksza komfort noszenia nawet podczas d\u0142u\u017cszych wypraw.  <\/p>\n<p data-start=\"627\" data-end=\"876\">To, co wyr\u00f3\u017cnia t\u0119 czapk\u0119, to <strong data-start=\"654\" data-end=\"682\">zastosowanie odblaskowych nici<\/strong> wplecionych bezpo\u015brednio w struktur\u0119 materia\u0142u. Pomagaj\u0105 one zapewni\u0107 lepsz\u0105 widoczno\u015b\u0107 o zmierzchu i w nocy \u2013 niezale\u017cnie od tego, czy spacerujesz, je\u017adzisz na nartach, w\u0119dkujesz, czy poruszasz si\u0119 po miejskich ulicach. Bezpiecze\u0144stwo i styl w jednym!  <\/p>\n<p data-start=\"878\" data-end=\"1069\">Szary odcie\u0144 i minimalistyczny design sprawiaj\u0105, \u017ce czapka jest uniwersalnym dodatkiem, kt\u00f3ry pasuje zar\u00f3wno do sportowych, jak i codziennych stylizacji.<\/p>\n<p>Interesuj\u0105 Ci\u0119 akcesoria turystyczne? Sprawd\u017a szczeg\u00f3\u0142y  <a href=\"https:\/\/toidupakk.ee\/pl\/tootekategooria\/sprzet-turystyczny\/#section-3-79\">TUTAJ<\/a><\/p>\n<p>A mo\u017ce interesuje Ci\u0119 \u017cywno\u015b\u0107 turystyczna? Zobacz <a href=\"https:\/\/toidupakk.ee\/pl\/tootekategooria\/dania-glowne\/\">TUTAJ<\/a><\/p>\n<p>Znajd\u017a inspiracj\u0119 na kolejne przygody na <a href=\"https:\/\/www.instagram.com\/toidupakk\/\">Instagramie<\/a> i <a href=\"https:\/\/www.facebook.com\/Toidupakk\/\">Facebooku<\/a> Toidupakk.<\/p>\n","protected":false},"excerpt":{"rendered":"<p data-start=\"175\" data-end=\"415\"><strong>Czapka odblaskowa z ciep\u0142\u0105 podszewk\u0105 polarow\u0105 Norfin\u00ae &#8211; ciep\u0142a i wygodna czapka zimowa z odblaskowymi ni\u0107mi dla lepszej widoczno\u015bci po zmroku. Materia\u0142 wykonany w 100% z akrylu i mi\u0119kka polarowa podszewka chroni\u0105 przed zimnem nawet w trudnych warunkach. Popularny i praktyczny wyb\u00f3r na co dzie\u0144.  <\/strong><\/p>\n<ul>\n<li>Dzianinowa czapka z mi\u0119kk\u0105 podszewk\u0105 polarow\u0105<\/li>\n<li>Odblaskowe nici poprawiaj\u0105 widoczno\u015b\u0107 po zmroku<\/li>\n<li>Materia\u0142: 100% akryl<\/li>\n<li>Kolor: Srebrzystoszary<\/li>\n<\/ul>\n<p><img decoding=\"async\" class=\"alignnone wp-image-37368\" src=\"https:\/\/toidupakk.ee\/wp-content\/uploads\/2025\/07\/Norfin-logo-225x100-1.png\" alt=\"\" width=\"150\" height=\"67\"><\/p>\n<p data-start=\"586\" data-end=\"630\">\u2705 Dost\u0119pne w magazynie, szybka dostawa w 1\u20133 dni robocze<\/p>\n","protected":false},"featured_media":40248,"comment_status":"open","ping_status":"closed","template":"","meta":{"_acf_changed":false},"product_brand":[],"product_cat":[303,350,311,326,301],"product_tag":[],"class_list":{"0":"post-49787","1":"product","2":"type-product","3":"status-publish","4":"has-post-thumbnail","6":"product_cat-akcesoria-turystyczne","7":"product_cat-czapki","8":"product_cat-praktyczne-pomysly-na-prezent","9":"product_cat-produkty-zimowe","10":"product_cat-sprzet-turystyczny","12":"first","13":"instock","14":"taxable","15":"shipping-taxable","16":"purchasable","17":"product-type-variable","18":"has-default-attributes"},"bundled_by":[],"bundle_stock_status":"instock","bundle_stock_quantity":null,"bundle_virtual":false,"bundle_layout":"","bundle_add_to_cart_form_location":"","bundle_editable_in_cart":false,"bundle_sold_individually_context":"","bundle_item_grouping":"","bundle_min_size":"","bundle_max_size":"","bundle_price":[],"bundled_items":[],"bundle_sell_ids":[],"acf":[],"yoast_head":"<!-- This site is optimized with the Yoast SEO plugin v27.3 - https:\/\/yoast.com\/product\/yoast-seo-wordpress\/ -->\n<title>Czapka odblaskowa z ciep\u0142\u0105 podszewk\u0105 polarow\u0105 Norfin\u00ae<\/title>\n<meta name=\"description\" content=\"Czapka odblaskowa z ciep\u0142\u0105 podszewk\u0105 polarow\u0105 Norfin\u00ae zapewnia ciep\u0142o w mro\u017ane dni i poprawia widoczno\u015b\u0107 po zmroku dzi\u0119ki odblaskowym niciom. Wygodna i lekka.\" \/>\n<meta name=\"robots\" content=\"index, follow, max-snippet:-1, max-image-preview:large, max-video-preview:-1\" \/>\n<link rel=\"canonical\" href=\"https:\/\/toidupakk.ee\/pl\/toode\/czapka-odblaskowa-z-ciepla-podszewka-polarowa-norfin\/\" \/>\n<meta property=\"og:locale\" content=\"pl_PL\" \/>\n<meta property=\"og:type\" content=\"article\" \/>\n<meta property=\"og:title\" content=\"Czapka odblaskowa z ciep\u0142\u0105 podszewk\u0105 polarow\u0105 Norfin\u00ae\" \/>\n<meta property=\"og:description\" content=\"Czapka odblaskowa z ciep\u0142\u0105 podszewk\u0105 polarow\u0105 Norfin\u00ae zapewnia ciep\u0142o w mro\u017ane dni i poprawia widoczno\u015b\u0107 po zmroku dzi\u0119ki odblaskowym niciom. Wygodna i lekka.\" \/>\n<meta property=\"og:url\" content=\"https:\/\/toidupakk.ee\/pl\/toode\/czapka-odblaskowa-z-ciepla-podszewka-polarowa-norfin\/\" \/>\n<meta property=\"og:site_name\" content=\"Toidupakk.ee - Tactical Foodpack toidupakid\" \/>\n<meta property=\"article:publisher\" content=\"https:\/\/www.facebook.com\/Toidupakk\" \/>\n<meta property=\"article:modified_time\" content=\"2026-04-29T13:32:08+00:00\" \/>\n<meta property=\"og:image\" content=\"https:\/\/toidupakk.ee\/wp-content\/uploads\/2025\/10\/Nimetu-kujundus-40.png\" \/>\n\t<meta property=\"og:image:width\" content=\"800\" \/>\n\t<meta property=\"og:image:height\" content=\"800\" \/>\n\t<meta property=\"og:image:type\" content=\"image\/png\" \/>\n<meta name=\"twitter:card\" content=\"summary_large_image\" \/>\n<meta name=\"twitter:label1\" content=\"Szacowany czas czytania\" \/>\n\t<meta name=\"twitter:data1\" content=\"1 minuta\" \/>\n<script type=\"application\/ld+json\" class=\"yoast-schema-graph\">{\"@context\":\"https:\\\/\\\/schema.org\",\"@graph\":[{\"@type\":\"WebPage\",\"@id\":\"https:\\\/\\\/toidupakk.ee\\\/pl\\\/toode\\\/czapka-odblaskowa-z-ciepla-podszewka-polarowa-norfin\\\/\",\"url\":\"https:\\\/\\\/toidupakk.ee\\\/pl\\\/toode\\\/czapka-odblaskowa-z-ciepla-podszewka-polarowa-norfin\\\/\",\"name\":\"Czapka odblaskowa z ciep\u0142\u0105 podszewk\u0105 polarow\u0105 Norfin\u00ae\",\"isPartOf\":{\"@id\":\"https:\\\/\\\/toidupakk.ee\\\/pl\\\/#website\"},\"primaryImageOfPage\":{\"@id\":\"https:\\\/\\\/toidupakk.ee\\\/pl\\\/toode\\\/czapka-odblaskowa-z-ciepla-podszewka-polarowa-norfin\\\/#primaryimage\"},\"image\":{\"@id\":\"https:\\\/\\\/toidupakk.ee\\\/pl\\\/toode\\\/czapka-odblaskowa-z-ciepla-podszewka-polarowa-norfin\\\/#primaryimage\"},\"thumbnailUrl\":\"https:\\\/\\\/toidupakk.ee\\\/wp-content\\\/uploads\\\/2025\\\/10\\\/Nimetu-kujundus-40.png\",\"datePublished\":\"2025-11-05T09:28:49+00:00\",\"dateModified\":\"2026-04-29T13:32:08+00:00\",\"description\":\"Czapka odblaskowa z ciep\u0142\u0105 podszewk\u0105 polarow\u0105 Norfin\u00ae zapewnia ciep\u0142o w mro\u017ane dni i poprawia widoczno\u015b\u0107 po zmroku dzi\u0119ki odblaskowym niciom. Wygodna i lekka.\",\"breadcrumb\":{\"@id\":\"https:\\\/\\\/toidupakk.ee\\\/pl\\\/toode\\\/czapka-odblaskowa-z-ciepla-podszewka-polarowa-norfin\\\/#breadcrumb\"},\"inLanguage\":\"pl-PL\",\"potentialAction\":[{\"@type\":\"ReadAction\",\"target\":[\"https:\\\/\\\/toidupakk.ee\\\/pl\\\/toode\\\/czapka-odblaskowa-z-ciepla-podszewka-polarowa-norfin\\\/\"]}]},{\"@type\":\"ImageObject\",\"inLanguage\":\"pl-PL\",\"@id\":\"https:\\\/\\\/toidupakk.ee\\\/pl\\\/toode\\\/czapka-odblaskowa-z-ciepla-podszewka-polarowa-norfin\\\/#primaryimage\",\"url\":\"https:\\\/\\\/toidupakk.ee\\\/wp-content\\\/uploads\\\/2025\\\/10\\\/Nimetu-kujundus-40.png\",\"contentUrl\":\"https:\\\/\\\/toidupakk.ee\\\/wp-content\\\/uploads\\\/2025\\\/10\\\/Nimetu-kujundus-40.png\",\"width\":800,\"height\":800,\"caption\":\"Helkurm\u00fcts sooja fliisvoodriga Norfin\u00ae\"},{\"@type\":\"BreadcrumbList\",\"@id\":\"https:\\\/\\\/toidupakk.ee\\\/pl\\\/toode\\\/czapka-odblaskowa-z-ciepla-podszewka-polarowa-norfin\\\/#breadcrumb\",\"itemListElement\":[{\"@type\":\"ListItem\",\"position\":1,\"name\":\"Avaleht\",\"item\":\"https:\\\/\\\/toidupakk.ee\\\/pl\\\/\"},{\"@type\":\"ListItem\",\"position\":2,\"name\":\"Sklep internetowy\",\"item\":\"https:\\\/\\\/toidupakk.ee\\\/pl\\\/sklep-internetowy\\\/\"},{\"@type\":\"ListItem\",\"position\":3,\"name\":\"Czapka odblaskowa z ciep\u0142\u0105 podszewk\u0105 polarow\u0105 Norfin\u00ae\"}]},{\"@type\":\"WebSite\",\"@id\":\"https:\\\/\\\/toidupakk.ee\\\/pl\\\/#website\",\"url\":\"https:\\\/\\\/toidupakk.ee\\\/pl\\\/\",\"name\":\"Toidupakk.ee - Tactical Foodpack toidupakid\",\"description\":\"Tactical Foodpack k\u00fclmkuivatatud toidupakid ja matkaeined\",\"publisher\":{\"@id\":\"https:\\\/\\\/toidupakk.ee\\\/pl\\\/#organization\"},\"potentialAction\":[{\"@type\":\"SearchAction\",\"target\":{\"@type\":\"EntryPoint\",\"urlTemplate\":\"https:\\\/\\\/toidupakk.ee\\\/pl\\\/?s={search_term_string}\"},\"query-input\":{\"@type\":\"PropertyValueSpecification\",\"valueRequired\":true,\"valueName\":\"search_term_string\"}}],\"inLanguage\":\"pl-PL\"},{\"@type\":\"Organization\",\"@id\":\"https:\\\/\\\/toidupakk.ee\\\/pl\\\/#organization\",\"name\":\"Tactical Foodpack matkaeined\",\"url\":\"https:\\\/\\\/toidupakk.ee\\\/pl\\\/\",\"logo\":{\"@type\":\"ImageObject\",\"inLanguage\":\"pl-PL\",\"@id\":\"https:\\\/\\\/toidupakk.ee\\\/pl\\\/#\\\/schema\\\/logo\\\/image\\\/\",\"url\":\"https:\\\/\\\/toidupakk.ee\\\/wp-content\\\/uploads\\\/2022\\\/01\\\/Toidupakk-matkapood-logo-transparent.png\",\"contentUrl\":\"https:\\\/\\\/toidupakk.ee\\\/wp-content\\\/uploads\\\/2022\\\/01\\\/Toidupakk-matkapood-logo-transparent.png\",\"width\":500,\"height\":500,\"caption\":\"Tactical Foodpack matkaeined\"},\"image\":{\"@id\":\"https:\\\/\\\/toidupakk.ee\\\/pl\\\/#\\\/schema\\\/logo\\\/image\\\/\"},\"sameAs\":[\"https:\\\/\\\/www.facebook.com\\\/Toidupakk\",\"https:\\\/\\\/www.instagram.com\\\/toidupakk\\\/\"]}]}<\/script>\n<!-- \/ Yoast SEO plugin. -->","yoast_head_json":{"title":"Czapka odblaskowa z ciep\u0142\u0105 podszewk\u0105 polarow\u0105 Norfin\u00ae","description":"Czapka odblaskowa z ciep\u0142\u0105 podszewk\u0105 polarow\u0105 Norfin\u00ae zapewnia ciep\u0142o w mro\u017ane dni i poprawia widoczno\u015b\u0107 po zmroku dzi\u0119ki odblaskowym niciom. Wygodna i lekka.","robots":{"index":"index","follow":"follow","max-snippet":"max-snippet:-1","max-image-preview":"max-image-preview:large","max-video-preview":"max-video-preview:-1"},"canonical":"https:\/\/toidupakk.ee\/pl\/toode\/czapka-odblaskowa-z-ciepla-podszewka-polarowa-norfin\/","og_locale":"pl_PL","og_type":"article","og_title":"Czapka odblaskowa z ciep\u0142\u0105 podszewk\u0105 polarow\u0105 Norfin\u00ae","og_description":"Czapka odblaskowa z ciep\u0142\u0105 podszewk\u0105 polarow\u0105 Norfin\u00ae zapewnia ciep\u0142o w mro\u017ane dni i poprawia widoczno\u015b\u0107 po zmroku dzi\u0119ki odblaskowym niciom. Wygodna i lekka.","og_url":"https:\/\/toidupakk.ee\/pl\/toode\/czapka-odblaskowa-z-ciepla-podszewka-polarowa-norfin\/","og_site_name":"Toidupakk.ee - Tactical Foodpack toidupakid","article_publisher":"https:\/\/www.facebook.com\/Toidupakk","article_modified_time":"2026-04-29T13:32:08+00:00","og_image":[{"width":800,"height":800,"url":"https:\/\/toidupakk.ee\/wp-content\/uploads\/2025\/10\/Nimetu-kujundus-40.png","type":"image\/png"}],"twitter_card":"summary_large_image","twitter_misc":{"Szacowany czas czytania":"1 minuta"},"schema":{"@context":"https:\/\/schema.org","@graph":[{"@type":"WebPage","@id":"https:\/\/toidupakk.ee\/pl\/toode\/czapka-odblaskowa-z-ciepla-podszewka-polarowa-norfin\/","url":"https:\/\/toidupakk.ee\/pl\/toode\/czapka-odblaskowa-z-ciepla-podszewka-polarowa-norfin\/","name":"Czapka odblaskowa z ciep\u0142\u0105 podszewk\u0105 polarow\u0105 Norfin\u00ae","isPartOf":{"@id":"https:\/\/toidupakk.ee\/pl\/#website"},"primaryImageOfPage":{"@id":"https:\/\/toidupakk.ee\/pl\/toode\/czapka-odblaskowa-z-ciepla-podszewka-polarowa-norfin\/#primaryimage"},"image":{"@id":"https:\/\/toidupakk.ee\/pl\/toode\/czapka-odblaskowa-z-ciepla-podszewka-polarowa-norfin\/#primaryimage"},"thumbnailUrl":"https:\/\/toidupakk.ee\/wp-content\/uploads\/2025\/10\/Nimetu-kujundus-40.png","datePublished":"2025-11-05T09:28:49+00:00","dateModified":"2026-04-29T13:32:08+00:00","description":"Czapka odblaskowa z ciep\u0142\u0105 podszewk\u0105 polarow\u0105 Norfin\u00ae zapewnia ciep\u0142o w mro\u017ane dni i poprawia widoczno\u015b\u0107 po zmroku dzi\u0119ki odblaskowym niciom. Wygodna i lekka.","breadcrumb":{"@id":"https:\/\/toidupakk.ee\/pl\/toode\/czapka-odblaskowa-z-ciepla-podszewka-polarowa-norfin\/#breadcrumb"},"inLanguage":"pl-PL","potentialAction":[{"@type":"ReadAction","target":["https:\/\/toidupakk.ee\/pl\/toode\/czapka-odblaskowa-z-ciepla-podszewka-polarowa-norfin\/"]}]},{"@type":"ImageObject","inLanguage":"pl-PL","@id":"https:\/\/toidupakk.ee\/pl\/toode\/czapka-odblaskowa-z-ciepla-podszewka-polarowa-norfin\/#primaryimage","url":"https:\/\/toidupakk.ee\/wp-content\/uploads\/2025\/10\/Nimetu-kujundus-40.png","contentUrl":"https:\/\/toidupakk.ee\/wp-content\/uploads\/2025\/10\/Nimetu-kujundus-40.png","width":800,"height":800,"caption":"Helkurm\u00fcts sooja fliisvoodriga Norfin\u00ae"},{"@type":"BreadcrumbList","@id":"https:\/\/toidupakk.ee\/pl\/toode\/czapka-odblaskowa-z-ciepla-podszewka-polarowa-norfin\/#breadcrumb","itemListElement":[{"@type":"ListItem","position":1,"name":"Avaleht","item":"https:\/\/toidupakk.ee\/pl\/"},{"@type":"ListItem","position":2,"name":"Sklep internetowy","item":"https:\/\/toidupakk.ee\/pl\/sklep-internetowy\/"},{"@type":"ListItem","position":3,"name":"Czapka odblaskowa z ciep\u0142\u0105 podszewk\u0105 polarow\u0105 Norfin\u00ae"}]},{"@type":"WebSite","@id":"https:\/\/toidupakk.ee\/pl\/#website","url":"https:\/\/toidupakk.ee\/pl\/","name":"Toidupakk.ee - Tactical Foodpack toidupakid","description":"Tactical Foodpack k\u00fclmkuivatatud toidupakid ja matkaeined","publisher":{"@id":"https:\/\/toidupakk.ee\/pl\/#organization"},"potentialAction":[{"@type":"SearchAction","target":{"@type":"EntryPoint","urlTemplate":"https:\/\/toidupakk.ee\/pl\/?s={search_term_string}"},"query-input":{"@type":"PropertyValueSpecification","valueRequired":true,"valueName":"search_term_string"}}],"inLanguage":"pl-PL"},{"@type":"Organization","@id":"https:\/\/toidupakk.ee\/pl\/#organization","name":"Tactical Foodpack matkaeined","url":"https:\/\/toidupakk.ee\/pl\/","logo":{"@type":"ImageObject","inLanguage":"pl-PL","@id":"https:\/\/toidupakk.ee\/pl\/#\/schema\/logo\/image\/","url":"https:\/\/toidupakk.ee\/wp-content\/uploads\/2022\/01\/Toidupakk-matkapood-logo-transparent.png","contentUrl":"https:\/\/toidupakk.ee\/wp-content\/uploads\/2022\/01\/Toidupakk-matkapood-logo-transparent.png","width":500,"height":500,"caption":"Tactical Foodpack matkaeined"},"image":{"@id":"https:\/\/toidupakk.ee\/pl\/#\/schema\/logo\/image\/"},"sameAs":["https:\/\/www.facebook.com\/Toidupakk","https:\/\/www.instagram.com\/toidupakk\/"]}]}},"jetpack_sharing_enabled":true,"_links":{"self":[{"href":"https:\/\/toidupakk.ee\/pl\/wp-json\/wp\/v2\/product\/49787","targetHints":{"allow":["GET"]}}],"collection":[{"href":"https:\/\/toidupakk.ee\/pl\/wp-json\/wp\/v2\/product"}],"about":[{"href":"https:\/\/toidupakk.ee\/pl\/wp-json\/wp\/v2\/types\/product"}],"replies":[{"embeddable":true,"href":"https:\/\/toidupakk.ee\/pl\/wp-json\/wp\/v2\/comments?post=49787"}],"wp:featuredmedia":[{"embeddable":true,"href":"https:\/\/toidupakk.ee\/pl\/wp-json\/wp\/v2\/media\/40248"}],"wp:attachment":[{"href":"https:\/\/toidupakk.ee\/pl\/wp-json\/wp\/v2\/media?parent=49787"}],"wp:term":[{"taxonomy":"product_brand","embeddable":true,"href":"https:\/\/toidupakk.ee\/pl\/wp-json\/wp\/v2\/product_brand?post=49787"},{"taxonomy":"product_cat","embeddable":true,"href":"https:\/\/toidupakk.ee\/pl\/wp-json\/wp\/v2\/product_cat?post=49787"},{"taxonomy":"product_tag","embeddable":true,"href":"https:\/\/toidupakk.ee\/pl\/wp-json\/wp\/v2\/product_tag?post=49787"}],"curies":[{"name":"wp","href":"https:\/\/api.w.org\/{rel}","templated":true}]}}