{"id":49781,"date":"2025-11-05T11:09:43","date_gmt":"2025-11-05T09:09:43","guid":{"rendered":"https:\/\/toidupakk.ee\/toode\/czapka-zimowa-norfin-norway\/"},"modified":"2026-04-29T16:32:01","modified_gmt":"2026-04-29T13:32:01","slug":"czapka-zimowa-norfin-norway","status":"publish","type":"product","link":"https:\/\/toidupakk.ee\/pl\/toode\/czapka-zimowa-norfin-norway\/","title":{"rendered":"Czapka zimowa Norfin\u00ae Norway"},"content":{"rendered":"<p data-start=\"191\" data-end=\"557\">Czapka zimowa Norfin\u00ae Norway to niezawodny wyb\u00f3r, kt\u00f3ry zapewnia doskona\u0142e ciep\u0142o i komfort w ka\u017cdych mro\u017anych warunkach. Czapka jest dziana z wytrzyma\u0142ego <strong data-start=\"346\" data-end=\"364\">100% akrylu<\/strong>, co gwarantuje dobr\u0105 izolacj\u0119 termiczn\u0105 i wygod\u0119 nawet w wietrznych i wilgotnych warunkach. Wewn\u0119trzna <strong data-start=\"461\" data-end=\"480\">podszewka z poliestru<\/strong> dodaje dodatkowego ciep\u0142a i utrzymuje g\u0142ow\u0119 such\u0105 oraz rozgrzan\u0105 przez ca\u0142y dzie\u0144.  <\/p>\n<p data-start=\"559\" data-end=\"874\">Klasyczny zimowy wygl\u0105d czapki podkre\u015bla stylowy pompon, kt\u00f3ry nadaje jej sportowy i m\u0142odzie\u0144czy charakter. Szary kolor \u0142atwo dopasujesz zar\u00f3wno do stroju codziennego, jak i outdoorowego, co czyni j\u0105 praktycznym wyborem na co dzie\u0144 \u2013 niezale\u017cnie od tego, czy idziesz na spacer, zimow\u0105 w\u0119dr\u00f3wk\u0119, czy za\u0142atwiasz sprawy w mie\u015bcie. <\/p>\n<p data-start=\"559\" data-end=\"874\"><img fetchpriority=\"high\" decoding=\"async\" class=\"alignright wp-image-40250 size-thumbnail\" src=\"https:\/\/toidupakk.ee\/wp-content\/uploads\/2025\/10\/Nimetu-kujundus-42-500x500.png\" alt=\"Czapka zimowa Norfin\u00ae Norway utrzymuje ciep\u0142o dzi\u0119ki izoluj\u0105cej podszewce z poliestru. Wygodna, wytrzyma\u0142a i klasycznie zaprojektowana szara czapka do codziennego u\u017cytku.\" width=\"500\" height=\"500\" srcset=\"https:\/\/toidupakk.ee\/wp-content\/uploads\/2025\/10\/Nimetu-kujundus-42-500x500.png 500w, https:\/\/toidupakk.ee\/wp-content\/uploads\/2025\/10\/Nimetu-kujundus-42-300x300.png 300w, https:\/\/toidupakk.ee\/wp-content\/uploads\/2025\/10\/Nimetu-kujundus-42-768x768.png 768w, https:\/\/toidupakk.ee\/wp-content\/uploads\/2025\/10\/Nimetu-kujundus-42-400x400.png 400w, https:\/\/toidupakk.ee\/wp-content\/uploads\/2025\/10\/Nimetu-kujundus-42-100x100.png 100w, https:\/\/toidupakk.ee\/wp-content\/uploads\/2025\/10\/Nimetu-kujundus-42.png 800w\" sizes=\"(max-width: 500px) 100vw, 500px\" \/><\/p>\n<p data-start=\"876\" data-end=\"1090\">Czapka zimowa Norfin\u00ae Norway nale\u017cy do serii znanej z wysokiej jako\u015bci, trwa\u0142ych i funkcjonalnych produkt\u00f3w zimowych. Czapka jest dost\u0119pna w <strong data-start=\"1036\" data-end=\"1050\">rozmiarach L i XL<\/strong>, dzi\u0119ki czemu pasuje wi\u0119kszo\u015bci u\u017cytkownik\u00f3w. <\/p>\n<p>Interesujesz si\u0119 sprz\u0119tem turystycznym? Dowiedz si\u0119 wi\u0119cej  <a href=\"https:\/\/toidupakk.ee\/pl\/tootekategooria\/sprzet-turystyczny\/#section-3-79\">TUTAJ<\/a><\/p>\n<p>A mo\u017ce interesuje Ci\u0119 jedzenie turystyczne? Sprawd\u017a <a href=\"https:\/\/toidupakk.ee\/pl\/tootekategooria\/dania-glowne\/\">TUTAJ<\/a><\/p>\n<p>Znajd\u017a inspiracj\u0119 na kolejne przygody na <a href=\"https:\/\/www.instagram.com\/toidupakk\/\">Instagramie<\/a> i <a href=\"https:\/\/www.facebook.com\/Toidupakk\/\">Facebooku<\/a> Toidupakk.<\/p>\n<p>&nbsp;<\/p>\n","protected":false},"excerpt":{"rendered":"<p data-start=\"119\" data-end=\"391\"><b>Czapka zimowa Norfin\u00ae Norway to przyjemnie mi\u0119kka i ciep\u0142a czapka, kt\u00f3ra ogrzeje Ci\u0119 nawet podczas najwi\u0119kszych mroz\u00f3w. Stylowy pompon nadaje jej sportowy, zimowy charakter. Wygodny wyb\u00f3r do codziennego noszenia i aktywno\u015bci na \u015bwie\u017cym powietrzu.  <\/b><\/p>\n<ul>\n<li data-start=\"393\" data-end=\"522\">Ciep\u0142a podszewka i zimowy design<\/li>\n<li data-start=\"393\" data-end=\"522\">Materia\u0142: 100% akryl \/ podszewka poliestrowa<\/li>\n<li data-start=\"393\" data-end=\"522\"><img decoding=\"async\" class=\"alignnone wp-image-37368\" src=\"https:\/\/toidupakk.ee\/wp-content\/uploads\/2025\/07\/Norfin-logo-225x100-1.png\" alt=\"\" width=\"150\" height=\"67\"><\/li>\n<\/ul>\n<p data-start=\"524\" data-end=\"568\">\u2705 Dost\u0119pne w magazynie, szybka dostawa w 1\u20133 dni robocze<\/p>\n","protected":false},"featured_media":40251,"comment_status":"open","ping_status":"closed","template":"","meta":{"_acf_changed":false},"product_brand":[],"product_cat":[303,350,311,326,301],"product_tag":[],"class_list":{"0":"post-49781","1":"product","2":"type-product","3":"status-publish","4":"has-post-thumbnail","6":"product_cat-akcesoria-turystyczne","7":"product_cat-czapki","8":"product_cat-praktyczne-pomysly-na-prezent","9":"product_cat-produkty-zimowe","10":"product_cat-sprzet-turystyczny","12":"first","13":"instock","14":"taxable","15":"shipping-taxable","16":"purchasable","17":"product-type-variable","18":"has-default-attributes"},"bundled_by":[],"bundle_stock_status":"instock","bundle_stock_quantity":null,"bundle_virtual":false,"bundle_layout":"","bundle_add_to_cart_form_location":"","bundle_editable_in_cart":false,"bundle_sold_individually_context":"","bundle_item_grouping":"","bundle_min_size":"","bundle_max_size":"","bundle_price":[],"bundled_items":[],"bundle_sell_ids":[],"acf":[],"yoast_head":"<!-- This site is optimized with the Yoast SEO plugin v27.3 - https:\/\/yoast.com\/product\/yoast-seo-wordpress\/ -->\n<title>Czapka zimowa Norfin\u00ae Norway<\/title>\n<meta name=\"description\" content=\"Czapka zimowa Norfin\u00ae Norway zapewnia ciep\u0142o dzi\u0119ki izoluj\u0105cej podszewce z poliestru. Wygodna, wytrzyma\u0142a i stylowa czapka do codziennego noszenia.\" \/>\n<meta name=\"robots\" content=\"index, follow, max-snippet:-1, max-image-preview:large, max-video-preview:-1\" \/>\n<link rel=\"canonical\" href=\"https:\/\/toidupakk.ee\/pl\/toode\/czapka-zimowa-norfin-norway\/\" \/>\n<meta property=\"og:locale\" content=\"pl_PL\" \/>\n<meta property=\"og:type\" content=\"article\" \/>\n<meta property=\"og:title\" content=\"Czapka zimowa Norfin\u00ae Norway\" \/>\n<meta property=\"og:description\" content=\"Czapka zimowa Norfin\u00ae Norway zapewnia ciep\u0142o dzi\u0119ki izoluj\u0105cej podszewce z poliestru. Wygodna, wytrzyma\u0142a i stylowa czapka do codziennego noszenia.\" \/>\n<meta property=\"og:url\" content=\"https:\/\/toidupakk.ee\/pl\/toode\/czapka-zimowa-norfin-norway\/\" \/>\n<meta property=\"og:site_name\" content=\"Toidupakk.ee - Tactical Foodpack toidupakid\" \/>\n<meta property=\"article:publisher\" content=\"https:\/\/www.facebook.com\/Toidupakk\" \/>\n<meta property=\"article:modified_time\" content=\"2026-04-29T13:32:01+00:00\" \/>\n<meta property=\"og:image\" content=\"https:\/\/toidupakk.ee\/wp-content\/uploads\/2025\/10\/Nimetu-kujundus-41.png\" \/>\n\t<meta property=\"og:image:width\" content=\"800\" \/>\n\t<meta property=\"og:image:height\" content=\"800\" \/>\n\t<meta property=\"og:image:type\" content=\"image\/png\" \/>\n<meta name=\"twitter:card\" content=\"summary_large_image\" \/>\n<meta name=\"twitter:label1\" content=\"Szacowany czas czytania\" \/>\n\t<meta name=\"twitter:data1\" content=\"1 minuta\" \/>\n<script type=\"application\/ld+json\" class=\"yoast-schema-graph\">{\"@context\":\"https:\\\/\\\/schema.org\",\"@graph\":[{\"@type\":\"WebPage\",\"@id\":\"https:\\\/\\\/toidupakk.ee\\\/pl\\\/toode\\\/czapka-zimowa-norfin-norway\\\/\",\"url\":\"https:\\\/\\\/toidupakk.ee\\\/pl\\\/toode\\\/czapka-zimowa-norfin-norway\\\/\",\"name\":\"Czapka zimowa Norfin\u00ae Norway\",\"isPartOf\":{\"@id\":\"https:\\\/\\\/toidupakk.ee\\\/pl\\\/#website\"},\"primaryImageOfPage\":{\"@id\":\"https:\\\/\\\/toidupakk.ee\\\/pl\\\/toode\\\/czapka-zimowa-norfin-norway\\\/#primaryimage\"},\"image\":{\"@id\":\"https:\\\/\\\/toidupakk.ee\\\/pl\\\/toode\\\/czapka-zimowa-norfin-norway\\\/#primaryimage\"},\"thumbnailUrl\":\"https:\\\/\\\/toidupakk.ee\\\/wp-content\\\/uploads\\\/2025\\\/10\\\/Nimetu-kujundus-41.png\",\"datePublished\":\"2025-11-05T09:09:43+00:00\",\"dateModified\":\"2026-04-29T13:32:01+00:00\",\"description\":\"Czapka zimowa Norfin\u00ae Norway zapewnia ciep\u0142o dzi\u0119ki izoluj\u0105cej podszewce z poliestru. Wygodna, wytrzyma\u0142a i stylowa czapka do codziennego noszenia.\",\"breadcrumb\":{\"@id\":\"https:\\\/\\\/toidupakk.ee\\\/pl\\\/toode\\\/czapka-zimowa-norfin-norway\\\/#breadcrumb\"},\"inLanguage\":\"pl-PL\",\"potentialAction\":[{\"@type\":\"ReadAction\",\"target\":[\"https:\\\/\\\/toidupakk.ee\\\/pl\\\/toode\\\/czapka-zimowa-norfin-norway\\\/\"]}]},{\"@type\":\"ImageObject\",\"inLanguage\":\"pl-PL\",\"@id\":\"https:\\\/\\\/toidupakk.ee\\\/pl\\\/toode\\\/czapka-zimowa-norfin-norway\\\/#primaryimage\",\"url\":\"https:\\\/\\\/toidupakk.ee\\\/wp-content\\\/uploads\\\/2025\\\/10\\\/Nimetu-kujundus-41.png\",\"contentUrl\":\"https:\\\/\\\/toidupakk.ee\\\/wp-content\\\/uploads\\\/2025\\\/10\\\/Nimetu-kujundus-41.png\",\"width\":800,\"height\":800},{\"@type\":\"BreadcrumbList\",\"@id\":\"https:\\\/\\\/toidupakk.ee\\\/pl\\\/toode\\\/czapka-zimowa-norfin-norway\\\/#breadcrumb\",\"itemListElement\":[{\"@type\":\"ListItem\",\"position\":1,\"name\":\"Avaleht\",\"item\":\"https:\\\/\\\/toidupakk.ee\\\/pl\\\/\"},{\"@type\":\"ListItem\",\"position\":2,\"name\":\"Sklep internetowy\",\"item\":\"https:\\\/\\\/toidupakk.ee\\\/pl\\\/sklep-internetowy\\\/\"},{\"@type\":\"ListItem\",\"position\":3,\"name\":\"Czapka zimowa Norfin\u00ae Norway\"}]},{\"@type\":\"WebSite\",\"@id\":\"https:\\\/\\\/toidupakk.ee\\\/pl\\\/#website\",\"url\":\"https:\\\/\\\/toidupakk.ee\\\/pl\\\/\",\"name\":\"Toidupakk.ee - Tactical Foodpack toidupakid\",\"description\":\"Tactical Foodpack k\u00fclmkuivatatud toidupakid ja matkaeined\",\"publisher\":{\"@id\":\"https:\\\/\\\/toidupakk.ee\\\/pl\\\/#organization\"},\"potentialAction\":[{\"@type\":\"SearchAction\",\"target\":{\"@type\":\"EntryPoint\",\"urlTemplate\":\"https:\\\/\\\/toidupakk.ee\\\/pl\\\/?s={search_term_string}\"},\"query-input\":{\"@type\":\"PropertyValueSpecification\",\"valueRequired\":true,\"valueName\":\"search_term_string\"}}],\"inLanguage\":\"pl-PL\"},{\"@type\":\"Organization\",\"@id\":\"https:\\\/\\\/toidupakk.ee\\\/pl\\\/#organization\",\"name\":\"Tactical Foodpack matkaeined\",\"url\":\"https:\\\/\\\/toidupakk.ee\\\/pl\\\/\",\"logo\":{\"@type\":\"ImageObject\",\"inLanguage\":\"pl-PL\",\"@id\":\"https:\\\/\\\/toidupakk.ee\\\/pl\\\/#\\\/schema\\\/logo\\\/image\\\/\",\"url\":\"https:\\\/\\\/toidupakk.ee\\\/wp-content\\\/uploads\\\/2022\\\/01\\\/Toidupakk-matkapood-logo-transparent.png\",\"contentUrl\":\"https:\\\/\\\/toidupakk.ee\\\/wp-content\\\/uploads\\\/2022\\\/01\\\/Toidupakk-matkapood-logo-transparent.png\",\"width\":500,\"height\":500,\"caption\":\"Tactical Foodpack matkaeined\"},\"image\":{\"@id\":\"https:\\\/\\\/toidupakk.ee\\\/pl\\\/#\\\/schema\\\/logo\\\/image\\\/\"},\"sameAs\":[\"https:\\\/\\\/www.facebook.com\\\/Toidupakk\",\"https:\\\/\\\/www.instagram.com\\\/toidupakk\\\/\"]}]}<\/script>\n<!-- \/ Yoast SEO plugin. -->","yoast_head_json":{"title":"Czapka zimowa Norfin\u00ae Norway","description":"Czapka zimowa Norfin\u00ae Norway zapewnia ciep\u0142o dzi\u0119ki izoluj\u0105cej podszewce z poliestru. Wygodna, wytrzyma\u0142a i stylowa czapka do codziennego noszenia.","robots":{"index":"index","follow":"follow","max-snippet":"max-snippet:-1","max-image-preview":"max-image-preview:large","max-video-preview":"max-video-preview:-1"},"canonical":"https:\/\/toidupakk.ee\/pl\/toode\/czapka-zimowa-norfin-norway\/","og_locale":"pl_PL","og_type":"article","og_title":"Czapka zimowa Norfin\u00ae Norway","og_description":"Czapka zimowa Norfin\u00ae Norway zapewnia ciep\u0142o dzi\u0119ki izoluj\u0105cej podszewce z poliestru. Wygodna, wytrzyma\u0142a i stylowa czapka do codziennego noszenia.","og_url":"https:\/\/toidupakk.ee\/pl\/toode\/czapka-zimowa-norfin-norway\/","og_site_name":"Toidupakk.ee - Tactical Foodpack toidupakid","article_publisher":"https:\/\/www.facebook.com\/Toidupakk","article_modified_time":"2026-04-29T13:32:01+00:00","og_image":[{"width":800,"height":800,"url":"https:\/\/toidupakk.ee\/wp-content\/uploads\/2025\/10\/Nimetu-kujundus-41.png","type":"image\/png"}],"twitter_card":"summary_large_image","twitter_misc":{"Szacowany czas czytania":"1 minuta"},"schema":{"@context":"https:\/\/schema.org","@graph":[{"@type":"WebPage","@id":"https:\/\/toidupakk.ee\/pl\/toode\/czapka-zimowa-norfin-norway\/","url":"https:\/\/toidupakk.ee\/pl\/toode\/czapka-zimowa-norfin-norway\/","name":"Czapka zimowa Norfin\u00ae Norway","isPartOf":{"@id":"https:\/\/toidupakk.ee\/pl\/#website"},"primaryImageOfPage":{"@id":"https:\/\/toidupakk.ee\/pl\/toode\/czapka-zimowa-norfin-norway\/#primaryimage"},"image":{"@id":"https:\/\/toidupakk.ee\/pl\/toode\/czapka-zimowa-norfin-norway\/#primaryimage"},"thumbnailUrl":"https:\/\/toidupakk.ee\/wp-content\/uploads\/2025\/10\/Nimetu-kujundus-41.png","datePublished":"2025-11-05T09:09:43+00:00","dateModified":"2026-04-29T13:32:01+00:00","description":"Czapka zimowa Norfin\u00ae Norway zapewnia ciep\u0142o dzi\u0119ki izoluj\u0105cej podszewce z poliestru. Wygodna, wytrzyma\u0142a i stylowa czapka do codziennego noszenia.","breadcrumb":{"@id":"https:\/\/toidupakk.ee\/pl\/toode\/czapka-zimowa-norfin-norway\/#breadcrumb"},"inLanguage":"pl-PL","potentialAction":[{"@type":"ReadAction","target":["https:\/\/toidupakk.ee\/pl\/toode\/czapka-zimowa-norfin-norway\/"]}]},{"@type":"ImageObject","inLanguage":"pl-PL","@id":"https:\/\/toidupakk.ee\/pl\/toode\/czapka-zimowa-norfin-norway\/#primaryimage","url":"https:\/\/toidupakk.ee\/wp-content\/uploads\/2025\/10\/Nimetu-kujundus-41.png","contentUrl":"https:\/\/toidupakk.ee\/wp-content\/uploads\/2025\/10\/Nimetu-kujundus-41.png","width":800,"height":800},{"@type":"BreadcrumbList","@id":"https:\/\/toidupakk.ee\/pl\/toode\/czapka-zimowa-norfin-norway\/#breadcrumb","itemListElement":[{"@type":"ListItem","position":1,"name":"Avaleht","item":"https:\/\/toidupakk.ee\/pl\/"},{"@type":"ListItem","position":2,"name":"Sklep internetowy","item":"https:\/\/toidupakk.ee\/pl\/sklep-internetowy\/"},{"@type":"ListItem","position":3,"name":"Czapka zimowa Norfin\u00ae Norway"}]},{"@type":"WebSite","@id":"https:\/\/toidupakk.ee\/pl\/#website","url":"https:\/\/toidupakk.ee\/pl\/","name":"Toidupakk.ee - Tactical Foodpack toidupakid","description":"Tactical Foodpack k\u00fclmkuivatatud toidupakid ja matkaeined","publisher":{"@id":"https:\/\/toidupakk.ee\/pl\/#organization"},"potentialAction":[{"@type":"SearchAction","target":{"@type":"EntryPoint","urlTemplate":"https:\/\/toidupakk.ee\/pl\/?s={search_term_string}"},"query-input":{"@type":"PropertyValueSpecification","valueRequired":true,"valueName":"search_term_string"}}],"inLanguage":"pl-PL"},{"@type":"Organization","@id":"https:\/\/toidupakk.ee\/pl\/#organization","name":"Tactical Foodpack matkaeined","url":"https:\/\/toidupakk.ee\/pl\/","logo":{"@type":"ImageObject","inLanguage":"pl-PL","@id":"https:\/\/toidupakk.ee\/pl\/#\/schema\/logo\/image\/","url":"https:\/\/toidupakk.ee\/wp-content\/uploads\/2022\/01\/Toidupakk-matkapood-logo-transparent.png","contentUrl":"https:\/\/toidupakk.ee\/wp-content\/uploads\/2022\/01\/Toidupakk-matkapood-logo-transparent.png","width":500,"height":500,"caption":"Tactical Foodpack matkaeined"},"image":{"@id":"https:\/\/toidupakk.ee\/pl\/#\/schema\/logo\/image\/"},"sameAs":["https:\/\/www.facebook.com\/Toidupakk","https:\/\/www.instagram.com\/toidupakk\/"]}]}},"jetpack_sharing_enabled":true,"_links":{"self":[{"href":"https:\/\/toidupakk.ee\/pl\/wp-json\/wp\/v2\/product\/49781","targetHints":{"allow":["GET"]}}],"collection":[{"href":"https:\/\/toidupakk.ee\/pl\/wp-json\/wp\/v2\/product"}],"about":[{"href":"https:\/\/toidupakk.ee\/pl\/wp-json\/wp\/v2\/types\/product"}],"replies":[{"embeddable":true,"href":"https:\/\/toidupakk.ee\/pl\/wp-json\/wp\/v2\/comments?post=49781"}],"wp:featuredmedia":[{"embeddable":true,"href":"https:\/\/toidupakk.ee\/pl\/wp-json\/wp\/v2\/media\/40251"}],"wp:attachment":[{"href":"https:\/\/toidupakk.ee\/pl\/wp-json\/wp\/v2\/media?parent=49781"}],"wp:term":[{"taxonomy":"product_brand","embeddable":true,"href":"https:\/\/toidupakk.ee\/pl\/wp-json\/wp\/v2\/product_brand?post=49781"},{"taxonomy":"product_cat","embeddable":true,"href":"https:\/\/toidupakk.ee\/pl\/wp-json\/wp\/v2\/product_cat?post=49781"},{"taxonomy":"product_tag","embeddable":true,"href":"https:\/\/toidupakk.ee\/pl\/wp-json\/wp\/v2\/product_tag?post=49781"}],"curies":[{"name":"wp","href":"https:\/\/api.w.org\/{rel}","templated":true}]}}