{"id":49761,"date":"2025-11-03T16:00:59","date_gmt":"2025-11-03T14:00:59","guid":{"rendered":"https:\/\/toidupakk.ee\/toode\/kulki-proteinowe\/"},"modified":"2026-04-29T15:32:00","modified_gmt":"2026-04-29T12:32:00","slug":"kulki-proteinowe","status":"publish","type":"product","link":"https:\/\/toidupakk.ee\/pl\/toode\/kulki-proteinowe\/","title":{"rendered":"Kulki proteinowe"},"content":{"rendered":"<h2 data-start=\"241\" data-end=\"302\">Kulki proteinowe \u2013 naturalna energia i czysty smak<\/h2>\n<p data-start=\"262\" data-end=\"310\">\ud83c\udf4b<strong> Kulki proteinowe cytryna i pistacja<\/strong><\/p>\n<p data-start=\"311\" data-end=\"832\">Kulki proteinowe z cytryn\u0105 i pistacj\u0105 to w pe\u0142ni ro\u015blinna, pe\u0142na smaku i \u015bwie\u017co\u015bci przek\u0105ska. Ka\u017cda kulka jest ozdobiona kawa\u0142kami jasnozielonych pistacji i drobnym py\u0142kiem orzechowym, co podkre\u015bla jej naturalne pi\u0119kno i smak. Autentyczna cytrusowa \u015bwie\u017co\u015b\u0107 cytryny przeplata si\u0119 z pe\u0142ni\u0105 orzech\u00f3w, tworz\u0105c idealn\u0105 r\u00f3wnowag\u0119. Te ma\u0142e, ale po\u017cywne kulki dostarczaj\u0105 7 g bia\u0142ka ro\u015blinnego, s\u0105 bogate w b\u0142onnik, nie zawieraj\u0105 dodatku cukru i posiadaj\u0105 witaminy B12, C oraz D3 \u2013 czysta energia i \u015bwie\u017co\u015b\u0107 w ka\u017cdym k\u0119sie.   <\/p>\n<p data-start=\"311\" data-end=\"832\"><img fetchpriority=\"high\" decoding=\"async\" class=\"alignright wp-image-40162 size-thumbnail\" src=\"https:\/\/toidupakk.ee\/wp-content\/uploads\/2025\/10\/The-Protein-Ball-Co-Protein-Balls-Lemon-_-Pistachio3-500x500.webp\" alt=\"Kulki proteinowe \u2013 naturalna energia i czysty smak\" width=\"500\" height=\"500\" srcset=\"https:\/\/toidupakk.ee\/wp-content\/uploads\/2025\/10\/The-Protein-Ball-Co-Protein-Balls-Lemon-_-Pistachio3-500x500.webp 500w, https:\/\/toidupakk.ee\/wp-content\/uploads\/2025\/10\/The-Protein-Ball-Co-Protein-Balls-Lemon-_-Pistachio3-300x300.webp 300w, https:\/\/toidupakk.ee\/wp-content\/uploads\/2025\/10\/The-Protein-Ball-Co-Protein-Balls-Lemon-_-Pistachio3-400x400.webp 400w, https:\/\/toidupakk.ee\/wp-content\/uploads\/2025\/10\/The-Protein-Ball-Co-Protein-Balls-Lemon-_-Pistachio3-100x100.webp 100w, https:\/\/toidupakk.ee\/wp-content\/uploads\/2025\/10\/The-Protein-Ball-Co-Protein-Balls-Lemon-_-Pistachio3.webp 713w\" sizes=\"(max-width: 500px) 100vw, 500px\" \/><\/p>\n<hr data-start=\"834\" data-end=\"837\">\n<p data-start=\"839\" data-end=\"883\">\ud83c\udf6b <strong>Kulki proteinowe kakao i pomara\u0144cza<\/strong><\/p>\n<p data-start=\"884\" data-end=\"1444\">Kulka proteinowa kakao i pomara\u0144cza to prawdziwie czekoladowe do\u015bwiadczenie \u2013 potr\u00f3jna przyjemno\u015b\u0107 z ciemnego kakao i rze\u015bkiego olejku pomara\u0144czowego. Ka\u017cda kulka jest wype\u0142niona bogatym kakao, kremowym bia\u0142kiem serwatkowym, soczystymi daktylami i chrupi\u0105cymi kawa\u0142kami kruszonego ziarna kakao, co tworzy pe\u0142n\u0105 i aksamitn\u0105 tekstur\u0119. Smak przypomina luksusow\u0105 trufl\u0119, ale sk\u0142ad jest zdrowszy i bogatszy w sk\u0142adniki od\u017cywcze. Jedna kulka dostarcza 10 g bia\u0142ka, jest bogata w b\u0142onnik, bez dodatku cukru i zawiera witaminy B12, C oraz D3 \u2013 idealny przysmak dla mi\u0142o\u015bnika czekolady szukaj\u0105cego czystej energii.   <\/p>\n<hr data-start=\"1446\" data-end=\"1449\">\n<p data-start=\"1451\" data-end=\"1490\">\ud83e\udd5c <strong>Mas\u0142o orzechowe <\/strong> <\/p>\n<p data-start=\"1491\" data-end=\"2056\">Kulka proteinowa z mas\u0142em orzechowym \u0142\u0105czy w sobie idealn\u0105 r\u00f3wnowag\u0119 s\u0142odyczy i soli. Ka\u017cda przek\u0105ska jest wykonana w 41% z pra\u017conego mas\u0142a orzechowego i orzech\u00f3w, kt\u00f3rym soczyste daktyle i szczypta soli dodaj\u0105 przyjemnej g\u0142\u0119bi. Z wierzchu kulka pokryta jest chrupi\u0105cymi kawa\u0142kami orzech\u00f3w, kt\u00f3re nadaj\u0105 jej tekstur\u0119 i przyjemn\u0105 chrupko\u015b\u0107. Te wysokobia\u0142kowe kulki dostarczaj\u0105 13 g bia\u0142ka, zawieraj\u0105 mn\u00f3stwo b\u0142onnika, s\u0105 bez dodatku cukru i wzbogacone witaminami B12, C oraz D3. Pysznie kremowa i naturalna przek\u0105ska, kt\u00f3ra zadowoli fan\u00f3w s\u0142odkich i s\u0142onych smak\u00f3w.    <\/p>\n<hr data-start=\"2058\" data-end=\"2061\">\n<p data-start=\"2063\" data-end=\"2104\">\ud83e\uddc2 <strong>S\u0142ony karmel <\/strong> <\/p>\n<p data-start=\"2105\" data-end=\"2595\">Kulki proteinowe o smaku s\u0142onego karmelu wydobywaj\u0105 harmonijne po\u0142\u0105czenie s\u0142odyczy i soli, kt\u00f3re o\u017cywia wszystkie nuty smakowe. Mi\u0119kka s\u0142odycz daktyli i migda\u0142\u00f3w przeplata si\u0119 z delikatnym akcentem r\u00f3\u017cowej soli himalajskiej, tworz\u0105c idealn\u0105 karmelow\u0105 r\u00f3wnowag\u0119. Ka\u017cda kulka jest wykonana z naturalnych sk\u0142adnik\u00f3w i wzbogacona witaminami B12 oraz D3, aby wspiera\u0107 dobre samopoczucie i energi\u0119 organizmu. Zdrowa, po\u017cywna i o zaskakuj\u0105co luksusowym smaku \u2013 jak deser, kt\u00f3rym mo\u017cesz cieszy\u0107 si\u0119 bez wyrzut\u00f3w sumienia. Najlepsza szybka przek\u0105ska!    <\/p>\n<p>Zobacz wszystkie przek\u0105ski  <a href=\"\/?product_cat=snakk#section-3-79\">TUTAJ<\/a><\/p>\n<p>Zobacz sprz\u0119t turystyczny <a href=\"https:\/\/toidupakk.ee\/pl\/tootekategooria\/sprzet-turystyczny\/#section-3-79\">TUTAJ<\/a><\/p>\n<p>Znajd\u017a inspiracj\u0119 na kolejne przygody na <a href=\"https:\/\/www.instagram.com\/toidupakk\/\">Instagramie<\/a> i <a href=\"https:\/\/www.facebook.com\/Toidupakk\/\">Facebooku<\/a> Toidupakk.<\/p>\n<p>&nbsp;<\/p>\n","protected":false},"excerpt":{"rendered":"<p data-start=\"144\" data-end=\"167\"><strong>Kulki proteinowe Lemon &amp; Pistachio to ma\u0142e porcje energii, kt\u00f3re utrzymaj\u0105 Ci\u0119 w ruchu przez ca\u0142y dzie\u0144. Bogata zawarto\u015b\u0107 bia\u0142ka wspiera aktywny tryb \u017cycia i daje si\u0142\u0119 do treningu oraz pracy. Ka\u017cda kulka jest starannie, r\u0119cznie formowana z naturalnych sk\u0142adnik\u00f3w \u2013 tak, jak powinno wygl\u0105da\u0107 prawdziwe jedzenie.  <\/strong><\/p>\n<ul>\n<li data-start=\"144\" data-end=\"167\">Bez dodatku cukru<\/li>\n<li data-start=\"170\" data-end=\"194\">Wysoka zawarto\u015b\u0107 bia\u0142ka<\/li>\n<li data-start=\"197\" data-end=\"223\">Bogate w b\u0142onnik<\/li>\n<li data-start=\"226\" data-end=\"251\">Ca\u0142kowicie bezglutenowe<\/li>\n<li data-start=\"254\" data-end=\"301\">Nie zawiera sk\u0142adnik\u00f3w modyfikowanych genetycznie<\/li>\n<li data-start=\"304\" data-end=\"333\">Wyprodukowano bez oleju palmowego<\/li>\n<\/ul>\n<p>\u2705 Dost\u0119pne w magazynie, szybka dostawa w 1-3 dni robocze<\/p>\n","protected":false},"featured_media":40161,"comment_status":"open","ping_status":"closed","template":"","meta":{"_acf_changed":false},"product_brand":[],"product_cat":[303,339,322,353,336],"product_tag":[305],"class_list":{"0":"post-49761","1":"product","2":"type-product","3":"status-publish","4":"has-post-thumbnail","6":"product_cat-akcesoria-turystyczne","7":"product_cat-batony-energetyczne","8":"product_cat-przekaski","9":"product_cat-zele-energetyczne","10":"product_cat-zywnosc-turystyczna","11":"product_tag-no_ads","13":"first","14":"outofstock","15":"taxable","16":"shipping-taxable","17":"purchasable","18":"product-type-variable","19":"has-default-attributes"},"bundled_by":[],"bundle_stock_status":"outofstock","bundle_stock_quantity":null,"bundle_virtual":false,"bundle_layout":"","bundle_add_to_cart_form_location":"","bundle_editable_in_cart":false,"bundle_sold_individually_context":"","bundle_item_grouping":"","bundle_min_size":"","bundle_max_size":"","bundle_price":[],"bundled_items":[],"bundle_sell_ids":[],"acf":[],"yoast_head":"<!-- This site is optimized with the Yoast SEO plugin v27.3 - https:\/\/yoast.com\/product\/yoast-seo-wordpress\/ -->\n<title>Kulki proteinowe<\/title>\n<meta name=\"description\" content=\"W pe\u0142ni ro\u015blinne kulki proteinowe o smakach pe\u0142nych naturalnej energii. Wysoka zawarto\u015b\u0107 bia\u0142ka, du\u017co b\u0142onnika, witaminy B12, C i D3 \u2013 bez dodatku cukru.\" \/>\n<meta name=\"robots\" content=\"index, follow, max-snippet:-1, max-image-preview:large, max-video-preview:-1\" \/>\n<link rel=\"canonical\" href=\"https:\/\/toidupakk.ee\/pl\/toode\/kulki-proteinowe\/\" \/>\n<meta property=\"og:locale\" content=\"pl_PL\" \/>\n<meta property=\"og:type\" content=\"article\" \/>\n<meta property=\"og:title\" content=\"Kulki proteinowe\" \/>\n<meta property=\"og:description\" content=\"W pe\u0142ni ro\u015blinne kulki proteinowe o smakach pe\u0142nych naturalnej energii. Wysoka zawarto\u015b\u0107 bia\u0142ka, du\u017co b\u0142onnika, witaminy B12, C i D3 \u2013 bez dodatku cukru.\" \/>\n<meta property=\"og:url\" content=\"https:\/\/toidupakk.ee\/pl\/toode\/kulki-proteinowe\/\" \/>\n<meta property=\"og:site_name\" content=\"Toidupakk.ee - Tactical Foodpack toidupakid\" \/>\n<meta property=\"article:publisher\" content=\"https:\/\/www.facebook.com\/Toidupakk\" \/>\n<meta property=\"article:modified_time\" content=\"2026-04-29T12:32:00+00:00\" \/>\n<meta property=\"og:image\" content=\"https:\/\/toidupakk.ee\/wp-content\/uploads\/2025\/10\/1-3.png\" \/>\n\t<meta property=\"og:image:width\" content=\"800\" \/>\n\t<meta property=\"og:image:height\" content=\"800\" \/>\n\t<meta property=\"og:image:type\" content=\"image\/png\" \/>\n<meta name=\"twitter:card\" content=\"summary_large_image\" \/>\n<meta name=\"twitter:label1\" content=\"Szacowany czas czytania\" \/>\n\t<meta name=\"twitter:data1\" content=\"2 minuty\" \/>\n<script type=\"application\/ld+json\" class=\"yoast-schema-graph\">{\"@context\":\"https:\\\/\\\/schema.org\",\"@graph\":[{\"@type\":\"WebPage\",\"@id\":\"https:\\\/\\\/toidupakk.ee\\\/pl\\\/toode\\\/kulki-proteinowe\\\/\",\"url\":\"https:\\\/\\\/toidupakk.ee\\\/pl\\\/toode\\\/kulki-proteinowe\\\/\",\"name\":\"Kulki proteinowe\",\"isPartOf\":{\"@id\":\"https:\\\/\\\/toidupakk.ee\\\/pl\\\/#website\"},\"primaryImageOfPage\":{\"@id\":\"https:\\\/\\\/toidupakk.ee\\\/pl\\\/toode\\\/kulki-proteinowe\\\/#primaryimage\"},\"image\":{\"@id\":\"https:\\\/\\\/toidupakk.ee\\\/pl\\\/toode\\\/kulki-proteinowe\\\/#primaryimage\"},\"thumbnailUrl\":\"https:\\\/\\\/toidupakk.ee\\\/wp-content\\\/uploads\\\/2025\\\/10\\\/1-3.png\",\"datePublished\":\"2025-11-03T14:00:59+00:00\",\"dateModified\":\"2026-04-29T12:32:00+00:00\",\"description\":\"W pe\u0142ni ro\u015blinne kulki proteinowe o smakach pe\u0142nych naturalnej energii. Wysoka zawarto\u015b\u0107 bia\u0142ka, du\u017co b\u0142onnika, witaminy B12, C i D3 \u2013 bez dodatku cukru.\",\"breadcrumb\":{\"@id\":\"https:\\\/\\\/toidupakk.ee\\\/pl\\\/toode\\\/kulki-proteinowe\\\/#breadcrumb\"},\"inLanguage\":\"pl-PL\",\"potentialAction\":[{\"@type\":\"ReadAction\",\"target\":[\"https:\\\/\\\/toidupakk.ee\\\/pl\\\/toode\\\/kulki-proteinowe\\\/\"]}]},{\"@type\":\"ImageObject\",\"inLanguage\":\"pl-PL\",\"@id\":\"https:\\\/\\\/toidupakk.ee\\\/pl\\\/toode\\\/kulki-proteinowe\\\/#primaryimage\",\"url\":\"https:\\\/\\\/toidupakk.ee\\\/wp-content\\\/uploads\\\/2025\\\/10\\\/1-3.png\",\"contentUrl\":\"https:\\\/\\\/toidupakk.ee\\\/wp-content\\\/uploads\\\/2025\\\/10\\\/1-3.png\",\"width\":800,\"height\":800},{\"@type\":\"BreadcrumbList\",\"@id\":\"https:\\\/\\\/toidupakk.ee\\\/pl\\\/toode\\\/kulki-proteinowe\\\/#breadcrumb\",\"itemListElement\":[{\"@type\":\"ListItem\",\"position\":1,\"name\":\"Avaleht\",\"item\":\"https:\\\/\\\/toidupakk.ee\\\/pl\\\/\"},{\"@type\":\"ListItem\",\"position\":2,\"name\":\"Sklep internetowy\",\"item\":\"https:\\\/\\\/toidupakk.ee\\\/pl\\\/sklep-internetowy\\\/\"},{\"@type\":\"ListItem\",\"position\":3,\"name\":\"Kulki proteinowe\"}]},{\"@type\":\"WebSite\",\"@id\":\"https:\\\/\\\/toidupakk.ee\\\/pl\\\/#website\",\"url\":\"https:\\\/\\\/toidupakk.ee\\\/pl\\\/\",\"name\":\"Toidupakk.ee - Tactical Foodpack toidupakid\",\"description\":\"Tactical Foodpack k\u00fclmkuivatatud toidupakid ja matkaeined\",\"publisher\":{\"@id\":\"https:\\\/\\\/toidupakk.ee\\\/pl\\\/#organization\"},\"potentialAction\":[{\"@type\":\"SearchAction\",\"target\":{\"@type\":\"EntryPoint\",\"urlTemplate\":\"https:\\\/\\\/toidupakk.ee\\\/pl\\\/?s={search_term_string}\"},\"query-input\":{\"@type\":\"PropertyValueSpecification\",\"valueRequired\":true,\"valueName\":\"search_term_string\"}}],\"inLanguage\":\"pl-PL\"},{\"@type\":\"Organization\",\"@id\":\"https:\\\/\\\/toidupakk.ee\\\/pl\\\/#organization\",\"name\":\"Tactical Foodpack matkaeined\",\"url\":\"https:\\\/\\\/toidupakk.ee\\\/pl\\\/\",\"logo\":{\"@type\":\"ImageObject\",\"inLanguage\":\"pl-PL\",\"@id\":\"https:\\\/\\\/toidupakk.ee\\\/pl\\\/#\\\/schema\\\/logo\\\/image\\\/\",\"url\":\"https:\\\/\\\/toidupakk.ee\\\/wp-content\\\/uploads\\\/2022\\\/01\\\/Toidupakk-matkapood-logo-transparent.png\",\"contentUrl\":\"https:\\\/\\\/toidupakk.ee\\\/wp-content\\\/uploads\\\/2022\\\/01\\\/Toidupakk-matkapood-logo-transparent.png\",\"width\":500,\"height\":500,\"caption\":\"Tactical Foodpack matkaeined\"},\"image\":{\"@id\":\"https:\\\/\\\/toidupakk.ee\\\/pl\\\/#\\\/schema\\\/logo\\\/image\\\/\"},\"sameAs\":[\"https:\\\/\\\/www.facebook.com\\\/Toidupakk\",\"https:\\\/\\\/www.instagram.com\\\/toidupakk\\\/\"]}]}<\/script>\n<!-- \/ Yoast SEO plugin. -->","yoast_head_json":{"title":"Kulki proteinowe","description":"W pe\u0142ni ro\u015blinne kulki proteinowe o smakach pe\u0142nych naturalnej energii. Wysoka zawarto\u015b\u0107 bia\u0142ka, du\u017co b\u0142onnika, witaminy B12, C i D3 \u2013 bez dodatku cukru.","robots":{"index":"index","follow":"follow","max-snippet":"max-snippet:-1","max-image-preview":"max-image-preview:large","max-video-preview":"max-video-preview:-1"},"canonical":"https:\/\/toidupakk.ee\/pl\/toode\/kulki-proteinowe\/","og_locale":"pl_PL","og_type":"article","og_title":"Kulki proteinowe","og_description":"W pe\u0142ni ro\u015blinne kulki proteinowe o smakach pe\u0142nych naturalnej energii. Wysoka zawarto\u015b\u0107 bia\u0142ka, du\u017co b\u0142onnika, witaminy B12, C i D3 \u2013 bez dodatku cukru.","og_url":"https:\/\/toidupakk.ee\/pl\/toode\/kulki-proteinowe\/","og_site_name":"Toidupakk.ee - Tactical Foodpack toidupakid","article_publisher":"https:\/\/www.facebook.com\/Toidupakk","article_modified_time":"2026-04-29T12:32:00+00:00","og_image":[{"width":800,"height":800,"url":"https:\/\/toidupakk.ee\/wp-content\/uploads\/2025\/10\/1-3.png","type":"image\/png"}],"twitter_card":"summary_large_image","twitter_misc":{"Szacowany czas czytania":"2 minuty"},"schema":{"@context":"https:\/\/schema.org","@graph":[{"@type":"WebPage","@id":"https:\/\/toidupakk.ee\/pl\/toode\/kulki-proteinowe\/","url":"https:\/\/toidupakk.ee\/pl\/toode\/kulki-proteinowe\/","name":"Kulki proteinowe","isPartOf":{"@id":"https:\/\/toidupakk.ee\/pl\/#website"},"primaryImageOfPage":{"@id":"https:\/\/toidupakk.ee\/pl\/toode\/kulki-proteinowe\/#primaryimage"},"image":{"@id":"https:\/\/toidupakk.ee\/pl\/toode\/kulki-proteinowe\/#primaryimage"},"thumbnailUrl":"https:\/\/toidupakk.ee\/wp-content\/uploads\/2025\/10\/1-3.png","datePublished":"2025-11-03T14:00:59+00:00","dateModified":"2026-04-29T12:32:00+00:00","description":"W pe\u0142ni ro\u015blinne kulki proteinowe o smakach pe\u0142nych naturalnej energii. Wysoka zawarto\u015b\u0107 bia\u0142ka, du\u017co b\u0142onnika, witaminy B12, C i D3 \u2013 bez dodatku cukru.","breadcrumb":{"@id":"https:\/\/toidupakk.ee\/pl\/toode\/kulki-proteinowe\/#breadcrumb"},"inLanguage":"pl-PL","potentialAction":[{"@type":"ReadAction","target":["https:\/\/toidupakk.ee\/pl\/toode\/kulki-proteinowe\/"]}]},{"@type":"ImageObject","inLanguage":"pl-PL","@id":"https:\/\/toidupakk.ee\/pl\/toode\/kulki-proteinowe\/#primaryimage","url":"https:\/\/toidupakk.ee\/wp-content\/uploads\/2025\/10\/1-3.png","contentUrl":"https:\/\/toidupakk.ee\/wp-content\/uploads\/2025\/10\/1-3.png","width":800,"height":800},{"@type":"BreadcrumbList","@id":"https:\/\/toidupakk.ee\/pl\/toode\/kulki-proteinowe\/#breadcrumb","itemListElement":[{"@type":"ListItem","position":1,"name":"Avaleht","item":"https:\/\/toidupakk.ee\/pl\/"},{"@type":"ListItem","position":2,"name":"Sklep internetowy","item":"https:\/\/toidupakk.ee\/pl\/sklep-internetowy\/"},{"@type":"ListItem","position":3,"name":"Kulki proteinowe"}]},{"@type":"WebSite","@id":"https:\/\/toidupakk.ee\/pl\/#website","url":"https:\/\/toidupakk.ee\/pl\/","name":"Toidupakk.ee - Tactical Foodpack toidupakid","description":"Tactical Foodpack k\u00fclmkuivatatud toidupakid ja matkaeined","publisher":{"@id":"https:\/\/toidupakk.ee\/pl\/#organization"},"potentialAction":[{"@type":"SearchAction","target":{"@type":"EntryPoint","urlTemplate":"https:\/\/toidupakk.ee\/pl\/?s={search_term_string}"},"query-input":{"@type":"PropertyValueSpecification","valueRequired":true,"valueName":"search_term_string"}}],"inLanguage":"pl-PL"},{"@type":"Organization","@id":"https:\/\/toidupakk.ee\/pl\/#organization","name":"Tactical Foodpack matkaeined","url":"https:\/\/toidupakk.ee\/pl\/","logo":{"@type":"ImageObject","inLanguage":"pl-PL","@id":"https:\/\/toidupakk.ee\/pl\/#\/schema\/logo\/image\/","url":"https:\/\/toidupakk.ee\/wp-content\/uploads\/2022\/01\/Toidupakk-matkapood-logo-transparent.png","contentUrl":"https:\/\/toidupakk.ee\/wp-content\/uploads\/2022\/01\/Toidupakk-matkapood-logo-transparent.png","width":500,"height":500,"caption":"Tactical Foodpack matkaeined"},"image":{"@id":"https:\/\/toidupakk.ee\/pl\/#\/schema\/logo\/image\/"},"sameAs":["https:\/\/www.facebook.com\/Toidupakk","https:\/\/www.instagram.com\/toidupakk\/"]}]}},"jetpack_sharing_enabled":true,"_links":{"self":[{"href":"https:\/\/toidupakk.ee\/pl\/wp-json\/wp\/v2\/product\/49761","targetHints":{"allow":["GET"]}}],"collection":[{"href":"https:\/\/toidupakk.ee\/pl\/wp-json\/wp\/v2\/product"}],"about":[{"href":"https:\/\/toidupakk.ee\/pl\/wp-json\/wp\/v2\/types\/product"}],"replies":[{"embeddable":true,"href":"https:\/\/toidupakk.ee\/pl\/wp-json\/wp\/v2\/comments?post=49761"}],"wp:featuredmedia":[{"embeddable":true,"href":"https:\/\/toidupakk.ee\/pl\/wp-json\/wp\/v2\/media\/40161"}],"wp:attachment":[{"href":"https:\/\/toidupakk.ee\/pl\/wp-json\/wp\/v2\/media?parent=49761"}],"wp:term":[{"taxonomy":"product_brand","embeddable":true,"href":"https:\/\/toidupakk.ee\/pl\/wp-json\/wp\/v2\/product_brand?post=49761"},{"taxonomy":"product_cat","embeddable":true,"href":"https:\/\/toidupakk.ee\/pl\/wp-json\/wp\/v2\/product_cat?post=49761"},{"taxonomy":"product_tag","embeddable":true,"href":"https:\/\/toidupakk.ee\/pl\/wp-json\/wp\/v2\/product_tag?post=49761"}],"curies":[{"name":"wp","href":"https:\/\/api.w.org\/{rel}","templated":true}]}}