{"id":49755,"date":"2025-10-06T13:24:35","date_gmt":"2025-10-06T10:24:35","guid":{"rendered":"https:\/\/toidupakk.ee\/toode\/zupa-jarzynowa-z-kurczakiem-food-force\/"},"modified":"2026-04-16T01:30:53","modified_gmt":"2026-04-15T22:30:53","slug":"zupa-jarzynowa-z-kurczakiem-food-force","status":"publish","type":"product","link":"https:\/\/toidupakk.ee\/pl\/toode\/zupa-jarzynowa-z-kurczakiem-food-force\/","title":{"rendered":"Zupa jarzynowa z kurczakiem FOOD FORCE"},"content":{"rendered":"<p><img decoding=\"async\" class=\"alignnone size-full wp-image-23874\" src=\"https:\/\/toidupakk.ee\/wp-content\/uploads\/2024\/06\/Food-Force-logo-transparent-150-x-75-px.png\" alt=\"\" width=\"150\" height=\"75\"><\/p>\n<h2><strong>Zupa jarzynowa z kurczakiem <\/strong>FOOD FORCE \u2013 instrukcja przygotowania<\/h2>\n<p>Otw\u00f3rz opakowanie zupy FOOD FORCE i roz\u0142\u00f3\u017c dno ca\u0142kowicie, aby zapewni\u0107 r\u00f3wnomierne nagrzewanie. Wlej do torebki oko\u0142o <strong data-start=\"233\" data-end=\"254\">400 ml gor\u0105cej wody<\/strong> i dok\u0142adnie wymieszaj zawarto\u015b\u0107, a\u017c wszystkie sk\u0142adniki zostan\u0105 przykryte wod\u0105. Pozostaw zup\u0119 na <strong data-start=\"352\" data-end=\"371\">oko\u0142o 5 minut<\/strong>, aby smaki w pe\u0142ni si\u0119 rozwin\u0119\u0142y. Przed podaniem wymieszaj ponownie, aby uzyska\u0107 jednolit\u0105 i przyjemn\u0105 konsystencj\u0119. Je\u015bli wolisz rzadsz\u0105 zup\u0119, mo\u017cesz doda\u0107 nieco wi\u0119cej gor\u0105cej wody.    <\/p>\n<h2>\u017bywno\u015b\u0107 liofilizowana Food Force<\/h2>\n<p>Food Force to esto\u0144ski producent \u017cywno\u015bci specjalizuj\u0105cy si\u0119 w gotowych daniach liofilizowanych i przek\u0105skach o d\u0142ugim terminie przydatno\u015bci.<br data-start=\"1264\" data-end=\"1267\">Produkty s\u0105 przeznaczone dla wojska, organizacji pomocowych i jednostek zarz\u0105dzania kryzysowego, ale \u015bwietnie sprawdz\u0105 si\u0119 te\u017c u podr\u00f3\u017cnik\u00f3w, \u017ceglarzy i ka\u017cdego, kto potrzebuje smacznego i po\u017cywnego posi\u0142ku bez mo\u017cliwo\u015bci gotowania ze \u015bwie\u017cych sk\u0142adnik\u00f3w.<\/p>\n<p>Dowiedz si\u0119 wi\u0119cej o posi\u0142kach turystycznych Tactical Foodpack <a href=\"https:\/\/toidupakk.ee\/pl\/tootekategooria\/posilki-tactical-foodpack\/\">TUTAJ.<\/a><\/p>\n<p>Zobacz wi\u0119cej akcesori\u00f3w turystycznych <a href=\"https:\/\/toidupakk.ee\/pl\/tootekategooria\/sprzet-turystyczny\/#section-3-79\">TUTAJ<\/a><\/p>\n<p>Znajd\u017a inspiracj\u0119 na kolejne przygody na <a href=\"https:\/\/www.instagram.com\/toidupakk\/\">Instagramie<\/a> i <a href=\"https:\/\/www.facebook.com\/Toidupakk\/\">Facebooku<\/a> Toidupakk.<\/p>\n","protected":false},"excerpt":{"rendered":"<p><strong>Zupa jarzynowa z kurczakiem FOOD FORCE to smaczne i po\u017cywne danie, idealne na szybki posi\u0142ek w domu, na szlaku czy w nieoczekiwanych sytuacjach. Klasyczny bulion drobiowy z warzywami i aromatycznymi zio\u0142ami tworzy idealn\u0105 r\u00f3wnowag\u0119 \u0142agodnego smaku i warto\u015bci od\u017cywczych. Gotowa w kilka minut po dodaniu gor\u0105cej wody, zapewnia domowy smak zupy wsz\u0119dzie i o ka\u017cdej porze.  <\/strong><\/p>\n<p data-start=\"529\" data-end=\"839\"><strong data-start=\"529\" data-end=\"545\">Sk\u0142adniki:<\/strong><br data-start=\"545\" data-end=\"548\">mieszanka bulionowa [substancja zag\u0119szczaj\u0105ca: skrobia modyfikowana, t\u0142uszcz ro\u015blinny (olej palmowy) (zawiera LAKTOZ\u0118), SER w proszku, czosnek (naturalne SIARCZYNY), pieczarki, pietruszka, \u015aMIETANKA w proszku, s\u00f3l, przyprawy (kurczak)], makaron (PSZENICA), filet z kurczaka 5%.<\/p>\n<p data-start=\"841\" data-end=\"1036\"><strong data-start=\"841\" data-end=\"877\">Warto\u015b\u0107 od\u017cywcza w 100 g:<\/strong> warto\u015b\u0107 energetyczna 1963 kJ \/ 469 kcal, t\u0142uszcze 25 g, w tym kwasy t\u0142uszczowe nasycone 13 g, w\u0119glowodany 46 g, w tym cukry 3,0 g, b\u0142onnik 1,4 g, bia\u0142ko 15 g, s\u00f3l 4,6 g.<\/p>\n<p data-start=\"841\" data-end=\"1036\">\u2705 Dost\u0119pne w magazynie, szybka dostawa w 1\u20133 dni robocze<\/p>\n","protected":false},"featured_media":39665,"comment_status":"open","ping_status":"closed","template":"","meta":{"_acf_changed":false},"product_brand":[],"product_cat":[303,344,301,349,351,336],"product_tag":[305],"class_list":{"0":"post-49755","1":"product","2":"type-product","3":"status-publish","4":"has-post-thumbnail","6":"product_cat-akcesoria-turystyczne","7":"product_cat-paki-suchej-zywnosci-food-force","8":"product_cat-sprzet-turystyczny","9":"product_cat-zupy","10":"product_cat-zupy-food-force","11":"product_cat-zywnosc-turystyczna","12":"product_tag-no_ads","14":"first","15":"instock","16":"taxable","17":"shipping-taxable","18":"purchasable","19":"product-type-simple"},"bundled_by":[],"bundle_stock_status":"instock","bundle_stock_quantity":10,"bundle_virtual":false,"bundle_layout":"","bundle_add_to_cart_form_location":"","bundle_editable_in_cart":false,"bundle_sold_individually_context":"","bundle_item_grouping":"","bundle_min_size":"","bundle_max_size":"","bundle_price":[],"bundled_items":[],"bundle_sell_ids":[],"acf":[],"yoast_head":"<!-- This site is optimized with the Yoast SEO plugin v27.3 - https:\/\/yoast.com\/product\/yoast-seo-wordpress\/ -->\n<title>Zupa jarzynowa z kurczakiem FOOD FORCE<\/title>\n<meta name=\"description\" content=\"Zupa jarzynowa z kurczakiem FOOD FORCE \u2013 ciep\u0142y i domowy posi\u0142ek, kt\u00f3ry przygotujesz w kilka minut. Delikatny kurczak z warzywami i makaronem to smaczny i po\u017cywny k\u0119s o ka\u017cdej porze.\" \/>\n<meta name=\"robots\" content=\"index, follow, max-snippet:-1, max-image-preview:large, max-video-preview:-1\" \/>\n<link rel=\"canonical\" href=\"https:\/\/toidupakk.ee\/pl\/toode\/zupa-jarzynowa-z-kurczakiem-food-force\/\" \/>\n<meta property=\"og:locale\" content=\"pl_PL\" \/>\n<meta property=\"og:type\" content=\"article\" \/>\n<meta property=\"og:title\" content=\"Zupa jarzynowa z kurczakiem FOOD FORCE\" \/>\n<meta property=\"og:description\" content=\"Zupa jarzynowa z kurczakiem FOOD FORCE \u2013 ciep\u0142y i domowy posi\u0142ek, kt\u00f3ry przygotujesz w kilka minut. Delikatny kurczak z warzywami i makaronem to smaczny i po\u017cywny k\u0119s o ka\u017cdej porze.\" \/>\n<meta property=\"og:url\" content=\"https:\/\/toidupakk.ee\/pl\/toode\/zupa-jarzynowa-z-kurczakiem-food-force\/\" \/>\n<meta property=\"og:site_name\" content=\"Toidupakk.ee - Tactical Foodpack toidupakid\" \/>\n<meta property=\"article:publisher\" content=\"https:\/\/www.facebook.com\/Toidupakk\" \/>\n<meta property=\"article:modified_time\" content=\"2026-04-15T22:30:53+00:00\" \/>\n<meta property=\"og:image\" content=\"https:\/\/toidupakk.ee\/wp-content\/uploads\/2025\/10\/Nimetu-kujundus-35.png\" \/>\n\t<meta property=\"og:image:width\" content=\"800\" \/>\n\t<meta property=\"og:image:height\" content=\"800\" \/>\n\t<meta property=\"og:image:type\" content=\"image\/png\" \/>\n<meta name=\"twitter:card\" content=\"summary_large_image\" \/>\n<meta name=\"twitter:label1\" content=\"Szacowany czas czytania\" \/>\n\t<meta name=\"twitter:data1\" content=\"1 minuta\" \/>\n<script type=\"application\/ld+json\" class=\"yoast-schema-graph\">{\"@context\":\"https:\\\/\\\/schema.org\",\"@graph\":[{\"@type\":\"WebPage\",\"@id\":\"https:\\\/\\\/toidupakk.ee\\\/pl\\\/toode\\\/zupa-jarzynowa-z-kurczakiem-food-force\\\/\",\"url\":\"https:\\\/\\\/toidupakk.ee\\\/pl\\\/toode\\\/zupa-jarzynowa-z-kurczakiem-food-force\\\/\",\"name\":\"Zupa jarzynowa z kurczakiem FOOD FORCE\",\"isPartOf\":{\"@id\":\"https:\\\/\\\/toidupakk.ee\\\/pl\\\/#website\"},\"primaryImageOfPage\":{\"@id\":\"https:\\\/\\\/toidupakk.ee\\\/pl\\\/toode\\\/zupa-jarzynowa-z-kurczakiem-food-force\\\/#primaryimage\"},\"image\":{\"@id\":\"https:\\\/\\\/toidupakk.ee\\\/pl\\\/toode\\\/zupa-jarzynowa-z-kurczakiem-food-force\\\/#primaryimage\"},\"thumbnailUrl\":\"https:\\\/\\\/toidupakk.ee\\\/wp-content\\\/uploads\\\/2025\\\/10\\\/Nimetu-kujundus-35.png\",\"datePublished\":\"2025-10-06T10:24:35+00:00\",\"dateModified\":\"2026-04-15T22:30:53+00:00\",\"description\":\"Zupa jarzynowa z kurczakiem FOOD FORCE \u2013 ciep\u0142y i domowy posi\u0142ek, kt\u00f3ry przygotujesz w kilka minut. Delikatny kurczak z warzywami i makaronem to smaczny i po\u017cywny k\u0119s o ka\u017cdej porze.\",\"breadcrumb\":{\"@id\":\"https:\\\/\\\/toidupakk.ee\\\/pl\\\/toode\\\/zupa-jarzynowa-z-kurczakiem-food-force\\\/#breadcrumb\"},\"inLanguage\":\"pl-PL\",\"potentialAction\":[{\"@type\":\"ReadAction\",\"target\":[\"https:\\\/\\\/toidupakk.ee\\\/pl\\\/toode\\\/zupa-jarzynowa-z-kurczakiem-food-force\\\/\"]}]},{\"@type\":\"ImageObject\",\"inLanguage\":\"pl-PL\",\"@id\":\"https:\\\/\\\/toidupakk.ee\\\/pl\\\/toode\\\/zupa-jarzynowa-z-kurczakiem-food-force\\\/#primaryimage\",\"url\":\"https:\\\/\\\/toidupakk.ee\\\/wp-content\\\/uploads\\\/2025\\\/10\\\/Nimetu-kujundus-35.png\",\"contentUrl\":\"https:\\\/\\\/toidupakk.ee\\\/wp-content\\\/uploads\\\/2025\\\/10\\\/Nimetu-kujundus-35.png\",\"width\":800,\"height\":800,\"caption\":\"Kanasupp FOOD FORCE\"},{\"@type\":\"BreadcrumbList\",\"@id\":\"https:\\\/\\\/toidupakk.ee\\\/pl\\\/toode\\\/zupa-jarzynowa-z-kurczakiem-food-force\\\/#breadcrumb\",\"itemListElement\":[{\"@type\":\"ListItem\",\"position\":1,\"name\":\"Avaleht\",\"item\":\"https:\\\/\\\/toidupakk.ee\\\/pl\\\/\"},{\"@type\":\"ListItem\",\"position\":2,\"name\":\"Sklep internetowy\",\"item\":\"https:\\\/\\\/toidupakk.ee\\\/pl\\\/sklep-internetowy\\\/\"},{\"@type\":\"ListItem\",\"position\":3,\"name\":\"Zupa jarzynowa z kurczakiem FOOD FORCE\"}]},{\"@type\":\"WebSite\",\"@id\":\"https:\\\/\\\/toidupakk.ee\\\/pl\\\/#website\",\"url\":\"https:\\\/\\\/toidupakk.ee\\\/pl\\\/\",\"name\":\"Toidupakk.ee - Tactical Foodpack toidupakid\",\"description\":\"Tactical Foodpack k\u00fclmkuivatatud toidupakid ja matkaeined\",\"publisher\":{\"@id\":\"https:\\\/\\\/toidupakk.ee\\\/pl\\\/#organization\"},\"potentialAction\":[{\"@type\":\"SearchAction\",\"target\":{\"@type\":\"EntryPoint\",\"urlTemplate\":\"https:\\\/\\\/toidupakk.ee\\\/pl\\\/?s={search_term_string}\"},\"query-input\":{\"@type\":\"PropertyValueSpecification\",\"valueRequired\":true,\"valueName\":\"search_term_string\"}}],\"inLanguage\":\"pl-PL\"},{\"@type\":\"Organization\",\"@id\":\"https:\\\/\\\/toidupakk.ee\\\/pl\\\/#organization\",\"name\":\"Tactical Foodpack matkaeined\",\"url\":\"https:\\\/\\\/toidupakk.ee\\\/pl\\\/\",\"logo\":{\"@type\":\"ImageObject\",\"inLanguage\":\"pl-PL\",\"@id\":\"https:\\\/\\\/toidupakk.ee\\\/pl\\\/#\\\/schema\\\/logo\\\/image\\\/\",\"url\":\"https:\\\/\\\/toidupakk.ee\\\/wp-content\\\/uploads\\\/2022\\\/01\\\/Toidupakk-matkapood-logo-transparent.png\",\"contentUrl\":\"https:\\\/\\\/toidupakk.ee\\\/wp-content\\\/uploads\\\/2022\\\/01\\\/Toidupakk-matkapood-logo-transparent.png\",\"width\":500,\"height\":500,\"caption\":\"Tactical Foodpack matkaeined\"},\"image\":{\"@id\":\"https:\\\/\\\/toidupakk.ee\\\/pl\\\/#\\\/schema\\\/logo\\\/image\\\/\"},\"sameAs\":[\"https:\\\/\\\/www.facebook.com\\\/Toidupakk\",\"https:\\\/\\\/www.instagram.com\\\/toidupakk\\\/\"]}]}<\/script>\n<!-- \/ Yoast SEO plugin. -->","yoast_head_json":{"title":"Zupa jarzynowa z kurczakiem FOOD FORCE","description":"Zupa jarzynowa z kurczakiem FOOD FORCE \u2013 ciep\u0142y i domowy posi\u0142ek, kt\u00f3ry przygotujesz w kilka minut. Delikatny kurczak z warzywami i makaronem to smaczny i po\u017cywny k\u0119s o ka\u017cdej porze.","robots":{"index":"index","follow":"follow","max-snippet":"max-snippet:-1","max-image-preview":"max-image-preview:large","max-video-preview":"max-video-preview:-1"},"canonical":"https:\/\/toidupakk.ee\/pl\/toode\/zupa-jarzynowa-z-kurczakiem-food-force\/","og_locale":"pl_PL","og_type":"article","og_title":"Zupa jarzynowa z kurczakiem FOOD FORCE","og_description":"Zupa jarzynowa z kurczakiem FOOD FORCE \u2013 ciep\u0142y i domowy posi\u0142ek, kt\u00f3ry przygotujesz w kilka minut. Delikatny kurczak z warzywami i makaronem to smaczny i po\u017cywny k\u0119s o ka\u017cdej porze.","og_url":"https:\/\/toidupakk.ee\/pl\/toode\/zupa-jarzynowa-z-kurczakiem-food-force\/","og_site_name":"Toidupakk.ee - Tactical Foodpack toidupakid","article_publisher":"https:\/\/www.facebook.com\/Toidupakk","article_modified_time":"2026-04-15T22:30:53+00:00","og_image":[{"width":800,"height":800,"url":"https:\/\/toidupakk.ee\/wp-content\/uploads\/2025\/10\/Nimetu-kujundus-35.png","type":"image\/png"}],"twitter_card":"summary_large_image","twitter_misc":{"Szacowany czas czytania":"1 minuta"},"schema":{"@context":"https:\/\/schema.org","@graph":[{"@type":"WebPage","@id":"https:\/\/toidupakk.ee\/pl\/toode\/zupa-jarzynowa-z-kurczakiem-food-force\/","url":"https:\/\/toidupakk.ee\/pl\/toode\/zupa-jarzynowa-z-kurczakiem-food-force\/","name":"Zupa jarzynowa z kurczakiem FOOD FORCE","isPartOf":{"@id":"https:\/\/toidupakk.ee\/pl\/#website"},"primaryImageOfPage":{"@id":"https:\/\/toidupakk.ee\/pl\/toode\/zupa-jarzynowa-z-kurczakiem-food-force\/#primaryimage"},"image":{"@id":"https:\/\/toidupakk.ee\/pl\/toode\/zupa-jarzynowa-z-kurczakiem-food-force\/#primaryimage"},"thumbnailUrl":"https:\/\/toidupakk.ee\/wp-content\/uploads\/2025\/10\/Nimetu-kujundus-35.png","datePublished":"2025-10-06T10:24:35+00:00","dateModified":"2026-04-15T22:30:53+00:00","description":"Zupa jarzynowa z kurczakiem FOOD FORCE \u2013 ciep\u0142y i domowy posi\u0142ek, kt\u00f3ry przygotujesz w kilka minut. Delikatny kurczak z warzywami i makaronem to smaczny i po\u017cywny k\u0119s o ka\u017cdej porze.","breadcrumb":{"@id":"https:\/\/toidupakk.ee\/pl\/toode\/zupa-jarzynowa-z-kurczakiem-food-force\/#breadcrumb"},"inLanguage":"pl-PL","potentialAction":[{"@type":"ReadAction","target":["https:\/\/toidupakk.ee\/pl\/toode\/zupa-jarzynowa-z-kurczakiem-food-force\/"]}]},{"@type":"ImageObject","inLanguage":"pl-PL","@id":"https:\/\/toidupakk.ee\/pl\/toode\/zupa-jarzynowa-z-kurczakiem-food-force\/#primaryimage","url":"https:\/\/toidupakk.ee\/wp-content\/uploads\/2025\/10\/Nimetu-kujundus-35.png","contentUrl":"https:\/\/toidupakk.ee\/wp-content\/uploads\/2025\/10\/Nimetu-kujundus-35.png","width":800,"height":800,"caption":"Kanasupp FOOD FORCE"},{"@type":"BreadcrumbList","@id":"https:\/\/toidupakk.ee\/pl\/toode\/zupa-jarzynowa-z-kurczakiem-food-force\/#breadcrumb","itemListElement":[{"@type":"ListItem","position":1,"name":"Avaleht","item":"https:\/\/toidupakk.ee\/pl\/"},{"@type":"ListItem","position":2,"name":"Sklep internetowy","item":"https:\/\/toidupakk.ee\/pl\/sklep-internetowy\/"},{"@type":"ListItem","position":3,"name":"Zupa jarzynowa z kurczakiem FOOD FORCE"}]},{"@type":"WebSite","@id":"https:\/\/toidupakk.ee\/pl\/#website","url":"https:\/\/toidupakk.ee\/pl\/","name":"Toidupakk.ee - Tactical Foodpack toidupakid","description":"Tactical Foodpack k\u00fclmkuivatatud toidupakid ja matkaeined","publisher":{"@id":"https:\/\/toidupakk.ee\/pl\/#organization"},"potentialAction":[{"@type":"SearchAction","target":{"@type":"EntryPoint","urlTemplate":"https:\/\/toidupakk.ee\/pl\/?s={search_term_string}"},"query-input":{"@type":"PropertyValueSpecification","valueRequired":true,"valueName":"search_term_string"}}],"inLanguage":"pl-PL"},{"@type":"Organization","@id":"https:\/\/toidupakk.ee\/pl\/#organization","name":"Tactical Foodpack matkaeined","url":"https:\/\/toidupakk.ee\/pl\/","logo":{"@type":"ImageObject","inLanguage":"pl-PL","@id":"https:\/\/toidupakk.ee\/pl\/#\/schema\/logo\/image\/","url":"https:\/\/toidupakk.ee\/wp-content\/uploads\/2022\/01\/Toidupakk-matkapood-logo-transparent.png","contentUrl":"https:\/\/toidupakk.ee\/wp-content\/uploads\/2022\/01\/Toidupakk-matkapood-logo-transparent.png","width":500,"height":500,"caption":"Tactical Foodpack matkaeined"},"image":{"@id":"https:\/\/toidupakk.ee\/pl\/#\/schema\/logo\/image\/"},"sameAs":["https:\/\/www.facebook.com\/Toidupakk","https:\/\/www.instagram.com\/toidupakk\/"]}]}},"jetpack_sharing_enabled":true,"_links":{"self":[{"href":"https:\/\/toidupakk.ee\/pl\/wp-json\/wp\/v2\/product\/49755","targetHints":{"allow":["GET"]}}],"collection":[{"href":"https:\/\/toidupakk.ee\/pl\/wp-json\/wp\/v2\/product"}],"about":[{"href":"https:\/\/toidupakk.ee\/pl\/wp-json\/wp\/v2\/types\/product"}],"replies":[{"embeddable":true,"href":"https:\/\/toidupakk.ee\/pl\/wp-json\/wp\/v2\/comments?post=49755"}],"wp:featuredmedia":[{"embeddable":true,"href":"https:\/\/toidupakk.ee\/pl\/wp-json\/wp\/v2\/media\/39665"}],"wp:attachment":[{"href":"https:\/\/toidupakk.ee\/pl\/wp-json\/wp\/v2\/media?parent=49755"}],"wp:term":[{"taxonomy":"product_brand","embeddable":true,"href":"https:\/\/toidupakk.ee\/pl\/wp-json\/wp\/v2\/product_brand?post=49755"},{"taxonomy":"product_cat","embeddable":true,"href":"https:\/\/toidupakk.ee\/pl\/wp-json\/wp\/v2\/product_cat?post=49755"},{"taxonomy":"product_tag","embeddable":true,"href":"https:\/\/toidupakk.ee\/pl\/wp-json\/wp\/v2\/product_tag?post=49755"}],"curies":[{"name":"wp","href":"https:\/\/api.w.org\/{rel}","templated":true}]}}