{"id":49746,"date":"2025-09-30T12:26:24","date_gmt":"2025-09-30T09:26:24","guid":{"rendered":"https:\/\/toidupakk.ee\/toode\/ogrzewacze-do-palcow-matkapro\/"},"modified":"2026-04-15T11:01:17","modified_gmt":"2026-04-15T08:01:17","slug":"ogrzewacze-do-palcow-matkapro","status":"publish","type":"product","link":"https:\/\/toidupakk.ee\/pl\/toode\/ogrzewacze-do-palcow-matkapro\/","title":{"rendered":"Ogrzewacze do palc\u00f3w MATKAPRO"},"content":{"rendered":"<p>&nbsp;<\/p>\n<h1><img fetchpriority=\"high\" decoding=\"async\" class=\"alignright wp-image-39585 size-thumbnail\" src=\"https:\/\/toidupakk.ee\/wp-content\/uploads\/2025\/09\/Varbasoojendajad-MATKAPRO9-500x500.png\" alt=\"zastosowanie ogrzewaczy do palc\u00f3w\" width=\"500\" height=\"500\" srcset=\"https:\/\/toidupakk.ee\/wp-content\/uploads\/2025\/09\/Varbasoojendajad-MATKAPRO9-500x500.png 500w, https:\/\/toidupakk.ee\/wp-content\/uploads\/2025\/09\/Varbasoojendajad-MATKAPRO9-300x300.png 300w, https:\/\/toidupakk.ee\/wp-content\/uploads\/2025\/09\/Varbasoojendajad-MATKAPRO9-768x768.png 768w, https:\/\/toidupakk.ee\/wp-content\/uploads\/2025\/09\/Varbasoojendajad-MATKAPRO9-400x400.png 400w, https:\/\/toidupakk.ee\/wp-content\/uploads\/2025\/09\/Varbasoojendajad-MATKAPRO9-100x100.png 100w, https:\/\/toidupakk.ee\/wp-content\/uploads\/2025\/09\/Varbasoojendajad-MATKAPRO9.png 800w\" sizes=\"(max-width: 500px) 100vw, 500px\" \/><\/h1>\n<h1>Ogrzewacze do palc\u00f3w MATKAPRO i spos\u00f3b u\u017cycia<\/h1>\n<p>Otw\u00f3rz foliowe opakowanie <strong>ogrzewaczy do palc\u00f3w MATKAPRO<\/strong> r\u0119cznie, rozrywaj\u0105c je w wyznaczonych miejscach. Nie u\u017cywaj no\u017cyczek, no\u017ca ani innych ostrych narz\u0119dzi! Potrz\u0105saj i ugniataj podk\u0142adki przez kilka minut, aby aktywowa\u0107 proces grzania. Produkt osi\u0105gnie temperatur\u0119 robocz\u0105 w ci\u0105gu paru minut. Zdejmij foli\u0119 ochronn\u0105 z podk\u0142adek, ods\u0142aniaj\u0105c samoprzylepn\u0105 powierzchni\u0119. Przyklej ogrzewacze do zewn\u0119trznej strony skarpety pod palcami. Niekt\u00f3rzy wol\u0105 przykleja\u0107 je r\u00f3wnie\u017c na wierzchu palc\u00f3w. Produkt przeznaczony do u\u017cytku wewn\u0105trz obuwia. Pami\u0119taj, \u017ce grube skarpety mog\u0105 nieco os\u0142abi\u0107 odczuwanie ciep\u0142a. Nie przyklejaj produktu bezpo\u015brednio do sk\u00f3ry. Je\u015bli ogrzewacz stanie si\u0119 nieprzyjemnie gor\u0105cy, natychmiast przesta\u0144 go u\u017cywa\u0107. Produkt nie jest przeznaczony dla dzieci poni\u017cej 12 lat. Po u\u017cyciu i ostygni\u0119ciu wyrzu\u0107 do odpad\u00f3w zmieszanych.            <\/p>\n<p><strong>Ogrzewaczy nie wolno u\u017cywa\u0107:<\/strong><\/p>\n<ul>\n<li>Na opuchlizn\u0119 lub siniaki<\/li>\n<li>Na sk\u00f3r\u0119 z odmro\u017ceniami<\/li>\n<li>U dzieci poni\u017cej 12 lat<\/li>\n<li>Do cel\u00f3w medycznych<\/li>\n<\/ul>\n<p>Nie pr\u00f3buj otwiera\u0107 podk\u0142adek, tj. nie niszcz produktu. W przypadku kontaktu zawarto\u015bci z ustami lub oczami, natychmiast skontaktuj si\u0119 z lekarzem w celu uzyskania pierwszej pomocy. <\/p>\n<h2>Zastosowanie ogrzewaczy do palc\u00f3w MATKAPRO<\/h2>\n<p>Produkt idealny dla mi\u0142o\u015bnik\u00f3w w\u0119dr\u00f3wek, os\u00f3b pracuj\u0105cych w ch\u0142odzie, w\u0119dkarzy, my\u015bliwych, rowerzyst\u00f3w i narciarzy. Sprawdzi si\u0119 u sprzedawc\u00f3w targowych i widz\u00f3w wydarze\u0144 sportowych. Cienki i wygodny \u2013 pasuje do ka\u017cdego rodzaju obuwia.  <\/p>\n<p>Zobacz wi\u0119cej akcesori\u00f3w turystycznych <a href=\"https:\/\/toidupakk.ee\/pl\/tootekategooria\/sprzet-turystyczny\/#section-3-79\">TUTAJ<\/a><\/p>\n<p>Znajd\u017a inspiracj\u0119 na kolejne przygody na <a href=\"https:\/\/www.instagram.com\/toidupakk\/\">Instagramie<\/a> i <a href=\"https:\/\/www.facebook.com\/Toidupakk\/\">Facebooku<\/a> Toidupakk.<\/p>\n","protected":false},"excerpt":{"rendered":"<p><strong>Ogrzewacze do palc\u00f3w zapewni\u0105 Twoim stopom przyjemne ciep\u0142o nawet podczas najwi\u0119kszych mroz\u00f3w. W 100% naturalne podk\u0142adki przykleja si\u0119 na skarpet\u0119 pod palcami; s\u0105 przeznaczone do u\u017cytku wewn\u0105trz but\u00f3w. Grzej\u0105 do 8 godzin. Nie zawieraj\u0105 substancji niebezpiecznych!   <\/strong><\/p>\n<ul>\n<li>Grzej\u0105 <strong>do 8 godzin<\/strong><\/li>\n<li><strong>Nie zawieraj\u0105 substancji niebezpiecznych<\/strong><\/li>\n<li>Nie wywo\u0142uj\u0105 alergii<\/li>\n<li><strong>Aktywuj\u0105 si\u0119 przy kontakcie z powietrzem<\/strong> po otwarciu opakowania<\/li>\n<li>Nadaj\u0105 si\u0119 do u\u017cytku tak\u017ce <strong>w r\u0119kawiczkach, kieszeni lub \u015bpiworze<\/strong><\/li>\n<li><strong>W zestawie 2 podk\u0142adki<\/strong>, czyli 1 para<\/li>\n<li>Sk\u0142ad: wermikulit, s\u00f3l, w\u0119giel aktywny, sproszkowane \u017celazo i woda<\/li>\n<li>Wymiary podk\u0142adek: 9 cm x 7,5 cm<\/li>\n<li>Produkt jednorazowy, po u\u017cyciu i ostygni\u0119ciu wyrzu\u0107 do odpad\u00f3w zmieszanych<\/li>\n<li>Przechowywanie: w suchym miejscu, z dala od bezpo\u015bredniego \u015bwiat\u0142a s\u0142onecznego<\/li>\n<\/ul>\n<p>\u2705 Dost\u0119pne w magazynie, szybka dostawa w 1-3 dni robocze<\/p>\n","protected":false},"featured_media":39583,"comment_status":"open","ping_status":"closed","template":"","meta":{"_acf_changed":false},"product_brand":[],"product_cat":[303,324,325,326,301],"product_tag":[],"class_list":{"0":"post-49746","1":"product","2":"type-product","3":"status-publish","4":"has-post-thumbnail","6":"product_cat-akcesoria-turystyczne","7":"product_cat-elementy-grzewcze","8":"product_cat-ogrzewacze-do-ciala","9":"product_cat-produkty-zimowe","10":"product_cat-sprzet-turystyczny","12":"first","13":"instock","14":"sale","15":"taxable","16":"shipping-taxable","17":"purchasable","18":"product-type-simple"},"bundled_by":[],"bundle_stock_status":"instock","bundle_stock_quantity":382,"bundle_virtual":false,"bundle_layout":"","bundle_add_to_cart_form_location":"","bundle_editable_in_cart":false,"bundle_sold_individually_context":"","bundle_item_grouping":"","bundle_min_size":"","bundle_max_size":"","bundle_price":[],"bundled_items":[],"bundle_sell_ids":[],"acf":[],"yoast_head":"<!-- This site is optimized with the Yoast SEO plugin v27.3 - https:\/\/yoast.com\/product\/yoast-seo-wordpress\/ -->\n<title>Ogrzewacze do palc\u00f3w MATKAPRO<\/title>\n<meta name=\"description\" content=\"Ogrzewacze do palc\u00f3w zapewni\u0105 Twoim stopom przyjemne ciep\u0142o nawet podczas najwi\u0119kszych mroz\u00f3w. Grzej\u0105 do 8 godzin. Nie zawieraj\u0105 substancji niebezpiecznych.\" \/>\n<meta name=\"robots\" content=\"index, follow, max-snippet:-1, max-image-preview:large, max-video-preview:-1\" \/>\n<link rel=\"canonical\" href=\"https:\/\/toidupakk.ee\/pl\/toode\/ogrzewacze-do-palcow-matkapro\/\" \/>\n<meta property=\"og:locale\" content=\"pl_PL\" \/>\n<meta property=\"og:type\" content=\"article\" \/>\n<meta property=\"og:title\" content=\"Ogrzewacze do palc\u00f3w MATKAPRO\" \/>\n<meta property=\"og:description\" content=\"Ogrzewacze do palc\u00f3w zapewni\u0105 Twoim stopom przyjemne ciep\u0142o nawet podczas najwi\u0119kszych mroz\u00f3w. Grzej\u0105 do 8 godzin. Nie zawieraj\u0105 substancji niebezpiecznych.\" \/>\n<meta property=\"og:url\" content=\"https:\/\/toidupakk.ee\/pl\/toode\/ogrzewacze-do-palcow-matkapro\/\" \/>\n<meta property=\"og:site_name\" content=\"Toidupakk.ee - Tactical Foodpack toidupakid\" \/>\n<meta property=\"article:publisher\" content=\"https:\/\/www.facebook.com\/Toidupakk\" \/>\n<meta property=\"article:modified_time\" content=\"2026-04-15T08:01:17+00:00\" \/>\n<meta property=\"og:image\" content=\"https:\/\/toidupakk.ee\/wp-content\/uploads\/2025\/09\/Varbasoojendajad-MATKAPRO7.png\" \/>\n\t<meta property=\"og:image:width\" content=\"800\" \/>\n\t<meta property=\"og:image:height\" content=\"800\" \/>\n\t<meta property=\"og:image:type\" content=\"image\/png\" \/>\n<meta name=\"twitter:card\" content=\"summary_large_image\" \/>\n<meta name=\"twitter:label1\" content=\"Szacowany czas czytania\" \/>\n\t<meta name=\"twitter:data1\" content=\"1 minuta\" \/>\n<script type=\"application\/ld+json\" class=\"yoast-schema-graph\">{\"@context\":\"https:\\\/\\\/schema.org\",\"@graph\":[{\"@type\":\"WebPage\",\"@id\":\"https:\\\/\\\/toidupakk.ee\\\/pl\\\/toode\\\/ogrzewacze-do-palcow-matkapro\\\/\",\"url\":\"https:\\\/\\\/toidupakk.ee\\\/pl\\\/toode\\\/ogrzewacze-do-palcow-matkapro\\\/\",\"name\":\"Ogrzewacze do palc\u00f3w MATKAPRO\",\"isPartOf\":{\"@id\":\"https:\\\/\\\/toidupakk.ee\\\/pl\\\/#website\"},\"primaryImageOfPage\":{\"@id\":\"https:\\\/\\\/toidupakk.ee\\\/pl\\\/toode\\\/ogrzewacze-do-palcow-matkapro\\\/#primaryimage\"},\"image\":{\"@id\":\"https:\\\/\\\/toidupakk.ee\\\/pl\\\/toode\\\/ogrzewacze-do-palcow-matkapro\\\/#primaryimage\"},\"thumbnailUrl\":\"https:\\\/\\\/toidupakk.ee\\\/wp-content\\\/uploads\\\/2025\\\/09\\\/Varbasoojendajad-MATKAPRO7.png\",\"datePublished\":\"2025-09-30T09:26:24+00:00\",\"dateModified\":\"2026-04-15T08:01:17+00:00\",\"description\":\"Ogrzewacze do palc\u00f3w zapewni\u0105 Twoim stopom przyjemne ciep\u0142o nawet podczas najwi\u0119kszych mroz\u00f3w. Grzej\u0105 do 8 godzin. Nie zawieraj\u0105 substancji niebezpiecznych.\",\"breadcrumb\":{\"@id\":\"https:\\\/\\\/toidupakk.ee\\\/pl\\\/toode\\\/ogrzewacze-do-palcow-matkapro\\\/#breadcrumb\"},\"inLanguage\":\"pl-PL\",\"potentialAction\":[{\"@type\":\"ReadAction\",\"target\":[\"https:\\\/\\\/toidupakk.ee\\\/pl\\\/toode\\\/ogrzewacze-do-palcow-matkapro\\\/\"]}]},{\"@type\":\"ImageObject\",\"inLanguage\":\"pl-PL\",\"@id\":\"https:\\\/\\\/toidupakk.ee\\\/pl\\\/toode\\\/ogrzewacze-do-palcow-matkapro\\\/#primaryimage\",\"url\":\"https:\\\/\\\/toidupakk.ee\\\/wp-content\\\/uploads\\\/2025\\\/09\\\/Varbasoojendajad-MATKAPRO7.png\",\"contentUrl\":\"https:\\\/\\\/toidupakk.ee\\\/wp-content\\\/uploads\\\/2025\\\/09\\\/Varbasoojendajad-MATKAPRO7.png\",\"width\":800,\"height\":800,\"caption\":\"varbasoojendajad komplektis 2 soojendajat\"},{\"@type\":\"BreadcrumbList\",\"@id\":\"https:\\\/\\\/toidupakk.ee\\\/pl\\\/toode\\\/ogrzewacze-do-palcow-matkapro\\\/#breadcrumb\",\"itemListElement\":[{\"@type\":\"ListItem\",\"position\":1,\"name\":\"Avaleht\",\"item\":\"https:\\\/\\\/toidupakk.ee\\\/pl\\\/\"},{\"@type\":\"ListItem\",\"position\":2,\"name\":\"Sklep internetowy\",\"item\":\"https:\\\/\\\/toidupakk.ee\\\/pl\\\/sklep-internetowy\\\/\"},{\"@type\":\"ListItem\",\"position\":3,\"name\":\"Ogrzewacze do palc\u00f3w MATKAPRO\"}]},{\"@type\":\"WebSite\",\"@id\":\"https:\\\/\\\/toidupakk.ee\\\/pl\\\/#website\",\"url\":\"https:\\\/\\\/toidupakk.ee\\\/pl\\\/\",\"name\":\"Toidupakk.ee - Tactical Foodpack toidupakid\",\"description\":\"Tactical Foodpack k\u00fclmkuivatatud toidupakid ja matkaeined\",\"publisher\":{\"@id\":\"https:\\\/\\\/toidupakk.ee\\\/pl\\\/#organization\"},\"potentialAction\":[{\"@type\":\"SearchAction\",\"target\":{\"@type\":\"EntryPoint\",\"urlTemplate\":\"https:\\\/\\\/toidupakk.ee\\\/pl\\\/?s={search_term_string}\"},\"query-input\":{\"@type\":\"PropertyValueSpecification\",\"valueRequired\":true,\"valueName\":\"search_term_string\"}}],\"inLanguage\":\"pl-PL\"},{\"@type\":\"Organization\",\"@id\":\"https:\\\/\\\/toidupakk.ee\\\/pl\\\/#organization\",\"name\":\"Tactical Foodpack matkaeined\",\"url\":\"https:\\\/\\\/toidupakk.ee\\\/pl\\\/\",\"logo\":{\"@type\":\"ImageObject\",\"inLanguage\":\"pl-PL\",\"@id\":\"https:\\\/\\\/toidupakk.ee\\\/pl\\\/#\\\/schema\\\/logo\\\/image\\\/\",\"url\":\"https:\\\/\\\/toidupakk.ee\\\/wp-content\\\/uploads\\\/2022\\\/01\\\/Toidupakk-matkapood-logo-transparent.png\",\"contentUrl\":\"https:\\\/\\\/toidupakk.ee\\\/wp-content\\\/uploads\\\/2022\\\/01\\\/Toidupakk-matkapood-logo-transparent.png\",\"width\":500,\"height\":500,\"caption\":\"Tactical Foodpack matkaeined\"},\"image\":{\"@id\":\"https:\\\/\\\/toidupakk.ee\\\/pl\\\/#\\\/schema\\\/logo\\\/image\\\/\"},\"sameAs\":[\"https:\\\/\\\/www.facebook.com\\\/Toidupakk\",\"https:\\\/\\\/www.instagram.com\\\/toidupakk\\\/\"]}]}<\/script>\n<!-- \/ Yoast SEO plugin. -->","yoast_head_json":{"title":"Ogrzewacze do palc\u00f3w MATKAPRO","description":"Ogrzewacze do palc\u00f3w zapewni\u0105 Twoim stopom przyjemne ciep\u0142o nawet podczas najwi\u0119kszych mroz\u00f3w. Grzej\u0105 do 8 godzin. Nie zawieraj\u0105 substancji niebezpiecznych.","robots":{"index":"index","follow":"follow","max-snippet":"max-snippet:-1","max-image-preview":"max-image-preview:large","max-video-preview":"max-video-preview:-1"},"canonical":"https:\/\/toidupakk.ee\/pl\/toode\/ogrzewacze-do-palcow-matkapro\/","og_locale":"pl_PL","og_type":"article","og_title":"Ogrzewacze do palc\u00f3w MATKAPRO","og_description":"Ogrzewacze do palc\u00f3w zapewni\u0105 Twoim stopom przyjemne ciep\u0142o nawet podczas najwi\u0119kszych mroz\u00f3w. Grzej\u0105 do 8 godzin. Nie zawieraj\u0105 substancji niebezpiecznych.","og_url":"https:\/\/toidupakk.ee\/pl\/toode\/ogrzewacze-do-palcow-matkapro\/","og_site_name":"Toidupakk.ee - Tactical Foodpack toidupakid","article_publisher":"https:\/\/www.facebook.com\/Toidupakk","article_modified_time":"2026-04-15T08:01:17+00:00","og_image":[{"width":800,"height":800,"url":"https:\/\/toidupakk.ee\/wp-content\/uploads\/2025\/09\/Varbasoojendajad-MATKAPRO7.png","type":"image\/png"}],"twitter_card":"summary_large_image","twitter_misc":{"Szacowany czas czytania":"1 minuta"},"schema":{"@context":"https:\/\/schema.org","@graph":[{"@type":"WebPage","@id":"https:\/\/toidupakk.ee\/pl\/toode\/ogrzewacze-do-palcow-matkapro\/","url":"https:\/\/toidupakk.ee\/pl\/toode\/ogrzewacze-do-palcow-matkapro\/","name":"Ogrzewacze do palc\u00f3w MATKAPRO","isPartOf":{"@id":"https:\/\/toidupakk.ee\/pl\/#website"},"primaryImageOfPage":{"@id":"https:\/\/toidupakk.ee\/pl\/toode\/ogrzewacze-do-palcow-matkapro\/#primaryimage"},"image":{"@id":"https:\/\/toidupakk.ee\/pl\/toode\/ogrzewacze-do-palcow-matkapro\/#primaryimage"},"thumbnailUrl":"https:\/\/toidupakk.ee\/wp-content\/uploads\/2025\/09\/Varbasoojendajad-MATKAPRO7.png","datePublished":"2025-09-30T09:26:24+00:00","dateModified":"2026-04-15T08:01:17+00:00","description":"Ogrzewacze do palc\u00f3w zapewni\u0105 Twoim stopom przyjemne ciep\u0142o nawet podczas najwi\u0119kszych mroz\u00f3w. Grzej\u0105 do 8 godzin. Nie zawieraj\u0105 substancji niebezpiecznych.","breadcrumb":{"@id":"https:\/\/toidupakk.ee\/pl\/toode\/ogrzewacze-do-palcow-matkapro\/#breadcrumb"},"inLanguage":"pl-PL","potentialAction":[{"@type":"ReadAction","target":["https:\/\/toidupakk.ee\/pl\/toode\/ogrzewacze-do-palcow-matkapro\/"]}]},{"@type":"ImageObject","inLanguage":"pl-PL","@id":"https:\/\/toidupakk.ee\/pl\/toode\/ogrzewacze-do-palcow-matkapro\/#primaryimage","url":"https:\/\/toidupakk.ee\/wp-content\/uploads\/2025\/09\/Varbasoojendajad-MATKAPRO7.png","contentUrl":"https:\/\/toidupakk.ee\/wp-content\/uploads\/2025\/09\/Varbasoojendajad-MATKAPRO7.png","width":800,"height":800,"caption":"varbasoojendajad komplektis 2 soojendajat"},{"@type":"BreadcrumbList","@id":"https:\/\/toidupakk.ee\/pl\/toode\/ogrzewacze-do-palcow-matkapro\/#breadcrumb","itemListElement":[{"@type":"ListItem","position":1,"name":"Avaleht","item":"https:\/\/toidupakk.ee\/pl\/"},{"@type":"ListItem","position":2,"name":"Sklep internetowy","item":"https:\/\/toidupakk.ee\/pl\/sklep-internetowy\/"},{"@type":"ListItem","position":3,"name":"Ogrzewacze do palc\u00f3w MATKAPRO"}]},{"@type":"WebSite","@id":"https:\/\/toidupakk.ee\/pl\/#website","url":"https:\/\/toidupakk.ee\/pl\/","name":"Toidupakk.ee - Tactical Foodpack toidupakid","description":"Tactical Foodpack k\u00fclmkuivatatud toidupakid ja matkaeined","publisher":{"@id":"https:\/\/toidupakk.ee\/pl\/#organization"},"potentialAction":[{"@type":"SearchAction","target":{"@type":"EntryPoint","urlTemplate":"https:\/\/toidupakk.ee\/pl\/?s={search_term_string}"},"query-input":{"@type":"PropertyValueSpecification","valueRequired":true,"valueName":"search_term_string"}}],"inLanguage":"pl-PL"},{"@type":"Organization","@id":"https:\/\/toidupakk.ee\/pl\/#organization","name":"Tactical Foodpack matkaeined","url":"https:\/\/toidupakk.ee\/pl\/","logo":{"@type":"ImageObject","inLanguage":"pl-PL","@id":"https:\/\/toidupakk.ee\/pl\/#\/schema\/logo\/image\/","url":"https:\/\/toidupakk.ee\/wp-content\/uploads\/2022\/01\/Toidupakk-matkapood-logo-transparent.png","contentUrl":"https:\/\/toidupakk.ee\/wp-content\/uploads\/2022\/01\/Toidupakk-matkapood-logo-transparent.png","width":500,"height":500,"caption":"Tactical Foodpack matkaeined"},"image":{"@id":"https:\/\/toidupakk.ee\/pl\/#\/schema\/logo\/image\/"},"sameAs":["https:\/\/www.facebook.com\/Toidupakk","https:\/\/www.instagram.com\/toidupakk\/"]}]}},"jetpack_sharing_enabled":true,"_links":{"self":[{"href":"https:\/\/toidupakk.ee\/pl\/wp-json\/wp\/v2\/product\/49746","targetHints":{"allow":["GET"]}}],"collection":[{"href":"https:\/\/toidupakk.ee\/pl\/wp-json\/wp\/v2\/product"}],"about":[{"href":"https:\/\/toidupakk.ee\/pl\/wp-json\/wp\/v2\/types\/product"}],"replies":[{"embeddable":true,"href":"https:\/\/toidupakk.ee\/pl\/wp-json\/wp\/v2\/comments?post=49746"}],"wp:featuredmedia":[{"embeddable":true,"href":"https:\/\/toidupakk.ee\/pl\/wp-json\/wp\/v2\/media\/39583"}],"wp:attachment":[{"href":"https:\/\/toidupakk.ee\/pl\/wp-json\/wp\/v2\/media?parent=49746"}],"wp:term":[{"taxonomy":"product_brand","embeddable":true,"href":"https:\/\/toidupakk.ee\/pl\/wp-json\/wp\/v2\/product_brand?post=49746"},{"taxonomy":"product_cat","embeddable":true,"href":"https:\/\/toidupakk.ee\/pl\/wp-json\/wp\/v2\/product_cat?post=49746"},{"taxonomy":"product_tag","embeddable":true,"href":"https:\/\/toidupakk.ee\/pl\/wp-json\/wp\/v2\/product_tag?post=49746"}],"curies":[{"name":"wp","href":"https:\/\/api.w.org\/{rel}","templated":true}]}}