{"id":49728,"date":"2025-09-30T12:58:58","date_gmt":"2025-09-30T09:58:58","guid":{"rendered":"https:\/\/toidupakk.ee\/toode\/ogrzewacze-do-stop-czyli-cieple-wkladki-matkapro\/"},"modified":"2026-04-04T04:01:14","modified_gmt":"2026-04-04T01:01:14","slug":"ogrzewacze-do-stop-czyli-cieple-wkladki-matkapro","status":"publish","type":"product","link":"https:\/\/toidupakk.ee\/pl\/toode\/ogrzewacze-do-stop-czyli-cieple-wkladki-matkapro\/","title":{"rendered":"Ogrzewacze do st\u00f3p, czyli ciep\u0142e wk\u0142adki MATKAPRO"},"content":{"rendered":"<p>&nbsp;<\/p>\n<h1><img fetchpriority=\"high\" decoding=\"async\" class=\"alignright wp-image-39590 size-thumbnail\" src=\"https:\/\/toidupakk.ee\/wp-content\/uploads\/2025\/09\/Jalasoojendajad-ehk-soojad-tallad-MATKAPRO2-500x500.jpg\" alt=\"ciep\u0142e wk\u0142adki lub ogrzewacze do st\u00f3p\" width=\"500\" height=\"500\" srcset=\"https:\/\/toidupakk.ee\/wp-content\/uploads\/2025\/09\/Jalasoojendajad-ehk-soojad-tallad-MATKAPRO2-500x500.jpg 500w, https:\/\/toidupakk.ee\/wp-content\/uploads\/2025\/09\/Jalasoojendajad-ehk-soojad-tallad-MATKAPRO2-300x300.jpg 300w, https:\/\/toidupakk.ee\/wp-content\/uploads\/2025\/09\/Jalasoojendajad-ehk-soojad-tallad-MATKAPRO2-768x768.jpg 768w, https:\/\/toidupakk.ee\/wp-content\/uploads\/2025\/09\/Jalasoojendajad-ehk-soojad-tallad-MATKAPRO2-400x400.jpg 400w, https:\/\/toidupakk.ee\/wp-content\/uploads\/2025\/09\/Jalasoojendajad-ehk-soojad-tallad-MATKAPRO2-100x100.jpg 100w, https:\/\/toidupakk.ee\/wp-content\/uploads\/2025\/09\/Jalasoojendajad-ehk-soojad-tallad-MATKAPRO2.jpg 800w\" sizes=\"(max-width: 500px) 100vw, 500px\" \/><\/h1>\n<h1>Ogrzewacze do st\u00f3p, czyli ciep\u0142e wk\u0142adki \u2013 jak u\u017cywa\u0107 produktu<\/h1>\n<p>Otw\u00f3rz opakowanie <strong>ogrzewaczy do st\u00f3p MATKAPRO<\/strong> r\u0119cznie, rozdzieraj\u0105c je w wyznaczonych miejscach. Do otwierania nie u\u017cywaj no\u017cyczek, no\u017ca ani innych ostrych narz\u0119dzi! Proces samonagrzewania rozpoczyna si\u0119 automatycznie po kontakcie z powietrzem. Produkt osi\u0105ga temperatur\u0119 robocz\u0105 w ci\u0105gu kilku minut. Umie\u015b\u0107 ogrzewacze wewn\u0105trz but\u00f3w tak jak zwyk\u0142e wk\u0142adki. Produkt jest przeznaczony do u\u017cytku wewn\u0105trz obuwia. Pami\u0119taj, \u017ce grube skarpetki mog\u0105 nieco os\u0142abi\u0107 odczuwanie ciep\u0142a. Nie przyk\u0142adaj produktu bezpo\u015brednio do sk\u00f3ry. Je\u015bli ogrzewacze stan\u0105 si\u0119 nieprzyjemnie gor\u0105ce, natychmiast przesta\u0144 ich u\u017cywa\u0107. Produkt nie jest przeznaczony dla dzieci poni\u017cej 12. roku \u017cycia. Po u\u017cyciu i ostygni\u0119ciu wyrzu\u0107 do odpad\u00f3w zmieszanych.          <\/p>\n<p><strong>Ogrzewaczy do st\u00f3p nie wolno u\u017cywa\u0107:<\/strong><\/p>\n<ul>\n<li>Na opuchlizn\u0119 lub siniaki<\/li>\n<li>Na odmro\u017con\u0105 sk\u00f3r\u0119<\/li>\n<li>U dzieci poni\u017cej 12. roku \u017cycia<\/li>\n<li>Do cel\u00f3w medycznych<\/li>\n<\/ul>\n<p>Nie pr\u00f3buj otwiera\u0107 wk\u0142adek grzewczych, tj. nie niszcz produktu. W przypadku kontaktu zawarto\u015bci z ustami lub oczami, nale\u017cy natychmiast skontaktowa\u0107 si\u0119 z lekarzem w celu uzyskania pierwszej pomocy. <\/p>\n<h2>Zastosowanie ogrzewaczy do st\u00f3p MATKAPRO<\/h2>\n<p>Produkt idealny dla mi\u0142o\u015bnik\u00f3w w\u0119dr\u00f3wek, os\u00f3b pracuj\u0105cych w ch\u0142odzie, w\u0119dkarzy, my\u015bliwych, rowerzyst\u00f3w i narciarzy. Sprawdzi si\u0119 te\u017c u sprzedawc\u00f3w targowych czy widz\u00f3w zawod\u00f3w sportowych. Cienkie i wygodne \u2013 pasuj\u0105 do ka\u017cdego rodzaju obuwia.  <\/p>\n<p>Zobacz wi\u0119cej akcesori\u00f3w turystycznych <a href=\"https:\/\/toidupakk.ee\/pl\/tootekategooria\/sprzet-turystyczny\/#section-3-79\">TUTAJ<\/a><\/p>\n<p>Znajd\u017a inspiracj\u0119 na kolejne przygody na <a href=\"https:\/\/www.instagram.com\/toidupakk\/\">Instagramie<\/a> i <a href=\"https:\/\/www.facebook.com\/Toidupakk\/\">Facebooku<\/a> Toidupakk.<\/p>\n","protected":false},"excerpt":{"rendered":"<p><strong>Ogrzewacze do st\u00f3p, czyli ciep\u0142e wk\u0142adki, zapewni\u0105 Twoim stopom przyjemne ciep\u0142o nawet w najwi\u0119kszy mr\u00f3z. Samonagrzewaj\u0105ce si\u0119 wk\u0142adki umieszcza si\u0119 wewn\u0105trz buta pod stop\u0105. Grzej\u0105 do 12 godzin. Nie zawieraj\u0105 substancji niebezpiecznych.   <\/strong><\/p>\n<ul>\n<li>Grzej\u0105 <strong>do 12 godzin<\/strong><\/li>\n<li><strong>Nie zawieraj\u0105 substancji niebezpiecznych<\/strong><\/li>\n<li>Nie wywo\u0142uj\u0105 alergii<\/li>\n<li><strong>Aktywuj\u0105 si\u0119 w kontakcie z powietrzem<\/strong> w ci\u0105gu kilku minut po otwarciu opakowania<\/li>\n<li><strong>W zestawie 2 wk\u0142adki<\/strong>, czyli 1 para<\/li>\n<li>Sk\u0142ad: wermikulit, s\u00f3l, sproszkowane \u017celazo, woda<\/li>\n<li>Produkt jednorazowy, po u\u017cyciu i ostygni\u0119ciu wyrzu\u0107 do odpad\u00f3w zmieszanych<\/li>\n<li>Przechowywanie: w suchym miejscu, z dala od bezpo\u015bredniego \u015bwiat\u0142a s\u0142onecznego<\/li>\n<li>Termin wa\u017cno\u015bci: 2 lata od daty produkcji<\/li>\n<li><strong>UWAGA! W magazynie rozmiar m\u0119ski 40\u201343. Obecnie inne rozmiary nie s\u0105 dost\u0119pne.  <\/strong><\/li>\n<\/ul>\n<p>\u2705 Dost\u0119pne w magazynie, szybka dostawa w 1\u20133 dni robocze<\/p>\n","protected":false},"featured_media":39589,"comment_status":"open","ping_status":"closed","template":"","meta":{"_acf_changed":false},"product_brand":[],"product_cat":[303,324,325,326,301],"product_tag":[],"class_list":{"0":"post-49728","1":"product","2":"type-product","3":"status-publish","4":"has-post-thumbnail","6":"product_cat-akcesoria-turystyczne","7":"product_cat-elementy-grzewcze","8":"product_cat-ogrzewacze-do-ciala","9":"product_cat-produkty-zimowe","10":"product_cat-sprzet-turystyczny","12":"first","13":"instock","14":"sale","15":"taxable","16":"shipping-taxable","17":"purchasable","18":"product-type-simple"},"bundled_by":[],"bundle_stock_status":"instock","bundle_stock_quantity":159,"bundle_virtual":false,"bundle_layout":"","bundle_add_to_cart_form_location":"","bundle_editable_in_cart":false,"bundle_sold_individually_context":"","bundle_item_grouping":"","bundle_min_size":"","bundle_max_size":"","bundle_price":[],"bundled_items":[],"bundle_sell_ids":[],"acf":[],"yoast_head":"<!-- This site is optimized with the Yoast SEO plugin v27.1.1 - https:\/\/yoast.com\/product\/yoast-seo-wordpress\/ -->\n<title>Ogrzewacze do st\u00f3p, czyli ciep\u0142e wk\u0142adki MATKAPRO<\/title>\n<meta name=\"description\" content=\"Ogrzewacze do st\u00f3p zapewni\u0105 Twoim stopom przyjemne ciep\u0142o nawet podczas najwi\u0119kszych mroz\u00f3w. Ciep\u0142e wk\u0142adki grzej\u0105 a\u017c do 12 godzin.\" \/>\n<meta name=\"robots\" content=\"index, follow, max-snippet:-1, max-image-preview:large, max-video-preview:-1\" \/>\n<link rel=\"canonical\" href=\"https:\/\/toidupakk.ee\/pl\/toode\/ogrzewacze-do-stop-czyli-cieple-wkladki-matkapro\/\" \/>\n<meta property=\"og:locale\" content=\"pl_PL\" \/>\n<meta property=\"og:type\" content=\"article\" \/>\n<meta property=\"og:title\" content=\"Ogrzewacze do st\u00f3p, czyli ciep\u0142e wk\u0142adki MATKAPRO\" \/>\n<meta property=\"og:description\" content=\"Ogrzewacze do st\u00f3p zapewni\u0105 Twoim stopom przyjemne ciep\u0142o nawet podczas najwi\u0119kszych mroz\u00f3w. Ciep\u0142e wk\u0142adki grzej\u0105 a\u017c do 12 godzin.\" \/>\n<meta property=\"og:url\" content=\"https:\/\/toidupakk.ee\/pl\/toode\/ogrzewacze-do-stop-czyli-cieple-wkladki-matkapro\/\" \/>\n<meta property=\"og:site_name\" content=\"Toidupakk.ee - Tactical Foodpack toidupakid\" \/>\n<meta property=\"article:publisher\" content=\"https:\/\/www.facebook.com\/Toidupakk\" \/>\n<meta property=\"article:modified_time\" content=\"2026-04-04T01:01:14+00:00\" \/>\n<meta property=\"og:image\" content=\"https:\/\/toidupakk.ee\/wp-content\/uploads\/2025\/09\/Jalasoojendajad-ehk-soojad-tallad-MATKAPRO1.png\" \/>\n\t<meta property=\"og:image:width\" content=\"800\" \/>\n\t<meta property=\"og:image:height\" content=\"800\" \/>\n\t<meta property=\"og:image:type\" content=\"image\/png\" \/>\n<meta name=\"twitter:card\" content=\"summary_large_image\" \/>\n<meta name=\"twitter:label1\" content=\"Szacowany czas czytania\" \/>\n\t<meta name=\"twitter:data1\" content=\"1 minuta\" \/>\n<script type=\"application\/ld+json\" class=\"yoast-schema-graph\">{\"@context\":\"https:\/\/schema.org\",\"@graph\":[{\"@type\":\"WebPage\",\"@id\":\"https:\/\/toidupakk.ee\/pl\/toode\/ogrzewacze-do-stop-czyli-cieple-wkladki-matkapro\/\",\"url\":\"https:\/\/toidupakk.ee\/pl\/toode\/ogrzewacze-do-stop-czyli-cieple-wkladki-matkapro\/\",\"name\":\"Ogrzewacze do st\u00f3p, czyli ciep\u0142e wk\u0142adki MATKAPRO\",\"isPartOf\":{\"@id\":\"https:\/\/toidupakk.ee\/pl\/#website\"},\"primaryImageOfPage\":{\"@id\":\"https:\/\/toidupakk.ee\/pl\/toode\/ogrzewacze-do-stop-czyli-cieple-wkladki-matkapro\/#primaryimage\"},\"image\":{\"@id\":\"https:\/\/toidupakk.ee\/pl\/toode\/ogrzewacze-do-stop-czyli-cieple-wkladki-matkapro\/#primaryimage\"},\"thumbnailUrl\":\"https:\/\/toidupakk.ee\/wp-content\/uploads\/2025\/09\/Jalasoojendajad-ehk-soojad-tallad-MATKAPRO1.png\",\"datePublished\":\"2025-09-30T09:58:58+00:00\",\"dateModified\":\"2026-04-04T01:01:14+00:00\",\"description\":\"Ogrzewacze do st\u00f3p zapewni\u0105 Twoim stopom przyjemne ciep\u0142o nawet podczas najwi\u0119kszych mroz\u00f3w. Ciep\u0142e wk\u0142adki grzej\u0105 a\u017c do 12 godzin.\",\"breadcrumb\":{\"@id\":\"https:\/\/toidupakk.ee\/pl\/toode\/ogrzewacze-do-stop-czyli-cieple-wkladki-matkapro\/#breadcrumb\"},\"inLanguage\":\"pl-PL\",\"potentialAction\":[{\"@type\":\"ReadAction\",\"target\":[\"https:\/\/toidupakk.ee\/pl\/toode\/ogrzewacze-do-stop-czyli-cieple-wkladki-matkapro\/\"]}]},{\"@type\":\"ImageObject\",\"inLanguage\":\"pl-PL\",\"@id\":\"https:\/\/toidupakk.ee\/pl\/toode\/ogrzewacze-do-stop-czyli-cieple-wkladki-matkapro\/#primaryimage\",\"url\":\"https:\/\/toidupakk.ee\/wp-content\/uploads\/2025\/09\/Jalasoojendajad-ehk-soojad-tallad-MATKAPRO1.png\",\"contentUrl\":\"https:\/\/toidupakk.ee\/wp-content\/uploads\/2025\/09\/Jalasoojendajad-ehk-soojad-tallad-MATKAPRO1.png\",\"width\":800,\"height\":800,\"caption\":\"jalasoojendajad ehk soojad tallad jalatsite sisse\"},{\"@type\":\"BreadcrumbList\",\"@id\":\"https:\/\/toidupakk.ee\/pl\/toode\/ogrzewacze-do-stop-czyli-cieple-wkladki-matkapro\/#breadcrumb\",\"itemListElement\":[{\"@type\":\"ListItem\",\"position\":1,\"name\":\"Avaleht\",\"item\":\"https:\/\/toidupakk.ee\/pl\/\"},{\"@type\":\"ListItem\",\"position\":2,\"name\":\"Sklep internetowy\",\"item\":\"https:\/\/toidupakk.ee\/pl\/sklep-internetowy\/\"},{\"@type\":\"ListItem\",\"position\":3,\"name\":\"Ogrzewacze do st\u00f3p, czyli ciep\u0142e wk\u0142adki MATKAPRO\"}]},{\"@type\":\"WebSite\",\"@id\":\"https:\/\/toidupakk.ee\/pl\/#website\",\"url\":\"https:\/\/toidupakk.ee\/pl\/\",\"name\":\"Toidupakk.ee - Tactical Foodpack toidupakid\",\"description\":\"Tactical Foodpack k\u00fclmkuivatatud toidupakid ja matkaeined\",\"publisher\":{\"@id\":\"https:\/\/toidupakk.ee\/pl\/#organization\"},\"potentialAction\":[{\"@type\":\"SearchAction\",\"target\":{\"@type\":\"EntryPoint\",\"urlTemplate\":\"https:\/\/toidupakk.ee\/pl\/?s={search_term_string}\"},\"query-input\":{\"@type\":\"PropertyValueSpecification\",\"valueRequired\":true,\"valueName\":\"search_term_string\"}}],\"inLanguage\":\"pl-PL\"},{\"@type\":\"Organization\",\"@id\":\"https:\/\/toidupakk.ee\/pl\/#organization\",\"name\":\"Tactical Foodpack matkaeined\",\"url\":\"https:\/\/toidupakk.ee\/pl\/\",\"logo\":{\"@type\":\"ImageObject\",\"inLanguage\":\"pl-PL\",\"@id\":\"https:\/\/toidupakk.ee\/pl\/#\/schema\/logo\/image\/\",\"url\":\"https:\/\/toidupakk.ee\/wp-content\/uploads\/2022\/01\/Toidupakk-matkapood-logo-transparent.png\",\"contentUrl\":\"https:\/\/toidupakk.ee\/wp-content\/uploads\/2022\/01\/Toidupakk-matkapood-logo-transparent.png\",\"width\":500,\"height\":500,\"caption\":\"Tactical Foodpack matkaeined\"},\"image\":{\"@id\":\"https:\/\/toidupakk.ee\/pl\/#\/schema\/logo\/image\/\"},\"sameAs\":[\"https:\/\/www.facebook.com\/Toidupakk\",\"https:\/\/www.instagram.com\/toidupakk\/\"]}]}<\/script>\n<!-- \/ Yoast SEO plugin. -->","yoast_head_json":{"title":"Ogrzewacze do st\u00f3p, czyli ciep\u0142e wk\u0142adki MATKAPRO","description":"Ogrzewacze do st\u00f3p zapewni\u0105 Twoim stopom przyjemne ciep\u0142o nawet podczas najwi\u0119kszych mroz\u00f3w. Ciep\u0142e wk\u0142adki grzej\u0105 a\u017c do 12 godzin.","robots":{"index":"index","follow":"follow","max-snippet":"max-snippet:-1","max-image-preview":"max-image-preview:large","max-video-preview":"max-video-preview:-1"},"canonical":"https:\/\/toidupakk.ee\/pl\/toode\/ogrzewacze-do-stop-czyli-cieple-wkladki-matkapro\/","og_locale":"pl_PL","og_type":"article","og_title":"Ogrzewacze do st\u00f3p, czyli ciep\u0142e wk\u0142adki MATKAPRO","og_description":"Ogrzewacze do st\u00f3p zapewni\u0105 Twoim stopom przyjemne ciep\u0142o nawet podczas najwi\u0119kszych mroz\u00f3w. Ciep\u0142e wk\u0142adki grzej\u0105 a\u017c do 12 godzin.","og_url":"https:\/\/toidupakk.ee\/pl\/toode\/ogrzewacze-do-stop-czyli-cieple-wkladki-matkapro\/","og_site_name":"Toidupakk.ee - Tactical Foodpack toidupakid","article_publisher":"https:\/\/www.facebook.com\/Toidupakk","article_modified_time":"2026-04-04T01:01:14+00:00","og_image":[{"width":800,"height":800,"url":"https:\/\/toidupakk.ee\/wp-content\/uploads\/2025\/09\/Jalasoojendajad-ehk-soojad-tallad-MATKAPRO1.png","type":"image\/png"}],"twitter_card":"summary_large_image","twitter_misc":{"Szacowany czas czytania":"1 minuta"},"schema":{"@context":"https:\/\/schema.org","@graph":[{"@type":"WebPage","@id":"https:\/\/toidupakk.ee\/pl\/toode\/ogrzewacze-do-stop-czyli-cieple-wkladki-matkapro\/","url":"https:\/\/toidupakk.ee\/pl\/toode\/ogrzewacze-do-stop-czyli-cieple-wkladki-matkapro\/","name":"Ogrzewacze do st\u00f3p, czyli ciep\u0142e wk\u0142adki MATKAPRO","isPartOf":{"@id":"https:\/\/toidupakk.ee\/pl\/#website"},"primaryImageOfPage":{"@id":"https:\/\/toidupakk.ee\/pl\/toode\/ogrzewacze-do-stop-czyli-cieple-wkladki-matkapro\/#primaryimage"},"image":{"@id":"https:\/\/toidupakk.ee\/pl\/toode\/ogrzewacze-do-stop-czyli-cieple-wkladki-matkapro\/#primaryimage"},"thumbnailUrl":"https:\/\/toidupakk.ee\/wp-content\/uploads\/2025\/09\/Jalasoojendajad-ehk-soojad-tallad-MATKAPRO1.png","datePublished":"2025-09-30T09:58:58+00:00","dateModified":"2026-04-04T01:01:14+00:00","description":"Ogrzewacze do st\u00f3p zapewni\u0105 Twoim stopom przyjemne ciep\u0142o nawet podczas najwi\u0119kszych mroz\u00f3w. Ciep\u0142e wk\u0142adki grzej\u0105 a\u017c do 12 godzin.","breadcrumb":{"@id":"https:\/\/toidupakk.ee\/pl\/toode\/ogrzewacze-do-stop-czyli-cieple-wkladki-matkapro\/#breadcrumb"},"inLanguage":"pl-PL","potentialAction":[{"@type":"ReadAction","target":["https:\/\/toidupakk.ee\/pl\/toode\/ogrzewacze-do-stop-czyli-cieple-wkladki-matkapro\/"]}]},{"@type":"ImageObject","inLanguage":"pl-PL","@id":"https:\/\/toidupakk.ee\/pl\/toode\/ogrzewacze-do-stop-czyli-cieple-wkladki-matkapro\/#primaryimage","url":"https:\/\/toidupakk.ee\/wp-content\/uploads\/2025\/09\/Jalasoojendajad-ehk-soojad-tallad-MATKAPRO1.png","contentUrl":"https:\/\/toidupakk.ee\/wp-content\/uploads\/2025\/09\/Jalasoojendajad-ehk-soojad-tallad-MATKAPRO1.png","width":800,"height":800,"caption":"jalasoojendajad ehk soojad tallad jalatsite sisse"},{"@type":"BreadcrumbList","@id":"https:\/\/toidupakk.ee\/pl\/toode\/ogrzewacze-do-stop-czyli-cieple-wkladki-matkapro\/#breadcrumb","itemListElement":[{"@type":"ListItem","position":1,"name":"Avaleht","item":"https:\/\/toidupakk.ee\/pl\/"},{"@type":"ListItem","position":2,"name":"Sklep internetowy","item":"https:\/\/toidupakk.ee\/pl\/sklep-internetowy\/"},{"@type":"ListItem","position":3,"name":"Ogrzewacze do st\u00f3p, czyli ciep\u0142e wk\u0142adki MATKAPRO"}]},{"@type":"WebSite","@id":"https:\/\/toidupakk.ee\/pl\/#website","url":"https:\/\/toidupakk.ee\/pl\/","name":"Toidupakk.ee - Tactical Foodpack toidupakid","description":"Tactical Foodpack k\u00fclmkuivatatud toidupakid ja matkaeined","publisher":{"@id":"https:\/\/toidupakk.ee\/pl\/#organization"},"potentialAction":[{"@type":"SearchAction","target":{"@type":"EntryPoint","urlTemplate":"https:\/\/toidupakk.ee\/pl\/?s={search_term_string}"},"query-input":{"@type":"PropertyValueSpecification","valueRequired":true,"valueName":"search_term_string"}}],"inLanguage":"pl-PL"},{"@type":"Organization","@id":"https:\/\/toidupakk.ee\/pl\/#organization","name":"Tactical Foodpack matkaeined","url":"https:\/\/toidupakk.ee\/pl\/","logo":{"@type":"ImageObject","inLanguage":"pl-PL","@id":"https:\/\/toidupakk.ee\/pl\/#\/schema\/logo\/image\/","url":"https:\/\/toidupakk.ee\/wp-content\/uploads\/2022\/01\/Toidupakk-matkapood-logo-transparent.png","contentUrl":"https:\/\/toidupakk.ee\/wp-content\/uploads\/2022\/01\/Toidupakk-matkapood-logo-transparent.png","width":500,"height":500,"caption":"Tactical Foodpack matkaeined"},"image":{"@id":"https:\/\/toidupakk.ee\/pl\/#\/schema\/logo\/image\/"},"sameAs":["https:\/\/www.facebook.com\/Toidupakk","https:\/\/www.instagram.com\/toidupakk\/"]}]}},"jetpack_sharing_enabled":true,"_links":{"self":[{"href":"https:\/\/toidupakk.ee\/pl\/wp-json\/wp\/v2\/product\/49728","targetHints":{"allow":["GET"]}}],"collection":[{"href":"https:\/\/toidupakk.ee\/pl\/wp-json\/wp\/v2\/product"}],"about":[{"href":"https:\/\/toidupakk.ee\/pl\/wp-json\/wp\/v2\/types\/product"}],"replies":[{"embeddable":true,"href":"https:\/\/toidupakk.ee\/pl\/wp-json\/wp\/v2\/comments?post=49728"}],"wp:featuredmedia":[{"embeddable":true,"href":"https:\/\/toidupakk.ee\/pl\/wp-json\/wp\/v2\/media\/39589"}],"wp:attachment":[{"href":"https:\/\/toidupakk.ee\/pl\/wp-json\/wp\/v2\/media?parent=49728"}],"wp:term":[{"taxonomy":"product_brand","embeddable":true,"href":"https:\/\/toidupakk.ee\/pl\/wp-json\/wp\/v2\/product_brand?post=49728"},{"taxonomy":"product_cat","embeddable":true,"href":"https:\/\/toidupakk.ee\/pl\/wp-json\/wp\/v2\/product_cat?post=49728"},{"taxonomy":"product_tag","embeddable":true,"href":"https:\/\/toidupakk.ee\/pl\/wp-json\/wp\/v2\/product_tag?post=49728"}],"curies":[{"name":"wp","href":"https:\/\/api.w.org\/{rel}","templated":true}]}}