{"id":49701,"date":"2025-11-26T14:18:51","date_gmt":"2025-11-26T12:18:51","guid":{"rendered":"https:\/\/toidupakk.ee\/toode\/wafle-ziemniaczane-long-chips-o-smaku-pizzy-salami\/"},"modified":"2026-05-14T08:31:22","modified_gmt":"2026-05-14T05:31:22","slug":"wafle-ziemniaczane-long-chips-o-smaku-pizzy-salami","status":"publish","type":"product","link":"https:\/\/toidupakk.ee\/pl\/toode\/wafle-ziemniaczane-long-chips-o-smaku-pizzy-salami\/","title":{"rendered":"Wafle ziemniaczane Long Chips o smaku pizzy salami"},"content":{"rendered":"<p><strong>Wafle ziemniaczane Long Chips o smaku pizzy salami to przyjemnie lekka i chrupi\u0105ca przek\u0105ska. Po\u0142\u0105czenie smak\u00f3w pomidora, zi\u00f3\u0142 i pizzy salami tworzy g\u0142\u0119boki, lekko w\u0119dzony aromat, kt\u00f3ry sprawia, \u017ce ten przysmak jest wyj\u0105tkowo smaczny. Idealny wyb\u00f3r na chwile, gdy masz ochot\u0119 na co\u015b pysznego i kusz\u0105cego.  <\/strong><\/p>\n<h2>Zalecenia dotycz\u0105ce spo\u017cycia<\/h2>\n<ul>\n<li>Serwuj jako wykwintn\u0105 przek\u0105sk\u0119 do wina lub szampana.<\/li>\n<li>Dodaj do deski ser\u00f3w i w\u0119dlin, aby zaoferowa\u0107 go\u015bciom luksusowe doznania smakowe.<\/li>\n<li>Ciesz si\u0119 nimi jako wyj\u0105tkow\u0105 przek\u0105sk\u0105 podczas przerwy w pracy lub seansu filmowego.<\/li>\n<\/ul>\n<hr>\n<h2>Wafle ziemniaczane Long Chips o smaku pizzy salami \u2013 dlaczego warto je wybra\u0107?<\/h2>\n<ul>\n<li>Unikalny d\u0142ugi i cienki kszta\u0142t, kt\u00f3ry wyr\u00f3\u017cnia si\u0119 na tle zwyk\u0142ych chips\u00f3w.<\/li>\n<li>Niesamowicie bogaty smak pizzy salami \u2013 prawdziwa przyjemno\u015b\u0107 dla os\u00f3b szukaj\u0105cych g\u0142\u0119bokich i wyrazistych przek\u0105sek.<\/li>\n<li>Lekka, chrupi\u0105ca tekstura i intensywne doznania smakowe.<\/li>\n<li>Idealne zar\u00f3wno na prezent, jak i do w\u0142asnego chrupania.<\/li>\n<\/ul>\n<p>Zobacz wi\u0119cej przek\u0105sek <a href=\"https:\/\/toidupakk.ee\/pl\/tootekategooria\/przekaski\/\">TUTAJ<\/a>.<\/p>\n<p>Znajd\u017a inspiracj\u0119 na kolejne przygody na <a href=\"https:\/\/www.instagram.com\/toidupakk\/\">Instagramie<\/a> i <a href=\"https:\/\/www.facebook.com\/Toidupakk\/\">Facebooku<\/a> Toidupakk.<\/p>\n","protected":false},"excerpt":{"rendered":"<p><strong>Odkryj nowy poziom chrupi\u0105cych wafli ziemniaczanych \u2013 Long Chips przynosz\u0105 na Tw\u00f3j st\u00f3\u0142 autentyczny aromat pizzy salami: pomidorowe, zio\u0142owe i lekko w\u0119dzone po\u0142\u0105czenie smak\u00f3w, kt\u00f3re \u015bwietnie sprawdzi si\u0119 jako imprezowa zagryzka i codzienna przek\u0105ska.<\/strong><\/p>\n<ul>\n<li>Wafle ziemniaczane Long Chips powstaj\u0105 z prawdziwego pur\u00e9e ziemniaczanego<\/li>\n<li>Idealna chrupko\u015b\u0107 i przyjemnie lekka tekstura wafli to zas\u0142uga technologii szybkiego sma\u017cenia, gdzie ka\u017cdy chips piecze si\u0119 tylko przez 10 sekund<\/li>\n<li>Wyprodukowano na \u0141otwie<\/li>\n<li>Waga 75 g<\/li>\n<li>Przechowywa\u0107 w suchym i ch\u0142odnym miejscu<\/li>\n<\/ul>\n<p><strong>Sk\u0142ad:<\/strong> P\u0142atki ziemniaczane (48%), olej s\u0142onecznikowy, grysik pszenny, skrobia ziemniaczana, mieszanka przypraw [m\u0105ka pszenna, s\u00f3l, dekstroza, wzmacniacze smaku (glutaminian sodu i 5\u2019-rybonukleotydy disodowe), aromat (mleko), serwatka w proszku (z mleka), pomidory w proszku, suszona cebula, zio\u0142a, przyprawy, kwas (kwas cytrynowy), barwnik (ekstrakt z papryki), w\u0119dzona maltodekstryna, olej ro\u015blinny (olej s\u0142onecznikowy)], s\u00f3l, przeciwutleniacz (ekstrakt z rozmarynu). Mo\u017ce zawiera\u0107 \u015bladowe ilo\u015bci gorczycy. <\/p>\n<p>\u2705 Dost\u0119pne w magazynie, szybka dostawa w 1-3 dni robocze<\/p>\n","protected":false},"featured_media":42855,"comment_status":"open","ping_status":"closed","template":"","meta":{"_acf_changed":false},"product_brand":[],"product_cat":[303,322,301,323],"product_tag":[305],"class_list":{"0":"post-49701","1":"product","2":"type-product","3":"status-publish","4":"has-post-thumbnail","6":"product_cat-akcesoria-turystyczne","7":"product_cat-przekaski","8":"product_cat-sprzet-turystyczny","9":"product_cat-wafle-ziemniaczane-long-chips","10":"product_tag-no_ads","12":"first","13":"instock","14":"taxable","15":"shipping-taxable","16":"purchasable","17":"product-type-simple"},"bundled_by":[],"bundle_stock_status":"instock","bundle_stock_quantity":4,"bundle_virtual":false,"bundle_layout":"","bundle_add_to_cart_form_location":"","bundle_editable_in_cart":false,"bundle_sold_individually_context":"","bundle_item_grouping":"","bundle_min_size":"","bundle_max_size":"","bundle_price":[],"bundled_items":[],"bundle_sell_ids":[],"acf":[],"yoast_head":"<!-- This site is optimized with the Yoast SEO plugin v27.3 - https:\/\/yoast.com\/product\/yoast-seo-wordpress\/ -->\n<title>Wafle ziemniaczane Long Chips o smaku pizzy salami<\/title>\n<meta name=\"description\" content=\"Wafle ziemniaczane o smaku pizzy salami to chrupi\u0105ce doznanie z nut\u0105 pomidor\u00f3w, zi\u00f3\u0142 i lekkiego w\u0119dzenia \u2013 idealne na imprezow\u0105 przek\u0105sk\u0119.\" \/>\n<meta name=\"robots\" content=\"index, follow, max-snippet:-1, max-image-preview:large, max-video-preview:-1\" \/>\n<link rel=\"canonical\" href=\"https:\/\/toidupakk.ee\/pl\/toode\/wafle-ziemniaczane-long-chips-o-smaku-pizzy-salami\/\" \/>\n<meta property=\"og:locale\" content=\"pl_PL\" \/>\n<meta property=\"og:type\" content=\"article\" \/>\n<meta property=\"og:title\" content=\"Wafle ziemniaczane Long Chips o smaku pizzy salami\" \/>\n<meta property=\"og:description\" content=\"Wafle ziemniaczane o smaku pizzy salami to chrupi\u0105ce doznanie z nut\u0105 pomidor\u00f3w, zi\u00f3\u0142 i lekkiego w\u0119dzenia \u2013 idealne na imprezow\u0105 przek\u0105sk\u0119.\" \/>\n<meta property=\"og:url\" content=\"https:\/\/toidupakk.ee\/pl\/toode\/wafle-ziemniaczane-long-chips-o-smaku-pizzy-salami\/\" \/>\n<meta property=\"og:site_name\" content=\"Toidupakk.ee - Tactical Foodpack toidupakid\" \/>\n<meta property=\"article:publisher\" content=\"https:\/\/www.facebook.com\/Toidupakk\" \/>\n<meta property=\"article:modified_time\" content=\"2026-05-14T05:31:22+00:00\" \/>\n<meta property=\"og:image\" content=\"https:\/\/toidupakk.ee\/wp-content\/uploads\/2025\/11\/Nimetu-kujundus-5.png\" \/>\n\t<meta property=\"og:image:width\" content=\"800\" \/>\n\t<meta property=\"og:image:height\" content=\"800\" \/>\n\t<meta property=\"og:image:type\" content=\"image\/png\" \/>\n<meta name=\"twitter:card\" content=\"summary_large_image\" \/>\n<meta name=\"twitter:label1\" content=\"Szacowany czas czytania\" \/>\n\t<meta name=\"twitter:data1\" content=\"1 minuta\" \/>\n<script type=\"application\/ld+json\" class=\"yoast-schema-graph\">{\"@context\":\"https:\\\/\\\/schema.org\",\"@graph\":[{\"@type\":\"WebPage\",\"@id\":\"https:\\\/\\\/toidupakk.ee\\\/pl\\\/toode\\\/wafle-ziemniaczane-long-chips-o-smaku-pizzy-salami\\\/\",\"url\":\"https:\\\/\\\/toidupakk.ee\\\/pl\\\/toode\\\/wafle-ziemniaczane-long-chips-o-smaku-pizzy-salami\\\/\",\"name\":\"Wafle ziemniaczane Long Chips o smaku pizzy salami\",\"isPartOf\":{\"@id\":\"https:\\\/\\\/toidupakk.ee\\\/pl\\\/#website\"},\"primaryImageOfPage\":{\"@id\":\"https:\\\/\\\/toidupakk.ee\\\/pl\\\/toode\\\/wafle-ziemniaczane-long-chips-o-smaku-pizzy-salami\\\/#primaryimage\"},\"image\":{\"@id\":\"https:\\\/\\\/toidupakk.ee\\\/pl\\\/toode\\\/wafle-ziemniaczane-long-chips-o-smaku-pizzy-salami\\\/#primaryimage\"},\"thumbnailUrl\":\"https:\\\/\\\/toidupakk.ee\\\/wp-content\\\/uploads\\\/2025\\\/11\\\/Nimetu-kujundus-5.png\",\"datePublished\":\"2025-11-26T12:18:51+00:00\",\"dateModified\":\"2026-05-14T05:31:22+00:00\",\"description\":\"Wafle ziemniaczane o smaku pizzy salami to chrupi\u0105ce doznanie z nut\u0105 pomidor\u00f3w, zi\u00f3\u0142 i lekkiego w\u0119dzenia \u2013 idealne na imprezow\u0105 przek\u0105sk\u0119.\",\"breadcrumb\":{\"@id\":\"https:\\\/\\\/toidupakk.ee\\\/pl\\\/toode\\\/wafle-ziemniaczane-long-chips-o-smaku-pizzy-salami\\\/#breadcrumb\"},\"inLanguage\":\"pl-PL\",\"potentialAction\":[{\"@type\":\"ReadAction\",\"target\":[\"https:\\\/\\\/toidupakk.ee\\\/pl\\\/toode\\\/wafle-ziemniaczane-long-chips-o-smaku-pizzy-salami\\\/\"]}]},{\"@type\":\"ImageObject\",\"inLanguage\":\"pl-PL\",\"@id\":\"https:\\\/\\\/toidupakk.ee\\\/pl\\\/toode\\\/wafle-ziemniaczane-long-chips-o-smaku-pizzy-salami\\\/#primaryimage\",\"url\":\"https:\\\/\\\/toidupakk.ee\\\/wp-content\\\/uploads\\\/2025\\\/11\\\/Nimetu-kujundus-5.png\",\"contentUrl\":\"https:\\\/\\\/toidupakk.ee\\\/wp-content\\\/uploads\\\/2025\\\/11\\\/Nimetu-kujundus-5.png\",\"width\":800,\"height\":800,\"caption\":\"Kartulivahvlid salaami pitsa maitsega pakub tomatist, \u00fcrtidest ja kergelt suitsusest maitsetoonist koosnevat kr\u00f5bedat elamust \u2013 ideaalne pidulikuks ampsuks.\"},{\"@type\":\"BreadcrumbList\",\"@id\":\"https:\\\/\\\/toidupakk.ee\\\/pl\\\/toode\\\/wafle-ziemniaczane-long-chips-o-smaku-pizzy-salami\\\/#breadcrumb\",\"itemListElement\":[{\"@type\":\"ListItem\",\"position\":1,\"name\":\"Avaleht\",\"item\":\"https:\\\/\\\/toidupakk.ee\\\/pl\\\/\"},{\"@type\":\"ListItem\",\"position\":2,\"name\":\"Sklep internetowy\",\"item\":\"https:\\\/\\\/toidupakk.ee\\\/pl\\\/sklep-internetowy\\\/\"},{\"@type\":\"ListItem\",\"position\":3,\"name\":\"Wafle ziemniaczane Long Chips o smaku pizzy salami\"}]},{\"@type\":\"WebSite\",\"@id\":\"https:\\\/\\\/toidupakk.ee\\\/pl\\\/#website\",\"url\":\"https:\\\/\\\/toidupakk.ee\\\/pl\\\/\",\"name\":\"Toidupakk.ee - Tactical Foodpack toidupakid\",\"description\":\"Tactical Foodpack k\u00fclmkuivatatud toidupakid ja matkaeined\",\"publisher\":{\"@id\":\"https:\\\/\\\/toidupakk.ee\\\/pl\\\/#organization\"},\"potentialAction\":[{\"@type\":\"SearchAction\",\"target\":{\"@type\":\"EntryPoint\",\"urlTemplate\":\"https:\\\/\\\/toidupakk.ee\\\/pl\\\/?s={search_term_string}\"},\"query-input\":{\"@type\":\"PropertyValueSpecification\",\"valueRequired\":true,\"valueName\":\"search_term_string\"}}],\"inLanguage\":\"pl-PL\"},{\"@type\":\"Organization\",\"@id\":\"https:\\\/\\\/toidupakk.ee\\\/pl\\\/#organization\",\"name\":\"Tactical Foodpack matkaeined\",\"url\":\"https:\\\/\\\/toidupakk.ee\\\/pl\\\/\",\"logo\":{\"@type\":\"ImageObject\",\"inLanguage\":\"pl-PL\",\"@id\":\"https:\\\/\\\/toidupakk.ee\\\/pl\\\/#\\\/schema\\\/logo\\\/image\\\/\",\"url\":\"https:\\\/\\\/toidupakk.ee\\\/wp-content\\\/uploads\\\/2022\\\/01\\\/Toidupakk-matkapood-logo-transparent.png\",\"contentUrl\":\"https:\\\/\\\/toidupakk.ee\\\/wp-content\\\/uploads\\\/2022\\\/01\\\/Toidupakk-matkapood-logo-transparent.png\",\"width\":500,\"height\":500,\"caption\":\"Tactical Foodpack matkaeined\"},\"image\":{\"@id\":\"https:\\\/\\\/toidupakk.ee\\\/pl\\\/#\\\/schema\\\/logo\\\/image\\\/\"},\"sameAs\":[\"https:\\\/\\\/www.facebook.com\\\/Toidupakk\",\"https:\\\/\\\/www.instagram.com\\\/toidupakk\\\/\"]}]}<\/script>\n<!-- \/ Yoast SEO plugin. -->","yoast_head_json":{"title":"Wafle ziemniaczane Long Chips o smaku pizzy salami","description":"Wafle ziemniaczane o smaku pizzy salami to chrupi\u0105ce doznanie z nut\u0105 pomidor\u00f3w, zi\u00f3\u0142 i lekkiego w\u0119dzenia \u2013 idealne na imprezow\u0105 przek\u0105sk\u0119.","robots":{"index":"index","follow":"follow","max-snippet":"max-snippet:-1","max-image-preview":"max-image-preview:large","max-video-preview":"max-video-preview:-1"},"canonical":"https:\/\/toidupakk.ee\/pl\/toode\/wafle-ziemniaczane-long-chips-o-smaku-pizzy-salami\/","og_locale":"pl_PL","og_type":"article","og_title":"Wafle ziemniaczane Long Chips o smaku pizzy salami","og_description":"Wafle ziemniaczane o smaku pizzy salami to chrupi\u0105ce doznanie z nut\u0105 pomidor\u00f3w, zi\u00f3\u0142 i lekkiego w\u0119dzenia \u2013 idealne na imprezow\u0105 przek\u0105sk\u0119.","og_url":"https:\/\/toidupakk.ee\/pl\/toode\/wafle-ziemniaczane-long-chips-o-smaku-pizzy-salami\/","og_site_name":"Toidupakk.ee - Tactical Foodpack toidupakid","article_publisher":"https:\/\/www.facebook.com\/Toidupakk","article_modified_time":"2026-05-14T05:31:22+00:00","og_image":[{"width":800,"height":800,"url":"https:\/\/toidupakk.ee\/wp-content\/uploads\/2025\/11\/Nimetu-kujundus-5.png","type":"image\/png"}],"twitter_card":"summary_large_image","twitter_misc":{"Szacowany czas czytania":"1 minuta"},"schema":{"@context":"https:\/\/schema.org","@graph":[{"@type":"WebPage","@id":"https:\/\/toidupakk.ee\/pl\/toode\/wafle-ziemniaczane-long-chips-o-smaku-pizzy-salami\/","url":"https:\/\/toidupakk.ee\/pl\/toode\/wafle-ziemniaczane-long-chips-o-smaku-pizzy-salami\/","name":"Wafle ziemniaczane Long Chips o smaku pizzy salami","isPartOf":{"@id":"https:\/\/toidupakk.ee\/pl\/#website"},"primaryImageOfPage":{"@id":"https:\/\/toidupakk.ee\/pl\/toode\/wafle-ziemniaczane-long-chips-o-smaku-pizzy-salami\/#primaryimage"},"image":{"@id":"https:\/\/toidupakk.ee\/pl\/toode\/wafle-ziemniaczane-long-chips-o-smaku-pizzy-salami\/#primaryimage"},"thumbnailUrl":"https:\/\/toidupakk.ee\/wp-content\/uploads\/2025\/11\/Nimetu-kujundus-5.png","datePublished":"2025-11-26T12:18:51+00:00","dateModified":"2026-05-14T05:31:22+00:00","description":"Wafle ziemniaczane o smaku pizzy salami to chrupi\u0105ce doznanie z nut\u0105 pomidor\u00f3w, zi\u00f3\u0142 i lekkiego w\u0119dzenia \u2013 idealne na imprezow\u0105 przek\u0105sk\u0119.","breadcrumb":{"@id":"https:\/\/toidupakk.ee\/pl\/toode\/wafle-ziemniaczane-long-chips-o-smaku-pizzy-salami\/#breadcrumb"},"inLanguage":"pl-PL","potentialAction":[{"@type":"ReadAction","target":["https:\/\/toidupakk.ee\/pl\/toode\/wafle-ziemniaczane-long-chips-o-smaku-pizzy-salami\/"]}]},{"@type":"ImageObject","inLanguage":"pl-PL","@id":"https:\/\/toidupakk.ee\/pl\/toode\/wafle-ziemniaczane-long-chips-o-smaku-pizzy-salami\/#primaryimage","url":"https:\/\/toidupakk.ee\/wp-content\/uploads\/2025\/11\/Nimetu-kujundus-5.png","contentUrl":"https:\/\/toidupakk.ee\/wp-content\/uploads\/2025\/11\/Nimetu-kujundus-5.png","width":800,"height":800,"caption":"Kartulivahvlid salaami pitsa maitsega pakub tomatist, \u00fcrtidest ja kergelt suitsusest maitsetoonist koosnevat kr\u00f5bedat elamust \u2013 ideaalne pidulikuks ampsuks."},{"@type":"BreadcrumbList","@id":"https:\/\/toidupakk.ee\/pl\/toode\/wafle-ziemniaczane-long-chips-o-smaku-pizzy-salami\/#breadcrumb","itemListElement":[{"@type":"ListItem","position":1,"name":"Avaleht","item":"https:\/\/toidupakk.ee\/pl\/"},{"@type":"ListItem","position":2,"name":"Sklep internetowy","item":"https:\/\/toidupakk.ee\/pl\/sklep-internetowy\/"},{"@type":"ListItem","position":3,"name":"Wafle ziemniaczane Long Chips o smaku pizzy salami"}]},{"@type":"WebSite","@id":"https:\/\/toidupakk.ee\/pl\/#website","url":"https:\/\/toidupakk.ee\/pl\/","name":"Toidupakk.ee - Tactical Foodpack toidupakid","description":"Tactical Foodpack k\u00fclmkuivatatud toidupakid ja matkaeined","publisher":{"@id":"https:\/\/toidupakk.ee\/pl\/#organization"},"potentialAction":[{"@type":"SearchAction","target":{"@type":"EntryPoint","urlTemplate":"https:\/\/toidupakk.ee\/pl\/?s={search_term_string}"},"query-input":{"@type":"PropertyValueSpecification","valueRequired":true,"valueName":"search_term_string"}}],"inLanguage":"pl-PL"},{"@type":"Organization","@id":"https:\/\/toidupakk.ee\/pl\/#organization","name":"Tactical Foodpack matkaeined","url":"https:\/\/toidupakk.ee\/pl\/","logo":{"@type":"ImageObject","inLanguage":"pl-PL","@id":"https:\/\/toidupakk.ee\/pl\/#\/schema\/logo\/image\/","url":"https:\/\/toidupakk.ee\/wp-content\/uploads\/2022\/01\/Toidupakk-matkapood-logo-transparent.png","contentUrl":"https:\/\/toidupakk.ee\/wp-content\/uploads\/2022\/01\/Toidupakk-matkapood-logo-transparent.png","width":500,"height":500,"caption":"Tactical Foodpack matkaeined"},"image":{"@id":"https:\/\/toidupakk.ee\/pl\/#\/schema\/logo\/image\/"},"sameAs":["https:\/\/www.facebook.com\/Toidupakk","https:\/\/www.instagram.com\/toidupakk\/"]}]}},"jetpack_sharing_enabled":true,"_links":{"self":[{"href":"https:\/\/toidupakk.ee\/pl\/wp-json\/wp\/v2\/product\/49701","targetHints":{"allow":["GET"]}}],"collection":[{"href":"https:\/\/toidupakk.ee\/pl\/wp-json\/wp\/v2\/product"}],"about":[{"href":"https:\/\/toidupakk.ee\/pl\/wp-json\/wp\/v2\/types\/product"}],"replies":[{"embeddable":true,"href":"https:\/\/toidupakk.ee\/pl\/wp-json\/wp\/v2\/comments?post=49701"}],"wp:featuredmedia":[{"embeddable":true,"href":"https:\/\/toidupakk.ee\/pl\/wp-json\/wp\/v2\/media\/42855"}],"wp:attachment":[{"href":"https:\/\/toidupakk.ee\/pl\/wp-json\/wp\/v2\/media?parent=49701"}],"wp:term":[{"taxonomy":"product_brand","embeddable":true,"href":"https:\/\/toidupakk.ee\/pl\/wp-json\/wp\/v2\/product_brand?post=49701"},{"taxonomy":"product_cat","embeddable":true,"href":"https:\/\/toidupakk.ee\/pl\/wp-json\/wp\/v2\/product_cat?post=49701"},{"taxonomy":"product_tag","embeddable":true,"href":"https:\/\/toidupakk.ee\/pl\/wp-json\/wp\/v2\/product_tag?post=49701"}],"curies":[{"name":"wp","href":"https:\/\/api.w.org\/{rel}","templated":true}]}}