{"id":49694,"date":"2025-06-16T14:20:30","date_gmt":"2025-06-16T11:20:30","guid":{"rendered":"https:\/\/toidupakk.ee\/toode\/potezna-latarka-fitorch-p200-searchlight-14-000-lumenow\/"},"modified":"2026-04-29T15:31:36","modified_gmt":"2026-04-29T12:31:36","slug":"potezna-latarka-fitorch-p200-searchlight-14-000-lumenow","status":"publish","type":"product","link":"https:\/\/toidupakk.ee\/pl\/toode\/potezna-latarka-fitorch-p200-searchlight-14-000-lumenow\/","title":{"rendered":"Pot\u0119\u017cna latarka Fitorch P200 Searchlight 14 000 lumen\u00f3w"},"content":{"rendered":"<h3>Pot\u0119\u017cna latarka Fitorch P200 \u2013 superjasny szperacz o zasi\u0119gu do 650 metr\u00f3w<\/h3>\n<p data-start=\"437\" data-end=\"836\">Fitorch P200 to <strong data-start=\"453\" data-end=\"476\">pot\u0119\u017cna latarka<\/strong> stworzona dla tych, kt\u00f3rzy potrzebuj\u0105 niezawodnego \u017ar\u00f3d\u0142a \u015bwiat\u0142a w ka\u017cdej sytuacji. Jej imponuj\u0105cy strumie\u0144 \u015bwietlny 14 000 lumen\u00f3w i zasi\u0119g wi\u0105zki do 650 metr\u00f3w czyni\u0105 j\u0105 jedn\u0105 z najmocniejszych w swojej klasie. Fitorch P200 sprawdzi si\u0119 zar\u00f3wno u profesjonalist\u00f3w, jak i hobbyst\u00f3w poruszaj\u0105cych si\u0119 po zmroku w terenie, pracuj\u0105cych na zewn\u0105trz lub potrzebuj\u0105cych zabezpieczenia w domu.  <\/p>\n<p data-start=\"838\" data-end=\"1082\">\u015awiat\u0142o generowane jest przez cztery diody LED i przesy\u0142ane przez specjalne szk\u0142o optyczne. Zapewnia to r\u00f3wnomiern\u0105 i siln\u0105 wi\u0105zk\u0119 nawet na du\u017cych obszarach. Latarka zosta\u0142a zaprojektowana z my\u015bl\u0105 o trwa\u0142o\u015bci i pracy w trudnych warunkach \u2013 w deszczu, kurzu czy mrozie.  <\/p>\n<p data-start=\"1084\" data-end=\"1346\"><strong data-start=\"1084\" data-end=\"1107\">Pot\u0119\u017cna latarka<\/strong> Fitorch P200 jest nie tylko jasna \u2013 jest te\u017c inteligentna. Posiada akumulator o pojemno\u015bci 24 000 mAh, kt\u00f3ry pozwala na korzystanie z urz\u0105dzenia do 68 godzin. Dodatkowo pe\u0142ni funkcj\u0119 powerbanku, dzi\u0119ki kt\u00f3remu na\u0142adujesz telefon, nawigacj\u0119 GPS lub inne urz\u0105dzenia USB.  <\/p>\n<p data-start=\"1348\" data-end=\"1628\">Szybkie \u0142adowanie USB typu C zapewnia wygod\u0119 u\u017cytkowania. Latarka obs\u0142uguje pr\u0105d do 3 A, co oznacza szybkie \u0142adowanie w obie strony. Urz\u0105dzenie posiada kilka tryb\u00f3w \u015bwiecenia: Turbo, High, Medium, Low, Eco oraz migaj\u0105ce Strobe i SOS. Mo\u017cesz wybra\u0107 dok\u0142adnie to, czego wymaga sytuacja.   <\/p>\n<p data-start=\"1630\" data-end=\"1783\">Fitorch P200 posiada r\u00f3wnie\u017c automatyczn\u0105 blokad\u0119, kt\u00f3ra zapobiega przypadkowemu w\u0142\u0105czeniu. Wska\u017anik poziomu na\u0142adowania zawsze poinformuje Ci\u0119, ile energii pozosta\u0142o. <\/p>\n<p data-start=\"1785\" data-end=\"1984\">Je\u015bli potrzebujesz latarki, na kt\u00f3rej mo\u017cesz polega\u0107 w najtrudniejszych warunkach, <strong data-start=\"1859\" data-end=\"1895\">pot\u0119\u017cna latarka Fitorch P200<\/strong> jest w\u0142a\u015bnie tym, czego szukasz. To po\u0142\u0105czenie mocy, wytrzyma\u0142o\u015bci i inteligencji. <\/p>\n<p data-start=\"1703\" data-end=\"1973\"><img fetchpriority=\"high\" decoding=\"async\" class=\"alignnone wp-image-36361\" src=\"https:\/\/toidupakk.ee\/wp-content\/uploads\/2025\/06\/P200-2E-300x198.webp\" alt=\"\" width=\"1170\" height=\"772\" srcset=\"https:\/\/toidupakk.ee\/wp-content\/uploads\/2025\/06\/P200-2E-300x198.webp 300w, https:\/\/toidupakk.ee\/wp-content\/uploads\/2025\/06\/P200-2E-1024x676.webp 1024w, https:\/\/toidupakk.ee\/wp-content\/uploads\/2025\/06\/P200-2E-768x507.webp 768w, https:\/\/toidupakk.ee\/wp-content\/uploads\/2025\/06\/P200-2E-800x528.webp 800w, https:\/\/toidupakk.ee\/wp-content\/uploads\/2025\/06\/P200-2E.webp 1440w\" sizes=\"(max-width: 1170px) 100vw, 1170px\" \/><\/p>\n<p><img decoding=\"async\" class=\"alignnone wp-image-36363\" src=\"https:\/\/toidupakk.ee\/wp-content\/uploads\/2025\/06\/P200-4E-300x198.webp\" alt=\"\" width=\"1170\" height=\"772\" srcset=\"https:\/\/toidupakk.ee\/wp-content\/uploads\/2025\/06\/P200-4E-300x198.webp 300w, https:\/\/toidupakk.ee\/wp-content\/uploads\/2025\/06\/P200-4E-1024x676.webp 1024w, https:\/\/toidupakk.ee\/wp-content\/uploads\/2025\/06\/P200-4E-768x507.webp 768w, https:\/\/toidupakk.ee\/wp-content\/uploads\/2025\/06\/P200-4E-800x528.webp 800w, https:\/\/toidupakk.ee\/wp-content\/uploads\/2025\/06\/P200-4E.webp 1440w\" sizes=\"(max-width: 1170px) 100vw, 1170px\" \/><\/p>\n<p><img decoding=\"async\" class=\"alignnone wp-image-36362\" src=\"https:\/\/toidupakk.ee\/wp-content\/uploads\/2025\/06\/P200-3E-300x198.webp\" alt=\"\" width=\"1170\" height=\"772\" srcset=\"https:\/\/toidupakk.ee\/wp-content\/uploads\/2025\/06\/P200-3E-300x198.webp 300w, https:\/\/toidupakk.ee\/wp-content\/uploads\/2025\/06\/P200-3E-1024x676.webp 1024w, https:\/\/toidupakk.ee\/wp-content\/uploads\/2025\/06\/P200-3E-768x507.webp 768w, https:\/\/toidupakk.ee\/wp-content\/uploads\/2025\/06\/P200-3E-800x528.webp 800w, https:\/\/toidupakk.ee\/wp-content\/uploads\/2025\/06\/P200-3E.webp 1440w\" sizes=\"(max-width: 1170px) 100vw, 1170px\" \/><\/p>\n<p><img loading=\"lazy\" decoding=\"async\" class=\"alignnone wp-image-36365\" src=\"https:\/\/toidupakk.ee\/wp-content\/uploads\/2025\/06\/P200-5E-1-300x198.webp\" alt=\"\" width=\"1170\" height=\"772\" srcset=\"https:\/\/toidupakk.ee\/wp-content\/uploads\/2025\/06\/P200-5E-1-300x198.webp 300w, https:\/\/toidupakk.ee\/wp-content\/uploads\/2025\/06\/P200-5E-1-1024x676.webp 1024w, https:\/\/toidupakk.ee\/wp-content\/uploads\/2025\/06\/P200-5E-1-768x507.webp 768w, https:\/\/toidupakk.ee\/wp-content\/uploads\/2025\/06\/P200-5E-1-800x528.webp 800w, https:\/\/toidupakk.ee\/wp-content\/uploads\/2025\/06\/P200-5E-1.webp 1440w\" sizes=\"(max-width: 1170px) 100vw, 1170px\" \/><\/p>\n<p>Znajd\u017a inspiracj\u0119 na kolejne przygody na <a href=\"https:\/\/www.instagram.com\/toidupakk\/\">Instagramie<\/a> i <a href=\"https:\/\/www.facebook.com\/Toidupakk\/\">Facebooku<\/a> Toidupakk.<\/p>\n<p>Zobacz akcesoria turystyczne <a href=\"https:\/\/toidupakk.ee\/pl\/tootekategooria\/sprzet-turystyczny\/#section-3-79\">TUTAJ<\/a>.<\/p>\n","protected":false},"excerpt":{"rendered":"<ul>\n<li data-st=\"\">Niezwykle mocny, superjasny szperacz do profesjonalnego u\u017cytku<\/li>\n<li data-start=\"183\" data-end=\"246\">14 000 lumen\u00f3w mocy i do 650 metr\u00f3w zasi\u0119gu \u015bwiat\u0142a<\/li>\n<li data-start=\"249\" data-end=\"312\">Pojemny akumulator 24 000 mAh zapewnia do 68 godzin pracy<\/li>\n<li data-start=\"315\" data-end=\"365\">Dzia\u0142a jako powerbank do \u0142adowania innych urz\u0105dze\u0144<\/li>\n<li data-start=\"368\" data-end=\"445\">5 tryb\u00f3w \u015bwiecenia: Turbo, High, Medium, Low, Eco + funkcje Strobe i SOS<\/li>\n<li data-start=\"448\" data-end=\"512\">\u0141adowanie USB typu C, automatyczna blokada i wska\u017anik poziomu baterii<\/li>\n<\/ul>\n<p data-start=\"543\" data-end=\"584\">\u2705 Dost\u0119pne w magazynie, szybka dostawa w 1\u20133 dni robocze<\/p>\n","protected":false},"featured_media":36357,"comment_status":"open","ping_status":"closed","template":"","meta":{"_acf_changed":false},"product_brand":[],"product_cat":[303,315,341,311,301,342],"product_tag":[],"class_list":{"0":"post-49694","1":"product","2":"type-product","3":"status-publish","4":"has-post-thumbnail","6":"product_cat-akcesoria-turystyczne","7":"product_cat-elektronika","8":"product_cat-latarki","9":"product_cat-praktyczne-pomysly-na-prezent","10":"product_cat-sprzet-turystyczny","11":"product_cat-swiatlo","13":"first","14":"instock","15":"taxable","16":"shipping-taxable","17":"purchasable","18":"product-type-simple"},"bundled_by":[],"bundle_stock_status":"instock","bundle_stock_quantity":4,"bundle_virtual":false,"bundle_layout":"","bundle_add_to_cart_form_location":"","bundle_editable_in_cart":false,"bundle_sold_individually_context":"","bundle_item_grouping":"","bundle_min_size":"","bundle_max_size":"","bundle_price":[],"bundled_items":[],"bundle_sell_ids":[],"acf":[],"yoast_head":"<!-- This site is optimized with the Yoast SEO plugin v27.3 - https:\/\/yoast.com\/product\/yoast-seo-wordpress\/ -->\n<title>Pot\u0119\u017cna latarka Fitorch P200 Searchlight 14 000 lumen\u00f3w<\/title>\n<meta name=\"description\" content=\"Fitorch P200 to pot\u0119\u017cna latarka o zasi\u0119gu \u015bwiat\u0142a do 650 metr\u00f3w. Idealna do poszukiwa\u0144, w\u0119dr\u00f3wek i ratownictwa \u2013 czas pracy do 68 godzin.\" \/>\n<meta name=\"robots\" content=\"index, follow, max-snippet:-1, max-image-preview:large, max-video-preview:-1\" \/>\n<link rel=\"canonical\" href=\"https:\/\/toidupakk.ee\/pl\/toode\/potezna-latarka-fitorch-p200-searchlight-14-000-lumenow\/\" \/>\n<meta property=\"og:locale\" content=\"pl_PL\" \/>\n<meta property=\"og:type\" content=\"article\" \/>\n<meta property=\"og:title\" content=\"Pot\u0119\u017cna latarka Fitorch P200 Searchlight 14 000 lumen\u00f3w\" \/>\n<meta property=\"og:description\" content=\"Fitorch P200 to pot\u0119\u017cna latarka o zasi\u0119gu \u015bwiat\u0142a do 650 metr\u00f3w. Idealna do poszukiwa\u0144, w\u0119dr\u00f3wek i ratownictwa \u2013 czas pracy do 68 godzin.\" \/>\n<meta property=\"og:url\" content=\"https:\/\/toidupakk.ee\/pl\/toode\/potezna-latarka-fitorch-p200-searchlight-14-000-lumenow\/\" \/>\n<meta property=\"og:site_name\" content=\"Toidupakk.ee - Tactical Foodpack toidupakid\" \/>\n<meta property=\"article:publisher\" content=\"https:\/\/www.facebook.com\/Toidupakk\" \/>\n<meta property=\"article:modified_time\" content=\"2026-04-29T12:31:36+00:00\" \/>\n<meta property=\"og:image\" content=\"https:\/\/toidupakk.ee\/wp-content\/uploads\/2025\/06\/p200-1.png\" \/>\n\t<meta property=\"og:image:width\" content=\"800\" \/>\n\t<meta property=\"og:image:height\" content=\"800\" \/>\n\t<meta property=\"og:image:type\" content=\"image\/png\" \/>\n<meta name=\"twitter:card\" content=\"summary_large_image\" \/>\n<meta name=\"twitter:label1\" content=\"Szacowany czas czytania\" \/>\n\t<meta name=\"twitter:data1\" content=\"2 minuty\" \/>\n<script type=\"application\/ld+json\" class=\"yoast-schema-graph\">{\"@context\":\"https:\\\/\\\/schema.org\",\"@graph\":[{\"@type\":\"WebPage\",\"@id\":\"https:\\\/\\\/toidupakk.ee\\\/pl\\\/toode\\\/potezna-latarka-fitorch-p200-searchlight-14-000-lumenow\\\/\",\"url\":\"https:\\\/\\\/toidupakk.ee\\\/pl\\\/toode\\\/potezna-latarka-fitorch-p200-searchlight-14-000-lumenow\\\/\",\"name\":\"Pot\u0119\u017cna latarka Fitorch P200 Searchlight 14 000 lumen\u00f3w\",\"isPartOf\":{\"@id\":\"https:\\\/\\\/toidupakk.ee\\\/pl\\\/#website\"},\"primaryImageOfPage\":{\"@id\":\"https:\\\/\\\/toidupakk.ee\\\/pl\\\/toode\\\/potezna-latarka-fitorch-p200-searchlight-14-000-lumenow\\\/#primaryimage\"},\"image\":{\"@id\":\"https:\\\/\\\/toidupakk.ee\\\/pl\\\/toode\\\/potezna-latarka-fitorch-p200-searchlight-14-000-lumenow\\\/#primaryimage\"},\"thumbnailUrl\":\"https:\\\/\\\/toidupakk.ee\\\/wp-content\\\/uploads\\\/2025\\\/06\\\/p200-1.png\",\"datePublished\":\"2025-06-16T11:20:30+00:00\",\"dateModified\":\"2026-04-29T12:31:36+00:00\",\"description\":\"Fitorch P200 to pot\u0119\u017cna latarka o zasi\u0119gu \u015bwiat\u0142a do 650 metr\u00f3w. Idealna do poszukiwa\u0144, w\u0119dr\u00f3wek i ratownictwa \u2013 czas pracy do 68 godzin.\",\"breadcrumb\":{\"@id\":\"https:\\\/\\\/toidupakk.ee\\\/pl\\\/toode\\\/potezna-latarka-fitorch-p200-searchlight-14-000-lumenow\\\/#breadcrumb\"},\"inLanguage\":\"pl-PL\",\"potentialAction\":[{\"@type\":\"ReadAction\",\"target\":[\"https:\\\/\\\/toidupakk.ee\\\/pl\\\/toode\\\/potezna-latarka-fitorch-p200-searchlight-14-000-lumenow\\\/\"]}]},{\"@type\":\"ImageObject\",\"inLanguage\":\"pl-PL\",\"@id\":\"https:\\\/\\\/toidupakk.ee\\\/pl\\\/toode\\\/potezna-latarka-fitorch-p200-searchlight-14-000-lumenow\\\/#primaryimage\",\"url\":\"https:\\\/\\\/toidupakk.ee\\\/wp-content\\\/uploads\\\/2025\\\/06\\\/p200-1.png\",\"contentUrl\":\"https:\\\/\\\/toidupakk.ee\\\/wp-content\\\/uploads\\\/2025\\\/06\\\/p200-1.png\",\"width\":800,\"height\":800,\"caption\":\"suur taskulamp\"},{\"@type\":\"BreadcrumbList\",\"@id\":\"https:\\\/\\\/toidupakk.ee\\\/pl\\\/toode\\\/potezna-latarka-fitorch-p200-searchlight-14-000-lumenow\\\/#breadcrumb\",\"itemListElement\":[{\"@type\":\"ListItem\",\"position\":1,\"name\":\"Avaleht\",\"item\":\"https:\\\/\\\/toidupakk.ee\\\/pl\\\/\"},{\"@type\":\"ListItem\",\"position\":2,\"name\":\"Sklep internetowy\",\"item\":\"https:\\\/\\\/toidupakk.ee\\\/pl\\\/sklep-internetowy\\\/\"},{\"@type\":\"ListItem\",\"position\":3,\"name\":\"Pot\u0119\u017cna latarka Fitorch P200 Searchlight 14 000 lumen\u00f3w\"}]},{\"@type\":\"WebSite\",\"@id\":\"https:\\\/\\\/toidupakk.ee\\\/pl\\\/#website\",\"url\":\"https:\\\/\\\/toidupakk.ee\\\/pl\\\/\",\"name\":\"Toidupakk.ee - Tactical Foodpack toidupakid\",\"description\":\"Tactical Foodpack k\u00fclmkuivatatud toidupakid ja matkaeined\",\"publisher\":{\"@id\":\"https:\\\/\\\/toidupakk.ee\\\/pl\\\/#organization\"},\"potentialAction\":[{\"@type\":\"SearchAction\",\"target\":{\"@type\":\"EntryPoint\",\"urlTemplate\":\"https:\\\/\\\/toidupakk.ee\\\/pl\\\/?s={search_term_string}\"},\"query-input\":{\"@type\":\"PropertyValueSpecification\",\"valueRequired\":true,\"valueName\":\"search_term_string\"}}],\"inLanguage\":\"pl-PL\"},{\"@type\":\"Organization\",\"@id\":\"https:\\\/\\\/toidupakk.ee\\\/pl\\\/#organization\",\"name\":\"Tactical Foodpack matkaeined\",\"url\":\"https:\\\/\\\/toidupakk.ee\\\/pl\\\/\",\"logo\":{\"@type\":\"ImageObject\",\"inLanguage\":\"pl-PL\",\"@id\":\"https:\\\/\\\/toidupakk.ee\\\/pl\\\/#\\\/schema\\\/logo\\\/image\\\/\",\"url\":\"https:\\\/\\\/toidupakk.ee\\\/wp-content\\\/uploads\\\/2022\\\/01\\\/Toidupakk-matkapood-logo-transparent.png\",\"contentUrl\":\"https:\\\/\\\/toidupakk.ee\\\/wp-content\\\/uploads\\\/2022\\\/01\\\/Toidupakk-matkapood-logo-transparent.png\",\"width\":500,\"height\":500,\"caption\":\"Tactical Foodpack matkaeined\"},\"image\":{\"@id\":\"https:\\\/\\\/toidupakk.ee\\\/pl\\\/#\\\/schema\\\/logo\\\/image\\\/\"},\"sameAs\":[\"https:\\\/\\\/www.facebook.com\\\/Toidupakk\",\"https:\\\/\\\/www.instagram.com\\\/toidupakk\\\/\"]}]}<\/script>\n<!-- \/ Yoast SEO plugin. -->","yoast_head_json":{"title":"Pot\u0119\u017cna latarka Fitorch P200 Searchlight 14 000 lumen\u00f3w","description":"Fitorch P200 to pot\u0119\u017cna latarka o zasi\u0119gu \u015bwiat\u0142a do 650 metr\u00f3w. Idealna do poszukiwa\u0144, w\u0119dr\u00f3wek i ratownictwa \u2013 czas pracy do 68 godzin.","robots":{"index":"index","follow":"follow","max-snippet":"max-snippet:-1","max-image-preview":"max-image-preview:large","max-video-preview":"max-video-preview:-1"},"canonical":"https:\/\/toidupakk.ee\/pl\/toode\/potezna-latarka-fitorch-p200-searchlight-14-000-lumenow\/","og_locale":"pl_PL","og_type":"article","og_title":"Pot\u0119\u017cna latarka Fitorch P200 Searchlight 14 000 lumen\u00f3w","og_description":"Fitorch P200 to pot\u0119\u017cna latarka o zasi\u0119gu \u015bwiat\u0142a do 650 metr\u00f3w. Idealna do poszukiwa\u0144, w\u0119dr\u00f3wek i ratownictwa \u2013 czas pracy do 68 godzin.","og_url":"https:\/\/toidupakk.ee\/pl\/toode\/potezna-latarka-fitorch-p200-searchlight-14-000-lumenow\/","og_site_name":"Toidupakk.ee - Tactical Foodpack toidupakid","article_publisher":"https:\/\/www.facebook.com\/Toidupakk","article_modified_time":"2026-04-29T12:31:36+00:00","og_image":[{"width":800,"height":800,"url":"https:\/\/toidupakk.ee\/wp-content\/uploads\/2025\/06\/p200-1.png","type":"image\/png"}],"twitter_card":"summary_large_image","twitter_misc":{"Szacowany czas czytania":"2 minuty"},"schema":{"@context":"https:\/\/schema.org","@graph":[{"@type":"WebPage","@id":"https:\/\/toidupakk.ee\/pl\/toode\/potezna-latarka-fitorch-p200-searchlight-14-000-lumenow\/","url":"https:\/\/toidupakk.ee\/pl\/toode\/potezna-latarka-fitorch-p200-searchlight-14-000-lumenow\/","name":"Pot\u0119\u017cna latarka Fitorch P200 Searchlight 14 000 lumen\u00f3w","isPartOf":{"@id":"https:\/\/toidupakk.ee\/pl\/#website"},"primaryImageOfPage":{"@id":"https:\/\/toidupakk.ee\/pl\/toode\/potezna-latarka-fitorch-p200-searchlight-14-000-lumenow\/#primaryimage"},"image":{"@id":"https:\/\/toidupakk.ee\/pl\/toode\/potezna-latarka-fitorch-p200-searchlight-14-000-lumenow\/#primaryimage"},"thumbnailUrl":"https:\/\/toidupakk.ee\/wp-content\/uploads\/2025\/06\/p200-1.png","datePublished":"2025-06-16T11:20:30+00:00","dateModified":"2026-04-29T12:31:36+00:00","description":"Fitorch P200 to pot\u0119\u017cna latarka o zasi\u0119gu \u015bwiat\u0142a do 650 metr\u00f3w. Idealna do poszukiwa\u0144, w\u0119dr\u00f3wek i ratownictwa \u2013 czas pracy do 68 godzin.","breadcrumb":{"@id":"https:\/\/toidupakk.ee\/pl\/toode\/potezna-latarka-fitorch-p200-searchlight-14-000-lumenow\/#breadcrumb"},"inLanguage":"pl-PL","potentialAction":[{"@type":"ReadAction","target":["https:\/\/toidupakk.ee\/pl\/toode\/potezna-latarka-fitorch-p200-searchlight-14-000-lumenow\/"]}]},{"@type":"ImageObject","inLanguage":"pl-PL","@id":"https:\/\/toidupakk.ee\/pl\/toode\/potezna-latarka-fitorch-p200-searchlight-14-000-lumenow\/#primaryimage","url":"https:\/\/toidupakk.ee\/wp-content\/uploads\/2025\/06\/p200-1.png","contentUrl":"https:\/\/toidupakk.ee\/wp-content\/uploads\/2025\/06\/p200-1.png","width":800,"height":800,"caption":"suur taskulamp"},{"@type":"BreadcrumbList","@id":"https:\/\/toidupakk.ee\/pl\/toode\/potezna-latarka-fitorch-p200-searchlight-14-000-lumenow\/#breadcrumb","itemListElement":[{"@type":"ListItem","position":1,"name":"Avaleht","item":"https:\/\/toidupakk.ee\/pl\/"},{"@type":"ListItem","position":2,"name":"Sklep internetowy","item":"https:\/\/toidupakk.ee\/pl\/sklep-internetowy\/"},{"@type":"ListItem","position":3,"name":"Pot\u0119\u017cna latarka Fitorch P200 Searchlight 14 000 lumen\u00f3w"}]},{"@type":"WebSite","@id":"https:\/\/toidupakk.ee\/pl\/#website","url":"https:\/\/toidupakk.ee\/pl\/","name":"Toidupakk.ee - Tactical Foodpack toidupakid","description":"Tactical Foodpack k\u00fclmkuivatatud toidupakid ja matkaeined","publisher":{"@id":"https:\/\/toidupakk.ee\/pl\/#organization"},"potentialAction":[{"@type":"SearchAction","target":{"@type":"EntryPoint","urlTemplate":"https:\/\/toidupakk.ee\/pl\/?s={search_term_string}"},"query-input":{"@type":"PropertyValueSpecification","valueRequired":true,"valueName":"search_term_string"}}],"inLanguage":"pl-PL"},{"@type":"Organization","@id":"https:\/\/toidupakk.ee\/pl\/#organization","name":"Tactical Foodpack matkaeined","url":"https:\/\/toidupakk.ee\/pl\/","logo":{"@type":"ImageObject","inLanguage":"pl-PL","@id":"https:\/\/toidupakk.ee\/pl\/#\/schema\/logo\/image\/","url":"https:\/\/toidupakk.ee\/wp-content\/uploads\/2022\/01\/Toidupakk-matkapood-logo-transparent.png","contentUrl":"https:\/\/toidupakk.ee\/wp-content\/uploads\/2022\/01\/Toidupakk-matkapood-logo-transparent.png","width":500,"height":500,"caption":"Tactical Foodpack matkaeined"},"image":{"@id":"https:\/\/toidupakk.ee\/pl\/#\/schema\/logo\/image\/"},"sameAs":["https:\/\/www.facebook.com\/Toidupakk","https:\/\/www.instagram.com\/toidupakk\/"]}]}},"jetpack_sharing_enabled":true,"_links":{"self":[{"href":"https:\/\/toidupakk.ee\/pl\/wp-json\/wp\/v2\/product\/49694","targetHints":{"allow":["GET"]}}],"collection":[{"href":"https:\/\/toidupakk.ee\/pl\/wp-json\/wp\/v2\/product"}],"about":[{"href":"https:\/\/toidupakk.ee\/pl\/wp-json\/wp\/v2\/types\/product"}],"replies":[{"embeddable":true,"href":"https:\/\/toidupakk.ee\/pl\/wp-json\/wp\/v2\/comments?post=49694"}],"wp:featuredmedia":[{"embeddable":true,"href":"https:\/\/toidupakk.ee\/pl\/wp-json\/wp\/v2\/media\/36357"}],"wp:attachment":[{"href":"https:\/\/toidupakk.ee\/pl\/wp-json\/wp\/v2\/media?parent=49694"}],"wp:term":[{"taxonomy":"product_brand","embeddable":true,"href":"https:\/\/toidupakk.ee\/pl\/wp-json\/wp\/v2\/product_brand?post=49694"},{"taxonomy":"product_cat","embeddable":true,"href":"https:\/\/toidupakk.ee\/pl\/wp-json\/wp\/v2\/product_cat?post=49694"},{"taxonomy":"product_tag","embeddable":true,"href":"https:\/\/toidupakk.ee\/pl\/wp-json\/wp\/v2\/product_tag?post=49694"}],"curies":[{"name":"wp","href":"https:\/\/api.w.org\/{rel}","templated":true}]}}