{"id":49689,"date":"2025-06-16T14:30:51","date_gmt":"2025-06-16T11:30:51","guid":{"rendered":"https:\/\/toidupakk.ee\/toode\/superciastko-strength-ze-slonym-karmelem\/"},"modified":"2026-04-16T13:00:46","modified_gmt":"2026-04-16T10:00:46","slug":"superciastko-strength-ze-slonym-karmelem","status":"publish","type":"product","link":"https:\/\/toidupakk.ee\/pl\/toode\/superciastko-strength-ze-slonym-karmelem\/","title":{"rendered":"Superciastko STRENGTH ze s\u0142onym karmelem"},"content":{"rendered":"<h3 data-start=\"171\" data-end=\"245\">Superciastko STRENGTH ze s\u0142onym karmelem \u2013 \u015bwiadomy wyb\u00f3r na intensywny dzie\u0144<\/h3>\n<p data-start=\"247\" data-end=\"567\">Superciastko STRENGTH ze s\u0142onym karmelem to doskona\u0142a zdrowa przek\u0105ska dla tych, kt\u00f3rzy chc\u0105 dostarczy\u0107 organizmowi cennych sk\u0142adnik\u00f3w od\u017cywczych bez zb\u0119dnych dodatk\u00f3w. To smaczne ciastko \u0142\u0105czy pe\u0142ny smak s\u0142onego karmelu z bogatym sk\u0142adem od\u017cywczym, dzi\u0119ki czemu jest idealn\u0105 przek\u0105sk\u0105 mi\u0119dzy prac\u0105, treningiem a codziennymi obowi\u0105zkami. <\/p>\n<p data-start=\"569\" data-end=\"887\">Ciastko zawiera mn\u00f3stwo <strong data-start=\"597\" data-end=\"624\">p\u0142atk\u00f3w owsianych i daktyli<\/strong>, kt\u00f3re daj\u0105 naturaln\u0105 energi\u0119 oraz dostarczaj\u0105 b\u0142onnika i minera\u0142\u00f3w. Ka\u017cdy k\u0119s zawiera bia\u0142ko ro\u015blinne, kt\u00f3re wspiera regeneracj\u0119 mi\u0119\u015bni i zapewnia uczucie syto\u015bci na d\u0142u\u017cej. \u015awietny wyb\u00f3r, je\u015bli szukasz zdrowej, a zarazem pysznej przek\u0105ski.  <\/p>\n<p data-start=\"569\" data-end=\"887\"><img fetchpriority=\"high\" decoding=\"async\" class=\"alignnone wp-image-36355 size-thumbnail\" src=\"https:\/\/toidupakk.ee\/wp-content\/uploads\/2025\/06\/greenbite0755_huge-500x500.webp\" alt=\"Superciastko STRENGTH ze s\u0142onym karmelem\" width=\"500\" height=\"500\" srcset=\"https:\/\/toidupakk.ee\/wp-content\/uploads\/2025\/06\/greenbite0755_huge-500x500.webp 500w, https:\/\/toidupakk.ee\/wp-content\/uploads\/2025\/06\/greenbite0755_huge-300x300.webp 300w, https:\/\/toidupakk.ee\/wp-content\/uploads\/2025\/06\/greenbite0755_huge-400x400.webp 400w, https:\/\/toidupakk.ee\/wp-content\/uploads\/2025\/06\/greenbite0755_huge-100x100.webp 100w\" sizes=\"(max-width: 500px) 100vw, 500px\" \/><\/p>\n<h3 data-start=\"889\" data-end=\"928\">Mocne wn\u0119trze \u2013 czyste sk\u0142adniki<\/h3>\n<p data-start=\"930\" data-end=\"1307\">Superciastko STRENGTH to nie tylko zdrowa przek\u0105ska \u2013 zosta\u0142o starannie opracowane, aby zapewni\u0107 najlepsz\u0105 r\u00f3wnowag\u0119 mi\u0119dzy warto\u015bciami od\u017cywczymi a smakiem. Jest <strong data-start=\"1073\" data-end=\"1098\">wega\u0144skie i bezglutenowe<\/strong>, nie zawiera dodatku cukru i pasuje do wielu r\u00f3\u017cnych potrzeb dietetycznych. Smak s\u0142onego karmelu nadaje luksusowy akcent ka\u017cdemu k\u0119sowi, bez konieczno\u015bci chodzenia na kompromisy w diecie.  <\/p>\n<h3 data-start=\"1309\" data-end=\"1358\">Wyb\u00f3r, kt\u00f3ry dba o Twoje zdrowie i natur\u0119<\/h3>\n<p data-start=\"1360\" data-end=\"1621\">Wybieraj\u0105c superciastko STRENGTH, <strong data-start=\"1393\" data-end=\"1449\">stawiasz na ekologiczne i \u015bwiadome od\u017cywianie<\/strong>. Zamiast wspiera\u0107 zasoboch\u0142onne \u017ar\u00f3d\u0142a bia\u0142ka zwierz\u0119cego, wybierasz <strong data-start=\"1522\" data-end=\"1563\">ro\u015blinn\u0105 i przyjazn\u0105 dla planety opcj\u0119<\/strong>, kt\u00f3ra od\u017cywia Twoje cia\u0142o i pomaga dba\u0107 o \u015brodowisko. <\/p>\n<p data-start=\"1360\" data-end=\"1621\"><img decoding=\"async\" class=\"alignnone wp-image-36354 size-thumbnail\" src=\"https:\/\/toidupakk.ee\/wp-content\/uploads\/2025\/06\/greenbite0880_large-500x500.webp\" alt=\"Superciastko POWER-UP z orzeszkami ziemnymi, Superciastko STRENGTH ze s\u0142onym karmelem, Superciastko POWER z czekolad\u0105 i kokosem  \" width=\"500\" height=\"500\" srcset=\"https:\/\/toidupakk.ee\/wp-content\/uploads\/2025\/06\/greenbite0880_large-500x500.webp 500w, https:\/\/toidupakk.ee\/wp-content\/uploads\/2025\/06\/greenbite0880_large-300x300.webp 300w, https:\/\/toidupakk.ee\/wp-content\/uploads\/2025\/06\/greenbite0880_large-400x400.webp 400w, https:\/\/toidupakk.ee\/wp-content\/uploads\/2025\/06\/greenbite0880_large-100x100.webp 100w\" sizes=\"(max-width: 500px) 100vw, 500px\" \/><\/p>\n<p data-start=\"1623\" data-end=\"1773\" data-is-last-node=\"\" data-is-only-node=\"\">Atrakcyjne opakowanie, zbalansowany sk\u0142ad i energetyczna zawarto\u015b\u0107 \u2013 to ciastko to idealny wyb\u00f3r dla tych, kt\u00f3rzy s\u0105 w ruchu, daj\u0105 z siebie wszystko i mierz\u0105 wysoko.<\/p>\n<p>Interesujesz si\u0119 sprz\u0119tem turystycznym? Sprawd\u017a szczeg\u00f3\u0142y  <a href=\"https:\/\/toidupakk.ee\/pl\/tootekategooria\/sprzet-turystyczny\/#section-3-79\">TUTAJ<\/a><\/p>\n<p>Interesuje Ci\u0119 \u017cywno\u015b\u0107 turystyczna? Zobacz <a href=\"https:\/\/toidupakk.ee\/pl\/tootekategooria\/dania-glowne\/\">TUTAJ<\/a><\/p>\n<p>Znajd\u017a inspiracj\u0119 na kolejne przygody na <a href=\"https:\/\/www.instagram.com\/toidupakk\/\">Instagramie<\/a> i <a href=\"https:\/\/www.facebook.com\/Toidupakk\/\">Facebooku<\/a> Toidupakk.<\/p>\n","protected":false},"excerpt":{"rendered":"<p data-start=\"126\" data-end=\"169\"><strong>Superciastko STRENGTH ze s\u0142onym karmelem \u2013 ro\u015blinne i wysokobia\u0142kowe superciastko, kt\u00f3re \u0142\u0105czy pe\u0142ny smak s\u0142onego karmelu z bogatym sk\u0142adem od\u017cywczym. Idealne jako szybka przek\u0105ska lub regeneracja po treningu. Ciastko zawiera zdrowe p\u0142atki owsiane, daktyle i bia\u0142ko ro\u015blinne, dostarczaj\u0105c energii i si\u0142y w ka\u017cdej sytuacji. Wybieraj\u0105c superciastko Strength, dokonujesz proekologicznego wyboru, wspieraj\u0105c produkcj\u0119 czystego i zdrowego bia\u0142ka zamiast tradycyjnej hodowli zwierz\u0105t i wybieraj\u0105c zasobooszcz\u0119dne bia\u0142ko, kt\u00f3re s\u0142u\u017cy Tobie i planecie.   <\/strong><\/p>\n<ul>\n<li data-start=\"685\" data-end=\"947\">18 g bia\u0142ka ro\u015blinnego na 100 g<\/li>\n<li data-start=\"685\" data-end=\"947\">Zdrowe p\u0142atki owsiane i daktyle<\/li>\n<li data-start=\"685\" data-end=\"947\">Smak s\u0142onego karmelu<\/li>\n<li data-start=\"685\" data-end=\"947\">Wega\u0144skie i bezglutenowe<\/li>\n<li data-start=\"685\" data-end=\"947\">Bez dodatku cukru<\/li>\n<li data-start=\"685\" data-end=\"947\">Ekologiczny i zr\u00f3wnowa\u017cony wyb\u00f3r<\/li>\n<li data-start=\"685\" data-end=\"947\">Odpowiednie dla sportowc\u00f3w i os\u00f3b aktywnych<\/li>\n<li data-start=\"685\" data-end=\"947\">Idealna przek\u0105ska o ka\u017cdej porze<\/li>\n<\/ul>\n<p data-start=\"949\" data-end=\"996\" data-is-last-node=\"\" data-is-only-node=\"\">\u2705 W magazynie, szybka dostawa w 1\u20133 dni robocze<\/p>\n","protected":false},"featured_media":36353,"comment_status":"open","ping_status":"closed","template":"","meta":{"_acf_changed":false},"product_brand":[],"product_cat":[303,339,322,340,301],"product_tag":[305],"class_list":{"0":"post-49689","1":"product","2":"type-product","3":"status-publish","4":"has-post-thumbnail","6":"product_cat-akcesoria-turystyczne","7":"product_cat-batony-energetyczne","8":"product_cat-przekaski","9":"product_cat-przekaski-ze-swierszczy","10":"product_cat-sprzet-turystyczny","11":"product_tag-no_ads","13":"first","14":"instock","15":"taxable","16":"shipping-taxable","17":"purchasable","18":"product-type-simple"},"bundled_by":[],"bundle_stock_status":"instock","bundle_stock_quantity":20,"bundle_virtual":false,"bundle_layout":"","bundle_add_to_cart_form_location":"","bundle_editable_in_cart":false,"bundle_sold_individually_context":"","bundle_item_grouping":"","bundle_min_size":"","bundle_max_size":"","bundle_price":[],"bundled_items":[],"bundle_sell_ids":[],"acf":[],"yoast_head":"<!-- This site is optimized with the Yoast SEO plugin v27.3 - https:\/\/yoast.com\/product\/yoast-seo-wordpress\/ -->\n<title>Superciastko STRENGTH ze s\u0142onym karmelem<\/title>\n<meta name=\"description\" content=\"Superciastko STRENGTH ze s\u0142onym karmelem \u2013 wysokobia\u0142kowa przek\u0105ska. Wega\u0144ski, bezglutenowy i ekologiczny wyb\u00f3r na ka\u017cdy aktywny dzie\u0144.\" \/>\n<meta name=\"robots\" content=\"index, follow, max-snippet:-1, max-image-preview:large, max-video-preview:-1\" \/>\n<link rel=\"canonical\" href=\"https:\/\/toidupakk.ee\/pl\/toode\/superciastko-strength-ze-slonym-karmelem\/\" \/>\n<meta property=\"og:locale\" content=\"pl_PL\" \/>\n<meta property=\"og:type\" content=\"article\" \/>\n<meta property=\"og:title\" content=\"Superciastko STRENGTH ze s\u0142onym karmelem\" \/>\n<meta property=\"og:description\" content=\"Superciastko STRENGTH ze s\u0142onym karmelem \u2013 wysokobia\u0142kowa przek\u0105ska. Wega\u0144ski, bezglutenowy i ekologiczny wyb\u00f3r na ka\u017cdy aktywny dzie\u0144.\" \/>\n<meta property=\"og:url\" content=\"https:\/\/toidupakk.ee\/pl\/toode\/superciastko-strength-ze-slonym-karmelem\/\" \/>\n<meta property=\"og:site_name\" content=\"Toidupakk.ee - Tactical Foodpack toidupakid\" \/>\n<meta property=\"article:publisher\" content=\"https:\/\/www.facebook.com\/Toidupakk\" \/>\n<meta property=\"article:modified_time\" content=\"2026-04-16T10:00:46+00:00\" \/>\n<meta property=\"og:image\" content=\"https:\/\/toidupakk.ee\/wp-content\/uploads\/2025\/06\/Nimetu-kujundus-19-1.png\" \/>\n\t<meta property=\"og:image:width\" content=\"800\" \/>\n\t<meta property=\"og:image:height\" content=\"800\" \/>\n\t<meta property=\"og:image:type\" content=\"image\/png\" \/>\n<meta name=\"twitter:card\" content=\"summary_large_image\" \/>\n<meta name=\"twitter:label1\" content=\"Szacowany czas czytania\" \/>\n\t<meta name=\"twitter:data1\" content=\"2 minuty\" \/>\n<script type=\"application\/ld+json\" class=\"yoast-schema-graph\">{\"@context\":\"https:\\\/\\\/schema.org\",\"@graph\":[{\"@type\":\"WebPage\",\"@id\":\"https:\\\/\\\/toidupakk.ee\\\/pl\\\/toode\\\/superciastko-strength-ze-slonym-karmelem\\\/\",\"url\":\"https:\\\/\\\/toidupakk.ee\\\/pl\\\/toode\\\/superciastko-strength-ze-slonym-karmelem\\\/\",\"name\":\"Superciastko STRENGTH ze s\u0142onym karmelem\",\"isPartOf\":{\"@id\":\"https:\\\/\\\/toidupakk.ee\\\/pl\\\/#website\"},\"primaryImageOfPage\":{\"@id\":\"https:\\\/\\\/toidupakk.ee\\\/pl\\\/toode\\\/superciastko-strength-ze-slonym-karmelem\\\/#primaryimage\"},\"image\":{\"@id\":\"https:\\\/\\\/toidupakk.ee\\\/pl\\\/toode\\\/superciastko-strength-ze-slonym-karmelem\\\/#primaryimage\"},\"thumbnailUrl\":\"https:\\\/\\\/toidupakk.ee\\\/wp-content\\\/uploads\\\/2025\\\/06\\\/Nimetu-kujundus-19-1.png\",\"datePublished\":\"2025-06-16T11:30:51+00:00\",\"dateModified\":\"2026-04-16T10:00:46+00:00\",\"description\":\"Superciastko STRENGTH ze s\u0142onym karmelem \u2013 wysokobia\u0142kowa przek\u0105ska. Wega\u0144ski, bezglutenowy i ekologiczny wyb\u00f3r na ka\u017cdy aktywny dzie\u0144.\",\"breadcrumb\":{\"@id\":\"https:\\\/\\\/toidupakk.ee\\\/pl\\\/toode\\\/superciastko-strength-ze-slonym-karmelem\\\/#breadcrumb\"},\"inLanguage\":\"pl-PL\",\"potentialAction\":[{\"@type\":\"ReadAction\",\"target\":[\"https:\\\/\\\/toidupakk.ee\\\/pl\\\/toode\\\/superciastko-strength-ze-slonym-karmelem\\\/\"]}]},{\"@type\":\"ImageObject\",\"inLanguage\":\"pl-PL\",\"@id\":\"https:\\\/\\\/toidupakk.ee\\\/pl\\\/toode\\\/superciastko-strength-ze-slonym-karmelem\\\/#primaryimage\",\"url\":\"https:\\\/\\\/toidupakk.ee\\\/wp-content\\\/uploads\\\/2025\\\/06\\\/Nimetu-kujundus-19-1.png\",\"contentUrl\":\"https:\\\/\\\/toidupakk.ee\\\/wp-content\\\/uploads\\\/2025\\\/06\\\/Nimetu-kujundus-19-1.png\",\"width\":800,\"height\":800},{\"@type\":\"BreadcrumbList\",\"@id\":\"https:\\\/\\\/toidupakk.ee\\\/pl\\\/toode\\\/superciastko-strength-ze-slonym-karmelem\\\/#breadcrumb\",\"itemListElement\":[{\"@type\":\"ListItem\",\"position\":1,\"name\":\"Avaleht\",\"item\":\"https:\\\/\\\/toidupakk.ee\\\/pl\\\/\"},{\"@type\":\"ListItem\",\"position\":2,\"name\":\"Sklep internetowy\",\"item\":\"https:\\\/\\\/toidupakk.ee\\\/pl\\\/sklep-internetowy\\\/\"},{\"@type\":\"ListItem\",\"position\":3,\"name\":\"Superciastko STRENGTH ze s\u0142onym karmelem\"}]},{\"@type\":\"WebSite\",\"@id\":\"https:\\\/\\\/toidupakk.ee\\\/pl\\\/#website\",\"url\":\"https:\\\/\\\/toidupakk.ee\\\/pl\\\/\",\"name\":\"Toidupakk.ee - Tactical Foodpack toidupakid\",\"description\":\"Tactical Foodpack k\u00fclmkuivatatud toidupakid ja matkaeined\",\"publisher\":{\"@id\":\"https:\\\/\\\/toidupakk.ee\\\/pl\\\/#organization\"},\"potentialAction\":[{\"@type\":\"SearchAction\",\"target\":{\"@type\":\"EntryPoint\",\"urlTemplate\":\"https:\\\/\\\/toidupakk.ee\\\/pl\\\/?s={search_term_string}\"},\"query-input\":{\"@type\":\"PropertyValueSpecification\",\"valueRequired\":true,\"valueName\":\"search_term_string\"}}],\"inLanguage\":\"pl-PL\"},{\"@type\":\"Organization\",\"@id\":\"https:\\\/\\\/toidupakk.ee\\\/pl\\\/#organization\",\"name\":\"Tactical Foodpack matkaeined\",\"url\":\"https:\\\/\\\/toidupakk.ee\\\/pl\\\/\",\"logo\":{\"@type\":\"ImageObject\",\"inLanguage\":\"pl-PL\",\"@id\":\"https:\\\/\\\/toidupakk.ee\\\/pl\\\/#\\\/schema\\\/logo\\\/image\\\/\",\"url\":\"https:\\\/\\\/toidupakk.ee\\\/wp-content\\\/uploads\\\/2022\\\/01\\\/Toidupakk-matkapood-logo-transparent.png\",\"contentUrl\":\"https:\\\/\\\/toidupakk.ee\\\/wp-content\\\/uploads\\\/2022\\\/01\\\/Toidupakk-matkapood-logo-transparent.png\",\"width\":500,\"height\":500,\"caption\":\"Tactical Foodpack matkaeined\"},\"image\":{\"@id\":\"https:\\\/\\\/toidupakk.ee\\\/pl\\\/#\\\/schema\\\/logo\\\/image\\\/\"},\"sameAs\":[\"https:\\\/\\\/www.facebook.com\\\/Toidupakk\",\"https:\\\/\\\/www.instagram.com\\\/toidupakk\\\/\"]}]}<\/script>\n<!-- \/ Yoast SEO plugin. -->","yoast_head_json":{"title":"Superciastko STRENGTH ze s\u0142onym karmelem","description":"Superciastko STRENGTH ze s\u0142onym karmelem \u2013 wysokobia\u0142kowa przek\u0105ska. Wega\u0144ski, bezglutenowy i ekologiczny wyb\u00f3r na ka\u017cdy aktywny dzie\u0144.","robots":{"index":"index","follow":"follow","max-snippet":"max-snippet:-1","max-image-preview":"max-image-preview:large","max-video-preview":"max-video-preview:-1"},"canonical":"https:\/\/toidupakk.ee\/pl\/toode\/superciastko-strength-ze-slonym-karmelem\/","og_locale":"pl_PL","og_type":"article","og_title":"Superciastko STRENGTH ze s\u0142onym karmelem","og_description":"Superciastko STRENGTH ze s\u0142onym karmelem \u2013 wysokobia\u0142kowa przek\u0105ska. Wega\u0144ski, bezglutenowy i ekologiczny wyb\u00f3r na ka\u017cdy aktywny dzie\u0144.","og_url":"https:\/\/toidupakk.ee\/pl\/toode\/superciastko-strength-ze-slonym-karmelem\/","og_site_name":"Toidupakk.ee - Tactical Foodpack toidupakid","article_publisher":"https:\/\/www.facebook.com\/Toidupakk","article_modified_time":"2026-04-16T10:00:46+00:00","og_image":[{"width":800,"height":800,"url":"https:\/\/toidupakk.ee\/wp-content\/uploads\/2025\/06\/Nimetu-kujundus-19-1.png","type":"image\/png"}],"twitter_card":"summary_large_image","twitter_misc":{"Szacowany czas czytania":"2 minuty"},"schema":{"@context":"https:\/\/schema.org","@graph":[{"@type":"WebPage","@id":"https:\/\/toidupakk.ee\/pl\/toode\/superciastko-strength-ze-slonym-karmelem\/","url":"https:\/\/toidupakk.ee\/pl\/toode\/superciastko-strength-ze-slonym-karmelem\/","name":"Superciastko STRENGTH ze s\u0142onym karmelem","isPartOf":{"@id":"https:\/\/toidupakk.ee\/pl\/#website"},"primaryImageOfPage":{"@id":"https:\/\/toidupakk.ee\/pl\/toode\/superciastko-strength-ze-slonym-karmelem\/#primaryimage"},"image":{"@id":"https:\/\/toidupakk.ee\/pl\/toode\/superciastko-strength-ze-slonym-karmelem\/#primaryimage"},"thumbnailUrl":"https:\/\/toidupakk.ee\/wp-content\/uploads\/2025\/06\/Nimetu-kujundus-19-1.png","datePublished":"2025-06-16T11:30:51+00:00","dateModified":"2026-04-16T10:00:46+00:00","description":"Superciastko STRENGTH ze s\u0142onym karmelem \u2013 wysokobia\u0142kowa przek\u0105ska. Wega\u0144ski, bezglutenowy i ekologiczny wyb\u00f3r na ka\u017cdy aktywny dzie\u0144.","breadcrumb":{"@id":"https:\/\/toidupakk.ee\/pl\/toode\/superciastko-strength-ze-slonym-karmelem\/#breadcrumb"},"inLanguage":"pl-PL","potentialAction":[{"@type":"ReadAction","target":["https:\/\/toidupakk.ee\/pl\/toode\/superciastko-strength-ze-slonym-karmelem\/"]}]},{"@type":"ImageObject","inLanguage":"pl-PL","@id":"https:\/\/toidupakk.ee\/pl\/toode\/superciastko-strength-ze-slonym-karmelem\/#primaryimage","url":"https:\/\/toidupakk.ee\/wp-content\/uploads\/2025\/06\/Nimetu-kujundus-19-1.png","contentUrl":"https:\/\/toidupakk.ee\/wp-content\/uploads\/2025\/06\/Nimetu-kujundus-19-1.png","width":800,"height":800},{"@type":"BreadcrumbList","@id":"https:\/\/toidupakk.ee\/pl\/toode\/superciastko-strength-ze-slonym-karmelem\/#breadcrumb","itemListElement":[{"@type":"ListItem","position":1,"name":"Avaleht","item":"https:\/\/toidupakk.ee\/pl\/"},{"@type":"ListItem","position":2,"name":"Sklep internetowy","item":"https:\/\/toidupakk.ee\/pl\/sklep-internetowy\/"},{"@type":"ListItem","position":3,"name":"Superciastko STRENGTH ze s\u0142onym karmelem"}]},{"@type":"WebSite","@id":"https:\/\/toidupakk.ee\/pl\/#website","url":"https:\/\/toidupakk.ee\/pl\/","name":"Toidupakk.ee - Tactical Foodpack toidupakid","description":"Tactical Foodpack k\u00fclmkuivatatud toidupakid ja matkaeined","publisher":{"@id":"https:\/\/toidupakk.ee\/pl\/#organization"},"potentialAction":[{"@type":"SearchAction","target":{"@type":"EntryPoint","urlTemplate":"https:\/\/toidupakk.ee\/pl\/?s={search_term_string}"},"query-input":{"@type":"PropertyValueSpecification","valueRequired":true,"valueName":"search_term_string"}}],"inLanguage":"pl-PL"},{"@type":"Organization","@id":"https:\/\/toidupakk.ee\/pl\/#organization","name":"Tactical Foodpack matkaeined","url":"https:\/\/toidupakk.ee\/pl\/","logo":{"@type":"ImageObject","inLanguage":"pl-PL","@id":"https:\/\/toidupakk.ee\/pl\/#\/schema\/logo\/image\/","url":"https:\/\/toidupakk.ee\/wp-content\/uploads\/2022\/01\/Toidupakk-matkapood-logo-transparent.png","contentUrl":"https:\/\/toidupakk.ee\/wp-content\/uploads\/2022\/01\/Toidupakk-matkapood-logo-transparent.png","width":500,"height":500,"caption":"Tactical Foodpack matkaeined"},"image":{"@id":"https:\/\/toidupakk.ee\/pl\/#\/schema\/logo\/image\/"},"sameAs":["https:\/\/www.facebook.com\/Toidupakk","https:\/\/www.instagram.com\/toidupakk\/"]}]}},"jetpack_sharing_enabled":true,"_links":{"self":[{"href":"https:\/\/toidupakk.ee\/pl\/wp-json\/wp\/v2\/product\/49689","targetHints":{"allow":["GET"]}}],"collection":[{"href":"https:\/\/toidupakk.ee\/pl\/wp-json\/wp\/v2\/product"}],"about":[{"href":"https:\/\/toidupakk.ee\/pl\/wp-json\/wp\/v2\/types\/product"}],"replies":[{"embeddable":true,"href":"https:\/\/toidupakk.ee\/pl\/wp-json\/wp\/v2\/comments?post=49689"}],"wp:featuredmedia":[{"embeddable":true,"href":"https:\/\/toidupakk.ee\/pl\/wp-json\/wp\/v2\/media\/36353"}],"wp:attachment":[{"href":"https:\/\/toidupakk.ee\/pl\/wp-json\/wp\/v2\/media?parent=49689"}],"wp:term":[{"taxonomy":"product_brand","embeddable":true,"href":"https:\/\/toidupakk.ee\/pl\/wp-json\/wp\/v2\/product_brand?post=49689"},{"taxonomy":"product_cat","embeddable":true,"href":"https:\/\/toidupakk.ee\/pl\/wp-json\/wp\/v2\/product_cat?post=49689"},{"taxonomy":"product_tag","embeddable":true,"href":"https:\/\/toidupakk.ee\/pl\/wp-json\/wp\/v2\/product_tag?post=49689"}],"curies":[{"name":"wp","href":"https:\/\/api.w.org\/{rel}","templated":true}]}}