{"id":49684,"date":"2025-06-16T14:31:37","date_gmt":"2025-06-16T11:31:37","guid":{"rendered":"https:\/\/toidupakk.ee\/toode\/superciastko-power-up-z-orzeszkami-ziemnymi\/"},"modified":"2026-04-16T06:31:08","modified_gmt":"2026-04-16T03:31:08","slug":"superciastko-power-up-z-orzeszkami-ziemnymi","status":"publish","type":"product","link":"https:\/\/toidupakk.ee\/pl\/toode\/superciastko-power-up-z-orzeszkami-ziemnymi\/","title":{"rendered":"Superciastko POWER-UP z orzeszkami ziemnymi"},"content":{"rendered":"<h3 data-start=\"132\" data-end=\"225\">Superciastko POWER-UP z orzeszkami ziemnymi \u2013 energetyczna przek\u0105ska, kt\u00f3ra dba o Ciebie i \u015brodowisko<\/h3>\n<p data-start=\"227\" data-end=\"517\">Je\u015bli potrzebujesz szybkiej i po\u017cywnej przek\u0105ski na trening, do pracy czy na w\u0119dr\u00f3wk\u0119, <strong data-start=\"327\" data-end=\"363\">Superciastko POWER-UP z orzeszkami ziemnymi<\/strong> to idealny wyb\u00f3r. \u0141\u0105czy pe\u0142nowarto\u015bciowe sk\u0142adniki z pysznym mas\u0142em orzechowym, dostarczaj\u0105c energii i niezb\u0119dnych sk\u0142adnik\u00f3w od\u017cywczych w ka\u017cdej sytuacji. <\/p>\n<p data-start=\"227\" data-end=\"517\"><img fetchpriority=\"high\" decoding=\"async\" class=\"alignnone wp-image-36342 size-thumbnail\" src=\"https:\/\/toidupakk.ee\/wp-content\/uploads\/2025\/06\/greenbite0722_huge-500x500.webp\" alt=\"Superciastko POWER-UP z orzeszkami ziemnymi ca\u0142y karton\" width=\"500\" height=\"500\" srcset=\"https:\/\/toidupakk.ee\/wp-content\/uploads\/2025\/06\/greenbite0722_huge-500x500.webp 500w, https:\/\/toidupakk.ee\/wp-content\/uploads\/2025\/06\/greenbite0722_huge-300x300.webp 300w, https:\/\/toidupakk.ee\/wp-content\/uploads\/2025\/06\/greenbite0722_huge-400x400.webp 400w, https:\/\/toidupakk.ee\/wp-content\/uploads\/2025\/06\/greenbite0722_huge-100x100.webp 100w\" sizes=\"(max-width: 500px) 100vw, 500px\" \/><\/p>\n<h3 data-start=\"519\" data-end=\"559\">Zdrowy i zbilansowany sk\u0142ad \u2013 Superciastko POWER-UP z orzeszkami ziemnymi<\/h3>\n<p data-start=\"561\" data-end=\"893\">Ciastko powsta\u0142o z naturalnych, czystych sk\u0142adnik\u00f3w: p\u0142atki owsiane, daktyle i mas\u0142o orzechowe tworz\u0105 jego po\u017cywn\u0105 baz\u0119. Zawiera <strong data-start=\"739\" data-end=\"762\">22 g bia\u0142ka ro\u015blinnego na 100 g<\/strong>, co wspiera regeneracj\u0119 mi\u0119\u015bni i zapewnia d\u0142ugotrwa\u0142e uczucie syto\u015bci. Jest bezglutenowe, bez dodatku cukru i w 100% wega\u0144skie.  <\/p>\n<p data-start=\"561\" data-end=\"893\"><img decoding=\"async\" class=\"alignnone wp-image-36343 size-thumbnail\" src=\"https:\/\/toidupakk.ee\/wp-content\/uploads\/2025\/06\/greenbite0851_large-500x500.webp\" alt=\"Superciastko POWER-UP z orzeszkami ziemnymi, Superciastko STRENGTH ze s\u0142onym karmelem, Superciastko POWER z czekolad\u0105 i kokosem\" width=\"500\" height=\"500\" srcset=\"https:\/\/toidupakk.ee\/wp-content\/uploads\/2025\/06\/greenbite0851_large-500x500.webp 500w, https:\/\/toidupakk.ee\/wp-content\/uploads\/2025\/06\/greenbite0851_large-300x300.webp 300w, https:\/\/toidupakk.ee\/wp-content\/uploads\/2025\/06\/greenbite0851_large-400x400.webp 400w, https:\/\/toidupakk.ee\/wp-content\/uploads\/2025\/06\/greenbite0851_large-100x100.webp 100w\" sizes=\"(max-width: 500px) 100vw, 500px\" \/><\/p>\n<h3 data-start=\"895\" data-end=\"928\">Wygodna i wszechstronna przek\u0105ska<\/h3>\n<p data-start=\"930\" data-end=\"1169\">Superciastko idealnie nadaje si\u0119 na szybki zastrzyk energii przed treningiem, do pracy czy na piknik. Dzi\u0119ki wygodnemu opakowaniu \u0142atwo wrzucisz je do torby lub plecaka i zabierzesz wsz\u0119dzie \u2013 z domu do biura czy na szlak. <\/p>\n<h3 data-start=\"1171\" data-end=\"1216\">M\u0105drzejszy wyb\u00f3r dla cia\u0142a i planety<\/h3>\n<p data-start=\"1218\" data-end=\"1655\">Ciastko zawiera wy\u0142\u0105cznie bia\u0142ko ro\u015blinne, produkowane w spos\u00f3b zr\u00f3wnowa\u017cony i z mniejszym \u015bladem w\u0119glowym ni\u017c bia\u0142ko zwierz\u0119ce. Wybierasz \u015bwiadomie \u2013 wspierasz zr\u00f3wnowa\u017con\u0105 \u017cywno\u015b\u0107 i zdrowy styl \u017cycia dobry dla Ciebie i planety.<br data-start=\"1467\" data-end=\"1470\">Rezygnuj\u0105c z tradycyjnej hodowli zwierz\u0105t, <strong data-start=\"1473\" data-end=\"1518\">wspierasz produkcj\u0119 czystego i zdrowego bia\u0142ka<\/strong> oraz podejmujesz <strong data-start=\"1576\" data-end=\"1605\">ekologiczn\u0105 decyzj\u0119<\/strong>, kt\u00f3ra pomaga zachowa\u0107 r\u00f3wnowag\u0119 mi\u0119dzy Tob\u0105 a natur\u0105. <\/p>\n<p>Interesuje Ci\u0119 sprz\u0119t turystyczny? Sprawd\u017a szczeg\u00f3\u0142y  <a href=\"https:\/\/toidupakk.ee\/pl\/tootekategooria\/sprzet-turystyczny\/#section-3-79\">TUTAJ<\/a><\/p>\n<p>Szukasz raczej jedzenia liofilizowanego? Zobacz <a href=\"https:\/\/toidupakk.ee\/pl\/tootekategooria\/dania-glowne\/\">TUTAJ<\/a><\/p>\n<p>Szukaj inspiracji na kolejne przygody na <a href=\"https:\/\/www.instagram.com\/toidupakk\/\">Instagramie<\/a> i <a href=\"https:\/\/www.facebook.com\/Toidupakk\/\">Facebooku<\/a> Toidupakk.<\/p>\n","protected":false},"excerpt":{"rendered":"<p><strong>Superciastko POWER-UP z orzeszkami ziemnymi \u2013 ro\u015blinny zastrzyk energii, kt\u00f3ry syci i wspiera!<\/strong><br data-start=\"140\" data-end=\"143\"><strong>Stworzone z mas\u0142a orzechowego, p\u0142atk\u00f3w owsianych i daktyli \u2013 to ciastko jest idealne jako szybka przek\u0105ska. Wybieraj\u0105c je, dbasz o \u015brodowisko, wspierasz produkcj\u0119 czystego bia\u0142ka zamiast tradycyjnej hodowli i stawiasz na zasoby przyjazne Tobie i planecie. <\/strong><\/p>\n<ul>\n<li data-start=\"776\" data-end=\"921\">Wega\u0144skie<\/li>\n<li data-start=\"776\" data-end=\"921\">Bez dodatku cukru<\/li>\n<li data-start=\"776\" data-end=\"921\">Bezglutenowe<\/li>\n<li data-start=\"776\" data-end=\"921\">22 g bia\u0142ka ro\u015blinnego na 100 g<\/li>\n<li data-start=\"776\" data-end=\"921\">R\u0119cznie wykonane w Estonii<\/li>\n<li data-start=\"776\" data-end=\"921\">Bogate w b\u0142onnik i energi\u0119<\/li>\n<\/ul>\n<p data-start=\"923\" data-end=\"1007\" data-is-last-node=\"\" data-is-only-node=\"\">\u2705 Dost\u0119pne w magazynie, szybka dostawa w 1-3 dni robocze<\/p>\n","protected":false},"featured_media":36341,"comment_status":"open","ping_status":"closed","template":"","meta":{"_acf_changed":false},"product_brand":[],"product_cat":[303,339,322,340,301],"product_tag":[305],"class_list":{"0":"post-49684","1":"product","2":"type-product","3":"status-publish","4":"has-post-thumbnail","6":"product_cat-akcesoria-turystyczne","7":"product_cat-batony-energetyczne","8":"product_cat-przekaski","9":"product_cat-przekaski-ze-swierszczy","10":"product_cat-sprzet-turystyczny","11":"product_tag-no_ads","13":"first","14":"instock","15":"taxable","16":"shipping-taxable","17":"purchasable","18":"product-type-simple"},"bundled_by":[],"bundle_stock_status":"instock","bundle_stock_quantity":2,"bundle_virtual":false,"bundle_layout":"","bundle_add_to_cart_form_location":"","bundle_editable_in_cart":false,"bundle_sold_individually_context":"","bundle_item_grouping":"","bundle_min_size":"","bundle_max_size":"","bundle_price":[],"bundled_items":[],"bundle_sell_ids":[],"acf":[],"yoast_head":"<!-- This site is optimized with the Yoast SEO plugin v27.3 - https:\/\/yoast.com\/product\/yoast-seo-wordpress\/ -->\n<title>Superciastko POWER-UP z orzeszkami ziemnymi<\/title>\n<meta name=\"description\" content=\"Superciastko POWER-UP z orzeszkami ziemnymi \u2013 pyszna i wysokobia\u0142kowa przek\u0105ska z 9,6 g bia\u0142ka ro\u015blinnego. Wega\u0144ski, bezglutenowy i ekologiczny wyb\u00f3r dla aktywnych.\" \/>\n<meta name=\"robots\" content=\"index, follow, max-snippet:-1, max-image-preview:large, max-video-preview:-1\" \/>\n<link rel=\"canonical\" href=\"https:\/\/toidupakk.ee\/pl\/toode\/superciastko-power-up-z-orzeszkami-ziemnymi\/\" \/>\n<meta property=\"og:locale\" content=\"pl_PL\" \/>\n<meta property=\"og:type\" content=\"article\" \/>\n<meta property=\"og:title\" content=\"Superciastko POWER-UP z orzeszkami ziemnymi\" \/>\n<meta property=\"og:description\" content=\"Superciastko POWER-UP z orzeszkami ziemnymi \u2013 pyszna i wysokobia\u0142kowa przek\u0105ska z 9,6 g bia\u0142ka ro\u015blinnego. Wega\u0144ski, bezglutenowy i ekologiczny wyb\u00f3r dla aktywnych.\" \/>\n<meta property=\"og:url\" content=\"https:\/\/toidupakk.ee\/pl\/toode\/superciastko-power-up-z-orzeszkami-ziemnymi\/\" \/>\n<meta property=\"og:site_name\" content=\"Toidupakk.ee - Tactical Foodpack toidupakid\" \/>\n<meta property=\"article:publisher\" content=\"https:\/\/www.facebook.com\/Toidupakk\" \/>\n<meta property=\"article:modified_time\" content=\"2026-04-16T03:31:08+00:00\" \/>\n<meta property=\"og:image\" content=\"https:\/\/toidupakk.ee\/wp-content\/uploads\/2025\/06\/Nimetu-kujundus-19.png\" \/>\n\t<meta property=\"og:image:width\" content=\"800\" \/>\n\t<meta property=\"og:image:height\" content=\"800\" \/>\n\t<meta property=\"og:image:type\" content=\"image\/png\" \/>\n<meta name=\"twitter:card\" content=\"summary_large_image\" \/>\n<meta name=\"twitter:label1\" content=\"Szacowany czas czytania\" \/>\n\t<meta name=\"twitter:data1\" content=\"1 minuta\" \/>\n<script type=\"application\/ld+json\" class=\"yoast-schema-graph\">{\"@context\":\"https:\\\/\\\/schema.org\",\"@graph\":[{\"@type\":\"WebPage\",\"@id\":\"https:\\\/\\\/toidupakk.ee\\\/pl\\\/toode\\\/superciastko-power-up-z-orzeszkami-ziemnymi\\\/\",\"url\":\"https:\\\/\\\/toidupakk.ee\\\/pl\\\/toode\\\/superciastko-power-up-z-orzeszkami-ziemnymi\\\/\",\"name\":\"Superciastko POWER-UP z orzeszkami ziemnymi\",\"isPartOf\":{\"@id\":\"https:\\\/\\\/toidupakk.ee\\\/pl\\\/#website\"},\"primaryImageOfPage\":{\"@id\":\"https:\\\/\\\/toidupakk.ee\\\/pl\\\/toode\\\/superciastko-power-up-z-orzeszkami-ziemnymi\\\/#primaryimage\"},\"image\":{\"@id\":\"https:\\\/\\\/toidupakk.ee\\\/pl\\\/toode\\\/superciastko-power-up-z-orzeszkami-ziemnymi\\\/#primaryimage\"},\"thumbnailUrl\":\"https:\\\/\\\/toidupakk.ee\\\/wp-content\\\/uploads\\\/2025\\\/06\\\/Nimetu-kujundus-19.png\",\"datePublished\":\"2025-06-16T11:31:37+00:00\",\"dateModified\":\"2026-04-16T03:31:08+00:00\",\"description\":\"Superciastko POWER-UP z orzeszkami ziemnymi \u2013 pyszna i wysokobia\u0142kowa przek\u0105ska z 9,6 g bia\u0142ka ro\u015blinnego. Wega\u0144ski, bezglutenowy i ekologiczny wyb\u00f3r dla aktywnych.\",\"breadcrumb\":{\"@id\":\"https:\\\/\\\/toidupakk.ee\\\/pl\\\/toode\\\/superciastko-power-up-z-orzeszkami-ziemnymi\\\/#breadcrumb\"},\"inLanguage\":\"pl-PL\",\"potentialAction\":[{\"@type\":\"ReadAction\",\"target\":[\"https:\\\/\\\/toidupakk.ee\\\/pl\\\/toode\\\/superciastko-power-up-z-orzeszkami-ziemnymi\\\/\"]}]},{\"@type\":\"ImageObject\",\"inLanguage\":\"pl-PL\",\"@id\":\"https:\\\/\\\/toidupakk.ee\\\/pl\\\/toode\\\/superciastko-power-up-z-orzeszkami-ziemnymi\\\/#primaryimage\",\"url\":\"https:\\\/\\\/toidupakk.ee\\\/wp-content\\\/uploads\\\/2025\\\/06\\\/Nimetu-kujundus-19.png\",\"contentUrl\":\"https:\\\/\\\/toidupakk.ee\\\/wp-content\\\/uploads\\\/2025\\\/06\\\/Nimetu-kujundus-19.png\",\"width\":800,\"height\":800},{\"@type\":\"BreadcrumbList\",\"@id\":\"https:\\\/\\\/toidupakk.ee\\\/pl\\\/toode\\\/superciastko-power-up-z-orzeszkami-ziemnymi\\\/#breadcrumb\",\"itemListElement\":[{\"@type\":\"ListItem\",\"position\":1,\"name\":\"Avaleht\",\"item\":\"https:\\\/\\\/toidupakk.ee\\\/pl\\\/\"},{\"@type\":\"ListItem\",\"position\":2,\"name\":\"Sklep internetowy\",\"item\":\"https:\\\/\\\/toidupakk.ee\\\/pl\\\/sklep-internetowy\\\/\"},{\"@type\":\"ListItem\",\"position\":3,\"name\":\"Superciastko POWER-UP z orzeszkami ziemnymi\"}]},{\"@type\":\"WebSite\",\"@id\":\"https:\\\/\\\/toidupakk.ee\\\/pl\\\/#website\",\"url\":\"https:\\\/\\\/toidupakk.ee\\\/pl\\\/\",\"name\":\"Toidupakk.ee - Tactical Foodpack toidupakid\",\"description\":\"Tactical Foodpack k\u00fclmkuivatatud toidupakid ja matkaeined\",\"publisher\":{\"@id\":\"https:\\\/\\\/toidupakk.ee\\\/pl\\\/#organization\"},\"potentialAction\":[{\"@type\":\"SearchAction\",\"target\":{\"@type\":\"EntryPoint\",\"urlTemplate\":\"https:\\\/\\\/toidupakk.ee\\\/pl\\\/?s={search_term_string}\"},\"query-input\":{\"@type\":\"PropertyValueSpecification\",\"valueRequired\":true,\"valueName\":\"search_term_string\"}}],\"inLanguage\":\"pl-PL\"},{\"@type\":\"Organization\",\"@id\":\"https:\\\/\\\/toidupakk.ee\\\/pl\\\/#organization\",\"name\":\"Tactical Foodpack matkaeined\",\"url\":\"https:\\\/\\\/toidupakk.ee\\\/pl\\\/\",\"logo\":{\"@type\":\"ImageObject\",\"inLanguage\":\"pl-PL\",\"@id\":\"https:\\\/\\\/toidupakk.ee\\\/pl\\\/#\\\/schema\\\/logo\\\/image\\\/\",\"url\":\"https:\\\/\\\/toidupakk.ee\\\/wp-content\\\/uploads\\\/2022\\\/01\\\/Toidupakk-matkapood-logo-transparent.png\",\"contentUrl\":\"https:\\\/\\\/toidupakk.ee\\\/wp-content\\\/uploads\\\/2022\\\/01\\\/Toidupakk-matkapood-logo-transparent.png\",\"width\":500,\"height\":500,\"caption\":\"Tactical Foodpack matkaeined\"},\"image\":{\"@id\":\"https:\\\/\\\/toidupakk.ee\\\/pl\\\/#\\\/schema\\\/logo\\\/image\\\/\"},\"sameAs\":[\"https:\\\/\\\/www.facebook.com\\\/Toidupakk\",\"https:\\\/\\\/www.instagram.com\\\/toidupakk\\\/\"]}]}<\/script>\n<!-- \/ Yoast SEO plugin. -->","yoast_head_json":{"title":"Superciastko POWER-UP z orzeszkami ziemnymi","description":"Superciastko POWER-UP z orzeszkami ziemnymi \u2013 pyszna i wysokobia\u0142kowa przek\u0105ska z 9,6 g bia\u0142ka ro\u015blinnego. Wega\u0144ski, bezglutenowy i ekologiczny wyb\u00f3r dla aktywnych.","robots":{"index":"index","follow":"follow","max-snippet":"max-snippet:-1","max-image-preview":"max-image-preview:large","max-video-preview":"max-video-preview:-1"},"canonical":"https:\/\/toidupakk.ee\/pl\/toode\/superciastko-power-up-z-orzeszkami-ziemnymi\/","og_locale":"pl_PL","og_type":"article","og_title":"Superciastko POWER-UP z orzeszkami ziemnymi","og_description":"Superciastko POWER-UP z orzeszkami ziemnymi \u2013 pyszna i wysokobia\u0142kowa przek\u0105ska z 9,6 g bia\u0142ka ro\u015blinnego. Wega\u0144ski, bezglutenowy i ekologiczny wyb\u00f3r dla aktywnych.","og_url":"https:\/\/toidupakk.ee\/pl\/toode\/superciastko-power-up-z-orzeszkami-ziemnymi\/","og_site_name":"Toidupakk.ee - Tactical Foodpack toidupakid","article_publisher":"https:\/\/www.facebook.com\/Toidupakk","article_modified_time":"2026-04-16T03:31:08+00:00","og_image":[{"width":800,"height":800,"url":"https:\/\/toidupakk.ee\/wp-content\/uploads\/2025\/06\/Nimetu-kujundus-19.png","type":"image\/png"}],"twitter_card":"summary_large_image","twitter_misc":{"Szacowany czas czytania":"1 minuta"},"schema":{"@context":"https:\/\/schema.org","@graph":[{"@type":"WebPage","@id":"https:\/\/toidupakk.ee\/pl\/toode\/superciastko-power-up-z-orzeszkami-ziemnymi\/","url":"https:\/\/toidupakk.ee\/pl\/toode\/superciastko-power-up-z-orzeszkami-ziemnymi\/","name":"Superciastko POWER-UP z orzeszkami ziemnymi","isPartOf":{"@id":"https:\/\/toidupakk.ee\/pl\/#website"},"primaryImageOfPage":{"@id":"https:\/\/toidupakk.ee\/pl\/toode\/superciastko-power-up-z-orzeszkami-ziemnymi\/#primaryimage"},"image":{"@id":"https:\/\/toidupakk.ee\/pl\/toode\/superciastko-power-up-z-orzeszkami-ziemnymi\/#primaryimage"},"thumbnailUrl":"https:\/\/toidupakk.ee\/wp-content\/uploads\/2025\/06\/Nimetu-kujundus-19.png","datePublished":"2025-06-16T11:31:37+00:00","dateModified":"2026-04-16T03:31:08+00:00","description":"Superciastko POWER-UP z orzeszkami ziemnymi \u2013 pyszna i wysokobia\u0142kowa przek\u0105ska z 9,6 g bia\u0142ka ro\u015blinnego. Wega\u0144ski, bezglutenowy i ekologiczny wyb\u00f3r dla aktywnych.","breadcrumb":{"@id":"https:\/\/toidupakk.ee\/pl\/toode\/superciastko-power-up-z-orzeszkami-ziemnymi\/#breadcrumb"},"inLanguage":"pl-PL","potentialAction":[{"@type":"ReadAction","target":["https:\/\/toidupakk.ee\/pl\/toode\/superciastko-power-up-z-orzeszkami-ziemnymi\/"]}]},{"@type":"ImageObject","inLanguage":"pl-PL","@id":"https:\/\/toidupakk.ee\/pl\/toode\/superciastko-power-up-z-orzeszkami-ziemnymi\/#primaryimage","url":"https:\/\/toidupakk.ee\/wp-content\/uploads\/2025\/06\/Nimetu-kujundus-19.png","contentUrl":"https:\/\/toidupakk.ee\/wp-content\/uploads\/2025\/06\/Nimetu-kujundus-19.png","width":800,"height":800},{"@type":"BreadcrumbList","@id":"https:\/\/toidupakk.ee\/pl\/toode\/superciastko-power-up-z-orzeszkami-ziemnymi\/#breadcrumb","itemListElement":[{"@type":"ListItem","position":1,"name":"Avaleht","item":"https:\/\/toidupakk.ee\/pl\/"},{"@type":"ListItem","position":2,"name":"Sklep internetowy","item":"https:\/\/toidupakk.ee\/pl\/sklep-internetowy\/"},{"@type":"ListItem","position":3,"name":"Superciastko POWER-UP z orzeszkami ziemnymi"}]},{"@type":"WebSite","@id":"https:\/\/toidupakk.ee\/pl\/#website","url":"https:\/\/toidupakk.ee\/pl\/","name":"Toidupakk.ee - Tactical Foodpack toidupakid","description":"Tactical Foodpack k\u00fclmkuivatatud toidupakid ja matkaeined","publisher":{"@id":"https:\/\/toidupakk.ee\/pl\/#organization"},"potentialAction":[{"@type":"SearchAction","target":{"@type":"EntryPoint","urlTemplate":"https:\/\/toidupakk.ee\/pl\/?s={search_term_string}"},"query-input":{"@type":"PropertyValueSpecification","valueRequired":true,"valueName":"search_term_string"}}],"inLanguage":"pl-PL"},{"@type":"Organization","@id":"https:\/\/toidupakk.ee\/pl\/#organization","name":"Tactical Foodpack matkaeined","url":"https:\/\/toidupakk.ee\/pl\/","logo":{"@type":"ImageObject","inLanguage":"pl-PL","@id":"https:\/\/toidupakk.ee\/pl\/#\/schema\/logo\/image\/","url":"https:\/\/toidupakk.ee\/wp-content\/uploads\/2022\/01\/Toidupakk-matkapood-logo-transparent.png","contentUrl":"https:\/\/toidupakk.ee\/wp-content\/uploads\/2022\/01\/Toidupakk-matkapood-logo-transparent.png","width":500,"height":500,"caption":"Tactical Foodpack matkaeined"},"image":{"@id":"https:\/\/toidupakk.ee\/pl\/#\/schema\/logo\/image\/"},"sameAs":["https:\/\/www.facebook.com\/Toidupakk","https:\/\/www.instagram.com\/toidupakk\/"]}]}},"jetpack_sharing_enabled":true,"_links":{"self":[{"href":"https:\/\/toidupakk.ee\/pl\/wp-json\/wp\/v2\/product\/49684","targetHints":{"allow":["GET"]}}],"collection":[{"href":"https:\/\/toidupakk.ee\/pl\/wp-json\/wp\/v2\/product"}],"about":[{"href":"https:\/\/toidupakk.ee\/pl\/wp-json\/wp\/v2\/types\/product"}],"replies":[{"embeddable":true,"href":"https:\/\/toidupakk.ee\/pl\/wp-json\/wp\/v2\/comments?post=49684"}],"wp:featuredmedia":[{"embeddable":true,"href":"https:\/\/toidupakk.ee\/pl\/wp-json\/wp\/v2\/media\/36341"}],"wp:attachment":[{"href":"https:\/\/toidupakk.ee\/pl\/wp-json\/wp\/v2\/media?parent=49684"}],"wp:term":[{"taxonomy":"product_brand","embeddable":true,"href":"https:\/\/toidupakk.ee\/pl\/wp-json\/wp\/v2\/product_brand?post=49684"},{"taxonomy":"product_cat","embeddable":true,"href":"https:\/\/toidupakk.ee\/pl\/wp-json\/wp\/v2\/product_cat?post=49684"},{"taxonomy":"product_tag","embeddable":true,"href":"https:\/\/toidupakk.ee\/pl\/wp-json\/wp\/v2\/product_tag?post=49684"}],"curies":[{"name":"wp","href":"https:\/\/api.w.org\/{rel}","templated":true}]}}