{"id":49677,"date":"2025-07-30T11:51:39","date_gmt":"2025-07-30T08:51:39","guid":{"rendered":"https:\/\/toidupakk.ee\/toode\/krople-do-uzdatniania-wody-katadyn-mf-1000f-100-ml\/"},"modified":"2026-04-21T11:31:34","modified_gmt":"2026-04-21T08:31:34","slug":"krople-do-uzdatniania-wody-katadyn-mf-1000f-100-ml","status":"publish","type":"product","link":"https:\/\/toidupakk.ee\/pl\/toode\/krople-do-uzdatniania-wody-katadyn-mf-1000f-100-ml\/","title":{"rendered":"Krople do uzdatniania wody Katadyn MF 1000F (100 ml)"},"content":{"rendered":"<h2 data-start=\"249\" data-end=\"342\"><img fetchpriority=\"high\" decoding=\"async\" class=\"alignright wp-image-37576 size-thumbnail\" src=\"https:\/\/toidupakk.ee\/wp-content\/uploads\/2025\/07\/MF1000F-500x500.png\" alt=\"krople do uzdatniania wody\" width=\"500\" height=\"500\" srcset=\"https:\/\/toidupakk.ee\/wp-content\/uploads\/2025\/07\/MF1000F-500x500.png 500w, https:\/\/toidupakk.ee\/wp-content\/uploads\/2025\/07\/MF1000F-300x300.png 300w, https:\/\/toidupakk.ee\/wp-content\/uploads\/2025\/07\/MF1000F-768x768.png 768w, https:\/\/toidupakk.ee\/wp-content\/uploads\/2025\/07\/MF1000F-400x400.png 400w, https:\/\/toidupakk.ee\/wp-content\/uploads\/2025\/07\/MF1000F-100x100.png 100w, https:\/\/toidupakk.ee\/wp-content\/uploads\/2025\/07\/MF1000F.png 800w\" sizes=\"(max-width: 500px) 100vw, 500px\" \/><\/h2>\n<h2 data-start=\"249\" data-end=\"342\"><strong data-start=\"252\" data-end=\"342\">Krople do uzdatniania wody Katadyn MF 1000F (100 ml) \u2013 niezawodna ochrona przed zanieczyszczon\u0105 wod\u0105<\/strong><\/h2>\n<p data-start=\"344\" data-end=\"837\"><strong data-start=\"344\" data-end=\"391\">Krople do uzdatniania wody Katadyn MF 1000F (100 ml)<\/strong> to szybkie i skuteczne rozwi\u0105zanie do dezynfekcji czystej wody podczas podr\u00f3\u017cy, w\u0119dr\u00f3wek czy biwakowania. To niezb\u0119dny element wyposa\u017cenia ka\u017cdego \u015bwiadomego podr\u00f3\u017cnika, pomagaj\u0105cy unikn\u0105\u0107 problem\u00f3w zdrowotnych spowodowanych zanieczyszczon\u0105 wod\u0105. Dzi\u0119ki nim \u0142atwo i pewnie uzdatnisz wod\u0119 z kranu, studni lub innych \u017ar\u00f3de\u0142 \u2013 idealne nawet do codziennego mycia z\u0119b\u00f3w za granic\u0105 lub na szlaku.  <\/p>\n<p data-start=\"839\" data-end=\"1318\">Krople Katadyn MF 1000F zawieraj\u0105 jony srebra, kt\u00f3re hamuj\u0105 namna\u017canie si\u0119 bakterii i zachowuj\u0105 \u015bwie\u017co\u015b\u0107 wody do sze\u015bciu miesi\u0119cy. Dzi\u0119ki temu produkt \u015bwietnie nadaje si\u0119 do przechowywania zapas\u00f3w wody lub do zestaw\u00f3w ratunkowych. Roztw\u00f3r dzia\u0142a szybko i jest przeznaczony do czystej wody. Je\u015bli woda jest m\u0119tna lub zawiera osad, producent zaleca stosowanie kropli wraz z filtrem mechanicznym, aby zapewni\u0107 maksymaln\u0105 skuteczno\u015b\u0107 i bezpiecze\u0144stwo.   <\/p>\n<p data-start=\"1320\" data-end=\"1587\">Butelka 100 ml wystarcza do uzdatnienia kilkuset litr\u00f3w wody, co czyni j\u0105 niezwykle wydajn\u0105 i ekonomiczn\u0105 mimo kompaktowych rozmiar\u00f3w. Dzi\u0119ki ma\u0142ej wadze i gabarytom krople zmieszcz\u0105 si\u0119 w ka\u017cdym plecaku, torbie podr\u00f3\u017cnej czy apteczce. <\/p>\n<p data-start=\"1589\" data-end=\"1849\"><strong data-start=\"1589\" data-end=\"1636\">Krople do uzdatniania wody Katadyn MF 1000F (100 ml)<\/strong> sprawdz\u0105 si\u0119 podczas w\u0119dr\u00f3wek, podr\u00f3\u017cy, kempingu lub po prostu do przechowywania zapas\u00f3w wody w domu. To praktyczny i skuteczny wyb\u00f3r dla ka\u017cdego, kto dba o zdrowie i chce by\u0107 gotowy na niespodziewane sytuacje. <\/p>\n<p>Zobacz wi\u0119cej akcesori\u00f3w turystycznych  <a href=\"https:\/\/toidupakk.ee\/pl\/tootekategooria\/sprzet-turystyczny\/#section-3-79\">TUTAJ<\/a><\/p>\n<p>Szukaj inspiracji na kolejne przygody na <a href=\"https:\/\/www.instagram.com\/toidupakk\/\">Instagramie<\/a> i <a href=\"https:\/\/www.facebook.com\/Toidupakk\/\">Facebooku<\/a> Toidupakk.<\/p>\n","protected":false},"excerpt":{"rendered":"<p><strong>Krople do uzdatniania wody Katadyn Micropur Forte MF 1000F do dezynfekcji i konserwacji wody pitnej.<\/strong><\/p>\n<ul>\n<li data-start=\"139\" data-end=\"668\">Krople Katadyn MF 1000F oczyszczaj\u0105 czyst\u0105 wod\u0119 z bakterii i zachowuj\u0105 jej \u015bwie\u017co\u015b\u0107 do 6 miesi\u0119cy.<\/li>\n<li data-start=\"139\" data-end=\"668\">Niezb\u0119dny produkt dla podr\u00f3\u017cnika, pozwalaj\u0105cy unikn\u0105\u0107 spo\u017cycia zanieczyszczonej wody<\/li>\n<li data-start=\"139\" data-end=\"668\">Stosowane np. do uzdatniania wody pitnej lub wody do mycia z\u0119b\u00f3w<\/li>\n<li data-start=\"139\" data-end=\"668\">Zawieraj\u0105 jony srebra, kt\u00f3re hamuj\u0105 rozw\u00f3j mikroorganizm\u00f3w.<\/li>\n<li data-start=\"139\" data-end=\"668\">Przeznaczone do czystej wody; w przypadku m\u0119tnej wody zaleca si\u0119 stosowanie z filtrem.<\/li>\n<li data-start=\"139\" data-end=\"668\">Butelka 100 ml wystarcza na 1000 litr\u00f3w wody (dawkowanie: 1 ml \/ 10 l)<\/li>\n<li data-start=\"139\" data-end=\"668\">Ma\u0142e i lekkie \u2013 bez trudu zmieszcz\u0105 si\u0119 w torbie podr\u00f3\u017cnej lub zestawie ratunkowym.<\/li>\n<li data-start=\"139\" data-end=\"668\">Skuteczne rozwi\u0105zanie dla ka\u017cdego \u015bwiadomego podr\u00f3\u017cnika i turysty.<\/li>\n<li data-start=\"139\" data-end=\"668\">Przed u\u017cyciem zawsze przeczytaj <a href=\"https:\/\/toidupakk.ee\/wp-content\/uploads\/2025\/07\/8018877_Micropur-Forte_liquid_en.pdf\">informacje o produkcie<\/a> oraz <a href=\"https:\/\/toidupakk.ee\/wp-content\/uploads\/2025\/07\/SDS_Micropur_Forte_MF_Flussig_EN.pdf\">kart\u0119 charakterystyki<\/a>.<\/li>\n<li data-start=\"139\" data-end=\"668\">Substancje czynne: podchloryn sodu 19,5 mg\/g; srebro: 0,82 mg\/g.<\/li>\n<li data-start=\"139\" data-end=\"668\">Przechowywa\u0107 w ch\u0142odnym miejscu, z dala od bezpo\u015bredniego \u015bwiat\u0142a s\u0142onecznego, w temperaturze poni\u017cej 25\u00b0C<\/li>\n<\/ul>\n<p data-start=\"670\" data-end=\"711\">\u2705 Produkt dost\u0119pny w magazynie, szybka dostawa w 1\u20133 dni robocze<\/p>\n","protected":false},"featured_media":37576,"comment_status":"open","ping_status":"closed","template":"","meta":{"_acf_changed":false},"product_brand":[],"product_cat":[303,334,301],"product_tag":[],"class_list":{"0":"post-49677","1":"product","2":"type-product","3":"status-publish","4":"has-post-thumbnail","6":"product_cat-akcesoria-turystyczne","7":"product_cat-oczyszczanie-wody","8":"product_cat-sprzet-turystyczny","10":"first","11":"instock","12":"taxable","13":"shipping-taxable","14":"purchasable","15":"product-type-simple"},"bundled_by":[],"bundle_stock_status":"instock","bundle_stock_quantity":4,"bundle_virtual":false,"bundle_layout":"","bundle_add_to_cart_form_location":"","bundle_editable_in_cart":false,"bundle_sold_individually_context":"","bundle_item_grouping":"","bundle_min_size":"","bundle_max_size":"","bundle_price":[],"bundled_items":[],"bundle_sell_ids":[],"acf":[],"yoast_head":"<!-- This site is optimized with the Yoast SEO plugin v27.3 - https:\/\/yoast.com\/product\/yoast-seo-wordpress\/ -->\n<title>Krople do uzdatniania wody Katadyn MF 1000F (100 ml)<\/title>\n<meta name=\"description\" content=\"Krople do uzdatniania wody Katadyn MF 1000F oczyszczaj\u0105 wod\u0119 z bakterii i wirus\u00f3w w 30 minut i pozwalaj\u0105 zachowa\u0107 jej \u015bwie\u017co\u015b\u0107 do 6 miesi\u0119cy. 1000 l czystej wody pitnej.\" \/>\n<meta name=\"robots\" content=\"index, follow, max-snippet:-1, max-image-preview:large, max-video-preview:-1\" \/>\n<link rel=\"canonical\" href=\"https:\/\/toidupakk.ee\/pl\/toode\/krople-do-uzdatniania-wody-katadyn-mf-1000f-100-ml\/\" \/>\n<meta property=\"og:locale\" content=\"pl_PL\" \/>\n<meta property=\"og:type\" content=\"article\" \/>\n<meta property=\"og:title\" content=\"Krople do uzdatniania wody Katadyn MF 1000F (100 ml)\" \/>\n<meta property=\"og:description\" content=\"Krople do uzdatniania wody Katadyn MF 1000F oczyszczaj\u0105 wod\u0119 z bakterii i wirus\u00f3w w 30 minut i pozwalaj\u0105 zachowa\u0107 jej \u015bwie\u017co\u015b\u0107 do 6 miesi\u0119cy. 1000 l czystej wody pitnej.\" \/>\n<meta property=\"og:url\" content=\"https:\/\/toidupakk.ee\/pl\/toode\/krople-do-uzdatniania-wody-katadyn-mf-1000f-100-ml\/\" \/>\n<meta property=\"og:site_name\" content=\"Toidupakk.ee - Tactical Foodpack toidupakid\" \/>\n<meta property=\"article:publisher\" content=\"https:\/\/www.facebook.com\/Toidupakk\" \/>\n<meta property=\"article:modified_time\" content=\"2026-04-21T08:31:34+00:00\" \/>\n<meta property=\"og:image\" content=\"https:\/\/toidupakk.ee\/wp-content\/uploads\/2025\/07\/MF1000F.png\" \/>\n\t<meta property=\"og:image:width\" content=\"800\" \/>\n\t<meta property=\"og:image:height\" content=\"800\" \/>\n\t<meta property=\"og:image:type\" content=\"image\/png\" \/>\n<meta name=\"twitter:card\" content=\"summary_large_image\" \/>\n<meta name=\"twitter:label1\" content=\"Szacowany czas czytania\" \/>\n\t<meta name=\"twitter:data1\" content=\"1 minuta\" \/>\n<script type=\"application\/ld+json\" class=\"yoast-schema-graph\">{\"@context\":\"https:\\\/\\\/schema.org\",\"@graph\":[{\"@type\":\"WebPage\",\"@id\":\"https:\\\/\\\/toidupakk.ee\\\/pl\\\/toode\\\/krople-do-uzdatniania-wody-katadyn-mf-1000f-100-ml\\\/\",\"url\":\"https:\\\/\\\/toidupakk.ee\\\/pl\\\/toode\\\/krople-do-uzdatniania-wody-katadyn-mf-1000f-100-ml\\\/\",\"name\":\"Krople do uzdatniania wody Katadyn MF 1000F (100 ml)\",\"isPartOf\":{\"@id\":\"https:\\\/\\\/toidupakk.ee\\\/pl\\\/#website\"},\"primaryImageOfPage\":{\"@id\":\"https:\\\/\\\/toidupakk.ee\\\/pl\\\/toode\\\/krople-do-uzdatniania-wody-katadyn-mf-1000f-100-ml\\\/#primaryimage\"},\"image\":{\"@id\":\"https:\\\/\\\/toidupakk.ee\\\/pl\\\/toode\\\/krople-do-uzdatniania-wody-katadyn-mf-1000f-100-ml\\\/#primaryimage\"},\"thumbnailUrl\":\"https:\\\/\\\/toidupakk.ee\\\/wp-content\\\/uploads\\\/2025\\\/07\\\/MF1000F.png\",\"datePublished\":\"2025-07-30T08:51:39+00:00\",\"dateModified\":\"2026-04-21T08:31:34+00:00\",\"description\":\"Krople do uzdatniania wody Katadyn MF 1000F oczyszczaj\u0105 wod\u0119 z bakterii i wirus\u00f3w w 30 minut i pozwalaj\u0105 zachowa\u0107 jej \u015bwie\u017co\u015b\u0107 do 6 miesi\u0119cy. 1000 l czystej wody pitnej.\",\"breadcrumb\":{\"@id\":\"https:\\\/\\\/toidupakk.ee\\\/pl\\\/toode\\\/krople-do-uzdatniania-wody-katadyn-mf-1000f-100-ml\\\/#breadcrumb\"},\"inLanguage\":\"pl-PL\",\"potentialAction\":[{\"@type\":\"ReadAction\",\"target\":[\"https:\\\/\\\/toidupakk.ee\\\/pl\\\/toode\\\/krople-do-uzdatniania-wody-katadyn-mf-1000f-100-ml\\\/\"]}]},{\"@type\":\"ImageObject\",\"inLanguage\":\"pl-PL\",\"@id\":\"https:\\\/\\\/toidupakk.ee\\\/pl\\\/toode\\\/krople-do-uzdatniania-wody-katadyn-mf-1000f-100-ml\\\/#primaryimage\",\"url\":\"https:\\\/\\\/toidupakk.ee\\\/wp-content\\\/uploads\\\/2025\\\/07\\\/MF1000F.png\",\"contentUrl\":\"https:\\\/\\\/toidupakk.ee\\\/wp-content\\\/uploads\\\/2025\\\/07\\\/MF1000F.png\",\"width\":800,\"height\":800,\"caption\":\"veepuhastustilgad\"},{\"@type\":\"BreadcrumbList\",\"@id\":\"https:\\\/\\\/toidupakk.ee\\\/pl\\\/toode\\\/krople-do-uzdatniania-wody-katadyn-mf-1000f-100-ml\\\/#breadcrumb\",\"itemListElement\":[{\"@type\":\"ListItem\",\"position\":1,\"name\":\"Avaleht\",\"item\":\"https:\\\/\\\/toidupakk.ee\\\/pl\\\/\"},{\"@type\":\"ListItem\",\"position\":2,\"name\":\"Sklep internetowy\",\"item\":\"https:\\\/\\\/toidupakk.ee\\\/pl\\\/sklep-internetowy\\\/\"},{\"@type\":\"ListItem\",\"position\":3,\"name\":\"Krople do uzdatniania wody Katadyn MF 1000F (100 ml)\"}]},{\"@type\":\"WebSite\",\"@id\":\"https:\\\/\\\/toidupakk.ee\\\/pl\\\/#website\",\"url\":\"https:\\\/\\\/toidupakk.ee\\\/pl\\\/\",\"name\":\"Toidupakk.ee - Tactical Foodpack toidupakid\",\"description\":\"Tactical Foodpack k\u00fclmkuivatatud toidupakid ja matkaeined\",\"publisher\":{\"@id\":\"https:\\\/\\\/toidupakk.ee\\\/pl\\\/#organization\"},\"potentialAction\":[{\"@type\":\"SearchAction\",\"target\":{\"@type\":\"EntryPoint\",\"urlTemplate\":\"https:\\\/\\\/toidupakk.ee\\\/pl\\\/?s={search_term_string}\"},\"query-input\":{\"@type\":\"PropertyValueSpecification\",\"valueRequired\":true,\"valueName\":\"search_term_string\"}}],\"inLanguage\":\"pl-PL\"},{\"@type\":\"Organization\",\"@id\":\"https:\\\/\\\/toidupakk.ee\\\/pl\\\/#organization\",\"name\":\"Tactical Foodpack matkaeined\",\"url\":\"https:\\\/\\\/toidupakk.ee\\\/pl\\\/\",\"logo\":{\"@type\":\"ImageObject\",\"inLanguage\":\"pl-PL\",\"@id\":\"https:\\\/\\\/toidupakk.ee\\\/pl\\\/#\\\/schema\\\/logo\\\/image\\\/\",\"url\":\"https:\\\/\\\/toidupakk.ee\\\/wp-content\\\/uploads\\\/2022\\\/01\\\/Toidupakk-matkapood-logo-transparent.png\",\"contentUrl\":\"https:\\\/\\\/toidupakk.ee\\\/wp-content\\\/uploads\\\/2022\\\/01\\\/Toidupakk-matkapood-logo-transparent.png\",\"width\":500,\"height\":500,\"caption\":\"Tactical Foodpack matkaeined\"},\"image\":{\"@id\":\"https:\\\/\\\/toidupakk.ee\\\/pl\\\/#\\\/schema\\\/logo\\\/image\\\/\"},\"sameAs\":[\"https:\\\/\\\/www.facebook.com\\\/Toidupakk\",\"https:\\\/\\\/www.instagram.com\\\/toidupakk\\\/\"]}]}<\/script>\n<!-- \/ Yoast SEO plugin. -->","yoast_head_json":{"title":"Krople do uzdatniania wody Katadyn MF 1000F (100 ml)","description":"Krople do uzdatniania wody Katadyn MF 1000F oczyszczaj\u0105 wod\u0119 z bakterii i wirus\u00f3w w 30 minut i pozwalaj\u0105 zachowa\u0107 jej \u015bwie\u017co\u015b\u0107 do 6 miesi\u0119cy. 1000 l czystej wody pitnej.","robots":{"index":"index","follow":"follow","max-snippet":"max-snippet:-1","max-image-preview":"max-image-preview:large","max-video-preview":"max-video-preview:-1"},"canonical":"https:\/\/toidupakk.ee\/pl\/toode\/krople-do-uzdatniania-wody-katadyn-mf-1000f-100-ml\/","og_locale":"pl_PL","og_type":"article","og_title":"Krople do uzdatniania wody Katadyn MF 1000F (100 ml)","og_description":"Krople do uzdatniania wody Katadyn MF 1000F oczyszczaj\u0105 wod\u0119 z bakterii i wirus\u00f3w w 30 minut i pozwalaj\u0105 zachowa\u0107 jej \u015bwie\u017co\u015b\u0107 do 6 miesi\u0119cy. 1000 l czystej wody pitnej.","og_url":"https:\/\/toidupakk.ee\/pl\/toode\/krople-do-uzdatniania-wody-katadyn-mf-1000f-100-ml\/","og_site_name":"Toidupakk.ee - Tactical Foodpack toidupakid","article_publisher":"https:\/\/www.facebook.com\/Toidupakk","article_modified_time":"2026-04-21T08:31:34+00:00","og_image":[{"width":800,"height":800,"url":"https:\/\/toidupakk.ee\/wp-content\/uploads\/2025\/07\/MF1000F.png","type":"image\/png"}],"twitter_card":"summary_large_image","twitter_misc":{"Szacowany czas czytania":"1 minuta"},"schema":{"@context":"https:\/\/schema.org","@graph":[{"@type":"WebPage","@id":"https:\/\/toidupakk.ee\/pl\/toode\/krople-do-uzdatniania-wody-katadyn-mf-1000f-100-ml\/","url":"https:\/\/toidupakk.ee\/pl\/toode\/krople-do-uzdatniania-wody-katadyn-mf-1000f-100-ml\/","name":"Krople do uzdatniania wody Katadyn MF 1000F (100 ml)","isPartOf":{"@id":"https:\/\/toidupakk.ee\/pl\/#website"},"primaryImageOfPage":{"@id":"https:\/\/toidupakk.ee\/pl\/toode\/krople-do-uzdatniania-wody-katadyn-mf-1000f-100-ml\/#primaryimage"},"image":{"@id":"https:\/\/toidupakk.ee\/pl\/toode\/krople-do-uzdatniania-wody-katadyn-mf-1000f-100-ml\/#primaryimage"},"thumbnailUrl":"https:\/\/toidupakk.ee\/wp-content\/uploads\/2025\/07\/MF1000F.png","datePublished":"2025-07-30T08:51:39+00:00","dateModified":"2026-04-21T08:31:34+00:00","description":"Krople do uzdatniania wody Katadyn MF 1000F oczyszczaj\u0105 wod\u0119 z bakterii i wirus\u00f3w w 30 minut i pozwalaj\u0105 zachowa\u0107 jej \u015bwie\u017co\u015b\u0107 do 6 miesi\u0119cy. 1000 l czystej wody pitnej.","breadcrumb":{"@id":"https:\/\/toidupakk.ee\/pl\/toode\/krople-do-uzdatniania-wody-katadyn-mf-1000f-100-ml\/#breadcrumb"},"inLanguage":"pl-PL","potentialAction":[{"@type":"ReadAction","target":["https:\/\/toidupakk.ee\/pl\/toode\/krople-do-uzdatniania-wody-katadyn-mf-1000f-100-ml\/"]}]},{"@type":"ImageObject","inLanguage":"pl-PL","@id":"https:\/\/toidupakk.ee\/pl\/toode\/krople-do-uzdatniania-wody-katadyn-mf-1000f-100-ml\/#primaryimage","url":"https:\/\/toidupakk.ee\/wp-content\/uploads\/2025\/07\/MF1000F.png","contentUrl":"https:\/\/toidupakk.ee\/wp-content\/uploads\/2025\/07\/MF1000F.png","width":800,"height":800,"caption":"veepuhastustilgad"},{"@type":"BreadcrumbList","@id":"https:\/\/toidupakk.ee\/pl\/toode\/krople-do-uzdatniania-wody-katadyn-mf-1000f-100-ml\/#breadcrumb","itemListElement":[{"@type":"ListItem","position":1,"name":"Avaleht","item":"https:\/\/toidupakk.ee\/pl\/"},{"@type":"ListItem","position":2,"name":"Sklep internetowy","item":"https:\/\/toidupakk.ee\/pl\/sklep-internetowy\/"},{"@type":"ListItem","position":3,"name":"Krople do uzdatniania wody Katadyn MF 1000F (100 ml)"}]},{"@type":"WebSite","@id":"https:\/\/toidupakk.ee\/pl\/#website","url":"https:\/\/toidupakk.ee\/pl\/","name":"Toidupakk.ee - Tactical Foodpack toidupakid","description":"Tactical Foodpack k\u00fclmkuivatatud toidupakid ja matkaeined","publisher":{"@id":"https:\/\/toidupakk.ee\/pl\/#organization"},"potentialAction":[{"@type":"SearchAction","target":{"@type":"EntryPoint","urlTemplate":"https:\/\/toidupakk.ee\/pl\/?s={search_term_string}"},"query-input":{"@type":"PropertyValueSpecification","valueRequired":true,"valueName":"search_term_string"}}],"inLanguage":"pl-PL"},{"@type":"Organization","@id":"https:\/\/toidupakk.ee\/pl\/#organization","name":"Tactical Foodpack matkaeined","url":"https:\/\/toidupakk.ee\/pl\/","logo":{"@type":"ImageObject","inLanguage":"pl-PL","@id":"https:\/\/toidupakk.ee\/pl\/#\/schema\/logo\/image\/","url":"https:\/\/toidupakk.ee\/wp-content\/uploads\/2022\/01\/Toidupakk-matkapood-logo-transparent.png","contentUrl":"https:\/\/toidupakk.ee\/wp-content\/uploads\/2022\/01\/Toidupakk-matkapood-logo-transparent.png","width":500,"height":500,"caption":"Tactical Foodpack matkaeined"},"image":{"@id":"https:\/\/toidupakk.ee\/pl\/#\/schema\/logo\/image\/"},"sameAs":["https:\/\/www.facebook.com\/Toidupakk","https:\/\/www.instagram.com\/toidupakk\/"]}]}},"jetpack_sharing_enabled":true,"_links":{"self":[{"href":"https:\/\/toidupakk.ee\/pl\/wp-json\/wp\/v2\/product\/49677","targetHints":{"allow":["GET"]}}],"collection":[{"href":"https:\/\/toidupakk.ee\/pl\/wp-json\/wp\/v2\/product"}],"about":[{"href":"https:\/\/toidupakk.ee\/pl\/wp-json\/wp\/v2\/types\/product"}],"replies":[{"embeddable":true,"href":"https:\/\/toidupakk.ee\/pl\/wp-json\/wp\/v2\/comments?post=49677"}],"wp:featuredmedia":[{"embeddable":true,"href":"https:\/\/toidupakk.ee\/pl\/wp-json\/wp\/v2\/media\/37576"}],"wp:attachment":[{"href":"https:\/\/toidupakk.ee\/pl\/wp-json\/wp\/v2\/media?parent=49677"}],"wp:term":[{"taxonomy":"product_brand","embeddable":true,"href":"https:\/\/toidupakk.ee\/pl\/wp-json\/wp\/v2\/product_brand?post=49677"},{"taxonomy":"product_cat","embeddable":true,"href":"https:\/\/toidupakk.ee\/pl\/wp-json\/wp\/v2\/product_cat?post=49677"},{"taxonomy":"product_tag","embeddable":true,"href":"https:\/\/toidupakk.ee\/pl\/wp-json\/wp\/v2\/product_tag?post=49677"}],"curies":[{"name":"wp","href":"https:\/\/api.w.org\/{rel}","templated":true}]}}