{"id":49654,"date":"2025-10-06T13:31:50","date_gmt":"2025-10-06T10:31:50","guid":{"rendered":"https:\/\/toidupakk.ee\/toode\/zapas-jedzenia-na-caly-tydzien-food-force\/"},"modified":"2026-05-14T08:31:17","modified_gmt":"2026-05-14T05:31:17","slug":"zapas-jedzenia-na-caly-tydzien-food-force","status":"publish","type":"product","link":"https:\/\/toidupakk.ee\/pl\/toode\/zapas-jedzenia-na-caly-tydzien-food-force\/","title":{"rendered":"Zapas jedzenia na ca\u0142y tydzie\u0144 FOOD FORCE"},"content":{"rendered":"<h2><strong data-start=\"205\" data-end=\"254\">W jakim celu powsta\u0142 zapas jedzenia na ca\u0142y tydzie\u0144 FOOD FORCE?<\/strong><\/h2>\n<p><br data-start=\"254\" data-end=\"257\">Zapas jedzenia na ca\u0142y tydzie\u0144 FOOD FORCE zosta\u0142 stworzony, aby zapewni\u0107 ci pe\u0142nowarto\u015bciowe posi\u0142ki nawet wtedy, gdy przygotowanie jedzenia ze \u015bwie\u017cych produkt\u00f3w jest niemo\u017cliwe. To idealne rozwi\u0105zanie na sytuacje awaryjne, wyprawy, rejsy lub po prostu jako zapas na wypadek, gdy potrzebujesz szybko po\u017cywnego i smacznego posi\u0142ku. Zestaw zawiera tygodniowy zapas jedzenia dla jednej osoby \u2013 7 \u015bniada\u0144 i 14 da\u0144 g\u0142\u00f3wnych.  <\/p>\n<p data-start=\"634\" data-end=\"941\">Warto\u015b\u0107 od\u017cywcza zestawu: energia <strong data-start=\"667\" data-end=\"682\">11 426 kcal<\/strong>, t\u0142uszcze <strong data-start=\"690\" data-end=\"701\">280,1 g<\/strong>, w\u0119glowodany <strong data-start=\"716\" data-end=\"728\">1820,4 g<\/strong>, bia\u0142ko <strong data-start=\"736\" data-end=\"747\">332,1 g<\/strong>.<br data-start=\"845\" data-end=\"848\">Dok\u0142adna lista sk\u0142adnik\u00f3w i informacje o warto\u015bciach od\u017cywczych znajduj\u0105 si\u0119 na opakowaniach poszczeg\u00f3lnych produkt\u00f3w.<\/p>\n<p data-start=\"634\" data-end=\"941\"><img fetchpriority=\"high\" decoding=\"async\" class=\"alignnone wp-image-39657 size-thumbnail\" src=\"https:\/\/toidupakk.ee\/wp-content\/uploads\/2025\/10\/2-500x500.png\" alt=\"Zapas jedzenia na ca\u0142y tydzie\u0144 FOOD FORCE \u2013 pe\u0142nowarto\u015bciowy zapas \u017cywno\u015bci na 7 dni. Wysoka kaloryczno\u015b\u0107, 21 da\u0144 i \u0142atwe przygotowanie w ka\u017cdych warunkach.\" width=\"500\" height=\"500\" srcset=\"https:\/\/toidupakk.ee\/wp-content\/uploads\/2025\/10\/2-500x500.png 500w, https:\/\/toidupakk.ee\/wp-content\/uploads\/2025\/10\/2-300x300.png 300w, https:\/\/toidupakk.ee\/wp-content\/uploads\/2025\/10\/2-768x768.png 768w, https:\/\/toidupakk.ee\/wp-content\/uploads\/2025\/10\/2-400x400.png 400w, https:\/\/toidupakk.ee\/wp-content\/uploads\/2025\/10\/2-100x100.png 100w, https:\/\/toidupakk.ee\/wp-content\/uploads\/2025\/10\/2.png 800w\" sizes=\"(max-width: 500px) 100vw, 500px\" \/><\/p>\n<h2>Tygodniowy zestaw zapas\u00f3w \u017cywno\u015bci zawiera do\u015b\u0107 zr\u00f3\u017cnicowane menu. Co znajdziesz w zestawie? <\/h2>\n<h2>Zapas jedzenia na ca\u0142y tydzie\u0144 FOOD FORCE<\/h2>\n<p data-start=\"1177\" data-end=\"1404\"><strong data-start=\"1177\" data-end=\"1187\">Dzie\u0144 1<\/strong><br data-start=\"1187\" data-end=\"1190\">Zacznij dzie\u0144 od kremowej i rozgrzewaj\u0105cej owsianki waniliowej. Na obiad czeka na ciebie po\u017cywny makaron z kurczakiem, kt\u00f3ry utrzyma poziom energii na stabilnym poziomie. Wieczorem mo\u017cesz delektowa\u0107 si\u0119 pe\u0142nym smaku ry\u017cem z kurczakiem po tajsku \u2013 idealny spos\u00f3b na zako\u0144czenie dnia.  <\/p>\n<p data-start=\"1406\" data-end=\"1626\"><strong data-start=\"1406\" data-end=\"1416\">Dzie\u0144 2<\/strong><br data-start=\"1416\" data-end=\"1419\">Na rano \u015bwie\u017ce i smaczne musli truskawkowe, kt\u00f3re doda si\u0142 na ca\u0142y dzie\u0144. Na obiad klasyczny makaron bolognese z bogatym sosem pomidorowym. Na kolacj\u0119 sma\u017cony ry\u017c z kurczakiem \u2013 prosty i zawsze smaczny wyb\u00f3r.  <\/p>\n<p data-start=\"1628\" data-end=\"1822\"><strong data-start=\"1628\" data-end=\"1638\">Dzie\u0144 3<\/strong><br data-start=\"1638\" data-end=\"1641\">Zacznij dzie\u0144 od przytulnej owsianki jab\u0142kowo-cynamonowej. Na obiad czeka na ciebie bogaty makaron carbonara, kt\u00f3ry przeniesie w\u0142oskie smaki prosto na tw\u00f3j st\u00f3\u0142. Na kolacj\u0119 ciep\u0142y i domowy gulasz ziemniaczany z wo\u0142owin\u0105.  <\/p>\n<p data-start=\"1824\" data-end=\"1998\"><strong data-start=\"1824\" data-end=\"1834\">Dzie\u0144 4<\/strong><br data-start=\"1834\" data-end=\"1837\">Na rozpocz\u0119cie dnia znajoma owsianka waniliowa, po kt\u00f3rej na obiad zjesz smaczny sma\u017cony ry\u017c z kurczakiem. Na kolacj\u0119 czeka pikantny i pe\u0142en smaku gulasz po meksyka\u0144sku z ry\u017cem. <\/p>\n<p data-start=\"2000\" data-end=\"2156\"><strong data-start=\"2000\" data-end=\"2010\">Dzie\u0144 5<\/strong><br data-start=\"2010\" data-end=\"2013\">Na rano lekkie i dodaj\u0105ce energii musli truskawkowe. Na obiad domowy gulasz wo\u0142owy z ziemniakami. Na kolacj\u0119 ponownie prosty i po\u017cywny makaron z kurczakiem.  <\/p>\n<p data-start=\"2158\" data-end=\"2308\"><strong data-start=\"2158\" data-end=\"2168\">Dzie\u0144 6<\/strong><br data-start=\"2168\" data-end=\"2171\">Zacznij dzie\u0144 od \u015bwie\u017cego musli owocowego. Na obiad pikantny gulasz po meksyka\u0144sku z ry\u017cem. Na kolacj\u0119 klasyczny i uwielbiany makaron bolognese.  <\/p>\n<p data-start=\"2310\" data-end=\"2472\"><strong data-start=\"2310\" data-end=\"2320\">Dzie\u0144 7<\/strong><br data-start=\"2320\" data-end=\"2323\">Na rano owsianka jab\u0142kowo-cynamonowa. Na obiad domowy gulasz ziemniaczany z wo\u0142owin\u0105. Na kolacj\u0119 ry\u017c z kurczakiem po tajsku \u2013 idealny spos\u00f3b na zako\u0144czenie tygodnia.  <\/p>\n<h3 data-start=\"2479\" data-end=\"2507\">Co zawiera zestaw?<\/h3>\n<p data-start=\"2509\" data-end=\"2652\">Zapas jedzenia na ca\u0142y tydzie\u0144 FOOD FORCE zawiera starannie dobrane i zbilansowane posi\u0142ki, kt\u00f3re zaspokoj\u0105 wszystkie twoje potrzeby w ci\u0105gu 7 dni. W sk\u0142ad zestawu wchodz\u0105: <\/p>\n<ul>\n<li>2x musli z truskawkami<\/li>\n<li>2x owsianka waniliowa<\/li>\n<li>2x owsianka jab\u0142kowo-cynamonowa<\/li>\n<li>1x musli z owocami<\/li>\n<li>2x makaron z kurczakiem<\/li>\n<li>2x gulasz ziemniaczany z wo\u0142owin\u0105<\/li>\n<li>2x gulasz po meksyka\u0144sku z ry\u017cem<\/li>\n<li>2x makaron bolognese<\/li>\n<li>2x sma\u017cony ry\u017c z kurczakiem<\/li>\n<li>2x ry\u017c z kurczakiem po tajsku<\/li>\n<li>1x makaron carbonara<\/li>\n<li>1x gulasz wo\u0142owy z ziemniakami<\/li>\n<\/ul>\n<p>Ten zestaw z 21 posi\u0142kami oferuje r\u00f3\u017cnorodne smaki, b\u0119d\u0105c praktycznym wyborem zar\u00f3wno w sytuacjach kryzysowych, jak i podczas wypraw czy innych aktywno\u015bci na \u015bwie\u017cym powietrzu. Zawsze masz w zapasie po\u017cywny i smaczny posi\u0142ek, aby utrzyma\u0107 cia\u0142o i umys\u0142 w r\u00f3wnowadze. <\/p>\n<p>Zajrzyj po inspiracj\u0119 r\u00f3wnie\u017c do Toidupakk<\/p>\n<p>Zobacz wi\u0119cej sprz\u0119tu turystycznego <a href=\"https:\/\/toidupakk.ee\/pl\/tootekategooria\/sprzet-turystyczny\/#section-3-79\">TUTAJ<\/a><\/p>\n<p>Znajd\u017a inspiracj\u0119 na kolejne przygody na <a href=\"https:\/\/www.instagram.com\/toidupakk\/\">Instagramie<\/a> i <a href=\"https:\/\/www.facebook.com\/Toidupakk\/\">Facebooku<\/a> Toidupakk.<\/p>\n","protected":false},"excerpt":{"rendered":"<p><strong>Zapas jedzenia na ca\u0142y tydzie\u0144 FOOD FORCE to gotowe rozwi\u0105zanie na tydzie\u0144 \u2013 7 \u015bniada\u0144 i 14 syc\u0105cych da\u0144 g\u0142\u00f3wnych, \u0142\u0105cznie 21 pe\u0142nowarto\u015bciowych opakowa\u0144 posi\u0142k\u00f3w.<\/strong><\/p>\n<ul>\n<li>Tygodniowy zestaw zapas\u00f3w \u017cywno\u015bci <strong>zawiera 21 posi\u0142k\u00f3w<\/strong> \u2013 ca\u0142y tygodniowy zapas jedzenia dla jednej osoby<\/li>\n<li>Do przygotowania da\u0144 g\u0142\u00f3wnych u\u017cywa si\u0119 gor\u0105cej wody<\/li>\n<li>Waga netto: 2,9 kg<\/li>\n<li><strong>Najlepiej spo\u017cy\u0107 przed: 5 lat od daty produkcji<\/strong><\/li>\n<\/ul>\n<p><strong>Tygodniowy pakiet \u017cywno\u015bciowy (21 da\u0144) zawiera<\/strong>: 2x makaron z kurczakiem, 2x gulasz ziemniaczany z wo\u0142owin\u0105, 2x gulasz po meksyka\u0144sku z ry\u017cem, 2x makaron bolognese, 2x sma\u017cony ry\u017c z kurczakiem, 2x ry\u017c z kurczakiem po tajsku, 1x makaron carbonara, 1x gulasz wo\u0142owy z ziemniakami, 2x musli z truskawkami, 2x owsianka waniliowa, 2x owsianka jab\u0142kowo-cynamonowa, 1x musli z owocami, <strong>Tygodniowy pakiet \u017cywno\u015bciowy (21 da\u0144)<\/strong><\/p>\n<p> <strong> warto\u015b\u0107 od\u017cywcza:<\/strong> energia 11 426 kcal, t\u0142uszcze 280,1 g, w\u0119glowodany 1820,4 g, bia\u0142ko 332,1 g.<\/p>\n<p>Dok\u0142adna lista sk\u0142adnik\u00f3w i informacje o warto\u015bciach od\u017cywczych znajduj\u0105 si\u0119 na opakowaniach poszczeg\u00f3lnych produkt\u00f3w.<\/p>\n<p>\u2705 Dost\u0119pne w magazynie, szybka dostawa 1-3 dni robocze<br \/>\n\u2705 Darmowa wysy\u0142ka do paczkomatu<br \/>\n\u2705 Kup teraz, zap\u0142a\u0107 p\u00f3\u017aniej (RRSO 0%)<\/p>\n","protected":false},"featured_media":54659,"comment_status":"open","ping_status":"closed","template":"","meta":{"_acf_changed":false},"product_brand":[],"product_cat":[303,345,347,344,311,301,343,346,336],"product_tag":[],"class_list":{"0":"post-49654","1":"product","2":"type-product","3":"status-publish","4":"has-post-thumbnail","6":"product_cat-akcesoria-turystyczne","7":"product_cat-badz-gotow-zapasy-kryzysowe","8":"product_cat-duze-zestawy-zapasow-zywnosci","9":"product_cat-paki-suchej-zywnosci-food-force","10":"product_cat-praktyczne-pomysly-na-prezent","11":"product_cat-sprzet-turystyczny","12":"product_cat-tygodniowe-zestawy-zapasow-zywnosci","13":"product_cat-tygodniowy-zapas-jedzenia-food-force","14":"product_cat-zywnosc-turystyczna","16":"first","17":"onbackorder","18":"sale","19":"taxable","20":"shipping-taxable","21":"purchasable","22":"product-type-simple"},"bundled_by":[],"bundle_stock_status":"onbackorder","bundle_stock_quantity":-20,"bundle_virtual":false,"bundle_layout":"","bundle_add_to_cart_form_location":"","bundle_editable_in_cart":false,"bundle_sold_individually_context":"","bundle_item_grouping":"","bundle_min_size":"","bundle_max_size":"","bundle_price":[],"bundled_items":[],"bundle_sell_ids":[],"acf":[],"yoast_head":"<!-- This site is optimized with the Yoast SEO plugin v27.3 - https:\/\/yoast.com\/product\/yoast-seo-wordpress\/ -->\n<title>Zapas jedzenia na ca\u0142y tydzie\u0144 FOOD FORCE<\/title>\n<meta name=\"description\" content=\"Zapas jedzenia na ca\u0142y tydzie\u0144 FOOD FORCE \u2013 pe\u0142nowarto\u015bciowy zapas \u017cywno\u015bci na 7 dni. Wysoka kaloryczno\u015b\u0107, 21 da\u0144 i \u0142atwe przygotowanie w ka\u017cdych warunkach.\" \/>\n<meta name=\"robots\" content=\"index, follow, max-snippet:-1, max-image-preview:large, max-video-preview:-1\" \/>\n<link rel=\"canonical\" href=\"https:\/\/toidupakk.ee\/pl\/toode\/zapas-jedzenia-na-caly-tydzien-food-force\/\" \/>\n<meta property=\"og:locale\" content=\"pl_PL\" \/>\n<meta property=\"og:type\" content=\"article\" \/>\n<meta property=\"og:title\" content=\"Zapas jedzenia na ca\u0142y tydzie\u0144 FOOD FORCE\" \/>\n<meta property=\"og:description\" content=\"Zapas jedzenia na ca\u0142y tydzie\u0144 FOOD FORCE \u2013 pe\u0142nowarto\u015bciowy zapas \u017cywno\u015bci na 7 dni. Wysoka kaloryczno\u015b\u0107, 21 da\u0144 i \u0142atwe przygotowanie w ka\u017cdych warunkach.\" \/>\n<meta property=\"og:url\" content=\"https:\/\/toidupakk.ee\/pl\/toode\/zapas-jedzenia-na-caly-tydzien-food-force\/\" \/>\n<meta property=\"og:site_name\" content=\"Toidupakk.ee - Tactical Foodpack toidupakid\" \/>\n<meta property=\"article:publisher\" content=\"https:\/\/www.facebook.com\/Toidupakk\" \/>\n<meta property=\"article:modified_time\" content=\"2026-05-14T05:31:17+00:00\" \/>\n<meta property=\"og:image\" content=\"https:\/\/toidupakk.ee\/wp-content\/uploads\/2025\/10\/nadala-toiduvaru-foodforce-kast.webp\" \/>\n\t<meta property=\"og:image:width\" content=\"1680\" \/>\n\t<meta property=\"og:image:height\" content=\"1680\" \/>\n\t<meta property=\"og:image:type\" content=\"image\/webp\" \/>\n<meta name=\"twitter:card\" content=\"summary_large_image\" \/>\n<meta name=\"twitter:label1\" content=\"Szacowany czas czytania\" \/>\n\t<meta name=\"twitter:data1\" content=\"3 minuty\" \/>\n<script type=\"application\/ld+json\" class=\"yoast-schema-graph\">{\"@context\":\"https:\\\/\\\/schema.org\",\"@graph\":[{\"@type\":\"WebPage\",\"@id\":\"https:\\\/\\\/toidupakk.ee\\\/pl\\\/toode\\\/zapas-jedzenia-na-caly-tydzien-food-force\\\/\",\"url\":\"https:\\\/\\\/toidupakk.ee\\\/pl\\\/toode\\\/zapas-jedzenia-na-caly-tydzien-food-force\\\/\",\"name\":\"Zapas jedzenia na ca\u0142y tydzie\u0144 FOOD FORCE\",\"isPartOf\":{\"@id\":\"https:\\\/\\\/toidupakk.ee\\\/pl\\\/#website\"},\"primaryImageOfPage\":{\"@id\":\"https:\\\/\\\/toidupakk.ee\\\/pl\\\/toode\\\/zapas-jedzenia-na-caly-tydzien-food-force\\\/#primaryimage\"},\"image\":{\"@id\":\"https:\\\/\\\/toidupakk.ee\\\/pl\\\/toode\\\/zapas-jedzenia-na-caly-tydzien-food-force\\\/#primaryimage\"},\"thumbnailUrl\":\"https:\\\/\\\/toidupakk.ee\\\/wp-content\\\/uploads\\\/2025\\\/10\\\/nadala-toiduvaru-foodforce-kast.webp\",\"datePublished\":\"2025-10-06T10:31:50+00:00\",\"dateModified\":\"2026-05-14T05:31:17+00:00\",\"description\":\"Zapas jedzenia na ca\u0142y tydzie\u0144 FOOD FORCE \u2013 pe\u0142nowarto\u015bciowy zapas \u017cywno\u015bci na 7 dni. Wysoka kaloryczno\u015b\u0107, 21 da\u0144 i \u0142atwe przygotowanie w ka\u017cdych warunkach.\",\"breadcrumb\":{\"@id\":\"https:\\\/\\\/toidupakk.ee\\\/pl\\\/toode\\\/zapas-jedzenia-na-caly-tydzien-food-force\\\/#breadcrumb\"},\"inLanguage\":\"pl-PL\",\"potentialAction\":[{\"@type\":\"ReadAction\",\"target\":[\"https:\\\/\\\/toidupakk.ee\\\/pl\\\/toode\\\/zapas-jedzenia-na-caly-tydzien-food-force\\\/\"]}]},{\"@type\":\"ImageObject\",\"inLanguage\":\"pl-PL\",\"@id\":\"https:\\\/\\\/toidupakk.ee\\\/pl\\\/toode\\\/zapas-jedzenia-na-caly-tydzien-food-force\\\/#primaryimage\",\"url\":\"https:\\\/\\\/toidupakk.ee\\\/wp-content\\\/uploads\\\/2025\\\/10\\\/nadala-toiduvaru-foodforce-kast.webp\",\"contentUrl\":\"https:\\\/\\\/toidupakk.ee\\\/wp-content\\\/uploads\\\/2025\\\/10\\\/nadala-toiduvaru-foodforce-kast.webp\",\"width\":1680,\"height\":1680},{\"@type\":\"BreadcrumbList\",\"@id\":\"https:\\\/\\\/toidupakk.ee\\\/pl\\\/toode\\\/zapas-jedzenia-na-caly-tydzien-food-force\\\/#breadcrumb\",\"itemListElement\":[{\"@type\":\"ListItem\",\"position\":1,\"name\":\"Avaleht\",\"item\":\"https:\\\/\\\/toidupakk.ee\\\/pl\\\/\"},{\"@type\":\"ListItem\",\"position\":2,\"name\":\"Sklep internetowy\",\"item\":\"https:\\\/\\\/toidupakk.ee\\\/pl\\\/sklep-internetowy\\\/\"},{\"@type\":\"ListItem\",\"position\":3,\"name\":\"Zapas jedzenia na ca\u0142y tydzie\u0144 FOOD FORCE\"}]},{\"@type\":\"WebSite\",\"@id\":\"https:\\\/\\\/toidupakk.ee\\\/pl\\\/#website\",\"url\":\"https:\\\/\\\/toidupakk.ee\\\/pl\\\/\",\"name\":\"Toidupakk.ee - Tactical Foodpack toidupakid\",\"description\":\"Tactical Foodpack k\u00fclmkuivatatud toidupakid ja matkaeined\",\"publisher\":{\"@id\":\"https:\\\/\\\/toidupakk.ee\\\/pl\\\/#organization\"},\"potentialAction\":[{\"@type\":\"SearchAction\",\"target\":{\"@type\":\"EntryPoint\",\"urlTemplate\":\"https:\\\/\\\/toidupakk.ee\\\/pl\\\/?s={search_term_string}\"},\"query-input\":{\"@type\":\"PropertyValueSpecification\",\"valueRequired\":true,\"valueName\":\"search_term_string\"}}],\"inLanguage\":\"pl-PL\"},{\"@type\":\"Organization\",\"@id\":\"https:\\\/\\\/toidupakk.ee\\\/pl\\\/#organization\",\"name\":\"Tactical Foodpack matkaeined\",\"url\":\"https:\\\/\\\/toidupakk.ee\\\/pl\\\/\",\"logo\":{\"@type\":\"ImageObject\",\"inLanguage\":\"pl-PL\",\"@id\":\"https:\\\/\\\/toidupakk.ee\\\/pl\\\/#\\\/schema\\\/logo\\\/image\\\/\",\"url\":\"https:\\\/\\\/toidupakk.ee\\\/wp-content\\\/uploads\\\/2022\\\/01\\\/Toidupakk-matkapood-logo-transparent.png\",\"contentUrl\":\"https:\\\/\\\/toidupakk.ee\\\/wp-content\\\/uploads\\\/2022\\\/01\\\/Toidupakk-matkapood-logo-transparent.png\",\"width\":500,\"height\":500,\"caption\":\"Tactical Foodpack matkaeined\"},\"image\":{\"@id\":\"https:\\\/\\\/toidupakk.ee\\\/pl\\\/#\\\/schema\\\/logo\\\/image\\\/\"},\"sameAs\":[\"https:\\\/\\\/www.facebook.com\\\/Toidupakk\",\"https:\\\/\\\/www.instagram.com\\\/toidupakk\\\/\"]}]}<\/script>\n<!-- \/ Yoast SEO plugin. -->","yoast_head_json":{"title":"Zapas jedzenia na ca\u0142y tydzie\u0144 FOOD FORCE","description":"Zapas jedzenia na ca\u0142y tydzie\u0144 FOOD FORCE \u2013 pe\u0142nowarto\u015bciowy zapas \u017cywno\u015bci na 7 dni. Wysoka kaloryczno\u015b\u0107, 21 da\u0144 i \u0142atwe przygotowanie w ka\u017cdych warunkach.","robots":{"index":"index","follow":"follow","max-snippet":"max-snippet:-1","max-image-preview":"max-image-preview:large","max-video-preview":"max-video-preview:-1"},"canonical":"https:\/\/toidupakk.ee\/pl\/toode\/zapas-jedzenia-na-caly-tydzien-food-force\/","og_locale":"pl_PL","og_type":"article","og_title":"Zapas jedzenia na ca\u0142y tydzie\u0144 FOOD FORCE","og_description":"Zapas jedzenia na ca\u0142y tydzie\u0144 FOOD FORCE \u2013 pe\u0142nowarto\u015bciowy zapas \u017cywno\u015bci na 7 dni. Wysoka kaloryczno\u015b\u0107, 21 da\u0144 i \u0142atwe przygotowanie w ka\u017cdych warunkach.","og_url":"https:\/\/toidupakk.ee\/pl\/toode\/zapas-jedzenia-na-caly-tydzien-food-force\/","og_site_name":"Toidupakk.ee - Tactical Foodpack toidupakid","article_publisher":"https:\/\/www.facebook.com\/Toidupakk","article_modified_time":"2026-05-14T05:31:17+00:00","og_image":[{"width":1680,"height":1680,"url":"https:\/\/toidupakk.ee\/wp-content\/uploads\/2025\/10\/nadala-toiduvaru-foodforce-kast.webp","type":"image\/webp"}],"twitter_card":"summary_large_image","twitter_misc":{"Szacowany czas czytania":"3 minuty"},"schema":{"@context":"https:\/\/schema.org","@graph":[{"@type":"WebPage","@id":"https:\/\/toidupakk.ee\/pl\/toode\/zapas-jedzenia-na-caly-tydzien-food-force\/","url":"https:\/\/toidupakk.ee\/pl\/toode\/zapas-jedzenia-na-caly-tydzien-food-force\/","name":"Zapas jedzenia na ca\u0142y tydzie\u0144 FOOD FORCE","isPartOf":{"@id":"https:\/\/toidupakk.ee\/pl\/#website"},"primaryImageOfPage":{"@id":"https:\/\/toidupakk.ee\/pl\/toode\/zapas-jedzenia-na-caly-tydzien-food-force\/#primaryimage"},"image":{"@id":"https:\/\/toidupakk.ee\/pl\/toode\/zapas-jedzenia-na-caly-tydzien-food-force\/#primaryimage"},"thumbnailUrl":"https:\/\/toidupakk.ee\/wp-content\/uploads\/2025\/10\/nadala-toiduvaru-foodforce-kast.webp","datePublished":"2025-10-06T10:31:50+00:00","dateModified":"2026-05-14T05:31:17+00:00","description":"Zapas jedzenia na ca\u0142y tydzie\u0144 FOOD FORCE \u2013 pe\u0142nowarto\u015bciowy zapas \u017cywno\u015bci na 7 dni. Wysoka kaloryczno\u015b\u0107, 21 da\u0144 i \u0142atwe przygotowanie w ka\u017cdych warunkach.","breadcrumb":{"@id":"https:\/\/toidupakk.ee\/pl\/toode\/zapas-jedzenia-na-caly-tydzien-food-force\/#breadcrumb"},"inLanguage":"pl-PL","potentialAction":[{"@type":"ReadAction","target":["https:\/\/toidupakk.ee\/pl\/toode\/zapas-jedzenia-na-caly-tydzien-food-force\/"]}]},{"@type":"ImageObject","inLanguage":"pl-PL","@id":"https:\/\/toidupakk.ee\/pl\/toode\/zapas-jedzenia-na-caly-tydzien-food-force\/#primaryimage","url":"https:\/\/toidupakk.ee\/wp-content\/uploads\/2025\/10\/nadala-toiduvaru-foodforce-kast.webp","contentUrl":"https:\/\/toidupakk.ee\/wp-content\/uploads\/2025\/10\/nadala-toiduvaru-foodforce-kast.webp","width":1680,"height":1680},{"@type":"BreadcrumbList","@id":"https:\/\/toidupakk.ee\/pl\/toode\/zapas-jedzenia-na-caly-tydzien-food-force\/#breadcrumb","itemListElement":[{"@type":"ListItem","position":1,"name":"Avaleht","item":"https:\/\/toidupakk.ee\/pl\/"},{"@type":"ListItem","position":2,"name":"Sklep internetowy","item":"https:\/\/toidupakk.ee\/pl\/sklep-internetowy\/"},{"@type":"ListItem","position":3,"name":"Zapas jedzenia na ca\u0142y tydzie\u0144 FOOD FORCE"}]},{"@type":"WebSite","@id":"https:\/\/toidupakk.ee\/pl\/#website","url":"https:\/\/toidupakk.ee\/pl\/","name":"Toidupakk.ee - Tactical Foodpack toidupakid","description":"Tactical Foodpack k\u00fclmkuivatatud toidupakid ja matkaeined","publisher":{"@id":"https:\/\/toidupakk.ee\/pl\/#organization"},"potentialAction":[{"@type":"SearchAction","target":{"@type":"EntryPoint","urlTemplate":"https:\/\/toidupakk.ee\/pl\/?s={search_term_string}"},"query-input":{"@type":"PropertyValueSpecification","valueRequired":true,"valueName":"search_term_string"}}],"inLanguage":"pl-PL"},{"@type":"Organization","@id":"https:\/\/toidupakk.ee\/pl\/#organization","name":"Tactical Foodpack matkaeined","url":"https:\/\/toidupakk.ee\/pl\/","logo":{"@type":"ImageObject","inLanguage":"pl-PL","@id":"https:\/\/toidupakk.ee\/pl\/#\/schema\/logo\/image\/","url":"https:\/\/toidupakk.ee\/wp-content\/uploads\/2022\/01\/Toidupakk-matkapood-logo-transparent.png","contentUrl":"https:\/\/toidupakk.ee\/wp-content\/uploads\/2022\/01\/Toidupakk-matkapood-logo-transparent.png","width":500,"height":500,"caption":"Tactical Foodpack matkaeined"},"image":{"@id":"https:\/\/toidupakk.ee\/pl\/#\/schema\/logo\/image\/"},"sameAs":["https:\/\/www.facebook.com\/Toidupakk","https:\/\/www.instagram.com\/toidupakk\/"]}]}},"jetpack_sharing_enabled":true,"_links":{"self":[{"href":"https:\/\/toidupakk.ee\/pl\/wp-json\/wp\/v2\/product\/49654","targetHints":{"allow":["GET"]}}],"collection":[{"href":"https:\/\/toidupakk.ee\/pl\/wp-json\/wp\/v2\/product"}],"about":[{"href":"https:\/\/toidupakk.ee\/pl\/wp-json\/wp\/v2\/types\/product"}],"replies":[{"embeddable":true,"href":"https:\/\/toidupakk.ee\/pl\/wp-json\/wp\/v2\/comments?post=49654"}],"wp:featuredmedia":[{"embeddable":true,"href":"https:\/\/toidupakk.ee\/pl\/wp-json\/wp\/v2\/media\/54659"}],"wp:attachment":[{"href":"https:\/\/toidupakk.ee\/pl\/wp-json\/wp\/v2\/media?parent=49654"}],"wp:term":[{"taxonomy":"product_brand","embeddable":true,"href":"https:\/\/toidupakk.ee\/pl\/wp-json\/wp\/v2\/product_brand?post=49654"},{"taxonomy":"product_cat","embeddable":true,"href":"https:\/\/toidupakk.ee\/pl\/wp-json\/wp\/v2\/product_cat?post=49654"},{"taxonomy":"product_tag","embeddable":true,"href":"https:\/\/toidupakk.ee\/pl\/wp-json\/wp\/v2\/product_tag?post=49654"}],"curies":[{"name":"wp","href":"https:\/\/api.w.org\/{rel}","templated":true}]}}