{"id":49644,"date":"2025-08-08T17:13:11","date_gmt":"2025-08-08T14:13:11","guid":{"rendered":"https:\/\/toidupakk.ee\/toode\/spiwor-norfin-atlantis-comfort-plus-350r\/"},"modified":"2026-04-16T21:01:39","modified_gmt":"2026-04-16T18:01:39","slug":"spiwor-norfin-atlantis-comfort-plus-350r","status":"publish","type":"product","link":"https:\/\/toidupakk.ee\/pl\/toode\/spiwor-norfin-atlantis-comfort-plus-350r\/","title":{"rendered":"\u015apiw\u00f3r Norfin ATLANTIS COMFORT PLUS 350R"},"content":{"rendered":"<h2>\u015apiw\u00f3r Norfin ATLANTIS COMFORT PLUS 350R \u2013 wygodny i wytrzyma\u0142y \u015bpiw\u00f3r<\/h2>\n<p data-start=\"516\" data-end=\"900\">\u015apiw\u00f3r Norfin ATLANTIS COMFORT PLUS 350R to obszerny i wygodny model typu ko\u0142dra. Jego szeroko\u015b\u0107 wynosi 1 metr, co zapewnia maksymalny komfort i pozwala na za\u0142o\u017cenie grubszej warstwy odzie\u017cy w ch\u0142odniejszych warunkach. Ta cecha sprawia, \u017ce \u015bpiw\u00f3r jest idealny zar\u00f3wno na trekking, jak i kemping, gdzie potrzebujesz odpowiedniego ciep\u0142a i swobody ruch\u00f3w.  <img fetchpriority=\"high\" decoding=\"async\" class=\" wp-image-37837 alignright\" src=\"https:\/\/toidupakk.ee\/wp-content\/uploads\/2025\/07\/350R-4-300x300.png\" alt=\"\u015apiw\u00f3r 350R po spakowaniu\" width=\"480\" height=\"480\" srcset=\"https:\/\/toidupakk.ee\/wp-content\/uploads\/2025\/07\/350R-4-300x300.png 300w, https:\/\/toidupakk.ee\/wp-content\/uploads\/2025\/07\/350R-4-500x500.png 500w, https:\/\/toidupakk.ee\/wp-content\/uploads\/2025\/07\/350R-4-768x768.png 768w, https:\/\/toidupakk.ee\/wp-content\/uploads\/2025\/07\/350R-4-400x400.png 400w, https:\/\/toidupakk.ee\/wp-content\/uploads\/2025\/07\/350R-4-100x100.png 100w, https:\/\/toidupakk.ee\/wp-content\/uploads\/2025\/07\/350R-4.png 800w\" sizes=\"(max-width: 480px) 100vw, 480px\" \/><\/p>\n<p data-start=\"902\" data-end=\"1320\">Materia\u0142 zewn\u0119trzny \u015bpiwora Norfin ATLANTIS COMFORT PLUS 350R to wytrzyma\u0142y Polyester 210T Diamond RipStop, kt\u00f3ry zapewnia dobr\u0105 ochron\u0119 przed zu\u017cyciem i wilgoci\u0105. Wn\u0119trze wy\u0142o\u017cono mi\u0119kk\u0105 i oddychaj\u0105c\u0105 bawe\u0142n\u0105, co sprawia, \u017ce sen jest przyjemny nawet w cieplejsze noce. Izolacj\u0119 stanowi wysokiej jako\u015bci w\u0142\u00f3kno Hollow Fiber o gramaturze 350 g\/m\u00b2, kt\u00f3re utrzymuje ciep\u0142o nawet w wilgotnych warunkach i zapewnia dobr\u0105 termoizolacj\u0119.  <\/p>\n<p data-start=\"1322\" data-end=\"1752\">\u015apiw\u00f3r posiada zamek b\u0142yskawiczny po prawej stronie z listw\u0105 termiczn\u0105 zapobiegaj\u0105c\u0105 wcinaniu si\u0119 materia\u0142u w suwak. Anatomiczny kaptur chroni g\u0142ow\u0119 przed zimnem, a ko\u0142nierz termiczny ogranicza ucieczk\u0119 ciep\u0142a. Specjalna strefa poduszki z dwoma wej\u015bciami pozwala na wygodne korzystanie z w\u0142asnej poduszki. Dodatkowo \u015bpiw\u00f3r posiada praktyczn\u0105 kiesze\u0144 wewn\u0119trzn\u0105 na drobiazgi. Dwa \u015bpiwory mo\u017cna po\u0142\u0105czy\u0107, tworz\u0105c wi\u0119ksz\u0105 przestrze\u0144 do spania dla dw\u00f3ch os\u00f3b.    <\/p>\n<p data-start=\"1754\" data-end=\"1932\">P\u0119tle do zawieszania \u015bpiwora Norfin ATLANTIS COMFORT PLUS 350R u\u0142atwiaj\u0105 jego suszenie i przechowywanie. Worek kompresyjny sprawia, \u017ce transport \u015bpiwora jest prosty i wygodny. <\/p>\n<p data-start=\"1934\" data-end=\"2274\">Je\u015bli chcesz kupi\u0107 wysokiej jako\u015bci, wygodny \u015bpiw\u00f3r, kt\u00f3ry \u015bwietnie sprawdzi si\u0119 w sezonie letnim i przej\u015bciowym, \u015bpiw\u00f3r Norfin ATLANTIS COMFORT PLUS 350R b\u0119dzie doskona\u0142ym wyborem.<\/p>\n<p>Zobacz wi\u0119cej akcesori\u00f3w turystycznych  <a href=\"https:\/\/toidupakk.ee\/pl\/tootekategooria\/sprzet-turystyczny\/#section-3-79\">TUTAJ<\/a><\/p>\n<p>Znajd\u017a inspiracj\u0119 na kolejne przygody na <a href=\"https:\/\/www.instagram.com\/toidupakk\/\">Instagramie<\/a> i <a href=\"https:\/\/www.facebook.com\/Toidupakk\/\">Facebooku<\/a> Toidupakk.<\/p>\n","protected":false},"excerpt":{"rendered":"<ul>\n<li data-start=\"119\" data-end=\"761\">Norfin ATLANTIS COMFORT PLUS 350R to obszerny i wygodny \u015bpiw\u00f3r typu <strong>ko\u0142dra<\/strong><\/li>\n<li data-start=\"119\" data-end=\"761\"><strong>Odpowiedni do u\u017cytku w temperaturach od +10\u00b0C do -10\u00b0C<\/strong><\/li>\n<li data-start=\"119\" data-end=\"761\">Wype\u0142niony w\u0142\u00f3knem Hollow Fiber 350 g\/m\u00b2, kt\u00f3re <strong>utrzymuje ciep\u0142o nawet w wilgotnych warunkach<\/strong><\/li>\n<li data-start=\"119\" data-end=\"761\">Materia\u0142 zewn\u0119trzny to wytrzyma\u0142y Polyester 210T Diamond RipStop<\/li>\n<li data-start=\"119\" data-end=\"761\">Podszewka wewn\u0119trzna to mi\u0119kka i <strong>oddychaj\u0105ca tkanina bawe\u0142niana<\/strong><\/li>\n<li data-start=\"119\" data-end=\"761\">Wyposa\u017cony w prawy zamek b\u0142yskawiczny z listw\u0105 ochronn\u0105<\/li>\n<li data-start=\"119\" data-end=\"761\">Anatomiczny kaptur, ko\u0142nierz termiczny i miejsce na poduszk\u0119 dla Twojej wygody<\/li>\n<li data-start=\"119\" data-end=\"761\"><strong>Wewn\u0119trzna kiesze\u0144<\/strong> na drobiazgi i p\u0119tle do suszenia<\/li>\n<li data-start=\"119\" data-end=\"761\"><strong>Mo\u017cliwo\u015b\u0107 po\u0142\u0105czenia dw\u00f3ch \u015bpiwor\u00f3w ze sob\u0105<\/strong><\/li>\n<li data-start=\"119\" data-end=\"761\">Waga: 2.9 kg<\/li>\n<li data-start=\"119\" data-end=\"761\">Wymiary: 230 x 100 cm<\/li>\n<li data-start=\"119\" data-end=\"761\">Wymiary po spakowaniu: 27 \u00d7 44 cm<\/li>\n<\/ul>\n<p>\u2705 Dost\u0119pny w magazynie, szybka dostawa w 1-3 dni robocze<br \/>\n\u2705 Kup teraz, zap\u0142a\u0107 p\u00f3\u017aniej (RRSO 0%)<\/p>\n","protected":false},"featured_media":37839,"comment_status":"open","ping_status":"closed","template":"","meta":{"_acf_changed":false},"product_brand":[],"product_cat":[303,314,331,301],"product_tag":[],"class_list":{"0":"post-49644","1":"product","2":"type-product","3":"status-publish","4":"has-post-thumbnail","6":"product_cat-akcesoria-turystyczne","7":"product_cat-nocowanie-w-naturze","8":"product_cat-spiwory","9":"product_cat-sprzet-turystyczny","11":"first","12":"instock","13":"taxable","14":"shipping-taxable","15":"purchasable","16":"product-type-simple"},"bundled_by":[],"bundle_stock_status":"instock","bundle_stock_quantity":1,"bundle_virtual":false,"bundle_layout":"","bundle_add_to_cart_form_location":"","bundle_editable_in_cart":false,"bundle_sold_individually_context":"","bundle_item_grouping":"","bundle_min_size":"","bundle_max_size":"","bundle_price":[],"bundled_items":[],"bundle_sell_ids":[],"acf":[],"yoast_head":"<!-- This site is optimized with the Yoast SEO plugin v27.3 - https:\/\/yoast.com\/product\/yoast-seo-wordpress\/ -->\n<title>\u015apiw\u00f3r Norfin ATLANTIS COMFORT PLUS 350R<\/title>\n<meta name=\"description\" content=\"\u015apiw\u00f3r Norfin ATLANTIS COMFORT PLUS 350R to wygodny i przestronny \u015bpiw\u00f3r, kt\u00f3ry idealnie nadaje si\u0119 na w\u0119dr\u00f3wki i kemping.\" \/>\n<meta name=\"robots\" content=\"index, follow, max-snippet:-1, max-image-preview:large, max-video-preview:-1\" \/>\n<link rel=\"canonical\" href=\"https:\/\/toidupakk.ee\/pl\/toode\/spiwor-norfin-atlantis-comfort-plus-350r\/\" \/>\n<meta property=\"og:locale\" content=\"pl_PL\" \/>\n<meta property=\"og:type\" content=\"article\" \/>\n<meta property=\"og:title\" content=\"\u015apiw\u00f3r Norfin ATLANTIS COMFORT PLUS 350R\" \/>\n<meta property=\"og:description\" content=\"\u015apiw\u00f3r Norfin ATLANTIS COMFORT PLUS 350R to wygodny i przestronny \u015bpiw\u00f3r, kt\u00f3ry idealnie nadaje si\u0119 na w\u0119dr\u00f3wki i kemping.\" \/>\n<meta property=\"og:url\" content=\"https:\/\/toidupakk.ee\/pl\/toode\/spiwor-norfin-atlantis-comfort-plus-350r\/\" \/>\n<meta property=\"og:site_name\" content=\"Toidupakk.ee - Tactical Foodpack toidupakid\" \/>\n<meta property=\"article:publisher\" content=\"https:\/\/www.facebook.com\/Toidupakk\" \/>\n<meta property=\"article:modified_time\" content=\"2026-04-16T18:01:39+00:00\" \/>\n<meta property=\"og:image\" content=\"https:\/\/toidupakk.ee\/wp-content\/uploads\/2025\/07\/350R-2.png\" \/>\n\t<meta property=\"og:image:width\" content=\"800\" \/>\n\t<meta property=\"og:image:height\" content=\"800\" \/>\n\t<meta property=\"og:image:type\" content=\"image\/png\" \/>\n<meta name=\"twitter:card\" content=\"summary_large_image\" \/>\n<meta name=\"twitter:label1\" content=\"Szacowany czas czytania\" \/>\n\t<meta name=\"twitter:data1\" content=\"2 minuty\" \/>\n<script type=\"application\/ld+json\" class=\"yoast-schema-graph\">{\"@context\":\"https:\\\/\\\/schema.org\",\"@graph\":[{\"@type\":\"WebPage\",\"@id\":\"https:\\\/\\\/toidupakk.ee\\\/pl\\\/toode\\\/spiwor-norfin-atlantis-comfort-plus-350r\\\/\",\"url\":\"https:\\\/\\\/toidupakk.ee\\\/pl\\\/toode\\\/spiwor-norfin-atlantis-comfort-plus-350r\\\/\",\"name\":\"\u015apiw\u00f3r Norfin ATLANTIS COMFORT PLUS 350R\",\"isPartOf\":{\"@id\":\"https:\\\/\\\/toidupakk.ee\\\/pl\\\/#website\"},\"primaryImageOfPage\":{\"@id\":\"https:\\\/\\\/toidupakk.ee\\\/pl\\\/toode\\\/spiwor-norfin-atlantis-comfort-plus-350r\\\/#primaryimage\"},\"image\":{\"@id\":\"https:\\\/\\\/toidupakk.ee\\\/pl\\\/toode\\\/spiwor-norfin-atlantis-comfort-plus-350r\\\/#primaryimage\"},\"thumbnailUrl\":\"https:\\\/\\\/toidupakk.ee\\\/wp-content\\\/uploads\\\/2025\\\/07\\\/350R-2.png\",\"datePublished\":\"2025-08-08T14:13:11+00:00\",\"dateModified\":\"2026-04-16T18:01:39+00:00\",\"description\":\"\u015apiw\u00f3r Norfin ATLANTIS COMFORT PLUS 350R to wygodny i przestronny \u015bpiw\u00f3r, kt\u00f3ry idealnie nadaje si\u0119 na w\u0119dr\u00f3wki i kemping.\",\"breadcrumb\":{\"@id\":\"https:\\\/\\\/toidupakk.ee\\\/pl\\\/toode\\\/spiwor-norfin-atlantis-comfort-plus-350r\\\/#breadcrumb\"},\"inLanguage\":\"pl-PL\",\"potentialAction\":[{\"@type\":\"ReadAction\",\"target\":[\"https:\\\/\\\/toidupakk.ee\\\/pl\\\/toode\\\/spiwor-norfin-atlantis-comfort-plus-350r\\\/\"]}]},{\"@type\":\"ImageObject\",\"inLanguage\":\"pl-PL\",\"@id\":\"https:\\\/\\\/toidupakk.ee\\\/pl\\\/toode\\\/spiwor-norfin-atlantis-comfort-plus-350r\\\/#primaryimage\",\"url\":\"https:\\\/\\\/toidupakk.ee\\\/wp-content\\\/uploads\\\/2025\\\/07\\\/350R-2.png\",\"contentUrl\":\"https:\\\/\\\/toidupakk.ee\\\/wp-content\\\/uploads\\\/2025\\\/07\\\/350R-2.png\",\"width\":800,\"height\":800,\"caption\":\"Magamiskott Atlantis 350R\"},{\"@type\":\"BreadcrumbList\",\"@id\":\"https:\\\/\\\/toidupakk.ee\\\/pl\\\/toode\\\/spiwor-norfin-atlantis-comfort-plus-350r\\\/#breadcrumb\",\"itemListElement\":[{\"@type\":\"ListItem\",\"position\":1,\"name\":\"Avaleht\",\"item\":\"https:\\\/\\\/toidupakk.ee\\\/pl\\\/\"},{\"@type\":\"ListItem\",\"position\":2,\"name\":\"Sklep internetowy\",\"item\":\"https:\\\/\\\/toidupakk.ee\\\/pl\\\/sklep-internetowy\\\/\"},{\"@type\":\"ListItem\",\"position\":3,\"name\":\"\u015apiw\u00f3r Norfin ATLANTIS COMFORT PLUS 350R\"}]},{\"@type\":\"WebSite\",\"@id\":\"https:\\\/\\\/toidupakk.ee\\\/pl\\\/#website\",\"url\":\"https:\\\/\\\/toidupakk.ee\\\/pl\\\/\",\"name\":\"Toidupakk.ee - Tactical Foodpack toidupakid\",\"description\":\"Tactical Foodpack k\u00fclmkuivatatud toidupakid ja matkaeined\",\"publisher\":{\"@id\":\"https:\\\/\\\/toidupakk.ee\\\/pl\\\/#organization\"},\"potentialAction\":[{\"@type\":\"SearchAction\",\"target\":{\"@type\":\"EntryPoint\",\"urlTemplate\":\"https:\\\/\\\/toidupakk.ee\\\/pl\\\/?s={search_term_string}\"},\"query-input\":{\"@type\":\"PropertyValueSpecification\",\"valueRequired\":true,\"valueName\":\"search_term_string\"}}],\"inLanguage\":\"pl-PL\"},{\"@type\":\"Organization\",\"@id\":\"https:\\\/\\\/toidupakk.ee\\\/pl\\\/#organization\",\"name\":\"Tactical Foodpack matkaeined\",\"url\":\"https:\\\/\\\/toidupakk.ee\\\/pl\\\/\",\"logo\":{\"@type\":\"ImageObject\",\"inLanguage\":\"pl-PL\",\"@id\":\"https:\\\/\\\/toidupakk.ee\\\/pl\\\/#\\\/schema\\\/logo\\\/image\\\/\",\"url\":\"https:\\\/\\\/toidupakk.ee\\\/wp-content\\\/uploads\\\/2022\\\/01\\\/Toidupakk-matkapood-logo-transparent.png\",\"contentUrl\":\"https:\\\/\\\/toidupakk.ee\\\/wp-content\\\/uploads\\\/2022\\\/01\\\/Toidupakk-matkapood-logo-transparent.png\",\"width\":500,\"height\":500,\"caption\":\"Tactical Foodpack matkaeined\"},\"image\":{\"@id\":\"https:\\\/\\\/toidupakk.ee\\\/pl\\\/#\\\/schema\\\/logo\\\/image\\\/\"},\"sameAs\":[\"https:\\\/\\\/www.facebook.com\\\/Toidupakk\",\"https:\\\/\\\/www.instagram.com\\\/toidupakk\\\/\"]}]}<\/script>\n<!-- \/ Yoast SEO plugin. -->","yoast_head_json":{"title":"\u015apiw\u00f3r Norfin ATLANTIS COMFORT PLUS 350R","description":"\u015apiw\u00f3r Norfin ATLANTIS COMFORT PLUS 350R to wygodny i przestronny \u015bpiw\u00f3r, kt\u00f3ry idealnie nadaje si\u0119 na w\u0119dr\u00f3wki i kemping.","robots":{"index":"index","follow":"follow","max-snippet":"max-snippet:-1","max-image-preview":"max-image-preview:large","max-video-preview":"max-video-preview:-1"},"canonical":"https:\/\/toidupakk.ee\/pl\/toode\/spiwor-norfin-atlantis-comfort-plus-350r\/","og_locale":"pl_PL","og_type":"article","og_title":"\u015apiw\u00f3r Norfin ATLANTIS COMFORT PLUS 350R","og_description":"\u015apiw\u00f3r Norfin ATLANTIS COMFORT PLUS 350R to wygodny i przestronny \u015bpiw\u00f3r, kt\u00f3ry idealnie nadaje si\u0119 na w\u0119dr\u00f3wki i kemping.","og_url":"https:\/\/toidupakk.ee\/pl\/toode\/spiwor-norfin-atlantis-comfort-plus-350r\/","og_site_name":"Toidupakk.ee - Tactical Foodpack toidupakid","article_publisher":"https:\/\/www.facebook.com\/Toidupakk","article_modified_time":"2026-04-16T18:01:39+00:00","og_image":[{"width":800,"height":800,"url":"https:\/\/toidupakk.ee\/wp-content\/uploads\/2025\/07\/350R-2.png","type":"image\/png"}],"twitter_card":"summary_large_image","twitter_misc":{"Szacowany czas czytania":"2 minuty"},"schema":{"@context":"https:\/\/schema.org","@graph":[{"@type":"WebPage","@id":"https:\/\/toidupakk.ee\/pl\/toode\/spiwor-norfin-atlantis-comfort-plus-350r\/","url":"https:\/\/toidupakk.ee\/pl\/toode\/spiwor-norfin-atlantis-comfort-plus-350r\/","name":"\u015apiw\u00f3r Norfin ATLANTIS COMFORT PLUS 350R","isPartOf":{"@id":"https:\/\/toidupakk.ee\/pl\/#website"},"primaryImageOfPage":{"@id":"https:\/\/toidupakk.ee\/pl\/toode\/spiwor-norfin-atlantis-comfort-plus-350r\/#primaryimage"},"image":{"@id":"https:\/\/toidupakk.ee\/pl\/toode\/spiwor-norfin-atlantis-comfort-plus-350r\/#primaryimage"},"thumbnailUrl":"https:\/\/toidupakk.ee\/wp-content\/uploads\/2025\/07\/350R-2.png","datePublished":"2025-08-08T14:13:11+00:00","dateModified":"2026-04-16T18:01:39+00:00","description":"\u015apiw\u00f3r Norfin ATLANTIS COMFORT PLUS 350R to wygodny i przestronny \u015bpiw\u00f3r, kt\u00f3ry idealnie nadaje si\u0119 na w\u0119dr\u00f3wki i kemping.","breadcrumb":{"@id":"https:\/\/toidupakk.ee\/pl\/toode\/spiwor-norfin-atlantis-comfort-plus-350r\/#breadcrumb"},"inLanguage":"pl-PL","potentialAction":[{"@type":"ReadAction","target":["https:\/\/toidupakk.ee\/pl\/toode\/spiwor-norfin-atlantis-comfort-plus-350r\/"]}]},{"@type":"ImageObject","inLanguage":"pl-PL","@id":"https:\/\/toidupakk.ee\/pl\/toode\/spiwor-norfin-atlantis-comfort-plus-350r\/#primaryimage","url":"https:\/\/toidupakk.ee\/wp-content\/uploads\/2025\/07\/350R-2.png","contentUrl":"https:\/\/toidupakk.ee\/wp-content\/uploads\/2025\/07\/350R-2.png","width":800,"height":800,"caption":"Magamiskott Atlantis 350R"},{"@type":"BreadcrumbList","@id":"https:\/\/toidupakk.ee\/pl\/toode\/spiwor-norfin-atlantis-comfort-plus-350r\/#breadcrumb","itemListElement":[{"@type":"ListItem","position":1,"name":"Avaleht","item":"https:\/\/toidupakk.ee\/pl\/"},{"@type":"ListItem","position":2,"name":"Sklep internetowy","item":"https:\/\/toidupakk.ee\/pl\/sklep-internetowy\/"},{"@type":"ListItem","position":3,"name":"\u015apiw\u00f3r Norfin ATLANTIS COMFORT PLUS 350R"}]},{"@type":"WebSite","@id":"https:\/\/toidupakk.ee\/pl\/#website","url":"https:\/\/toidupakk.ee\/pl\/","name":"Toidupakk.ee - Tactical Foodpack toidupakid","description":"Tactical Foodpack k\u00fclmkuivatatud toidupakid ja matkaeined","publisher":{"@id":"https:\/\/toidupakk.ee\/pl\/#organization"},"potentialAction":[{"@type":"SearchAction","target":{"@type":"EntryPoint","urlTemplate":"https:\/\/toidupakk.ee\/pl\/?s={search_term_string}"},"query-input":{"@type":"PropertyValueSpecification","valueRequired":true,"valueName":"search_term_string"}}],"inLanguage":"pl-PL"},{"@type":"Organization","@id":"https:\/\/toidupakk.ee\/pl\/#organization","name":"Tactical Foodpack matkaeined","url":"https:\/\/toidupakk.ee\/pl\/","logo":{"@type":"ImageObject","inLanguage":"pl-PL","@id":"https:\/\/toidupakk.ee\/pl\/#\/schema\/logo\/image\/","url":"https:\/\/toidupakk.ee\/wp-content\/uploads\/2022\/01\/Toidupakk-matkapood-logo-transparent.png","contentUrl":"https:\/\/toidupakk.ee\/wp-content\/uploads\/2022\/01\/Toidupakk-matkapood-logo-transparent.png","width":500,"height":500,"caption":"Tactical Foodpack matkaeined"},"image":{"@id":"https:\/\/toidupakk.ee\/pl\/#\/schema\/logo\/image\/"},"sameAs":["https:\/\/www.facebook.com\/Toidupakk","https:\/\/www.instagram.com\/toidupakk\/"]}]}},"jetpack_sharing_enabled":true,"_links":{"self":[{"href":"https:\/\/toidupakk.ee\/pl\/wp-json\/wp\/v2\/product\/49644","targetHints":{"allow":["GET"]}}],"collection":[{"href":"https:\/\/toidupakk.ee\/pl\/wp-json\/wp\/v2\/product"}],"about":[{"href":"https:\/\/toidupakk.ee\/pl\/wp-json\/wp\/v2\/types\/product"}],"replies":[{"embeddable":true,"href":"https:\/\/toidupakk.ee\/pl\/wp-json\/wp\/v2\/comments?post=49644"}],"wp:featuredmedia":[{"embeddable":true,"href":"https:\/\/toidupakk.ee\/pl\/wp-json\/wp\/v2\/media\/37839"}],"wp:attachment":[{"href":"https:\/\/toidupakk.ee\/pl\/wp-json\/wp\/v2\/media?parent=49644"}],"wp:term":[{"taxonomy":"product_brand","embeddable":true,"href":"https:\/\/toidupakk.ee\/pl\/wp-json\/wp\/v2\/product_brand?post=49644"},{"taxonomy":"product_cat","embeddable":true,"href":"https:\/\/toidupakk.ee\/pl\/wp-json\/wp\/v2\/product_cat?post=49644"},{"taxonomy":"product_tag","embeddable":true,"href":"https:\/\/toidupakk.ee\/pl\/wp-json\/wp\/v2\/product_tag?post=49644"}],"curies":[{"name":"wp","href":"https:\/\/api.w.org\/{rel}","templated":true}]}}