{"id":49624,"date":"2025-07-25T10:44:21","date_gmt":"2025-07-25T07:44:21","guid":{"rendered":"https:\/\/toidupakk.ee\/toode\/taktyczny-plecak-militarny-patrolowy-mil-tec-36-l-niebieski\/"},"modified":"2026-04-21T12:01:04","modified_gmt":"2026-04-21T09:01:04","slug":"taktyczny-plecak-militarny-patrolowy-mil-tec-36-l-niebieski","status":"publish","type":"product","link":"https:\/\/toidupakk.ee\/pl\/toode\/taktyczny-plecak-militarny-patrolowy-mil-tec-36-l-niebieski\/","title":{"rendered":"Taktyczny plecak militarny patrolowy MIL-TEC\u00ae 36 l (niebieski)"},"content":{"rendered":"<h1><img fetchpriority=\"high\" decoding=\"async\" class=\"alignright wp-image-37751 size-thumbnail\" src=\"https:\/\/toidupakk.ee\/wp-content\/uploads\/2025\/07\/Sinine-taktikaline-patrullkott-MIL-TEC6-500x500.png\" alt=\"\" width=\"500\" height=\"500\" srcset=\"https:\/\/toidupakk.ee\/wp-content\/uploads\/2025\/07\/Sinine-taktikaline-patrullkott-MIL-TEC6-500x500.png 500w, https:\/\/toidupakk.ee\/wp-content\/uploads\/2025\/07\/Sinine-taktikaline-patrullkott-MIL-TEC6-300x300.png 300w, https:\/\/toidupakk.ee\/wp-content\/uploads\/2025\/07\/Sinine-taktikaline-patrullkott-MIL-TEC6-768x768.png 768w, https:\/\/toidupakk.ee\/wp-content\/uploads\/2025\/07\/Sinine-taktikaline-patrullkott-MIL-TEC6-400x400.png 400w, https:\/\/toidupakk.ee\/wp-content\/uploads\/2025\/07\/Sinine-taktikaline-patrullkott-MIL-TEC6-100x100.png 100w, https:\/\/toidupakk.ee\/wp-content\/uploads\/2025\/07\/Sinine-taktikaline-patrullkott-MIL-TEC6.png 800w\" sizes=\"(max-width: 500px) 100vw, 500px\" \/><\/h1>\n<h1>Taktyczny plecak militarny \u2013 plecak patrolowy sprawdzi si\u0119 r\u00f3wnie\u017c na co dzie\u0144<\/h1>\n<p>Taktyczny plecak militarny wykonano z g\u0119stego poliestru, kt\u00f3ry jest wytrzyma\u0142y i wodoodporny. Dwukierunkowe zamki b\u0142yskawiczne s\u0105 trwa\u0142e, maj\u0105 mocne szwy i umo\u017cliwiaj\u0105 otwieranie kieszeni z obu stron. Ty\u0142 plecaka oraz szelki wy\u015bcie\u0142ano grub\u0105 piank\u0105, co pomaga lepiej roz\u0142o\u017cy\u0107 ci\u0119\u017car i mniej m\u0119czy plecy oraz ramiona. Wentyluj\u0105ca wy\u015bci\u00f3\u0142ka z siatki sprawia, \u017ce plecak oddycha. Plecak taktyczny posiada r\u00f3wnie\u017c pas biodrowy z szybkoz\u0142\u0105czk\u0105, kt\u00f3ry pozwala \u0142atwo stabilizowa\u0107 baga\u017c na biodrach. Dzi\u0119ki temu plecak przylega do cia\u0142a i przenosi ci\u0119\u017car z ramion na biodra.     <\/p>\n<p>&nbsp;<\/p>\n<h2>Wielofunkcyjny plecak<\/h2>\n<p>Plecak militarny z wieloma przegrodami wewn\u0119trznymi i zewn\u0119trznymi na telefon, \u0142adowarki, latark\u0119, czo\u0142\u00f3wk\u0119, buk\u0142ak (camelpack), r\u0119kawice, zestaw przetrwania itp. Dwie przednie kieszenie na zamek, jedna komora g\u0142\u00f3wna, jedna wy\u015bcie\u0142ana kiesze\u0144 tylna oraz miejsce na wk\u0142ad hydracyjny. Ka\u017cda sekcja posiada siatkow\u0105 lub zapinan\u0105 kiesze\u0144, u\u0142atwiaj\u0105c\u0105 organizacj\u0119 ekwipunku.  <\/p>\n<p>&nbsp;<\/p>\n<h3>Taktyczny plecak militarny, czyli plecak patrolowy, jest wygodny i wytrzyma\u0142y tak\u017ce na co dzie\u0144<\/h3>\n<p>Ergonomiczny i usztywniony plecak pomaga zmniejszy\u0107 b\u00f3l plec\u00f3w i szyi podczas wypraw lub w\u0119dr\u00f3wek. Szeroki, wy\u015bcie\u0142any ty\u0142 zapewnia komfort noszenia. Plecak posiada regulowany pas piersiowy i biodrowy dla bezpiecznego dopasowania. Oba pasy mo\u017cna odpi\u0105\u0107, gdy nie s\u0105 u\u017cywane. Plecaki wojskowe s\u0105 w pewnym stopniu wodoodporne, co czyni je idealnymi do u\u017cytku w terenie. Dwa grube pasy piankowe na plecach i wy\u015bcie\u0142ane szelki s\u0105 ergonomicznie zaprojektowane, aby zmniejszy\u0107 nacisk na ramiona, a siatka pomaga odprowadza\u0107 ciep\u0142o latem.     <\/p>\n<p>&nbsp;<\/p>\n<h2>Czym jest system MOLLE?<\/h2>\n<p>Plecak taktyczny posiada system MOLLE. Na zewn\u0105trz znajduje si\u0119 wiele punkt\u00f3w mocowania dodatkowego oporz\u0105dzenia. Przypnij dodatkowe kieszenie, apteczk\u0119, radiostacj\u0119, latark\u0119, sk\u0142adan\u0105 \u0142opat\u0119, karimat\u0119 lub \u015bpiw\u00f3r. System modu\u0142owy MOLLE jest powszechnie stosowany w jednostkach taktycznych i s\u0142u\u017cbach mundurowych na ca\u0142ym \u015bwiecie.    <\/p>\n<p>Znajd\u017a inspiracj\u0119 na kolejne przygody na <a href=\"https:\/\/www.instagram.com\/toidupakk\/\">Instagramie<\/a> i <a href=\"https:\/\/www.facebook.com\/Toidupakk\/\">Facebooku<\/a> Toidupakk.<\/p>\n<p>Sprawd\u017a akcesoria turystyczne <a href=\"https:\/\/toidupakk.ee\/pl\/tootekategooria\/sprzet-turystyczny\/#section-3-79\">TUTAJ<\/a>.<\/p>\n","protected":false},"excerpt":{"rendered":"<div class=\"flex items-start justify-start\">\n<div class=\"flex-1 pt-1\">\n<p>Plecak patrolowy jest szeroko stosowany przez s\u0142u\u017cby mundurowe, wojsko oraz pasjonat\u00f3w. Plecak o pojemno\u015bci 36 litr\u00f3w jest wytrzyma\u0142y, lekki i nadaje si\u0119 do codziennego u\u017cytku. <\/p>\n<ul>\n<li><strong>System modu\u0142owy MOLLE<\/strong> pozwala na monta\u017c dodatkowych kieszeni i oporz\u0105dzenia<\/li>\n<li><strong>Wzmocniony ty\u0142<\/strong> wy\u015bcie\u0142any piank\u0105 EVA dla komfortu podczas d\u0142ugich marsz\u00f3w<\/li>\n<li><strong>Ergonomiczne szelki<\/strong> s\u0105 mi\u0119kkie, co zapobiega wrzynaniu si\u0119 przy du\u017cym obci\u0105\u017ceniu<\/li>\n<li>Szelki maj\u0105 5 cm szeroko\u015bci i s\u0105 regulowane<\/li>\n<li>Regulowany pas biodrowy z szybkoz\u0142\u0105czk\u0105 dla <strong>r\u00f3wnomiernego roz\u0142o\u017cenia ci\u0119\u017caru<\/strong><\/li>\n<li>2 du\u017ce komory g\u0142\u00f3wne z dodatkowymi kieszeniami wewn\u0105trz<\/li>\n<li>2 mniejsze kieszenie dodatkowe dla szybkiego dost\u0119pu do niezb\u0119dnych rzeczy<\/li>\n<li>Wszystkie kieszenie wyposa\u017cono w <strong>dwukierunkowe zamki b\u0142yskawiczne<\/strong>, u\u0142atwiaj\u0105ce dost\u0119p do zawarto\u015bci z obu stron<\/li>\n<li>Zintegrowana <strong>kiesze\u0144 na wk\u0142ad hydracyjny<\/strong><\/li>\n<li>W zestawie specjalne rzepy do <strong>zabezpieczenia lu\u017anych pask\u00f3w<\/strong><\/li>\n<\/ul>\n<p>&nbsp;<\/p>\n<p><strong>Wymiary:<\/strong> 51 x 29 x 28 cm<br \/>\n<strong>Pojemno\u015b\u0107:<\/strong> 36 l<br \/>\n<strong>Materia\u0142 zewn\u0119trzny:<\/strong> 100% poliester powlekany polichlorkiem winylu<br \/>\n<strong>Podszewka:<\/strong> 100% poliester<br \/>\n<strong>Wy\u015bci\u00f3\u0142ka:<\/strong> pianka EVA<br \/>\n<strong>Waga:<\/strong> ok. 1450 g <\/p>\n<p>\u2705 Dost\u0119pne w magazynie, szybka dostawa w 1\u20133 dni robocze<br \/>\n\u2705 Kup teraz, zap\u0142a\u0107 p\u00f3\u017aniej (RRSO 0%)<\/p>\n<\/div>\n<\/div>\n","protected":false},"featured_media":37746,"comment_status":"open","ping_status":"closed","template":"","meta":{"_acf_changed":false},"product_brand":[],"product_cat":[303,317,309,301,310,304],"product_tag":[],"class_list":{"0":"post-49624","1":"product","2":"type-product","3":"status-publish","4":"has-post-thumbnail","6":"product_cat-akcesoria-turystyczne","7":"product_cat-mil-tec","8":"product_cat-plecaki","9":"product_cat-sprzet-turystyczny","10":"product_cat-torby","11":"product_cat-wyposazenie-militarne","13":"first","14":"instock","15":"sale","16":"taxable","17":"shipping-taxable","18":"purchasable","19":"product-type-simple"},"bundled_by":[],"bundle_stock_status":"instock","bundle_stock_quantity":6,"bundle_virtual":false,"bundle_layout":"","bundle_add_to_cart_form_location":"","bundle_editable_in_cart":false,"bundle_sold_individually_context":"","bundle_item_grouping":"","bundle_min_size":"","bundle_max_size":"","bundle_price":[],"bundled_items":[],"bundle_sell_ids":[],"acf":[],"yoast_head":"<!-- This site is optimized with the Yoast SEO plugin v27.3 - https:\/\/yoast.com\/product\/yoast-seo-wordpress\/ -->\n<title>Taktyczny plecak militarny patrolowy MIL-TEC\u00ae 36 l (niebieski)<\/title>\n<meta name=\"description\" content=\"Taktyczny plecak militarny. Plecak patrolowy jest szeroko stosowany przez s\u0142u\u017cby mundurowe, wojsko oraz pasjonat\u00f3w. Mocowania MOLLE.\" \/>\n<meta name=\"robots\" content=\"index, follow, max-snippet:-1, max-image-preview:large, max-video-preview:-1\" \/>\n<link rel=\"canonical\" href=\"https:\/\/toidupakk.ee\/pl\/toode\/taktyczny-plecak-militarny-patrolowy-mil-tec-36-l-niebieski\/\" \/>\n<meta property=\"og:locale\" content=\"pl_PL\" \/>\n<meta property=\"og:type\" content=\"article\" \/>\n<meta property=\"og:title\" content=\"Taktyczny plecak militarny patrolowy MIL-TEC\u00ae 36 l (niebieski)\" \/>\n<meta property=\"og:description\" content=\"Taktyczny plecak militarny. Plecak patrolowy jest szeroko stosowany przez s\u0142u\u017cby mundurowe, wojsko oraz pasjonat\u00f3w. Mocowania MOLLE.\" \/>\n<meta property=\"og:url\" content=\"https:\/\/toidupakk.ee\/pl\/toode\/taktyczny-plecak-militarny-patrolowy-mil-tec-36-l-niebieski\/\" \/>\n<meta property=\"og:site_name\" content=\"Toidupakk.ee - Tactical Foodpack toidupakid\" \/>\n<meta property=\"article:publisher\" content=\"https:\/\/www.facebook.com\/Toidupakk\" \/>\n<meta property=\"article:modified_time\" content=\"2026-04-21T09:01:04+00:00\" \/>\n<meta property=\"og:image\" content=\"https:\/\/toidupakk.ee\/wp-content\/uploads\/2025\/07\/Sinine-taktikaline-patrullkott-MIL-TEC1.png\" \/>\n\t<meta property=\"og:image:width\" content=\"800\" \/>\n\t<meta property=\"og:image:height\" content=\"800\" \/>\n\t<meta property=\"og:image:type\" content=\"image\/png\" \/>\n<meta name=\"twitter:card\" content=\"summary_large_image\" \/>\n<meta name=\"twitter:label1\" content=\"Szacowany czas czytania\" \/>\n\t<meta name=\"twitter:data1\" content=\"2 minuty\" \/>\n<script type=\"application\/ld+json\" class=\"yoast-schema-graph\">{\"@context\":\"https:\\\/\\\/schema.org\",\"@graph\":[{\"@type\":\"WebPage\",\"@id\":\"https:\\\/\\\/toidupakk.ee\\\/pl\\\/toode\\\/taktyczny-plecak-militarny-patrolowy-mil-tec-36-l-niebieski\\\/\",\"url\":\"https:\\\/\\\/toidupakk.ee\\\/pl\\\/toode\\\/taktyczny-plecak-militarny-patrolowy-mil-tec-36-l-niebieski\\\/\",\"name\":\"Taktyczny plecak militarny patrolowy MIL-TEC\u00ae 36 l (niebieski)\",\"isPartOf\":{\"@id\":\"https:\\\/\\\/toidupakk.ee\\\/pl\\\/#website\"},\"primaryImageOfPage\":{\"@id\":\"https:\\\/\\\/toidupakk.ee\\\/pl\\\/toode\\\/taktyczny-plecak-militarny-patrolowy-mil-tec-36-l-niebieski\\\/#primaryimage\"},\"image\":{\"@id\":\"https:\\\/\\\/toidupakk.ee\\\/pl\\\/toode\\\/taktyczny-plecak-militarny-patrolowy-mil-tec-36-l-niebieski\\\/#primaryimage\"},\"thumbnailUrl\":\"https:\\\/\\\/toidupakk.ee\\\/wp-content\\\/uploads\\\/2025\\\/07\\\/Sinine-taktikaline-patrullkott-MIL-TEC1.png\",\"datePublished\":\"2025-07-25T07:44:21+00:00\",\"dateModified\":\"2026-04-21T09:01:04+00:00\",\"description\":\"Taktyczny plecak militarny. Plecak patrolowy jest szeroko stosowany przez s\u0142u\u017cby mundurowe, wojsko oraz pasjonat\u00f3w. Mocowania MOLLE.\",\"breadcrumb\":{\"@id\":\"https:\\\/\\\/toidupakk.ee\\\/pl\\\/toode\\\/taktyczny-plecak-militarny-patrolowy-mil-tec-36-l-niebieski\\\/#breadcrumb\"},\"inLanguage\":\"pl-PL\",\"potentialAction\":[{\"@type\":\"ReadAction\",\"target\":[\"https:\\\/\\\/toidupakk.ee\\\/pl\\\/toode\\\/taktyczny-plecak-militarny-patrolowy-mil-tec-36-l-niebieski\\\/\"]}]},{\"@type\":\"ImageObject\",\"inLanguage\":\"pl-PL\",\"@id\":\"https:\\\/\\\/toidupakk.ee\\\/pl\\\/toode\\\/taktyczny-plecak-militarny-patrolowy-mil-tec-36-l-niebieski\\\/#primaryimage\",\"url\":\"https:\\\/\\\/toidupakk.ee\\\/wp-content\\\/uploads\\\/2025\\\/07\\\/Sinine-taktikaline-patrullkott-MIL-TEC1.png\",\"contentUrl\":\"https:\\\/\\\/toidupakk.ee\\\/wp-content\\\/uploads\\\/2025\\\/07\\\/Sinine-taktikaline-patrullkott-MIL-TEC1.png\",\"width\":800,\"height\":800},{\"@type\":\"BreadcrumbList\",\"@id\":\"https:\\\/\\\/toidupakk.ee\\\/pl\\\/toode\\\/taktyczny-plecak-militarny-patrolowy-mil-tec-36-l-niebieski\\\/#breadcrumb\",\"itemListElement\":[{\"@type\":\"ListItem\",\"position\":1,\"name\":\"Avaleht\",\"item\":\"https:\\\/\\\/toidupakk.ee\\\/pl\\\/\"},{\"@type\":\"ListItem\",\"position\":2,\"name\":\"Sklep internetowy\",\"item\":\"https:\\\/\\\/toidupakk.ee\\\/pl\\\/sklep-internetowy\\\/\"},{\"@type\":\"ListItem\",\"position\":3,\"name\":\"Taktyczny plecak militarny patrolowy MIL-TEC\u00ae 36 l (niebieski)\"}]},{\"@type\":\"WebSite\",\"@id\":\"https:\\\/\\\/toidupakk.ee\\\/pl\\\/#website\",\"url\":\"https:\\\/\\\/toidupakk.ee\\\/pl\\\/\",\"name\":\"Toidupakk.ee - Tactical Foodpack toidupakid\",\"description\":\"Tactical Foodpack k\u00fclmkuivatatud toidupakid ja matkaeined\",\"publisher\":{\"@id\":\"https:\\\/\\\/toidupakk.ee\\\/pl\\\/#organization\"},\"potentialAction\":[{\"@type\":\"SearchAction\",\"target\":{\"@type\":\"EntryPoint\",\"urlTemplate\":\"https:\\\/\\\/toidupakk.ee\\\/pl\\\/?s={search_term_string}\"},\"query-input\":{\"@type\":\"PropertyValueSpecification\",\"valueRequired\":true,\"valueName\":\"search_term_string\"}}],\"inLanguage\":\"pl-PL\"},{\"@type\":\"Organization\",\"@id\":\"https:\\\/\\\/toidupakk.ee\\\/pl\\\/#organization\",\"name\":\"Tactical Foodpack matkaeined\",\"url\":\"https:\\\/\\\/toidupakk.ee\\\/pl\\\/\",\"logo\":{\"@type\":\"ImageObject\",\"inLanguage\":\"pl-PL\",\"@id\":\"https:\\\/\\\/toidupakk.ee\\\/pl\\\/#\\\/schema\\\/logo\\\/image\\\/\",\"url\":\"https:\\\/\\\/toidupakk.ee\\\/wp-content\\\/uploads\\\/2022\\\/01\\\/Toidupakk-matkapood-logo-transparent.png\",\"contentUrl\":\"https:\\\/\\\/toidupakk.ee\\\/wp-content\\\/uploads\\\/2022\\\/01\\\/Toidupakk-matkapood-logo-transparent.png\",\"width\":500,\"height\":500,\"caption\":\"Tactical Foodpack matkaeined\"},\"image\":{\"@id\":\"https:\\\/\\\/toidupakk.ee\\\/pl\\\/#\\\/schema\\\/logo\\\/image\\\/\"},\"sameAs\":[\"https:\\\/\\\/www.facebook.com\\\/Toidupakk\",\"https:\\\/\\\/www.instagram.com\\\/toidupakk\\\/\"]}]}<\/script>\n<!-- \/ Yoast SEO plugin. -->","yoast_head_json":{"title":"Taktyczny plecak militarny patrolowy MIL-TEC\u00ae 36 l (niebieski)","description":"Taktyczny plecak militarny. Plecak patrolowy jest szeroko stosowany przez s\u0142u\u017cby mundurowe, wojsko oraz pasjonat\u00f3w. Mocowania MOLLE.","robots":{"index":"index","follow":"follow","max-snippet":"max-snippet:-1","max-image-preview":"max-image-preview:large","max-video-preview":"max-video-preview:-1"},"canonical":"https:\/\/toidupakk.ee\/pl\/toode\/taktyczny-plecak-militarny-patrolowy-mil-tec-36-l-niebieski\/","og_locale":"pl_PL","og_type":"article","og_title":"Taktyczny plecak militarny patrolowy MIL-TEC\u00ae 36 l (niebieski)","og_description":"Taktyczny plecak militarny. Plecak patrolowy jest szeroko stosowany przez s\u0142u\u017cby mundurowe, wojsko oraz pasjonat\u00f3w. Mocowania MOLLE.","og_url":"https:\/\/toidupakk.ee\/pl\/toode\/taktyczny-plecak-militarny-patrolowy-mil-tec-36-l-niebieski\/","og_site_name":"Toidupakk.ee - Tactical Foodpack toidupakid","article_publisher":"https:\/\/www.facebook.com\/Toidupakk","article_modified_time":"2026-04-21T09:01:04+00:00","og_image":[{"width":800,"height":800,"url":"https:\/\/toidupakk.ee\/wp-content\/uploads\/2025\/07\/Sinine-taktikaline-patrullkott-MIL-TEC1.png","type":"image\/png"}],"twitter_card":"summary_large_image","twitter_misc":{"Szacowany czas czytania":"2 minuty"},"schema":{"@context":"https:\/\/schema.org","@graph":[{"@type":"WebPage","@id":"https:\/\/toidupakk.ee\/pl\/toode\/taktyczny-plecak-militarny-patrolowy-mil-tec-36-l-niebieski\/","url":"https:\/\/toidupakk.ee\/pl\/toode\/taktyczny-plecak-militarny-patrolowy-mil-tec-36-l-niebieski\/","name":"Taktyczny plecak militarny patrolowy MIL-TEC\u00ae 36 l (niebieski)","isPartOf":{"@id":"https:\/\/toidupakk.ee\/pl\/#website"},"primaryImageOfPage":{"@id":"https:\/\/toidupakk.ee\/pl\/toode\/taktyczny-plecak-militarny-patrolowy-mil-tec-36-l-niebieski\/#primaryimage"},"image":{"@id":"https:\/\/toidupakk.ee\/pl\/toode\/taktyczny-plecak-militarny-patrolowy-mil-tec-36-l-niebieski\/#primaryimage"},"thumbnailUrl":"https:\/\/toidupakk.ee\/wp-content\/uploads\/2025\/07\/Sinine-taktikaline-patrullkott-MIL-TEC1.png","datePublished":"2025-07-25T07:44:21+00:00","dateModified":"2026-04-21T09:01:04+00:00","description":"Taktyczny plecak militarny. Plecak patrolowy jest szeroko stosowany przez s\u0142u\u017cby mundurowe, wojsko oraz pasjonat\u00f3w. Mocowania MOLLE.","breadcrumb":{"@id":"https:\/\/toidupakk.ee\/pl\/toode\/taktyczny-plecak-militarny-patrolowy-mil-tec-36-l-niebieski\/#breadcrumb"},"inLanguage":"pl-PL","potentialAction":[{"@type":"ReadAction","target":["https:\/\/toidupakk.ee\/pl\/toode\/taktyczny-plecak-militarny-patrolowy-mil-tec-36-l-niebieski\/"]}]},{"@type":"ImageObject","inLanguage":"pl-PL","@id":"https:\/\/toidupakk.ee\/pl\/toode\/taktyczny-plecak-militarny-patrolowy-mil-tec-36-l-niebieski\/#primaryimage","url":"https:\/\/toidupakk.ee\/wp-content\/uploads\/2025\/07\/Sinine-taktikaline-patrullkott-MIL-TEC1.png","contentUrl":"https:\/\/toidupakk.ee\/wp-content\/uploads\/2025\/07\/Sinine-taktikaline-patrullkott-MIL-TEC1.png","width":800,"height":800},{"@type":"BreadcrumbList","@id":"https:\/\/toidupakk.ee\/pl\/toode\/taktyczny-plecak-militarny-patrolowy-mil-tec-36-l-niebieski\/#breadcrumb","itemListElement":[{"@type":"ListItem","position":1,"name":"Avaleht","item":"https:\/\/toidupakk.ee\/pl\/"},{"@type":"ListItem","position":2,"name":"Sklep internetowy","item":"https:\/\/toidupakk.ee\/pl\/sklep-internetowy\/"},{"@type":"ListItem","position":3,"name":"Taktyczny plecak militarny patrolowy MIL-TEC\u00ae 36 l (niebieski)"}]},{"@type":"WebSite","@id":"https:\/\/toidupakk.ee\/pl\/#website","url":"https:\/\/toidupakk.ee\/pl\/","name":"Toidupakk.ee - Tactical Foodpack toidupakid","description":"Tactical Foodpack k\u00fclmkuivatatud toidupakid ja matkaeined","publisher":{"@id":"https:\/\/toidupakk.ee\/pl\/#organization"},"potentialAction":[{"@type":"SearchAction","target":{"@type":"EntryPoint","urlTemplate":"https:\/\/toidupakk.ee\/pl\/?s={search_term_string}"},"query-input":{"@type":"PropertyValueSpecification","valueRequired":true,"valueName":"search_term_string"}}],"inLanguage":"pl-PL"},{"@type":"Organization","@id":"https:\/\/toidupakk.ee\/pl\/#organization","name":"Tactical Foodpack matkaeined","url":"https:\/\/toidupakk.ee\/pl\/","logo":{"@type":"ImageObject","inLanguage":"pl-PL","@id":"https:\/\/toidupakk.ee\/pl\/#\/schema\/logo\/image\/","url":"https:\/\/toidupakk.ee\/wp-content\/uploads\/2022\/01\/Toidupakk-matkapood-logo-transparent.png","contentUrl":"https:\/\/toidupakk.ee\/wp-content\/uploads\/2022\/01\/Toidupakk-matkapood-logo-transparent.png","width":500,"height":500,"caption":"Tactical Foodpack matkaeined"},"image":{"@id":"https:\/\/toidupakk.ee\/pl\/#\/schema\/logo\/image\/"},"sameAs":["https:\/\/www.facebook.com\/Toidupakk","https:\/\/www.instagram.com\/toidupakk\/"]}]}},"jetpack_sharing_enabled":true,"_links":{"self":[{"href":"https:\/\/toidupakk.ee\/pl\/wp-json\/wp\/v2\/product\/49624","targetHints":{"allow":["GET"]}}],"collection":[{"href":"https:\/\/toidupakk.ee\/pl\/wp-json\/wp\/v2\/product"}],"about":[{"href":"https:\/\/toidupakk.ee\/pl\/wp-json\/wp\/v2\/types\/product"}],"replies":[{"embeddable":true,"href":"https:\/\/toidupakk.ee\/pl\/wp-json\/wp\/v2\/comments?post=49624"}],"wp:featuredmedia":[{"embeddable":true,"href":"https:\/\/toidupakk.ee\/pl\/wp-json\/wp\/v2\/media\/37746"}],"wp:attachment":[{"href":"https:\/\/toidupakk.ee\/pl\/wp-json\/wp\/v2\/media?parent=49624"}],"wp:term":[{"taxonomy":"product_brand","embeddable":true,"href":"https:\/\/toidupakk.ee\/pl\/wp-json\/wp\/v2\/product_brand?post=49624"},{"taxonomy":"product_cat","embeddable":true,"href":"https:\/\/toidupakk.ee\/pl\/wp-json\/wp\/v2\/product_cat?post=49624"},{"taxonomy":"product_tag","embeddable":true,"href":"https:\/\/toidupakk.ee\/pl\/wp-json\/wp\/v2\/product_tag?post=49624"}],"curies":[{"name":"wp","href":"https:\/\/api.w.org\/{rel}","templated":true}]}}