{"id":49612,"date":"2025-07-30T12:12:47","date_gmt":"2025-07-30T09:12:47","guid":{"rendered":"https:\/\/toidupakk.ee\/toode\/filtr-do-wody-katadyn-befree-06-l-z-butelka-przezroczysty\/"},"modified":"2026-04-04T05:01:26","modified_gmt":"2026-04-04T02:01:26","slug":"filtr-do-wody-katadyn-befree-06-l-z-butelka-przezroczysty","status":"publish","type":"product","link":"https:\/\/toidupakk.ee\/pl\/toode\/filtr-do-wody-katadyn-befree-06-l-z-butelka-przezroczysty\/","title":{"rendered":"Filtr do wody Katadyn BeFree 0,6 l z butelk\u0105 (przezroczysty)"},"content":{"rendered":"<h1 data-start=\"137\" data-end=\"210\"><strong data-start=\"141\" data-end=\"210\">Filtr do wody Katadyn BeFree 0,6 l \u2013 czysta woda wsz\u0119dzie i o ka\u017cdej porze<\/strong><\/h1>\n<p data-start=\"212\" data-end=\"646\">Filtr do wody <strong data-start=\"222\" data-end=\"245\">Katadyn BeFree 0,6 l<\/strong> to doskona\u0142y wyb\u00f3r dla os\u00f3b aktywnych \u2013 biegaczy, rowerzyst\u00f3w, w\u0119dkarzy czy po prostu mi\u0142o\u015bnik\u00f3w przyg\u00f3d na \u0142onie natury. Jego lekka konstrukcja, wa\u017c\u0105ca zaledwie 59 g, czyni go idealnym towarzyszem, gdy potrzebujesz kompaktowego, a zarazem skutecznego rozwi\u0105zania, by uzyska\u0107 czyst\u0105 wod\u0119. Butelka wygodnie mie\u015bci si\u0119 w ma\u0142ych kieszeniach, kamizelkach lub plecaku i jest \u0142atwo dost\u0119pna zawsze, gdy poczujesz pragnienie.  <\/p>\n<p data-start=\"212\" data-end=\"646\"><img fetchpriority=\"high\" decoding=\"async\" class=\"alignnone wp-image-37666 size-thumbnail\" src=\"https:\/\/toidupakk.ee\/wp-content\/uploads\/2025\/07\/4-3-500x500.png\" alt=\"Nape\u0142nianie filtra Katadyn BeFree pod bie\u017c\u0105c\u0105 wod\u0105; idealny na wyprawy i do oczyszczania wody w terenie.\" width=\"500\" height=\"500\" srcset=\"https:\/\/toidupakk.ee\/wp-content\/uploads\/2025\/07\/4-3-500x500.png 500w, https:\/\/toidupakk.ee\/wp-content\/uploads\/2025\/07\/4-3-300x300.png 300w, https:\/\/toidupakk.ee\/wp-content\/uploads\/2025\/07\/4-3-768x768.png 768w, https:\/\/toidupakk.ee\/wp-content\/uploads\/2025\/07\/4-3-400x400.png 400w, https:\/\/toidupakk.ee\/wp-content\/uploads\/2025\/07\/4-3-100x100.png 100w, https:\/\/toidupakk.ee\/wp-content\/uploads\/2025\/07\/4-3.png 800w\" sizes=\"(max-width: 500px) 100vw, 500px\" \/><\/p>\n<p data-start=\"648\" data-end=\"1045\">Technologia <strong data-start=\"648\" data-end=\"670\">EZ-Clean Membrane\u2122<\/strong> usuwa z wody bakterie, pierwotniaki i osady, oferuj\u0105c skuteczn\u0105 ochron\u0119 przed potencjalnymi zanieczyszczeniami w naturalnych zbiornikach wodnych. Wielko\u015b\u0107 por\u00f3w filtra wynosi 0,1 mikrona, co gwarantuje wod\u0119 zdatn\u0105 do picia nawet w trudniejszych warunkach. Dzi\u0119ki szerokiemu wlotowi butelk\u0119 mo\u017cna szybko nape\u0142ni\u0107 nawet z p\u0142ytkich \u017ar\u00f3de\u0142 czy strumieni, co czyni j\u0105 praktycznym rozwi\u0105zaniem w drodze.  <\/p>\n<p data-start=\"1047\" data-end=\"1445\">Filtr do wody <strong data-start=\"1057\" data-end=\"1080\">Katadyn BeFree 0,6 l<\/strong> potrafi przefiltrowa\u0107 do <strong data-start=\"1105\" data-end=\"1131\">2 litr\u00f3w wody na minut\u0119<\/strong>, zapewniaj\u0105c szybki i p\u0142ynny przep\u0142yw. Maksymalna wydajno\u015b\u0107 filtracji wynosi do <strong data-start=\"1215\" data-end=\"1232\">1000 litr\u00f3w<\/strong>, zale\u017cnie od czysto\u015bci wody. Czyszczenie filtra jest niezwykle proste \u2013 wystarczy nim potrz\u0105sn\u0105\u0107 lub op\u0142uka\u0107 go w wodzie. Nie wymaga p\u0142ukania wstecznego ani narz\u0119dzi, co sprawia, \u017ce konserwacja jest wyj\u0105tkowo wygodna nawet w warunkach polowych.   <\/p>\n<p data-start=\"1447\" data-end=\"1806\">Butelka zosta\u0142a wykonana z <strong data-start=\"1468\" data-end=\"1511\">materia\u0142\u00f3w w 100% wolnych od PVC i BPA<\/strong>, co zapewnia przyjazno\u015b\u0107 dla \u015brodowiska i bezpiecze\u0144stwo dla Twojego zdrowia. <strong data-start=\"1571\" data-end=\"1594\">Katadyn BeFree 0,6 l<\/strong> to idealny towarzysz dla tych, kt\u00f3rzy ceni\u0105 praktyczno\u015b\u0107, niezawodno\u015b\u0107 i pe\u0142n\u0105 wolno\u015b\u0107 cieszenia si\u0119 czyst\u0105 wod\u0105 pitn\u0105 wsz\u0119dzie, gdzie zaprowadzi Ci\u0119 \u017cycie \u2013 czy to szybki bieg, w\u0119dr\u00f3wka po lesie, czy niespodziewana przygoda w terenie.<\/p>\n<h2 data-start=\"111\" data-end=\"136\"><strong data-start=\"115\" data-end=\"136\">Dane techniczne &#8211; <\/strong><strong data-start=\"141\" data-end=\"210\">Filtr do wody Katadyn BeFree 0,6 l<\/strong><\/h2>\n<ul>\n<li data-start=\"238\" data-end=\"281\"><strong data-start=\"238\" data-end=\"252\">Typ produktu:<\/strong> Mi\u0119kka butelka na wod\u0119 (softflask)<\/li>\n<li data-start=\"238\" data-end=\"281\"><strong data-start=\"284\" data-end=\"296\">Przep\u0142yw wody:<\/strong> 2 litry na minut\u0119<\/li>\n<li data-start=\"238\" data-end=\"281\"><strong data-start=\"319\" data-end=\"344\">Wydajno\u015b\u0107 filtracji:<\/strong> Do 1000 litr\u00f3w<\/li>\n<li data-start=\"238\" data-end=\"281\"><strong data-start=\"367\" data-end=\"379\">Chroni przed:<\/strong> Mikroorganizmami<\/li>\n<li data-start=\"238\" data-end=\"281\"><strong data-start=\"406\" data-end=\"425\">Materia\u0142 filtra:<\/strong> W\u0142\u00f3kna kapilarne (hollow fibre)<\/li>\n<li data-start=\"238\" data-end=\"281\"><strong data-start=\"455\" data-end=\"486\">Mo\u017cliwo\u015b\u0107 czyszczenia w terenie:<\/strong> Tak<\/li>\n<li data-start=\"238\" data-end=\"281\"><strong data-start=\"495\" data-end=\"506\">D\u0142ugo\u015b\u0107:<\/strong> 275 mm<\/li>\n<li data-start=\"238\" data-end=\"281\"><strong data-start=\"518\" data-end=\"528\">Szeroko\u015b\u0107:<\/strong> 65 mm<\/li>\n<li data-start=\"238\" data-end=\"281\"><strong data-start=\"539\" data-end=\"550\">Wysoko\u015b\u0107:<\/strong> 80 mm<\/li>\n<li data-start=\"238\" data-end=\"281\"><strong data-start=\"561\" data-end=\"570\">Waga:<\/strong> 59 g<\/li>\n<\/ul>\n<p>Zobacz wi\u0119cej akcesori\u00f3w turystycznych <a href=\"https:\/\/toidupakk.ee\/pl\/tootekategooria\/sprzet-turystyczny\/#section-3-79\">TUTAJ<\/a><\/p>\n<p>Interesuje Ci\u0119 \u017cywno\u015b\u0107 liofilizowana? Sprawd\u017a <a href=\"\/?product_cat=snakk#section-3-79\">TUTAJ<\/a><\/p>\n<p>Znajd\u017a inspiracj\u0119 na kolejne przygody na <a href=\"https:\/\/www.instagram.com\/toidupakk\/\">Instagramie<\/a> i <a href=\"https:\/\/www.facebook.com\/Toidupakk\/\">Facebooku<\/a> Toidupakk.<\/p>\n","protected":false},"excerpt":{"rendered":"<ul>\n<li data-start=\"197\" data-end=\"274\">Filtr do wody Katadyn BeFree 0,6 l usuwa z wody bakterie, pierwotniaki i osady.<\/li>\n<li data-start=\"197\" data-end=\"274\">Zapewnia czyst\u0105 wod\u0119 pitn\u0105 o ka\u017cdej porze i w ka\u017cdym miejscu \u2013 po prostu nape\u0142nij, pij i ciesz si\u0119.<\/li>\n<li data-start=\"197\" data-end=\"274\">Wielko\u015b\u0107 por\u00f3w filtra wynosi 0,1 mikrona, co gwarantuje wysok\u0105 skuteczno\u015b\u0107 oczyszczania.<\/li>\n<li data-start=\"197\" data-end=\"274\">Ca\u0142kowita wydajno\u015b\u0107 filtra do 1000 litr\u00f3w, zale\u017cnie od jako\u015bci wody.<\/li>\n<li data-start=\"197\" data-end=\"274\">Przep\u0142yw wody do 2 litr\u00f3w na minut\u0119, \u015bwietnie sprawdza si\u0119 przy aktywnym trybie \u017cycia.<\/li>\n<li data-start=\"197\" data-end=\"274\">Butelka jest sk\u0142adana i wykonana z materia\u0142\u00f3w w 100% wolnych od PVC i BPA.<\/li>\n<li data-start=\"197\" data-end=\"274\">Filtr EZ-Clean Membrane\u2122 jest \u0142atwy do czyszczenia bez u\u017cycia narz\u0119dzi.<\/li>\n<\/ul>\n<p data-start=\"734\" data-end=\"775\">\u2705 Dost\u0119pne w magazynie, szybka dostawa w 1\u20133 dni robocze<\/p>\n","protected":false},"featured_media":37663,"comment_status":"open","ping_status":"closed","template":"","meta":{"_acf_changed":false},"product_brand":[],"product_cat":[303,334,311,301,308],"product_tag":[],"class_list":{"0":"post-49612","1":"product","2":"type-product","3":"status-publish","4":"has-post-thumbnail","6":"product_cat-akcesoria-turystyczne","7":"product_cat-oczyszczanie-wody","8":"product_cat-praktyczne-pomysly-na-prezent","9":"product_cat-sprzet-turystyczny","10":"product_cat-termosy-i-butelki","12":"first","13":"instock","14":"taxable","15":"shipping-taxable","16":"purchasable","17":"product-type-simple"},"bundled_by":[],"bundle_stock_status":"instock","bundle_stock_quantity":4,"bundle_virtual":false,"bundle_layout":"","bundle_add_to_cart_form_location":"","bundle_editable_in_cart":false,"bundle_sold_individually_context":"","bundle_item_grouping":"","bundle_min_size":"","bundle_max_size":"","bundle_price":[],"bundled_items":[],"bundle_sell_ids":[],"acf":[],"yoast_head":"<!-- This site is optimized with the Yoast SEO plugin v27.1.1 - https:\/\/yoast.com\/product\/yoast-seo-wordpress\/ -->\n<title>Filtr do wody Katadyn BeFree 0,6 l z butelk\u0105 (przezroczysty)<\/title>\n<meta name=\"description\" content=\"Lekki i kompaktowy filtr do wody Katadyn idealnie sprawdzi si\u0119 na wyprawie, podczas biegania lub w podr\u00f3\u017cy. Usuwa bakterie i osady, zapewniaj\u0105c czyst\u0105 wod\u0119 pitn\u0105 w ka\u017cdej sytuacji.\" \/>\n<meta name=\"robots\" content=\"index, follow, max-snippet:-1, max-image-preview:large, max-video-preview:-1\" \/>\n<link rel=\"canonical\" href=\"https:\/\/toidupakk.ee\/pl\/toode\/filtr-do-wody-katadyn-befree-06-l-z-butelka-przezroczysty\/\" \/>\n<meta property=\"og:locale\" content=\"pl_PL\" \/>\n<meta property=\"og:type\" content=\"article\" \/>\n<meta property=\"og:title\" content=\"Filtr do wody Katadyn BeFree 0,6 l z butelk\u0105 (przezroczysty)\" \/>\n<meta property=\"og:description\" content=\"Lekki i kompaktowy filtr do wody Katadyn idealnie sprawdzi si\u0119 na wyprawie, podczas biegania lub w podr\u00f3\u017cy. Usuwa bakterie i osady, zapewniaj\u0105c czyst\u0105 wod\u0119 pitn\u0105 w ka\u017cdej sytuacji.\" \/>\n<meta property=\"og:url\" content=\"https:\/\/toidupakk.ee\/pl\/toode\/filtr-do-wody-katadyn-befree-06-l-z-butelka-przezroczysty\/\" \/>\n<meta property=\"og:site_name\" content=\"Toidupakk.ee - Tactical Foodpack toidupakid\" \/>\n<meta property=\"article:publisher\" content=\"https:\/\/www.facebook.com\/Toidupakk\" \/>\n<meta property=\"article:modified_time\" content=\"2026-04-04T02:01:26+00:00\" \/>\n<meta property=\"og:image\" content=\"https:\/\/toidupakk.ee\/wp-content\/uploads\/2025\/07\/1-5.png\" \/>\n\t<meta property=\"og:image:width\" content=\"800\" \/>\n\t<meta property=\"og:image:height\" content=\"800\" \/>\n\t<meta property=\"og:image:type\" content=\"image\/png\" \/>\n<meta name=\"twitter:card\" content=\"summary_large_image\" \/>\n<meta name=\"twitter:label1\" content=\"Szacowany czas czytania\" \/>\n\t<meta name=\"twitter:data1\" content=\"2 minuty\" \/>\n<script type=\"application\/ld+json\" class=\"yoast-schema-graph\">{\"@context\":\"https:\/\/schema.org\",\"@graph\":[{\"@type\":\"WebPage\",\"@id\":\"https:\/\/toidupakk.ee\/pl\/toode\/filtr-do-wody-katadyn-befree-06-l-z-butelka-przezroczysty\/\",\"url\":\"https:\/\/toidupakk.ee\/pl\/toode\/filtr-do-wody-katadyn-befree-06-l-z-butelka-przezroczysty\/\",\"name\":\"Filtr do wody Katadyn BeFree 0,6 l z butelk\u0105 (przezroczysty)\",\"isPartOf\":{\"@id\":\"https:\/\/toidupakk.ee\/pl\/#website\"},\"primaryImageOfPage\":{\"@id\":\"https:\/\/toidupakk.ee\/pl\/toode\/filtr-do-wody-katadyn-befree-06-l-z-butelka-przezroczysty\/#primaryimage\"},\"image\":{\"@id\":\"https:\/\/toidupakk.ee\/pl\/toode\/filtr-do-wody-katadyn-befree-06-l-z-butelka-przezroczysty\/#primaryimage\"},\"thumbnailUrl\":\"https:\/\/toidupakk.ee\/wp-content\/uploads\/2025\/07\/1-5.png\",\"datePublished\":\"2025-07-30T09:12:47+00:00\",\"dateModified\":\"2026-04-04T02:01:26+00:00\",\"description\":\"Lekki i kompaktowy filtr do wody Katadyn idealnie sprawdzi si\u0119 na wyprawie, podczas biegania lub w podr\u00f3\u017cy. Usuwa bakterie i osady, zapewniaj\u0105c czyst\u0105 wod\u0119 pitn\u0105 w ka\u017cdej sytuacji.\",\"breadcrumb\":{\"@id\":\"https:\/\/toidupakk.ee\/pl\/toode\/filtr-do-wody-katadyn-befree-06-l-z-butelka-przezroczysty\/#breadcrumb\"},\"inLanguage\":\"pl-PL\",\"potentialAction\":[{\"@type\":\"ReadAction\",\"target\":[\"https:\/\/toidupakk.ee\/pl\/toode\/filtr-do-wody-katadyn-befree-06-l-z-butelka-przezroczysty\/\"]}]},{\"@type\":\"ImageObject\",\"inLanguage\":\"pl-PL\",\"@id\":\"https:\/\/toidupakk.ee\/pl\/toode\/filtr-do-wody-katadyn-befree-06-l-z-butelka-przezroczysty\/#primaryimage\",\"url\":\"https:\/\/toidupakk.ee\/wp-content\/uploads\/2025\/07\/1-5.png\",\"contentUrl\":\"https:\/\/toidupakk.ee\/wp-content\/uploads\/2025\/07\/1-5.png\",\"width\":800,\"height\":800},{\"@type\":\"BreadcrumbList\",\"@id\":\"https:\/\/toidupakk.ee\/pl\/toode\/filtr-do-wody-katadyn-befree-06-l-z-butelka-przezroczysty\/#breadcrumb\",\"itemListElement\":[{\"@type\":\"ListItem\",\"position\":1,\"name\":\"Avaleht\",\"item\":\"https:\/\/toidupakk.ee\/pl\/\"},{\"@type\":\"ListItem\",\"position\":2,\"name\":\"Sklep internetowy\",\"item\":\"https:\/\/toidupakk.ee\/pl\/sklep-internetowy\/\"},{\"@type\":\"ListItem\",\"position\":3,\"name\":\"Filtr do wody Katadyn BeFree 0,6 l z butelk\u0105 (przezroczysty)\"}]},{\"@type\":\"WebSite\",\"@id\":\"https:\/\/toidupakk.ee\/pl\/#website\",\"url\":\"https:\/\/toidupakk.ee\/pl\/\",\"name\":\"Toidupakk.ee - Tactical Foodpack toidupakid\",\"description\":\"Tactical Foodpack k\u00fclmkuivatatud toidupakid ja matkaeined\",\"publisher\":{\"@id\":\"https:\/\/toidupakk.ee\/pl\/#organization\"},\"potentialAction\":[{\"@type\":\"SearchAction\",\"target\":{\"@type\":\"EntryPoint\",\"urlTemplate\":\"https:\/\/toidupakk.ee\/pl\/?s={search_term_string}\"},\"query-input\":{\"@type\":\"PropertyValueSpecification\",\"valueRequired\":true,\"valueName\":\"search_term_string\"}}],\"inLanguage\":\"pl-PL\"},{\"@type\":\"Organization\",\"@id\":\"https:\/\/toidupakk.ee\/pl\/#organization\",\"name\":\"Tactical Foodpack matkaeined\",\"url\":\"https:\/\/toidupakk.ee\/pl\/\",\"logo\":{\"@type\":\"ImageObject\",\"inLanguage\":\"pl-PL\",\"@id\":\"https:\/\/toidupakk.ee\/pl\/#\/schema\/logo\/image\/\",\"url\":\"https:\/\/toidupakk.ee\/wp-content\/uploads\/2022\/01\/Toidupakk-matkapood-logo-transparent.png\",\"contentUrl\":\"https:\/\/toidupakk.ee\/wp-content\/uploads\/2022\/01\/Toidupakk-matkapood-logo-transparent.png\",\"width\":500,\"height\":500,\"caption\":\"Tactical Foodpack matkaeined\"},\"image\":{\"@id\":\"https:\/\/toidupakk.ee\/pl\/#\/schema\/logo\/image\/\"},\"sameAs\":[\"https:\/\/www.facebook.com\/Toidupakk\",\"https:\/\/www.instagram.com\/toidupakk\/\"]}]}<\/script>\n<!-- \/ Yoast SEO plugin. -->","yoast_head_json":{"title":"Filtr do wody Katadyn BeFree 0,6 l z butelk\u0105 (przezroczysty)","description":"Lekki i kompaktowy filtr do wody Katadyn idealnie sprawdzi si\u0119 na wyprawie, podczas biegania lub w podr\u00f3\u017cy. Usuwa bakterie i osady, zapewniaj\u0105c czyst\u0105 wod\u0119 pitn\u0105 w ka\u017cdej sytuacji.","robots":{"index":"index","follow":"follow","max-snippet":"max-snippet:-1","max-image-preview":"max-image-preview:large","max-video-preview":"max-video-preview:-1"},"canonical":"https:\/\/toidupakk.ee\/pl\/toode\/filtr-do-wody-katadyn-befree-06-l-z-butelka-przezroczysty\/","og_locale":"pl_PL","og_type":"article","og_title":"Filtr do wody Katadyn BeFree 0,6 l z butelk\u0105 (przezroczysty)","og_description":"Lekki i kompaktowy filtr do wody Katadyn idealnie sprawdzi si\u0119 na wyprawie, podczas biegania lub w podr\u00f3\u017cy. Usuwa bakterie i osady, zapewniaj\u0105c czyst\u0105 wod\u0119 pitn\u0105 w ka\u017cdej sytuacji.","og_url":"https:\/\/toidupakk.ee\/pl\/toode\/filtr-do-wody-katadyn-befree-06-l-z-butelka-przezroczysty\/","og_site_name":"Toidupakk.ee - Tactical Foodpack toidupakid","article_publisher":"https:\/\/www.facebook.com\/Toidupakk","article_modified_time":"2026-04-04T02:01:26+00:00","og_image":[{"width":800,"height":800,"url":"https:\/\/toidupakk.ee\/wp-content\/uploads\/2025\/07\/1-5.png","type":"image\/png"}],"twitter_card":"summary_large_image","twitter_misc":{"Szacowany czas czytania":"2 minuty"},"schema":{"@context":"https:\/\/schema.org","@graph":[{"@type":"WebPage","@id":"https:\/\/toidupakk.ee\/pl\/toode\/filtr-do-wody-katadyn-befree-06-l-z-butelka-przezroczysty\/","url":"https:\/\/toidupakk.ee\/pl\/toode\/filtr-do-wody-katadyn-befree-06-l-z-butelka-przezroczysty\/","name":"Filtr do wody Katadyn BeFree 0,6 l z butelk\u0105 (przezroczysty)","isPartOf":{"@id":"https:\/\/toidupakk.ee\/pl\/#website"},"primaryImageOfPage":{"@id":"https:\/\/toidupakk.ee\/pl\/toode\/filtr-do-wody-katadyn-befree-06-l-z-butelka-przezroczysty\/#primaryimage"},"image":{"@id":"https:\/\/toidupakk.ee\/pl\/toode\/filtr-do-wody-katadyn-befree-06-l-z-butelka-przezroczysty\/#primaryimage"},"thumbnailUrl":"https:\/\/toidupakk.ee\/wp-content\/uploads\/2025\/07\/1-5.png","datePublished":"2025-07-30T09:12:47+00:00","dateModified":"2026-04-04T02:01:26+00:00","description":"Lekki i kompaktowy filtr do wody Katadyn idealnie sprawdzi si\u0119 na wyprawie, podczas biegania lub w podr\u00f3\u017cy. Usuwa bakterie i osady, zapewniaj\u0105c czyst\u0105 wod\u0119 pitn\u0105 w ka\u017cdej sytuacji.","breadcrumb":{"@id":"https:\/\/toidupakk.ee\/pl\/toode\/filtr-do-wody-katadyn-befree-06-l-z-butelka-przezroczysty\/#breadcrumb"},"inLanguage":"pl-PL","potentialAction":[{"@type":"ReadAction","target":["https:\/\/toidupakk.ee\/pl\/toode\/filtr-do-wody-katadyn-befree-06-l-z-butelka-przezroczysty\/"]}]},{"@type":"ImageObject","inLanguage":"pl-PL","@id":"https:\/\/toidupakk.ee\/pl\/toode\/filtr-do-wody-katadyn-befree-06-l-z-butelka-przezroczysty\/#primaryimage","url":"https:\/\/toidupakk.ee\/wp-content\/uploads\/2025\/07\/1-5.png","contentUrl":"https:\/\/toidupakk.ee\/wp-content\/uploads\/2025\/07\/1-5.png","width":800,"height":800},{"@type":"BreadcrumbList","@id":"https:\/\/toidupakk.ee\/pl\/toode\/filtr-do-wody-katadyn-befree-06-l-z-butelka-przezroczysty\/#breadcrumb","itemListElement":[{"@type":"ListItem","position":1,"name":"Avaleht","item":"https:\/\/toidupakk.ee\/pl\/"},{"@type":"ListItem","position":2,"name":"Sklep internetowy","item":"https:\/\/toidupakk.ee\/pl\/sklep-internetowy\/"},{"@type":"ListItem","position":3,"name":"Filtr do wody Katadyn BeFree 0,6 l z butelk\u0105 (przezroczysty)"}]},{"@type":"WebSite","@id":"https:\/\/toidupakk.ee\/pl\/#website","url":"https:\/\/toidupakk.ee\/pl\/","name":"Toidupakk.ee - Tactical Foodpack toidupakid","description":"Tactical Foodpack k\u00fclmkuivatatud toidupakid ja matkaeined","publisher":{"@id":"https:\/\/toidupakk.ee\/pl\/#organization"},"potentialAction":[{"@type":"SearchAction","target":{"@type":"EntryPoint","urlTemplate":"https:\/\/toidupakk.ee\/pl\/?s={search_term_string}"},"query-input":{"@type":"PropertyValueSpecification","valueRequired":true,"valueName":"search_term_string"}}],"inLanguage":"pl-PL"},{"@type":"Organization","@id":"https:\/\/toidupakk.ee\/pl\/#organization","name":"Tactical Foodpack matkaeined","url":"https:\/\/toidupakk.ee\/pl\/","logo":{"@type":"ImageObject","inLanguage":"pl-PL","@id":"https:\/\/toidupakk.ee\/pl\/#\/schema\/logo\/image\/","url":"https:\/\/toidupakk.ee\/wp-content\/uploads\/2022\/01\/Toidupakk-matkapood-logo-transparent.png","contentUrl":"https:\/\/toidupakk.ee\/wp-content\/uploads\/2022\/01\/Toidupakk-matkapood-logo-transparent.png","width":500,"height":500,"caption":"Tactical Foodpack matkaeined"},"image":{"@id":"https:\/\/toidupakk.ee\/pl\/#\/schema\/logo\/image\/"},"sameAs":["https:\/\/www.facebook.com\/Toidupakk","https:\/\/www.instagram.com\/toidupakk\/"]}]}},"jetpack_sharing_enabled":true,"_links":{"self":[{"href":"https:\/\/toidupakk.ee\/pl\/wp-json\/wp\/v2\/product\/49612","targetHints":{"allow":["GET"]}}],"collection":[{"href":"https:\/\/toidupakk.ee\/pl\/wp-json\/wp\/v2\/product"}],"about":[{"href":"https:\/\/toidupakk.ee\/pl\/wp-json\/wp\/v2\/types\/product"}],"replies":[{"embeddable":true,"href":"https:\/\/toidupakk.ee\/pl\/wp-json\/wp\/v2\/comments?post=49612"}],"wp:featuredmedia":[{"embeddable":true,"href":"https:\/\/toidupakk.ee\/pl\/wp-json\/wp\/v2\/media\/37663"}],"wp:attachment":[{"href":"https:\/\/toidupakk.ee\/pl\/wp-json\/wp\/v2\/media?parent=49612"}],"wp:term":[{"taxonomy":"product_brand","embeddable":true,"href":"https:\/\/toidupakk.ee\/pl\/wp-json\/wp\/v2\/product_brand?post=49612"},{"taxonomy":"product_cat","embeddable":true,"href":"https:\/\/toidupakk.ee\/pl\/wp-json\/wp\/v2\/product_cat?post=49612"},{"taxonomy":"product_tag","embeddable":true,"href":"https:\/\/toidupakk.ee\/pl\/wp-json\/wp\/v2\/product_tag?post=49612"}],"curies":[{"name":"wp","href":"https:\/\/api.w.org\/{rel}","templated":true}]}}