{"id":49603,"date":"2025-06-16T14:29:15","date_gmt":"2025-06-16T11:29:15","guid":{"rendered":"https:\/\/toidupakk.ee\/toode\/superciastko-power-z-czekolada-i-kokosem\/"},"modified":"2026-04-15T11:31:24","modified_gmt":"2026-04-15T08:31:24","slug":"superciastko-power-z-czekolada-i-kokosem","status":"publish","type":"product","link":"https:\/\/toidupakk.ee\/pl\/toode\/superciastko-power-z-czekolada-i-kokosem\/","title":{"rendered":"Superciastko POWER z czekolad\u0105 i kokosem"},"content":{"rendered":"<h3 data-start=\"44\" data-end=\"135\">Superciastko POWER z czekolad\u0105 i kokosem \u2013 pyszny i po\u017cywny wyb\u00f3r dla aktywnych<\/h3>\n<p data-start=\"137\" data-end=\"421\">Superciastko POWER z czekolad\u0105 i kokosem to idealne ro\u015blinne ciastko energetyczne, stworzone, by wspiera\u0107 aktywny tryb \u017cycia i \u015bwiadome od\u017cywianie. Po\u0142\u0105czenie smak\u00f3w \u2013 kawa\u0142ki ciemnej czekolady i tropikalna nuta kokosa \u2013 sprawia, \u017ce to czysta przyjemno\u015b\u0107 w ka\u017cdej chwili. <\/p>\n<p data-start=\"137\" data-end=\"421\"><img fetchpriority=\"high\" decoding=\"async\" class=\"alignnone wp-image-36369 size-thumbnail\" src=\"https:\/\/toidupakk.ee\/wp-content\/uploads\/2025\/06\/greenbite0751_LAHI_large-500x500.webp\" alt=\"Superciastko POWER z czekolad\u0105 i kokosem\" width=\"500\" height=\"500\" srcset=\"https:\/\/toidupakk.ee\/wp-content\/uploads\/2025\/06\/greenbite0751_LAHI_large-500x500.webp 500w, https:\/\/toidupakk.ee\/wp-content\/uploads\/2025\/06\/greenbite0751_LAHI_large-300x300.webp 300w, https:\/\/toidupakk.ee\/wp-content\/uploads\/2025\/06\/greenbite0751_LAHI_large-400x400.webp 400w, https:\/\/toidupakk.ee\/wp-content\/uploads\/2025\/06\/greenbite0751_LAHI_large-100x100.webp 100w\" sizes=\"(max-width: 500px) 100vw, 500px\" \/><\/p>\n<h3 data-start=\"428\" data-end=\"462\">Pe\u0142noziarnisty i ro\u015blinny sk\u0142ad<\/h3>\n<p data-start=\"464\" data-end=\"501\"><span class=\"relative -mx-px my-[-0.2rem] rounded px-px py-[0.2rem] transition-colors duration-100 ease-in-out\">To ciastko zawiera 14% bia\u0142ka i 18% b\u0142onnika, dzi\u0119ki czemu syci na d\u0142ugo i wspiera regeneracj\u0119 mi\u0119\u015bni. Bogaty sk\u0142ad zapewnia nie tylko przyjemno\u015b\u0107, ale i wysok\u0105 warto\u015b\u0107 od\u017cywcz\u0105. <\/span><\/p>\n<p data-start=\"503\" data-end=\"663\">Witamina B12 pomaga zmniejszy\u0107 zm\u0119czenie i wspiera uk\u0142ad nerwowy \u2013 to nie tylko pyszny, ale i \u015bwiadomy wyb\u00f3r dla zdrowia.<\/p>\n<p data-start=\"665\" data-end=\"702\"><span class=\"relative -mx-px my-[-0.2rem] rounded px-px py-[0.2rem] transition-colors duration-100 ease-in-out\">Produkt zawiera r\u00f3wnie\u017c \u017celazo i kwasy t\u0142uszczowe omega-3, jest bezglutenowy i bez dodatku cukru \u2013 idealny dla tych, kt\u00f3rzy wol\u0105 czyste i smaczne przek\u0105ski.<\/span><\/p>\n<h3 data-start=\"709\" data-end=\"743\">Ekologiczne \u017ar\u00f3d\u0142o bia\u0142ka \u2013 Superciastko POWER z czekolad\u0105 i kokosem<\/h3>\n<p data-start=\"745\" data-end=\"782\"><span class=\"relative -mx-px my-[-0.2rem] rounded px-px py-[0.2rem] transition-colors duration-100 ease-in-out\">Jedn\u0105 z najwa\u017cniejszych zalet superciastka POWER jest ekologiczne \u017ar\u00f3d\u0142o bia\u0142ka \u2013 \u015bwierszcze zu\u017cywaj\u0105 1000\u00d7 mniej wody, 100\u00d7 mniej ziemi i emituj\u0105 100\u00d7 mniej gaz\u00f3w cieplarnianych ni\u017c byd\u0142o. To oznacza, \u017ce dokonujesz \u015bwiadomego i przyjaznego dla planety wyboru, kt\u00f3ry wspiera Twoje cia\u0142o i \u015brodowisko. <\/span><\/p>\n<p data-start=\"745\" data-end=\"782\"><img decoding=\"async\" class=\"alignnone wp-image-36368 size-thumbnail\" src=\"https:\/\/toidupakk.ee\/wp-content\/uploads\/2025\/06\/greenbite0768_huge-500x500.webp\" alt=\"Superciastko POWER-UP z orzeszkami ziemnymi, Superciastko STRENGTH ze s\u0142onym karmelem, Superciastko POWER z czekolad\u0105 i kokosem \" width=\"500\" height=\"500\" srcset=\"https:\/\/toidupakk.ee\/wp-content\/uploads\/2025\/06\/greenbite0768_huge-500x500.webp 500w, https:\/\/toidupakk.ee\/wp-content\/uploads\/2025\/06\/greenbite0768_huge-300x300.webp 300w, https:\/\/toidupakk.ee\/wp-content\/uploads\/2025\/06\/greenbite0768_huge-400x400.webp 400w, https:\/\/toidupakk.ee\/wp-content\/uploads\/2025\/06\/greenbite0768_huge-100x100.webp 100w\" sizes=\"(max-width: 500px) 100vw, 500px\" \/><\/p>\n<h3 data-start=\"79\" data-end=\"116\">M\u0105dra przek\u0105ska na ka\u017cdy dzie\u0144<\/h3>\n<p data-start=\"118\" data-end=\"596\" data-is-last-node=\"\" data-is-only-node=\"\"><strong data-start=\"118\" data-end=\"162\">Superciastko<\/strong> to nie tylko smaczna przek\u0105ska \u2013 to przemy\u015blany wyb\u00f3r dla tych, kt\u00f3rzy oczekuj\u0105 od diety czego\u015b wi\u0119cej. Dzi\u0119ki czystemu sk\u0142adowi, ro\u015blinnemu bia\u0142ku i ekologicznemu \u017ar\u00f3d\u0142u protein, ciastko stanowi sprytn\u0105 i \u015bwiadom\u0105 alternatyw\u0119 dla zwyk\u0142ych przek\u0105sek. Czy to szybkie \u015bniadanie, k\u0119s w przerwie w pracy, czy regeneracja po treningu \u2013 to ciastko pomo\u017ce Ci pozosta\u0107 aktywnym i dba\u0107 o cia\u0142o oraz planet\u0119.  <\/p>\n<p>Interesujesz si\u0119 sprz\u0119tem turystycznym? Dowiedz si\u0119 wi\u0119cej  <a href=\"https:\/\/toidupakk.ee\/pl\/tootekategooria\/sprzet-turystyczny\/#section-3-79\">TUTAJ<\/a><\/p>\n<p>Interesuje Ci\u0119 jedzenie turystyczne \u2013 sprawd\u017a <a href=\"https:\/\/toidupakk.ee\/pl\/tootekategooria\/dania-glowne\/\">TUTAJ<\/a><\/p>\n<p>Znajd\u017a inspiracj\u0119 na kolejne przygody na <a href=\"https:\/\/www.instagram.com\/toidupakk\/\">Instagramie<\/a> i <a href=\"https:\/\/www.facebook.com\/Toidupakk\/\">Facebooku<\/a> Toidupakk.<\/p>\n","protected":false},"excerpt":{"rendered":"<p data-start=\"94\" data-end=\"394\"><strong data-start=\"94\" data-end=\"164\">Ro\u015blinne ciastko energetyczne o g\u0142\u0119bokim smaku ciemnej czekolady i kokosa<\/strong> \u2013 idealna przek\u0105ska dla aktywnych. To mi\u0119kkie superciastko \u0142\u0105czy intensywn\u0105 czekolad\u0119 z tropikalnym kokosem, oferuj\u0105c prawdziw\u0105 przyjemno\u015b\u0107 smaku i warto\u015bci od\u017cywczych. <\/p>\n<ul>\n<li data-start=\"396\" data-end=\"642\">14 g bia\u0142ka ro\u015blinnego na 100 g<\/li>\n<li data-start=\"396\" data-end=\"642\">Mn\u00f3stwo kawa\u0142k\u00f3w ciemnej czekolady<\/li>\n<li data-start=\"396\" data-end=\"642\">Wyborny smak kokosa<\/li>\n<li data-start=\"396\" data-end=\"642\">Wega\u0144skie i bezglutenowe<\/li>\n<li data-start=\"396\" data-end=\"642\">Bez dodatku cukru<\/li>\n<li data-start=\"396\" data-end=\"642\">Wyb\u00f3r przyjazny dla \u015brodowiska<\/li>\n<li data-start=\"396\" data-end=\"642\">Odpowiednie dla sportowc\u00f3w i os\u00f3b aktywnych<\/li>\n<li data-start=\"396\" data-end=\"642\">Idealna przek\u0105ska o ka\u017cdej porze<\/li>\n<\/ul>\n<p data-start=\"644\" data-end=\"692\">\u2705 Dost\u0119pne w magazynie, szybka dostawa w ci\u0105gu 1\u20133 dni roboczych<\/p>\n","protected":false},"featured_media":36367,"comment_status":"open","ping_status":"closed","template":"","meta":{"_acf_changed":false},"product_brand":[],"product_cat":[303,339,322,340,301],"product_tag":[305],"class_list":{"0":"post-49603","1":"product","2":"type-product","3":"status-publish","4":"has-post-thumbnail","6":"product_cat-akcesoria-turystyczne","7":"product_cat-batony-energetyczne","8":"product_cat-przekaski","9":"product_cat-przekaski-ze-swierszczy","10":"product_cat-sprzet-turystyczny","11":"product_tag-no_ads","13":"first","14":"instock","15":"taxable","16":"shipping-taxable","17":"purchasable","18":"product-type-simple"},"bundled_by":[],"bundle_stock_status":"instock","bundle_stock_quantity":8,"bundle_virtual":false,"bundle_layout":"","bundle_add_to_cart_form_location":"","bundle_editable_in_cart":false,"bundle_sold_individually_context":"","bundle_item_grouping":"","bundle_min_size":"","bundle_max_size":"","bundle_price":[],"bundled_items":[],"bundle_sell_ids":[],"acf":[],"yoast_head":"<!-- This site is optimized with the Yoast SEO plugin v27.3 - https:\/\/yoast.com\/product\/yoast-seo-wordpress\/ -->\n<title>Superciastko POWER z czekolad\u0105 i kokosem<\/title>\n<meta name=\"description\" content=\"Superciastko POWER z czekolad\u0105 i kokosem \u2013 zdrowa przek\u0105ska z 14% bia\u0142ka i 18% b\u0142onnika. Pyszny, bezglutenowy i ekologiczny wyb\u00f3r na ka\u017cdy dzie\u0144.\" \/>\n<meta name=\"robots\" content=\"index, follow, max-snippet:-1, max-image-preview:large, max-video-preview:-1\" \/>\n<link rel=\"canonical\" href=\"https:\/\/toidupakk.ee\/pl\/toode\/superciastko-power-z-czekolada-i-kokosem\/\" \/>\n<meta property=\"og:locale\" content=\"pl_PL\" \/>\n<meta property=\"og:type\" content=\"article\" \/>\n<meta property=\"og:title\" content=\"Superciastko POWER z czekolad\u0105 i kokosem\" \/>\n<meta property=\"og:description\" content=\"Superciastko POWER z czekolad\u0105 i kokosem \u2013 zdrowa przek\u0105ska z 14% bia\u0142ka i 18% b\u0142onnika. Pyszny, bezglutenowy i ekologiczny wyb\u00f3r na ka\u017cdy dzie\u0144.\" \/>\n<meta property=\"og:url\" content=\"https:\/\/toidupakk.ee\/pl\/toode\/superciastko-power-z-czekolada-i-kokosem\/\" \/>\n<meta property=\"og:site_name\" content=\"Toidupakk.ee - Tactical Foodpack toidupakid\" \/>\n<meta property=\"article:publisher\" content=\"https:\/\/www.facebook.com\/Toidupakk\" \/>\n<meta property=\"article:modified_time\" content=\"2026-04-15T08:31:24+00:00\" \/>\n<meta property=\"og:image\" content=\"https:\/\/toidupakk.ee\/wp-content\/uploads\/2025\/06\/Nimetu-kujundus-20.png\" \/>\n\t<meta property=\"og:image:width\" content=\"800\" \/>\n\t<meta property=\"og:image:height\" content=\"800\" \/>\n\t<meta property=\"og:image:type\" content=\"image\/png\" \/>\n<meta name=\"twitter:card\" content=\"summary_large_image\" \/>\n<meta name=\"twitter:label1\" content=\"Szacowany czas czytania\" \/>\n\t<meta name=\"twitter:data1\" content=\"2 minuty\" \/>\n<script type=\"application\/ld+json\" class=\"yoast-schema-graph\">{\"@context\":\"https:\\\/\\\/schema.org\",\"@graph\":[{\"@type\":\"WebPage\",\"@id\":\"https:\\\/\\\/toidupakk.ee\\\/pl\\\/toode\\\/superciastko-power-z-czekolada-i-kokosem\\\/\",\"url\":\"https:\\\/\\\/toidupakk.ee\\\/pl\\\/toode\\\/superciastko-power-z-czekolada-i-kokosem\\\/\",\"name\":\"Superciastko POWER z czekolad\u0105 i kokosem\",\"isPartOf\":{\"@id\":\"https:\\\/\\\/toidupakk.ee\\\/pl\\\/#website\"},\"primaryImageOfPage\":{\"@id\":\"https:\\\/\\\/toidupakk.ee\\\/pl\\\/toode\\\/superciastko-power-z-czekolada-i-kokosem\\\/#primaryimage\"},\"image\":{\"@id\":\"https:\\\/\\\/toidupakk.ee\\\/pl\\\/toode\\\/superciastko-power-z-czekolada-i-kokosem\\\/#primaryimage\"},\"thumbnailUrl\":\"https:\\\/\\\/toidupakk.ee\\\/wp-content\\\/uploads\\\/2025\\\/06\\\/Nimetu-kujundus-20.png\",\"datePublished\":\"2025-06-16T11:29:15+00:00\",\"dateModified\":\"2026-04-15T08:31:24+00:00\",\"description\":\"Superciastko POWER z czekolad\u0105 i kokosem \u2013 zdrowa przek\u0105ska z 14% bia\u0142ka i 18% b\u0142onnika. Pyszny, bezglutenowy i ekologiczny wyb\u00f3r na ka\u017cdy dzie\u0144.\",\"breadcrumb\":{\"@id\":\"https:\\\/\\\/toidupakk.ee\\\/pl\\\/toode\\\/superciastko-power-z-czekolada-i-kokosem\\\/#breadcrumb\"},\"inLanguage\":\"pl-PL\",\"potentialAction\":[{\"@type\":\"ReadAction\",\"target\":[\"https:\\\/\\\/toidupakk.ee\\\/pl\\\/toode\\\/superciastko-power-z-czekolada-i-kokosem\\\/\"]}]},{\"@type\":\"ImageObject\",\"inLanguage\":\"pl-PL\",\"@id\":\"https:\\\/\\\/toidupakk.ee\\\/pl\\\/toode\\\/superciastko-power-z-czekolada-i-kokosem\\\/#primaryimage\",\"url\":\"https:\\\/\\\/toidupakk.ee\\\/wp-content\\\/uploads\\\/2025\\\/06\\\/Nimetu-kujundus-20.png\",\"contentUrl\":\"https:\\\/\\\/toidupakk.ee\\\/wp-content\\\/uploads\\\/2025\\\/06\\\/Nimetu-kujundus-20.png\",\"width\":800,\"height\":800},{\"@type\":\"BreadcrumbList\",\"@id\":\"https:\\\/\\\/toidupakk.ee\\\/pl\\\/toode\\\/superciastko-power-z-czekolada-i-kokosem\\\/#breadcrumb\",\"itemListElement\":[{\"@type\":\"ListItem\",\"position\":1,\"name\":\"Avaleht\",\"item\":\"https:\\\/\\\/toidupakk.ee\\\/pl\\\/\"},{\"@type\":\"ListItem\",\"position\":2,\"name\":\"Sklep internetowy\",\"item\":\"https:\\\/\\\/toidupakk.ee\\\/pl\\\/sklep-internetowy\\\/\"},{\"@type\":\"ListItem\",\"position\":3,\"name\":\"Superciastko POWER z czekolad\u0105 i kokosem\"}]},{\"@type\":\"WebSite\",\"@id\":\"https:\\\/\\\/toidupakk.ee\\\/pl\\\/#website\",\"url\":\"https:\\\/\\\/toidupakk.ee\\\/pl\\\/\",\"name\":\"Toidupakk.ee - Tactical Foodpack toidupakid\",\"description\":\"Tactical Foodpack k\u00fclmkuivatatud toidupakid ja matkaeined\",\"publisher\":{\"@id\":\"https:\\\/\\\/toidupakk.ee\\\/pl\\\/#organization\"},\"potentialAction\":[{\"@type\":\"SearchAction\",\"target\":{\"@type\":\"EntryPoint\",\"urlTemplate\":\"https:\\\/\\\/toidupakk.ee\\\/pl\\\/?s={search_term_string}\"},\"query-input\":{\"@type\":\"PropertyValueSpecification\",\"valueRequired\":true,\"valueName\":\"search_term_string\"}}],\"inLanguage\":\"pl-PL\"},{\"@type\":\"Organization\",\"@id\":\"https:\\\/\\\/toidupakk.ee\\\/pl\\\/#organization\",\"name\":\"Tactical Foodpack matkaeined\",\"url\":\"https:\\\/\\\/toidupakk.ee\\\/pl\\\/\",\"logo\":{\"@type\":\"ImageObject\",\"inLanguage\":\"pl-PL\",\"@id\":\"https:\\\/\\\/toidupakk.ee\\\/pl\\\/#\\\/schema\\\/logo\\\/image\\\/\",\"url\":\"https:\\\/\\\/toidupakk.ee\\\/wp-content\\\/uploads\\\/2022\\\/01\\\/Toidupakk-matkapood-logo-transparent.png\",\"contentUrl\":\"https:\\\/\\\/toidupakk.ee\\\/wp-content\\\/uploads\\\/2022\\\/01\\\/Toidupakk-matkapood-logo-transparent.png\",\"width\":500,\"height\":500,\"caption\":\"Tactical Foodpack matkaeined\"},\"image\":{\"@id\":\"https:\\\/\\\/toidupakk.ee\\\/pl\\\/#\\\/schema\\\/logo\\\/image\\\/\"},\"sameAs\":[\"https:\\\/\\\/www.facebook.com\\\/Toidupakk\",\"https:\\\/\\\/www.instagram.com\\\/toidupakk\\\/\"]}]}<\/script>\n<!-- \/ Yoast SEO plugin. -->","yoast_head_json":{"title":"Superciastko POWER z czekolad\u0105 i kokosem","description":"Superciastko POWER z czekolad\u0105 i kokosem \u2013 zdrowa przek\u0105ska z 14% bia\u0142ka i 18% b\u0142onnika. Pyszny, bezglutenowy i ekologiczny wyb\u00f3r na ka\u017cdy dzie\u0144.","robots":{"index":"index","follow":"follow","max-snippet":"max-snippet:-1","max-image-preview":"max-image-preview:large","max-video-preview":"max-video-preview:-1"},"canonical":"https:\/\/toidupakk.ee\/pl\/toode\/superciastko-power-z-czekolada-i-kokosem\/","og_locale":"pl_PL","og_type":"article","og_title":"Superciastko POWER z czekolad\u0105 i kokosem","og_description":"Superciastko POWER z czekolad\u0105 i kokosem \u2013 zdrowa przek\u0105ska z 14% bia\u0142ka i 18% b\u0142onnika. Pyszny, bezglutenowy i ekologiczny wyb\u00f3r na ka\u017cdy dzie\u0144.","og_url":"https:\/\/toidupakk.ee\/pl\/toode\/superciastko-power-z-czekolada-i-kokosem\/","og_site_name":"Toidupakk.ee - Tactical Foodpack toidupakid","article_publisher":"https:\/\/www.facebook.com\/Toidupakk","article_modified_time":"2026-04-15T08:31:24+00:00","og_image":[{"width":800,"height":800,"url":"https:\/\/toidupakk.ee\/wp-content\/uploads\/2025\/06\/Nimetu-kujundus-20.png","type":"image\/png"}],"twitter_card":"summary_large_image","twitter_misc":{"Szacowany czas czytania":"2 minuty"},"schema":{"@context":"https:\/\/schema.org","@graph":[{"@type":"WebPage","@id":"https:\/\/toidupakk.ee\/pl\/toode\/superciastko-power-z-czekolada-i-kokosem\/","url":"https:\/\/toidupakk.ee\/pl\/toode\/superciastko-power-z-czekolada-i-kokosem\/","name":"Superciastko POWER z czekolad\u0105 i kokosem","isPartOf":{"@id":"https:\/\/toidupakk.ee\/pl\/#website"},"primaryImageOfPage":{"@id":"https:\/\/toidupakk.ee\/pl\/toode\/superciastko-power-z-czekolada-i-kokosem\/#primaryimage"},"image":{"@id":"https:\/\/toidupakk.ee\/pl\/toode\/superciastko-power-z-czekolada-i-kokosem\/#primaryimage"},"thumbnailUrl":"https:\/\/toidupakk.ee\/wp-content\/uploads\/2025\/06\/Nimetu-kujundus-20.png","datePublished":"2025-06-16T11:29:15+00:00","dateModified":"2026-04-15T08:31:24+00:00","description":"Superciastko POWER z czekolad\u0105 i kokosem \u2013 zdrowa przek\u0105ska z 14% bia\u0142ka i 18% b\u0142onnika. Pyszny, bezglutenowy i ekologiczny wyb\u00f3r na ka\u017cdy dzie\u0144.","breadcrumb":{"@id":"https:\/\/toidupakk.ee\/pl\/toode\/superciastko-power-z-czekolada-i-kokosem\/#breadcrumb"},"inLanguage":"pl-PL","potentialAction":[{"@type":"ReadAction","target":["https:\/\/toidupakk.ee\/pl\/toode\/superciastko-power-z-czekolada-i-kokosem\/"]}]},{"@type":"ImageObject","inLanguage":"pl-PL","@id":"https:\/\/toidupakk.ee\/pl\/toode\/superciastko-power-z-czekolada-i-kokosem\/#primaryimage","url":"https:\/\/toidupakk.ee\/wp-content\/uploads\/2025\/06\/Nimetu-kujundus-20.png","contentUrl":"https:\/\/toidupakk.ee\/wp-content\/uploads\/2025\/06\/Nimetu-kujundus-20.png","width":800,"height":800},{"@type":"BreadcrumbList","@id":"https:\/\/toidupakk.ee\/pl\/toode\/superciastko-power-z-czekolada-i-kokosem\/#breadcrumb","itemListElement":[{"@type":"ListItem","position":1,"name":"Avaleht","item":"https:\/\/toidupakk.ee\/pl\/"},{"@type":"ListItem","position":2,"name":"Sklep internetowy","item":"https:\/\/toidupakk.ee\/pl\/sklep-internetowy\/"},{"@type":"ListItem","position":3,"name":"Superciastko POWER z czekolad\u0105 i kokosem"}]},{"@type":"WebSite","@id":"https:\/\/toidupakk.ee\/pl\/#website","url":"https:\/\/toidupakk.ee\/pl\/","name":"Toidupakk.ee - Tactical Foodpack toidupakid","description":"Tactical Foodpack k\u00fclmkuivatatud toidupakid ja matkaeined","publisher":{"@id":"https:\/\/toidupakk.ee\/pl\/#organization"},"potentialAction":[{"@type":"SearchAction","target":{"@type":"EntryPoint","urlTemplate":"https:\/\/toidupakk.ee\/pl\/?s={search_term_string}"},"query-input":{"@type":"PropertyValueSpecification","valueRequired":true,"valueName":"search_term_string"}}],"inLanguage":"pl-PL"},{"@type":"Organization","@id":"https:\/\/toidupakk.ee\/pl\/#organization","name":"Tactical Foodpack matkaeined","url":"https:\/\/toidupakk.ee\/pl\/","logo":{"@type":"ImageObject","inLanguage":"pl-PL","@id":"https:\/\/toidupakk.ee\/pl\/#\/schema\/logo\/image\/","url":"https:\/\/toidupakk.ee\/wp-content\/uploads\/2022\/01\/Toidupakk-matkapood-logo-transparent.png","contentUrl":"https:\/\/toidupakk.ee\/wp-content\/uploads\/2022\/01\/Toidupakk-matkapood-logo-transparent.png","width":500,"height":500,"caption":"Tactical Foodpack matkaeined"},"image":{"@id":"https:\/\/toidupakk.ee\/pl\/#\/schema\/logo\/image\/"},"sameAs":["https:\/\/www.facebook.com\/Toidupakk","https:\/\/www.instagram.com\/toidupakk\/"]}]}},"jetpack_sharing_enabled":true,"_links":{"self":[{"href":"https:\/\/toidupakk.ee\/pl\/wp-json\/wp\/v2\/product\/49603","targetHints":{"allow":["GET"]}}],"collection":[{"href":"https:\/\/toidupakk.ee\/pl\/wp-json\/wp\/v2\/product"}],"about":[{"href":"https:\/\/toidupakk.ee\/pl\/wp-json\/wp\/v2\/types\/product"}],"replies":[{"embeddable":true,"href":"https:\/\/toidupakk.ee\/pl\/wp-json\/wp\/v2\/comments?post=49603"}],"wp:featuredmedia":[{"embeddable":true,"href":"https:\/\/toidupakk.ee\/pl\/wp-json\/wp\/v2\/media\/36367"}],"wp:attachment":[{"href":"https:\/\/toidupakk.ee\/pl\/wp-json\/wp\/v2\/media?parent=49603"}],"wp:term":[{"taxonomy":"product_brand","embeddable":true,"href":"https:\/\/toidupakk.ee\/pl\/wp-json\/wp\/v2\/product_brand?post=49603"},{"taxonomy":"product_cat","embeddable":true,"href":"https:\/\/toidupakk.ee\/pl\/wp-json\/wp\/v2\/product_cat?post=49603"},{"taxonomy":"product_tag","embeddable":true,"href":"https:\/\/toidupakk.ee\/pl\/wp-json\/wp\/v2\/product_tag?post=49603"}],"curies":[{"name":"wp","href":"https:\/\/api.w.org\/{rel}","templated":true}]}}