{"id":49543,"date":"2025-08-08T17:23:10","date_gmt":"2025-08-08T14:23:10","guid":{"rendered":"https:\/\/toidupakk.ee\/toode\/spiwor-norfin-alpine-comfort-250r\/"},"modified":"2026-04-16T02:31:33","modified_gmt":"2026-04-15T23:31:33","slug":"spiwor-norfin-alpine-comfort-250r","status":"publish","type":"product","link":"https:\/\/toidupakk.ee\/pl\/toode\/spiwor-norfin-alpine-comfort-250r\/","title":{"rendered":"\u015apiw\u00f3r Norfin ALPINE COMFORT 250R"},"content":{"rendered":"<h1 data-start=\"214\" data-end=\"279\"><strong data-start=\"218\" data-end=\"279\">Doskona\u0142y towarzysz na ciep\u0142e dni \u2013 \u015bpiw\u00f3r Norfin ALPINE COMFORT 250R<\/strong><\/h1>\n<p data-start=\"281\" data-end=\"668\"><strong data-start=\"281\" data-end=\"323\">\u015apiw\u00f3r Norfin ALPINE COMFORT 250R<\/strong> to wszechstronny, lekki i praktyczny model, idealny na trekking, kemping, festiwale lub do u\u017cytku w domku letniskowym w ciep\u0142e pory roku. Nale\u017cy do kolekcji FAMILY, co oznacza, \u017ce zosta\u0142 zaprojektowany z my\u015bl\u0105 o komforcie i \u0142atwo\u015bci u\u017cytkowania \u2013 szczeg\u00f3lnie dla rodzin i turyst\u00f3w rekreacyjnych. Przeznaczony do u\u017cytku w zakresie temperatur od 0 do +20 \u00b0C. To sprawia, \u017ce jest idealnym wyborem na letnie noce, kiedy dni s\u0105 ciep\u0142e, ale noc\u0105 temperatura spada. W takich warunkach ujawnia si\u0119 jego prawdziwa warto\u015b\u0107 \u2013 utrzymuje stabiln\u0105 temperatur\u0119 cia\u0142a, zapewniaj\u0105c dobry sen na \u0142onie natury.    <\/p>\n<p data-start=\"281\" data-end=\"668\"><img fetchpriority=\"high\" decoding=\"async\" class=\"alignnone wp-image-37905 size-thumbnail\" src=\"https:\/\/toidupakk.ee\/wp-content\/uploads\/2025\/08\/3-500x500.png\" alt=\"\u015apiw\u00f3r Norfin ALPINE COMFORT 250R spakowany w worek kompresyjny \u2013 lekki i kompaktowy \u015bpiw\u00f3r letni na wyprawy i kemping.\" width=\"500\" height=\"500\" srcset=\"https:\/\/toidupakk.ee\/wp-content\/uploads\/2025\/08\/3-500x500.png 500w, https:\/\/toidupakk.ee\/wp-content\/uploads\/2025\/08\/3-300x300.png 300w, https:\/\/toidupakk.ee\/wp-content\/uploads\/2025\/08\/3-768x768.png 768w, https:\/\/toidupakk.ee\/wp-content\/uploads\/2025\/08\/3-400x400.png 400w, https:\/\/toidupakk.ee\/wp-content\/uploads\/2025\/08\/3-100x100.png 100w, https:\/\/toidupakk.ee\/wp-content\/uploads\/2025\/08\/3.png 800w\" sizes=\"(max-width: 500px) 100vw, 500px\" \/><\/p>\n<h2 data-start=\"1062\" data-end=\"1123\"><strong data-start=\"1066\" data-end=\"1123\">\u015apiw\u00f3r Norfin ALPINE COMFORT 250R \u2013 wysoka jako\u015b\u0107 wykonania i praktyczne funkcje<\/strong><\/h2>\n<p data-start=\"1125\" data-end=\"1524\">Warstwa zewn\u0119trzna wykonana jest z wytrzyma\u0142ego poliestru 190T, kt\u00f3ry chroni przed wilgoci\u0105 i zu\u017cyciem. Podszewka wewn\u0119trzna to mi\u0119kki poliester 190T Brushed Pongee, przyjemny dla sk\u00f3ry i zwi\u0119kszaj\u0105cy komfort. Jako ocieplin\u0119 zastosowano w\u0142\u00f3kno Hollow Fiber 250 g\/m\u00b2, kt\u00f3re jest lekkie, oddychaj\u0105ce i dobrze zatrzymuje ciep\u0142o. Takie wype\u0142nienie jest cenione za praktyczno\u015b\u0107 i trwa\u0142o\u015b\u0107.   <\/p>\n<p data-start=\"1526\" data-end=\"1959\">Dodatkowym atutem <strong data-start=\"1545\" data-end=\"1587\">\u015bpiwora Norfin ALPINE COMFORT 250R<\/strong> jest prawostronny zamek b\u0142yskawiczny z listw\u0105 termiczn\u0105 i systemem zapobiegaj\u0105cym wcinaniu si\u0119 materia\u0142u. Uchwyt przy zamku u\u0142atwia otwieranie i zamykanie nawet w ch\u0142odzie lub ciemno\u015bci. Ponadto \u015bpiw\u00f3r mo\u017cna po\u0142\u0105czy\u0107 z drugim \u2013 z lewym zamkiem \u2013 tworz\u0105c wi\u0119ksz\u0105, wsp\u00f3ln\u0105 przestrze\u0144 do spania. Jest to szczeg\u00f3lnie przydatne dla par lub rodzic\u00f3w z dzie\u0107mi.   <\/p>\n<h2 data-start=\"1966\" data-end=\"2016\"><strong data-start=\"1970\" data-end=\"2016\">Kompaktowy i por\u0119czny towarzysz wypraw<\/strong><\/h2>\n<p data-start=\"2018\" data-end=\"2277\">\u015apiw\u00f3r wa\u017cy zaledwie 1,5 kg, a jego wymiary transportowe s\u0105 bardzo kompaktowe \u2013 tylko 23 x 39 cm. Do\u0142\u0105czony worek kompresyjny jeszcze bardziej u\u0142atwia przenoszenie, zajmuj\u0105c minimaln\u0105 ilo\u015b\u0107 miejsca w plecaku lub aucie. <\/p>\n<p data-start=\"2279\" data-end=\"2558\">Je\u015bli szukasz niezawodnego i wygodnego \u015bpiwora letniego w przyst\u0119pnej cenie, <strong data-start=\"2358\" data-end=\"2400\">ALPINE COMFORT 250R<\/strong> b\u0119dzie doskona\u0142ym wyborem. \u0141\u0105czy w sobie praktyczno\u015b\u0107, wysokiej jako\u015bci materia\u0142y i przemy\u015blany design \u2013 wszystko, czego najbardziej potrzebujesz na \u0142onie natury. <\/p>\n<h3>Dane produktu<\/h3>\n<h3>Dane produktu: \u015apiw\u00f3r Norfin ALPINE COMFORT 250R<\/h3>\n<table style=\"width: 646px; border-collapse: collapse; border: 2px solid #000000; height: 451px;\">\n<thead>\n<tr>\n<th style=\"border: 2px solid #000; padding: 8px;\">Cecha<\/th>\n<th style=\"border: 2px solid #000; padding: 8px;\">Opis<\/th>\n<\/tr>\n<\/thead>\n<tbody>\n<tr>\n<td style=\"border: 2px solid #000; padding: 8px;\">Typ<\/td>\n<td style=\"border: 2px solid #000; padding: 8px;\">Ko\u0142dra (blanket)<\/td>\n<\/tr>\n<tr>\n<td style=\"border: 2px solid #000; padding: 8px;\">D\u0142ugo\u015b\u0107<\/td>\n<td style=\"border: 2px solid #000; padding: 8px;\">200 cm<\/td>\n<\/tr>\n<tr>\n<td style=\"border: 2px solid #000; padding: 8px;\">Szeroko\u015b\u0107<\/td>\n<td style=\"border: 2px solid #000; padding: 8px;\">80 cm<\/td>\n<\/tr>\n<tr>\n<td style=\"border: 2px solid #000; padding: 8px;\">Waga<\/td>\n<td style=\"border: 2px solid #000; padding: 8px;\">1,50 kg<\/td>\n<\/tr>\n<tr>\n<td style=\"border: 2px solid #000; padding: 8px;\">Materia\u0142 zewn\u0119trzny<\/td>\n<td style=\"border: 2px solid #000; padding: 8px;\">Poliester 190T<\/td>\n<\/tr>\n<tr>\n<td style=\"border: 2px solid #000; padding: 8px;\">Materia\u0142 wewn\u0119trzny<\/td>\n<td style=\"border: 2px solid #000; padding: 8px;\">190T Brushed Pongee<\/td>\n<\/tr>\n<tr>\n<td style=\"border: 2px solid #000; padding: 8px;\">Ocieplina<\/td>\n<td style=\"border: 2px solid #000; padding: 8px;\">Hollow fiber 250 g\/m\u00b2<\/td>\n<\/tr>\n<tr>\n<td style=\"border: 2px solid #000; padding: 8px;\">Po spakowaniu<\/td>\n<td style=\"border: 2px solid #000; padding: 8px;\">23 \u00d7 39 cm<\/td>\n<\/tr>\n<tr>\n<td style=\"border: 2px solid #000; padding: 8px;\">Zakres temperatur<\/td>\n<td style=\"border: 2px solid #000; padding: 8px;\">od 0 \u00b0C do +20 \u00b0C<\/td>\n<\/tr>\n<tr>\n<td style=\"border: 2px solid #000; padding: 8px;\">Dodatkowe funkcje<\/td>\n<td style=\"border: 2px solid #000; padding: 8px;\">Mo\u017cliwo\u015b\u0107 \u0142\u0105czenia, lekki i kompaktowy,<br \/>\nworek kompresyjny w zestawie<\/td>\n<\/tr>\n<\/tbody>\n<\/table>\n<p>&nbsp;<\/p>\n<p>Zobacz wi\u0119cej sprz\u0119tu turystycznego <a href=\"https:\/\/toidupakk.ee\/pl\/tootekategooria\/sprzet-turystyczny\/#section-3-79\">TUTAJ<\/a><\/p>\n<p>Szukaj inspiracji na kolejne przygody na <a href=\"https:\/\/www.instagram.com\/toidupakk\/\">Instagramie<\/a> i <a href=\"https:\/\/www.facebook.com\/Toidupakk\/\">Facebooku<\/a> Toidupakk.<\/p>\n","protected":false},"excerpt":{"rendered":"<ul>\n<li>\u015apiw\u00f3r Norfin ALPINE COMFORT 250R nale\u017cy do kolekcji FAMILY i jest przeznaczony do u\u017cytku w cieplejszych warunkach (<strong>zakres temperatur od 0 do +20 \u00b0C<\/strong>), idealny na letnie noclegi w terenie.<\/li>\n<li>Typ ko\u0142dra (blanket style)<\/li>\n<li>Materia\u0142 zewn\u0119trzny \u2013 wytrzyma\u0142y poliester 190T chroni przed wilgoci\u0105 i zabrudzeniami.<\/li>\n<li>Materia\u0142 wewn\u0119trzny \u2013 poliester 190T Brushed Pongee zapewnia mi\u0119kko\u015b\u0107 i komfort.<\/li>\n<li>Ocieplina to w\u0142\u00f3kno Hollow Fiber 250 g\/m\u00b2, kt\u00f3re utrzymuje temperatur\u0119 cia\u0142a i oddycha.<\/li>\n<li>Prawostronny zamek z listw\u0105 termiczn\u0105 zatrzymuje ciep\u0142o i zapobiega powstawaniu mostk\u00f3w termicznych.<\/li>\n<li>Przy zamku znajduje si\u0119 ta\u015bma zapobiegaj\u0105ca wcinaniu si\u0119 materia\u0142u w suwak.<\/li>\n<li>Mo\u017cliwo\u015b\u0107 \u0142\u0105czenia \u015bpiwor\u00f3w (zamek lewy i prawy).<\/li>\n<li>W zestawie worek kompresyjny u\u0142atwiaj\u0105cy przechowywanie i transport.<\/li>\n<\/ul>\n<p>Wymiary: d\u0142ugo\u015b\u0107 200 cm, szeroko\u015b\u0107 80 cm, po spakowaniu 23 \u00d7 39 cm, waga 1,5 kg<\/p>\n<p>\u2705 Dost\u0119pny w magazynie, szybka dostawa w 1\u20133 dni robocze<\/p>\n<p>\u2705 Kup teraz, zap\u0142a\u0107 p\u00f3\u017aniej (RRSO 0%)<\/p>\n","protected":false},"featured_media":49545,"comment_status":"open","ping_status":"closed","template":"","meta":{"_acf_changed":false},"product_brand":[],"product_cat":[303,314,331,301],"product_tag":[],"class_list":{"0":"post-49543","1":"product","2":"type-product","3":"status-publish","4":"has-post-thumbnail","6":"product_cat-akcesoria-turystyczne","7":"product_cat-nocowanie-w-naturze","8":"product_cat-spiwory","9":"product_cat-sprzet-turystyczny","11":"first","12":"onbackorder","13":"taxable","14":"shipping-taxable","15":"purchasable","16":"product-type-simple"},"bundled_by":[],"bundle_stock_status":"onbackorder","bundle_stock_quantity":0,"bundle_virtual":false,"bundle_layout":"","bundle_add_to_cart_form_location":"","bundle_editable_in_cart":false,"bundle_sold_individually_context":"","bundle_item_grouping":"","bundle_min_size":"","bundle_max_size":"","bundle_price":[],"bundled_items":[],"bundle_sell_ids":[],"acf":[],"yoast_head":"<!-- This site is optimized with the Yoast SEO plugin v27.3 - https:\/\/yoast.com\/product\/yoast-seo-wordpress\/ -->\n<title>\u015apiw\u00f3r Norfin ALPINE COMFORT 250R<\/title>\n<meta name=\"description\" content=\"Lekki i wygodny \u015bpiw\u00f3r na lato. Norfin ALPINE COMFORT 250R sprawdzi si\u0119 na kempingu, trekkingu i festiwalu. Kompaktowy i wytrzyma\u0142y.\" \/>\n<meta name=\"robots\" content=\"index, follow, max-snippet:-1, max-image-preview:large, max-video-preview:-1\" \/>\n<link rel=\"canonical\" href=\"https:\/\/toidupakk.ee\/pl\/toode\/spiwor-norfin-alpine-comfort-250r\/\" \/>\n<meta property=\"og:locale\" content=\"pl_PL\" \/>\n<meta property=\"og:type\" content=\"article\" \/>\n<meta property=\"og:title\" content=\"\u015apiw\u00f3r Norfin ALPINE COMFORT 250R\" \/>\n<meta property=\"og:description\" content=\"Lekki i wygodny \u015bpiw\u00f3r na lato. Norfin ALPINE COMFORT 250R sprawdzi si\u0119 na kempingu, trekkingu i festiwalu. Kompaktowy i wytrzyma\u0142y.\" \/>\n<meta property=\"og:url\" content=\"https:\/\/toidupakk.ee\/pl\/toode\/spiwor-norfin-alpine-comfort-250r\/\" \/>\n<meta property=\"og:site_name\" content=\"Toidupakk.ee - Tactical Foodpack toidupakid\" \/>\n<meta property=\"article:publisher\" content=\"https:\/\/www.facebook.com\/Toidupakk\" \/>\n<meta property=\"article:modified_time\" content=\"2026-04-15T23:31:33+00:00\" \/>\n<meta property=\"og:image\" content=\"https:\/\/toidupakk.ee\/wp-content\/uploads\/2025\/08\/1.png\" \/>\n\t<meta property=\"og:image:width\" content=\"800\" \/>\n\t<meta property=\"og:image:height\" content=\"800\" \/>\n\t<meta property=\"og:image:type\" content=\"image\/png\" \/>\n<meta name=\"twitter:card\" content=\"summary_large_image\" \/>\n<meta name=\"twitter:label1\" content=\"Szacowany czas czytania\" \/>\n\t<meta name=\"twitter:data1\" content=\"2 minuty\" \/>\n<script type=\"application\/ld+json\" class=\"yoast-schema-graph\">{\"@context\":\"https:\\\/\\\/schema.org\",\"@graph\":[{\"@type\":\"WebPage\",\"@id\":\"https:\\\/\\\/toidupakk.ee\\\/pl\\\/toode\\\/spiwor-norfin-alpine-comfort-250r\\\/\",\"url\":\"https:\\\/\\\/toidupakk.ee\\\/pl\\\/toode\\\/spiwor-norfin-alpine-comfort-250r\\\/\",\"name\":\"\u015apiw\u00f3r Norfin ALPINE COMFORT 250R\",\"isPartOf\":{\"@id\":\"https:\\\/\\\/toidupakk.ee\\\/pl\\\/#website\"},\"primaryImageOfPage\":{\"@id\":\"https:\\\/\\\/toidupakk.ee\\\/pl\\\/toode\\\/spiwor-norfin-alpine-comfort-250r\\\/#primaryimage\"},\"image\":{\"@id\":\"https:\\\/\\\/toidupakk.ee\\\/pl\\\/toode\\\/spiwor-norfin-alpine-comfort-250r\\\/#primaryimage\"},\"thumbnailUrl\":\"https:\\\/\\\/toidupakk.ee\\\/wp-content\\\/uploads\\\/2025\\\/08\\\/1.png\",\"datePublished\":\"2025-08-08T14:23:10+00:00\",\"dateModified\":\"2026-04-15T23:31:33+00:00\",\"description\":\"Lekki i wygodny \u015bpiw\u00f3r na lato. Norfin ALPINE COMFORT 250R sprawdzi si\u0119 na kempingu, trekkingu i festiwalu. Kompaktowy i wytrzyma\u0142y.\",\"breadcrumb\":{\"@id\":\"https:\\\/\\\/toidupakk.ee\\\/pl\\\/toode\\\/spiwor-norfin-alpine-comfort-250r\\\/#breadcrumb\"},\"inLanguage\":\"pl-PL\",\"potentialAction\":[{\"@type\":\"ReadAction\",\"target\":[\"https:\\\/\\\/toidupakk.ee\\\/pl\\\/toode\\\/spiwor-norfin-alpine-comfort-250r\\\/\"]}]},{\"@type\":\"ImageObject\",\"inLanguage\":\"pl-PL\",\"@id\":\"https:\\\/\\\/toidupakk.ee\\\/pl\\\/toode\\\/spiwor-norfin-alpine-comfort-250r\\\/#primaryimage\",\"url\":\"https:\\\/\\\/toidupakk.ee\\\/wp-content\\\/uploads\\\/2025\\\/08\\\/1.png\",\"contentUrl\":\"https:\\\/\\\/toidupakk.ee\\\/wp-content\\\/uploads\\\/2025\\\/08\\\/1.png\",\"width\":800,\"height\":800,\"caption\":\"\u015apiw\u00f3r Norfin ALPINE COMFORT 250R\"},{\"@type\":\"BreadcrumbList\",\"@id\":\"https:\\\/\\\/toidupakk.ee\\\/pl\\\/toode\\\/spiwor-norfin-alpine-comfort-250r\\\/#breadcrumb\",\"itemListElement\":[{\"@type\":\"ListItem\",\"position\":1,\"name\":\"Avaleht\",\"item\":\"https:\\\/\\\/toidupakk.ee\\\/pl\\\/\"},{\"@type\":\"ListItem\",\"position\":2,\"name\":\"Sklep internetowy\",\"item\":\"https:\\\/\\\/toidupakk.ee\\\/pl\\\/sklep-internetowy\\\/\"},{\"@type\":\"ListItem\",\"position\":3,\"name\":\"\u015apiw\u00f3r Norfin ALPINE COMFORT 250R\"}]},{\"@type\":\"WebSite\",\"@id\":\"https:\\\/\\\/toidupakk.ee\\\/pl\\\/#website\",\"url\":\"https:\\\/\\\/toidupakk.ee\\\/pl\\\/\",\"name\":\"Toidupakk.ee - Tactical Foodpack toidupakid\",\"description\":\"Tactical Foodpack k\u00fclmkuivatatud toidupakid ja matkaeined\",\"publisher\":{\"@id\":\"https:\\\/\\\/toidupakk.ee\\\/pl\\\/#organization\"},\"potentialAction\":[{\"@type\":\"SearchAction\",\"target\":{\"@type\":\"EntryPoint\",\"urlTemplate\":\"https:\\\/\\\/toidupakk.ee\\\/pl\\\/?s={search_term_string}\"},\"query-input\":{\"@type\":\"PropertyValueSpecification\",\"valueRequired\":true,\"valueName\":\"search_term_string\"}}],\"inLanguage\":\"pl-PL\"},{\"@type\":\"Organization\",\"@id\":\"https:\\\/\\\/toidupakk.ee\\\/pl\\\/#organization\",\"name\":\"Tactical Foodpack matkaeined\",\"url\":\"https:\\\/\\\/toidupakk.ee\\\/pl\\\/\",\"logo\":{\"@type\":\"ImageObject\",\"inLanguage\":\"pl-PL\",\"@id\":\"https:\\\/\\\/toidupakk.ee\\\/pl\\\/#\\\/schema\\\/logo\\\/image\\\/\",\"url\":\"https:\\\/\\\/toidupakk.ee\\\/wp-content\\\/uploads\\\/2022\\\/01\\\/Toidupakk-matkapood-logo-transparent.png\",\"contentUrl\":\"https:\\\/\\\/toidupakk.ee\\\/wp-content\\\/uploads\\\/2022\\\/01\\\/Toidupakk-matkapood-logo-transparent.png\",\"width\":500,\"height\":500,\"caption\":\"Tactical Foodpack matkaeined\"},\"image\":{\"@id\":\"https:\\\/\\\/toidupakk.ee\\\/pl\\\/#\\\/schema\\\/logo\\\/image\\\/\"},\"sameAs\":[\"https:\\\/\\\/www.facebook.com\\\/Toidupakk\",\"https:\\\/\\\/www.instagram.com\\\/toidupakk\\\/\"]}]}<\/script>\n<!-- \/ Yoast SEO plugin. -->","yoast_head_json":{"title":"\u015apiw\u00f3r Norfin ALPINE COMFORT 250R","description":"Lekki i wygodny \u015bpiw\u00f3r na lato. Norfin ALPINE COMFORT 250R sprawdzi si\u0119 na kempingu, trekkingu i festiwalu. Kompaktowy i wytrzyma\u0142y.","robots":{"index":"index","follow":"follow","max-snippet":"max-snippet:-1","max-image-preview":"max-image-preview:large","max-video-preview":"max-video-preview:-1"},"canonical":"https:\/\/toidupakk.ee\/pl\/toode\/spiwor-norfin-alpine-comfort-250r\/","og_locale":"pl_PL","og_type":"article","og_title":"\u015apiw\u00f3r Norfin ALPINE COMFORT 250R","og_description":"Lekki i wygodny \u015bpiw\u00f3r na lato. Norfin ALPINE COMFORT 250R sprawdzi si\u0119 na kempingu, trekkingu i festiwalu. Kompaktowy i wytrzyma\u0142y.","og_url":"https:\/\/toidupakk.ee\/pl\/toode\/spiwor-norfin-alpine-comfort-250r\/","og_site_name":"Toidupakk.ee - Tactical Foodpack toidupakid","article_publisher":"https:\/\/www.facebook.com\/Toidupakk","article_modified_time":"2026-04-15T23:31:33+00:00","og_image":[{"width":800,"height":800,"url":"https:\/\/toidupakk.ee\/wp-content\/uploads\/2025\/08\/1.png","type":"image\/png"}],"twitter_card":"summary_large_image","twitter_misc":{"Szacowany czas czytania":"2 minuty"},"schema":{"@context":"https:\/\/schema.org","@graph":[{"@type":"WebPage","@id":"https:\/\/toidupakk.ee\/pl\/toode\/spiwor-norfin-alpine-comfort-250r\/","url":"https:\/\/toidupakk.ee\/pl\/toode\/spiwor-norfin-alpine-comfort-250r\/","name":"\u015apiw\u00f3r Norfin ALPINE COMFORT 250R","isPartOf":{"@id":"https:\/\/toidupakk.ee\/pl\/#website"},"primaryImageOfPage":{"@id":"https:\/\/toidupakk.ee\/pl\/toode\/spiwor-norfin-alpine-comfort-250r\/#primaryimage"},"image":{"@id":"https:\/\/toidupakk.ee\/pl\/toode\/spiwor-norfin-alpine-comfort-250r\/#primaryimage"},"thumbnailUrl":"https:\/\/toidupakk.ee\/wp-content\/uploads\/2025\/08\/1.png","datePublished":"2025-08-08T14:23:10+00:00","dateModified":"2026-04-15T23:31:33+00:00","description":"Lekki i wygodny \u015bpiw\u00f3r na lato. Norfin ALPINE COMFORT 250R sprawdzi si\u0119 na kempingu, trekkingu i festiwalu. Kompaktowy i wytrzyma\u0142y.","breadcrumb":{"@id":"https:\/\/toidupakk.ee\/pl\/toode\/spiwor-norfin-alpine-comfort-250r\/#breadcrumb"},"inLanguage":"pl-PL","potentialAction":[{"@type":"ReadAction","target":["https:\/\/toidupakk.ee\/pl\/toode\/spiwor-norfin-alpine-comfort-250r\/"]}]},{"@type":"ImageObject","inLanguage":"pl-PL","@id":"https:\/\/toidupakk.ee\/pl\/toode\/spiwor-norfin-alpine-comfort-250r\/#primaryimage","url":"https:\/\/toidupakk.ee\/wp-content\/uploads\/2025\/08\/1.png","contentUrl":"https:\/\/toidupakk.ee\/wp-content\/uploads\/2025\/08\/1.png","width":800,"height":800,"caption":"\u015apiw\u00f3r Norfin ALPINE COMFORT 250R"},{"@type":"BreadcrumbList","@id":"https:\/\/toidupakk.ee\/pl\/toode\/spiwor-norfin-alpine-comfort-250r\/#breadcrumb","itemListElement":[{"@type":"ListItem","position":1,"name":"Avaleht","item":"https:\/\/toidupakk.ee\/pl\/"},{"@type":"ListItem","position":2,"name":"Sklep internetowy","item":"https:\/\/toidupakk.ee\/pl\/sklep-internetowy\/"},{"@type":"ListItem","position":3,"name":"\u015apiw\u00f3r Norfin ALPINE COMFORT 250R"}]},{"@type":"WebSite","@id":"https:\/\/toidupakk.ee\/pl\/#website","url":"https:\/\/toidupakk.ee\/pl\/","name":"Toidupakk.ee - Tactical Foodpack toidupakid","description":"Tactical Foodpack k\u00fclmkuivatatud toidupakid ja matkaeined","publisher":{"@id":"https:\/\/toidupakk.ee\/pl\/#organization"},"potentialAction":[{"@type":"SearchAction","target":{"@type":"EntryPoint","urlTemplate":"https:\/\/toidupakk.ee\/pl\/?s={search_term_string}"},"query-input":{"@type":"PropertyValueSpecification","valueRequired":true,"valueName":"search_term_string"}}],"inLanguage":"pl-PL"},{"@type":"Organization","@id":"https:\/\/toidupakk.ee\/pl\/#organization","name":"Tactical Foodpack matkaeined","url":"https:\/\/toidupakk.ee\/pl\/","logo":{"@type":"ImageObject","inLanguage":"pl-PL","@id":"https:\/\/toidupakk.ee\/pl\/#\/schema\/logo\/image\/","url":"https:\/\/toidupakk.ee\/wp-content\/uploads\/2022\/01\/Toidupakk-matkapood-logo-transparent.png","contentUrl":"https:\/\/toidupakk.ee\/wp-content\/uploads\/2022\/01\/Toidupakk-matkapood-logo-transparent.png","width":500,"height":500,"caption":"Tactical Foodpack matkaeined"},"image":{"@id":"https:\/\/toidupakk.ee\/pl\/#\/schema\/logo\/image\/"},"sameAs":["https:\/\/www.facebook.com\/Toidupakk","https:\/\/www.instagram.com\/toidupakk\/"]}]}},"jetpack_sharing_enabled":true,"_links":{"self":[{"href":"https:\/\/toidupakk.ee\/pl\/wp-json\/wp\/v2\/product\/49543","targetHints":{"allow":["GET"]}}],"collection":[{"href":"https:\/\/toidupakk.ee\/pl\/wp-json\/wp\/v2\/product"}],"about":[{"href":"https:\/\/toidupakk.ee\/pl\/wp-json\/wp\/v2\/types\/product"}],"replies":[{"embeddable":true,"href":"https:\/\/toidupakk.ee\/pl\/wp-json\/wp\/v2\/comments?post=49543"}],"wp:featuredmedia":[{"embeddable":true,"href":"https:\/\/toidupakk.ee\/pl\/wp-json\/wp\/v2\/media\/49545"}],"wp:attachment":[{"href":"https:\/\/toidupakk.ee\/pl\/wp-json\/wp\/v2\/media?parent=49543"}],"wp:term":[{"taxonomy":"product_brand","embeddable":true,"href":"https:\/\/toidupakk.ee\/pl\/wp-json\/wp\/v2\/product_brand?post=49543"},{"taxonomy":"product_cat","embeddable":true,"href":"https:\/\/toidupakk.ee\/pl\/wp-json\/wp\/v2\/product_cat?post=49543"},{"taxonomy":"product_tag","embeddable":true,"href":"https:\/\/toidupakk.ee\/pl\/wp-json\/wp\/v2\/product_tag?post=49543"}],"curies":[{"name":"wp","href":"https:\/\/api.w.org\/{rel}","templated":true}]}}