{"id":49486,"date":"2025-09-24T16:09:06","date_gmt":"2025-09-24T13:09:06","guid":{"rendered":"https:\/\/toidupakk.ee\/toode\/ogrzewacze-do-rak-matkapro\/"},"modified":"2026-04-16T05:30:59","modified_gmt":"2026-04-16T02:30:59","slug":"ogrzewacze-do-rak-matkapro","status":"publish","type":"product","link":"https:\/\/toidupakk.ee\/pl\/toode\/ogrzewacze-do-rak-matkapro\/","title":{"rendered":"Ogrzewacze do r\u0105k MATKAPRO"},"content":{"rendered":"<h1><img fetchpriority=\"high\" decoding=\"async\" class=\"alignright wp-image-39445 size-thumbnail\" src=\"https:\/\/toidupakk.ee\/wp-content\/uploads\/2025\/09\/Katesoojendajad-MATKAPRO5-500x500.png\" alt=\"ogrzewacze do r\u0105k na zim\u0119\" width=\"500\" height=\"500\" srcset=\"https:\/\/toidupakk.ee\/wp-content\/uploads\/2025\/09\/Katesoojendajad-MATKAPRO5-500x500.png 500w, https:\/\/toidupakk.ee\/wp-content\/uploads\/2025\/09\/Katesoojendajad-MATKAPRO5-300x300.png 300w, https:\/\/toidupakk.ee\/wp-content\/uploads\/2025\/09\/Katesoojendajad-MATKAPRO5-768x768.png 768w, https:\/\/toidupakk.ee\/wp-content\/uploads\/2025\/09\/Katesoojendajad-MATKAPRO5-400x400.png 400w, https:\/\/toidupakk.ee\/wp-content\/uploads\/2025\/09\/Katesoojendajad-MATKAPRO5-100x100.png 100w, https:\/\/toidupakk.ee\/wp-content\/uploads\/2025\/09\/Katesoojendajad-MATKAPRO5.png 800w\" sizes=\"(max-width: 500px) 100vw, 500px\" \/><\/h1>\n<h1>Czym s\u0105 ogrzewacze do r\u0105k?<\/h1>\n<p>Ogrzewacze do r\u0105k zosta\u0142y specjalnie zaprojektowane, aby utrzyma\u0107 ciep\u0142o Twoich d\u0142oni nawet w najtrudniejszych warunkach pogodowych. Te cienkie podk\u0142adki grzewcze wykorzystuj\u0105 zaawansowan\u0105 technologi\u0119, kt\u00f3ra pozwala im emitowa\u0107 ciep\u0142o a\u017c do 8 godzin. Korzystanie z nich jest proste i wygodne \u2013 wystarczy otworzy\u0107 opakowanie, lekko potrz\u0105sn\u0105\u0107 i umie\u015bci\u0107 podk\u0142adki w kieszeni lub r\u0119kawiczce. Wkr\u00f3tce zaczn\u0105 wydziela\u0107 ciep\u0142o, kt\u00f3re utrzyma Twoje r\u0119ce w przyjemnej temperaturze.   <\/p>\n<h2><strong>Jak dzia\u0142aj\u0105 ogrzewacze do r\u0105k?<\/strong><\/h2>\n<p>Ogrzewacze do r\u0105k sk\u0142adaj\u0105 si\u0119 z dw\u00f3ch cz\u0119\u015bci: podk\u0142adki zawieraj\u0105 mieszank\u0119 sproszkowanego \u017celaza, wermikulitu, w\u0119gla aktywnego, soli mineralnej i wody. Gdy mieszanka ta wejdzie w kontakt z tlenem z powietrza, rozpoczyna si\u0119 reakcja egzotermiczna, w wyniku kt\u00f3rej uwalniane jest ciep\u0142o. Woreczek z w\u0142\u00f3kniny charakteryzuje si\u0119 wysok\u0105 przepuszczalno\u015bci\u0105 powietrza i zapobiega wyciekaniu proszku, zapewniaj\u0105c bezpieczne i skuteczne u\u017cytkowanie.  <\/p>\n<p>&nbsp;<\/p>\n<p>&nbsp;<\/p>\n<h3><strong>Instrukcja obs\u0142ugi<\/strong><\/h3>\n<ol>\n<li><strong>Otw\u00f3rz opakowanie:<\/strong> Wyjmij ogrzewacze z opakowania zewn\u0119trznego i pozw\u00f3l im aktywowa\u0107 si\u0119 w kontakcie z powietrzem.<\/li>\n<li><strong>Lekko potrz\u0105\u015bnij:<\/strong> Potrz\u0105\u015bnij lekko ogrzewaczem, aby reakcja termiczna rozpocz\u0119\u0142a si\u0119 szybciej.<\/li>\n<li><strong>Umie\u015b\u0107:<\/strong> W\u0142\u00f3\u017c ogrzewacze do kieszeni, r\u0119kawiczki lub po prostu trzymaj w d\u0142oniach, aby cieszy\u0107 si\u0119 sta\u0142ym ciep\u0142em do 10 godzin.<\/li>\n<li><strong>Ekologiczna utylizacja:<\/strong> Po u\u017cyciu i ostygni\u0119ciu wyrzu\u0107 podk\u0142adki do odpad\u00f3w zmieszanych, poniewa\u017c ich naturalne sk\u0142adniki s\u0105 przyjazne dla \u015brodowiska.<\/li>\n<\/ol>\n<h3><strong>Dla kogo przeznaczone s\u0105 ogrzewacze do r\u0105k?<\/strong><\/h3>\n<p>Ogrzewacze do r\u0105k to idealny wyb\u00f3r dla ka\u017cdego, kto chce zachowa\u0107 ciep\u0142o i komfort nawet w najmro\u017aniejsze dni. Produkt jest przeznaczony dla szerokiego grona u\u017cytkownik\u00f3w, w tym: <\/p>\n<ul>\n<li><strong>Mi\u0142o\u015bnicy zimy:<\/strong> Osoby sp\u0119dzaj\u0105ce du\u017co czasu na zewn\u0105trz w mro\u017an\u0105 pogod\u0119 \u2013 sportowcy, tury\u015bci, narciarze i inni entuzja\u015bci zimy.<\/li>\n<li><strong>Osoby pracuj\u0105ce:<\/strong> Pracownicy budowlani i terenowi, dla kt\u00f3rych ciep\u0142o i komfort s\u0105 kluczowe.<\/li>\n<li><strong>Seniorzy i osoby z przewlek\u0142ym b\u00f3lem:<\/strong> Ogrzewacze pomagaj\u0105 \u0142agodzi\u0107 b\u00f3le reumatyczne, napi\u0119cia mi\u0119\u015bniowe i sztywno\u015b\u0107 staw\u00f3w.<\/li>\n<li><strong>Kobiety:<\/strong> Ogrzewacze \u015bwietnie sprawdzaj\u0105 si\u0119 r\u00f3wnie\u017c przy \u0142agodzeniu b\u00f3l\u00f3w menstruacyjnych.<\/li>\n<\/ul>\n<h3><img decoding=\"async\" class=\"alignright wp-image-39449 size-thumbnail\" src=\"https:\/\/toidupakk.ee\/wp-content\/uploads\/2025\/09\/Katesoojendajad-MATKAPRO-katele-500x500.png\" alt=\"Zastosowanie ogrzewaczy do r\u0105k\" width=\"500\" height=\"500\" srcset=\"https:\/\/toidupakk.ee\/wp-content\/uploads\/2025\/09\/Katesoojendajad-MATKAPRO-katele-500x500.png 500w, https:\/\/toidupakk.ee\/wp-content\/uploads\/2025\/09\/Katesoojendajad-MATKAPRO-katele-300x300.png 300w, https:\/\/toidupakk.ee\/wp-content\/uploads\/2025\/09\/Katesoojendajad-MATKAPRO-katele-768x768.png 768w, https:\/\/toidupakk.ee\/wp-content\/uploads\/2025\/09\/Katesoojendajad-MATKAPRO-katele-400x400.png 400w, https:\/\/toidupakk.ee\/wp-content\/uploads\/2025\/09\/Katesoojendajad-MATKAPRO-katele-100x100.png 100w, https:\/\/toidupakk.ee\/wp-content\/uploads\/2025\/09\/Katesoojendajad-MATKAPRO-katele.png 800w\" sizes=\"(max-width: 500px) 100vw, 500px\" \/><\/h3>\n<h3><strong>Zalety ogrzewaczy do r\u0105k<\/strong><\/h3>\n<ul>\n<li><strong>D\u0142ugi czas dzia\u0142ania:<\/strong> Ogrzewacze zapewniaj\u0105 ciep\u0142o do 10 godzin, gwarantuj\u0105c d\u0142ugotrwa\u0142y komfort.<\/li>\n<li><strong>Ekologiczne sk\u0142adniki:<\/strong> Wykonane z naturalnych materia\u0142\u00f3w, kt\u00f3re s\u0105 bezpieczne i nie zawieraj\u0105 szkodliwych chemikali\u00f3w.<\/li>\n<li><strong>\u0141atwe w u\u017cyciu:<\/strong> Nie wymagaj\u0105 specjalnego przygotowania, wystarczy otworzy\u0107 i cieszy\u0107 si\u0119 ciep\u0142em.<\/li>\n<li><strong>Wszechstronno\u015b\u0107:<\/strong> Nadaj\u0105 si\u0119 do u\u017cytku w r\u0119kawiczkach, kieszeniach, \u015bpiworach lub po prostu w d\u0142oniach.<\/li>\n<\/ul>\n<h3><strong>Dane techniczne<\/strong><\/h3>\n<ul>\n<li><strong>Sk\u0142adniki:<\/strong> Sproszkowane \u017celazo, wermikulit, w\u0119giel aktywny, s\u00f3l mineralna, woda<\/li>\n<li><strong>\u015arednia temperatura:<\/strong> 53\u00b0C<\/li>\n<li><strong>Maksymalna temperatura:<\/strong> 68\u00b0C<\/li>\n<li><strong>Czas dzia\u0142ania:<\/strong> 8\u201310 h<\/li>\n<li><strong>Wymiary:<\/strong> 9 x 5,5 cm<\/li>\n<li><strong>Waga:<\/strong> 40 g\/szt.<\/li>\n<li><strong>Opakowanie:<\/strong> zestaw zawiera 2 podk\u0142adki \u2013 po jednej na ka\u017cd\u0105 d\u0142o\u0144<\/li>\n<li><strong>Kolor:<\/strong> Bia\u0142y<\/li>\n<li><strong>Przechowywanie:<\/strong> Przechowywa\u0107 w ch\u0142odnym, suchym miejscu, z dala od bezpo\u015bredniego \u015bwiat\u0142a s\u0142onecznego<\/li>\n<li><strong>Termin wa\u017cno\u015bci:<\/strong> 2 lata od daty produkcji<\/li>\n<\/ul>\n<h3><strong>Dlaczego warto wybra\u0107 ogrzewacze do r\u0105k?<\/strong><\/h3>\n<p>Niezawodne rozwi\u0105zanie dla tych, kt\u00f3rzy potrzebuj\u0105 sta\u0142ego ciep\u0142a w mro\u017ane dni. Nadaj\u0105 si\u0119 zar\u00f3wno do codziennego u\u017cytku, jak i do specyficznych potrzeb, takich jak \u0142agodzenie b\u00f3l\u00f3w mi\u0119\u015bni i staw\u00f3w. Dzi\u0119ki d\u0142ugiemu czasowi dzia\u0142ania i bezpiecznym sk\u0142adnikom, ogrzewacze do r\u0105k to doskona\u0142y wyb\u00f3r dla ka\u017cdego, kto ceni komfort i jako\u015b\u0107.  <\/p>\n<h3><strong>Zam\u00f3wienie i dostawa<\/strong><\/h3>\n<p>Produkty s\u0105 dost\u0119pne z szybk\u0105 dostaw\u0105 \u2013 w ci\u0105gu zaledwie 1\u20133 dni roboczych. Zawsze utrzymujemy zapasy, aby\u015b m\u00f3g\u0142 cieszy\u0107 si\u0119 ciep\u0142em bez czekania. <\/p>\n<p>Nie pozw\u00f3l, aby mr\u00f3z zepsu\u0142 Ci dzie\u0144 \u2013 wybierz odpowiedni produkt do ogrzewania r\u0105k i ciesz si\u0119 ciep\u0142em przez ca\u0142\u0105 zim\u0119!<\/p>\n<p>Zobacz wi\u0119cej akcesori\u00f3w turystycznych <a href=\"https:\/\/toidupakk.ee\/pl\/tootekategooria\/sprzet-turystyczny\/#section-3-79\">TUTAJ<\/a><\/p>\n<p>Znajd\u017a inspiracj\u0119 na kolejne przygody na <a href=\"https:\/\/www.instagram.com\/toidupakk\/\">Instagramie<\/a> i <a href=\"https:\/\/www.facebook.com\/Toidupakk\/\">Facebooku<\/a> Toidupakk.<\/p>\n","protected":false},"excerpt":{"rendered":"<p><strong>Ogrzewacze do r\u0105k zapewni\u0105 Twoim d\u0142oniom przyjemne ciep\u0142o nawet w najmro\u017aniejsze dni. W 100% naturalne podk\u0142adki s\u0105 przeznaczone do u\u017cytku wewn\u0105trz r\u0119kawiczek, w kieszeni lub po prostu w d\u0142oniach. Grzej\u0105 do 10 godzin. Nie zawieraj\u0105 substancji niebezpiecznych.   <\/strong><\/p>\n<ul>\n<li>Grzej\u0105 <strong>do 8 godzin<\/strong><\/li>\n<li><strong>Aktywuj\u0105 si\u0119 w kontakcie z powietrzem<\/strong> po otwarciu opakowania<\/li>\n<li>Nie zawieraj\u0105 substancji niebezpiecznych<\/li>\n<li>Nie wywo\u0142uj\u0105 alergii<\/li>\n<li>Nadaj\u0105 si\u0119 do u\u017cytku w r\u0119kawiczkach, kieszeniach lub \u015bpiworach<\/li>\n<li><strong>W zestawie 2 podk\u0142adki, czyli 1 para<\/strong><\/li>\n<li>Sk\u0142ad: wermikulit, s\u00f3l, w\u0119giel aktywny, sproszkowane \u017celazo i woda<\/li>\n<li>Wymiary podk\u0142adek: 9 cm x 5,5 cm<\/li>\n<li>Przeznaczone do jednorazowego u\u017cytku, po u\u017cyciu i ostygni\u0119ciu wyrzu\u0107 do odpad\u00f3w zmieszanych<\/li>\n<li>Przechowywanie: w suchym miejscu, z dala od bezpo\u015bredniego \u015bwiat\u0142a s\u0142onecznego<\/li>\n<\/ul>\n<p>\u2705 Dost\u0119pne w magazynie, szybka dostawa w 1\u20133 dni robocze<\/p>\n","protected":false},"featured_media":39444,"comment_status":"open","ping_status":"closed","template":"","meta":{"_acf_changed":false},"product_brand":[],"product_cat":[303,324,325,326,301],"product_tag":[],"class_list":{"0":"post-49486","1":"product","2":"type-product","3":"status-publish","4":"has-post-thumbnail","6":"product_cat-akcesoria-turystyczne","7":"product_cat-elementy-grzewcze","8":"product_cat-ogrzewacze-do-ciala","9":"product_cat-produkty-zimowe","10":"product_cat-sprzet-turystyczny","12":"first","13":"instock","14":"taxable","15":"shipping-taxable","16":"purchasable","17":"product-type-simple"},"bundled_by":[],"bundle_stock_status":"instock","bundle_stock_quantity":3,"bundle_virtual":false,"bundle_layout":"","bundle_add_to_cart_form_location":"","bundle_editable_in_cart":false,"bundle_sold_individually_context":"","bundle_item_grouping":"","bundle_min_size":"","bundle_max_size":"","bundle_price":[],"bundled_items":[],"bundle_sell_ids":[],"acf":[],"yoast_head":"<!-- This site is optimized with the Yoast SEO plugin v27.3 - https:\/\/yoast.com\/product\/yoast-seo-wordpress\/ -->\n<title>Ogrzewacze do r\u0105k MATKAPRO<\/title>\n<meta name=\"description\" content=\"Ogrzewacze do r\u0105k zapewni\u0105 Twoim d\u0142oniom przyjemne ciep\u0142o nawet w najmro\u017aniejsze dni. Grzej\u0105 do 8 godzin. Nie zawieraj\u0105 substancji niebezpiecznych.\" \/>\n<meta name=\"robots\" content=\"index, follow, max-snippet:-1, max-image-preview:large, max-video-preview:-1\" \/>\n<link rel=\"canonical\" href=\"https:\/\/toidupakk.ee\/pl\/toode\/ogrzewacze-do-rak-matkapro\/\" \/>\n<meta property=\"og:locale\" content=\"pl_PL\" \/>\n<meta property=\"og:type\" content=\"article\" \/>\n<meta property=\"og:title\" content=\"Ogrzewacze do r\u0105k MATKAPRO\" \/>\n<meta property=\"og:description\" content=\"Ogrzewacze do r\u0105k zapewni\u0105 Twoim d\u0142oniom przyjemne ciep\u0142o nawet w najmro\u017aniejsze dni. Grzej\u0105 do 8 godzin. Nie zawieraj\u0105 substancji niebezpiecznych.\" \/>\n<meta property=\"og:url\" content=\"https:\/\/toidupakk.ee\/pl\/toode\/ogrzewacze-do-rak-matkapro\/\" \/>\n<meta property=\"og:site_name\" content=\"Toidupakk.ee - Tactical Foodpack toidupakid\" \/>\n<meta property=\"article:publisher\" content=\"https:\/\/www.facebook.com\/Toidupakk\" \/>\n<meta property=\"article:modified_time\" content=\"2026-04-16T02:30:59+00:00\" \/>\n<meta property=\"og:image\" content=\"https:\/\/toidupakk.ee\/wp-content\/uploads\/2025\/09\/Katesoojendajad-MATKAPRO3.png\" \/>\n\t<meta property=\"og:image:width\" content=\"800\" \/>\n\t<meta property=\"og:image:height\" content=\"800\" \/>\n\t<meta property=\"og:image:type\" content=\"image\/png\" \/>\n<meta name=\"twitter:card\" content=\"summary_large_image\" \/>\n<meta name=\"twitter:label1\" content=\"Szacowany czas czytania\" \/>\n\t<meta name=\"twitter:data1\" content=\"3 minuty\" \/>\n<script type=\"application\/ld+json\" class=\"yoast-schema-graph\">{\"@context\":\"https:\\\/\\\/schema.org\",\"@graph\":[{\"@type\":\"WebPage\",\"@id\":\"https:\\\/\\\/toidupakk.ee\\\/pl\\\/toode\\\/ogrzewacze-do-rak-matkapro\\\/\",\"url\":\"https:\\\/\\\/toidupakk.ee\\\/pl\\\/toode\\\/ogrzewacze-do-rak-matkapro\\\/\",\"name\":\"Ogrzewacze do r\u0105k MATKAPRO\",\"isPartOf\":{\"@id\":\"https:\\\/\\\/toidupakk.ee\\\/pl\\\/#website\"},\"primaryImageOfPage\":{\"@id\":\"https:\\\/\\\/toidupakk.ee\\\/pl\\\/toode\\\/ogrzewacze-do-rak-matkapro\\\/#primaryimage\"},\"image\":{\"@id\":\"https:\\\/\\\/toidupakk.ee\\\/pl\\\/toode\\\/ogrzewacze-do-rak-matkapro\\\/#primaryimage\"},\"thumbnailUrl\":\"https:\\\/\\\/toidupakk.ee\\\/wp-content\\\/uploads\\\/2025\\\/09\\\/Katesoojendajad-MATKAPRO3.png\",\"datePublished\":\"2025-09-24T13:09:06+00:00\",\"dateModified\":\"2026-04-16T02:30:59+00:00\",\"description\":\"Ogrzewacze do r\u0105k zapewni\u0105 Twoim d\u0142oniom przyjemne ciep\u0142o nawet w najmro\u017aniejsze dni. Grzej\u0105 do 8 godzin. Nie zawieraj\u0105 substancji niebezpiecznych.\",\"breadcrumb\":{\"@id\":\"https:\\\/\\\/toidupakk.ee\\\/pl\\\/toode\\\/ogrzewacze-do-rak-matkapro\\\/#breadcrumb\"},\"inLanguage\":\"pl-PL\",\"potentialAction\":[{\"@type\":\"ReadAction\",\"target\":[\"https:\\\/\\\/toidupakk.ee\\\/pl\\\/toode\\\/ogrzewacze-do-rak-matkapro\\\/\"]}]},{\"@type\":\"ImageObject\",\"inLanguage\":\"pl-PL\",\"@id\":\"https:\\\/\\\/toidupakk.ee\\\/pl\\\/toode\\\/ogrzewacze-do-rak-matkapro\\\/#primaryimage\",\"url\":\"https:\\\/\\\/toidupakk.ee\\\/wp-content\\\/uploads\\\/2025\\\/09\\\/Katesoojendajad-MATKAPRO3.png\",\"contentUrl\":\"https:\\\/\\\/toidupakk.ee\\\/wp-content\\\/uploads\\\/2025\\\/09\\\/Katesoojendajad-MATKAPRO3.png\",\"width\":800,\"height\":800,\"caption\":\"K\u00e4tesoojendajad komplekt\"},{\"@type\":\"BreadcrumbList\",\"@id\":\"https:\\\/\\\/toidupakk.ee\\\/pl\\\/toode\\\/ogrzewacze-do-rak-matkapro\\\/#breadcrumb\",\"itemListElement\":[{\"@type\":\"ListItem\",\"position\":1,\"name\":\"Avaleht\",\"item\":\"https:\\\/\\\/toidupakk.ee\\\/pl\\\/\"},{\"@type\":\"ListItem\",\"position\":2,\"name\":\"Sklep internetowy\",\"item\":\"https:\\\/\\\/toidupakk.ee\\\/pl\\\/sklep-internetowy\\\/\"},{\"@type\":\"ListItem\",\"position\":3,\"name\":\"Ogrzewacze do r\u0105k MATKAPRO\"}]},{\"@type\":\"WebSite\",\"@id\":\"https:\\\/\\\/toidupakk.ee\\\/pl\\\/#website\",\"url\":\"https:\\\/\\\/toidupakk.ee\\\/pl\\\/\",\"name\":\"Toidupakk.ee - Tactical Foodpack toidupakid\",\"description\":\"Tactical Foodpack k\u00fclmkuivatatud toidupakid ja matkaeined\",\"publisher\":{\"@id\":\"https:\\\/\\\/toidupakk.ee\\\/pl\\\/#organization\"},\"potentialAction\":[{\"@type\":\"SearchAction\",\"target\":{\"@type\":\"EntryPoint\",\"urlTemplate\":\"https:\\\/\\\/toidupakk.ee\\\/pl\\\/?s={search_term_string}\"},\"query-input\":{\"@type\":\"PropertyValueSpecification\",\"valueRequired\":true,\"valueName\":\"search_term_string\"}}],\"inLanguage\":\"pl-PL\"},{\"@type\":\"Organization\",\"@id\":\"https:\\\/\\\/toidupakk.ee\\\/pl\\\/#organization\",\"name\":\"Tactical Foodpack matkaeined\",\"url\":\"https:\\\/\\\/toidupakk.ee\\\/pl\\\/\",\"logo\":{\"@type\":\"ImageObject\",\"inLanguage\":\"pl-PL\",\"@id\":\"https:\\\/\\\/toidupakk.ee\\\/pl\\\/#\\\/schema\\\/logo\\\/image\\\/\",\"url\":\"https:\\\/\\\/toidupakk.ee\\\/wp-content\\\/uploads\\\/2022\\\/01\\\/Toidupakk-matkapood-logo-transparent.png\",\"contentUrl\":\"https:\\\/\\\/toidupakk.ee\\\/wp-content\\\/uploads\\\/2022\\\/01\\\/Toidupakk-matkapood-logo-transparent.png\",\"width\":500,\"height\":500,\"caption\":\"Tactical Foodpack matkaeined\"},\"image\":{\"@id\":\"https:\\\/\\\/toidupakk.ee\\\/pl\\\/#\\\/schema\\\/logo\\\/image\\\/\"},\"sameAs\":[\"https:\\\/\\\/www.facebook.com\\\/Toidupakk\",\"https:\\\/\\\/www.instagram.com\\\/toidupakk\\\/\"]}]}<\/script>\n<!-- \/ Yoast SEO plugin. -->","yoast_head_json":{"title":"Ogrzewacze do r\u0105k MATKAPRO","description":"Ogrzewacze do r\u0105k zapewni\u0105 Twoim d\u0142oniom przyjemne ciep\u0142o nawet w najmro\u017aniejsze dni. Grzej\u0105 do 8 godzin. Nie zawieraj\u0105 substancji niebezpiecznych.","robots":{"index":"index","follow":"follow","max-snippet":"max-snippet:-1","max-image-preview":"max-image-preview:large","max-video-preview":"max-video-preview:-1"},"canonical":"https:\/\/toidupakk.ee\/pl\/toode\/ogrzewacze-do-rak-matkapro\/","og_locale":"pl_PL","og_type":"article","og_title":"Ogrzewacze do r\u0105k MATKAPRO","og_description":"Ogrzewacze do r\u0105k zapewni\u0105 Twoim d\u0142oniom przyjemne ciep\u0142o nawet w najmro\u017aniejsze dni. Grzej\u0105 do 8 godzin. Nie zawieraj\u0105 substancji niebezpiecznych.","og_url":"https:\/\/toidupakk.ee\/pl\/toode\/ogrzewacze-do-rak-matkapro\/","og_site_name":"Toidupakk.ee - Tactical Foodpack toidupakid","article_publisher":"https:\/\/www.facebook.com\/Toidupakk","article_modified_time":"2026-04-16T02:30:59+00:00","og_image":[{"width":800,"height":800,"url":"https:\/\/toidupakk.ee\/wp-content\/uploads\/2025\/09\/Katesoojendajad-MATKAPRO3.png","type":"image\/png"}],"twitter_card":"summary_large_image","twitter_misc":{"Szacowany czas czytania":"3 minuty"},"schema":{"@context":"https:\/\/schema.org","@graph":[{"@type":"WebPage","@id":"https:\/\/toidupakk.ee\/pl\/toode\/ogrzewacze-do-rak-matkapro\/","url":"https:\/\/toidupakk.ee\/pl\/toode\/ogrzewacze-do-rak-matkapro\/","name":"Ogrzewacze do r\u0105k MATKAPRO","isPartOf":{"@id":"https:\/\/toidupakk.ee\/pl\/#website"},"primaryImageOfPage":{"@id":"https:\/\/toidupakk.ee\/pl\/toode\/ogrzewacze-do-rak-matkapro\/#primaryimage"},"image":{"@id":"https:\/\/toidupakk.ee\/pl\/toode\/ogrzewacze-do-rak-matkapro\/#primaryimage"},"thumbnailUrl":"https:\/\/toidupakk.ee\/wp-content\/uploads\/2025\/09\/Katesoojendajad-MATKAPRO3.png","datePublished":"2025-09-24T13:09:06+00:00","dateModified":"2026-04-16T02:30:59+00:00","description":"Ogrzewacze do r\u0105k zapewni\u0105 Twoim d\u0142oniom przyjemne ciep\u0142o nawet w najmro\u017aniejsze dni. Grzej\u0105 do 8 godzin. Nie zawieraj\u0105 substancji niebezpiecznych.","breadcrumb":{"@id":"https:\/\/toidupakk.ee\/pl\/toode\/ogrzewacze-do-rak-matkapro\/#breadcrumb"},"inLanguage":"pl-PL","potentialAction":[{"@type":"ReadAction","target":["https:\/\/toidupakk.ee\/pl\/toode\/ogrzewacze-do-rak-matkapro\/"]}]},{"@type":"ImageObject","inLanguage":"pl-PL","@id":"https:\/\/toidupakk.ee\/pl\/toode\/ogrzewacze-do-rak-matkapro\/#primaryimage","url":"https:\/\/toidupakk.ee\/wp-content\/uploads\/2025\/09\/Katesoojendajad-MATKAPRO3.png","contentUrl":"https:\/\/toidupakk.ee\/wp-content\/uploads\/2025\/09\/Katesoojendajad-MATKAPRO3.png","width":800,"height":800,"caption":"K\u00e4tesoojendajad komplekt"},{"@type":"BreadcrumbList","@id":"https:\/\/toidupakk.ee\/pl\/toode\/ogrzewacze-do-rak-matkapro\/#breadcrumb","itemListElement":[{"@type":"ListItem","position":1,"name":"Avaleht","item":"https:\/\/toidupakk.ee\/pl\/"},{"@type":"ListItem","position":2,"name":"Sklep internetowy","item":"https:\/\/toidupakk.ee\/pl\/sklep-internetowy\/"},{"@type":"ListItem","position":3,"name":"Ogrzewacze do r\u0105k MATKAPRO"}]},{"@type":"WebSite","@id":"https:\/\/toidupakk.ee\/pl\/#website","url":"https:\/\/toidupakk.ee\/pl\/","name":"Toidupakk.ee - Tactical Foodpack toidupakid","description":"Tactical Foodpack k\u00fclmkuivatatud toidupakid ja matkaeined","publisher":{"@id":"https:\/\/toidupakk.ee\/pl\/#organization"},"potentialAction":[{"@type":"SearchAction","target":{"@type":"EntryPoint","urlTemplate":"https:\/\/toidupakk.ee\/pl\/?s={search_term_string}"},"query-input":{"@type":"PropertyValueSpecification","valueRequired":true,"valueName":"search_term_string"}}],"inLanguage":"pl-PL"},{"@type":"Organization","@id":"https:\/\/toidupakk.ee\/pl\/#organization","name":"Tactical Foodpack matkaeined","url":"https:\/\/toidupakk.ee\/pl\/","logo":{"@type":"ImageObject","inLanguage":"pl-PL","@id":"https:\/\/toidupakk.ee\/pl\/#\/schema\/logo\/image\/","url":"https:\/\/toidupakk.ee\/wp-content\/uploads\/2022\/01\/Toidupakk-matkapood-logo-transparent.png","contentUrl":"https:\/\/toidupakk.ee\/wp-content\/uploads\/2022\/01\/Toidupakk-matkapood-logo-transparent.png","width":500,"height":500,"caption":"Tactical Foodpack matkaeined"},"image":{"@id":"https:\/\/toidupakk.ee\/pl\/#\/schema\/logo\/image\/"},"sameAs":["https:\/\/www.facebook.com\/Toidupakk","https:\/\/www.instagram.com\/toidupakk\/"]}]}},"jetpack_sharing_enabled":true,"_links":{"self":[{"href":"https:\/\/toidupakk.ee\/pl\/wp-json\/wp\/v2\/product\/49486","targetHints":{"allow":["GET"]}}],"collection":[{"href":"https:\/\/toidupakk.ee\/pl\/wp-json\/wp\/v2\/product"}],"about":[{"href":"https:\/\/toidupakk.ee\/pl\/wp-json\/wp\/v2\/types\/product"}],"replies":[{"embeddable":true,"href":"https:\/\/toidupakk.ee\/pl\/wp-json\/wp\/v2\/comments?post=49486"}],"wp:featuredmedia":[{"embeddable":true,"href":"https:\/\/toidupakk.ee\/pl\/wp-json\/wp\/v2\/media\/39444"}],"wp:attachment":[{"href":"https:\/\/toidupakk.ee\/pl\/wp-json\/wp\/v2\/media?parent=49486"}],"wp:term":[{"taxonomy":"product_brand","embeddable":true,"href":"https:\/\/toidupakk.ee\/pl\/wp-json\/wp\/v2\/product_brand?post=49486"},{"taxonomy":"product_cat","embeddable":true,"href":"https:\/\/toidupakk.ee\/pl\/wp-json\/wp\/v2\/product_cat?post=49486"},{"taxonomy":"product_tag","embeddable":true,"href":"https:\/\/toidupakk.ee\/pl\/wp-json\/wp\/v2\/product_tag?post=49486"}],"curies":[{"name":"wp","href":"https:\/\/api.w.org\/{rel}","templated":true}]}}